{"id":98491,"date":"2025-07-04T23:03:13","date_gmt":"2025-07-05T03:03:13","guid":{"rendered":"https:\/\/www.iaff.org\/formulaire-pdhg-lodd-de-lidaho\/"},"modified":"2025-07-04T23:04:55","modified_gmt":"2025-07-05T03:04:55","slug":"formulaire-pdhg-lodd-de-lidaho","status":"publish","type":"page","link":"https:\/\/www.iaff.org\/fr-ca\/formulaire-pdhg-lodd-de-lidaho\/","title":{"rendered":"Formulaire PDHG LODD de l\u2019Idaho"},"content":{"rendered":"<section\n\t class=\"secondary-hero align wp-block-acf-secondary-hero\" id=\"secondary-hero_block_1ac6ac7ecd22fa7152ec706a9e1d4834\">\n\t\n<header\n\tclass=\"w-full u-bg-full-width px-[22px] md:ps-bleed md:pe-0 py-[60px] bg-blue text-white u-has-rivets\"\n\tdata-theme=\"navy\"\n>\n\t<div class=\"flex flex-col !px-0 !max-w-[1440px] w-full lg:!ps-indent\">\n\t\t<div class=\"border-t-[6px] w-full my-0 flex flex-col md:flex-row gap-x-[62px] gap-y-[22px] border-gold\">\n\t\t\t\t\t\t<div class=\"w-full md:w-1\/2 md:py-[45px]\">\n\t\t\t\t<div class=\"max-w-[600px] flex flex-col gap-[22px]\">\n\t\t\t\t\t\t\t\t\t\t\t<h1 class=\"has-[.u-halftone-shadow--dark]:mb-divider has-[.u-halftone-shadow--light]:mb-divider pt-[22px] md:pt-0\">\n\t\t\t\t\t\t\t<span class=\"inline-flex text-heading-200 u-halftone-shadow--light\">\n\t\t\t\t\t\t\t\tFormulaire PDHG LODD de l\u2019Idaho\t\t\t\t\t\t\t<\/span>\n\t\t\t\t\t\t<\/h1>\n\t\t\t\t\t\t\t\t\t\t\t\t\t\t\t\t\t\t\t\t\t\t\t\t\t\t\t\t\t<\/div>\n\t\t\t<\/div>\n\n\t\t<\/div>\n\t\t\t<\/div>\n<\/header>\n<\/section>\n<script>\nvar gform;gform||(document.addEventListener(\"gform_main_scripts_loaded\",function(){gform.scriptsLoaded=!0}),document.addEventListener(\"gform\/theme\/scripts_loaded\",function(){gform.themeScriptsLoaded=!0}),window.addEventListener(\"DOMContentLoaded\",function(){gform.domLoaded=!0}),gform={domLoaded:!1,scriptsLoaded:!1,themeScriptsLoaded:!1,isFormEditor:()=>\"function\"==typeof InitializeEditor,callIfLoaded:function(o){return!(!gform.domLoaded||!gform.scriptsLoaded||!gform.themeScriptsLoaded&&!gform.isFormEditor()||(gform.isFormEditor()&&console.warn(\"The use of gform.initializeOnLoaded() is deprecated in the form editor context and will be removed in Gravity Forms 3.1.\"),o(),0))},initializeOnLoaded:function(o){gform.callIfLoaded(o)||(document.addEventListener(\"gform_main_scripts_loaded\",()=>{gform.scriptsLoaded=!0,gform.callIfLoaded(o)}),document.addEventListener(\"gform\/theme\/scripts_loaded\",()=>{gform.themeScriptsLoaded=!0,gform.callIfLoaded(o)}),window.addEventListener(\"DOMContentLoaded\",()=>{gform.domLoaded=!0,gform.callIfLoaded(o)}))},hooks:{action:{},filter:{}},addAction:function(o,r,e,t){gform.addHook(\"action\",o,r,e,t)},addFilter:function(o,r,e,t){gform.addHook(\"filter\",o,r,e,t)},doAction:function(o){gform.doHook(\"action\",o,arguments)},applyFilters:function(o){return gform.doHook(\"filter\",o,arguments)},removeAction:function(o,r){gform.removeHook(\"action\",o,r)},removeFilter:function(o,r,e){gform.removeHook(\"filter\",o,r,e)},addHook:function(o,r,e,t,n){null==gform.hooks[o][r]&&(gform.hooks[o][r]=[]);var d=gform.hooks[o][r];null==n&&(n=r+\"_\"+d.length),gform.hooks[o][r].push({tag:n,callable:e,priority:t=null==t?10:t})},doHook:function(r,o,e){var t;if(e=Array.prototype.slice.call(e,1),null!=gform.hooks[r][o]&&((o=gform.hooks[r][o]).sort(function(o,r){return o.priority-r.priority}),o.forEach(function(o){\"function\"!=typeof(t=o.callable)&&(t=window[t]),\"action\"==r?t.apply(null,e):e[0]=t.apply(null,e)})),\"filter\"==r)return e[0]},removeHook:function(o,r,t,n){var e;null!=gform.hooks[o][r]&&(e=(e=gform.hooks[o][r]).filter(function(o,r,e){return!!(null!=n&&n!=o.tag||null!=t&&t!=o.priority)}),gform.hooks[o][r]=e)}});\n<\/script>\n\n                <div class='gf_browser_gecko gform_wrapper gravity-theme gform-theme--no-framework' data-form-theme='gravity-theme' data-form-index='0' id='gform_wrapper_54' style='display:none'>\n                        <div class='gform_heading'>\n\t\t\t\t\t\t\t<p class='gform_required_legend'>&quot;<span class=\"gfield_required gfield_required_asterisk\">*<\/span>&quot; indique les champs obligatoires<\/p>\n                        <\/div><form method='post' enctype='multipart\/form-data'  id='gform_54'  action='\/fr-ca\/wp-json\/wp\/v2\/pages\/98491' data-formid='54' novalidate>\t\t\t\t\t<div style=\"display: none !important;\" class=\"akismet-fields-container gf_invisible\" data-prefix=\"ak_\"> \r\n <input type='hidden' class='gforms-pum' value='{\"closepopup\":false,\"closedelay\":0,\"openpopup\":false,\"openpopup_id\":0}' \/>\n\t\t\t\t\t\t<label>&#916;<textarea name=\"ak_hp_textarea\" cols=\"45\" rows=\"8\" maxlength=\"100\"><\/textarea><\/label>\n\t\t\t\t\t\t<input type=\"hidden\" id=\"ak_js_1\" name=\"ak_js\" value=\"97\" \/>\n\t\t\t\t\t\t<script>\ndocument.getElementById( \"ak_js_1\" ).setAttribute( \"value\", ( new Date() ).getTime() );\n<\/script>\n\n\t\t\t\t\t<\/div>\n                        <div class='gform-body gform_body'><div id='gform_fields_54' class='gform_fields top_label form_sublabel_above description_below validation_below'><div id=\"field_54_4\" class=\"gfield gfield--type-text gfield--input-type-text gfield--width-full gfield_contains_required field_sublabel_above gfield--no-description field_description_below field_validation_below gfield_visibility_visible\"  ><label class='gfield_label gform-field-label' for='input_54_4'>Nom local<span class=\"gfield_required\"><span class=\"gfield_required gfield_required_asterisk\">*<\/span><\/span><\/label><div class='ginput_container ginput_container_text'><input name='input_4' id='input_54_4' type='text' value='' class='large'     aria-required=\"true\" aria-invalid=\"false\"   \/><\/div><\/div><div id=\"field_54_6\" class=\"gfield gfield--type-text gfield--input-type-text gfield--width-full gfield_contains_required field_sublabel_above gfield--no-description field_description_below field_validation_below gfield_visibility_visible\"  ><label class='gfield_label gform-field-label' for='input_54_6'>Num\u00e9ro local<span class=\"gfield_required\"><span class=\"gfield_required gfield_required_asterisk\">*<\/span><\/span><\/label><div class='ginput_container ginput_container_text'><input name='input_6' id='input_54_6' type='text' value='' class='large'     aria-required=\"true\" aria-invalid=\"false\"   \/><\/div><\/div><fieldset id=\"field_54_9\" class=\"gfield gfield--type-address gfield--input-type-address gfield--width-full gfield_contains_required field_sublabel_above gfield--no-description field_description_below field_validation_below gfield_visibility_visible\"  ><legend class='gfield_label gform-field-label gfield_label_before_complex' >Adresse<span class=\"gfield_required\"><span class=\"gfield_required gfield_required_asterisk\">*<\/span><\/span><\/legend>    \n                    <div class='ginput_complex ginput_container has_state ginput_container_address gform-grid-row' id='input_54_9' >\n                        <span class='ginput_right address_state ginput_address_state gform-grid-col' id='input_54_9_4_container' >\n                                        <label for='input_54_9_4' id='input_54_9_4_label' class='gform-field-label gform-field-label--type-sub '>Etat \/ Province \/ R\u00e9gion<\/label>\n                                        <input type='text' name='input_9.4' id='input_54_9_4' value=''      aria-required='true'    \/>\n                                      <\/span><input type='hidden' class='gform_hidden' name='input_9.6' id='input_54_9_6' value='United States' \/>\n                    <div class='gf_clear gf_clear_complex'><\/div>\n                <\/div><\/fieldset><div id=\"field_54_2\" class=\"gfield gfield--type-email gfield--input-type-email gfield--width-half gfield_contains_required field_sublabel_above gfield--no-description field_description_below field_validation_below gfield_visibility_visible\"  ><label class='gfield_label gform-field-label' for='input_54_2'>Adresse e-mail<span class=\"gfield_required\"><span class=\"gfield_required gfield_required_asterisk\">*<\/span><\/span><\/label><div class='ginput_container ginput_container_email'>\n                            <input name='input_2' id='input_54_2' type='email' value='' class='large'    aria-required=\"true\" aria-invalid=\"false\"  \/>\n                        <\/div><\/div><div id=\"field_54_8\" class=\"gfield gfield--type-phone gfield--input-type-phone gfield--width-half gfield_contains_required field_sublabel_above gfield--no-description field_description_below field_validation_below gfield_visibility_visible\"  ><label class='gfield_label gform-field-label' for='input_54_8'>Num\u00e9ro de t\u00e9l\u00e9phone cellulaire<span class=\"gfield_required\"><span class=\"gfield_required gfield_required_asterisk\">*<\/span><\/span><\/label><div class='ginput_container ginput_container_phone'><input name='input_8' id='input_54_8' type='tel' value='' class='large'   aria-required=\"true\" aria-invalid=\"false\"   \/><\/div><\/div><div id=\"field_54_28\" class=\"gfield gfield--type-text gfield--input-type-text gfield--width-full gfield_contains_required field_sublabel_above gfield--no-description field_description_below field_validation_below gfield_visibility_visible\"  ><label class='gfield_label gform-field-label' for='input_54_28'>Combien de membres seront pr\u00e9sents?<span class=\"gfield_required\"><span class=\"gfield_required gfield_required_asterisk\">*<\/span><\/span><\/label><div class='ginput_container ginput_container_text'><input name='input_28' id='input_54_28' type='text' value='' class='large'     aria-required=\"true\" aria-invalid=\"false\"   \/><\/div><\/div><fieldset id=\"field_54_31\" class=\"gfield gfield--type-checkbox gfield--type-choice gfield--input-type-checkbox gfield--width-full gfield_contains_required field_sublabel_above gfield--no-description field_description_below field_validation_below gfield_visibility_visible\"  ><legend class='gfield_label gform-field-label gfield_label_before_complex' >Comment allez-vous participer?<span class=\"gfield_required\"><span class=\"gfield_required gfield_required_asterisk\">*<\/span><\/span><\/legend><div class='ginput_container ginput_container_checkbox'><div class='gfield_checkbox gfield_choice--select_all_enabled' id='input_54_31'><div class='gchoice gchoice_54_31_1'>\n\t\t\t\t\t\t\t\t<input class='gfield-choice-input' name='input_31.1' type='checkbox'  value='Uniformed personnel\u00a0'  id='choice_54_31_1'   \/>\n\t\t\t\t\t\t\t\t<label for='choice_54_31_1' id='label_54_31_1' class='gform-field-label gform-field-label--type-inline'>Uniformed personnel\u00a0<\/label>\n\t\t\t\t\t\t\t<\/div><div class='gchoice gchoice_54_31_2'>\n\t\t\t\t\t\t\t\t<input class='gfield-choice-input' name='input_31.2' type='checkbox'  value='Garde d\u2019honneur'  id='choice_54_31_2'   \/>\n\t\t\t\t\t\t\t\t<label for='choice_54_31_2' id='label_54_31_2' class='gform-field-label gform-field-label--type-inline'>Garde d\u2019honneur<\/label>\n\t\t\t\t\t\t\t<\/div><div class='gchoice gchoice_54_31_3'>\n\t\t\t\t\t\t\t\t<input class='gfield-choice-input' name='input_31.3' type='checkbox'  value='Cornemuses et tambours'  id='choice_54_31_3'   \/>\n\t\t\t\t\t\t\t\t<label for='choice_54_31_3' id='label_54_31_3' class='gform-field-label gform-field-label--type-inline'>Cornemuses et tambours<\/label>\n\t\t\t\t\t\t\t<\/div><div class='gchoice gchoice_54_31_4'>\n\t\t\t\t\t\t\t\t<input class='gfield-choice-input' name='input_31.4' type='checkbox'  value='Apparatus\u00a0'  id='choice_54_31_4'   \/>\n\t\t\t\t\t\t\t\t<label for='choice_54_31_4' id='label_54_31_4' class='gform-field-label gform-field-label--type-inline'>Apparatus\u00a0<\/label>\n\t\t\t\t\t\t\t<\/div><div class=\"gfield-choice-toggle-all\"><button type=\"button\" id=\"button_31_select_all\" class=\"gfield_choice_all_toggle gform-theme-button--size-sm\" onclick=\"gformToggleCheckboxes( this )\" data-checked=\"0\" data-label-select=\"Tout s\u00e9lectionner\" data-label-deselect=\"Tout d\u00e9s\u00e9lectionner\">Tout s\u00e9lectionner<\/button><\/div><\/div><\/div><\/fieldset><fieldset id=\"field_54_33\" class=\"gfield gfield--type-multi_choice gfield--type-choice gfield--input-type-radio gfield--width-full field_sublabel_above gfield--no-description field_description_below field_validation_below gfield_visibility_visible gfield--choice-align-vertical\"  ><legend class='gfield_label gform-field-label gfield_label_before_complex' >If you chose Honor Guard, are you bringing colors with harnesses? (only department and Local colors)<\/legend><div class='ginput_container ginput_container_radio'><div class='gfield_radio' id='input_54_33'>\n\t\t\t<div class='gchoice gchoice_54_33_0'>\n\t\t\t\t\t<input class='gfield-choice-input' name='input_33' type='radio' value='Yes'  id='choice_54_33_0' onchange='gformToggleRadioOther( this )'    \/>\n\t\t\t\t\t<label for='choice_54_33_0' id='label_54_33_0' class='gform-field-label gform-field-label--type-inline'>Yes<\/label>\n\t\t\t<\/div>\n\t\t\t<div class='gchoice gchoice_54_33_1'>\n\t\t\t\t\t<input class='gfield-choice-input' name='input_33' type='radio' value='No'  id='choice_54_33_1' onchange='gformToggleRadioOther( this )'    \/>\n\t\t\t\t\t<label for='choice_54_33_1' id='label_54_33_1' class='gform-field-label gform-field-label--type-inline'>No<\/label>\n\t\t\t<\/div><\/div><\/div><\/fieldset><\/div><\/div>\n        <div class='gform-footer gform_footer top_label'> <input type='submit' id='gform_submit_button_54' class='gform_button button' onclick='gform.submission.handleButtonClick(this);' data-submission-type='submit' value='Soumettre'  \/> \n            <input type='hidden' class='gform_hidden' name='gform_submission_method' data-js='gform_submission_method_54' value='postback' \/>\n            <input type='hidden' class='gform_hidden' name='gform_theme' data-js='gform_theme_54' id='gform_theme_54' value='gravity-theme' \/>\n            <input type='hidden' class='gform_hidden' name='gform_style_settings' data-js='gform_style_settings_54' id='gform_style_settings_54' value='{&quot;inputPrimaryColor&quot;:&quot;#204ce5&quot;}' \/>\n            <input type='hidden' class='gform_hidden' name='is_submit_54' value='1' \/>\n            <input type='hidden' class='gform_hidden' name='gform_submit' value='54' \/>\n            \n            <input type='hidden' class='gform_hidden' name='gform_currency' data-currency='USD' value='AiyhI0kgB1SlsmDf4A9ctAiKzP+RAqyv4Ga5fAVymCK++xU09Qrv4w4kA71IYQdPJxjsMqb91PNm0yLdsdltQcKmlmOEHKomDDhXybA274D87Ic=' \/>\n            <input type='hidden' class='gform_hidden' name='gform_unique_id' value='' \/>\n            <input type='hidden' class='gform_hidden' name='state_54' value='WyJ7XCIzMS4xXCI6XCI0MWU2NzY1MDNiZjdkNjI3MDk3NzA3Y2U2MDUwOWNmOFwiLFwiMzEuMlwiOlwiNzEzZTRiNmMzY2MwZTJlZjRhMjNiYjFlNDZjZjhmM2ZcIixcIjMxLjNcIjpcImQ2OTRkYjU4ODNhZGE1NzEzYTFlMTRkNTU1OTc1NzVlXCIsXCIzMS40XCI6XCI5ZTgzMjEyYTI3ODc1OGU2ZDkzMDE2NTRkNGQ1YzdlY1wiLFwiMzNcIjpbXCJjZWMwNzQzYzhkYjkwYzBhMDYzNDY5MDFjYjk3ODQzM1wiLFwiYzJlYjI2NGU2NDA2OGZhNmIyMzg2NjAxYWYwNWY3MGVcIl19IiwiMTY2NjU2ZmM0ZmY0MTc5NmNkZWVmYjJmMjkyMjM4YmUiXQ==' \/>\n            <input type='hidden' autocomplete='off' class='gform_hidden' name='gform_target_page_number_54' id='gform_target_page_number_54' value='0' \/>\n            <input type='hidden' autocomplete='off' class='gform_hidden' name='gform_source_page_number_54' id='gform_source_page_number_54' value='1' \/>\n            <input type='hidden' name='gform_field_values' value='' \/>\n            \n        <\/div>\n                        <\/form>\n                        <\/div><script>\ngform.initializeOnLoaded( function() {gformInitSpinner( 54, 'https:\/\/www.iaff.org\/wp-content\/plugins\/gravityforms\/images\/spinner.svg', true );jQuery('#gform_ajax_frame_54').on('load',function(){var contents = jQuery(this).contents().find('*').html();var is_postback = contents.indexOf('GF_AJAX_POSTBACK') >= 0;if(!is_postback){return;}var form_content = jQuery(this).contents().find('#gform_wrapper_54');var is_confirmation = jQuery(this).contents().find('#gform_confirmation_wrapper_54').length > 0;var is_redirect = contents.indexOf('gformRedirect(){') >= 0;var is_form = form_content.length > 0 && ! is_redirect && ! is_confirmation;var mt = parseInt(jQuery('html').css('margin-top'), 10) + parseInt(jQuery('body').css('margin-top'), 10) + 100;if(is_form){form_content.find('form').css('opacity', 0);jQuery('#gform_wrapper_54').html(form_content.html());if(form_content.hasClass('gform_validation_error')){jQuery('#gform_wrapper_54').addClass('gform_validation_error');} else {jQuery('#gform_wrapper_54').removeClass('gform_validation_error');}setTimeout( function() { \/* delay the scroll by 50 milliseconds to fix a bug in chrome *\/  }, 50 );if(window['gformInitDatepicker']) {gformInitDatepicker();}if(window['gformInitPriceFields']) {gformInitPriceFields();}var current_page = jQuery('#gform_source_page_number_54').val();gformInitSpinner( 54, 'https:\/\/www.iaff.org\/wp-content\/plugins\/gravityforms\/images\/spinner.svg', true );jQuery(document).trigger('gform_page_loaded', [54, current_page]);window['gf_submitting_54'] = false;}else if(!is_redirect){var confirmation_content = jQuery(this).contents().find('.GF_AJAX_POSTBACK').html();if(!confirmation_content){confirmation_content = contents;}jQuery('#gform_wrapper_54').replaceWith(confirmation_content);jQuery(document).trigger('gform_confirmation_loaded', [54]);window['gf_submitting_54'] = false;wp.a11y.speak(jQuery('#gform_confirmation_message_54').text());}else{jQuery('#gform_54').append(contents);if(window['gformRedirect']) {gformRedirect();}}jQuery(document).trigger(\"gform_pre_post_render\", [{ formId: \"54\", currentPage: \"current_page\", abort: function() { this.preventDefault(); } }]);        if (event && event.defaultPrevented) {                return;        }        const gformWrapperDiv = document.getElementById( \"gform_wrapper_54\" );        if ( gformWrapperDiv ) {            const visibilitySpan = document.createElement( \"span\" );            visibilitySpan.id = \"gform_visibility_test_54\";            gformWrapperDiv.insertAdjacentElement( \"afterend\", visibilitySpan );        }        const visibilityTestDiv = document.getElementById( \"gform_visibility_test_54\" );        let postRenderFired = false;        function triggerPostRender() {            if ( postRenderFired ) {                return;            }            postRenderFired = true;            gform.core.triggerPostRenderEvents( 54, current_page );            if ( visibilityTestDiv ) {                visibilityTestDiv.parentNode.removeChild( visibilityTestDiv );            }        }        function debounce( func, wait, immediate ) {            var timeout;            return function() {                var context = this, args = arguments;                var later = function() {                    timeout = null;                    if ( !immediate ) func.apply( context, args );                };                var callNow = immediate && !timeout;                clearTimeout( timeout );                timeout = setTimeout( later, wait );                if ( callNow ) func.apply( context, args );            };        }        const debouncedTriggerPostRender = debounce( function() {            triggerPostRender();        }, 200 );        if ( visibilityTestDiv && visibilityTestDiv.offsetParent === null ) {            const observer = new MutationObserver( ( mutations ) => {                mutations.forEach( ( mutation ) => {                    if ( mutation.type === 'attributes' && visibilityTestDiv.offsetParent !== null ) {                        debouncedTriggerPostRender();                        observer.disconnect();                    }                });            });            observer.observe( document.body, {                attributes: true,                childList: false,                subtree: true,                attributeFilter: [ 'style', 'class' ],            });        } else {            triggerPostRender();        }    } );} );\n<\/script>\n","protected":false},"excerpt":{"rendered":"","protected":false},"featured_media":0,"parent":0,"menu_order":0,"comment_status":"closed","ping_status":"closed","template":"","meta":{"_acf_changed":false,"_searchwp_excluded":"","inline_featured_image":false,"_EventAllDay":false,"_EventTimezone":"","_EventStartDate":"","_EventEndDate":"","_EventStartDateUTC":"","_EventEndDateUTC":"","_EventShowMap":false,"_EventShowMapLink":false,"_EventURL":"","_EventCost":"","_EventCostDescription":"","_EventCurrencySymbol":"","_EventCurrencyCode":"","_EventCurrencyPosition":"","_EventDateTimeSeparator":"","_EventTimeRangeSeparator":"","_EventOrganizerID":[],"_EventVenueID":[],"_OrganizerEmail":"","_OrganizerPhone":"","_OrganizerWebsite":"","_VenueAddress":"","_VenueCity":"","_VenueCountry":"","_VenueProvince":"","_VenueState":"","_VenueZip":"","_VenuePhone":"","_VenueURL":"","_VenueStateProvince":"","_VenueLat":"","_VenueLng":"","_VenueShowMap":false,"_VenueShowMapLink":false,"footnotes":""},"class_list":["post-98491","page","type-page","status-publish","hentry"],"acf":[],"publishpress_future_workflow_manual_trigger":{"enabledWorkflows":[]},"_links":{"self":[{"href":"https:\/\/www.iaff.org\/fr-ca\/wp-json\/wp\/v2\/pages\/98491","targetHints":{"allow":["GET"]}}],"collection":[{"href":"https:\/\/www.iaff.org\/fr-ca\/wp-json\/wp\/v2\/pages"}],"about":[{"href":"https:\/\/www.iaff.org\/fr-ca\/wp-json\/wp\/v2\/types\/page"}],"author":[{"embeddable":true,"href":"https:\/\/www.iaff.org\/fr-ca\/wp-json\/wp\/v2\/users\/5"}],"replies":[{"embeddable":true,"href":"https:\/\/www.iaff.org\/fr-ca\/wp-json\/wp\/v2\/comments?post=98491"}],"version-history":[{"count":0,"href":"https:\/\/www.iaff.org\/fr-ca\/wp-json\/wp\/v2\/pages\/98491\/revisions"}],"wp:attachment":[{"href":"https:\/\/www.iaff.org\/fr-ca\/wp-json\/wp\/v2\/media?parent=98491"}],"curies":[{"name":"wp","href":"https:\/\/api.w.org\/{rel}","templated":true}]}}