{"id":97377,"date":"2025-06-26T12:05:27","date_gmt":"2025-06-26T16:05:27","guid":{"rendered":"https:\/\/www.iaff.org\/maladies-infectieuses\/maladies\/varicelles-varicelle\/"},"modified":"2025-07-09T10:00:04","modified_gmt":"2025-07-09T14:00:04","slug":"varicelles-varicelle","status":"publish","type":"page","link":"https:\/\/www.iaff.org\/fr-ca\/maladies-infectieuses\/maladies\/varicelles-varicelle\/","title":{"rendered":"Varicelles\/varicelle"},"content":{"rendered":"<section\n\t class=\"secondary-hero align wp-block-acf-secondary-hero\" id=\"secondary-hero_block_21a41b07b48c7b19d6cf8377e4ffafb9\">\n\t\n<header\n\tclass=\"w-full u-bg-full-width px-[22px] md:ps-bleed md:pe-0 py-[60px] bg-smoke-5 text-black u-has-rivets u-rivets-dark\"\n\tdata-theme=\"gray\"\n>\n\t<div class=\"flex flex-col !px-0 !max-w-[1440px] w-full lg:!ps-indent\">\n\t\t<div class=\"border-t-[6px] w-full my-0 flex flex-col md:flex-row gap-x-[62px] gap-y-[22px] border-red\">\n\t\t\t\t\t\t<div class=\"w-full md:w-1\/2 md:py-[45px]\">\n\t\t\t\t<div class=\"max-w-[600px] flex flex-col gap-[22px]\">\n\t\t\t\t\t\t\t\t\t\t\t<h1 class=\"has-[.u-halftone-shadow--dark]:mb-divider has-[.u-halftone-shadow--light]:mb-divider pt-[22px] md:pt-0\">\n\t\t\t\t\t\t\t<span class=\"inline-flex text-heading-200 u-halftone-shadow--dark\">\n\t\t\t\t\t\t\t\tVaricelles\/varicelle\t\t\t\t\t\t\t<\/span>\n\t\t\t\t\t\t<\/h1>\n\t\t\t\t\t\t\t\t\t\t\t\t\t\t\t\t\t\t\t\t\t\t\t\t\t\t\t\t\t<\/div>\n\t\t\t<\/div>\n\n\t\t<\/div>\n\t\t\t\t\t<div class=\"order-first flex justify-start w-full pb-[22px]\">\n\t\t\t\t<div\n\tclass=\"wp-block-button is-style-tertiary text-smoke is-style-tertiary-back\"\n>\n\t\t\t<a\n\t\t\thref=\"https:\/\/www.iaff.org\/fr-ca\/maladies-infectieuses\/maladies\/\"\n\t\t\tclass=\"wp-block-button__link wp-element-button group\"\n\t\t\t\t\t>\n\t\t\t<span\n\t\t\tclass=\"decoration-transparent underline underline-offset-2 group-hover:decoration-inherit group-focus-visible:decoration-inherit transition duration-hover\"\n\t\t>\n\t\t\tMaladies infectieuses\t\t<\/span>\n\n\t\t<span\n\t\t\tclass=\"bg-inherit transition-colors duration-hover group-hover:bg-gold group-focus:bg-gold inline-flex rotate-180 order-first\"\n\t\t>\n\t\t\t<svg xmlns=\"http:\/\/www.w3.org\/2000\/svg\" width=\"21\" height=\"22\" fill=\"none\" viewBox=\"0 0 21 22\"><path stroke=\"currentColor\" stroke-linecap=\"round\" stroke-width=\"2\" d=\"M20 20.75L20 2.25L1.5 2.25L1.5 20.75L20 20.75Z\" clip-rule=\"evenodd\"\/><path stroke=\"currentColor\" stroke-linecap=\"square\" stroke-width=\"2\" d=\"M14.0883 11.5L6.66406 11.5\"\/><path stroke=\"currentColor\" stroke-linecap=\"square\" stroke-width=\"2\" d=\"M11.0723 7.75205L14.8363 11.5L11.0723 15.248\"\/><\/svg>\t\t<\/span>\n\t<\/a><\/div>\n\t\t\t<\/div>\n\t\t\t<\/div>\n<\/header>\n<\/section>\n<section\n\t class=\"page-blocks iaff-page-blocks align wp-block-acf-page-blocks\" id=\"page-blocks_block_93f22ff10a9e8dac55c3bcf3bc632242\">\n\t<div class=\"acf-innerblocks-container\">\n<div class=\"wp-block-paragraph \">\n<p>La varicelle, \u00e9galement connue sous le nom de varicelle, est caus\u00e9e par le virus varicelle-zona. Le m\u00eame virus, lorsqu\u2019il r\u00e9cidive, cause le zona, aussi connu sous le nom de zona. Le zona demeure tr\u00e8s courant, survenant chez pr\u00e8s de 1 r\u00e9sident am\u00e9ricain sur 3. Le risque augmente avec l\u2019\u00e2ge.   <\/p>\n<\/div>\n\n\n<h3 class=\"wp-block-heading\">Comment pouvez-vous l\u2019obtenir?<\/h3>\n\n\n<div class=\"wp-block-paragraph \">\n<p>La varicelle est tr\u00e8s contagieuse et se transmet d\u2019une personne \u00e0 l\u2019autre par des gouttelettes respiratoires provenant de la toux ou des \u00e9ternuements, par contact direct et lorsque le virus des l\u00e9sions cutan\u00e9es est en suspension dans l\u2019air. Une personne atteinte de varicelle est contagieuse 1 \u00e0 2 jours avant l\u2019apparition de l\u2019\u00e9ruption cutan\u00e9e et jusqu\u2019\u00e0 ce que toutes les ampoules aient form\u00e9 des cro\u00fbtes. <\/p>\n<\/div>\n\n<section\n\t class=\"section-header mb-10 align wp-block-acf-section-header\" id=\"section-header_block_731b67bbd71a5bb2cdecfb887dad2ac8\">\n\t<div class=\"\">\n\t<div class=\"flex flex-col md:flex-row justify-between max-w-content gap-x-8 md:items-end flex-wrap\">\n\t\t<h2 class=\"text-heading-200 pb-[2px]\">\n\t\t\tSympt\u00f4mes\t\t<\/h2>\n\n\t\t\t\t\t<div class=\"md:order-last w-full\">\n\t\t\t\t\n\t<hr class=\"h-[6px] text-red border-red bg-red w-full my-0\" role=\"presentation\"\/>\n\n\t<div class=\"h-divider w-full bg-halftone-divider bg-right\"><\/div>\n\t\t\t<\/div>\n\t\t\n\t\t\t<\/div>\n<\/div>\n<\/section>\n\n\n<div class=\"wp-block-paragraph \">\n<p>Les sympt\u00f4mes de la varicelle apparaissent de 10 \u00e0 21 jours apr\u00e8s l\u2019exposition au virus et comprennent :<\/p>\n<\/div>\n<\/div><\/section>\n\n<figure class=\"wp-block-image aligncenter size-large is-resized is-style-default\"><img decoding=\"async\" width=\"125\" height=\"150\" src=\"https:\/\/www.iaff.org\/wp-content\/uploads\/2019\/11\/Varicella.jpg\" alt=\"\" class=\"wp-image-9216\" style=\"width:280px\"><\/figure>\n<div class=\"wp-block-paragraph \">\n<p>Fi\u00e8vre\u00c9ruption cutan\u00e9e consistant en des cloques remplies de liquide rouge\u00e2tre; L\u2019\u00e9ruption cutan\u00e9e d\u00e9mange habituellement.  <\/p>\n<\/div><div class=\"wp-block-paragraph \">\n<p>Complications : Infection bact\u00e9rienne de la peau due \u00e0 des cloques ouvertes, \u00e0 une pneumonie et, rarement, \u00e0 une infection du cerveau. Les adolescents et les adultes sont plus \u00e0 risque de contracter une maladie grave. Le zona se pr\u00e9sente avec des cloques dans la distribution d\u2019un nerf sensoriel, de sorte qu\u2019il n\u2019est g\u00e9n\u00e9ralement que d\u2019un seul c\u00f4t\u00e9. Cela peut \u00eatre tr\u00e8s douloureux; La douleur peut persister une fois l\u2019\u00e9ruption cutan\u00e9e r\u00e9solue.   <\/p>\n<\/div><section\n\t class=\"page-blocks iaff-page-blocks align wp-block-acf-page-blocks\" id=\"page-blocks_block_93f22ff10a9e8dac55c3bcf3bc632242\">\n\t<div class=\"acf-innerblocks-container\">\n<section\n\t class=\"section-header mb-10 align wp-block-acf-section-header\" id=\"section-header_block_2ec94ae7502dd90ec682ba255984100f\">\n\t<div class=\"\">\n\t<div class=\"flex flex-col md:flex-row justify-between max-w-content gap-x-8 md:items-end flex-wrap\">\n\t\t<h2 class=\"text-heading-200 pb-[2px]\">\n\t\t\tPr\u00e9vention\t\t<\/h2>\n\n\t\t\t\t\t<div class=\"md:order-last w-full\">\n\t\t\t\t\n\t<hr class=\"h-[6px] text-red border-red bg-red w-full my-0\" role=\"presentation\"\/>\n\n\t<div class=\"h-divider w-full bg-halftone-divider bg-right\"><\/div>\n\t\t\t<\/div>\n\t\t\n\t\t\t<\/div>\n<\/div>\n<\/section>\n\n\n<div class=\"wp-block-paragraph \">\n<p>La varicelle est pr\u00e9venue par la vaccination. \u00c0 l\u2019heure actuelle, deux doses du vaccin sont recommand\u00e9es. Les pompiers et le personnel m\u00e9dical d\u2019urgence devraient \u00eatre vaccin\u00e9s contre la varicelle \u00e0 moins qu\u2019ils n\u2019aient :  <\/p>\n<\/div>\n\n<div class=\"wp-block-list\">\n<ul class=\"wp-block-list\">\n<li>Tests sanguins d\u2019immunit\u00e9 ou confirmation en laboratoire d\u2019ant\u00e9c\u00e9dents de maladie<\/li>\n\n\n\n<li>Diagnostic de varicelle ou de zona par un fournisseur de soins de sant\u00e9<\/li>\n\n\n\n<li>Contre-indication m\u00e9dicale au vaccin (immunosuppression; retard en cas de grossesse ou de transfusion sanguine r\u00e9cente)<\/li>\n<\/ul>\n<\/div>\n\n<div class=\"wp-block-paragraph \">\n<p>Les travailleurs n\u2019ont pas besoin d\u2019\u00eatre exclus du travail dans les jours suivant la vaccination, \u00e0 moins qu\u2019ils ne d\u00e9veloppent une \u00e9ruption cutan\u00e9e.<\/p>\n<\/div>\n\n<div class=\"wp-block-paragraph \">\n<p>Un vaccin contre le zona est \u00e9galement disponible pour les personnes \u00e2g\u00e9es de 60 ans et plus. Cependant, il s\u2019agit d\u2019un vaccin diff\u00e9rent de celui n\u00e9cessaire pour le personnel de sant\u00e9 et n\u2019a aucun r\u00f4le dans la gestion de la varicelle ou du zona apr\u00e8s l\u2019exposition. <\/p>\n<\/div>\n\n<div class=\"wp-block-paragraph \">\n<p>En plus de la vaccination, vous pouvez aider \u00e0 pr\u00e9venir la propagation de la varicelle en :<\/p>\n<\/div>\n\n<div class=\"wp-block-list\">\n<ul class=\"wp-block-list\">\n<li>Ventilation puisque le virus se propage par voie a\u00e9rienne<\/li>\n\n\n\n<li>Pr\u00e9venir la contamination et effectuer la d\u00e9contamination des surfaces<\/li>\n\n\n\n<li>Utiliser les pr\u00e9cautions universelles<div class=\"wp-block-list\">\n<ul class=\"wp-block-list\">\n<li>Supposer que les patients pr\u00e9sentant des sympt\u00f4mes respiratoires sont contagieux et fournir des masques aux patients symptomatiques<\/li>\n\n\n\n<li>Limiter le nombre de membres d\u2019\u00e9quipage ayant des contacts directs avec les patients.<\/li>\n\n\n\n<li>Hygi\u00e8ne des mains (laver \u00e0 l\u2019eau et au savon ou \u00e0 l\u2019aide d\u2019un d\u00e9sinfectant pour les mains \u00e0 base d\u2019alcool)<\/li>\n\n\n\n<li>\u00c9quipement de protection individuelle (EPI) (gants, blouses et protection respiratoire). <strong>l\u2019AIP recommande les respirateurs P100<\/strong> pour tous les patients pr\u00e9sentant des sympt\u00f4mes respiratoires tels que la toux<\/li>\n<\/ul>\n<\/div><\/li>\n<\/ul>\n<\/div>\n\n<section\n\t class=\"section-header mb-10 align wp-block-acf-section-header\" id=\"section-header_block_a29702e7cbbfe988ea410d8126e15948\">\n\t<div class=\"\">\n\t<div class=\"flex flex-col md:flex-row justify-between max-w-content gap-x-8 md:items-end flex-wrap\">\n\t\t<h2 class=\"text-heading-200 pb-[2px]\">\n\t\t\tQue devez-vous faire si vous croyez avoir \u00e9t\u00e9 expos\u00e9?\t\t<\/h2>\n\n\t\t\t\t\t<div class=\"md:order-last w-full\">\n\t\t\t\t\n\t<hr class=\"h-[6px] text-red border-red bg-red w-full my-0\" role=\"presentation\"\/>\n\n\t<div class=\"h-divider w-full bg-halftone-divider bg-right\"><\/div>\n\t\t\t<\/div>\n\t\t\n\t\t\t<\/div>\n<\/div>\n<\/section>\n\n\n<div class=\"wp-block-paragraph \">\n<p>Si vous <strong>n\u2019\u00eates pas immunis\u00e9<\/strong>, vous devriez recevoir le vaccin d\u00e8s que possible dans les 120 heures suivant l\u2019exposition et \u00eatre mis en arr\u00eat de travail \u00e0 partir de 8 jours apr\u00e8s la premi\u00e8re exposition jusqu\u2019\u00e0 21 jours apr\u00e8s la derni\u00e8re exposition, quelle que soit la vaccination post-exposition<\/p>\n<\/div>\n\n<div class=\"wp-block-paragraph \">\n<p>Si vous n\u2019\u00eates pas immunis\u00e9, si vous avez une contre-indication m\u00e9dicale \u00e0 la vaccination et si vous pr\u00e9sentez un risque \u00e9lev\u00e9 de maladie grave et de complications (patients immunod\u00e9prim\u00e9s ou femmes enceintes), vous devriez recevoir l\u2019immunoglobuline varicelle-zona d\u00e8s que possible dans les 96 heures. Vous devez ensuite \u00eatre mis en arr\u00eat de travail \u00e0 partir de 8 jours apr\u00e8s la premi\u00e8re exposition jusqu\u2019\u00e0 28 jours apr\u00e8s la derni\u00e8re exposition. <\/p>\n<\/div>\n\n<div class=\"wp-block-paragraph \">\n<p>Si vous avez d\u00e9j\u00e0 \u00e9t\u00e9 <strong>vaccin\u00e9<\/strong>, vous devez signaler de la fi\u00e8vre, des maux de t\u00eate, des l\u00e9sions cutan\u00e9es et des sympt\u00f4mes syst\u00e9miques du jour 10 au jour 21 apr\u00e8s l\u2019exposition. Vous devriez \u00eatre mis en cong\u00e9 si des sympt\u00f4mes apparaissent. <\/p>\n<\/div>\n\n<div class=\"wp-block-paragraph \">\n<p>En cas d\u2019\u00e9closion de varicelle, les CDC recommandent de fournir une dose suppl\u00e9mentaire du vaccin au personnel de sant\u00e9 qui n\u2019a re\u00e7u qu\u2019une seule dose.<\/p>\n<\/div>\n<\/div><\/section>\n","protected":false},"excerpt":{"rendered":"<p>Fi\u00e8vre\u00c9ruption cutan\u00e9e consistant en des cloques remplies de liquide rouge\u00e2tre; L\u2019\u00e9ruption cutan\u00e9e d\u00e9mange habituellement. Complications : Infection bact\u00e9rienne de la peau due \u00e0 des cloques ouvertes, \u00e0 une pneumonie et, [&hellip;]<\/p>\n","protected":false},"featured_media":0,"parent":71457,"menu_order":0,"comment_status":"closed","ping_status":"closed","template":"","meta":{"_acf_changed":false,"_searchwp_excluded":"","inline_featured_image":false,"_EventAllDay":false,"_EventTimezone":"","_EventStartDate":"","_EventEndDate":"","_EventStartDateUTC":"","_EventEndDateUTC":"","_EventShowMap":false,"_EventShowMapLink":false,"_EventURL":"","_EventCost":"","_EventCostDescription":"","_EventCurrencySymbol":"","_EventCurrencyCode":"","_EventCurrencyPosition":"","_EventDateTimeSeparator":"","_EventTimeRangeSeparator":"","_EventOrganizerID":[],"_EventVenueID":[],"_OrganizerEmail":"","_OrganizerPhone":"","_OrganizerWebsite":"","_VenueAddress":"","_VenueCity":"","_VenueCountry":"","_VenueProvince":"","_VenueState":"","_VenueZip":"","_VenuePhone":"","_VenueURL":"","_VenueStateProvince":"","_VenueLat":"","_VenueLng":"","_VenueShowMap":false,"_VenueShowMapLink":false,"footnotes":""},"class_list":["post-97377","page","type-page","status-publish","hentry"],"acf":[],"publishpress_future_workflow_manual_trigger":{"enabledWorkflows":[]},"_links":{"self":[{"href":"https:\/\/www.iaff.org\/fr-ca\/wp-json\/wp\/v2\/pages\/97377","targetHints":{"allow":["GET"]}}],"collection":[{"href":"https:\/\/www.iaff.org\/fr-ca\/wp-json\/wp\/v2\/pages"}],"about":[{"href":"https:\/\/www.iaff.org\/fr-ca\/wp-json\/wp\/v2\/types\/page"}],"author":[{"embeddable":true,"href":"https:\/\/www.iaff.org\/fr-ca\/wp-json\/wp\/v2\/users\/32403"}],"replies":[{"embeddable":true,"href":"https:\/\/www.iaff.org\/fr-ca\/wp-json\/wp\/v2\/comments?post=97377"}],"version-history":[{"count":0,"href":"https:\/\/www.iaff.org\/fr-ca\/wp-json\/wp\/v2\/pages\/97377\/revisions"}],"up":[{"embeddable":true,"href":"https:\/\/www.iaff.org\/fr-ca\/wp-json\/wp\/v2\/pages\/71457"}],"wp:attachment":[{"href":"https:\/\/www.iaff.org\/fr-ca\/wp-json\/wp\/v2\/media?parent=97377"}],"curies":[{"name":"wp","href":"https:\/\/api.w.org\/{rel}","templated":true}]}}