{"id":97360,"date":"2025-06-26T11:51:42","date_gmt":"2025-06-26T15:51:42","guid":{"rendered":"https:\/\/www.iaff.org\/maladies-infectieuses\/maladies\/le-tetanos\/"},"modified":"2025-06-26T11:52:36","modified_gmt":"2025-06-26T15:52:36","slug":"le-tetanos","status":"publish","type":"page","link":"https:\/\/www.iaff.org\/fr-ca\/maladies-infectieuses\/maladies\/le-tetanos\/","title":{"rendered":"Le t\u00e9tanos"},"content":{"rendered":"<section\n\t class=\"secondary-hero align wp-block-acf-secondary-hero\" id=\"secondary-hero_block_46e9270659337e34f4a37eba3c4103f7\">\n\t\n<header\n\tclass=\"w-full u-bg-full-width px-[22px] md:ps-bleed md:pe-0 py-[60px] bg-smoke-5 text-black u-has-rivets u-rivets-dark\"\n\tdata-theme=\"gray\"\n>\n\t<div class=\"flex flex-col !px-0 !max-w-[1440px] w-full lg:!ps-indent\">\n\t\t<div class=\"border-t-[6px] w-full my-0 flex flex-col md:flex-row gap-x-[62px] gap-y-[22px] border-red\">\n\t\t\t\t\t\t<div class=\"w-full md:w-1\/2 md:py-[45px]\">\n\t\t\t\t<div class=\"max-w-[600px] flex flex-col gap-[22px]\">\n\t\t\t\t\t\t\t\t\t\t\t<h1 class=\"has-[.u-halftone-shadow--dark]:mb-divider has-[.u-halftone-shadow--light]:mb-divider pt-[22px] md:pt-0\">\n\t\t\t\t\t\t\t<span class=\"inline-flex text-heading-200 u-halftone-shadow--dark\">\n\t\t\t\t\t\t\t\tLe t\u00e9tanos\t\t\t\t\t\t\t<\/span>\n\t\t\t\t\t\t<\/h1>\n\t\t\t\t\t\t\t\t\t\t\t\t\t\t\t\t\t\t\t\t\t\t\t\t\t\t\t\t\t<\/div>\n\t\t\t<\/div>\n\n\t\t<\/div>\n\t\t\t\t\t<div class=\"order-first flex justify-start w-full pb-[22px]\">\n\t\t\t\t<div\n\tclass=\"wp-block-button is-style-tertiary text-smoke is-style-tertiary-back\"\n>\n\t\t\t<a\n\t\t\thref=\"https:\/\/www.iaff.org\/fr-ca\/maladies-infectieuses\/maladies\/\"\n\t\t\tclass=\"wp-block-button__link wp-element-button group\"\n\t\t\t\t\t>\n\t\t\t<span\n\t\t\tclass=\"decoration-transparent underline underline-offset-2 group-hover:decoration-inherit group-focus-visible:decoration-inherit transition duration-hover\"\n\t\t>\n\t\t\tMaladies infectieuses\t\t<\/span>\n\n\t\t<span\n\t\t\tclass=\"bg-inherit transition-colors duration-hover group-hover:bg-gold group-focus:bg-gold inline-flex rotate-180 order-first\"\n\t\t>\n\t\t\t<svg xmlns=\"http:\/\/www.w3.org\/2000\/svg\" width=\"21\" height=\"22\" fill=\"none\" viewBox=\"0 0 21 22\"><path stroke=\"currentColor\" stroke-linecap=\"round\" stroke-width=\"2\" d=\"M20 20.75L20 2.25L1.5 2.25L1.5 20.75L20 20.75Z\" clip-rule=\"evenodd\"\/><path stroke=\"currentColor\" stroke-linecap=\"square\" stroke-width=\"2\" d=\"M14.0883 11.5L6.66406 11.5\"\/><path stroke=\"currentColor\" stroke-linecap=\"square\" stroke-width=\"2\" d=\"M11.0723 7.75205L14.8363 11.5L11.0723 15.248\"\/><\/svg>\t\t<\/span>\n\t<\/a><\/div>\n\t\t\t<\/div>\n\t\t\t<\/div>\n<\/header>\n<\/section>\n<section\n\t class=\"page-blocks iaff-page-blocks align wp-block-acf-page-blocks\" id=\"page-blocks_block_36a805ff2a26b0281a6e27857b20c82c\">\n\t<div class=\"acf-innerblocks-container\">\n<div class=\"wp-block-paragraph \">\n<p>Le t\u00e9tanos est une infection du syst\u00e8me nerveux caus\u00e9e par la bact\u00e9rie <em>Clostridium tetani (C. tetani). <\/em>Les spores de <em>C. tetani<\/em> vivent dans le sol, la poussi\u00e8re et le fumier et peuvent p\u00e9n\u00e9trer dans le corps par des l\u00e9sions dans la peau caus\u00e9es par des plaies perforantes, des lac\u00e9rations, etc. Une fois dans le corps, les spores lib\u00e8rent des bact\u00e9ries qui produisent une toxine. La toxine provoque des contractions musculaires douloureuses et une rigidit\u00e9, g\u00e9n\u00e9ralement dans les 7 \u00e0 21 jours suivant l\u2019infection. L\u2019infection t\u00e9tanique est aussi appel\u00e9e m\u00e2choire verrouill\u00e9e parce que la rigidit\u00e9 musculaire peut \u00eatre si grave que la m\u00e2choire devient herm\u00e9tiquement ferm\u00e9e.   <\/p>\n<\/div>\n\n<div class=\"wp-block-paragraph \">\n<p>Les populations \u00e0 risque \u00e9lev\u00e9 de t\u00e9tanos comprennent les personnes atteintes d\u2019une blessure aigu\u00eb qui \u00e9taient :<\/p>\n<\/div>\n\n<div class=\"wp-block-list\">\n<ul class=\"wp-block-list\">\n<li>Inad\u00e9quatement vaccin\u00e9 ou dont les ant\u00e9c\u00e9dents vaccinaux sont inconnus<\/li>\n\n\n\n<li>Adultes \u00e2g\u00e9s \u2265 60 ans<\/li>\n\n\n\n<li>Diab\u00e9tiques adultes<\/li>\n\n\n\n<li>Utilisateurs de drogues injectables<\/li>\n<\/ul>\n<\/div>\n\n\n<h3 class=\"wp-block-heading\">Comment pouvez-vous l\u2019obtenir?<\/h3>\n\n\n<div class=\"wp-block-paragraph \">\n<p><em>C. tetani<\/em> dans l\u2019environnement peut p\u00e9n\u00e9trer dans le corps par une rupture de la peau. Le contact avec le sol, la poussi\u00e8re et les excr\u00e9ments d\u2019animaux ou d\u2019humains peut tous entra\u00eener une exposition. Le t\u00e9tanos ne se transmet pas par contact de personne \u00e0 personne.  <\/p>\n<\/div>\n\n<section\n\t class=\"section-header mb-10 align wp-block-acf-section-header\" id=\"section-header_block_3f836b34254b690f5f37b43ef0c5fe0b\">\n\t<div class=\"\">\n\t<div class=\"flex flex-col md:flex-row justify-between max-w-content gap-x-8 md:items-end flex-wrap\">\n\t\t<h2 class=\"text-heading-200 pb-[2px]\">\n\t\t\tSympt\u00f4mes\t\t<\/h2>\n\n\t\t\t\t\t<div class=\"md:order-last w-full\">\n\t\t\t\t\n\t<hr class=\"h-[6px] text-red border-red bg-red w-full my-0\" role=\"presentation\"\/>\n\n\t<div class=\"h-divider w-full bg-halftone-divider bg-right\"><\/div>\n\t\t\t<\/div>\n\t\t\n\t\t\t<\/div>\n<\/div>\n<\/section>\n\n\n<div class=\"wp-block-paragraph \">\n<p>Les sympt\u00f4mes du t\u00e9tanos peuvent inclure :<\/p>\n<\/div>\n\n<div class=\"wp-block-list\">\n<ul class=\"wp-block-list\">\n<li>Raideur du cou et de l\u2019abdomen caus\u00e9e par des spasmes musculaires<\/li>\n\n\n\n<li>Difficult\u00e9 \u00e0 avaler<\/li>\n\n\n\n<li>Contractions douloureuses des groupes musculaires (t\u00e9tanie)<\/li>\n\n\n\n<li>M\u00e2choire de verrouillage<\/li>\n\n\n\n<li>Bave<\/li>\n\n\n\n<li>Transpiration excessive<\/li>\n\n\n\n<li>Fi\u00e8vre<\/li>\n\n\n\n<li>Irritabilit\u00e9<\/li>\n\n\n\n<li>Miction ou d\u00e9f\u00e9cation incontr\u00f4l\u00e9e<\/li>\n<\/ul>\n<\/div>\n\n<div class=\"wp-block-paragraph \">\n<p>Le t\u00e9tanos peut \u00eatre mortel s\u2019il n\u2019est pas trait\u00e9. L\u2019hypoxie (manque d\u2019oxyg\u00e8ne) caus\u00e9e par des spasmes dans la gorge ou les muscles pulmonaires peut entra\u00eener des l\u00e9sions c\u00e9r\u00e9brales irr\u00e9versibles. <\/p>\n<\/div>\n\n<section\n\t class=\"section-header mb-10 align wp-block-acf-section-header\" id=\"section-header_block_1ad471444023ae5d1ff92e62ce5c4c0b\">\n\t<div class=\"\">\n\t<div class=\"flex flex-col md:flex-row justify-between max-w-content gap-x-8 md:items-end flex-wrap\">\n\t\t<h2 class=\"text-heading-200 pb-[2px]\">\n\t\t\tPr\u00e9vention\t\t<\/h2>\n\n\t\t\t\t\t<div class=\"md:order-last w-full\">\n\t\t\t\t\n\t<hr class=\"h-[6px] text-red border-red bg-red w-full my-0\" role=\"presentation\"\/>\n\n\t<div class=\"h-divider w-full bg-halftone-divider bg-right\"><\/div>\n\t\t\t<\/div>\n\t\t\n\t\t\t<\/div>\n<\/div>\n<\/section>\n\n\n<div class=\"wp-block-paragraph \">\n<p>La vaccination est la cl\u00e9 de la pr\u00e9vention du t\u00e9tanos. Une dose de rappel du vaccin Td devrait \u00eatre administr\u00e9e tous les 10 ans. <\/p>\n<\/div>\n\n<section\n\t class=\"section-header mb-10 align wp-block-acf-section-header\" id=\"section-header_block_8d899a9f1fa807eceb067af6e3b699e7\">\n\t<div class=\"\">\n\t<div class=\"flex flex-col md:flex-row justify-between max-w-content gap-x-8 md:items-end flex-wrap\">\n\t\t<h2 class=\"text-heading-200 pb-[2px]\">\n\t\t\tQue devez-vous faire si vous croyez avoir \u00e9t\u00e9 expos\u00e9 au t\u00e9tanos?\t\t<\/h2>\n\n\t\t\t\t\t<div class=\"md:order-last w-full\">\n\t\t\t\t\n\t<hr class=\"h-[6px] text-red border-red bg-red w-full my-0\" role=\"presentation\"\/>\n\n\t<div class=\"h-divider w-full bg-halftone-divider bg-right\"><\/div>\n\t\t\t<\/div>\n\t\t\n\t\t\t<\/div>\n<\/div>\n<\/section>\n\n\n<div class=\"wp-block-paragraph \">\n<p>Les plaies \u00e0 risque \u00e9lev\u00e9 comprennent celles qui :<\/p>\n<\/div>\n\n<div class=\"wp-block-list\">\n<ul class=\"wp-block-list\">\n<li>s\u2019est produit \u00e0 l\u2019ext\u00e9rieur<\/li>\n\n\n\n<li>ont \u00e9t\u00e9 en contact avec le sol<\/li>\n\n\n\n<li>est survenue chez une personne qui n\u2019a pas re\u00e7u de rappel (vaccin) contre le t\u00e9tanos dans les 5 ans ou qui n\u2019est pas certaine de son statut vaccinal<\/li>\n<\/ul>\n<\/div>\n\n<div class=\"wp-block-paragraph \">\n<p>Un pompier ou un autre membre du personnel d\u2019intervention d\u2019urgence qui a \u00e9t\u00e9 bless\u00e9 doit :<\/p>\n<\/div>\n\n<div class=\"wp-block-list\">\n<ul class=\"wp-block-list\">\n<li>Nettoyez la plaie imm\u00e9diatement<\/li>\n\n\n\n<li>Signalez l\u2019exposition d\u00e8s que possible \u00e0 l\u2019agent de contr\u00f4le des infections et\/ou au directeur m\u00e9dical et consultez un fournisseur de soins de sant\u00e9<\/li>\n<\/ul>\n<\/div>\n\n<div class=\"wp-block-paragraph \">\n<p>Le fournisseur de soins de sant\u00e9 examinateur doit d\u00e9terminer le temps \u00e9coul\u00e9 depuis la derni\u00e8re vaccination de la personne. Si le pompier a subi une blessure importante ou contamin\u00e9e, il devrait recevoir une dose de rappel suppl\u00e9mentaire, si un vaccin contre le toxiode t\u00e9tanique n\u2019a pas \u00e9t\u00e9 re\u00e7u dans les 5 ans pr\u00e9c\u00e9dant la blessure. <\/p>\n<\/div>\n<\/div><\/section>\n","protected":false},"excerpt":{"rendered":"","protected":false},"featured_media":0,"parent":71457,"menu_order":0,"comment_status":"closed","ping_status":"closed","template":"","meta":{"_acf_changed":false,"_searchwp_excluded":"","inline_featured_image":false,"_EventAllDay":false,"_EventTimezone":"","_EventStartDate":"","_EventEndDate":"","_EventStartDateUTC":"","_EventEndDateUTC":"","_EventShowMap":false,"_EventShowMapLink":false,"_EventURL":"","_EventCost":"","_EventCostDescription":"","_EventCurrencySymbol":"","_EventCurrencyCode":"","_EventCurrencyPosition":"","_EventDateTimeSeparator":"","_EventTimeRangeSeparator":"","_EventOrganizerID":[],"_EventVenueID":[],"_OrganizerEmail":"","_OrganizerPhone":"","_OrganizerWebsite":"","_VenueAddress":"","_VenueCity":"","_VenueCountry":"","_VenueProvince":"","_VenueState":"","_VenueZip":"","_VenuePhone":"","_VenueURL":"","_VenueStateProvince":"","_VenueLat":"","_VenueLng":"","_VenueShowMap":false,"_VenueShowMapLink":false,"footnotes":""},"class_list":["post-97360","page","type-page","status-publish","hentry"],"acf":[],"publishpress_future_workflow_manual_trigger":{"enabledWorkflows":[]},"_links":{"self":[{"href":"https:\/\/www.iaff.org\/fr-ca\/wp-json\/wp\/v2\/pages\/97360","targetHints":{"allow":["GET"]}}],"collection":[{"href":"https:\/\/www.iaff.org\/fr-ca\/wp-json\/wp\/v2\/pages"}],"about":[{"href":"https:\/\/www.iaff.org\/fr-ca\/wp-json\/wp\/v2\/types\/page"}],"author":[{"embeddable":true,"href":"https:\/\/www.iaff.org\/fr-ca\/wp-json\/wp\/v2\/users\/32403"}],"replies":[{"embeddable":true,"href":"https:\/\/www.iaff.org\/fr-ca\/wp-json\/wp\/v2\/comments?post=97360"}],"version-history":[{"count":0,"href":"https:\/\/www.iaff.org\/fr-ca\/wp-json\/wp\/v2\/pages\/97360\/revisions"}],"up":[{"embeddable":true,"href":"https:\/\/www.iaff.org\/fr-ca\/wp-json\/wp\/v2\/pages\/71457"}],"wp:attachment":[{"href":"https:\/\/www.iaff.org\/fr-ca\/wp-json\/wp\/v2\/media?parent=97360"}],"curies":[{"name":"wp","href":"https:\/\/api.w.org\/{rel}","templated":true}]}}