{"id":97172,"date":"2025-06-25T12:54:42","date_gmt":"2025-06-25T16:54:42","guid":{"rendered":"https:\/\/www.iaff.org\/maladies-infectieuses\/maladies\/peste-bubonique-pneumonique\/"},"modified":"2025-06-25T16:13:18","modified_gmt":"2025-06-25T20:13:18","slug":"peste-bubonique-pneumonique","status":"publish","type":"page","link":"https:\/\/www.iaff.org\/fr-ca\/maladies-infectieuses\/maladies\/peste-bubonique-pneumonique\/","title":{"rendered":"Peste (bubonique\/pneumonique)"},"content":{"rendered":"<section\n\t class=\"secondary-hero align wp-block-acf-secondary-hero\" id=\"secondary-hero_block_2929d0367c5b50dfbc9eac711f0a8350\">\n\t\n<header\n\tclass=\"w-full u-bg-full-width px-[22px] md:ps-bleed md:pe-0 py-[60px] bg-smoke-5 text-black u-has-rivets u-rivets-dark\"\n\tdata-theme=\"gray\"\n>\n\t<div class=\"flex flex-col !px-0 !max-w-[1440px] w-full lg:!ps-indent\">\n\t\t<div class=\"border-t-[6px] w-full my-0 flex flex-col md:flex-row gap-x-[62px] gap-y-[22px] border-red\">\n\t\t\t\t\t\t<div class=\"w-full md:w-1\/2 md:py-[45px]\">\n\t\t\t\t<div class=\"max-w-[600px] flex flex-col gap-[22px]\">\n\t\t\t\t\t\t\t\t\t\t\t<h1 class=\"has-[.u-halftone-shadow--dark]:mb-divider has-[.u-halftone-shadow--light]:mb-divider pt-[22px] md:pt-0\">\n\t\t\t\t\t\t\t<span class=\"inline-flex text-heading-200 u-halftone-shadow--dark\">\n\t\t\t\t\t\t\t\tPeste (bubonique\/pneumonique)\t\t\t\t\t\t\t<\/span>\n\t\t\t\t\t\t<\/h1>\n\t\t\t\t\t\t\t\t\t\t\t\t\t\t\t\t\t\t\t\t\t\t\t\t\t\t\t\t\t<\/div>\n\t\t\t<\/div>\n\n\t\t<\/div>\n\t\t\t\t\t<div class=\"order-first flex justify-start w-full pb-[22px]\">\n\t\t\t\t<div\n\tclass=\"wp-block-button is-style-tertiary text-smoke is-style-tertiary-back\"\n>\n\t\t\t<a\n\t\t\thref=\"https:\/\/www.iaff.org\/fr-ca\/maladies-infectieuses\/maladies\/\"\n\t\t\tclass=\"wp-block-button__link wp-element-button group\"\n\t\t\t\t\t>\n\t\t\t<span\n\t\t\tclass=\"decoration-transparent underline underline-offset-2 group-hover:decoration-inherit group-focus-visible:decoration-inherit transition duration-hover\"\n\t\t>\n\t\t\tMaladies infectieuses\t\t<\/span>\n\n\t\t<span\n\t\t\tclass=\"bg-inherit transition-colors duration-hover group-hover:bg-gold group-focus:bg-gold inline-flex rotate-180 order-first\"\n\t\t>\n\t\t\t<svg xmlns=\"http:\/\/www.w3.org\/2000\/svg\" width=\"21\" height=\"22\" fill=\"none\" viewBox=\"0 0 21 22\"><path stroke=\"currentColor\" stroke-linecap=\"round\" stroke-width=\"2\" d=\"M20 20.75L20 2.25L1.5 2.25L1.5 20.75L20 20.75Z\" clip-rule=\"evenodd\"\/><path stroke=\"currentColor\" stroke-linecap=\"square\" stroke-width=\"2\" d=\"M14.0883 11.5L6.66406 11.5\"\/><path stroke=\"currentColor\" stroke-linecap=\"square\" stroke-width=\"2\" d=\"M11.0723 7.75205L14.8363 11.5L11.0723 15.248\"\/><\/svg>\t\t<\/span>\n\t<\/a><\/div>\n\t\t\t<\/div>\n\t\t\t<\/div>\n<\/header>\n<\/section>\n<section\n\t class=\"page-blocks iaff-page-blocks align wp-block-acf-page-blocks\" id=\"page-blocks_block_db7b60e34e794ed4820b2b27df5d3696\">\n\t<div class=\"acf-innerblocks-container\">\n<div class=\"wp-block-paragraph \">\n<p>La peste est une infection bact\u00e9rienne caus\u00e9e par Yersinia pestis, une bact\u00e9rie transmise par les rongeurs, comme les rats et les souris, et leurs puces. La peste est rare aux \u00c9tats-Unis, mais elle a \u00e9t\u00e9 trouv\u00e9e en Californie, en Arizona, au Colorado et au Nouveau-Mexique. <\/p>\n<\/div>\n\n<div class=\"wp-block-paragraph \">\n<p>Il existe trois manifestations de la peste :<\/p>\n<\/div>\n\n<div class=\"wp-block-list\">\n<ul class=\"wp-block-list\">\n<li>Peste bubonique \u2013 une infection des ganglions lymphatiques<\/li>\n\n\n\n<li>Peste pulmonaire \u2014 une infection des poumons<\/li>\n\n\n\n<li>Peste septic\u00e9mique \u2014 une infection du sang<\/li>\n<\/ul>\n<\/div>\n\n\n<h3 class=\"wp-block-heading\">Comment pouvez-vous l\u2019obtenir?<\/h3>\n\n\n<div class=\"wp-block-paragraph \">\n<p>Les rongeurs sont porteurs de la maladie, mais leurs puces propagent la peste entre les rongeurs. Les gens contractent la bact\u00e9rie lorsqu\u2019ils sont mordus par une puce infect\u00e9e ou en manipulant un animal qui a la bact\u00e9rie. La peste pulmonaire peut \u00eatre transmise d\u2019humain \u00e0 humain par des gouttelettes respiratoires.  <\/p>\n<\/div>\n\n<div class=\"wp-block-paragraph \">\n<p>Les facteurs de risque comprennent :<\/p>\n<\/div>\n\n<div class=\"wp-block-list\">\n<ul class=\"wp-block-list\">\n<li>Exposition aux rongeurs dans les zones o\u00f9 la peste est pr\u00e9sente<\/li>\n\n\n\n<li>Piq\u00fbre de puce r\u00e9cente<\/li>\n<\/ul>\n<\/div>\n\n<section\n\t class=\"section-header mb-10 align wp-block-acf-section-header\" id=\"section-header_block_78649a8c9814a71d1cb192301af280d7\">\n\t<div class=\"\">\n\t<div class=\"flex flex-col md:flex-row justify-between max-w-content gap-x-8 md:items-end flex-wrap\">\n\t\t<h2 class=\"text-heading-200 pb-[2px]\">\n\t\t\tSympt\u00f4mes\t\t<\/h2>\n\n\t\t\t\t\t<div class=\"md:order-last w-full\">\n\t\t\t\t\n\t<hr class=\"h-[6px] text-red border-red bg-red w-full my-0\" role=\"presentation\"\/>\n\n\t<div class=\"h-divider w-full bg-halftone-divider bg-right\"><\/div>\n\t\t\t<\/div>\n\t\t\n\t\t\t<\/div>\n<\/div>\n<\/section>\n\n\n<div class=\"wp-block-paragraph \">\n<p>Les signes et sympt\u00f4mes de la peste varient selon la forme de peste :<\/p>\n<\/div>\n\n<div class=\"wp-block-list\">\n<ul class=\"wp-block-list\">\n<li>Peste buboniqueFi\u00e8vre<div class=\"wp-block-list\">\n<ul class=\"wp-block-list\">\n<li>Malaise g\u00e9n\u00e9ral<\/li>\n\n\n\n<li>Douleurs \/ douleurs musculaires<\/li>\n\n\n\n<li>Enflure des ganglions lymphatiques (appel\u00e9e bubo et typique de la peste)<div class=\"wp-block-list\">\n<ul class=\"wp-block-list\">\n<li>G\u00e9n\u00e9ralement trouv\u00e9e pr\u00e8s du site de la piq\u00fbre de puce<\/li>\n<\/ul>\n<\/div><\/li>\n<\/ul>\n<\/div><\/li>\n\n\n\n<li>Peste pulmonaire<div class=\"wp-block-list\">\n<ul class=\"wp-block-list\">\n<li>Fi\u00e8vre<\/li>\n\n\n\n<li>Difficult\u00e9 \u00e0 respirer<\/li>\n\n\n\n<li>Toux (peut \u00eatre tr\u00e8s grave)<\/li>\n\n\n\n<li>Mucus sanglant<\/li>\n<\/ul>\n<\/div><\/li>\n\n\n\n<li>Peste septic\u00e9mique<div class=\"wp-block-list\">\n<ul class=\"wp-block-list\">\n<li>Fi\u00e8vre<\/li>\n\n\n\n<li>Douleurs abdominales<\/li>\n\n\n\n<li>Saignements dans les organes<\/li>\n<\/ul>\n<\/div><\/li>\n<\/ul>\n<\/div>\n\n<div class=\"wp-block-paragraph \">\n<p>Complications : La peste bubonique, si elle n\u2019est pas trait\u00e9e, peut se propager au sang causant la peste septic\u00e9mique ou les poumons causant la peste pulmonaire. Les deux peuvent entra\u00eener la mort. Le r\u00e9tablissement de la peste s\u2019am\u00e9liore consid\u00e9rablement avec l\u2019administration d\u2019antibiotiques dans les premi\u00e8res 24 heures suivant l\u2019infection. Sans traitement, 50% des personnes atteintes de peste bubonique meurent et presque toutes de la peste pulmonaire meurent. Le traitement r\u00e9duit le taux de mortalit\u00e9 \u00e0 50%.    <\/p>\n<\/div>\n\n<section\n\t class=\"section-header mb-10 align wp-block-acf-section-header\" id=\"section-header_block_7492b1d9830a615e0f5d901ac2793df5\">\n\t<div class=\"\">\n\t<div class=\"flex flex-col md:flex-row justify-between max-w-content gap-x-8 md:items-end flex-wrap\">\n\t\t<h2 class=\"text-heading-200 pb-[2px]\">\n\t\t\tPr\u00e9vention\t\t<\/h2>\n\n\t\t\t\t\t<div class=\"md:order-last w-full\">\n\t\t\t\t\n\t<hr class=\"h-[6px] text-red border-red bg-red w-full my-0\" role=\"presentation\"\/>\n\n\t<div class=\"h-divider w-full bg-halftone-divider bg-right\"><\/div>\n\t\t\t<\/div>\n\t\t\n\t\t\t<\/div>\n<\/div>\n<\/section>\n\n\n<div class=\"wp-block-list\">\n<ul class=\"wp-block-list\">\n<li>Un vaccin contre la peste n\u2019est pas disponible aux \u00c9tats-Unis<\/li>\n\n\n\n<li>Contr\u00f4le de l\u2019environnement<div class=\"wp-block-list\">\n<ul class=\"wp-block-list\">\n<li>\u00c9limination de la nourriture et de l\u2019abri pour les rongeurs dans et autour des maisons et des lieux de travail<\/li>\n\n\n\n<li>Insecticides approuv\u00e9s et appropri\u00e9s pour tuer les puces lors d\u2019\u00e9closions de peste d\u2019animaux sauvages<\/li>\n\n\n\n<li>Traiter ad\u00e9quatement les animaux de compagnie (chiens et chats) contre les puces<\/li>\n<\/ul>\n<\/div><\/li>\n\n\n\n<li>Utilisation des gouttelettes et des pr\u00e9cautions universelles<div class=\"wp-block-list\">\n<ul class=\"wp-block-list\">\n<li>Supposer que les patients pr\u00e9sentant des sympt\u00f4mes respiratoires sont contagieux et fournir des masques aux patients symptomatiques<\/li>\n\n\n\n<li>Limiter le nombre de membres d\u2019\u00e9quipage ayant des contacts directs avec les patients.<\/li>\n\n\n\n<li>Hygi\u00e8ne des mains (laver \u00e0 l\u2019eau et au savon ou \u00e0 l\u2019aide d\u2019un d\u00e9sinfectant pour les mains \u00e0 base d\u2019alcool)<\/li>\n\n\n\n<li>\u00c9quipement de protection individuelle (EPI) (gants, blouses, lunettes de protection et protection respiratoire). <strong>IAFF recommande les respirateurs P100<\/strong> pour tous les patients pr\u00e9sentant des sympt\u00f4mes respiratoires tels que la toux<\/li>\n\n\n\n<li>Manipulation et \u00e9limination appropri\u00e9es des instruments, des dispositifs et des v\u00eatements contamin\u00e9s<\/li>\n\n\n\n<li>Pr\u00e9venir la contamination et effectuer la d\u00e9contamination des surfaces<\/li>\n<\/ul>\n<\/div><\/li>\n\n\n\n<li>Intervention des intervenants d\u2019urgence en cas d\u2019incident d\u2019attaque biologique<br><a href=\"http:\/\/www.osha.gov\/SLTC\/plague\/index.html#emergency\" target=\"_blank\" rel=\"noopener\">(http:\/\/www.osha.gov\/SLTC\/plague\/index.html#emergency)<\/a><div class=\"wp-block-list\">\n<ul class=\"wp-block-list\">\n<li><em>Quel \u00e9quipement de protection individuelle<\/em><div class=\"wp-block-list\">\n<ul class=\"wp-block-list\">\n<li>Les recommandations relatives \u00e0 l\u2019\u00e9quipement de protection individuelle sont fond\u00e9es sur le niveau de risque d\u2019exposition pr\u00e9vu associ\u00e9 aux diff\u00e9rentes situations d\u2019intervention<\/li>\n\n\n\n<li>Demi-masques ou respirateurs \u00e0 purification d\u2019air int\u00e9graux dont l\u2019efficacit\u00e9 du filtre \u00e0 particules varie de N95 (pour la tuberculose) \u00e0 P100 (pour les dangers tels que l\u2019hantavirus) comme niveau de protection minimal<\/li>\n\n\n\n<li>Les premiers intervenants d\u2019urgence utilisent g\u00e9n\u00e9ralement des appareils respiratoires autonomes (ARA)&#8230; qui offre le plus haut niveau de protection contre les dangers a\u00e9riens lorsqu\u2019il est correctement install\u00e9 et utilis\u00e9.<br\/>Les respirateurs d\u2019APCA sont utilis\u00e9s lorsque les dangers et les concentrations en suspension dans l\u2019air sont inconnus ou devraient \u00eatre \u00e9lev\u00e9s.<\/li>\n<\/ul>\n<\/div><\/li>\n\n\n\n<li>Comment les travailleurs devraient-ils se d\u00e9contaminer<div class=\"wp-block-list\">\n<ul class=\"wp-block-list\">\n<li>La d\u00e9contamination de l\u2019\u00e9quipement et des v\u00eatements de protection est essentielle pour \u00e9liminer toute particule avant d\u2019enlever l\u2019\u00e9quipement. L\u2019\u00e9quipement peut \u00eatre d\u00e9contamin\u00e9 \u00e0 l\u2019eau et au savon, et une solution d\u2019hypochlorite \u00e0 0,5% (une partie d\u2019eau de Javel pour 9 parties d\u2019eau) peut \u00eatre utilis\u00e9e au besoin ou si l\u2019\u00e9quipement pr\u00e9sentait une contamination visible. <\/li>\n\n\n\n<li>Il est \u00e0 noter que l\u2019eau de Javel peut endommager certains types d\u2019\u00e9quipement d\u2019intervention des pompiers (l\u2019une des raisons pour lesquelles elle ne devrait pas \u00eatre utilis\u00e9e pour les mesures d\u2019intervention contre les agents biologiques).<\/li>\n\n\n\n<li>Apr\u00e8s avoir enlev\u00e9 l\u2019\u00e9quipement, les intervenants doivent se doucher avec de grandes quantit\u00e9s d\u2019eau et de savon<\/li>\n<\/ul>\n<\/div><\/li>\n<\/ul>\n<\/div><\/li>\n<\/ul>\n<\/div>\n\n<section\n\t class=\"section-header mb-10 align wp-block-acf-section-header\" id=\"section-header_block_06ea8b61380cd4aa6b8137d34c8dd2c1\">\n\t<div class=\"\">\n\t<div class=\"flex flex-col md:flex-row justify-between max-w-content gap-x-8 md:items-end flex-wrap\">\n\t\t<h2 class=\"text-heading-200 pb-[2px]\">\n\t\t\tQue devez-vous faire si vous croyez avoir \u00e9t\u00e9 expos\u00e9?\t\t<\/h2>\n\n\t\t\t\t\t<div class=\"md:order-last w-full\">\n\t\t\t\t\n\t<hr class=\"h-[6px] text-red border-red bg-red w-full my-0\" role=\"presentation\"\/>\n\n\t<div class=\"h-divider w-full bg-halftone-divider bg-right\"><\/div>\n\t\t\t<\/div>\n\t\t\n\t\t\t<\/div>\n<\/div>\n<\/section>\n\n\n<div class=\"wp-block-list\">\n<ul class=\"wp-block-list\">\n<li>Aviser votre agent de contr\u00f4le des infections<\/li>\n\n\n\n<li>Consultez un fournisseur de soins de sant\u00e9<\/li>\n\n\n\n<li>Une prophylaxie post-exposition avec des antibiotiques pour les travailleurs de la sant\u00e9 en contact \u00e9troit avec des patients atteints de plaque pulmonaire devrait \u00eatre envisag\u00e9e. Les antibiotiques typiques comprennent les t\u00e9tracyclines, le chloramph\u00e9nicol ou l\u2019un des sulfamides efficaces. <\/li>\n<\/ul>\n<\/div>\n<\/div><\/section>\n","protected":false},"excerpt":{"rendered":"","protected":false},"featured_media":0,"parent":71457,"menu_order":0,"comment_status":"closed","ping_status":"closed","template":"","meta":{"_acf_changed":false,"_searchwp_excluded":"","inline_featured_image":false,"_EventAllDay":false,"_EventTimezone":"","_EventStartDate":"","_EventEndDate":"","_EventStartDateUTC":"","_EventEndDateUTC":"","_EventShowMap":false,"_EventShowMapLink":false,"_EventURL":"","_EventCost":"","_EventCostDescription":"","_EventCurrencySymbol":"","_EventCurrencyCode":"","_EventCurrencyPosition":"","_EventDateTimeSeparator":"","_EventTimeRangeSeparator":"","_EventOrganizerID":[],"_EventVenueID":[],"_OrganizerEmail":"","_OrganizerPhone":"","_OrganizerWebsite":"","_VenueAddress":"","_VenueCity":"","_VenueCountry":"","_VenueProvince":"","_VenueState":"","_VenueZip":"","_VenuePhone":"","_VenueURL":"","_VenueStateProvince":"","_VenueLat":"","_VenueLng":"","_VenueShowMap":false,"_VenueShowMapLink":false,"footnotes":""},"class_list":["post-97172","page","type-page","status-publish","hentry"],"acf":[],"publishpress_future_workflow_manual_trigger":{"enabledWorkflows":[]},"_links":{"self":[{"href":"https:\/\/www.iaff.org\/fr-ca\/wp-json\/wp\/v2\/pages\/97172","targetHints":{"allow":["GET"]}}],"collection":[{"href":"https:\/\/www.iaff.org\/fr-ca\/wp-json\/wp\/v2\/pages"}],"about":[{"href":"https:\/\/www.iaff.org\/fr-ca\/wp-json\/wp\/v2\/types\/page"}],"author":[{"embeddable":true,"href":"https:\/\/www.iaff.org\/fr-ca\/wp-json\/wp\/v2\/users\/32403"}],"replies":[{"embeddable":true,"href":"https:\/\/www.iaff.org\/fr-ca\/wp-json\/wp\/v2\/comments?post=97172"}],"version-history":[{"count":0,"href":"https:\/\/www.iaff.org\/fr-ca\/wp-json\/wp\/v2\/pages\/97172\/revisions"}],"up":[{"embeddable":true,"href":"https:\/\/www.iaff.org\/fr-ca\/wp-json\/wp\/v2\/pages\/71457"}],"wp:attachment":[{"href":"https:\/\/www.iaff.org\/fr-ca\/wp-json\/wp\/v2\/media?parent=97172"}],"curies":[{"name":"wp","href":"https:\/\/api.w.org\/{rel}","templated":true}]}}