{"id":97032,"date":"2025-06-24T14:55:02","date_gmt":"2025-06-24T18:55:02","guid":{"rendered":"https:\/\/www.iaff.org\/maladies-infectieuses\/maladies\/meningite\/"},"modified":"2025-06-24T14:55:45","modified_gmt":"2025-06-24T18:55:45","slug":"meningite","status":"publish","type":"page","link":"https:\/\/www.iaff.org\/fr-ca\/maladies-infectieuses\/maladies\/meningite\/","title":{"rendered":"M\u00e9ningite"},"content":{"rendered":"<section\n\t class=\"secondary-hero align wp-block-acf-secondary-hero\" id=\"secondary-hero_block_6ba3aa8bc0f7aba76642dadc5d2ebd3c\">\n\t\n<header\n\tclass=\"w-full u-bg-full-width px-[22px] md:ps-bleed md:pe-0 py-[60px] bg-smoke-5 text-black u-has-rivets u-rivets-dark\"\n\tdata-theme=\"gray\"\n>\n\t<div class=\"flex flex-col !px-0 !max-w-[1440px] w-full lg:!ps-indent\">\n\t\t<div class=\"border-t-[6px] w-full my-0 flex flex-col md:flex-row gap-x-[62px] gap-y-[22px] border-red\">\n\t\t\t\t\t\t<div class=\"w-full md:w-1\/2 md:py-[45px]\">\n\t\t\t\t<div class=\"max-w-[600px] flex flex-col gap-[22px]\">\n\t\t\t\t\t\t\t\t\t\t\t<h1 class=\"has-[.u-halftone-shadow--dark]:mb-divider has-[.u-halftone-shadow--light]:mb-divider pt-[22px] md:pt-0\">\n\t\t\t\t\t\t\t<span class=\"inline-flex text-heading-200 u-halftone-shadow--dark\">\n\t\t\t\t\t\t\t\tM\u00e9ningite\t\t\t\t\t\t\t<\/span>\n\t\t\t\t\t\t<\/h1>\n\t\t\t\t\t\t\t\t\t\t\t\t\t\t\t\t\t\t\t\t\t\t\t\t\t\t\t\t\t<\/div>\n\t\t\t<\/div>\n\n\t\t<\/div>\n\t\t\t\t\t<div class=\"order-first flex justify-start w-full pb-[22px]\">\n\t\t\t\t<div\n\tclass=\"wp-block-button is-style-tertiary text-smoke is-style-tertiary-back\"\n>\n\t\t\t<a\n\t\t\thref=\"https:\/\/www.iaff.org\/fr-ca\/maladies-infectieuses\/maladies\/\"\n\t\t\tclass=\"wp-block-button__link wp-element-button group\"\n\t\t\t\t\t>\n\t\t\t<span\n\t\t\tclass=\"decoration-transparent underline underline-offset-2 group-hover:decoration-inherit group-focus-visible:decoration-inherit transition duration-hover\"\n\t\t>\n\t\t\tMaladies infectieuses\t\t<\/span>\n\n\t\t<span\n\t\t\tclass=\"bg-inherit transition-colors duration-hover group-hover:bg-gold group-focus:bg-gold inline-flex rotate-180 order-first\"\n\t\t>\n\t\t\t<svg xmlns=\"http:\/\/www.w3.org\/2000\/svg\" width=\"21\" height=\"22\" fill=\"none\" viewBox=\"0 0 21 22\"><path stroke=\"currentColor\" stroke-linecap=\"round\" stroke-width=\"2\" d=\"M20 20.75L20 2.25L1.5 2.25L1.5 20.75L20 20.75Z\" clip-rule=\"evenodd\"\/><path stroke=\"currentColor\" stroke-linecap=\"square\" stroke-width=\"2\" d=\"M14.0883 11.5L6.66406 11.5\"\/><path stroke=\"currentColor\" stroke-linecap=\"square\" stroke-width=\"2\" d=\"M11.0723 7.75205L14.8363 11.5L11.0723 15.248\"\/><\/svg>\t\t<\/span>\n\t<\/a><\/div>\n\t\t\t<\/div>\n\t\t\t<\/div>\n<\/header>\n<\/section>\n<div class=\"wp-block-paragraph \">\n<p>La m\u00e9ningite est une inflammation des membranes qui recouvrent le cerveau et la moelle \u00e9pini\u00e8re. Elle a de nombreuses causes, mais les plus importantes sont les causes infectieuses caus\u00e9es par les bact\u00e9ries et les virus. Les bact\u00e9ries <em>Streptococcus pneumoniae<\/em> et <em>Neisseria meningitidis<\/em> sont les principales causes de m\u00e9ningite bact\u00e9rienne. <em> Haemophilus influenzae<\/em> de type b (Hib) \u00e9tait la principale cause de m\u00e9ningite bact\u00e9rienne dans le pass\u00e9, mais les enfants sont maintenant vaccin\u00e9s contre cette m\u00e9ningite.  <\/p>\n<\/div>\n<h3 class=\"wp-block-heading\">Comment pouvez-vous l\u2019obtenir?<\/h3>\n<div class=\"wp-block-paragraph \">\n<p>La m\u00e9ningite se transmet d\u2019une personne \u00e0 l\u2019autre par des gouttelettes respiratoires provenant de la toux et des \u00e9ternuements. Des proc\u00e9dures telles que l\u2019aspiration peuvent \u00e9galement causer la propagation des gouttelettes. Les gouttelettes peuvent voyager dans l\u2019air sur environ 3 pieds. Les patients atteints de m\u00e9ningite sont plus susceptibles de transmettre l\u2019infection au moment du diagnostic.   <\/p>\n<\/div><section\n\t class=\"page-blocks iaff-page-blocks align wp-block-acf-page-blocks\" id=\"page-blocks_block_7f88b732f1e559799d284b437d0968f0\">\n\t<div class=\"acf-innerblocks-container\">\n<section\n\t class=\"section-header mb-10 align wp-block-acf-section-header\" id=\"section-header_block_1c7d766b821304999d00d2790839864b\">\n\t<div class=\"\">\n\t<div class=\"flex flex-col md:flex-row justify-between max-w-content gap-x-8 md:items-end flex-wrap\">\n\t\t<h2 class=\"text-heading-200 pb-[2px]\">\n\t\t\tSympt\u00f4mes\t\t<\/h2>\n\n\t\t\t\t\t<div class=\"md:order-last w-full\">\n\t\t\t\t\n\t<hr class=\"h-[6px] text-red border-red bg-red w-full my-0\" role=\"presentation\"\/>\n\n\t<div class=\"h-divider w-full bg-halftone-divider bg-right\"><\/div>\n\t\t\t<\/div>\n\t\t\n\t\t\t<\/div>\n<\/div>\n<\/section>\n\n<\/div><\/section>\n<div class=\"wp-block-paragraph \">\n<p>Les sympt\u00f4mes apparaissent habituellement de 3 \u00e0 7 jours apr\u00e8s l\u2019exposition aux bact\u00e9ries et comprennent :<\/p>\n<\/div><div class=\"wp-block-list\">\n<ul class=\"wp-block-list\">\n<li>Fi\u00e8vre<\/li>\n\n\n\n<li>Maux de t\u00eate<\/li>\n\n\n\n<li>Raideur de la nuque<\/li>\n<\/ul>\n<\/div><div class=\"wp-block-paragraph \">\n<p>D\u2019autres sympt\u00f4mes peuvent inclure :<\/p>\n<\/div><div class=\"wp-block-list\">\n<ul class=\"wp-block-list\">\n<li>Naus\u00e9es<\/li>\n\n\n\n<li>Vomissements<\/li>\n\n\n\n<li>Photophobie (sensibilit\u00e9 \u00e0 la lumi\u00e8re)<\/li>\n\n\n\n<li>Alt\u00e9ration de l\u2019\u00e9tat mental comme diminution de la conscience et\/ou confusion<\/li>\n<\/ul>\n<\/div><div class=\"wp-block-paragraph \">\n<p><strong>Les complications<\/strong> sont g\u00e9n\u00e9ralement dues \u00e0 la m\u00e9ningite bact\u00e9rienne et comprennent une septic\u00e9mie (infection dans la circulation sanguine), en particulier \u00e0 <em>Neisseria meningitidis. <\/em>Il s\u2019agit d\u2019une infection tr\u00e8s grave qui peut causer la mort. Les nourrissons de moins d\u2019un mois sont les plus \u00e0 risque d\u2019infection grave. <\/p>\n<\/div><section\n\t class=\"page-blocks iaff-page-blocks align wp-block-acf-page-blocks\" id=\"page-blocks_block_7f88b732f1e559799d284b437d0968f0\">\n\t<div class=\"acf-innerblocks-container\">\n<section\n\t class=\"section-header mb-10 align wp-block-acf-section-header\" id=\"section-header_block_3c7c856cf93abcd6b731e03cd0d768fa\">\n\t<div class=\"\">\n\t<div class=\"flex flex-col md:flex-row justify-between max-w-content gap-x-8 md:items-end flex-wrap\">\n\t\t<h2 class=\"text-heading-200 pb-[2px]\">\n\t\t\tPr\u00e9vention\t\t<\/h2>\n\n\t\t\t\t\t<div class=\"md:order-last w-full\">\n\t\t\t\t\n\t<hr class=\"h-[6px] text-red border-red bg-red w-full my-0\" role=\"presentation\"\/>\n\n\t<div class=\"h-divider w-full bg-halftone-divider bg-right\"><\/div>\n\t\t\t<\/div>\n\t\t\n\t\t\t<\/div>\n<\/div>\n<\/section>\n\n<\/div><\/section>\n<div class=\"wp-block-paragraph \">\n<p>La m\u00e9ningite est pr\u00e9venue par la vaccination. Il existe des vaccins contre trois bact\u00e9ries qui peuvent causer la m\u00e9ningite : <em>Neisseria meningitidis, Streptococcus pneumoniae<\/em> et <em>Haemophilus influenzae<\/em> de type b (Hib). Cependant, les vaccins avant le placement ne sont recommand\u00e9s que pour les microbiologistes travaillant avec <em>Neisseria meningitidis<\/em> et ne sont pas syst\u00e9matiquement recommand\u00e9s pour le personnel de sant\u00e9.<br\/>Vous pouvez aider \u00e0 pr\u00e9venir la propagation de la m\u00e9ningite en :  <\/p>\n<\/div><div class=\"wp-block-list\">\n<ul class=\"wp-block-list\">\n<li>Pr\u00e9venir la contamination et effectuer la d\u00e9contamination des surfaces<\/li>\n\n\n\n<li>Utiliser les pr\u00e9cautions universelles<div class=\"wp-block-list\">\n<ul class=\"wp-block-list\">\n<li>Supposer que les patients pr\u00e9sentant des sympt\u00f4mes respiratoires sont contagieux et fournir des masques aux patients symptomatiques<\/li>\n\n\n\n<li>Limiter le nombre de membres d\u2019\u00e9quipage ayant des contacts directs avec les patients.<\/li>\n\n\n\n<li>Hygi\u00e8ne des mains (laver \u00e0 l\u2019eau et au savon ou \u00e0 l\u2019aide d\u2019un d\u00e9sinfectant pour les mains \u00e0 base d\u2019alcool)<\/li>\n\n\n\n<li>\u00c9quipement de protection individuelle (EPI) (gants, blouses et protection respiratoire). <strong>IAFF recommande les respirateurs P100<\/strong> pour tous les patients pr\u00e9sentant des sympt\u00f4mes respiratoires tels que la toux<\/li>\n<\/ul>\n<\/div><\/li>\n<\/ul>\n<\/div><section\n\t class=\"page-blocks iaff-page-blocks align wp-block-acf-page-blocks\" id=\"page-blocks_block_7f88b732f1e559799d284b437d0968f0\">\n\t<div class=\"acf-innerblocks-container\">\n<section\n\t class=\"section-header mb-10 align wp-block-acf-section-header\" id=\"section-header_block_ae884752d2f998a89abc9b155b4bb9ce\">\n\t<div class=\"\">\n\t<div class=\"flex flex-col md:flex-row justify-between max-w-content gap-x-8 md:items-end flex-wrap\">\n\t\t<h2 class=\"text-heading-200 pb-[2px]\">\n\t\t\tQue devez-vous faire si vous croyez avoir \u00e9t\u00e9 expos\u00e9?\t\t<\/h2>\n\n\t\t\t\t\t<div class=\"md:order-last w-full\">\n\t\t\t\t\n\t<hr class=\"h-[6px] text-red border-red bg-red w-full my-0\" role=\"presentation\"\/>\n\n\t<div class=\"h-divider w-full bg-halftone-divider bg-right\"><\/div>\n\t\t\t<\/div>\n\t\t\n\t\t\t<\/div>\n<\/div>\n<\/section>\n\n<\/div><\/section>\n<div class=\"wp-block-paragraph \">\n<p>Des antibiotiques sont administr\u00e9s aux contacts \u00e9troits de patients atteints d\u2019une m\u00e9ningite caus\u00e9e par <em>Neisseria meningitidis. <\/em> Les contacts \u00e9troits comprennent les membres du m\u00e9nage, les contacts des centres de garde d\u2019enfants et toute personne directement expos\u00e9e aux s\u00e9cr\u00e9tions orales du patient (p. ex., par le baiser, la r\u00e9animation bouche-\u00e0-bouche, l\u2019intubation endotrach\u00e9ale ou la gestion du tube endotrach\u00e9al). Les antibiotiques doivent commencer d\u00e8s que possible apr\u00e8s l\u2019exposition, dans les 24 heures si possible. <\/p>\n<\/div>","protected":false},"excerpt":{"rendered":"<p>La m\u00e9ningite est une inflammation des membranes qui recouvrent le cerveau et la moelle \u00e9pini\u00e8re. Elle a de nombreuses causes, mais les plus importantes sont les causes infectieuses caus\u00e9es par [&hellip;]<\/p>\n","protected":false},"featured_media":0,"parent":71457,"menu_order":0,"comment_status":"closed","ping_status":"closed","template":"","meta":{"_acf_changed":false,"_searchwp_excluded":"","inline_featured_image":false,"_EventAllDay":false,"_EventTimezone":"","_EventStartDate":"","_EventEndDate":"","_EventStartDateUTC":"","_EventEndDateUTC":"","_EventShowMap":false,"_EventShowMapLink":false,"_EventURL":"","_EventCost":"","_EventCostDescription":"","_EventCurrencySymbol":"","_EventCurrencyCode":"","_EventCurrencyPosition":"","_EventDateTimeSeparator":"","_EventTimeRangeSeparator":"","_EventOrganizerID":[],"_EventVenueID":[],"_OrganizerEmail":"","_OrganizerPhone":"","_OrganizerWebsite":"","_VenueAddress":"","_VenueCity":"","_VenueCountry":"","_VenueProvince":"","_VenueState":"","_VenueZip":"","_VenuePhone":"","_VenueURL":"","_VenueStateProvince":"","_VenueLat":"","_VenueLng":"","_VenueShowMap":false,"_VenueShowMapLink":false,"footnotes":""},"class_list":["post-97032","page","type-page","status-publish","hentry"],"acf":[],"publishpress_future_workflow_manual_trigger":{"enabledWorkflows":[]},"_links":{"self":[{"href":"https:\/\/www.iaff.org\/fr-ca\/wp-json\/wp\/v2\/pages\/97032","targetHints":{"allow":["GET"]}}],"collection":[{"href":"https:\/\/www.iaff.org\/fr-ca\/wp-json\/wp\/v2\/pages"}],"about":[{"href":"https:\/\/www.iaff.org\/fr-ca\/wp-json\/wp\/v2\/types\/page"}],"author":[{"embeddable":true,"href":"https:\/\/www.iaff.org\/fr-ca\/wp-json\/wp\/v2\/users\/3"}],"replies":[{"embeddable":true,"href":"https:\/\/www.iaff.org\/fr-ca\/wp-json\/wp\/v2\/comments?post=97032"}],"version-history":[{"count":0,"href":"https:\/\/www.iaff.org\/fr-ca\/wp-json\/wp\/v2\/pages\/97032\/revisions"}],"up":[{"embeddable":true,"href":"https:\/\/www.iaff.org\/fr-ca\/wp-json\/wp\/v2\/pages\/71457"}],"wp:attachment":[{"href":"https:\/\/www.iaff.org\/fr-ca\/wp-json\/wp\/v2\/media?parent=97032"}],"curies":[{"name":"wp","href":"https:\/\/api.w.org\/{rel}","templated":true}]}}