{"id":87009,"date":"2025-02-26T15:10:57","date_gmt":"2025-02-26T20:10:57","guid":{"rendered":"https:\/\/www.iaff.org\/lhistoire-de-laip\/histoire-de-la-croix-de-malte\/"},"modified":"2025-10-06T10:41:43","modified_gmt":"2025-10-06T14:41:43","slug":"histoire-de-la-croix-de-malte","status":"publish","type":"page","link":"https:\/\/www.iaff.org\/fr-ca\/lhistoire-de-laip\/histoire-de-la-croix-de-malte\/","title":{"rendered":"Histoire de la Croix de Malte"},"content":{"rendered":"<section\n\t class=\"secondary-hero align wp-block-acf-secondary-hero\" id=\"secondary-hero_block_0be3a5993d0e8e928294bcb3b73dfd22\">\n\t\n<header\n\tclass=\"w-full u-bg-full-width px-[22px] md:ps-bleed md:pe-0 py-[60px] bg-smoke-5 text-black u-has-rivets u-rivets-dark\"\n\tdata-theme=\"gray\"\n>\n\t<div class=\"flex flex-col !px-0 !max-w-[1440px] w-full lg:!ps-indent\">\n\t\t<div class=\"border-t-[6px] w-full my-0 flex flex-col md:flex-row gap-x-[62px] gap-y-[22px] border-red\">\n\t\t\t\t\t\t<div class=\"w-full md:w-1\/2 md:py-[45px]\">\n\t\t\t\t<div class=\"max-w-[600px] flex flex-col gap-[22px]\">\n\t\t\t\t\t\t\t\t\t\t\t<h1 class=\"has-[.u-halftone-shadow--dark]:mb-divider has-[.u-halftone-shadow--light]:mb-divider pt-[22px] md:pt-0\">\n\t\t\t\t\t\t\t<span class=\"inline-flex text-heading-200 u-halftone-shadow--dark\">\n\t\t\t\t\t\t\t\tHistoire de la Croix de Malte\t\t\t\t\t\t\t<\/span>\n\t\t\t\t\t\t<\/h1>\n\t\t\t\t\t\t\t\t\t\t\t\t\t\t\t\t\t\t\t\t\t\t\t\t\t\t\t\t\t<\/div>\n\t\t\t<\/div>\n\n\t\t<\/div>\n\t\t\t\t\t<div class=\"order-first flex justify-start w-full pb-[22px]\">\n\t\t\t\t<div\n\tclass=\"wp-block-button is-style-tertiary text-smoke is-style-tertiary-back\"\n>\n\t\t\t<a\n\t\t\thref=\"https:\/\/www.iaff.org\/fr-ca\/lhistoire-de-laip\/\"\n\t\t\tclass=\"wp-block-button__link wp-element-button group\"\n\t\t\t\t\t>\n\t\t\t<span\n\t\t\tclass=\"decoration-transparent underline underline-offset-2 group-hover:decoration-inherit group-focus-visible:decoration-inherit transition duration-hover\"\n\t\t>\n\t\t\tHistoire de l\u2019IAFF\t\t<\/span>\n\n\t\t<span\n\t\t\tclass=\"bg-inherit transition-colors duration-hover group-hover:bg-gold group-focus:bg-gold inline-flex rotate-180 order-first\"\n\t\t>\n\t\t\t<svg xmlns=\"http:\/\/www.w3.org\/2000\/svg\" width=\"21\" height=\"22\" fill=\"none\" viewBox=\"0 0 21 22\"><path stroke=\"currentColor\" stroke-linecap=\"round\" stroke-width=\"2\" d=\"M20 20.75L20 2.25L1.5 2.25L1.5 20.75L20 20.75Z\" clip-rule=\"evenodd\"\/><path stroke=\"currentColor\" stroke-linecap=\"square\" stroke-width=\"2\" d=\"M14.0883 11.5L6.66406 11.5\"\/><path stroke=\"currentColor\" stroke-linecap=\"square\" stroke-width=\"2\" d=\"M11.0723 7.75205L14.8363 11.5L11.0723 15.248\"\/><\/svg>\t\t<\/span>\n\t<\/a><\/div>\n\t\t\t<\/div>\n\t\t\t<\/div>\n<\/header>\n<\/section>\n\n<figure data-wp-context=\"{&quot;imageId&quot;:&quot;69dcd36b65912&quot;}\" data-wp-interactive=\"core\/image\" data-wp-key=\"69dcd36b65912\" class=\"wp-block-image alignright wp-lightbox-container\"><img decoding=\"async\" data-wp-class--hide=\"state.isContentHidden\" data-wp-class--show=\"state.isContentVisible\" data-wp-init=\"callbacks.setButtonStyles\" data-wp-on--click=\"actions.showLightbox\" data-wp-on--load=\"callbacks.setButtonStyles\" data-wp-on-window--resize=\"callbacks.setButtonStyles\" src=\"https:\/\/www.iaff.org\/wp-content\/uploads\/1919\/01\/FirstLogo-150x150.jpg\" alt=\"\" class=\"wp-image-501\"><button\n\t\t\tclass=\"lightbox-trigger\"\n\t\t\ttype=\"button\"\n\t\t\taria-haspopup=\"dialog\"\n\t\t\taria-label=\"Enlarge\"\n\t\t\tdata-wp-init=\"callbacks.initTriggerButton\"\n\t\t\tdata-wp-on--click=\"actions.showLightbox\"\n\t\t\tdata-wp-style--right=\"state.imageButtonRight\"\n\t\t\tdata-wp-style--top=\"state.imageButtonTop\"\n\t\t>\n\t\t\t<svg xmlns=\"http:\/\/www.w3.org\/2000\/svg\" width=\"12\" height=\"12\" fill=\"none\" viewBox=\"0 0 12 12\">\n\t\t\t\t<path fill=\"#fff\" d=\"M2 0a2 2 0 0 0-2 2v2h1.5V2a.5.5 0 0 1 .5-.5h2V0H2Zm2 10.5H2a.5.5 0 0 1-.5-.5V8H0v2a2 2 0 0 0 2 2h2v-1.5ZM8 12v-1.5h2a.5.5 0 0 0 .5-.5V8H12v2a2 2 0 0 1-2 2H8Zm2-12a2 2 0 0 1 2 2v2h-1.5V2a.5.5 0 0 0-.5-.5H8V0h2Z\" \/>\n\t\t\t<\/svg>\n\t\t<\/button><\/figure>\n<div class=\"wp-block-paragraph \">\n<p>La croix de Malte est connue dans le monde entier comme un symbole du service d\u2019incendie. D\u2019o\u00f9 vient-il et comment est-il devenu le symbole du service d\u2019incendie? <\/p>\n<\/div><div class=\"wp-block-paragraph \">\n<p>En tant qu\u2019insigne d\u2019un pompier, la croix de Malte est un symbole de protection et un insigne d\u2019honneur.<\/p>\n<\/div><div class=\"wp-block-paragraph \">\n<p>L\u2019histoire remonte \u00e0 des centaines d\u2019ann\u00e9es, lorsqu\u2019une bande de courageux crois\u00e9s connus sous le nom de Chevaliers de Saint-Jean a combattu les Sarrasins pour la possession de la terre sainte. Ils ont rencontr\u00e9 une nouvelle arme inconnue des guerriers europ\u00e9ens qui a caus\u00e9 une douleur atroce. L\u2019arme \u00e9tait le feu.  <\/p>\n<\/div><div class=\"wp-block-paragraph \">\n<p>Alors que les crois\u00e9s avan\u00e7aient sur les murs de la ville, ils ont \u00e9t\u00e9 frapp\u00e9s par des bombes de verre contenant du naphta, les saturant d\u2019un liquide hautement inflammable. Les Saracens ont ensuite lanc\u00e9 une torche enflamm\u00e9e au milieu d\u2019eux. Des centaines de chevaliers ont \u00e9t\u00e9 br\u00fbl\u00e9s vifs; d\u2019autres ont risqu\u00e9 leur vie pour sauver leurs fr\u00e8res d\u2019armes d\u2019une mort ardente.  <\/p>\n<\/div><div class=\"wp-block-paragraph \">\n<p>Ces hommes sont devenus nos premiers pompiers. Leurs efforts h\u00e9ro\u00efques ont \u00e9t\u00e9 reconnus par d\u2019autres crois\u00e9s qui ont d\u00e9cern\u00e9 \u00e0 chaque h\u00e9ros un insigne d\u2019honneur \u2013 une croix similaire \u00e0 celle port\u00e9e aujourd\u2019hui. Les Chevaliers de Saint-Jean ont v\u00e9cu pendant quatre si\u00e8cles sur une \u00eele nomm\u00e9e Malte dans la mer M\u00e9diterran\u00e9e, et la croix est donc connue sous le nom de Croix de Malte.  <\/p>\n<\/div><div class=\"wp-block-paragraph \">\n<p>Reconnu comme un insigne d\u2019honneur, il signifie le courage d\u2019un pompier, \u00e0 un \u00e9chelon de la mort.<\/p>\n<\/div><div class=\"wp-block-paragraph \">\n<p>Un pompier qui porte cette croix est pr\u00eat \u00e0 sacrifier sa vie pour les autres, tout comme les crois\u00e9s ont sacrifi\u00e9 leur vie pour leurs semblables il y a des centaines d\u2019ann\u00e9es.<a href=\"https:\/\/www.iaff.org\/wp-content\/uploads\/1919\/01\/FirstLogo.jpg\"><\/a><\/p>\n<\/div>","protected":false},"excerpt":{"rendered":"<p>La croix de Malte est connue dans le monde entier comme un symbole du service d\u2019incendie. D\u2019o\u00f9 vient-il et comment est-il devenu le symbole du service d\u2019incendie? En tant qu\u2019insigne [&hellip;]<\/p>\n","protected":false},"featured_media":0,"parent":86926,"menu_order":0,"comment_status":"closed","ping_status":"closed","template":"","meta":{"_acf_changed":false,"_searchwp_excluded":"","inline_featured_image":false,"_EventAllDay":false,"_EventTimezone":"","_EventStartDate":"","_EventEndDate":"","_EventStartDateUTC":"","_EventEndDateUTC":"","_EventShowMap":false,"_EventShowMapLink":false,"_EventURL":"","_EventCost":"","_EventCostDescription":"","_EventCurrencySymbol":"","_EventCurrencyCode":"","_EventCurrencyPosition":"","_EventDateTimeSeparator":"","_EventTimeRangeSeparator":"","_EventOrganizerID":[],"_EventVenueID":[],"_OrganizerEmail":"","_OrganizerPhone":"","_OrganizerWebsite":"","_VenueAddress":"","_VenueCity":"","_VenueCountry":"","_VenueProvince":"","_VenueState":"","_VenueZip":"","_VenuePhone":"","_VenueURL":"","_VenueStateProvince":"","_VenueLat":"","_VenueLng":"","_VenueShowMap":false,"_VenueShowMapLink":false,"footnotes":""},"class_list":["post-87009","page","type-page","status-publish","hentry"],"acf":[],"publishpress_future_workflow_manual_trigger":{"enabledWorkflows":[]},"_links":{"self":[{"href":"https:\/\/www.iaff.org\/fr-ca\/wp-json\/wp\/v2\/pages\/87009","targetHints":{"allow":["GET"]}}],"collection":[{"href":"https:\/\/www.iaff.org\/fr-ca\/wp-json\/wp\/v2\/pages"}],"about":[{"href":"https:\/\/www.iaff.org\/fr-ca\/wp-json\/wp\/v2\/types\/page"}],"author":[{"embeddable":true,"href":"https:\/\/www.iaff.org\/fr-ca\/wp-json\/wp\/v2\/users\/3"}],"replies":[{"embeddable":true,"href":"https:\/\/www.iaff.org\/fr-ca\/wp-json\/wp\/v2\/comments?post=87009"}],"version-history":[{"count":0,"href":"https:\/\/www.iaff.org\/fr-ca\/wp-json\/wp\/v2\/pages\/87009\/revisions"}],"up":[{"embeddable":true,"href":"https:\/\/www.iaff.org\/fr-ca\/wp-json\/wp\/v2\/pages\/86926"}],"wp:attachment":[{"href":"https:\/\/www.iaff.org\/fr-ca\/wp-json\/wp\/v2\/media?parent=87009"}],"curies":[{"name":"wp","href":"https:\/\/api.w.org\/{rel}","templated":true}]}}