{"id":86981,"date":"2025-02-26T14:50:21","date_gmt":"2025-02-26T19:50:21","guid":{"rendered":"https:\/\/www.iaff.org\/lhistoire-de-laip\/historique-des-services-medicaux-durgence-dincendie\/"},"modified":"2025-09-29T15:01:13","modified_gmt":"2025-09-29T19:01:13","slug":"historique-des-services-medicaux-durgence-dincendie","status":"publish","type":"page","link":"https:\/\/www.iaff.org\/fr-ca\/lhistoire-de-laip\/historique-des-services-medicaux-durgence-dincendie\/","title":{"rendered":"Historique des services m\u00e9dicaux d\u2019urgence d\u2019incendie"},"content":{"rendered":"<section\n\t class=\"secondary-hero align wp-block-acf-secondary-hero\" id=\"secondary-hero_block_d5e63589741db22eb4060498350ca241\">\n\t\n<header\n\tclass=\"w-full u-bg-full-width px-[22px] md:ps-bleed md:pe-0 py-[60px] bg-smoke-5 text-black u-has-rivets u-rivets-dark\"\n\tdata-theme=\"gray\"\n>\n\t<div class=\"flex flex-col !px-0 !max-w-[1440px] w-full lg:!ps-indent\">\n\t\t<div class=\"border-t-[6px] w-full my-0 flex flex-col md:flex-row gap-x-[62px] gap-y-[22px] border-red\">\n\t\t\t\t\t\t<div class=\"w-full md:w-1\/2 md:py-[45px]\">\n\t\t\t\t<div class=\"max-w-[600px] flex flex-col gap-[22px]\">\n\t\t\t\t\t\t\t\t\t\t\t<h1 class=\"has-[.u-halftone-shadow--dark]:mb-divider has-[.u-halftone-shadow--light]:mb-divider pt-[22px] md:pt-0\">\n\t\t\t\t\t\t\t<span class=\"inline-flex text-heading-200 u-halftone-shadow--dark\">\n\t\t\t\t\t\t\t\tHistorique des services m\u00e9dicaux d\u2019urgence d\u2019incendie\t\t\t\t\t\t\t<\/span>\n\t\t\t\t\t\t<\/h1>\n\t\t\t\t\t\t\t\t\t\t\t\t\t\t\t\t\t\t\t\t\t\t\t\t\t\t\t\t\t<\/div>\n\t\t\t<\/div>\n\n\t\t<\/div>\n\t\t\t\t\t<div class=\"order-first flex justify-start w-full pb-[22px]\">\n\t\t\t\t<div\n\tclass=\"wp-block-button is-style-tertiary text-smoke is-style-tertiary-back\"\n>\n\t\t\t<a\n\t\t\thref=\"https:\/\/www.iaff.org\/fr-ca\/lhistoire-de-laip\/\"\n\t\t\tclass=\"wp-block-button__link wp-element-button group\"\n\t\t\t\t\t>\n\t\t\t<span\n\t\t\tclass=\"decoration-transparent underline underline-offset-2 group-hover:decoration-inherit group-focus-visible:decoration-inherit transition duration-hover\"\n\t\t>\n\t\t\tHistoire de l\u2019IAFF\t\t<\/span>\n\n\t\t<span\n\t\t\tclass=\"bg-inherit transition-colors duration-hover group-hover:bg-gold group-focus:bg-gold inline-flex rotate-180 order-first\"\n\t\t>\n\t\t\t<svg xmlns=\"http:\/\/www.w3.org\/2000\/svg\" width=\"21\" height=\"22\" fill=\"none\" viewBox=\"0 0 21 22\"><path stroke=\"currentColor\" stroke-linecap=\"round\" stroke-width=\"2\" d=\"M20 20.75L20 2.25L1.5 2.25L1.5 20.75L20 20.75Z\" clip-rule=\"evenodd\"\/><path stroke=\"currentColor\" stroke-linecap=\"square\" stroke-width=\"2\" d=\"M14.0883 11.5L6.66406 11.5\"\/><path stroke=\"currentColor\" stroke-linecap=\"square\" stroke-width=\"2\" d=\"M11.0723 7.75205L14.8363 11.5L11.0723 15.248\"\/><\/svg>\t\t<\/span>\n\t<\/a><\/div>\n\t\t\t<\/div>\n\t\t\t<\/div>\n<\/header>\n<\/section>\n<div class=\"wp-block-paragraph \">\n<p>Qu\u2019il s\u2019agisse d\u2019ambulanciers qui arrivent sur les lieux d\u2019urgence avant les ambulances ou de pompiers\/ambulanciers param\u00e9dicaux ayant une formation double qui fournissent des comp\u00e9tences avanc\u00e9es en mati\u00e8re de sauvetage, presque tous les pompiers professionnels aux \u00c9tats-Unis jouent un r\u00f4le essentiel dans la prestation des services m\u00e9dicaux d\u2019urgence, et pratiquement toutes les communaut\u00e9s disposent d\u2019une forme de syst\u00e8me de services m\u00e9dicaux d\u2019urgence (SMU).<\/p>\n<\/div><div class=\"wp-block-paragraph \">\n<p>L\u2019int\u00e9gration g\u00e9n\u00e9ralis\u00e9e des services d\u2019incendie et des services m\u00e9dicaux d\u2019urgence a commenc\u00e9 au milieu et \u00e0 la fin des ann\u00e9es 1970, mais non sans grand d\u00e9bat. \u00c0 l\u2019\u00e9poque, les services m\u00e9dicaux d\u2019urgence n\u2019\u00e9taient pas consid\u00e9r\u00e9s comme une mission de s\u00e9curit\u00e9 publique \u2013 c\u2019\u00e9tait une mission m\u00e9dicale. Les pompiers n\u2019\u00e9taient pas embauch\u00e9s pour faire ce travail et n\u2019\u00e9taient pas int\u00e9ress\u00e9s par l\u2019intervention m\u00e9dicale d\u2019urgence \u2013 ils en avaient d\u00e9j\u00e0 assez \u00e0 faire pour combattre les incendies.  <\/p>\n<\/div>\n<figure class=\"wp-block-gallery has-nested-images columns-default wp-block-gallery-1 is-layout-flex wp-block-gallery-is-layout-flex\">\n<figure data-wp-context=\"{&quot;imageId&quot;:&quot;69ded559d458d&quot;}\" data-wp-interactive=\"core\/image\" data-wp-key=\"69ded559d458d\" class=\"wp-block-image aligncenter wp-lightbox-container\"><img decoding=\"async\" data-wp-class--hide=\"state.isContentHidden\" data-wp-class--show=\"state.isContentVisible\" data-wp-init=\"callbacks.setButtonStyles\" data-wp-on--click=\"actions.showLightbox\" data-wp-on--load=\"callbacks.setButtonStyles\" data-wp-on-window--resize=\"callbacks.setButtonStyles\" data-id=\"3491\" src=\"https:\/\/www.iaff.org\/wp-content\/uploads\/history\/2018\/04\/EMS-1.jpg\" alt=\"\" class=\"wp-image-3491\"><button\n\t\t\tclass=\"lightbox-trigger\"\n\t\t\ttype=\"button\"\n\t\t\taria-haspopup=\"dialog\"\n\t\t\taria-label=\"Enlarge\"\n\t\t\tdata-wp-init=\"callbacks.initTriggerButton\"\n\t\t\tdata-wp-on--click=\"actions.showLightbox\"\n\t\t\tdata-wp-style--right=\"state.imageButtonRight\"\n\t\t\tdata-wp-style--top=\"state.imageButtonTop\"\n\t\t>\n\t\t\t<svg xmlns=\"http:\/\/www.w3.org\/2000\/svg\" width=\"12\" height=\"12\" fill=\"none\" viewBox=\"0 0 12 12\">\n\t\t\t\t<path fill=\"#fff\" d=\"M2 0a2 2 0 0 0-2 2v2h1.5V2a.5.5 0 0 1 .5-.5h2V0H2Zm2 10.5H2a.5.5 0 0 1-.5-.5V8H0v2a2 2 0 0 0 2 2h2v-1.5ZM8 12v-1.5h2a.5.5 0 0 0 .5-.5V8H12v2a2 2 0 0 1-2 2H8Zm2-12a2 2 0 0 1 2 2v2h-1.5V2a.5.5 0 0 0-.5-.5H8V0h2Z\" \/>\n\t\t\t<\/svg>\n\t\t<\/button><\/figure>\n\n\n\n<figure data-wp-context=\"{&quot;imageId&quot;:&quot;69ded559d4e18&quot;}\" data-wp-interactive=\"core\/image\" data-wp-key=\"69ded559d4e18\" class=\"wp-block-image aligncenter wp-lightbox-container\"><img decoding=\"async\" data-wp-class--hide=\"state.isContentHidden\" data-wp-class--show=\"state.isContentVisible\" data-wp-init=\"callbacks.setButtonStyles\" data-wp-on--click=\"actions.showLightbox\" data-wp-on--load=\"callbacks.setButtonStyles\" data-wp-on-window--resize=\"callbacks.setButtonStyles\" data-id=\"3492\" src=\"https:\/\/www.iaff.org\/wp-content\/uploads\/history\/2018\/04\/EMS-3.jpg\" alt=\"\" class=\"wp-image-3492\"><button\n\t\t\tclass=\"lightbox-trigger\"\n\t\t\ttype=\"button\"\n\t\t\taria-haspopup=\"dialog\"\n\t\t\taria-label=\"Enlarge\"\n\t\t\tdata-wp-init=\"callbacks.initTriggerButton\"\n\t\t\tdata-wp-on--click=\"actions.showLightbox\"\n\t\t\tdata-wp-style--right=\"state.imageButtonRight\"\n\t\t\tdata-wp-style--top=\"state.imageButtonTop\"\n\t\t>\n\t\t\t<svg xmlns=\"http:\/\/www.w3.org\/2000\/svg\" width=\"12\" height=\"12\" fill=\"none\" viewBox=\"0 0 12 12\">\n\t\t\t\t<path fill=\"#fff\" d=\"M2 0a2 2 0 0 0-2 2v2h1.5V2a.5.5 0 0 1 .5-.5h2V0H2Zm2 10.5H2a.5.5 0 0 1-.5-.5V8H0v2a2 2 0 0 0 2 2h2v-1.5ZM8 12v-1.5h2a.5.5 0 0 0 .5-.5V8H12v2a2 2 0 0 1-2 2H8Zm2-12a2 2 0 0 1 2 2v2h-1.5V2a.5.5 0 0 0-.5-.5H8V0h2Z\" \/>\n\t\t\t<\/svg>\n\t\t<\/button><\/figure>\n\n\n\n<figure data-wp-context=\"{&quot;imageId&quot;:&quot;69ded559d54c6&quot;}\" data-wp-interactive=\"core\/image\" data-wp-key=\"69ded559d54c6\" class=\"wp-block-image aligncenter wp-lightbox-container\"><img decoding=\"async\" data-wp-class--hide=\"state.isContentHidden\" data-wp-class--show=\"state.isContentVisible\" data-wp-init=\"callbacks.setButtonStyles\" data-wp-on--click=\"actions.showLightbox\" data-wp-on--load=\"callbacks.setButtonStyles\" data-wp-on-window--resize=\"callbacks.setButtonStyles\" data-id=\"3500\" src=\"https:\/\/www.iaff.org\/wp-content\/uploads\/history\/2018\/04\/EMS-5.jpg\" alt=\"\" class=\"wp-image-3500\"><button\n\t\t\tclass=\"lightbox-trigger\"\n\t\t\ttype=\"button\"\n\t\t\taria-haspopup=\"dialog\"\n\t\t\taria-label=\"Enlarge\"\n\t\t\tdata-wp-init=\"callbacks.initTriggerButton\"\n\t\t\tdata-wp-on--click=\"actions.showLightbox\"\n\t\t\tdata-wp-style--right=\"state.imageButtonRight\"\n\t\t\tdata-wp-style--top=\"state.imageButtonTop\"\n\t\t>\n\t\t\t<svg xmlns=\"http:\/\/www.w3.org\/2000\/svg\" width=\"12\" height=\"12\" fill=\"none\" viewBox=\"0 0 12 12\">\n\t\t\t\t<path fill=\"#fff\" d=\"M2 0a2 2 0 0 0-2 2v2h1.5V2a.5.5 0 0 1 .5-.5h2V0H2Zm2 10.5H2a.5.5 0 0 1-.5-.5V8H0v2a2 2 0 0 0 2 2h2v-1.5ZM8 12v-1.5h2a.5.5 0 0 0 .5-.5V8H12v2a2 2 0 0 1-2 2H8Zm2-12a2 2 0 0 1 2 2v2h-1.5V2a.5.5 0 0 0-.5-.5H8V0h2Z\" \/>\n\t\t\t<\/svg>\n\t\t<\/button><\/figure>\n<\/figure>\n<div class=\"wp-block-paragraph \">\n<p>Mais au fil du temps, les pompiers ont adopt\u00e9 la nature changeante du travail. Parall\u00e8lement, les services m\u00e9dicaux d\u2019urgence en cas d\u2019incendie \u00e9taient reconnus comme une ressource essentielle pour des soins pr\u00e9hospitaliers rentables. La valeur de l\u2019utilisation des pompiers pour les interventions m\u00e9dicales d\u2019urgence et d\u2019incendie est maintenant un mod\u00e8le accept\u00e9 pour g\u00e9n\u00e9rer des revenus pour les services d\u2019incendie et une occasion pour les pompiers d\u2019acqu\u00e9rir de nouvelles comp\u00e9tences. Plus important encore, les syst\u00e8mes d\u2019urgence bas\u00e9s sur les incendies offrent une intervention urgente et des soins efficaces aux patients.   <\/p>\n<\/div><div class=\"wp-block-paragraph \">\n<p>Aujourd\u2019hui, les services m\u00e9dicaux d\u2019urgence bas\u00e9s sur les incendies sont une fonction essentielle du service d\u2019incendie, avec pr\u00e8s de 90% des services d\u2019incendie professionnels effectuant un certain niveau de services m\u00e9dicaux d\u2019urgence, ce qui fait des pompiers de carri\u00e8re le plus grand groupe de fournisseurs de soins d\u2019urgence pr\u00e9hospitaliers aux \u00c9tats-Unis. Aucune autre organisation \u2013 publique ou priv\u00e9e \u2013 ne peut fournir une intervention d\u2019urgence pr\u00e9hospitali\u00e8re aussi efficiente et efficace que les services d\u2019incendie. Les pompiers am\u00e9liorent incontestablement les soins aux patients dans le cadre du mod\u00e8le de SMU bas\u00e9 sur les incendies.  <\/p>\n<\/div><div class=\"wp-block-paragraph \">\n<p>Les pompiers polyvalents \u00e0 double r\u00f4le sont form\u00e9s \u00e0 l\u2019extinction des incendies et \u00e0 l\u2019intervention m\u00e9dicale d\u2019urgence. Bon nombre des premiers fournisseurs de services m\u00e9dicaux d\u2019urgence pr\u00e9hospitaliers aux \u00c9tats-Unis \u00e9taient des pompiers ayant re\u00e7u une formation suppl\u00e9mentaire sp\u00e9ciale pour fournir des services m\u00e9dicaux en cas d\u2019urgence \u00e0 l\u2019ext\u00e9rieur de l\u2019h\u00f4pital. Aujourd\u2019hui, pratiquement tous les pompiers re\u00e7oivent une formation m\u00e9dicale d\u2019urgence \u00e0 l\u2019\u00e9cole des recrues ou en cours d\u2019emploi. Les pompiers re\u00e7oivent \u00e9galement un salaire suppl\u00e9mentaire pour les interventions m\u00e9dicales d\u2019urgence. Ces incitatifs suppl\u00e9mentaires prennent plusieurs formes. Certains sont un \u00e9cart de pourcentage au-dessus du salaire de base d\u2019un pompier. D\u2019autres formules comprennent des allocations mensuelles, une indemnit\u00e9 d\u2019accr\u00e9ditation unique ou un montant mensuel ou annuel fixe.      <\/p>\n<\/div><div class=\"wp-block-paragraph \">\n<p>Aux \u00c9tats-Unis, les services m\u00e9dicaux d\u2019urgence en cas d\u2019incendie continuent de subir des changements importants qui ont effectivement \u00e9largi le travail des pompiers et des ambulanciers param\u00e9dicaux pour r\u00e9pondre \u00e0 des besoins qui n\u2019\u00e9taient auparavant fournis que par les h\u00f4pitaux. De plus, les services d\u2019incendie \u00e9valuent continuellement les syst\u00e8mes actuels et proposent des changements pour les aider \u00e0 rester \u00e9conomiquement viables et \u00e0 prot\u00e9ger la qualit\u00e9 et la valeur des syst\u00e8mes d\u2019urgence d\u2019incendie financ\u00e9s par l\u2019\u00c9tat. <\/p>\n<\/div>\n<figure data-wp-context=\"{&quot;imageId&quot;:&quot;69ded559d7069&quot;}\" data-wp-interactive=\"core\/image\" data-wp-key=\"69ded559d7069\" class=\"wp-block-image aligncenter is-resized wp-lightbox-container\"><img decoding=\"async\" data-wp-class--hide=\"state.isContentHidden\" data-wp-class--show=\"state.isContentVisible\" data-wp-init=\"callbacks.setButtonStyles\" data-wp-on--click=\"actions.showLightbox\" data-wp-on--load=\"callbacks.setButtonStyles\" data-wp-on-window--resize=\"callbacks.setButtonStyles\" src=\"https:\/\/www.iaff.org\/wp-content\/uploads\/history\/2018\/04\/EMS-2.jpg\" alt=\"\" class=\"wp-image-3495\" style=\"width:700px\"><button\n\t\t\tclass=\"lightbox-trigger\"\n\t\t\ttype=\"button\"\n\t\t\taria-haspopup=\"dialog\"\n\t\t\taria-label=\"Enlarge\"\n\t\t\tdata-wp-init=\"callbacks.initTriggerButton\"\n\t\t\tdata-wp-on--click=\"actions.showLightbox\"\n\t\t\tdata-wp-style--right=\"state.imageButtonRight\"\n\t\t\tdata-wp-style--top=\"state.imageButtonTop\"\n\t\t>\n\t\t\t<svg xmlns=\"http:\/\/www.w3.org\/2000\/svg\" width=\"12\" height=\"12\" fill=\"none\" viewBox=\"0 0 12 12\">\n\t\t\t\t<path fill=\"#fff\" d=\"M2 0a2 2 0 0 0-2 2v2h1.5V2a.5.5 0 0 1 .5-.5h2V0H2Zm2 10.5H2a.5.5 0 0 1-.5-.5V8H0v2a2 2 0 0 0 2 2h2v-1.5ZM8 12v-1.5h2a.5.5 0 0 0 .5-.5V8H12v2a2 2 0 0 1-2 2H8Zm2-12a2 2 0 0 1 2 2v2h-1.5V2a.5.5 0 0 0-.5-.5H8V0h2Z\" \/>\n\t\t\t<\/svg>\n\t\t<\/button><\/figure>\n<div class=\"wp-block-paragraph \">\n<p>Les nouveaux d\u00e9fis comprennent la possibilit\u00e9 d\u2019int\u00e9grer davantage l\u2019intervention des services m\u00e9dicaux d\u2019urgence dans le syst\u00e8me de sant\u00e9 du pays afin de r\u00e9duire les co\u00fbts pour les patients et les fournisseurs de soins de sant\u00e9 et d\u2019augmenter les revenus des gouvernements locaux. La fiabilit\u00e9, la mobilit\u00e9 et l\u2019accessibilit\u00e9 des services d\u2019urgence d\u2019incendie placent les services d\u2019incendie dans une position unique pour am\u00e9liorer la s\u00e9curit\u00e9 publique et r\u00e9pondre aux besoins en mati\u00e8re de soins de sant\u00e9 des communaut\u00e9s qu\u2019ils desservent. <\/p>\n<\/div><div class=\"wp-block-paragraph \">\n<p>Un nouveau mod\u00e8le d\u2019EMS bas\u00e9 sur les incendies est en train d\u2019\u00e9merger, appel\u00e9 les fournisseurs de soins de sant\u00e9 communautaires (ou ambulanciers param\u00e9dicaux communautaires). L\u2019id\u00e9e est de former des ambulanciers param\u00e9dicaux ou des ambulanciers param\u00e9dicaux agr\u00e9\u00e9s et certifi\u00e9s pour fournir des services de sant\u00e9 publique plus larges \u00e0 l\u2019ext\u00e9rieur du service des urgences ou de l\u2019h\u00f4pital. <\/p>\n<\/div><div class=\"wp-block-paragraph \">\n<p>Les pr\u00e9cautions universelles sont une norme de l\u2019industrie pour le contr\u00f4le des infections. Tout le sang humain et certains liquides corporels humains sont tous trait\u00e9s comme s\u2019ils \u00e9taient infectieux pour le virus de l\u2019immunod\u00e9ficience humaine (VIH), le virus de l\u2019h\u00e9patite B (VHB) et d\u2019autres agents pathog\u00e8nes transmissibles par le sang. Dans de nombreuses conventions collectives aux \u00c9tats-Unis, il existe des clauses concernant les inoculations, les tests et le d\u00e9pistage, ainsi que l\u2019\u00e9quipement de protection individuelle (EPI) appropri\u00e9.  <\/p>\n<\/div>\n<figure data-wp-context=\"{&quot;imageId&quot;:&quot;69ded559d7656&quot;}\" data-wp-interactive=\"core\/image\" data-wp-key=\"69ded559d7656\" class=\"wp-block-image aligncenter is-resized wp-lightbox-container\"><img decoding=\"async\" data-wp-class--hide=\"state.isContentHidden\" data-wp-class--show=\"state.isContentVisible\" data-wp-init=\"callbacks.setButtonStyles\" data-wp-on--click=\"actions.showLightbox\" data-wp-on--load=\"callbacks.setButtonStyles\" data-wp-on-window--resize=\"callbacks.setButtonStyles\" src=\"https:\/\/www.iaff.org\/wp-content\/uploads\/history\/2018\/04\/EMS-4.jpg\" alt=\"\" class=\"wp-image-3499\" style=\"width:700px\"><button\n\t\t\tclass=\"lightbox-trigger\"\n\t\t\ttype=\"button\"\n\t\t\taria-haspopup=\"dialog\"\n\t\t\taria-label=\"Enlarge\"\n\t\t\tdata-wp-init=\"callbacks.initTriggerButton\"\n\t\t\tdata-wp-on--click=\"actions.showLightbox\"\n\t\t\tdata-wp-style--right=\"state.imageButtonRight\"\n\t\t\tdata-wp-style--top=\"state.imageButtonTop\"\n\t\t>\n\t\t\t<svg xmlns=\"http:\/\/www.w3.org\/2000\/svg\" width=\"12\" height=\"12\" fill=\"none\" viewBox=\"0 0 12 12\">\n\t\t\t\t<path fill=\"#fff\" d=\"M2 0a2 2 0 0 0-2 2v2h1.5V2a.5.5 0 0 1 .5-.5h2V0H2Zm2 10.5H2a.5.5 0 0 1-.5-.5V8H0v2a2 2 0 0 0 2 2h2v-1.5ZM8 12v-1.5h2a.5.5 0 0 0 .5-.5V8H12v2a2 2 0 0 1-2 2H8Zm2-12a2 2 0 0 1 2 2v2h-1.5V2a.5.5 0 0 0-.5-.5H8V0h2Z\" \/>\n\t\t\t<\/svg>\n\t\t<\/button><\/figure>\n<div class=\"wp-block-paragraph \">\n<p>Le SMU n\u2019est pas un service qui commence par le transport d\u2019une victime \u00e0 un \u00e9tablissement de soins d\u2019urgence. Cela commence par un appel au 9-1-1 et l\u2019envoi de personnel m\u00e9dical d\u2019urgence hautement qualifi\u00e9 et form\u00e9 des services d\u2019incendie locaux qui fournissent des soins de base et avanc\u00e9s. Alors que les gouvernements locaux et les d\u00e9cideurs envisagent des plans strat\u00e9giques pour un syst\u00e8me d\u2019intervention d\u2019urgence tous risques, les services m\u00e9dicaux d\u2019urgence devraient \u00eatre inclus dans ces consid\u00e9rations en tant qu\u2019organisme d\u2019intervention d\u2019urgence pr\u00e9hospitalier le plus id\u00e9al.  <\/p>\n<\/div><div class=\"wp-block-paragraph \">\n<p>La r\u00e9alit\u00e9 aujourd\u2019hui est que le service d\u2019incendie aux \u00c9tats-Unis est devenu le premier intervenant m\u00e9dical en cas de maladies graves et de blessures dans pratiquement toutes les communaut\u00e9s. Quel que soit l\u2019organisme qui fournit des services de transport m\u00e9dical, le service d\u2019incendie est le premier organisme qui fournit des services de sant\u00e9 sur place dans la plupart des conditions d\u2019urgence. Par cons\u00e9quent, l\u2019intervention d\u2019urgence pr\u00e9hospitali\u00e8re 9-1-1, \u00e0 l\u2019appui de la sant\u00e9, de la s\u00e9curit\u00e9 et de la prosp\u00e9rit\u00e9 de la collectivit\u00e9, n\u2019est pas seulement une fonction cl\u00e9 de chaque collectivit\u00e9, elle est devenue, presque universellement, une t\u00e2che principale du service d\u2019incendie.  <\/p>\n<\/div><div class=\"wp-block-paragraph \">\n<p>Le r\u00f4le des pompiers dans les services m\u00e9dicaux d\u2019urgence fait encore l\u2019objet d\u2019un grand d\u00e9bat au Canada, aliment\u00e9 par des renseignements trompeurs de fournisseurs de services rivaux qui craignent que les pompiers ne privent des emplois d\u2019ambulanciers param\u00e9dicaux plut\u00f4t que d\u2019y voir une occasion de travailler c\u00f4te \u00e0 c\u00f4te dans un syst\u00e8me qui donne la priorit\u00e9 aux patients. La grande majorit\u00e9 des pompiers au Canada sont form\u00e9s avec des comp\u00e9tences m\u00e9dicales. <\/p>\n<\/div>\n<figure data-wp-context=\"{&quot;imageId&quot;:&quot;69ded559d7b79&quot;}\" data-wp-interactive=\"core\/image\" data-wp-key=\"69ded559d7b79\" class=\"wp-block-image aligncenter is-resized wp-lightbox-container\"><img decoding=\"async\" data-wp-class--hide=\"state.isContentHidden\" data-wp-class--show=\"state.isContentVisible\" data-wp-init=\"callbacks.setButtonStyles\" data-wp-on--click=\"actions.showLightbox\" data-wp-on--load=\"callbacks.setButtonStyles\" data-wp-on-window--resize=\"callbacks.setButtonStyles\" src=\"https:\/\/www.iaff.org\/wp-content\/uploads\/history\/2018\/04\/Elderly-pic.jpg\" alt=\"\" class=\"wp-image-3498\" style=\"width:700px\"><button\n\t\t\tclass=\"lightbox-trigger\"\n\t\t\ttype=\"button\"\n\t\t\taria-haspopup=\"dialog\"\n\t\t\taria-label=\"Enlarge\"\n\t\t\tdata-wp-init=\"callbacks.initTriggerButton\"\n\t\t\tdata-wp-on--click=\"actions.showLightbox\"\n\t\t\tdata-wp-style--right=\"state.imageButtonRight\"\n\t\t\tdata-wp-style--top=\"state.imageButtonTop\"\n\t\t>\n\t\t\t<svg xmlns=\"http:\/\/www.w3.org\/2000\/svg\" width=\"12\" height=\"12\" fill=\"none\" viewBox=\"0 0 12 12\">\n\t\t\t\t<path fill=\"#fff\" d=\"M2 0a2 2 0 0 0-2 2v2h1.5V2a.5.5 0 0 1 .5-.5h2V0H2Zm2 10.5H2a.5.5 0 0 1-.5-.5V8H0v2a2 2 0 0 0 2 2h2v-1.5ZM8 12v-1.5h2a.5.5 0 0 0 .5-.5V8H12v2a2 2 0 0 1-2 2H8Zm2-12a2 2 0 0 1 2 2v2h-1.5V2a.5.5 0 0 0-.5-.5H8V0h2Z\" \/>\n\t\t\t<\/svg>\n\t\t<\/button><\/figure>\n\n<h3 class=\"wp-block-heading\">CHRONOLOGIE<\/h3>\n<div class=\"wp-block-paragraph \">\n<p>1940 \u2013 Columbus, Ohio, est le premier service d\u2019incendie des \u00c9tats-Unis \u00e0 avoir tous ses membres form\u00e9s en premiers soins. Les pompiers devaient avoir au moins 30 heures de secourisme, servir d\u2019instructeurs de premiers soins et suivre des cours de sauvetage aquatique. <\/p>\n<\/div><div class=\"wp-block-paragraph \">\n<p>Ann\u00e9es 1960 \u2013 Les exp\u00e9riences de traitement des soldats bless\u00e9s en Cor\u00e9e et au Vietnam ont amen\u00e9 les chercheurs \u00e0 \u00e9tudier les taux de survie aux traumatismes, en fonction des soins d\u2019urgence. \u00c0 leur grande surprise, ils ont constat\u00e9 que les soldats gri\u00e8vement bless\u00e9s au Vietnam avaient un meilleur taux de survie que les personnes bless\u00e9es dans des accidents de la route sur les autoroutes et les autoroutes am\u00e9ricaines. <\/p>\n<\/div><div class=\"wp-block-paragraph \">\n<p>Le rapport a confirm\u00e9 que les services ambulanciers \u00e9taient de nature diversifi\u00e9e et que la plupart des ambulances utilis\u00e9es \u00e9taient inappropri\u00e9es, avaient un \u00e9quipement incomplet, des fournitures inad\u00e9quates et \u00e9taient dot\u00e9es de pr\u00e9pos\u00e9s non form\u00e9s. Les recommandations pour la pr\u00e9vention et la gestion des blessures accidentelles comprenaient la normalisation de la formation d\u2019urgence pour \u00ab le personnel de l\u2019escouade de sauvetage, les policiers, les pompiers et les ambulanciers \u00bb. <\/p>\n<\/div><div class=\"wp-block-paragraph \">\n<p>1966 \u2013 Une l\u00e9gislation importante est au c\u0153ur du nouveau service m\u00e9dical d\u2019urgence (SMU) \u2013 la Loi nationale sur la s\u00e9curit\u00e9 routi\u00e8re de 1966 est cr\u00e9\u00e9e pour am\u00e9liorer la s\u00e9curit\u00e9 routi\u00e8re et r\u00e9glementer les SMU. Cette loi a men\u00e9 au premier programme d\u2019\u00e9tudes reconnu \u00e0 l\u2019\u00e9chelle nationale pour les SMU \u2013 Technicien m\u00e9dical d\u2019urgence \u2013 ambulance (EMT-A), qui a \u00e9t\u00e9 publi\u00e9 en 1969. <\/p>\n<\/div><div class=\"wp-block-paragraph \">\n<p>1972 \u2013 Les soins de niveau avanc\u00e9 \u2013 du moins tels qu\u2019ils \u00e9taient per\u00e7us par le public \u2013 ont \u00e9t\u00e9 influenc\u00e9s par l\u2019\u00e9mission de t\u00e9l\u00e9vision embl\u00e9matique Emergency! qui montrait des ambulanciers param\u00e9dicaux prodiguant des soins d\u2019une mani\u00e8re avanc\u00e9e jamais vue auparavant.<\/p>\n<\/div>","protected":false},"excerpt":{"rendered":"<p>Qu\u2019il s\u2019agisse d\u2019ambulanciers qui arrivent sur les lieux d\u2019urgence avant les ambulances ou de pompiers\/ambulanciers param\u00e9dicaux ayant une formation double qui fournissent des comp\u00e9tences avanc\u00e9es en mati\u00e8re de sauvetage, presque [&hellip;]<\/p>\n","protected":false},"featured_media":0,"parent":86926,"menu_order":0,"comment_status":"closed","ping_status":"closed","template":"","meta":{"_acf_changed":false,"_searchwp_excluded":"","inline_featured_image":false,"_EventAllDay":false,"_EventTimezone":"","_EventStartDate":"","_EventEndDate":"","_EventStartDateUTC":"","_EventEndDateUTC":"","_EventShowMap":false,"_EventShowMapLink":false,"_EventURL":"","_EventCost":"","_EventCostDescription":"","_EventCurrencySymbol":"","_EventCurrencyCode":"","_EventCurrencyPosition":"","_EventDateTimeSeparator":"","_EventTimeRangeSeparator":"","_EventOrganizerID":[],"_EventVenueID":[],"_OrganizerEmail":"","_OrganizerPhone":"","_OrganizerWebsite":"","_VenueAddress":"","_VenueCity":"","_VenueCountry":"","_VenueProvince":"","_VenueState":"","_VenueZip":"","_VenuePhone":"","_VenueURL":"","_VenueStateProvince":"","_VenueLat":"","_VenueLng":"","_VenueShowMap":false,"_VenueShowMapLink":false,"footnotes":""},"class_list":["post-86981","page","type-page","status-publish","hentry"],"acf":[],"publishpress_future_workflow_manual_trigger":{"enabledWorkflows":[]},"_links":{"self":[{"href":"https:\/\/www.iaff.org\/fr-ca\/wp-json\/wp\/v2\/pages\/86981","targetHints":{"allow":["GET"]}}],"collection":[{"href":"https:\/\/www.iaff.org\/fr-ca\/wp-json\/wp\/v2\/pages"}],"about":[{"href":"https:\/\/www.iaff.org\/fr-ca\/wp-json\/wp\/v2\/types\/page"}],"author":[{"embeddable":true,"href":"https:\/\/www.iaff.org\/fr-ca\/wp-json\/wp\/v2\/users\/3"}],"replies":[{"embeddable":true,"href":"https:\/\/www.iaff.org\/fr-ca\/wp-json\/wp\/v2\/comments?post=86981"}],"version-history":[{"count":0,"href":"https:\/\/www.iaff.org\/fr-ca\/wp-json\/wp\/v2\/pages\/86981\/revisions"}],"up":[{"embeddable":true,"href":"https:\/\/www.iaff.org\/fr-ca\/wp-json\/wp\/v2\/pages\/86926"}],"wp:attachment":[{"href":"https:\/\/www.iaff.org\/fr-ca\/wp-json\/wp\/v2\/media?parent=86981"}],"curies":[{"name":"wp","href":"https:\/\/api.w.org\/{rel}","templated":true}]}}