{"id":80266,"date":"2024-10-29T10:48:42","date_gmt":"2024-10-29T14:48:42","guid":{"rendered":"https:\/\/www.iaff.org\/sommet-sur-la-formation-en-leadership-des-affilies-sfla-2\/seances-dinformation-alts\/"},"modified":"2024-11-05T13:29:40","modified_gmt":"2024-11-05T18:29:40","slug":"seances-dinformation-alts","status":"publish","type":"page","link":"https:\/\/www.iaff.org\/fr-ca\/alts\/seances-dinformation-alts\/","title":{"rendered":"S\u00e9ances d\u2019information alts"},"content":{"rendered":"<section\n\t class=\"secondary-hero align wp-block-acf-secondary-hero\" id=\"secondary-hero_block_9a6a79502170663cfe4bf58adca6b331\">\n\t\n<header\n\tclass=\"w-full u-bg-full-width px-[22px] md:ps-bleed md:pe-0 py-[60px] bg-smoke-5 text-black u-has-rivets u-rivets-dark\"\n\tdata-theme=\"gray\"\n>\n\t<div class=\"flex flex-col !px-0 !max-w-[1440px] w-full lg:!ps-indent\">\n\t\t<div class=\"border-t-[6px] w-full my-0 flex flex-col md:flex-row gap-x-[62px] gap-y-[22px] border-red\">\n\t\t\t\t\t\t\t<div class=\"relative grid md:order-last md:w-1\/2 overflow-hidden place-items-center aspect-[157\/105]\">\n\t\t\t\t\t<img decoding=\"async\" width=\"1202\" height=\"800\" src=\"https:\/\/www.iaff.org\/wp-content\/uploads\/2024\/10\/ALTS-Summit-1-28-24-175-1-1202x800.jpg\" class=\"absolute object-cover min-w-full h-full\" alt=\"\" srcset=\"https:\/\/www.iaff.org\/wp-content\/uploads\/2024\/10\/ALTS-Summit-1-28-24-175-1-1202x800.jpg 1202w, https:\/\/www.iaff.org\/wp-content\/uploads\/2024\/10\/ALTS-Summit-1-28-24-175-1-300x200.jpg 300w, https:\/\/www.iaff.org\/wp-content\/uploads\/2024\/10\/ALTS-Summit-1-28-24-175-1-1024x681.jpg 1024w, https:\/\/www.iaff.org\/wp-content\/uploads\/2024\/10\/ALTS-Summit-1-28-24-175-1-768x511.jpg 768w, https:\/\/www.iaff.org\/wp-content\/uploads\/2024\/10\/ALTS-Summit-1-28-24-175-1-1536x1022.jpg 1536w, https:\/\/www.iaff.org\/wp-content\/uploads\/2024\/10\/ALTS-Summit-1-28-24-175-1-240x160.jpg 240w, https:\/\/www.iaff.org\/wp-content\/uploads\/2024\/10\/ALTS-Summit-1-28-24-175-1-1217x810.jpg 1217w, https:\/\/www.iaff.org\/wp-content\/uploads\/2024\/10\/ALTS-Summit-1-28-24-175-1.jpg 2000w\" sizes=\"(max-width: 1202px) 100vw, 1202px\" \/>\t\t\t\t<\/div>\n\t\t\t\t\t\t<div class=\"w-full md:w-1\/2 md:py-[45px]\">\n\t\t\t\t<div class=\"max-w-[600px] flex flex-col gap-[22px]\">\n\t\t\t\t\t\t\t\t\t\t\t<h1 class=\"has-[.u-halftone-shadow--dark]:mb-divider has-[.u-halftone-shadow--light]:mb-divider\">\n\t\t\t\t\t\t\t<span class=\"inline-flex text-heading-200 u-halftone-shadow--dark\">\n\t\t\t\t\t\t\t\tS\u00e9ances d\u2019information\t\t\t\t\t\t\t<\/span>\n\t\t\t\t\t\t<\/h1>\n\t\t\t\t\t\t\t\t\t\t\t\t\t\t\t\t<div class=\"text-body-300 font-sans\">\n\t\t\t\t\t\t\t<p>LUNDI, JANV. 6<br \/>\n15 h 30-16 h 30<\/p>\n\t\t\t\t\t\t<\/div>\n\t\t\t\t\t\t\t\t\t\t\t\t\t\t\t\t\t\t\t\t\t\t\t\t<\/div>\n\t\t\t<\/div>\n\n\t\t<\/div>\n\t\t\t\t\t<div class=\"order-first flex justify-start w-full pb-[22px]\">\n\t\t\t\t<div\n\tclass=\"wp-block-button is-style-tertiary text-smoke is-style-tertiary-back\"\n>\n\t\t\t<a\n\t\t\thref=\"https:\/\/www.iaff.org\/alts\/\"\n\t\t\tclass=\"wp-block-button__link wp-element-button group\"\n\t\t\t\t\t>\n\t\t\t<span\n\t\t\tclass=\"decoration-transparent underline underline-offset-2 group-hover:decoration-inherit group-focus-visible:decoration-inherit transition duration-hover\"\n\t\t>\n\t\t\tSommet de formation en leadership des affili\u00e9s (ALTS)\t\t<\/span>\n\n\t\t<span\n\t\t\tclass=\"bg-inherit transition-colors duration-hover group-hover:bg-gold group-focus:bg-gold inline-flex rotate-180 order-first\"\n\t\t>\n\t\t\t<svg xmlns=\"http:\/\/www.w3.org\/2000\/svg\" width=\"21\" height=\"22\" fill=\"none\" viewBox=\"0 0 21 22\"><path stroke=\"currentColor\" stroke-linecap=\"round\" stroke-width=\"2\" d=\"M20 20.75L20 2.25L1.5 2.25L1.5 20.75L20 20.75Z\" clip-rule=\"evenodd\"\/><path stroke=\"currentColor\" stroke-linecap=\"square\" stroke-width=\"2\" d=\"M14.0883 11.5L6.66406 11.5\"\/><path stroke=\"currentColor\" stroke-linecap=\"square\" stroke-width=\"2\" d=\"M11.0723 7.75205L14.8363 11.5L11.0723 15.248\"\/><\/svg>\t\t<\/span>\n\t<\/a><\/div>\n\t\t\t<\/div>\n\t\t\t<\/div>\n<\/header>\n<\/section>\n<section\n\t class=\"page-blocks iaff-page-blocks align wp-block-acf-page-blocks\" id=\"page-blocks_block_ba56ad823a47b65c4898a6747fb27a60\">\n\t<div class=\"acf-innerblocks-container\">\n<section\n\t class=\"card-grid pt-5 align wp-block-acf-card-grid\" id=\"card-grid_block_d2f4fab5a93d804911fdec340cfa6d23\">\n\t\n\t<div class=\"iaff-card-grid md:px-indent\">\n\t\t\t\t<div class=\"acf-innerblocks-container\">\n<article\n\t class=\"course-card align wp-block-acf-course-card\" id=\"course-card_block_acca97812908f48f8ed279d665f4588c\">\n\t<div class=\"p-0 flex flex-col w-full h-full group\">\t<div class=\"bg-halftone-dark p-3 min-h-divider w-full grid place-items-center\"><\/div>\n\t<div class=\"relative px-10 py-9 bg-smoke\/5 text-body-500 flex flex-col gap-card-gap flex-1\">\n\t\t\t\t\t<h4 class=\"text-heading-400-serif\">\n\t\t\t\tAdministrateurs et dirigeants Assurance responsabilit\u00e9 \/Obligation de l\u2019organisation du travail\t\t\t<\/h4>\n\t\t\t\t<div class=\"flex flex-col gap-5 justify-between text-body-500 flex-1\">\n\t\t\t<div class=\"flex flex-col gap-card-gap\">\n\t\t\t\t\t\t\t\t\t\t\t\t\t<!-- Duration styled as a subhead -->\n\t\t\t\t\t<div class=\"\">\n\t\t\t\t\t\tD\u00e9couvrez comment l\u2019assurance responsabilit\u00e9 civile des administrateurs et des dirigeants et l\u2019obligation de fid\u00e9lit\u00e9 de l\u2019organisation syndicale peuvent prot\u00e9ger votre section locale contre les mauvaises d\u00e9cisions de gestion, le vol et l\u2019inconduite financi\u00e8re.\t\t\t\t\t<\/div>\n\t\t\t\t\t\t\t<\/div>\n\t\t\t\t\t<\/div>\n\t<\/div>\n\t<\/div><\/article>\n\n\n<article\n\t class=\"course-card align wp-block-acf-course-card\" id=\"course-card_block_b5209a3febea571b26025a830caa13c9\">\n\t<div class=\"p-0 flex flex-col w-full h-full group\">\t<div class=\"bg-halftone-dark p-3 min-h-divider w-full grid place-items-center\"><\/div>\n\t<div class=\"relative px-10 py-9 bg-smoke\/5 text-body-500 flex flex-col gap-card-gap flex-1\">\n\t\t\t\t\t<h4 class=\"text-heading-400-serif\">\n\t\t\t\tFIREPAC\t\t\t<\/h4>\n\t\t\t\t<div class=\"flex flex-col gap-5 justify-between text-body-500 flex-1\">\n\t\t\t<div class=\"flex flex-col gap-card-gap\">\n\t\t\t\t\t\t\t\t\t\t\t\t\t<!-- Duration styled as a subhead -->\n\t\t\t\t\t<div class=\"\">\n\t\t\t\t\t\tLe FIREPAC habilite les pompiers \u00e0 influencer les d\u00e9cisions politiques qui touchent leur travail en \u00e9tablissant des relations avec les d\u00e9cideurs et en appuyant les campagnes \u00e0 tous les ordres de gouvernement.\t\t\t\t\t<\/div>\n\t\t\t\t\t\t\t<\/div>\n\t\t\t\t\t<\/div>\n\t<\/div>\n\t<\/div><\/article>\n\n\n<article\n\t class=\"course-card align wp-block-acf-course-card\" id=\"course-card_block_1361124ac81b74416e215d58707930bd\">\n\t<div class=\"p-0 flex flex-col w-full h-full group\">\t<div class=\"bg-halftone-dark p-3 min-h-divider w-full grid place-items-center\"><\/div>\n\t<div class=\"relative px-10 py-9 bg-smoke\/5 text-body-500 flex flex-col gap-card-gap flex-1\">\n\t\t\t\t\t<h4 class=\"text-heading-400-serif\">\n\t\t\t\tFire Safety Research Institute (FSRI) Rapport Maui\t\t\t<\/h4>\n\t\t\t\t<div class=\"flex flex-col gap-5 justify-between text-body-500 flex-1\">\n\t\t\t<div class=\"flex flex-col gap-card-gap\">\n\t\t\t\t\t\t\t\t\t\t\t\t\t<!-- Duration styled as a subhead -->\n\t\t\t\t\t<div class=\"\">\n\t\t\t\t\t\tCette pr\u00e9sentation offre un aper\u00e7u des deux premi\u00e8res phases de l\u2019analyse ind\u00e9pendante de la FSRI des feux de for\u00eat d\u00e9vastateurs de Lahaina en ao\u00fbt 2023, command\u00e9e par le procureur g\u00e9n\u00e9ral.  \t\t\t\t\t<\/div>\n\t\t\t\t\t\t\t<\/div>\n\t\t\t\t\t<\/div>\n\t<\/div>\n\t<\/div><\/article>\n\n\n<article\n\t class=\"course-card align wp-block-acf-course-card\" id=\"course-card_block_f224c149078b985174ad30b38128c9b0\">\n\t<div class=\"p-0 flex flex-col w-full h-full group\">\t<div class=\"bg-halftone-dark p-3 min-h-divider w-full grid place-items-center\"><\/div>\n\t<div class=\"relative px-10 py-9 bg-smoke\/5 text-body-500 flex flex-col gap-card-gap flex-1\">\n\t\t\t\t\t<h4 class=\"text-heading-400-serif\">\n\t\t\t\tQuestions de relations humaines pour les femmes  \t\t\t<\/h4>\n\t\t\t\t<div class=\"flex flex-col gap-5 justify-between text-body-500 flex-1\">\n\t\t\t<div class=\"flex flex-col gap-card-gap\">\n\t\t\t\t\t\t\t\t\t\t\t\t\t<!-- Duration styled as a subhead -->\n\t\t\t\t\t<div class=\"\">\n\t\t\t\t\t\tIl s\u2019agit d\u2019une discussion de groupe sur des questions importantes touchant les femmes dans les services d\u2019incendie.\t\t\t\t\t<\/div>\n\t\t\t\t\t\t\t<\/div>\n\t\t\t\t\t<\/div>\n\t<\/div>\n\t<\/div><\/article>\n\n\n<article\n\t class=\"course-card align wp-block-acf-course-card\" id=\"course-card_block_4945273820eb64539a56c15edd1d8855\">\n\t<div class=\"p-0 flex flex-col w-full h-full group\">\t<div class=\"bg-halftone-dark p-3 min-h-divider w-full grid place-items-center\"><\/div>\n\t<div class=\"relative px-10 py-9 bg-smoke\/5 text-body-500 flex flex-col gap-card-gap flex-1\">\n\t\t\t\t\t<h4 class=\"text-heading-400-serif\">\n\t\t\t\tRessources de l\u2019AIP sur la sant\u00e9 comportementale que vous devez conna\u00eetre\t\t\t<\/h4>\n\t\t\t\t<div class=\"flex flex-col gap-5 justify-between text-body-500 flex-1\">\n\t\t\t<div class=\"flex flex-col gap-card-gap\">\n\t\t\t\t\t\t\t\t\t\t\t\t\t<!-- Duration styled as a subhead -->\n\t\t\t\t\t<div class=\"\">\n\t\t\t\t\t\tRejoignez ce panel pour un aper\u00e7u complet des ressources et de la formation essentielles en mati\u00e8re de sant\u00e9 comportementale afin de renforcer la r\u00e9silience de votre d\u00e9partement pour l\u2019avenir.\t\t\t\t\t<\/div>\n\t\t\t\t\t\t\t<\/div>\n\t\t\t\t\t<\/div>\n\t<\/div>\n\t<\/div><\/article>\n\n\n<article\n\t class=\"course-card align wp-block-acf-course-card\" id=\"course-card_block_a7baa7e78111898e30d06d9b84b25f37\">\n\t<div class=\"p-0 flex flex-col w-full h-full group\">\t<div class=\"bg-halftone-dark p-3 min-h-divider w-full grid place-items-center\"><\/div>\n\t<div class=\"relative px-10 py-9 bg-smoke\/5 text-body-500 flex flex-col gap-card-gap flex-1\">\n\t\t\t\t\t<h4 class=\"text-heading-400-serif\">\n\t\t\t\tMise \u00e0 jour du projet d\u2019EPI de l\u2019AIP\t\t\t<\/h4>\n\t\t\t\t<div class=\"flex flex-col gap-5 justify-between text-body-500 flex-1\">\n\t\t\t<div class=\"flex flex-col gap-card-gap\">\n\t\t\t\t\t\t\t\t\t\t\t\t\t<!-- Duration styled as a subhead -->\n\t\t\t\t\t<div class=\"\">\n\t\t\t\t\t\tCette pr\u00e9sentation couvre le projet financ\u00e9 par l\u2019AFG de l\u2019AIP visant \u00e0 \u00e9valuer et \u00e0 am\u00e9liorer la conception de l\u2019EPI des pompiers, y compris les mises \u00e0 jour sur l\u2019\u00e9valuation continue des risques et des risques.\t\t\t\t\t<\/div>\n\t\t\t\t\t\t\t<\/div>\n\t\t\t\t\t<\/div>\n\t<\/div>\n\t<\/div><\/article>\n\n\n<article\n\t class=\"course-card align wp-block-acf-course-card\" id=\"course-card_block_8fbc63a6789134adafeb59a62b7586be\">\n\t<div class=\"p-0 flex flex-col w-full h-full group\">\t<div class=\"bg-halftone-dark p-3 min-h-divider w-full grid place-items-center\"><\/div>\n\t<div class=\"relative px-10 py-9 bg-smoke\/5 text-body-500 flex flex-col gap-card-gap flex-1\">\n\t\t\t\t\t<h4 class=\"text-heading-400-serif\">\n\t\t\t\tDiscussion conjointe MDA\/ALS\t\t\t<\/h4>\n\t\t\t\t<div class=\"flex flex-col gap-5 justify-between text-body-500 flex-1\">\n\t\t\t<div class=\"flex flex-col gap-card-gap\">\n\t\t\t\t\t\t\t\t\t\t\t\t\t<!-- Duration styled as a subhead -->\n\t\t\t\t\t<div class=\"\">\n\t\t\t\t\t\tRenseignez-vous sur l\u2019initiative ALTS de l\u2019AIP\/MDA, qui explore le lien entre la lutte contre les incendies et la SLA, soutient la recherche et stimule les efforts l\u00e9gislatifs, avec des possibilit\u00e9s de participation des membres.\t\t\t\t\t<\/div>\n\t\t\t\t\t\t\t<\/div>\n\t\t\t\t\t<\/div>\n\t<\/div>\n\t<\/div><\/article>\n\n\n<article\n\t class=\"course-card align wp-block-acf-course-card\" id=\"course-card_block_0f12b511ccd552ecbf4865256e09ca24\">\n\t<div class=\"p-0 flex flex-col w-full h-full group\">\t<div class=\"bg-halftone-dark p-3 min-h-divider w-full grid place-items-center\"><\/div>\n\t<div class=\"relative px-10 py-9 bg-smoke\/5 text-body-500 flex flex-col gap-card-gap flex-1\">\n\t\t\t\t\t<h4 class=\"text-heading-400-serif\">\n\t\t\t\tD\u00e9fense des int\u00e9r\u00eats en mati\u00e8re de d\u00e9pistage m\u00e9dical\t\t\t<\/h4>\n\t\t\t\t<div class=\"flex flex-col gap-5 justify-between text-body-500 flex-1\">\n\t\t\t<div class=\"flex flex-col gap-card-gap\">\n\t\t\t\t\t\t\t\t\t\t\t\t\t<!-- Duration styled as a subhead -->\n\t\t\t\t\t<div class=\"\">\n\t\t\t\t\t\tCette s\u00e9ance aide les pompiers \u00e0 surmonter les obstacles aux examens m\u00e9dicaux en d\u00e9fendant leurs propres int\u00e9r\u00eats, en poursuivant des tests plus pr\u00e9coces ou suppl\u00e9mentaires et en \u00e9duquant leurs m\u00e9decins.\t\t\t\t\t<\/div>\n\t\t\t\t\t\t\t<\/div>\n\t\t\t\t\t<\/div>\n\t<\/div>\n\t<\/div><\/article>\n\n\n<article\n\t class=\"course-card align wp-block-acf-course-card\" id=\"course-card_block_32052ff77f9e034e2fab613d157907bd\">\n\t<div class=\"p-0 flex flex-col w-full h-full group\">\t<div class=\"bg-halftone-dark p-3 min-h-divider w-full grid place-items-center\"><\/div>\n\t<div class=\"relative px-10 py-9 bg-smoke\/5 text-body-500 flex flex-col gap-card-gap flex-1\">\n\t\t\t\t\t<h4 class=\"text-heading-400-serif\">\n\t\t\t\tNaviguer dans le fourr\u00e9 du droit des personnes handicap\u00e9es\t\t\t<\/h4>\n\t\t\t\t<div class=\"flex flex-col gap-5 justify-between text-body-500 flex-1\">\n\t\t\t<div class=\"flex flex-col gap-card-gap\">\n\t\t\t\t\t\t\t\t\t\t\t\t\t<!-- Duration styled as a subhead -->\n\t\t\t\t\t<div class=\"\">\n\t\t\t\t\t\tCe cours permet aux dirigeants syndicaux d\u2019avoir les connaissances n\u00e9cessaires pour aider les membres \u00e0 obtenir des mesures d\u2019adaptation raisonnables, \u00e0 comprendre les droits aux cong\u00e9s familiaux pour raison m\u00e9dicale et \u00e0 assurer le respect des lois sur les personnes handicap\u00e9es dans leurs minist\u00e8res.\t\t\t\t\t<\/div>\n\t\t\t\t\t\t\t<\/div>\n\t\t\t\t\t<\/div>\n\t<\/div>\n\t<\/div><\/article>\n\n\n<article\n\t class=\"course-card align wp-block-acf-course-card\" id=\"course-card_block_2fa197e5fb6a56dc5468abe8ff1c59c9\">\n\t<div class=\"p-0 flex flex-col w-full h-full group\">\t<div class=\"bg-halftone-dark p-3 min-h-divider w-full grid place-items-center\"><\/div>\n\t<div class=\"relative px-10 py-9 bg-smoke\/5 text-body-500 flex flex-col gap-card-gap flex-1\">\n\t\t\t\t\t<h4 class=\"text-heading-400-serif\">\n\t\t\t\tMise \u00e0 jour de la r\u00e9vision NFPA 1582\t\t\t<\/h4>\n\t\t\t\t<div class=\"flex flex-col gap-5 justify-between text-body-500 flex-1\">\n\t\t\t<div class=\"flex flex-col gap-card-gap\">\n\t\t\t\t\t\t\t\t\t\t\t\t\t<!-- Duration styled as a subhead -->\n\t\t\t\t\t<div class=\"\">\n\t\t\t\t\t\tL\u2019AIP et l\u2019IAFC cr\u00e9ent un nouveau cadre de l\u2019Initiative de bien-\u00eatre et de conditionnement physique avec le financement de l\u2019AFG de la FEMA pour am\u00e9liorer les programmes de bien-\u00eatre des services d\u2019incendie et discuteront des mises \u00e0 jour de la norme NFPA 1582 et des ressources pour les sections locales.\t\t\t\t\t<\/div>\n\t\t\t\t\t\t\t<\/div>\n\t\t\t\t\t<\/div>\n\t<\/div>\n\t<\/div><\/article>\n\n\n<article\n\t class=\"course-card align wp-block-acf-course-card\" id=\"course-card_block_5dde4157333ea02c9c702b0449f0b45d\">\n\t<div class=\"p-0 flex flex-col w-full h-full group\">\t<div class=\"bg-halftone-dark p-3 min-h-divider w-full grid place-items-center\"><\/div>\n\t<div class=\"relative px-10 py-9 bg-smoke\/5 text-body-500 flex flex-col gap-card-gap flex-1\">\n\t\t\t\t\t<h4 class=\"text-heading-400-serif\">\n\t\t\t\tNIOSH LODD Investigations\/Near Miss Update\t\t\t<\/h4>\n\t\t\t\t<div class=\"flex flex-col gap-5 justify-between text-body-500 flex-1\">\n\t\t\t<div class=\"flex flex-col gap-card-gap\">\n\t\t\t\t\t\t\t\t\t\t\t\t\t<!-- Duration styled as a subhead -->\n\t\t\t\t\t<div class=\"\">\n\t\t\t\t\t\tCette pr\u00e9sentation d\u00e9crit le programme d\u2019enqu\u00eate et de pr\u00e9vention des d\u00e9c\u00e8s chez les pompiers du NIOSH, d\u00e9taillant le processus d\u2019enqu\u00eate sur les d\u00e9c\u00e8s dans l\u2019exercice de leurs fonctions et discutant des facteurs contributifs, des recommandations et des m\u00e9thodes de pr\u00e9vention.\t\t\t\t\t<\/div>\n\t\t\t\t\t\t\t<\/div>\n\t\t\t\t\t<\/div>\n\t<\/div>\n\t<\/div><\/article>\n\n\n<article\n\t class=\"course-card align wp-block-acf-course-card\" id=\"course-card_block_8697bc92e7db9a64d416c19068896d7f\">\n\t<div class=\"p-0 flex flex-col w-full h-full group\">\t<div class=\"bg-halftone-dark p-3 min-h-divider w-full grid place-items-center\"><\/div>\n\t<div class=\"relative px-10 py-9 bg-smoke\/5 text-body-500 flex flex-col gap-card-gap flex-1\">\n\t\t\t\t\t<h4 class=\"text-heading-400-serif\">\n\t\t\t\tForum par habitant avec le secr\u00e9taire g\u00e9n\u00e9ral-tr\u00e9sorier Frank L\u00edma  \t\t\t<\/h4>\n\t\t\t\t<div class=\"flex flex-col gap-5 justify-between text-body-500 flex-1\">\n\t\t\t<div class=\"flex flex-col gap-card-gap\">\n\t\t\t\t\t\t\t\t\t\t\t\t\t<!-- Duration styled as a subhead -->\n\t\t\t\t\t<div class=\"\">\n\t\t\t\t\t\tJoignez-vous au secr\u00e9taire g\u00e9n\u00e9ral-tr\u00e9sorier Frank L\u00edma pour une discussion d\u00e9taill\u00e9e sur la fa\u00e7on dont les cotisations de l\u2019AIP sont allou\u00e9es dans le budget, en promouvant la responsabilit\u00e9 et la transparence pour les membres du syndicat.\n\n\n\n\n\n\n\t\t\t\t\t<\/div>\n\t\t\t\t\t\t\t<\/div>\n\t\t\t\t\t<\/div>\n\t<\/div>\n\t<\/div><\/article>\n\n\n<article\n\t class=\"course-card align wp-block-acf-course-card\" id=\"course-card_block_f62a14c1d3d0c300f881b86cf83c22d6\">\n\t<div class=\"p-0 flex flex-col w-full h-full group\">\t<div class=\"bg-halftone-dark p-3 min-h-divider w-full grid place-items-center\"><\/div>\n\t<div class=\"relative px-10 py-9 bg-smoke\/5 text-body-500 flex flex-col gap-card-gap flex-1\">\n\t\t\t\t\t<h4 class=\"text-heading-400-serif\">\n\t\t\t\tPSOB&nbsp;: Quels sont ces avantages et qui les obtient&nbsp;?\t\t\t<\/h4>\n\t\t\t\t<div class=\"flex flex-col gap-5 justify-between text-body-500 flex-1\">\n\t\t\t<div class=\"flex flex-col gap-card-gap\">\n\t\t\t\t\t\t\t\t\t\t\t\t\t<!-- Duration styled as a subhead -->\n\t\t\t\t\t<div class=\"\">\n\t\t\t\t\t\tCette s\u00e9ance donne un aper\u00e7u du programme d\u2019avantages sociaux des agents de la s\u00e9curit\u00e9 publique (PSOB), d\u00e9taillant les prestations de d\u00e9c\u00e8s pour les pompiers et les agents d\u2019application de la loi tomb\u00e9s au champ d\u2019honneur, l\u2019admissibilit\u00e9 et le processus de demande.\t\t\t\t\t<\/div>\n\t\t\t\t\t\t\t<\/div>\n\t\t\t\t\t<\/div>\n\t<\/div>\n\t<\/div><\/article>\n\n\n<article\n\t class=\"course-card align wp-block-acf-course-card\" id=\"course-card_block_c20c7fd5a48fb4da4517a8b73b203d5b\">\n\t<div class=\"p-0 flex flex-col w-full h-full group\">\t<div class=\"bg-halftone-dark p-3 min-h-divider w-full grid place-items-center\"><\/div>\n\t<div class=\"relative px-10 py-9 bg-smoke\/5 text-body-500 flex flex-col gap-card-gap flex-1\">\n\t\t\t\t\t<h4 class=\"text-heading-400-serif\">\n\t\t\t\tGuide sur les r\u00e9ponses aux dangers \u00e9nerg\u00e9tiques\t\t\t<\/h4>\n\t\t\t\t<div class=\"flex flex-col gap-5 justify-between text-body-500 flex-1\">\n\t\t\t<div class=\"flex flex-col gap-card-gap\">\n\t\t\t\t\t\t\t\t\t\t\t\t\t<!-- Duration styled as a subhead -->\n\t\t\t\t\t<div class=\"\">\n\t\t\t\t\t\tCe cours offre un aper\u00e7u du Guide des risques \u00e9nerg\u00e9tiques de l\u2019AIP, \u00e9labor\u00e9 dans le cadre d\u2019une subvention de l\u2019AFG, qui fournit des renseignements essentiels li\u00e9s \u00e0 l\u2019\u00e9nergie pour les pompiers qui traitent des incidents o\u00f9 l\u2019\u00e9nergie est un danger principal.\t\t\t\t\t<\/div>\n\t\t\t\t\t\t\t<\/div>\n\t\t\t\t\t<\/div>\n\t<\/div>\n\t<\/div><\/article>\n\n\n<article\n\t class=\"course-card align wp-block-acf-course-card\" id=\"course-card_block_6108729490c0849163f60261265e5803\">\n\t<div class=\"p-0 flex flex-col w-full h-full group\">\t<div class=\"bg-halftone-dark p-3 min-h-divider w-full grid place-items-center\"><\/div>\n\t<div class=\"relative px-10 py-9 bg-smoke\/5 text-body-500 flex flex-col gap-card-gap flex-1\">\n\t\t\t\t\t<h4 class=\"text-heading-400-serif\">\n\t\t\t\tLe bon, le mauvais et le laid avec les rapports de consultants\t\t\t<\/h4>\n\t\t\t\t<div class=\"flex flex-col gap-5 justify-between text-body-500 flex-1\">\n\t\t\t<div class=\"flex flex-col gap-card-gap\">\n\t\t\t\t\t\t\t\t\t\t\t\t\t<!-- Duration styled as a subhead -->\n\t\t\t\t\t<div class=\"\">\n\t\t\t\t\t\tCet atelier enseigne aux dirigeants affili\u00e9s comment tirer parti des donn\u00e9es et de l\u2019expertise pour contester les conclusions des consultants tiers concernant la prise de d\u00e9cisions en mati\u00e8re de s\u00e9curit\u00e9 publique.\t\t\t\t\t<\/div>\n\t\t\t\t\t\t\t<\/div>\n\t\t\t\t\t<\/div>\n\t<\/div>\n\t<\/div><\/article>\n\n<\/div>\t<\/div>\n\n\t\n<\/section>\n\n<\/div><\/section>\n","protected":false},"excerpt":{"rendered":"","protected":false},"featured_media":0,"parent":79704,"menu_order":0,"comment_status":"closed","ping_status":"closed","template":"","meta":{"_acf_changed":false,"_searchwp_excluded":"","inline_featured_image":false,"_EventAllDay":false,"_EventTimezone":"","_EventStartDate":"","_EventEndDate":"","_EventStartDateUTC":"","_EventEndDateUTC":"","_EventShowMap":false,"_EventShowMapLink":false,"_EventURL":"","_EventCost":"","_EventCostDescription":"","_EventCurrencySymbol":"","_EventCurrencyCode":"","_EventCurrencyPosition":"","_EventDateTimeSeparator":"","_EventTimeRangeSeparator":"","_EventOrganizerID":[],"_EventVenueID":[],"_OrganizerEmail":"","_OrganizerPhone":"","_OrganizerWebsite":"","_VenueAddress":"","_VenueCity":"","_VenueCountry":"","_VenueProvince":"","_VenueState":"","_VenueZip":"","_VenuePhone":"","_VenueURL":"","_VenueStateProvince":"","_VenueLat":"","_VenueLng":"","_VenueShowMap":false,"_VenueShowMapLink":false,"footnotes":""},"class_list":["post-80266","page","type-page","status-publish","hentry"],"acf":[],"publishpress_future_workflow_manual_trigger":{"enabledWorkflows":[]},"_links":{"self":[{"href":"https:\/\/www.iaff.org\/fr-ca\/wp-json\/wp\/v2\/pages\/80266","targetHints":{"allow":["GET"]}}],"collection":[{"href":"https:\/\/www.iaff.org\/fr-ca\/wp-json\/wp\/v2\/pages"}],"about":[{"href":"https:\/\/www.iaff.org\/fr-ca\/wp-json\/wp\/v2\/types\/page"}],"author":[{"embeddable":true,"href":"https:\/\/www.iaff.org\/fr-ca\/wp-json\/wp\/v2\/users\/3"}],"replies":[{"embeddable":true,"href":"https:\/\/www.iaff.org\/fr-ca\/wp-json\/wp\/v2\/comments?post=80266"}],"version-history":[{"count":0,"href":"https:\/\/www.iaff.org\/fr-ca\/wp-json\/wp\/v2\/pages\/80266\/revisions"}],"up":[{"embeddable":true,"href":"https:\/\/www.iaff.org\/fr-ca\/wp-json\/wp\/v2\/pages\/79704"}],"wp:attachment":[{"href":"https:\/\/www.iaff.org\/fr-ca\/wp-json\/wp\/v2\/media?parent=80266"}],"curies":[{"name":"wp","href":"https:\/\/api.w.org\/{rel}","templated":true}]}}