{"id":78803,"date":"2024-10-07T13:07:19","date_gmt":"2024-10-07T17:07:19","guid":{"rendered":"https:\/\/www.iaff.org\/?page_id=78803"},"modified":"2024-10-22T14:30:10","modified_gmt":"2024-10-22T18:30:10","slug":"appuis-2","status":"publish","type":"page","link":"https:\/\/www.iaff.org\/fr-ca\/action-politique\/appuis-2\/","title":{"rendered":"Approbation 2024"},"content":{"rendered":"<section\n\t class=\"secondary-hero align wp-block-acf-secondary-hero\" id=\"secondary-hero_block_ef52e9d6a2c58103dd1a128a67736b51\">\n\t\n<header\n\tclass=\"w-full u-bg-full-width px-[22px] md:ps-bleed md:pe-0 py-[60px] bg-blue text-white u-has-rivets\"\n\tdata-theme=\"navy\"\n>\n\t<div class=\"flex flex-col !px-0 !max-w-[1440px] w-full lg:!ps-indent\">\n\t\t<div class=\"border-t-[6px] w-full my-0 flex flex-col md:flex-row gap-x-[62px] gap-y-[22px] border-gold\">\n\t\t\t\t\t\t<div class=\"w-full md:w-1\/2 md:py-[45px]\">\n\t\t\t\t<div class=\"max-w-[600px] flex flex-col gap-[22px]\">\n\t\t\t\t\t\t\t\t\t\t\t<h1 class=\"has-[.u-halftone-shadow--dark]:mb-divider has-[.u-halftone-shadow--light]:mb-divider pt-[22px] md:pt-0\">\n\t\t\t\t\t\t\t<span class=\"inline-flex text-heading-200 u-halftone-shadow--light\">\n\t\t\t\t\t\t\t\tApprobations\t\t\t\t\t\t\t<\/span>\n\t\t\t\t\t\t<\/h1>\n\t\t\t\t\t\t\t\t\t\t\t\t\t\t\t\t<div class=\"text-body-300 font-sans\">\n\t\t\t\t\t\t\t<p>Apr\u00e8s un vaste engagement des membres et un examen approfondi des candidats, le Conseil ex\u00e9cutif de l\u2019AIP a vot\u00e9 en faveur de ne pas soutenir un candidat \u00e0 l\u2019\u00e9lection pr\u00e9sidentielle am\u00e9ricaine de 2024.<\/p>\n\t\t\t\t\t\t<\/div>\n\t\t\t\t\t\t\t\t\t\t\t\t\t\t\t\t\t\t\t\t\t\t\t\t<\/div>\n\t\t\t<\/div>\n\n\t\t<\/div>\n\t\t\t\t\t<div class=\"order-first flex justify-start w-full pb-[22px]\">\n\t\t\t\t<div\n\tclass=\"wp-block-button is-style-tertiary text-white is-style-tertiary-back\"\n>\n\t\t\t<a\n\t\t\thref=\"https:\/\/www.iaff.org\/political-action\/\"\n\t\t\tclass=\"wp-block-button__link wp-element-button group\"\n\t\t\t\t\t>\n\t\t\t<span\n\t\t\tclass=\"decoration-transparent underline underline-offset-2 group-hover:decoration-inherit group-focus-visible:decoration-inherit transition duration-hover\"\n\t\t>\n\t\t\tAction politique\t\t<\/span>\n\n\t\t<span\n\t\t\tclass=\"bg-inherit transition-colors duration-hover group-hover:bg-gold group-focus:bg-gold inline-flex rotate-180 order-first\"\n\t\t>\n\t\t\t<svg xmlns=\"http:\/\/www.w3.org\/2000\/svg\" width=\"21\" height=\"22\" fill=\"none\" viewBox=\"0 0 21 22\"><path stroke=\"currentColor\" stroke-linecap=\"round\" stroke-width=\"2\" d=\"M20 20.75L20 2.25L1.5 2.25L1.5 20.75L20 20.75Z\" clip-rule=\"evenodd\"\/><path stroke=\"currentColor\" stroke-linecap=\"square\" stroke-width=\"2\" d=\"M14.0883 11.5L6.66406 11.5\"\/><path stroke=\"currentColor\" stroke-linecap=\"square\" stroke-width=\"2\" d=\"M11.0723 7.75205L14.8363 11.5L11.0723 15.248\"\/><\/svg>\t\t<\/span>\n\t<\/a><\/div>\n\t\t\t<\/div>\n\t\t\t<\/div>\n<\/header>\n<\/section>\n<section\n\t class=\"page-blocks iaff-page-blocks align wp-block-acf-page-blocks\" id=\"page-blocks_block_72c23f9a225d605b56ea7209d299d8b8\">\n\t<div class=\"acf-innerblocks-container\">\n<div class=\"wp-block-paragraph \">\n<p>Lors de sa r\u00e9union d\u2019octobre, le Conseil ex\u00e9cutif de l\u2019AIP a vot\u00e9, par une marge de 1,2 %, de ne pas soutenir de candidat \u00e0 l\u2019\u00e9lection pr\u00e9sidentielle de 2024. Au cours de la derni\u00e8re ann\u00e9e, l\u2019AIP a pris des mesures sans pr\u00e9c\u00e9dent pour entendre les points de vue de ses membres sur les candidats et les questions politiques qui leur tiennent le plus \u00e0 c\u0153ur. <\/p>\n<\/div>\n\n<div class=\"wp-block-paragraph \">\n<p>Comme nous l\u2019avons fait au cours de nos 106 ans d\u2019histoire, l\u2019AIP poursuivra son travail pour am\u00e9liorer la vie des pompiers et de leurs familles. Le Conseil ex\u00e9cutif de l\u2019AIP a d\u00e9termin\u00e9 que nous sommes mieux en mesure de d\u00e9fendre les int\u00e9r\u00eats de nos membres et de progresser sur les questions qui leur tiennent \u00e0 c\u0153ur si nous, en tant que syndicat, nous nous tenons c\u00f4te \u00e0 c\u00f4te. Cette d\u00e9cision, que nous avons prise tr\u00e8s au s\u00e9rieux, est le meilleur moyen de pr\u00e9server et de renforcer notre unit\u00e9.  <\/p>\n<\/div>\n\n<div class=\"wp-block-paragraph \">\n<p>Nous encourageons nos membres \u2013 et tous les \u00e9lecteurs admissibles \u2013 \u00e0 aller voter pour faire entendre leur voix lors des prochaines \u00e9lections.<\/p>\n<\/div>\n\n\n<h3 class=\"wp-block-heading\">Processus et documents des candidats<\/h3>\n\n\n<div class=\"wp-block-paragraph \">\n<p>Cette ann\u00e9e, l\u2019AIP :<\/p>\n<\/div>\n\n<div class=\"wp-block-list\">\n<ul class=\"wp-block-list\">\n<li>a r\u00e9alis\u00e9 son premier sondage politique \u00e0 l\u2019\u00e9chelle de ses membres, con\u00e7u par le sondeur r\u00e9publicain Frank Luntz.<\/li>\n\n\n\n<li>a tenu des groupes de discussion compos\u00e9s de membres de la base et de dirigeants affili\u00e9s, ce qui a permis aux membres d\u2019exprimer leurs priorit\u00e9s politiques.<\/li>\n\n\n\n<li>a tenu des assembl\u00e9es publiques en personne au Minnesota, au Connecticut, en Ontario, en Pennsylvanie et en Floride, et deux assembl\u00e9es publiques virtuelles ouvertes \u00e0 tous les membres.<\/li>\n\n\n\n<li>a tenu une assembl\u00e9e publique virtuelle avec des agents des \u00c9tats et des provinces.<\/li>\n\n\n\n<li>a accueilli les deux principaux candidats \u00e0 la vice-pr\u00e9sidence \u2013 le gouverneur Tim Walz (D-MN) et le s\u00e9nateur JD Vance (R-OH) \u2013 pour s\u2019adresser aux d\u00e9l\u00e9gu\u00e9s lors du 57e congr\u00e8s de l\u2019AIP \u00e0 Boston.<\/li>\n\n\n\n<li>a envoy\u00e9 des questionnaires identiques aux deux campagnes sur des enjeux cl\u00e9s pour les pompiers : sant\u00e9 et s\u00e9curit\u00e9, salaires, avantages sociaux, protection des pensions, n\u00e9gociation collective, etc.<\/li>\n<\/ul>\n<\/div>\n\n<div class=\"wp-block-paragraph \">\n<p><br\/>Les membres peuvent consulter les questionnaires remplis ci-dessous [IAFF login is required]:<\/p>\n<\/div>\n\n<section\n\t class=\"documents-card-grid px-[22px] md:px-[60px] py-[60px] pt-0 !mt-0 align wp-block-acf-documents-card-grid\" id=\"documents-card-grid_block_bdfc95f6543ffcd308e5baa1597813f0\">\n\t\n\t<div class=\"iaff-documents-card-grid pb-10\">\n\t\t\t\t<div class=\"acf-innerblocks-container\">\n<article\n\t class=\"documents-card iaff-documents-card iaff-documents-card-download align wp-block-acf-documents-card\" id=\"documents-card_block_567ddcfe59597f042896629d03ca64d3\">\n\t<p>You do not have permission to view this content.<\/p><\/article>\n\n\n<article\n\t class=\"documents-card iaff-documents-card iaff-documents-card-download align wp-block-acf-documents-card\" id=\"documents-card_block_ecde7ec18f5c7095087e7d69fc91678b\">\n\t<p>You do not have permission to view this content.<\/p><\/article>\n\n<\/div>\t<\/div>\n<\/section>\n\n<\/div><\/section>\n","protected":false},"excerpt":{"rendered":"","protected":false},"featured_media":0,"parent":77900,"menu_order":0,"comment_status":"closed","ping_status":"closed","template":"","meta":{"_acf_changed":false,"_searchwp_excluded":"","inline_featured_image":false,"_EventAllDay":false,"_EventTimezone":"","_EventStartDate":"","_EventEndDate":"","_EventStartDateUTC":"","_EventEndDateUTC":"","_EventShowMap":false,"_EventShowMapLink":false,"_EventURL":"","_EventCost":"","_EventCostDescription":"","_EventCurrencySymbol":"","_EventCurrencyCode":"","_EventCurrencyPosition":"","_EventDateTimeSeparator":"","_EventTimeRangeSeparator":"","_EventOrganizerID":[],"_EventVenueID":[],"_OrganizerEmail":"","_OrganizerPhone":"","_OrganizerWebsite":"","_VenueAddress":"","_VenueCity":"","_VenueCountry":"","_VenueProvince":"","_VenueState":"","_VenueZip":"","_VenuePhone":"","_VenueURL":"","_VenueStateProvince":"","_VenueLat":"","_VenueLng":"","_VenueShowMap":false,"_VenueShowMapLink":false,"footnotes":""},"class_list":["post-78803","page","type-page","status-publish","hentry"],"acf":[],"publishpress_future_workflow_manual_trigger":{"enabledWorkflows":[]},"_links":{"self":[{"href":"https:\/\/www.iaff.org\/fr-ca\/wp-json\/wp\/v2\/pages\/78803","targetHints":{"allow":["GET"]}}],"collection":[{"href":"https:\/\/www.iaff.org\/fr-ca\/wp-json\/wp\/v2\/pages"}],"about":[{"href":"https:\/\/www.iaff.org\/fr-ca\/wp-json\/wp\/v2\/types\/page"}],"author":[{"embeddable":true,"href":"https:\/\/www.iaff.org\/fr-ca\/wp-json\/wp\/v2\/users\/10"}],"replies":[{"embeddable":true,"href":"https:\/\/www.iaff.org\/fr-ca\/wp-json\/wp\/v2\/comments?post=78803"}],"version-history":[{"count":0,"href":"https:\/\/www.iaff.org\/fr-ca\/wp-json\/wp\/v2\/pages\/78803\/revisions"}],"up":[{"embeddable":true,"href":"https:\/\/www.iaff.org\/fr-ca\/wp-json\/wp\/v2\/pages\/77900"}],"wp:attachment":[{"href":"https:\/\/www.iaff.org\/fr-ca\/wp-json\/wp\/v2\/media?parent=78803"}],"curies":[{"name":"wp","href":"https:\/\/api.w.org\/{rel}","templated":true}]}}