{"id":77828,"date":"2019-04-07T15:07:20","date_gmt":"2019-04-07T19:07:20","guid":{"rendered":"https:\/\/www.iaff.org\/loi-sur-les-personnes-handicapees-presumees-au-nunavut\/"},"modified":"2025-06-18T15:36:27","modified_gmt":"2025-06-18T19:36:27","slug":"loi-sur-les-personnes-handicapees-presumees-au-nunavut","status":"publish","type":"page","link":"https:\/\/www.iaff.org\/fr-ca\/initiative-de-presomption-de-sante\/loi-sur-les-personnes-handicapees-presumees-au-nunavut\/","title":{"rendered":"Loi sur la pr\u00e9somption d\u2019invalidit\u00e9 au Nunavut"},"content":{"rendered":"<section\n\t class=\"secondary-hero align wp-block-acf-secondary-hero\" id=\"secondary-hero_block_02c5ed813396a1806757845f04b71aba\">\n\t\n<header\n\tclass=\"w-full u-bg-full-width px-[22px] md:ps-bleed md:pe-0 py-[60px] bg-blue text-white u-has-rivets\"\n\tdata-theme=\"navy\"\n>\n\t<div class=\"flex flex-col !px-0 !max-w-[1440px] w-full lg:!ps-indent\">\n\t\t<div class=\"border-t-[6px] w-full my-0 flex flex-col md:flex-row gap-x-[62px] gap-y-[22px] border-gold\">\n\t\t\t\t\t\t<div class=\"w-full md:w-1\/2 md:py-[45px]\">\n\t\t\t\t<div class=\"max-w-[600px] flex flex-col gap-[22px]\">\n\t\t\t\t\t\t\t\t\t\t\t<h1 class=\"has-[.u-halftone-shadow--dark]:mb-divider has-[.u-halftone-shadow--light]:mb-divider pt-[22px] md:pt-0\">\n\t\t\t\t\t\t\t<span class=\"inline-flex text-heading-200 u-halftone-shadow--light\">\n\t\t\t\t\t\t\t\tLoi sur la pr\u00e9somption d\u2019invalidit\u00e9 au Nunavut\t\t\t\t\t\t\t<\/span>\n\t\t\t\t\t\t<\/h1>\n\t\t\t\t\t\t\t\t\t\t\t\t\t\t\t\t\t\t\t\t\t\t\t\t\t\t\t\t\t<\/div>\n\t\t\t<\/div>\n\n\t\t<\/div>\n\t\t\t\t\t<div class=\"order-first flex justify-start w-full pb-[22px]\">\n\t\t\t\t<div\n\tclass=\"wp-block-button is-style-tertiary text-white is-style-tertiary-back\"\n>\n\t\t\t<a\n\t\t\thref=\"https:\/\/www.iaff.org\/fr-ca\/initiative-de-presomption-de-sante\/\"\n\t\t\tclass=\"wp-block-button__link wp-element-button group\"\n\t\t\t\t\t>\n\t\t\t<span\n\t\t\tclass=\"decoration-transparent underline underline-offset-2 group-hover:decoration-inherit group-focus-visible:decoration-inherit transition duration-hover\"\n\t\t>\n\t\t\tInitiative sur la sant\u00e9 pr\u00e9somptive\t\t<\/span>\n\n\t\t<span\n\t\t\tclass=\"bg-inherit transition-colors duration-hover group-hover:bg-gold group-focus:bg-gold inline-flex rotate-180 order-first\"\n\t\t>\n\t\t\t<svg xmlns=\"http:\/\/www.w3.org\/2000\/svg\" width=\"21\" height=\"22\" fill=\"none\" viewBox=\"0 0 21 22\"><path stroke=\"currentColor\" stroke-linecap=\"round\" stroke-width=\"2\" d=\"M20 20.75L20 2.25L1.5 2.25L1.5 20.75L20 20.75Z\" clip-rule=\"evenodd\"\/><path stroke=\"currentColor\" stroke-linecap=\"square\" stroke-width=\"2\" d=\"M14.0883 11.5L6.66406 11.5\"\/><path stroke=\"currentColor\" stroke-linecap=\"square\" stroke-width=\"2\" d=\"M11.0723 7.75205L14.8363 11.5L11.0723 15.248\"\/><\/svg>\t\t<\/span>\n\t<\/a><\/div>\n\t\t\t<\/div>\n\t\t\t<\/div>\n<\/header>\n<\/section>\n<p><strong>PARTIE DU CODE :<\/strong><br \/>LOI SUR LA CODIFICATION DE LA LOI SUR LES ACCIDENTS DU TRAVAIL<\/p>\n<p><a href=\"https:\/\/www.gov.nu.ca\" target=\"_blank\" rel=\"noopener noreferrer\">Site Web de l\u2019Assembl\u00e9e l\u00e9gislative du Nunavut<\/a><\/p>\n<p><b>LA DESCRIPTION :<\/b><br \/><b>D\u00e9finitions<\/b><br \/><b>14.1.<\/b><\/p>\n<ol>\n<li>Pour l\u2019application du pr\u00e9sent article, \u00ab pompier \u00bb s\u2019entend d\u2019un travailleur qui&nbsp;:\n<ol type=\"a\">\n<li>participe \u00e0 la lutte contre les incendies \u00e0 temps plein, \u00e0 temps partiel ou b\u00e9n\u00e9vole d\u2019un service d\u2019incendie;<\/li>\n<li>ne lutte pas exclusivement contre les feux de for\u00eat; (pompier)\u00ab maladie inscrite&nbsp; \u00bb Toute maladie suivante :\n<ol type=\"1\">\n<li>un arr\u00eat cardiaque dans les 24 heures suivant la pr\u00e9sence \u00e0 une intervention d\u2019urgence;<\/li>\n<li>le my\u00e9lome multiple,<\/li>\n<li>la leuc\u00e9mie primitive;<\/li>\n<li>lymphome non hodgkinien primitif;<\/li>\n<li>cancer primitif du cerveau;<\/li>\n<li>cancer colo-rectal primitif;<\/li>\n<li>cancer du poumon primitif;<\/li>\n<li>cancer primitif de la prostate;<\/li>\n<li>cancer primitif de la peau;<\/li>\n<li>cancer primitif du testicule.<\/li>\n<li>cancer primitif de la vessie<\/li>\n<li>cancer primitif du sein<\/li>\n<li>cancer de l\u2019\u0153sophage primitif<\/li>\n<li>cancer primitif du rein<\/li>\n<li>Cancer de l\u2019uret\u00e8re primitif (Cancer inscrit)<\/li>\n<\/ol>\n<\/li>\n<\/ol>\n<\/li>\n<li>Pr\u00e9somption pour les pompiers : Malgr\u00e9 l\u2019article 14 et sous r\u00e9serve du paragraphe (3), une maladie inscrite est pr\u00e9sum\u00e9e<br \/>\u00eatre n\u00e9 de l\u2019emploi d\u2019un travailleur et s\u2019\u00eatre produit au cours de l&rsquo;<br \/>cet emploi si<\/p>\n<ol>\n<li>le travailleur est invalide en raison de la maladie \u00e9num\u00e9r\u00e9e; et<\/li>\n<li>le travailleur est ou a \u00e9t\u00e9 pompier pendant la p\u00e9riode minimale prescrite par les r\u00e8glements.<\/li>\n<\/ol>\n<\/li>\n<li>Fumeurs : Lorsque la maladie \u00e9num\u00e9r\u00e9e est un cancer du poumon primitif, la pr\u00e9somption<br \/>au paragraphe (2) ne s\u2019applique que si le travailleur \u00e9tait non-fumeur avant le<br \/>la date de l\u2019invalidit\u00e9 pour la p\u00e9riode minimale prescrite par les r\u00e8glements.<br \/>S.Nu 2010, chap. 20, art. 3.<\/li>\n<\/ol>\n<p>&nbsp;<\/p>\n","protected":false},"excerpt":{"rendered":"<p>PARTIE DU CODE :LOI SUR LA CODIFICATION DE LA LOI SUR LES ACCIDENTS DU TRAVAIL Site Web de l\u2019Assembl\u00e9e l\u00e9gislative du Nunavut LA DESCRIPTION :D\u00e9finitions14.1. Pour l\u2019application du pr\u00e9sent article, [&hellip;]<\/p>\n","protected":false},"featured_media":0,"parent":77841,"menu_order":0,"comment_status":"closed","ping_status":"closed","template":"","meta":{"_acf_changed":false,"_searchwp_excluded":"","inline_featured_image":false,"_EventAllDay":false,"_EventTimezone":"","_EventStartDate":"","_EventEndDate":"","_EventStartDateUTC":"","_EventEndDateUTC":"","_EventShowMap":false,"_EventShowMapLink":false,"_EventURL":"","_EventCost":"","_EventCostDescription":"","_EventCurrencySymbol":"","_EventCurrencyCode":"","_EventCurrencyPosition":"","_EventDateTimeSeparator":"","_EventTimeRangeSeparator":"","_EventOrganizerID":[],"_EventVenueID":[],"_OrganizerEmail":"","_OrganizerPhone":"","_OrganizerWebsite":"","_VenueAddress":"","_VenueCity":"","_VenueCountry":"","_VenueProvince":"","_VenueState":"","_VenueZip":"","_VenuePhone":"","_VenueURL":"","_VenueStateProvince":"","_VenueLat":"","_VenueLng":"","_VenueShowMap":false,"_VenueShowMapLink":false,"footnotes":""},"class_list":["post-77828","page","type-page","status-publish","hentry"],"acf":[],"publishpress_future_workflow_manual_trigger":{"enabledWorkflows":[]},"_links":{"self":[{"href":"https:\/\/www.iaff.org\/fr-ca\/wp-json\/wp\/v2\/pages\/77828","targetHints":{"allow":["GET"]}}],"collection":[{"href":"https:\/\/www.iaff.org\/fr-ca\/wp-json\/wp\/v2\/pages"}],"about":[{"href":"https:\/\/www.iaff.org\/fr-ca\/wp-json\/wp\/v2\/types\/page"}],"author":[{"embeddable":true,"href":"https:\/\/www.iaff.org\/fr-ca\/wp-json\/wp\/v2\/users\/1"}],"replies":[{"embeddable":true,"href":"https:\/\/www.iaff.org\/fr-ca\/wp-json\/wp\/v2\/comments?post=77828"}],"version-history":[{"count":0,"href":"https:\/\/www.iaff.org\/fr-ca\/wp-json\/wp\/v2\/pages\/77828\/revisions"}],"up":[{"embeddable":true,"href":"https:\/\/www.iaff.org\/fr-ca\/wp-json\/wp\/v2\/pages\/77841"}],"wp:attachment":[{"href":"https:\/\/www.iaff.org\/fr-ca\/wp-json\/wp\/v2\/media?parent=77828"}],"curies":[{"name":"wp","href":"https:\/\/api.w.org\/{rel}","templated":true}]}}