{"id":77824,"date":"2019-04-07T15:06:16","date_gmt":"2019-04-07T19:06:16","guid":{"rendered":"https:\/\/www.iaff.org\/loi-sur-les-personnes-handicapees-presumees-dans-les-territoires-du-nord-ouest\/"},"modified":"2025-06-20T10:12:09","modified_gmt":"2025-06-20T14:12:09","slug":"loi-sur-les-personnes-handicapees-presumees-dans-les-territoires-du-nord-ouest","status":"publish","type":"page","link":"https:\/\/www.iaff.org\/fr-ca\/initiative-de-presomption-de-sante\/loi-sur-les-personnes-handicapees-presumees-dans-les-territoires-du-nord-ouest\/","title":{"rendered":"Loi sur la pr\u00e9somption d\u2019invalidit\u00e9 dans les Territoires du Nord-Ouest"},"content":{"rendered":"<section\n\t class=\"secondary-hero align wp-block-acf-secondary-hero\" id=\"secondary-hero_block_10673f34fc62c9c8095f81608b1ad2bc\">\n\t\n<header\n\tclass=\"w-full u-bg-full-width px-[22px] md:ps-bleed md:pe-0 py-[60px] bg-blue text-white u-has-rivets\"\n\tdata-theme=\"navy\"\n>\n\t<div class=\"flex flex-col !px-0 !max-w-[1440px] w-full lg:!ps-indent\">\n\t\t<div class=\"border-t-[6px] w-full my-0 flex flex-col md:flex-row gap-x-[62px] gap-y-[22px] border-gold\">\n\t\t\t\t\t\t<div class=\"w-full md:w-1\/2 md:py-[45px]\">\n\t\t\t\t<div class=\"max-w-[600px] flex flex-col gap-[22px]\">\n\t\t\t\t\t\t\t\t\t\t\t<h1 class=\"has-[.u-halftone-shadow--dark]:mb-divider has-[.u-halftone-shadow--light]:mb-divider pt-[22px] md:pt-0\">\n\t\t\t\t\t\t\t<span class=\"inline-flex text-heading-200 u-halftone-shadow--light\">\n\t\t\t\t\t\t\t\tLoi sur la pr\u00e9somption d\u2019invalidit\u00e9 dans les Territoires du Nord-Ouest\t\t\t\t\t\t\t<\/span>\n\t\t\t\t\t\t<\/h1>\n\t\t\t\t\t\t\t\t\t\t\t\t\t\t\t\t\t\t\t\t\t\t\t\t\t\t\t\t\t<\/div>\n\t\t\t<\/div>\n\n\t\t<\/div>\n\t\t\t\t\t<div class=\"order-first flex justify-start w-full pb-[22px]\">\n\t\t\t\t<div\n\tclass=\"wp-block-button is-style-tertiary text-white is-style-tertiary-back\"\n>\n\t\t\t<a\n\t\t\thref=\"https:\/\/www.iaff.org\/fr-ca\/initiative-de-presomption-de-sante\/\"\n\t\t\tclass=\"wp-block-button__link wp-element-button group\"\n\t\t\t\t\t>\n\t\t\t<span\n\t\t\tclass=\"decoration-transparent underline underline-offset-2 group-hover:decoration-inherit group-focus-visible:decoration-inherit transition duration-hover\"\n\t\t>\n\t\t\tInitiative sur la sant\u00e9 pr\u00e9somptive\t\t<\/span>\n\n\t\t<span\n\t\t\tclass=\"bg-inherit transition-colors duration-hover group-hover:bg-gold group-focus:bg-gold inline-flex rotate-180 order-first\"\n\t\t>\n\t\t\t<svg xmlns=\"http:\/\/www.w3.org\/2000\/svg\" width=\"21\" height=\"22\" fill=\"none\" viewBox=\"0 0 21 22\"><path stroke=\"currentColor\" stroke-linecap=\"round\" stroke-width=\"2\" d=\"M20 20.75L20 2.25L1.5 2.25L1.5 20.75L20 20.75Z\" clip-rule=\"evenodd\"\/><path stroke=\"currentColor\" stroke-linecap=\"square\" stroke-width=\"2\" d=\"M14.0883 11.5L6.66406 11.5\"\/><path stroke=\"currentColor\" stroke-linecap=\"square\" stroke-width=\"2\" d=\"M11.0723 7.75205L14.8363 11.5L11.0723 15.248\"\/><\/svg>\t\t<\/span>\n\t<\/a><\/div>\n\t\t\t<\/div>\n\t\t\t<\/div>\n<\/header>\n<\/section>\n<p><strong>PARTIE DU CODE :<\/strong><br \/>LOI SUR LES ACCIDENTS DU TRAVAIL<br \/>PARTIE 2 \u2013 R\u00c9MUN\u00c9RATION<\/p>\n<p><a href=\"https:\/\/www.ntassembly.ca\/\" target=\"blank\" rel=\"noopener noreferrer\">Site Web de l\u2019Assembl\u00e9e l\u00e9gislative des Territoires du Nord-Ouest<\/a><br \/><b><\/b><\/p>\n<p><b>LA DESCRIPTION :<\/b><br \/><b><\/b><\/p>\n<p><b>14. Pr\u00e9somptions<\/b><br \/>Les pr\u00e9somptions \u00e9nonc\u00e9es au pr\u00e9sent article s\u2019appliquent au droit \u00e0 une indemnit\u00e9, \u00e0 moins que le contraire ne soit prouv\u00e9 selon la pr\u00e9pond\u00e9rance des probabilit\u00e9s.<\/p>\n<ol>\n<li><b>Pr\u00e9somption d\u2019\u00e9v\u00e9nement<\/b> : Une l\u00e9sion corporelle, une maladie ou un d\u00e9c\u00e8s r\u00e9sultant de l\u2019emploi d\u2019un travailleur est pr\u00e9sum\u00e9 avoir<br \/>survenus au cours de son emploi.<\/li>\n<li><b>Pr\u00e9somption de causalit\u00e9<\/b> : Une blessure corporelle, une maladie ou un d\u00e9c\u00e8s survenant au cours de l\u2019emploi d\u2019un travailleur est :<br \/>pr\u00e9sum\u00e9 d\u00e9couler de son emploi.<\/li>\n<li><b>Pr\u00e9somption relative au d\u00e9c\u00e8s<\/b> : Le d\u00e9c\u00e8s d\u2019un travailleur est pr\u00e9sum\u00e9 \u00eatre survenu de son emploi si le travailleur est :<br \/>trouv\u00e9 mort \u00e0 l\u2019endroit o\u00f9 le travailleur se trouverait dans le cadre de son emploi.<\/li>\n<li><b>Pr\u00e9somption de maladie<\/b> : Une maladie est pr\u00e9sum\u00e9e \u00eatre n\u00e9e de l\u2019emploi d\u2019un travailleur et survenue au cours de cet emploi si :\n<ol>\n<li>le travailleur est invalide par la maladie;<\/li>\n<li>le travailleur a \u00e9t\u00e9 expos\u00e9 \u00e0 des conditions pendant l\u2019emploi qui auraient raisonnablement pu causer la maladie; et<\/li>\n<li>l\u2019exposition aux conditions vis\u00e9es \u00e0 l\u2019alin\u00e9a b) s\u2019est produite \u00e0 un moment quelconque au cours des 12 mois pr\u00e9c\u00e9dant l\u2019invalidit\u00e9.<\/li>\n<\/ol>\n<\/li>\n<\/ol>\n<p><b>T.N.-O. 2010, ch. 11, art.2.<\/b><\/p>\n<p><b>D\u00e9finitions<\/b><\/p>\n<p><b>14.1.  <\/b><\/p>\n<ol>\n<li style=\"list-style-type: none;\">\n<ol>\n<li>participe \u00e0 la lutte contre les incendies \u00e0 temps plein, \u00e0 temps partiel ou b\u00e9n\u00e9vole d\u2019un incendie<br \/>minist\u00e8re, et<\/li>\n<li>ne lutte pas exclusivement contre les feux de for\u00eat;<br \/>\u00ab maladie r\u00e9pertori\u00e9e \u00bb S\u2019entend de l\u2019une ou l\u2019autre des maladies suivantes :<\/p>\n<table style=\"font-weight: 400;\" data-tablestyle=\"MsoNormalTable\" data-tablelook=\"1184\" aria-rowcount=\"16\">\n<tbody>\n<tr aria-rowindex=\"1\">\n<td data-celllook=\"65537\"><b><span data-contrast=\"auto\">Poste<\/span><\/b><span data-ccp-props=\"{\"201341983\":0,\"335559739\":0,\"335559740\":240}\"> <\/span><\/td>\n<td data-celllook=\"65537\"><b><span data-contrast=\"auto\">\u00e9num\u00e9r\u00e9 Maladie<\/span><\/b><span data-ccp-props=\"{\"201341983\":0,\"335559739\":0,\"335559740\":240}\"> <\/span><\/td>\n<td data-celllook=\"65537\"><b><span data-contrast=\"auto\">P\u00e9riode d\u2019emploi<\/span><\/b><span data-ccp-props=\"{\"201341983\":0,\"335559739\":0,\"335559740\":240}\"> <\/span>prescrite<\/td>\n<\/tr>\n<tr aria-rowindex=\"2\">\n<td data-celllook=\"65537\"><span data-contrast=\"auto\">1<\/span><span data-ccp-props=\"{\"201341983\":0,\"335559739\":0,\"335559740\":240}\"> <\/span><\/td>\n<td data-celllook=\"65537\"><span data-contrast=\"auto\">Arr\u00eat cardiaque dans les 24 heures suivant la pr\u00e9sence \u00e0 une intervention d\u2019urgence,<\/span><span data-ccp-props=\"{\"201341983\":0,\"335559739\":0,\"335559740\":240}\"> <\/span><\/td>\n<td data-celllook=\"65537\"><span data-contrast=\"auto\">Aucun<\/span><span data-ccp-props=\"{\"201341983\":0,\"335559739\":0,\"335559740\":240}\"> <\/span><\/td>\n<\/tr>\n<tr aria-rowindex=\"3\">\n<td data-celllook=\"65537\"><span data-contrast=\"auto\">2<\/span><span data-ccp-props=\"{\"201341983\":0,\"335559739\":0,\"335559740\":240}\"> <\/span><\/td>\n<td data-celllook=\"65537\"><span data-contrast=\"auto\">My\u00e9lome<\/span><span data-ccp-props=\"{\"201341983\":0,\"335559739\":0,\"335559740\":240}\"> <\/span><\/td>\n<p> multiple <\/p>\n<td data-celllook=\"65537\"><span data-contrast=\"auto\">15 ans<\/span><span data-ccp-props=\"{\"201341983\":0,\"335559739\":0,\"335559740\":240}\"> <\/span><\/td>\n<\/tr>\n<tr aria-rowindex=\"4\">\n<td data-celllook=\"65537\"><span data-contrast=\"auto\">3<\/span><span data-ccp-props=\"{\"201341983\":0,\"335559739\":0,\"335559740\":240}\"> <\/span><\/td>\n<td data-celllook=\"65537\"><span data-contrast=\"auto\">Leuc\u00e9mie<\/span><span data-ccp-props=\"{\"201341983\":0,\"335559739\":0,\"335559740\":240}\"> <\/span><\/td>\n<p> primaire <\/p>\n<td data-celllook=\"65537\"><span data-contrast=\"auto\">5 ans<\/span><span data-ccp-props=\"{\"201341983\":0,\"335559739\":0,\"335559740\":240}\"> <\/span><\/td>\n<\/tr>\n<tr aria-rowindex=\"5\">\n<td data-celllook=\"65537\"><span data-contrast=\"auto\">4<\/span><span data-ccp-props=\"{\"201341983\":0,\"335559739\":0,\"335559740\":240}\"> <\/span><\/td>\n<td data-celllook=\"65537\">Lymphome <span data-ccp-props=\"{\"201341983\":0,\"335559739\":0,\"335559740\":240}\"> <\/span><span data-contrast=\"auto\">non hodgkinien primitif<\/span><\/td>\n<td data-celllook=\"65537\"><span data-contrast=\"auto\">20 ans<\/span><span data-ccp-props=\"{\"201341983\":0,\"335559739\":0,\"335559740\":240}\"> <\/span><\/td>\n<\/tr>\n<tr aria-rowindex=\"6\">\n<td data-celllook=\"65537\"><span data-contrast=\"auto\">5<\/span><span data-ccp-props=\"{\"201341983\":0,\"335559739\":0,\"335559740\":240}\"> <\/span><\/td>\n<td data-celllook=\"65537\"><span data-contrast=\"auto\">Cancer primitif de<\/span><span data-ccp-props=\"{\"201341983\":0,\"335559739\":0,\"335559740\":240}\"> <\/span><\/td>\n<p> la vessie <\/p>\n<td data-celllook=\"65537\"><span data-contrast=\"auto\">15 ans<\/span><span data-ccp-props=\"{\"201341983\":0,\"335559739\":0,\"335559740\":240}\"> <\/span><\/td>\n<\/tr>\n<tr aria-rowindex=\"7\">\n<td data-celllook=\"65537\"><span data-contrast=\"auto\">6<\/span><span data-ccp-props=\"{\"201341983\":0,\"335559739\":0,\"335559740\":240}\"> <\/span><\/td>\n<td data-celllook=\"65537\"><span data-contrast=\"auto\">Cancer primitif du<\/span><span data-ccp-props=\"{\"201341983\":0,\"335559739\":0,\"335559740\":240}\"> <\/span><\/td>\n<p> cerveau <\/p>\n<td data-celllook=\"65537\"><span data-contrast=\"auto\">: 10 ans<\/span><span data-ccp-props=\"{\"201341983\":0,\"335559739\":0,\"335559740\":240}\"> <\/span><\/td>\n<\/tr>\n<tr aria-rowindex=\"8\">\n<td data-celllook=\"65537\"><span data-contrast=\"auto\">7<\/span><span data-ccp-props=\"{\"201341983\":0,\"335559739\":0,\"335559740\":240}\"> <\/span><\/td>\n<td data-celllook=\"65537\"><span data-contrast=\"auto\">Cancer<\/span><span data-ccp-props=\"{\"201341983\":0,\"335559739\":0,\"335559740\":240}\"> <\/span><\/td>\n<p> du sein primitif <\/p>\n<td data-celllook=\"65537\"><span data-contrast=\"auto\">: 10 ans<\/span><span data-ccp-props=\"{\"201341983\":0,\"335559739\":0,\"335559740\":240}\"> <\/span><\/td>\n<\/tr>\n<tr aria-rowindex=\"9\">\n<td data-celllook=\"65537\"><span data-contrast=\"auto\">8<\/span><span data-ccp-props=\"{\"201341983\":0,\"335559739\":0,\"335559740\":240}\"> <\/span><\/td>\n<td data-celllook=\"65537\"><span data-contrast=\"auto\">Cancer<\/span><span data-ccp-props=\"{\"201341983\":0,\"335559739\":0,\"335559740\":240}\"> <\/span><\/td>\n<p> colorectal primitif <\/p>\n<td data-celllook=\"65537\"><span data-contrast=\"auto\">: 15 ans <\/span><span data-ccp-props=\"{\"201341983\":0,\"335559739\":0,\"335559740\":240}\"> <\/span><\/td>\n<\/tr>\n<tr aria-rowindex=\"10\">\n<td data-celllook=\"65537\"><span data-contrast=\"auto\">9<\/span><span data-ccp-props=\"{\"201341983\":0,\"335559739\":0,\"335559740\":240}\"> <\/span><\/td>\n<td data-celllook=\"65537\"><span data-contrast=\"auto\">Cancer<\/span><span data-ccp-props=\"{\"201341983\":0,\"335559739\":0,\"335559740\":240}\"> <\/span>primitif de l\u2019\u0153sophage<\/td>\n<td data-celllook=\"65537\"><span data-contrast=\"auto\">25 ans<\/span><span data-ccp-props=\"{\"201341983\":0,\"335559739\":0,\"335559740\":240}\"> <\/span><\/td>\n<\/tr>\n<tr aria-rowindex=\"11\">\n<td data-celllook=\"65537\"><span data-contrast=\"auto\">10<\/span><span data-ccp-props=\"{\"201341983\":0,\"335559739\":0,\"335559740\":240}\"> <\/span><\/td>\n<td data-celllook=\"65537\"><span data-contrast=\"auto\">Cancer primitif du<\/span><span data-ccp-props=\"{\"201341983\":0,\"335559739\":0,\"335559740\":240}\"> <\/span><\/td>\n<p> rein <\/p>\n<td data-celllook=\"65537\"><span data-contrast=\"auto\">20 ans<\/span><span data-ccp-props=\"{\"201341983\":0,\"335559739\":0,\"335559740\":240}\"> <\/span><\/td>\n<\/tr>\n<tr aria-rowindex=\"12\">\n<td data-celllook=\"65537\"><span data-contrast=\"auto\">11<\/span><span data-ccp-props=\"{\"201341983\":0,\"335559739\":0,\"335559740\":240}\"> <\/span><\/td>\n<td data-celllook=\"65537\"><span data-contrast=\"auto\">Cancer<\/span><span data-ccp-props=\"{\"201341983\":0,\"335559739\":0,\"335559740\":240}\"> <\/span><\/td>\n<p> du poumon primitif <\/p>\n<td data-celllook=\"65537\"><span data-contrast=\"auto\">25 ans<\/span><span data-ccp-props=\"{\"201341983\":0,\"335559739\":0,\"335559740\":240}\"> <\/span><\/td>\n<\/tr>\n<tr aria-rowindex=\"13\">\n<td data-celllook=\"65537\"><span data-contrast=\"auto\">12<\/span><span data-ccp-props=\"{\"201341983\":0,\"335559739\":0,\"335559740\":240}\"> <\/span><\/td>\n<td data-celllook=\"65537\"><span data-contrast=\"auto\">Cancer primitif de la<\/span><span data-ccp-props=\"{\"201341983\":0,\"335559739\":0,\"335559740\":240}\"> <\/span><\/td>\n<p> prostate <\/p>\n<td data-celllook=\"65537\"><span data-contrast=\"auto\">15 ans<\/span><span data-ccp-props=\"{\"201341983\":0,\"335559739\":0,\"335559740\":240}\"> <\/span><\/td>\n<\/tr>\n<tr aria-rowindex=\"14\">\n<td data-celllook=\"65537\"><span data-contrast=\"auto\">13<\/span><span data-ccp-props=\"{\"201341983\":0,\"335559739\":0,\"335559740\":240}\"> <\/span><\/td>\n<td data-celllook=\"65537\"><span data-contrast=\"auto\">Cancer<\/span><span data-ccp-props=\"{\"201341983\":0,\"335559739\":0,\"335559740\":240}\"> <\/span><\/td>\n<p> de la peau primitif <\/p>\n<td data-celllook=\"65537\"><span data-contrast=\"auto\">15 ans<\/span><span data-ccp-props=\"{\"201341983\":0,\"335559739\":0,\"335559740\":240}\"> <\/span><\/td>\n<\/tr>\n<tr aria-rowindex=\"15\">\n<td data-celllook=\"65537\"><span data-contrast=\"auto\">14<\/span><span data-ccp-props=\"{\"201341983\":0,\"335559739\":0,\"335559740\":240}\"> <\/span><\/td>\n<td data-celllook=\"65537\"><span data-contrast=\"auto\">Cancer<\/span><span data-ccp-props=\"{\"201341983\":0,\"335559739\":0,\"335559740\":240}\"> <\/span><\/td>\n<p> primitif du testicule <\/p>\n<td data-celllook=\"65537\"><span data-contrast=\"auto\">20 ans<\/span><span data-ccp-props=\"{\"201341983\":0,\"335559739\":0,\"335559740\":240}\"> <\/span><\/td>\n<\/tr>\n<tr aria-rowindex=\"16\">\n<td data-celllook=\"65793\"><span data-contrast=\"auto\">15<\/span><span data-ccp-props=\"{\"201341983\":0,\"335559739\":0,\"335559740\":240}\"> <\/span><\/td>\n<td data-celllook=\"65793\"><span data-contrast=\"auto\">Cancer primitif de<\/span><span data-ccp-props=\"{\"201341983\":0,\"335559739\":0,\"335559740\":240}\"> <\/span>l\u2019uret\u00e8re<\/td>\n<td data-celllook=\"65793\"><span data-contrast=\"auto\">15 ans<\/span><span data-ccp-props=\"{\"201341983\":0,\"335559739\":0,\"335559740\":240}\"> <\/span><\/td>\n<\/tr>\n<\/tbody>\n<\/table>\n<\/li>\n<\/ol>\n<\/li>\n<li><b>Pr\u00e9somption pour les pompiers<\/b> : Par d\u00e9rogation \u00e0 l\u2019article 14 et sous r\u00e9serve du paragraphe (3), une maladie inscrite est pr\u00e9sum\u00e9e avoir<br \/>d\u00e9coulant de l\u2019emploi d\u2019un travailleur et survenu au cours de cet emploi si :<\/p>\n<ol>\n<li>le travailleur est invalide en raison de la maladie \u00e9num\u00e9r\u00e9e; et<\/li>\n<li>le travailleur est ou a \u00e9t\u00e9 pompier pendant la p\u00e9riode minimale d\u2019emploi prescrite par les r\u00e8glements.<\/li>\n<\/ol>\n<\/li>\n<li><b>Fumeurs<\/b> : Lorsque la maladie \u00e9num\u00e9r\u00e9e est un cancer primitif du poumon, la pr\u00e9somption vis\u00e9e au paragraphe (2) ne s\u2019applique que si le travailleur a \u00e9t\u00e9 non-fumeur avant la date de l\u2019invalidit\u00e9 pendant la p\u00e9riode minimale prescrite par les r\u00e8glements.<\/li>\n<\/ol>\n<ol start=\"2\">\n<li>La p\u00e9riode minimale pendant laquelle le pompier a \u00e9t\u00e9 non-fumeur avant la date de l\u2019invalidit\u00e9 vis\u00e9e au paragraphe 14.1(3) de la Loi est la suivante :\n<ol style=\"list-style-type: lower-alpha;\" start=\"1\">\n<li>aucun si le pompier a fum\u00e9 au cours de sa vie\n<ol style=\"list-style-type: lower-roman;\" start=\"1\">\n<li>moins de 360 cigarettes,<\/li>\n<li>moins de 360 cigares;<\/li>\n<li>moins de 360 tuyaux, ou<\/li>\n<li>moins de 360 cigarettes, cigares et pipes;<\/li>\n<\/ol>\n<\/li>\n<li>aucun si le pompier a fum\u00e9 en moyenne moins de sept cigares ou pipes par semaine;<\/li>\n<li>dans le cas des cigarettes\n<ol style=\"list-style-type: lower-roman;\" start=\"1\">\n<li>six ans si le pompier fumait en moyenne moins de sept par semaine,<\/li>\n<li>six ans si le pompier fumait en moyenne un \u00e0 neuf par jour;<\/li>\n<li>13 ans si le pompier fumait en moyenne de 10 \u00e0 19 par jour,<\/li>\n<li>18 ans si le pompier fumait en moyenne 20 par jour,<\/li>\n<li>23 ans si le pompier fumait en moyenne 21 \u00e0 39 par jour;<\/li>\n<li>28 ans si le pompier fumait en moyenne 40 ou plus par jour;<\/li>\n<\/ol>\n<\/li>\n<li>dans le cas des cigares ou des pipes, huit ans si le pompier a fum\u00e9 en moyenne un ou plus d\u2019un par jour; et<\/li>\n<li>si le pompier a fum\u00e9 des cigarettes en combinaison avec des cigares ou des pipes, la p\u00e9riode minimale d\u00e9termin\u00e9e conform\u00e9ment \u00e0 l\u2019alin\u00e9a c) avec un cigare ou une pipe comptant comme une cigarette<\/li>\n<\/ol>\n<\/li>\n<\/ol>\n<p>&nbsp;<\/p>\n<p>T.N.-O. 2010, ch. 11, art.3.<\/p>\n<p style=\"text-align: right;\"><em>Mis \u00e0 jour le 3 ao\u00fbt 2023<\/em><\/p>\n","protected":false},"excerpt":{"rendered":"<p>PARTIE DU CODE :LOI SUR LES ACCIDENTS DU TRAVAILPARTIE 2 \u2013 R\u00c9MUN\u00c9RATION Site Web de l\u2019Assembl\u00e9e l\u00e9gislative des Territoires du Nord-Ouest LA DESCRIPTION : 14. Pr\u00e9somptionsLes pr\u00e9somptions \u00e9nonc\u00e9es au pr\u00e9sent [&hellip;]<\/p>\n","protected":false},"featured_media":0,"parent":77841,"menu_order":0,"comment_status":"closed","ping_status":"closed","template":"","meta":{"_acf_changed":false,"_searchwp_excluded":"","inline_featured_image":false,"_EventAllDay":false,"_EventTimezone":"","_EventStartDate":"","_EventEndDate":"","_EventStartDateUTC":"","_EventEndDateUTC":"","_EventShowMap":false,"_EventShowMapLink":false,"_EventURL":"","_EventCost":"","_EventCostDescription":"","_EventCurrencySymbol":"","_EventCurrencyCode":"","_EventCurrencyPosition":"","_EventDateTimeSeparator":"","_EventTimeRangeSeparator":"","_EventOrganizerID":[],"_EventVenueID":[],"_OrganizerEmail":"","_OrganizerPhone":"","_OrganizerWebsite":"","_VenueAddress":"","_VenueCity":"","_VenueCountry":"","_VenueProvince":"","_VenueState":"","_VenueZip":"","_VenuePhone":"","_VenueURL":"","_VenueStateProvince":"","_VenueLat":"","_VenueLng":"","_VenueShowMap":false,"_VenueShowMapLink":false,"footnotes":""},"class_list":["post-77824","page","type-page","status-publish","hentry"],"acf":[],"publishpress_future_workflow_manual_trigger":{"enabledWorkflows":[]},"_links":{"self":[{"href":"https:\/\/www.iaff.org\/fr-ca\/wp-json\/wp\/v2\/pages\/77824","targetHints":{"allow":["GET"]}}],"collection":[{"href":"https:\/\/www.iaff.org\/fr-ca\/wp-json\/wp\/v2\/pages"}],"about":[{"href":"https:\/\/www.iaff.org\/fr-ca\/wp-json\/wp\/v2\/types\/page"}],"author":[{"embeddable":true,"href":"https:\/\/www.iaff.org\/fr-ca\/wp-json\/wp\/v2\/users\/1"}],"replies":[{"embeddable":true,"href":"https:\/\/www.iaff.org\/fr-ca\/wp-json\/wp\/v2\/comments?post=77824"}],"version-history":[{"count":0,"href":"https:\/\/www.iaff.org\/fr-ca\/wp-json\/wp\/v2\/pages\/77824\/revisions"}],"up":[{"embeddable":true,"href":"https:\/\/www.iaff.org\/fr-ca\/wp-json\/wp\/v2\/pages\/77841"}],"wp:attachment":[{"href":"https:\/\/www.iaff.org\/fr-ca\/wp-json\/wp\/v2\/media?parent=77824"}],"curies":[{"name":"wp","href":"https:\/\/api.w.org\/{rel}","templated":true}]}}