{"id":77800,"date":"2019-04-07T14:51:47","date_gmt":"2019-04-07T18:51:47","guid":{"rendered":"https:\/\/www.iaff.org\/loi-sur-les-personnes-handicapees-presumees-au-kansas\/"},"modified":"2025-06-18T13:10:39","modified_gmt":"2025-06-18T17:10:39","slug":"loi-sur-les-personnes-handicapees-presumees-au-kansas","status":"publish","type":"page","link":"https:\/\/www.iaff.org\/fr-ca\/initiative-de-presomption-de-sante\/loi-sur-les-personnes-handicapees-presumees-au-kansas\/","title":{"rendered":"Loi sur l\u2019invalidit\u00e9 pr\u00e9sum\u00e9e au Kansas"},"content":{"rendered":"<section\n\t class=\"secondary-hero align wp-block-acf-secondary-hero\" id=\"secondary-hero_block_db5f2f3c91f3877f676325a10674071a\">\n\t\n<header\n\tclass=\"w-full u-bg-full-width px-[22px] md:ps-bleed md:pe-0 py-[60px] bg-blue text-white u-has-rivets\"\n\tdata-theme=\"navy\"\n>\n\t<div class=\"flex flex-col !px-0 !max-w-[1440px] w-full lg:!ps-indent\">\n\t\t<div class=\"border-t-[6px] w-full my-0 flex flex-col md:flex-row gap-x-[62px] gap-y-[22px] border-gold\">\n\t\t\t\t\t\t<div class=\"w-full md:w-1\/2 md:py-[45px]\">\n\t\t\t\t<div class=\"max-w-[600px] flex flex-col gap-[22px]\">\n\t\t\t\t\t\t\t\t\t\t\t<h1 class=\"has-[.u-halftone-shadow--dark]:mb-divider has-[.u-halftone-shadow--light]:mb-divider pt-[22px] md:pt-0\">\n\t\t\t\t\t\t\t<span class=\"inline-flex text-heading-200 u-halftone-shadow--light\">\n\t\t\t\t\t\t\t\tLoi sur l\u2019invalidit\u00e9 pr\u00e9sum\u00e9e au Kansas\t\t\t\t\t\t\t<\/span>\n\t\t\t\t\t\t<\/h1>\n\t\t\t\t\t\t\t\t\t\t\t\t\t\t\t\t\t\t\t\t\t\t\t\t\t\t\t\t\t<\/div>\n\t\t\t<\/div>\n\n\t\t<\/div>\n\t\t\t\t\t<div class=\"order-first flex justify-start w-full pb-[22px]\">\n\t\t\t\t<div\n\tclass=\"wp-block-button is-style-tertiary text-white is-style-tertiary-back\"\n>\n\t\t\t<a\n\t\t\thref=\"https:\/\/www.iaff.org\/fr-ca\/initiative-de-presomption-de-sante\/\"\n\t\t\tclass=\"wp-block-button__link wp-element-button group\"\n\t\t\t\t\t>\n\t\t\t<span\n\t\t\tclass=\"decoration-transparent underline underline-offset-2 group-hover:decoration-inherit group-focus-visible:decoration-inherit transition duration-hover\"\n\t\t>\n\t\t\tInitiative sur la sant\u00e9 pr\u00e9somptive\t\t<\/span>\n\n\t\t<span\n\t\t\tclass=\"bg-inherit transition-colors duration-hover group-hover:bg-gold group-focus:bg-gold inline-flex rotate-180 order-first\"\n\t\t>\n\t\t\t<svg xmlns=\"http:\/\/www.w3.org\/2000\/svg\" width=\"21\" height=\"22\" fill=\"none\" viewBox=\"0 0 21 22\"><path stroke=\"currentColor\" stroke-linecap=\"round\" stroke-width=\"2\" d=\"M20 20.75L20 2.25L1.5 2.25L1.5 20.75L20 20.75Z\" clip-rule=\"evenodd\"\/><path stroke=\"currentColor\" stroke-linecap=\"square\" stroke-width=\"2\" d=\"M14.0883 11.5L6.66406 11.5\"\/><path stroke=\"currentColor\" stroke-linecap=\"square\" stroke-width=\"2\" d=\"M11.0723 7.75205L14.8363 11.5L11.0723 15.248\"\/><\/svg>\t\t<\/span>\n\t<\/a><\/div>\n\t\t\t<\/div>\n\t\t\t<\/div>\n<\/header>\n<\/section>\n<p><strong>PARTIE DU CODE :<\/strong><br \/>Chapitre 74 \u2013 CONSEILS, COMMISSIONS ET AUTORIT\u00c9S D\u2019\u00c9TAT<br \/>Article 49 \u2013 R\u00c9GIMES DE RETRAITE DES EMPLOY\u00c9S PUBLICS<br \/>74-4952 D\u00e9finitions.<\/p>\n<p><a href=\"https:\/\/www.kslegislature.org\/li\/b2013_14\/statute\/\" target=\"blank\" rel=\"noopener noreferrer\">Site Web de l\u2019Assembl\u00e9e l\u00e9gislative du Kansas<\/a><br \/><b><\/b><\/p>\n<p><b>LA DESCRIPTION :<\/b><\/p>\n<ol start=\"10\" type=\"1\">\n<li>\u00ab Li\u00e9 au service \u00bb S\u2019entend d\u2019un d\u00e9c\u00e8s ou d\u2019une incapacit\u00e9 physique ou mentale, d\u2019un d\u00e9c\u00e8s ou d\u2019une invalidit\u00e9 r\u00e9sultant d\u2019une force ext\u00e9rieure, d\u2019une violence ou d\u2019une maladie occasionn\u00e9e par un acte de service \u00e0 titre de policier ou de pompier et, pour tout militaire apr\u00e8s cinq ans de service cr\u00e9dit\u00e9, il y a une pr\u00e9somption r\u00e9futable que tout d\u00e9c\u00e8s ou invalidit\u00e9 r\u00e9sultant d\u2019une maladie cardiaque ou d\u2019une maladie des poumons ou des voies respiratoires ou d\u2019un cancer, tel que pr\u00e9vu : Dans le pr\u00e9sent paragraphe, sauf dans le cas o\u00f9 le participant cesse d\u2019\u00eatre un participant cotisant en raison d\u2019une invalidit\u00e9 li\u00e9e au service pendant une p\u00e9riode de six mois ou plus et redevient ensuite un participant cotisant, la disposition relative au d\u00e9c\u00e8s ou \u00e0 l\u2019invalidit\u00e9 r\u00e9sultant d\u2019une maladie du c\u0153ur, d\u2019une maladie du poumon ou des voies respiratoires ou d\u2019un cancer, telle que pr\u00e9vue au pr\u00e9sent paragraphe, ne s\u2019applique pas tant que le militaire n\u2019est pas redevenu cotisant. membre pour une p\u00e9riode d\u2019au moins deux ans ou \u00e0 moins qu\u2019une preuve claire et pr\u00e9cise ne soit pr\u00e9sent\u00e9e que la maladie du c\u0153ur, la maladie des poumons ou des voies respiratoires ou le cancer pr\u00e9vu au pr\u00e9sent paragraphe a \u00e9t\u00e9 en fait caus\u00e9 par un acte de service de policier ou de pompier. Si le r\u00e9gime de retraite re\u00e7oit une preuve contraire \u00e0 cette pr\u00e9somption, il incombe au participant ou \u00e0 l\u2019autre partie de pr\u00e9senter la preuve que ce d\u00e9c\u00e8s ou cette invalidit\u00e9 \u00e9tait li\u00e9 au service. Les dispositions du pr\u00e9sent article relatives \u00e0 la pr\u00e9somption que le d\u00e9c\u00e8s ou l\u2019invalidit\u00e9 r\u00e9sultant d\u2019un cancer est li\u00e9 au service ne s\u2019appliquent que si l\u2019affection qui a caus\u00e9 le d\u00e9c\u00e8s ou l\u2019invalidit\u00e9 est un type de cancer qui peut, en g\u00e9n\u00e9ral, r\u00e9sulter d\u2019une exposition \u00e0 la chaleur, au rayonnement ou \u00e0 un canc\u00e9rog\u00e8ne connu.  <\/li>\n<\/ol>\n","protected":false},"excerpt":{"rendered":"<p>PARTIE DU CODE :Chapitre 74 \u2013 CONSEILS, COMMISSIONS ET AUTORIT\u00c9S D\u2019\u00c9TATArticle 49 \u2013 R\u00c9GIMES DE RETRAITE DES EMPLOY\u00c9S PUBLICS74-4952 D\u00e9finitions. Site Web de l\u2019Assembl\u00e9e l\u00e9gislative du Kansas LA DESCRIPTION : [&hellip;]<\/p>\n","protected":false},"featured_media":0,"parent":77841,"menu_order":0,"comment_status":"closed","ping_status":"closed","template":"","meta":{"_acf_changed":false,"_searchwp_excluded":"","inline_featured_image":false,"_EventAllDay":false,"_EventTimezone":"","_EventStartDate":"","_EventEndDate":"","_EventStartDateUTC":"","_EventEndDateUTC":"","_EventShowMap":false,"_EventShowMapLink":false,"_EventURL":"","_EventCost":"","_EventCostDescription":"","_EventCurrencySymbol":"","_EventCurrencyCode":"","_EventCurrencyPosition":"","_EventDateTimeSeparator":"","_EventTimeRangeSeparator":"","_EventOrganizerID":[],"_EventVenueID":[],"_OrganizerEmail":"","_OrganizerPhone":"","_OrganizerWebsite":"","_VenueAddress":"","_VenueCity":"","_VenueCountry":"","_VenueProvince":"","_VenueState":"","_VenueZip":"","_VenuePhone":"","_VenueURL":"","_VenueStateProvince":"","_VenueLat":"","_VenueLng":"","_VenueShowMap":false,"_VenueShowMapLink":false,"footnotes":""},"class_list":["post-77800","page","type-page","status-publish","hentry"],"acf":[],"publishpress_future_workflow_manual_trigger":{"enabledWorkflows":[]},"_links":{"self":[{"href":"https:\/\/www.iaff.org\/fr-ca\/wp-json\/wp\/v2\/pages\/77800","targetHints":{"allow":["GET"]}}],"collection":[{"href":"https:\/\/www.iaff.org\/fr-ca\/wp-json\/wp\/v2\/pages"}],"about":[{"href":"https:\/\/www.iaff.org\/fr-ca\/wp-json\/wp\/v2\/types\/page"}],"author":[{"embeddable":true,"href":"https:\/\/www.iaff.org\/fr-ca\/wp-json\/wp\/v2\/users\/1"}],"replies":[{"embeddable":true,"href":"https:\/\/www.iaff.org\/fr-ca\/wp-json\/wp\/v2\/comments?post=77800"}],"version-history":[{"count":0,"href":"https:\/\/www.iaff.org\/fr-ca\/wp-json\/wp\/v2\/pages\/77800\/revisions"}],"up":[{"embeddable":true,"href":"https:\/\/www.iaff.org\/fr-ca\/wp-json\/wp\/v2\/pages\/77841"}],"wp:attachment":[{"href":"https:\/\/www.iaff.org\/fr-ca\/wp-json\/wp\/v2\/media?parent=77800"}],"curies":[{"name":"wp","href":"https:\/\/api.w.org\/{rel}","templated":true}]}}