{"id":77775,"date":"2019-04-07T14:48:24","date_gmt":"2019-04-07T18:48:24","guid":{"rendered":"https:\/\/www.iaff.org\/loi-sur-les-personnes-handicapees-presumees-a-hawai\/"},"modified":"2025-06-18T12:49:58","modified_gmt":"2025-06-18T16:49:58","slug":"loi-sur-les-personnes-handicapees-presumees-a-hawai","status":"publish","type":"page","link":"https:\/\/www.iaff.org\/fr-ca\/initiative-de-presomption-de-sante\/loi-sur-les-personnes-handicapees-presumees-a-hawai\/","title":{"rendered":"Loi sur l\u2019invalidit\u00e9 pr\u00e9sum\u00e9e \u00e0 Hawa\u00ef"},"content":{"rendered":"<section\n\t class=\"secondary-hero align wp-block-acf-secondary-hero\" id=\"secondary-hero_block_9a6cf648d03d2a122e510e77116bb615\">\n\t\n<header\n\tclass=\"w-full u-bg-full-width px-[22px] md:ps-bleed md:pe-0 py-[60px] bg-blue text-white u-has-rivets\"\n\tdata-theme=\"navy\"\n>\n\t<div class=\"flex flex-col !px-0 !max-w-[1440px] w-full lg:!ps-indent\">\n\t\t<div class=\"border-t-[6px] w-full my-0 flex flex-col md:flex-row gap-x-[62px] gap-y-[22px] border-gold\">\n\t\t\t\t\t\t<div class=\"w-full md:w-1\/2 md:py-[45px]\">\n\t\t\t\t<div class=\"max-w-[600px] flex flex-col gap-[22px]\">\n\t\t\t\t\t\t\t\t\t\t\t<h1 class=\"has-[.u-halftone-shadow--dark]:mb-divider has-[.u-halftone-shadow--light]:mb-divider pt-[22px] md:pt-0\">\n\t\t\t\t\t\t\t<span class=\"inline-flex text-heading-200 u-halftone-shadow--light\">\n\t\t\t\t\t\t\t\tLoi sur l\u2019invalidit\u00e9 pr\u00e9sum\u00e9e \u00e0 Hawa\u00ef\t\t\t\t\t\t\t<\/span>\n\t\t\t\t\t\t<\/h1>\n\t\t\t\t\t\t\t\t\t\t\t\t\t\t\t\t\t\t\t\t\t\t\t\t\t\t\t\t\t<\/div>\n\t\t\t<\/div>\n\n\t\t<\/div>\n\t\t\t\t\t<div class=\"order-first flex justify-start w-full pb-[22px]\">\n\t\t\t\t<div\n\tclass=\"wp-block-button is-style-tertiary text-white is-style-tertiary-back\"\n>\n\t\t\t<a\n\t\t\thref=\"https:\/\/www.iaff.org\/fr-ca\/initiative-de-presomption-de-sante\/\"\n\t\t\tclass=\"wp-block-button__link wp-element-button group\"\n\t\t\t\t\t>\n\t\t\t<span\n\t\t\tclass=\"decoration-transparent underline underline-offset-2 group-hover:decoration-inherit group-focus-visible:decoration-inherit transition duration-hover\"\n\t\t>\n\t\t\tInitiative sur la sant\u00e9 pr\u00e9somptive\t\t<\/span>\n\n\t\t<span\n\t\t\tclass=\"bg-inherit transition-colors duration-hover group-hover:bg-gold group-focus:bg-gold inline-flex rotate-180 order-first\"\n\t\t>\n\t\t\t<svg xmlns=\"http:\/\/www.w3.org\/2000\/svg\" width=\"21\" height=\"22\" fill=\"none\" viewBox=\"0 0 21 22\"><path stroke=\"currentColor\" stroke-linecap=\"round\" stroke-width=\"2\" d=\"M20 20.75L20 2.25L1.5 2.25L1.5 20.75L20 20.75Z\" clip-rule=\"evenodd\"\/><path stroke=\"currentColor\" stroke-linecap=\"square\" stroke-width=\"2\" d=\"M14.0883 11.5L6.66406 11.5\"\/><path stroke=\"currentColor\" stroke-linecap=\"square\" stroke-width=\"2\" d=\"M11.0723 7.75205L14.8363 11.5L11.0723 15.248\"\/><\/svg>\t\t<\/span>\n\t<\/a><\/div>\n\t\t\t<\/div>\n\t\t\t<\/div>\n<\/header>\n<\/section>\n<p><strong>PARTIE DU CODE :<\/strong><br \/>Lois r\u00e9vis\u00e9es d\u2019Hawa\u00ef<br \/>Retraite d\u2019invalidit\u00e9 li\u00e9e au service<\/p>\n<p><a href=\"https:\/\/www.capitol.hawaii.gov\/\" target=\"blank\" rel=\"noopener noreferrer\">Site Web de l\u2019Assembl\u00e9e l\u00e9gislative d\u2019Hawa\u00ef<\/a><br \/><b><\/b><\/p>\n<p><b>LA DESCRIPTION :<\/b><br \/><b>Art. 88-79 <\/b><br \/>Retraite d\u2019invalidit\u00e9 li\u00e9e au service.<\/p>\n<ol type=\"a\">\n<li>Dans le cas des pompiers, des policiers et des travailleurs des \u00e9gouts, l\u2019effet de l\u2019inhalation de fum\u00e9e, de gaz toxiques, de vapeurs chimiques et d\u2019autres vapeurs toxiques sur le c\u0153ur, les poumons et l\u2019appareil respiratoire doit \u00eatre interpr\u00e9t\u00e9 comme une blessure subie ou une maladie contract\u00e9e dans l\u2019exercice de leurs fonctions et comme le r\u00e9sultat d\u2019un risque professionnel aux fins de la d\u00e9termination de la retraite d\u2019invalidit\u00e9 professionnelle en vertu du pr\u00e9sent article.<\/li>\n<\/ol>\n<p>Nonobstant toute autre loi contraire, tout \u00e9tat de sant\u00e9 caus\u00e9 par une maladie du c\u0153ur, des poumons ou de l\u2019appareil respiratoire, entra\u00eenant une incapacit\u00e9 permanente d\u2019un pompier, d\u2019un agent de police ou d\u2019un travailleur des \u00e9gouts, est pr\u00e9sum\u00e9 avoir \u00e9t\u00e9 subi dans l\u2019exercice effectif de ses fonctions \u00e0 un moment et \u00e0 un endroit donn\u00e9s sans n\u00e9gligence volontaire de la part du pompier :  de la part d\u2019un agent de police ou d\u2019un travailleur des \u00e9gouts, et en raison du risque professionnel inh\u00e9rent \u00e0 l\u2019exposition et \u00e0 l\u2019inhalation de fum\u00e9e, de gaz toxiques, de vapeurs chimiques et d\u2019autres vapeurs toxiques, sauf preuve probante du contraire; pourvu que ce pompier, agent de police ou travailleur d\u2019\u00e9gout ait r\u00e9ussi un examen physique \u00e0 son entr\u00e9e dans ce service ou apr\u00e8s cette entr\u00e9e, lequel examen n\u2019a r\u00e9v\u00e9l\u00e9 aucune preuve de cet \u00e9tat.<\/p>\n<p><strong>\u00df386<\/strong> \u2013 Soins m\u00e9dicaux, services et fournitures pour les r\u00e9clamations contest\u00e9es. En cas de r\u00e9clamation contest\u00e9e, le r\u00e9gime priv\u00e9 d\u2019assurance-maladie de l\u2019employ\u00e9 bless\u00e9 paie ou fournit des soins, des services et des fournitures m\u00e9dicaux conform\u00e9ment au contrat priv\u00e9 d\u2019assurance-maladie. Lorsque la demande est accept\u00e9e ou jug\u00e9e indemnisable, l\u2019employeur rembourse au r\u00e9gime priv\u00e9 de soins de sant\u00e9 et \u00e0 l\u2019employ\u00e9 bless\u00e9 les montants autoris\u00e9s par le pr\u00e9sent chapitre et les r\u00e8gles adopt\u00e9es par le directeur.  <\/p>\n<p><strong>\u00df386<\/strong> \u2013 Soins m\u00e9dicaux, services et fournitures pour les pompiers atteints de cancer. Si une demande de r\u00e8glement pour leuc\u00e9mie, my\u00e9lome multiple, lymphome non hodgkinien ou cancer du poumon, du cerveau, de l\u2019estomac, de l\u2019\u0153sophage, des intestins, du rectum, du rein, de la vessie, de la prostate :   <span class=\"TextRun Highlight SCXW205371299 BCX0\" lang=\"EN-US\" xml:lang=\"EN-US\" data-contrast=\"auto\"><span class=\"NormalTextRun SCXW205371299 BCX0\">sein, organes reproducteurs f\u00e9minins<\/span><\/span><span class=\"TextRun SCXW205371299 BCX0\" lang=\"EN-US\" xml:lang=\"EN-US\" data-contrast=\"auto\"><span class=\"NormalTextRun SCXW205371299 BCX0\">,  <\/span><\/span>ou les tests d\u00e9pos\u00e9s par un employ\u00e9 comptant cinq ans ou plus de service en tant que pompier sont accept\u00e9s ou jug\u00e9s indemnisables, l\u2019article 386-21 demeure applicable; \u00e0 condition que l\u2019employeur soit responsable des soins, des services et des fournitures m\u00e9dicaux pour un minimum de cent dix pour cent et ne d\u00e9passant pas cent cinquante pour cent des frais prescrits dans l\u2019\u00e9chelle de valeur relative bas\u00e9e sur les ressources de l\u2019assurance-maladie applicable \u00e0 Hawa\u00ef, telle qu\u2019elle a \u00e9t\u00e9 pr\u00e9par\u00e9e par le d\u00e9partement de la Sant\u00e9 et des Services sociaux des \u00c9tats-Unis.<\/p>\n","protected":false},"excerpt":{"rendered":"<p>PARTIE DU CODE :Lois r\u00e9vis\u00e9es d\u2019Hawa\u00efRetraite d\u2019invalidit\u00e9 li\u00e9e au service Site Web de l\u2019Assembl\u00e9e l\u00e9gislative d\u2019Hawa\u00ef LA DESCRIPTION :Art. 88-79 Retraite d\u2019invalidit\u00e9 li\u00e9e au service. Dans le cas des pompiers, [&hellip;]<\/p>\n","protected":false},"featured_media":0,"parent":77841,"menu_order":0,"comment_status":"closed","ping_status":"closed","template":"","meta":{"_acf_changed":false,"_searchwp_excluded":"","inline_featured_image":false,"_EventAllDay":false,"_EventTimezone":"","_EventStartDate":"","_EventEndDate":"","_EventStartDateUTC":"","_EventEndDateUTC":"","_EventShowMap":false,"_EventShowMapLink":false,"_EventURL":"","_EventCost":"","_EventCostDescription":"","_EventCurrencySymbol":"","_EventCurrencyCode":"","_EventCurrencyPosition":"","_EventDateTimeSeparator":"","_EventTimeRangeSeparator":"","_EventOrganizerID":[],"_EventVenueID":[],"_OrganizerEmail":"","_OrganizerPhone":"","_OrganizerWebsite":"","_VenueAddress":"","_VenueCity":"","_VenueCountry":"","_VenueProvince":"","_VenueState":"","_VenueZip":"","_VenuePhone":"","_VenueURL":"","_VenueStateProvince":"","_VenueLat":"","_VenueLng":"","_VenueShowMap":false,"_VenueShowMapLink":false,"footnotes":""},"class_list":["post-77775","page","type-page","status-publish","hentry"],"acf":[],"publishpress_future_workflow_manual_trigger":{"enabledWorkflows":[]},"_links":{"self":[{"href":"https:\/\/www.iaff.org\/fr-ca\/wp-json\/wp\/v2\/pages\/77775","targetHints":{"allow":["GET"]}}],"collection":[{"href":"https:\/\/www.iaff.org\/fr-ca\/wp-json\/wp\/v2\/pages"}],"about":[{"href":"https:\/\/www.iaff.org\/fr-ca\/wp-json\/wp\/v2\/types\/page"}],"author":[{"embeddable":true,"href":"https:\/\/www.iaff.org\/fr-ca\/wp-json\/wp\/v2\/users\/1"}],"replies":[{"embeddable":true,"href":"https:\/\/www.iaff.org\/fr-ca\/wp-json\/wp\/v2\/comments?post=77775"}],"version-history":[{"count":0,"href":"https:\/\/www.iaff.org\/fr-ca\/wp-json\/wp\/v2\/pages\/77775\/revisions"}],"up":[{"embeddable":true,"href":"https:\/\/www.iaff.org\/fr-ca\/wp-json\/wp\/v2\/pages\/77841"}],"wp:attachment":[{"href":"https:\/\/www.iaff.org\/fr-ca\/wp-json\/wp\/v2\/media?parent=77775"}],"curies":[{"name":"wp","href":"https:\/\/api.w.org\/{rel}","templated":true}]}}