{"id":77741,"date":"2019-04-07T15:14:32","date_gmt":"2019-04-07T19:14:32","guid":{"rendered":"https:\/\/www.iaff.org\/loi-sur-les-personnes-handicapees-presumees-dans-lutah\/"},"modified":"2025-06-18T14:54:30","modified_gmt":"2025-06-18T18:54:30","slug":"loi-sur-les-personnes-handicapees-presumees-dans-lutah","status":"publish","type":"page","link":"https:\/\/www.iaff.org\/fr-ca\/initiative-de-presomption-de-sante\/loi-sur-les-personnes-handicapees-presumees-dans-lutah\/","title":{"rendered":"Loi sur l\u2019invalidit\u00e9 pr\u00e9sum\u00e9e en Utah"},"content":{"rendered":"<section\n\t class=\"secondary-hero align wp-block-acf-secondary-hero\" id=\"secondary-hero_block_3890a02f9cceb9fdad6b748fefb14232\">\n\t\n<header\n\tclass=\"w-full u-bg-full-width px-[22px] md:ps-bleed md:pe-0 py-[60px] bg-blue text-white u-has-rivets\"\n\tdata-theme=\"navy\"\n>\n\t<div class=\"flex flex-col !px-0 !max-w-[1440px] w-full lg:!ps-indent\">\n\t\t<div class=\"border-t-[6px] w-full my-0 flex flex-col md:flex-row gap-x-[62px] gap-y-[22px] border-gold\">\n\t\t\t\t\t\t<div class=\"w-full md:w-1\/2 md:py-[45px]\">\n\t\t\t\t<div class=\"max-w-[600px] flex flex-col gap-[22px]\">\n\t\t\t\t\t\t\t\t\t\t\t<h1 class=\"has-[.u-halftone-shadow--dark]:mb-divider has-[.u-halftone-shadow--light]:mb-divider pt-[22px] md:pt-0\">\n\t\t\t\t\t\t\t<span class=\"inline-flex text-heading-200 u-halftone-shadow--light\">\n\t\t\t\t\t\t\t\tLoi sur l\u2019invalidit\u00e9 pr\u00e9sum\u00e9e en Utah\t\t\t\t\t\t\t<\/span>\n\t\t\t\t\t\t<\/h1>\n\t\t\t\t\t\t\t\t\t\t\t\t\t\t\t\t\t\t\t\t\t\t\t\t\t\t\t\t\t<\/div>\n\t\t\t<\/div>\n\n\t\t<\/div>\n\t\t\t\t\t<div class=\"order-first flex justify-start w-full pb-[22px]\">\n\t\t\t\t<div\n\tclass=\"wp-block-button is-style-tertiary text-white is-style-tertiary-back\"\n>\n\t\t\t<a\n\t\t\thref=\"https:\/\/www.iaff.org\/fr-ca\/initiative-de-presomption-de-sante\/\"\n\t\t\tclass=\"wp-block-button__link wp-element-button group\"\n\t\t\t\t\t>\n\t\t\t<span\n\t\t\tclass=\"decoration-transparent underline underline-offset-2 group-hover:decoration-inherit group-focus-visible:decoration-inherit transition duration-hover\"\n\t\t>\n\t\t\tInitiative sur la sant\u00e9 pr\u00e9somptive\t\t<\/span>\n\n\t\t<span\n\t\t\tclass=\"bg-inherit transition-colors duration-hover group-hover:bg-gold group-focus:bg-gold inline-flex rotate-180 order-first\"\n\t\t>\n\t\t\t<svg xmlns=\"http:\/\/www.w3.org\/2000\/svg\" width=\"21\" height=\"22\" fill=\"none\" viewBox=\"0 0 21 22\"><path stroke=\"currentColor\" stroke-linecap=\"round\" stroke-width=\"2\" d=\"M20 20.75L20 2.25L1.5 2.25L1.5 20.75L20 20.75Z\" clip-rule=\"evenodd\"\/><path stroke=\"currentColor\" stroke-linecap=\"square\" stroke-width=\"2\" d=\"M14.0883 11.5L6.66406 11.5\"\/><path stroke=\"currentColor\" stroke-linecap=\"square\" stroke-width=\"2\" d=\"M11.0723 7.75205L14.8363 11.5L11.0723 15.248\"\/><\/svg>\t\t<\/span>\n\t<\/a><\/div>\n\t\t\t<\/div>\n\t\t\t<\/div>\n<\/header>\n<\/section>\n<p><strong>PARTIE DU CODE :<\/strong><br \/>Code de l\u2019Utah<br \/>Titre 49 de la Loi sur les prestations de retraite et d\u2019assurance de l\u2019\u00c9tat de l\u2019Utah<br \/>Chapitre 16 Loi sur la retraite des pompiers<br \/>49-16-102 D\u00e9finitions<br \/>Titre 34A Code du travail de l\u2019Utah<br \/>Chapitre 02 Loi sur les accidents du travail<br \/>34A-2-901 Pr\u00e9somption d\u2019indemnisation des accidents du travail pour les fournisseurs de services m\u00e9dicaux d\u2019urgence<br \/>34A-3-113 Pr\u00e9somption d\u2019indemnit\u00e9s d\u2019accident du travail pour les pompiers.<\/p>\n<p><a href=\"https:\/\/le.utah.gov\/\" target=\"blank\" rel=\"noopener noreferrer\">Site Web de l\u2019Assembl\u00e9e l\u00e9gislative de l\u2019Utah<\/a><br \/><b><\/b><\/p>\n<p><b>LA DESCRIPTION :<\/b><br \/><b>49-16-102<\/b><br \/>D\u00e9finitions<\/p>\n<ol start=\"4\" type=\"1\">\n<li>\u00ab service d\u2019incendie \u00bb Emploi exigeant normalement une moyenne de 2 080 heures d\u2019emploi r\u00e9gulier par ann\u00e9e par un membre qui est un employ\u00e9 du service d\u2019incendie form\u00e9 aux techniques d\u2019incendie et affect\u00e9 \u00e0 un poste de service dangereux dans un service d\u2019incendie r\u00e9guli\u00e8rement constitu\u00e9, \u00e0 l\u2019exclusion du personnel de secr\u00e9tariat ou d\u2019autres employ\u00e9s similaires.<\/li>\n<li>\u00ab employ\u00e9 du service de pompiers \u00bb Employ\u00e9 d\u2019un employeur participant qui fournit des services de pompier en vertu du pr\u00e9sent chapitre. Un employ\u00e9 d\u2019un service d\u2019incendie r\u00e9guli\u00e8rement constitu\u00e9 qui n\u2019offre pas de service d\u2019incendie n\u2019est pas un employ\u00e9 d\u2019un service d\u2019incendie. <\/li>\n<li>\u00ab D\u00e9c\u00e8s ou invalidit\u00e9 dans l\u2019exercice de ses fonctions \u00bb d\u00e9signe un d\u00e9c\u00e8s ou une incapacit\u00e9 physique ou mentale r\u00e9sultant d\u2019une force ext\u00e9rieure, d\u2019une violence ou d\u2019une maladie r\u00e9sultant directement du service de pompier.\n<ol type=\"a\">\n<li>Un pompier r\u00e9mun\u00e9r\u00e9 qui a cinq ans de cr\u00e9dit de service de pompier est admissible \u00e0 un d\u00e9c\u00e8s ou \u00e0 une invalidit\u00e9 dans l\u2019exercice de ses fonctions r\u00e9sultant d\u2019une maladie cardiaque, d\u2019une maladie pulmonaire ou d\u2019une affection des voies respiratoires.<\/li>\n<li>Un pompier r\u00e9mun\u00e9r\u00e9 qui re\u00e7oit une prestation d\u2019invalidit\u00e9 li\u00e9e au service pendant plus de six mois en raison d\u2019une violence ou d\u2019une maladie autre qu\u2019une maladie cardiaque, une maladie pulmonaire ou une affection des voies respiratoires, puis qui retourne au service de pompier r\u00e9mun\u00e9r\u00e9, peut ne pas \u00eatre admissible \u00e0 une indemnit\u00e9 de d\u00e9c\u00e8s ou d\u2019invalidit\u00e9 dans l\u2019exercice de ses fonctions en raison d\u2019une maladie cardiaque ou pulmonaire,  ou l\u2019affection des voies respiratoires pendant deux ans apr\u00e8s le retour au travail du pompier, \u00e0 moins qu\u2019une preuve claire et convaincante ne soit pr\u00e9sent\u00e9e que la maladie cardiaque, pulmonaire ou l\u2019affection des voies respiratoires r\u00e9sulte directement du service de pompier.<\/li>\n<\/ol>\n<\/li>\n<li>\u00ab employeur participant \u00bb d\u00e9signe un employeur qui satisfait aux exigences de participation de l\u2019article 49-16-201.<\/li>\n<li>\u00ab Service d\u2019incendie r\u00e9guli\u00e8rement constitu\u00e9 \u00bb d\u00e9signe un service d\u2019incendie qui emploie un chef des pompiers qui fournit des services de pompier pendant au moins 2 080 heures d\u2019emploi r\u00e9mun\u00e9r\u00e9 r\u00e9gulier par ann\u00e9e.<\/li>\n<li>\u00ab Syst\u00e8me \u00bb d\u00e9signe le r\u00e9gime de retraite des pompiers cr\u00e9\u00e9 en vertu du pr\u00e9sent chapitre.<\/li>\n<li>\n<ol type=\"a\">\n<li>\u00ab pompier volontaire \u00bb d\u00e9signe toute personne qui n\u2019est pas r\u00e9guli\u00e8rement employ\u00e9e \u00e0 titre d\u2019employ\u00e9 du service de pompiers, mais qui :\n<ol type=\"i\">\n<li>a re\u00e7u une formation sur les techniques et les comp\u00e9tences des pompiers;<\/li>\n<li>continue de recevoir une formation r\u00e9guli\u00e8re de pompier; et<\/li>\n<li>figure sur les listes d\u2019un service de pompiers volontaires l\u00e9galement organis\u00e9 qui offre une formation continue et dessert une subdivision politique de l\u2019\u00c9tat.<\/li>\n<\/ol>\n<\/li>\n<li>Un particulier qui aide b\u00e9n\u00e9volement mais qui ne satisfait pas aux exigences de l\u2019alin\u00e9a (10)a) n\u2019est pas un pompier volontaire pour l\u2019application du pr\u00e9sent chapitre.<\/li>\n<\/ol>\n<\/li>\n<li>\u00ab Cr\u00e9dit pour ann\u00e9es de service \u00bb d\u00e9signe le nombre de p\u00e9riodes, chacune comprenant 12 mois complets d\u00e9termin\u00e9s par la Commission, cons\u00e9cutifs ou non, au cours desquelles un employ\u00e9 du service de pompiers a \u00e9t\u00e9 employ\u00e9 par un employeur participant ou a re\u00e7u une r\u00e9mun\u00e9ration \u00e0 temps plein pendant son cong\u00e9 de maladie, y compris le moment o\u00f9 l\u2019employ\u00e9 du service de pompier \u00e9tait absent au service des \u00c9tats-Unis pour le service militaire.<\/li>\n<\/ol>\n<p><b>34A-2-901<\/b><br \/>Pr\u00e9somption d\u2019indemnisation des accidents du travail pour les fournisseurs de services m\u00e9dicaux d\u2019urgence<\/p>\n<ol type=\"1\">\n<li>Un fournisseur de services m\u00e9dicaux d\u2019urgence qui pr\u00e9tend avoir contract\u00e9 une maladie, au sens de l\u2019article 78B-8-401, \u00e0 la suite d\u2019une exposition importante dans l\u2019exercice de ses fonctions de fournisseur de services m\u00e9dicaux d\u2019urgence, est pr\u00e9sum\u00e9 avoir contract\u00e9 la maladie par accident dans l\u2019exercice de ses fonctions de fournisseur de services m\u00e9dicaux d\u2019urgence si :\n<ol type=\"a\">\n<li>son emploi ou son service \u00e0 titre de fournisseur de services m\u00e9dicaux d\u2019urgence dans cet \u00c9tat a commenc\u00e9 avant le 1er juillet 1988 et il obtient un r\u00e9sultat positif \u00e0 un test de d\u00e9pistage d\u2019une maladie pendant la dur\u00e9e de son emploi ou de son service, ou dans les trois mois suivant la cessation de son emploi ou de son service; ou<\/li>\n<li>l\u2019emploi ou le service de la personne \u00e0 titre de fournisseur de services m\u00e9dicaux d\u2019urgence dans cet \u00c9tat a commenc\u00e9 le 1er juillet 1988 ou apr\u00e8s cette date, et il a obtenu un r\u00e9sultat n\u00e9gatif \u00e0 un test de d\u00e9pistage de toute maladie au moment du d\u00e9but de son emploi ou de son service, et de nouveau trois mois plus tard, et il obtient par la suite un r\u00e9sultat positif pendant la dur\u00e9e de son emploi ou de son service, ou dans les trois mois suivant la cessation de son emploi ou de son service.<\/li>\n<\/ol>\n<\/li>\n<li>Chaque organisme de services m\u00e9dicaux d\u2019urgence informe les fournisseurs de services m\u00e9dicaux d\u2019urgence qu\u2019il emploie ou utilise les dispositions et les avantages du pr\u00e9sent article au d\u00e9but et \u00e0 la cessation de l\u2019emploi ou du service.<\/li>\n<\/ol>\n<p><b>34A-3-113.  <\/b><br \/>Pr\u00e9somption d\u2019indemnit\u00e9s d\u2019accident du travail pour les pompiers.<\/p>\n<ol type=\"1\">\n<li>Tel qu\u2019il est utilis\u00e9 dans la pr\u00e9sente section :\n<ol type=\"a\">\n<li>\n<ol type=\"i\">\n<li>\u00ab pompier \u00bb d\u00e9signe un membre, y compris un membre volontaire, au sens du sous-alin\u00e9a 67-20-2(5)b)(ii), ou un membre r\u00e9mun\u00e9r\u00e9 sur appel, d\u2019un service d\u2019incendie ou d\u2019un autre organisme qui fournit des services d\u2019extinction d\u2019incendie et d\u2019autres services connexes qui est responsable de l\u2019extinction des incendies ou qui est responsable de l\u2019extinction des incendies ou qui est responsable de l\u2019extinction des incendies.<\/li>\n<li>Le terme \u00ab pompier \u00bb ne comprend pas une personne dont la description de travail, les fonctions ou les responsabilit\u00e9s ne comprennent pas une participation directe \u00e0 l\u2019extinction des incendies.<\/li>\n<\/ol>\n<\/li>\n<li>\u00ab cancer pr\u00e9sum\u00e9 \u00bb d\u00e9signe un ou plusieurs des cancers suivants :\n<ol type=\"i\">\n<li>pharynx;<\/li>\n<li>\u0153sophage;<\/li>\n<li>poumon; et<\/li>\n<li>m\u00e9soth\u00e9liome.<\/li>\n<\/ol>\n<\/li>\n<\/ol>\n<\/li>\n<li>Si un pompier qui contracte un cancer pr\u00e9sum\u00e9 satisfait aux exigences du paragraphe (3), il existe une pr\u00e9somption r\u00e9futable selon laquelle :\n<ol type=\"a\">\n<li>le cancer pr\u00e9sum\u00e9 a \u00e9t\u00e9 contract\u00e9 dans le cadre de l\u2019emploi; et<\/li>\n<li>Le cancer pr\u00e9sum\u00e9 n\u2019a pas \u00e9t\u00e9 contract\u00e9 par un acte volontaire du pompier.<\/li>\n<\/ol>\n<\/li>\n<li>Pour avoir droit \u00e0 la pr\u00e9somption r\u00e9futable vis\u00e9e au paragraphe (2) :\n<ol type=\"a\">\n<li>pendant qu\u2019il est pompier, le pompier subit des examens physiques annuels;<\/li>\n<li>le pompier doit avoir \u00e9t\u00e9 employ\u00e9 \u00e0 titre de pompier pendant huit ans ou plus;<br \/>r\u00e9pondait r\u00e9guli\u00e8rement \u00e0 des appels de lutte contre les incendies ou d\u2019urgence au cours de la p\u00e9riode de huit ans; et<\/li>\n<li>Si un pompier a consomm\u00e9 du tabac, il fournit des documents d\u2019un m\u00e9decin indiquant que le pompier n\u2019a pas consomm\u00e9 de tabac au cours des huit ann\u00e9es pr\u00e9c\u00e9dant la d\u00e9claration du cancer pr\u00e9sum\u00e9 \u00e0 l\u2019employeur ou \u00e0 la division.<\/li>\n<\/ol>\n<\/li>\n<li>Une pr\u00e9somption \u00e9tablie en vertu du pr\u00e9sent article peut \u00eatre r\u00e9fut\u00e9e par une pr\u00e9pond\u00e9rance de la preuve.<\/li>\n<li>Si un pompier qui contracte un cancer pr\u00e9sum\u00e9 est employ\u00e9 comme pompier par plus d\u2019un employeur et qu\u2019il est admissible \u00e0 la pr\u00e9somption pr\u00e9vue au paragraphe (2) et que cette pr\u00e9somption n\u2019a pas \u00e9t\u00e9 r\u00e9fut\u00e9e, l\u2019employeur et l\u2019assureur au moment de la derni\u00e8re exposition importante au risque pr\u00e9sum\u00e9 de cancer sont responsables en vertu du pr\u00e9sent chapitre en vertu de l\u2019article 34A-3-105.<\/li>\n<li>Une cause d\u2019action assujettie \u00e0 la pr\u00e9somption pr\u00e9vue au pr\u00e9sent article est r\u00e9put\u00e9e na\u00eetre \u00e0 la date post\u00e9rieure au 12 mai 2015 que l\u2019employ\u00e9 :\n<ol type=\"a\">\n<li>souffre d\u2019une invalidit\u00e9 due \u00e0 la maladie professionnelle;<\/li>\n<li>sait, ou aurait d\u00fb savoir, dans l\u2019exercice d\u2019une diligence raisonnable, que la maladie professionnelle est caus\u00e9e par l\u2019emploi; et<\/li>\n<li>d\u00e9pose une r\u00e9clamation conform\u00e9ment \u00e0 l\u2019article 34A-3-108.<\/li>\n<\/ol>\n<\/li>\n<\/ol>\n","protected":false},"excerpt":{"rendered":"<p>PARTIE DU CODE :Code de l\u2019UtahTitre 49 de la Loi sur les prestations de retraite et d\u2019assurance de l\u2019\u00c9tat de l\u2019UtahChapitre 16 Loi sur la retraite des pompiers49-16-102 D\u00e9finitionsTitre 34A [&hellip;]<\/p>\n","protected":false},"featured_media":0,"parent":77841,"menu_order":0,"comment_status":"closed","ping_status":"closed","template":"","meta":{"_acf_changed":false,"_searchwp_excluded":"","inline_featured_image":false,"_EventAllDay":false,"_EventTimezone":"","_EventStartDate":"","_EventEndDate":"","_EventStartDateUTC":"","_EventEndDateUTC":"","_EventShowMap":false,"_EventShowMapLink":false,"_EventURL":"","_EventCost":"","_EventCostDescription":"","_EventCurrencySymbol":"","_EventCurrencyCode":"","_EventCurrencyPosition":"","_EventDateTimeSeparator":"","_EventTimeRangeSeparator":"","_EventOrganizerID":[],"_EventVenueID":[],"_OrganizerEmail":"","_OrganizerPhone":"","_OrganizerWebsite":"","_VenueAddress":"","_VenueCity":"","_VenueCountry":"","_VenueProvince":"","_VenueState":"","_VenueZip":"","_VenuePhone":"","_VenueURL":"","_VenueStateProvince":"","_VenueLat":"","_VenueLng":"","_VenueShowMap":false,"_VenueShowMapLink":false,"footnotes":""},"class_list":["post-77741","page","type-page","status-publish","hentry"],"acf":[],"publishpress_future_workflow_manual_trigger":{"enabledWorkflows":[]},"_links":{"self":[{"href":"https:\/\/www.iaff.org\/fr-ca\/wp-json\/wp\/v2\/pages\/77741","targetHints":{"allow":["GET"]}}],"collection":[{"href":"https:\/\/www.iaff.org\/fr-ca\/wp-json\/wp\/v2\/pages"}],"about":[{"href":"https:\/\/www.iaff.org\/fr-ca\/wp-json\/wp\/v2\/types\/page"}],"author":[{"embeddable":true,"href":"https:\/\/www.iaff.org\/fr-ca\/wp-json\/wp\/v2\/users\/1"}],"replies":[{"embeddable":true,"href":"https:\/\/www.iaff.org\/fr-ca\/wp-json\/wp\/v2\/comments?post=77741"}],"version-history":[{"count":0,"href":"https:\/\/www.iaff.org\/fr-ca\/wp-json\/wp\/v2\/pages\/77741\/revisions"}],"up":[{"embeddable":true,"href":"https:\/\/www.iaff.org\/fr-ca\/wp-json\/wp\/v2\/pages\/77841"}],"wp:attachment":[{"href":"https:\/\/www.iaff.org\/fr-ca\/wp-json\/wp\/v2\/media?parent=77741"}],"curies":[{"name":"wp","href":"https:\/\/api.w.org\/{rel}","templated":true}]}}