{"id":77736,"date":"2019-04-07T15:10:53","date_gmt":"2019-04-07T19:10:53","guid":{"rendered":"https:\/\/www.iaff.org\/loi-sur-les-personnes-handicapees-presumees-dans-le-rhode-island\/"},"modified":"2025-09-05T11:53:11","modified_gmt":"2025-09-05T15:53:11","slug":"loi-sur-les-personnes-handicapees-presumees-dans-le-rhode-island","status":"publish","type":"page","link":"https:\/\/www.iaff.org\/fr-ca\/initiative-de-presomption-de-sante\/loi-sur-les-personnes-handicapees-presumees-dans-le-rhode-island\/","title":{"rendered":"Loi sur l\u2019invalidit\u00e9 pr\u00e9sum\u00e9e au Rhode Island"},"content":{"rendered":"<section\n\t class=\"secondary-hero align wp-block-acf-secondary-hero\" id=\"secondary-hero_block_f467942be24161c2a6968c98a16f6262\">\n\t\n<header\n\tclass=\"w-full u-bg-full-width px-[22px] md:ps-bleed md:pe-0 py-[60px] bg-blue text-white u-has-rivets\"\n\tdata-theme=\"navy\"\n>\n\t<div class=\"flex flex-col !px-0 !max-w-[1440px] w-full lg:!ps-indent\">\n\t\t<div class=\"border-t-[6px] w-full my-0 flex flex-col md:flex-row gap-x-[62px] gap-y-[22px] border-gold\">\n\t\t\t\t\t\t<div class=\"w-full md:w-1\/2 md:py-[45px]\">\n\t\t\t\t<div class=\"max-w-[600px] flex flex-col gap-[22px]\">\n\t\t\t\t\t\t\t\t\t\t\t<h1 class=\"has-[.u-halftone-shadow--dark]:mb-divider has-[.u-halftone-shadow--light]:mb-divider pt-[22px] md:pt-0\">\n\t\t\t\t\t\t\t<span class=\"inline-flex text-heading-200 u-halftone-shadow--light\">\n\t\t\t\t\t\t\t\tLoi sur l\u2019invalidit\u00e9 pr\u00e9sum\u00e9e au Rhode Island\t\t\t\t\t\t\t<\/span>\n\t\t\t\t\t\t<\/h1>\n\t\t\t\t\t\t\t\t\t\t\t\t\t\t\t\t\t\t\t\t\t\t\t\t\t\t\t\t\t<\/div>\n\t\t\t<\/div>\n\n\t\t<\/div>\n\t\t\t\t\t<div class=\"order-first flex justify-start w-full pb-[22px]\">\n\t\t\t\t<div\n\tclass=\"wp-block-button is-style-tertiary text-white is-style-tertiary-back\"\n>\n\t\t\t<a\n\t\t\thref=\"https:\/\/www.iaff.org\/fr-ca\/initiative-de-presomption-de-sante\/\"\n\t\t\tclass=\"wp-block-button__link wp-element-button group\"\n\t\t\t\t\t>\n\t\t\t<span\n\t\t\tclass=\"decoration-transparent underline underline-offset-2 group-hover:decoration-inherit group-focus-visible:decoration-inherit transition duration-hover\"\n\t\t>\n\t\t\tInitiative sur la sant\u00e9 pr\u00e9somptive\t\t<\/span>\n\n\t\t<span\n\t\t\tclass=\"bg-inherit transition-colors duration-hover group-hover:bg-gold group-focus:bg-gold inline-flex rotate-180 order-first\"\n\t\t>\n\t\t\t<svg xmlns=\"http:\/\/www.w3.org\/2000\/svg\" width=\"21\" height=\"22\" fill=\"none\" viewBox=\"0 0 21 22\"><path stroke=\"currentColor\" stroke-linecap=\"round\" stroke-width=\"2\" d=\"M20 20.75L20 2.25L1.5 2.25L1.5 20.75L20 20.75Z\" clip-rule=\"evenodd\"\/><path stroke=\"currentColor\" stroke-linecap=\"square\" stroke-width=\"2\" d=\"M14.0883 11.5L6.66406 11.5\"\/><path stroke=\"currentColor\" stroke-linecap=\"square\" stroke-width=\"2\" d=\"M11.0723 7.75205L14.8363 11.5L11.0723 15.248\"\/><\/svg>\t\t<\/span>\n\t<\/a><\/div>\n\t\t\t<\/div>\n\t\t\t<\/div>\n<\/header>\n<\/section>\n<div class=\"wp-block-paragraph \">\n<p><strong>PARTIE DU CODE :<\/strong><br\/>Lois g\u00e9n\u00e9rales de l\u2019\u00c9tat du Rhode Island<br\/>Titre 45 Villes<br\/>CHAPITRE 45-19 Soulagement des pompiers et des policiers bless\u00e9s et d\u00e9c\u00e9d\u00e9s<br\/>45-19-16 Pr\u00e9somption d\u2019invalidit\u00e9 dans l\u2019exercice de ses fonctions de lutte contre l\u2019incendie<\/p>\n<\/div><div class=\"wp-block-paragraph \">\n<p>CHAPITRE 45-19.1 Prestations du cancer pour les pompiers<br\/>Article 45-19.1-3 Invalidit\u00e9 li\u00e9e au cancer professionnel chez les pompiers<\/p>\n<\/div><div class=\"wp-block-paragraph \">\n<p>Titre 23 Sant\u00e9 et s\u00e9curit\u00e9<br\/>CHAPITRE 23-28.36 Avis aux pompiers, aux policiers et aux techniciens m\u00e9dicaux d\u2019urgence apr\u00e8s une exposition \u00e0 des maladies infectieuses<br\/>23-28.36-4 Invalidit\u00e9 professionnelle des pompiers<br\/>23-28.36-2 D\u00e9finitions<\/p>\n<\/div><div class=\"wp-block-paragraph \">\n<p><a href=\"https:\/\/www.rilin.state.ri.us\/\" target=\"_blank\" rel=\"noreferrer noopener nofollow\">Site Web de l\u2019Assembl\u00e9e l\u00e9gislative du Rhode Island<\/a><\/p>\n<\/div><div class=\"wp-block-paragraph \">\n<p><strong>LA DESCRIPTION :<\/strong><\/p>\n<\/div><div class=\"wp-block-paragraph \">\n<p><strong>Article 45-19-1.  <\/strong> <\/p>\n<\/div><div class=\"wp-block-paragraph \">\n<p><strong>Paiement du salaire pendant l\u2019exercice de ses fonctions, une maladie ou une blessure.<\/strong> <\/p>\n<\/div><div class=\"wp-block-paragraph \">\n<p>a)(1) Chaque fois qu\u2019un agent de police de la municipalit\u00e9 a\u00e9roportuaire du Rhode Island ou chaque fois qu\u2019un agent de police, un pompier, un membre de l\u2019\u00e9quipe de sauvetage en cas d\u2019accident, un commissaire des incendies, un commissaire des incendies adjoint en chef ou un commissaire adjoint des incendies d\u2019une ville, d\u2019une ville, d\u2019un district d\u2019incendie ou de l\u2019\u00c9tat du Rhode Island est totalement ou partiellement frapp\u00e9 d\u2019incapacit\u00e9 en raison de blessures subies ou d\u2019une maladie contract\u00e9e dans l\u2019exercice de ses fonctions ou en raison de l\u2019aide d\u2019urgence qu\u2019il a fournie dans les limites physiques de l\u2019\u00c9tat du Rhode Island lors d\u2019un \u00e9v\u00e9nement impliquant la protection ou le sauvetage de vies humaines qui exige qu\u2019ils interviennent \u00e0 titre professionnel alors que leur employeur les consid\u00e8re normalement comme \u00e9tant officiellement en cong\u00e9, la ville, le village, le district d\u2019incendie, l\u2019\u00c9tat du Rhode Island ou la soci\u00e9t\u00e9 a\u00e9roportuaire du Rhode Island par laquelle l\u2019agent de police :  Le pompier, le commissaire des incendies, le commissaire des incendies, le commissaire adjoint en chef des incendies ou le commissaire adjoint des incendies est employ\u00e9 doit, pendant la p\u00e9riode d\u2019incapacit\u00e9, verser \u00e0 l\u2019agent de police, au pompier, \u00e0 l\u2019\u00e9quipe de sauvetage en cas d\u2019accident, au commissaire des incendies, au commissaire adjoint en chef des incendies ou au commissaire adjoint des incendies, le salaire et les avantages sociaux auxquels l\u2019agent de police, le pompier ou l\u2019\u00e9quipe de sauvetage en cas d\u2019accident :  Le commissaire des incendies, le commissaire adjoint en chef des incendies ou le commissaire adjoint des incendies aurait droit s\u2019il n\u2019avait pas \u00e9t\u00e9 frapp\u00e9 d\u2019incapacit\u00e9 et doit payer les soins m\u00e9dicaux, chirurgicaux, dentaires, optiques ou autres, ou les soins m\u00e9dicaux, les infirmi\u00e8res et les services hospitaliers, les m\u00e9dicaments, les b\u00e9quilles et les appareils pendant la p\u00e9riode n\u00e9cessaire, sauf si une ville, un village, un district de pompiers, l\u2019\u00c9tat du Rhode Island :  ou la soci\u00e9t\u00e9 a\u00e9roportuaire du Rhode Island fournit \u00e0 l\u2019agent de police, au pompier, au membre de l\u2019\u00e9quipe de sauvetage en cas d\u2019accident, au commissaire des incendies, au commissaire adjoint en chef des incendies ou au commissaire adjoint des incendies une couverture d\u2019assurance pour les traitements, les services ou l\u2019\u00e9quipement connexes, alors la ville, le village, le district d\u2019incendie, l\u2019\u00c9tat du Rhode Island ou la soci\u00e9t\u00e9 a\u00e9roportuaire du Rhode Island n\u2019est tenue de payer que la diff\u00e9rence entre le montant maximal autoris\u00e9 en vertu de la couverture d\u2019assurance et le co\u00fbt r\u00e9el du traitement,  service ou \u00e9quipement. De plus, les villes, les municipalit\u00e9s, les districts d\u2019incendie, l\u2019\u00c9tat du Rhode Island ou la soci\u00e9t\u00e9 a\u00e9roportuaire du Rhode Island doivent payer toutes les d\u00e9penses similaires engag\u00e9es par un membre qui a re\u00e7u une pension d\u2019invalidit\u00e9 et qui souffre d\u2019une r\u00e9cidive de la blessure ou de la maladie qui a dict\u00e9 sa retraite d\u2019invalidit\u00e9, sous r\u00e9serve des dispositions du paragraphe (j) des pr\u00e9sentes.   <\/p>\n<\/div><div class=\"wp-block-paragraph \">\n<p>(2) Un agent de police ou un pompier qui a re\u00e7u un diagnostic de trouble de stress post-traumatique (tel que d\u00e9crit dans le Diagnostic and Statistical Manual of Mental Disorders, \u00e9dition courante, publi\u00e9 par l\u2019American Psychiatric Association) par un particulier qui d\u00e9tient le titre de professionnel ind\u00e9pendant autoris\u00e9 en sant\u00e9 mentale titulaire d\u2019une ma\u00eetrise, li\u00e9 \u00e0 l\u2019exposition \u00e0 des \u00e9v\u00e9nements potentiellement traumatisants :  r\u00e9sultant de leur action dans le cadre de leur emploi ou de la prestation d\u2019une aide d\u2019urgence dans l\u2019\u00c9tat du Rhode Island, lors d\u2019un \u00e9v\u00e9nement impliquant la protection ou le sauvetage de vies humaines en dehors des heures de service, conform\u00e9ment \u00e0 l\u2019alin\u00e9a h) du pr\u00e9sent article, sont pr\u00e9sum\u00e9s avoir subi une blessure dans l\u2019exercice de leurs fonctions,  Tel qu\u2019il est utilis\u00e9 au paragraphe a)(1) du pr\u00e9sent article, \u00e0 moins que le contraire ne soit prouv\u00e9 par une bonne pr\u00e9pond\u00e9rance de la preuve que la blessure de stress post-traumatique ou le TSPT n\u2019est pas li\u00e9 \u00e0 leur travail de policier ou de pompier. Les avantages pr\u00e9vus au pr\u00e9sent article ne peuvent \u00eatre accord\u00e9s \u00e0 un agent de police ou \u00e0 un pompier si son diagnostic de blessure de stress post-traumatique ou de TSPT d\u00e9coule d\u2019une mesure disciplinaire, d\u2019une \u00e9valuation de travail, d\u2019un transfert d\u2019emploi, d\u2019une mise \u00e0 pied, d\u2019une r\u00e9trogradation, d\u2019un licenciement ou d\u2019autres mesures d\u00e9favorables similaires.   <\/p>\n<\/div><div class=\"wp-block-paragraph \">\n<p>b) Au sens du pr\u00e9sent article, \u00ab agent de police \u00bb d\u00e9signe et comprend tout chef ou autre membre du service de police d\u2019une ville ou d\u2019un village r\u00e9guli\u00e8rement employ\u00e9 \u00e0 un salaire fixe et tout sh\u00e9rif adjoint, membre du groupe de travail sur les fugitifs ou agent de police du Capitole, agent de police de l\u2019environnement permanent ou enqu\u00eateur criminel du d\u00e9partement de gestion de l\u2019environnement,  ou un agent de police d\u2019a\u00e9roport.  <\/p>\n<\/div><div class=\"wp-block-paragraph \">\n<p>c) Au sens du pr\u00e9sent article, le terme \u00ab pompier \u00bb s\u2019entend de tout chef ou autre membre du service d\u2019incendie ou du personnel de sauvetage d\u2019une ville ou d\u2019un district d\u2019incendie, ainsi que de toute personne employ\u00e9e \u00e0 titre de membre du service d\u2019incendie de la ville de North Smithfield ou d\u2019un service d\u2019incendie ou d\u2019un district dans une ville ou un village.  <\/p>\n<\/div><div class=\"wp-block-paragraph \">\n<p>d) Au sens du pr\u00e9sent article, \u00ab membre d\u2019\u00e9quipage de sauvetage en cas d\u2019accident \u00bb d\u00e9signe et comprend tout chef ou autre membre de la section de sauvetage d\u2019urgence, de la division des a\u00e9roports ou du minist\u00e8re des Transports de l\u2019\u00c9tat du Rhode Island r\u00e9guli\u00e8rement employ\u00e9 \u00e0 un salaire fixe.  <\/p>\n<\/div><div class=\"wp-block-paragraph \">\n<p>e) Au sens du pr\u00e9sent article, les termes \u00ab commissaire des incendies \u00bb, \u00ab commissaire adjoint en chef des incendies \u00bb et \u00ab commissaire adjoint des incendies \u00bb d\u00e9signent et comprennent le commissaire des incendies, le commissaire adjoint en chef des incendies et les commissaires adjoints des incendies r\u00e9guli\u00e8rement employ\u00e9s par l\u2019\u00c9tat du Rhode Island en vertu des dispositions du chapitre 28.2 du titre 23.  <\/p>\n<\/div><div class=\"wp-block-paragraph \">\n<p>f) Toute personne employ\u00e9e par l\u2019\u00c9tat du Rhode Island, \u00e0 l\u2019exception des employ\u00e9s asserment\u00e9s de la police de l\u2019\u00c9tat du Rhode Island, qui a par ailleurs droit aux avantages du chapitre 19 du pr\u00e9sent titre est assujettie aux dispositions des chapitres 29 \u00e0 38 du titre 28 pour toutes les proc\u00e9dures de gestion des cas et de r\u00e8glement des diff\u00e9rends pour tous les avantages.  <\/p>\n<\/div><div class=\"wp-block-paragraph \">\n<p>g) Pour recevoir les prestations pr\u00e9vues au pr\u00e9sent article, un agent de police ou un pompier doit prouver \u00e0 son employeur qu\u2019il avait des motifs raisonnables de croire qu\u2019il y avait une urgence n\u00e9cessitant un besoin imm\u00e9diat de son aide pour la protection ou le sauvetage d\u2019une vie humaine.  <\/p>\n<\/div><div class=\"wp-block-paragraph \">\n<p>h) Toute r\u00e9clamation aux prestations pr\u00e9vues au pr\u00e9sent article r\u00e9sultant de la prestation d\u2019une aide d\u2019urgence dans l\u2019\u00c9tat du Rhode Island lors d\u2019un \u00e9v\u00e9nement impliquant la protection ou le sauvetage de vies humaines en dehors des heures de travail exige d\u2019abord que les personnes vis\u00e9es par le pr\u00e9sent article soumettent \u00e0 leur employeur une d\u00e9claration sous serment attestant \u00e0 la date :  le moment, le lieu et la nature de l\u2019\u00e9v\u00e9nement impliquant la protection ou le sauvetage d\u2019une vie humaine qui a caus\u00e9 l\u2019assistance professionnelle et la cause et la nature des blessures subies lors de la protection ou du sauvetage d\u2019une vie humaine. Des d\u00e9clarations sous serment doivent \u00e9galement \u00eatre exig\u00e9es de tout t\u00e9moin disponible de la situation d\u2019urgence pr\u00e9sum\u00e9e impliquant la protection ou le sauvetage de vies humaines.   <\/p>\n<\/div><div class=\"wp-block-paragraph \">\n<p><strong>45-19-16<\/strong> <br\/>Pr\u00e9somption d\u2019invalidit\u00e9 dans l\u2019exercice de ses fonctions de lutte contre l\u2019incendie. Nonobstant les dispositions d\u2019une loi g\u00e9n\u00e9rale ou sp\u00e9ciale ou d\u2019un syst\u00e8me de retraite d\u2019\u00c9tat ou municipal, toute ville peut, par ordonnance, pr\u00e9voir que tout \u00e9tat de sant\u00e9 caus\u00e9 par l\u2019inhalation de fum\u00e9e des poumons ou des voies respiratoires, entra\u00eenant une invalidit\u00e9 totale ou la mort d\u2019un membre en uniforme d\u2019un service d\u2019incendie r\u00e9mun\u00e9r\u00e9 :  est pr\u00e9sum\u00e9 avoir \u00e9t\u00e9 subi dans l\u2019exercice de ses fonctions par suite de l\u2019inhalation de vapeurs nocives ou de gaz toxiques, \u00e0 moins que la preuve du contraire ne soit d\u00e9montr\u00e9e; \u00e0 condition que la personne b\u00e9n\u00e9ficiant de la pr\u00e9somption r\u00e9ussisse un examen physique \u00e0 son entr\u00e9e en service ou apr\u00e8s l\u2019entr\u00e9e en fonction, un examen n\u2019a r\u00e9v\u00e9l\u00e9 aucune preuve de l\u2019affection.   <\/p>\n<\/div><div class=\"wp-block-paragraph \">\n<p><strong>45-19-16.1. Pr\u00e9somption de maladie cardiaque et d\u2019hypertension.<\/strong> <\/p>\n<\/div><div class=\"wp-block-paragraph \">\n<p>a) Nonobstant les dispositions contraires de toute loi g\u00e9n\u00e9rale ou sp\u00e9ciale, tout pompier, tel que d\u00e9fini \u00e0 l\u2019article 45-19-1, qui est incapable d\u2019exercer les fonctions qui lui sont requises en raison d\u2019une d\u00e9ficience de la sant\u00e9 caus\u00e9e par une maladie cardiaque, un accident vasculaire c\u00e9r\u00e9bral ou une hypertension est pr\u00e9sum\u00e9 avoir subi une blessure ou une invalidit\u00e9 dans l\u2019exercice de ses fonctions, \u00e0 moins que le contraire ne puisse \u00eatre prouv\u00e9 par une preuve claire et convaincante; et le pompier a droit \u00e0 toutes les prestations pr\u00e9vues aux chapitres 19, 9, 21, 21.2 et 21.3 du pr\u00e9sent titre.  <\/p>\n<\/div><div class=\"wp-block-paragraph \">\n<p>b) Cette pr\u00e9somption ne s\u2019applique pas aux pompiers embauch\u00e9s apr\u00e8s le 1er juillet 2023 dans les situations suivantes :  <\/p>\n<\/div><div class=\"wp-block-paragraph \">\n<p>(1) Si un examen physique a \u00e9t\u00e9 effectu\u00e9 au moment de l\u2019embauche du pompier et que l\u2019examen a r\u00e9v\u00e9l\u00e9 que la personne souffrait d\u2019une maladie cardiaque ou d\u2019hypertension.  <\/p>\n<\/div><div class=\"wp-block-paragraph \">\n<p>(2) Si le pompier avait consomm\u00e9 r\u00e9guli\u00e8rement ou habituellement des produits du tabac au cours des cinq (5) ann\u00e9es pr\u00e9c\u00e9dant tout diagnostic de maladie cardiaque ou d\u2019hypertension ou ayant subi un accident vasculaire c\u00e9r\u00e9bral.  <\/p>\n<\/div><div class=\"wp-block-paragraph \">\n<p><strong>Article 45-19.1-3<\/strong> <br\/>Invalidit\u00e9 par cancer professionnel chez les pompiers.  <\/p>\n<\/div><div class=\"wp-block-list\">\n<ol start=\"1\" class=\"wp-block-list\">\n<li>Tout pompier, y compris un employ\u00e9 de l\u2019\u00c9tat, ou un pompier municipal employ\u00e9 par une municipalit\u00e9 qui participe \u00e0 la retraite facultative des policiers et des pompiers, pr\u00e9vue au chapitre 21.2 du pr\u00e9sent titre, qui est incapable d\u2019exercer ses fonctions au sein du service d\u2019incendie en raison d\u2019un cancer professionnel invalidant qui se d\u00e9veloppe ou se manifeste pendant une p\u00e9riode o\u00f9 il est au service de : Le service et tout membre retrait\u00e9 du service d\u2019incendie d\u2019une ville ou d\u2019un village qui d\u00e9veloppe un cancer professionnel ont droit \u00e0 une invalidit\u00e9 li\u00e9e au cancer professionnel et ont droit \u00e0 toutes les prestations pr\u00e9vues aux chapitres 19, 21 et 21.2 du pr\u00e9sent titre et au chapitre 10 du titre 36 s\u2019il est employ\u00e9 par l\u2019\u00c9tat.  <\/li>\n<\/ol>\n<\/div><div class=\"wp-block-list\">\n<ol start=\"2\" class=\"wp-block-list\">\n<li>Les dispositions du pr\u00e9sent article s\u2019appliquent r\u00e9troactivement dans le cas d\u2019un membre retrait\u00e9 du service d\u2019incendie d\u2019une ville ou d\u2019un village.  <\/li>\n<\/ol>\n<\/div><div class=\"wp-block-list\">\n<ol start=\"3\" class=\"wp-block-list\">\n<li>Les dispositions du pr\u00e9sent article s\u2019appliquent \u00e0 tous les pompiers employ\u00e9s par une municipalit\u00e9, nonobstant les dispositions contraires de toute loi sp\u00e9ciale ou de toute loi publique relative aux prestations de retraite municipales, \u00e0 toute charte municipale et\/ou \u00e0 toute ordonnance municipale.  <\/li>\n<\/ol>\n<\/div><div class=\"wp-block-paragraph \">\n<p>45-19.1-4  <\/p>\n<\/div><div class=\"wp-block-paragraph \">\n<p>Pr\u00e9somption concluante.  <\/p>\n<\/div><div class=\"wp-block-paragraph \">\n<p>a) Tout type de cancer d\u00e9tect\u00e9 chez un pompier est pr\u00e9sum\u00e9 \u00eatre un cancer professionnel au sens de l\u2019article 45-19.1-2.  <\/p>\n<\/div><div class=\"wp-block-paragraph \">\n<p>b) Cette pr\u00e9somption concluante ne s\u2019applique pas aux pompiers embauch\u00e9s apr\u00e8s le 22 juillet 2020, dans les situations suivantes :  <\/p>\n<\/div><div class=\"wp-block-paragraph \">\n<p>(1) Si un examen physique a \u00e9t\u00e9 effectu\u00e9 au moment de l\u2019embauche du pompier et que l\u2019examen a r\u00e9v\u00e9l\u00e9 que cette personne \u00e9tait atteinte d\u2019un cancer; ou  <\/p>\n<\/div><div class=\"wp-block-paragraph \">\n<p>(2) Si le pompier compte moins de deux (2) ann\u00e9es d\u2019emploi dans son service d\u2019incendie; ou  <\/p>\n<\/div><div class=\"wp-block-paragraph \">\n<p>(3) Si le pompier a consomm\u00e9 r\u00e9guli\u00e8rement ou habituellement des produits du tabac au cours des cinq (5) ann\u00e9es pr\u00e9c\u00e9dant tout diagnostic de cancer.  <\/p>\n<\/div><div class=\"wp-block-paragraph \">\n<p>c) Les dispositions du pr\u00e9sent article s\u2019appliquent r\u00e9troactivement \u00e0 toutes les demandes de prestations pour maladies, blessures et invalidit\u00e9 li\u00e9es au cancer en attente \u00e0 compter du 22 juillet 2020.  <\/p>\n<\/div><div class=\"wp-block-paragraph \">\n<p>d) Les dispositions du pr\u00e9sent article s\u2019appliquent \u00e0 tous les pompiers employ\u00e9s par une municipalit\u00e9, nonobstant les dispositions contraires de toute loi sp\u00e9ciale ou de toute loi publique relative aux prestations de retraite municipales, \u00e0 toute charte municipale et\/ou \u00e0 toute ordonnance municipale.  <\/p>\n<\/div><div class=\"wp-block-paragraph \">\n<p><strong>23-28.36-4<\/strong> <br\/>Invalidit\u00e9 professionnelle des pompiers. Tout pompier ou agent de police actif qui est incapable d\u2019exercer ses fonctions dans son service en raison d\u2019une exposition \u00e0 une maladie infectieuse au sens de l\u2019article 23-28.36-2, dont la maladie infectieuse se d\u00e9veloppe ou se manifeste \u00e0 la suite de l\u2019exposition pendant une p\u00e9riode pendant laquelle le pompier ou l\u2019agent de police est au service du service :  a droit \u00e0 une invalidit\u00e9 professionnelle et \u00e0 toutes les prestations pr\u00e9vues au chapitre 19 du titre 45, selon le cas.   <\/p>\n<\/div><div class=\"wp-block-paragraph \">\n<p><strong>23-28.36-2<\/strong> <br\/>D\u00e9finitions. Les termes suivants, lorsqu\u2019ils sont utilis\u00e9s dans le pr\u00e9sent chapitre, ont la signification suivante :   <\/p>\n<\/div><div class=\"wp-block-list\">\n<ol start=\"1\" class=\"wp-block-list\">\n<li>\u00ab Maladie contagieuse \u00bb Maladie infectieuse.  <\/li>\n<\/ol>\n<\/div><div class=\"wp-block-list\">\n<ol start=\"2\" class=\"wp-block-list\">\n<li>\u00ab Incapacit\u00e9 \u00bb d\u00e9signe une condition d\u2019incapacit\u00e9 physique \u00e0 accomplir une ou plusieurs fonctions assign\u00e9es au service d\u2019incendie ou au service m\u00e9dical d\u2019urgence.  <\/li>\n<\/ol>\n<\/div><div class=\"wp-block-list\">\n<ol start=\"3\" class=\"wp-block-list\">\n<li>\u00ab technicien m\u00e9dical d\u2019urgence \u00bb d\u00e9signe une personne titulaire d\u2019un permis d\u00e9livr\u00e9 en vertu du chapitre 4.1 du pr\u00e9sent titre pour fournir des services m\u00e9dicaux d\u2019urgence.  <\/li>\n<\/ol>\n<\/div><div class=\"wp-block-list\">\n<ol start=\"4\" class=\"wp-block-list\">\n<li>\u00ab Service d\u2019incendie \u00bb d\u00e9signe les groupes de services (r\u00e9mun\u00e9r\u00e9s ou b\u00e9n\u00e9voles) qui sont organis\u00e9s et form\u00e9s pour la pr\u00e9vention et le contr\u00f4le des pertes de vie et de biens caus\u00e9s par un incendie ou une autre situation d\u2019urgence.  <\/li>\n<\/ol>\n<\/div><div class=\"wp-block-list\">\n<ol start=\"5\" class=\"wp-block-list\">\n<li>\u00ab Pompier \u00bb d\u00e9signe une personne affect\u00e9e \u00e0 des activit\u00e9s de lutte contre les incendies et qui est tenue d\u2019intervenir en cas d\u2019alarme et d\u2019intervention d\u2019urgence sur les lieux d\u2019un incendie, d\u2019une situation de mati\u00e8res dangereuses ou d\u2019un autre incident d\u2019urgence.  <\/li>\n<\/ol>\n<\/div><div class=\"wp-block-paragraph \">\n<p>\u00ab Maladie infectieuse \u00bb d\u00e9signe l\u2019interruption, la cessation ou le d\u00e9sordre des fonctions, des syst\u00e8mes ou des organes corporels transmissibles par association avec les malades ou leurs s\u00e9cr\u00e9tions ou excr\u00e9tions, \u00e0 l\u2019exclusion du rhume. Les maladies infectieuses comprennent, sans s\u2019y limiter, le virus de l\u2019immunod\u00e9ficience humaine (VIH), le virus de l\u2019h\u00e9patite B (VHB) et le virus de l\u2019h\u00e9patite C (VHC).   <\/p>\n<\/div>","protected":false},"excerpt":{"rendered":"<p>PARTIE DU CODE :Lois g\u00e9n\u00e9rales de l\u2019\u00c9tat du Rhode IslandTitre 45 VillesCHAPITRE 45-19 Soulagement des pompiers et des policiers bless\u00e9s et d\u00e9c\u00e9d\u00e9s45-19-16 Pr\u00e9somption d\u2019invalidit\u00e9 dans l\u2019exercice de ses fonctions de [&hellip;]<\/p>\n","protected":false},"featured_media":0,"parent":77841,"menu_order":0,"comment_status":"closed","ping_status":"closed","template":"","meta":{"_acf_changed":false,"_searchwp_excluded":"","inline_featured_image":false,"_EventAllDay":false,"_EventTimezone":"","_EventStartDate":"","_EventEndDate":"","_EventStartDateUTC":"","_EventEndDateUTC":"","_EventShowMap":false,"_EventShowMapLink":false,"_EventURL":"","_EventCost":"","_EventCostDescription":"","_EventCurrencySymbol":"","_EventCurrencyCode":"","_EventCurrencyPosition":"","_EventDateTimeSeparator":"","_EventTimeRangeSeparator":"","_EventOrganizerID":[],"_EventVenueID":[],"_OrganizerEmail":"","_OrganizerPhone":"","_OrganizerWebsite":"","_VenueAddress":"","_VenueCity":"","_VenueCountry":"","_VenueProvince":"","_VenueState":"","_VenueZip":"","_VenuePhone":"","_VenueURL":"","_VenueStateProvince":"","_VenueLat":"","_VenueLng":"","_VenueShowMap":false,"_VenueShowMapLink":false,"footnotes":""},"class_list":["post-77736","page","type-page","status-publish","hentry"],"acf":[],"publishpress_future_workflow_manual_trigger":{"enabledWorkflows":[]},"_links":{"self":[{"href":"https:\/\/www.iaff.org\/fr-ca\/wp-json\/wp\/v2\/pages\/77736","targetHints":{"allow":["GET"]}}],"collection":[{"href":"https:\/\/www.iaff.org\/fr-ca\/wp-json\/wp\/v2\/pages"}],"about":[{"href":"https:\/\/www.iaff.org\/fr-ca\/wp-json\/wp\/v2\/types\/page"}],"author":[{"embeddable":true,"href":"https:\/\/www.iaff.org\/fr-ca\/wp-json\/wp\/v2\/users\/1"}],"replies":[{"embeddable":true,"href":"https:\/\/www.iaff.org\/fr-ca\/wp-json\/wp\/v2\/comments?post=77736"}],"version-history":[{"count":0,"href":"https:\/\/www.iaff.org\/fr-ca\/wp-json\/wp\/v2\/pages\/77736\/revisions"}],"up":[{"embeddable":true,"href":"https:\/\/www.iaff.org\/fr-ca\/wp-json\/wp\/v2\/pages\/77841"}],"wp:attachment":[{"href":"https:\/\/www.iaff.org\/fr-ca\/wp-json\/wp\/v2\/media?parent=77736"}],"curies":[{"name":"wp","href":"https:\/\/api.w.org\/{rel}","templated":true}]}}