{"id":77724,"date":"2019-04-07T15:11:34","date_gmt":"2019-04-07T19:11:34","guid":{"rendered":"https:\/\/www.iaff.org\/loi-sur-les-personnes-handicapees-presumees-en-saskatchewan\/"},"modified":"2025-06-20T10:14:19","modified_gmt":"2025-06-20T14:14:19","slug":"loi-sur-les-personnes-handicapees-presumees-en-saskatchewan","status":"publish","type":"page","link":"https:\/\/www.iaff.org\/fr-ca\/initiative-de-presomption-de-sante\/loi-sur-les-personnes-handicapees-presumees-en-saskatchewan\/","title":{"rendered":"Loi sur l\u2019invalidit\u00e9 pr\u00e9sum\u00e9e en Saskatchewan"},"content":{"rendered":"<section\n\t class=\"secondary-hero align wp-block-acf-secondary-hero\" id=\"secondary-hero_block_140eb917428fb2579f5e23c64b4a9c4c\">\n\t\n<header\n\tclass=\"w-full u-bg-full-width px-[22px] md:ps-bleed md:pe-0 py-[60px] bg-blue text-white u-has-rivets\"\n\tdata-theme=\"navy\"\n>\n\t<div class=\"flex flex-col !px-0 !max-w-[1440px] w-full lg:!ps-indent\">\n\t\t<div class=\"border-t-[6px] w-full my-0 flex flex-col md:flex-row gap-x-[62px] gap-y-[22px] border-gold\">\n\t\t\t\t\t\t<div class=\"w-full md:w-1\/2 md:py-[45px]\">\n\t\t\t\t<div class=\"max-w-[600px] flex flex-col gap-[22px]\">\n\t\t\t\t\t\t\t\t\t\t\t<h1 class=\"has-[.u-halftone-shadow--dark]:mb-divider has-[.u-halftone-shadow--light]:mb-divider pt-[22px] md:pt-0\">\n\t\t\t\t\t\t\t<span class=\"inline-flex text-heading-200 u-halftone-shadow--light\">\n\t\t\t\t\t\t\t\tLoi sur l\u2019invalidit\u00e9 pr\u00e9sum\u00e9e en Saskatchewan\t\t\t\t\t\t\t<\/span>\n\t\t\t\t\t\t<\/h1>\n\t\t\t\t\t\t\t\t\t\t\t\t\t\t\t\t\t\t\t\t\t\t\t\t\t\t\t\t\t<\/div>\n\t\t\t<\/div>\n\n\t\t<\/div>\n\t\t\t\t\t<div class=\"order-first flex justify-start w-full pb-[22px]\">\n\t\t\t\t<div\n\tclass=\"wp-block-button is-style-tertiary text-white is-style-tertiary-back\"\n>\n\t\t\t<a\n\t\t\thref=\"https:\/\/www.iaff.org\/fr-ca\/initiative-de-presomption-de-sante\/\"\n\t\t\tclass=\"wp-block-button__link wp-element-button group\"\n\t\t\t\t\t>\n\t\t\t<span\n\t\t\tclass=\"decoration-transparent underline underline-offset-2 group-hover:decoration-inherit group-focus-visible:decoration-inherit transition duration-hover\"\n\t\t>\n\t\t\tInitiative sur la sant\u00e9 pr\u00e9somptive\t\t<\/span>\n\n\t\t<span\n\t\t\tclass=\"bg-inherit transition-colors duration-hover group-hover:bg-gold group-focus:bg-gold inline-flex rotate-180 order-first\"\n\t\t>\n\t\t\t<svg xmlns=\"http:\/\/www.w3.org\/2000\/svg\" width=\"21\" height=\"22\" fill=\"none\" viewBox=\"0 0 21 22\"><path stroke=\"currentColor\" stroke-linecap=\"round\" stroke-width=\"2\" d=\"M20 20.75L20 2.25L1.5 2.25L1.5 20.75L20 20.75Z\" clip-rule=\"evenodd\"\/><path stroke=\"currentColor\" stroke-linecap=\"square\" stroke-width=\"2\" d=\"M14.0883 11.5L6.66406 11.5\"\/><path stroke=\"currentColor\" stroke-linecap=\"square\" stroke-width=\"2\" d=\"M11.0723 7.75205L14.8363 11.5L11.0723 15.248\"\/><\/svg>\t\t<\/span>\n\t<\/a><\/div>\n\t\t\t<\/div>\n\t\t\t<\/div>\n<\/header>\n<\/section>\n<div class=\"wp-block-paragraph \">\n<p><strong>PARTIE DU CODE<\/strong> <\/p>\n<\/div><div class=\"wp-block-paragraph \">\n<p>Lois de la Saskatchewan <br\/>W-17.1 \u2013 Loi de 1979 sur les accidents du travail  <\/p>\n<\/div><div class=\"wp-block-paragraph \">\n<p><a href=\"http:\/\/www.legassembly.sk.ca\/\" target=\"_blank\" rel=\"noreferrer noopener\">Site Web de l\u2019Assembl\u00e9e l\u00e9gislative de la Saskatchewan<\/a> <\/p>\n<\/div><div class=\"wp-block-paragraph \">\n<p><strong>LA DESCRIPTION :<\/strong> <\/p>\n<\/div><div class=\"wp-block-paragraph \">\n<p><strong>Pr\u00e9somption de certaines maladies professionnelles \u2014 pompiers<\/strong> <br\/><strong>28<\/strong> <\/p>\n<\/div><div class=\"wp-block-list\">\n<ol start=\"1\" class=\"wp-block-list\">\n<li>In this section and in section 187:&nbsp;<div class=\"wp-block-list\">\n<ol class=\"wp-block-list\">\n<li>\u00ab service d\u2019incendie \u00bb Service d\u2019incendie au sens de la Loi sur la s\u00e9curit\u00e9-incendie.  <\/li>\n\n\n\n<li>\u201clisted disease\u201d means:&nbsp;<div class=\"wp-block-list\">\n<ol class=\"wp-block-list\">\n<li>un cancer primitif du cerveau;  <\/li>\n\n\n\n<li>un cancer primitif de la vessie;  <\/li>\n\n\n\n<li>un cancer primitif du rein;  <\/li>\n\n\n\n<li>un lymphome non hodgkinien primitif;  <\/li>\n\n\n\n<li>une leuc\u00e9mie primitive;  <\/li>\n\n\n\n<li>un cancer primitif de l\u2019uret\u00e8re;  <\/li>\n\n\n\n<li>un cancer colorectal primitif;  <\/li>\n\n\n\n<li>un cancer du poumon primitif;  <\/li>\n\n\n\n<li>un cancer primitif du testicule;  <\/li>\n\n\n\n<li>un cancer de l\u2019\u0153sophage primitif;  <\/li>\n\n\n\n<li>un cancer primitif de la prostate;  <\/li>\n\n\n\n<li>un cancer de la peau primitif;  <\/li>\n\n\n\n<li>le my\u00e9lome multiple;  <\/li>\n\n\n\n<li>un cancer du sein primitif;  <\/li>\n\n\n\n<li>un cancer primitif du col de l\u2019ut\u00e9rus;  <\/li>\n\n\n\n<li>un cancer primitif de l\u2019ovaire;  <\/li>\n\n\n\n<li>cancer du pancr\u00e9as;  <\/li>\n\n\n\n<li>cancer de la thyro\u00efde;  <\/li>\n\n\n\n<li>cancer du p\u00e9nis;  <\/li>\n\n\n\n<li>m\u00e9soth\u00e9liome;  <\/li>\n\n\n\n<li>sarcome des tissus mous;  <\/li>\n\n\n\n<li>cancer du larynx ou  <\/li>\n\n\n\n<li>une blessure au c\u0153ur qui se manifeste dans les 24 heures suivant une intervention d\u2019urgence.  <\/li>\n<\/ol>\n<\/div><\/li>\n<\/ol>\n<\/div><\/li>\n\n\n\n<li>Sous r\u00e9serve du paragraphe (3) et sauf preuve contraire, si un travailleur qui est ou a \u00e9t\u00e9 pompier souffre d\u2019une maladie r\u00e9pertori\u00e9e, cette maladie est pr\u00e9sum\u00e9e \u00eatre une maladie professionnelle dont la cause principale est l\u2019emploi \u00e0 titre de pompier.  <\/li>\n<\/ol>\n<\/div><div class=\"wp-block-list\">\n<ol start=\"3\" class=\"wp-block-list\">\n<li>The presumption mentioned in subsection (2) applies:&nbsp;<div class=\"wp-block-list\">\n<ol class=\"wp-block-list\">\n<li>only to a worker who:&nbsp;<div class=\"wp-block-list\">\n<ol class=\"wp-block-list\">\n<li>a \u00e9t\u00e9 membre \u00e0 temps plein d\u2019un service d\u2019incendie pendant la p\u00e9riode minimale d\u2019emploi prescrite par les r\u00e8glements; et  <\/li>\n\n\n\n<li>a \u00e9t\u00e9 r\u00e9guli\u00e8rement expos\u00e9 aux dangers d\u2019une sc\u00e8ne d\u2019incendie, autre qu\u2019une sc\u00e8ne d\u2019incendie de for\u00eat, pendant toute la p\u00e9riode mentionn\u00e9e au sous-alin\u00e9a (i); b) dans le cas d\u2019un cancer primitif du poumon, uniquement \u00e0 un travailleur qui a \u00e9t\u00e9 non-fumeur avant la date de la l\u00e9sion pendant la p\u00e9riode minimale prescrite par les r\u00e8glements.  <\/li>\n<\/ol>\n<\/div><\/li>\n<\/ol>\n<\/div><\/li>\n<\/ol>\n<\/div><div class=\"wp-block-paragraph \">\n<p><strong>Pr\u00e9somption de pr\u00e9judice psychologique<\/strong> <br\/><strong>28.1<\/strong> <\/p>\n<\/div><div class=\"wp-block-list\">\n<ol start=\"1\" class=\"wp-block-list\">\n<li>In this section:&nbsp;<div class=\"wp-block-list\">\n<ol class=\"wp-block-list\">\n<li>\u00ab blessure psychologique \u00bb Blessure psychologique, y compris le trouble de stress post-traumatique, telle qu\u2019elle est d\u00e9crite dans l\u2019\u00e9dition du Diagnostic and Statistical Manual of Mental Disorders publi\u00e9e par l\u2019American Psychiatric Association qui est prescrite par les r\u00e8glements.  <\/li>\n\n\n\n<li>\u201cworker\u201d means a person who works and:&nbsp;<div class=\"wp-block-list\">\n<ol class=\"wp-block-list\">\n<li>est expos\u00e9 \u00e0 un \u00e9v\u00e9nement traumatisant; ou  <\/li>\n\n\n\n<li>exerce une profession prescrite par r\u00e8glement.  <\/li>\n<\/ol>\n<\/div><\/li>\n<\/ol>\n<\/div><\/li>\n<\/ol>\n<\/div><div class=\"wp-block-list\">\n<ol start=\"2\" class=\"wp-block-list\">\n<li>Sauf preuve contraire, si un travailleur ou un ancien travailleur re\u00e7oit un diagnostic de blessure psychologique par un psychiatre ou un psychologue, cette blessure est pr\u00e9sum\u00e9e \u00eatre une blessure survenue dans le cadre de son emploi.  <\/li>\n<\/ol>\n<\/div><div class=\"wp-block-paragraph \">\n<p><strong>POMPIERS<\/strong> <br\/><strong>P\u00e9riodes d\u2019emploi<\/strong> <br\/><strong>22,3<\/strong> <br\/>Pour l\u2019application du paragraphe 29.1(3) de la Loi, les p\u00e9riodes minimales de <br\/>emploi d\u2019un pompier pour les maladies mentionn\u00e9es aux paragraphes  <\/p>\n<\/div><div class=\"wp-block-paragraph \">\n<p><strong>29,1<\/strong> <br\/>(1)b)(i) \u00e0 (x) de la Loi sont les suivantes :  <\/p>\n<\/div><div class=\"wp-block-list\">\n<ol start=\"1\" class=\"wp-block-list\">\n<li>cancer primitif du cerveau, 10 ans;  <\/li>\n<\/ol>\n<\/div><div class=\"wp-block-list\">\n<ol start=\"2\" class=\"wp-block-list\">\n<li>cancer primitif de la vessie, 15 ans;  <\/li>\n<\/ol>\n<\/div><div class=\"wp-block-list\">\n<ol start=\"3\" class=\"wp-block-list\">\n<li>cancer primitif du rein, 20 ans;  <\/li>\n<\/ol>\n<\/div><div class=\"wp-block-list\">\n<ol start=\"4\" class=\"wp-block-list\">\n<li>lymphome non hodgkinien primitif, 20 ans;  <\/li>\n<\/ol>\n<\/div><div class=\"wp-block-list\">\n<ol start=\"5\" class=\"wp-block-list\">\n<li>leuc\u00e9mie primaire, 5 ans;  <\/li>\n<\/ol>\n<\/div><div class=\"wp-block-list\">\n<ol start=\"6\" class=\"wp-block-list\">\n<li>cancer primitif de l\u2019uret\u00e8re, 15 ans;  <\/li>\n<\/ol>\n<\/div><div class=\"wp-block-list\">\n<ol start=\"7\" class=\"wp-block-list\">\n<li>cancer colorectal primitif, 15 ans;  <\/li>\n<\/ol>\n<\/div><div class=\"wp-block-list\">\n<ol start=\"8\" class=\"wp-block-list\">\n<li>cancer du poumon primitif chez les pompiers non fumeurs, 15 ans;  <\/li>\n<\/ol>\n<\/div><div class=\"wp-block-list\">\n<ol start=\"9\" class=\"wp-block-list\">\n<li>cancer primitif du testicule, 10 ans;  <\/li>\n<\/ol>\n<\/div><div class=\"wp-block-list\">\n<ol start=\"10\" class=\"wp-block-list\">\n<li>cancer primitif de l\u2019\u0153sophage, 25 ans;  <\/li>\n<\/ol>\n<\/div><div class=\"wp-block-list\">\n<ol start=\"11\" class=\"wp-block-list\">\n<li>un cancer de la prostate primitif, 15 ans;  <\/li>\n<\/ol>\n<\/div><div class=\"wp-block-list\">\n<ol start=\"12\" class=\"wp-block-list\">\n<li>un cancer de la peau primitif, 15 ans;  <\/li>\n<\/ol>\n<\/div><div class=\"wp-block-list\">\n<ol start=\"13\" class=\"wp-block-list\">\n<li>my\u00e9lome multiple, 15 ans;  <\/li>\n<\/ol>\n<\/div><div class=\"wp-block-list\">\n<ol start=\"14\" class=\"wp-block-list\">\n<li>un cancer du sein primitif, 10 ans;  <\/li>\n<\/ol>\n<\/div><div class=\"wp-block-list\">\n<ol start=\"15\" class=\"wp-block-list\">\n<li>un cancer primitif du col de l\u2019ut\u00e9rus, 10 ans;  <\/li>\n<\/ol>\n<\/div><div class=\"wp-block-list\">\n<ol start=\"16\" class=\"wp-block-list\">\n<li>un cancer primitif de l\u2019ovaire, 10 ans;  <\/li>\n<\/ol>\n<\/div><div class=\"wp-block-list\">\n<ol start=\"17\" class=\"wp-block-list\">\n<li>cancer primitif du p\u00e9nis, 15 ans;<\/li>\n\n\n\n<li>cancer primitif du pancr\u00e9as, 10 ans;<\/li>\n\n\n\n<li>cancer primitif de la thyro\u00efde, 10 ans;<\/li>\n\n\n\n<li>sarcome des tissus mous \u00e0 si\u00e8ge primitif; 15 ans;<\/li>\n\n\n\n<li>m\u00e9soth\u00e9liome du site primaire, 15 ans;<\/li>\n\n\n\n<li>cancer primitif du larynx, 15 ans;<\/li>\n\n\n\n<li>une blessure au c\u0153ur qui se manifeste dans les 24 heures suivant la pr\u00e9sence \u00e0 une intervention d\u2019urgence, aucune  <\/li>\n<\/ol>\n<\/div><div class=\"wp-block-paragraph \">\n<p><strong>P\u00e9riode minimale de non-fumeur<\/strong> <\/p>\n<\/div><div class=\"wp-block-paragraph \">\n<p><strong>22,4<\/strong> <br\/>Pour l\u2019application de l\u2019alin\u00e9a 29.1(3)b) de la Loi, dans le cas d\u2019un site principal : <br\/>cancer du poumon, la p\u00e9riode minimale pendant laquelle un pompier doit avoir \u00e9t\u00e9 un <br\/>non-fumeur avant la date de la blessure est :  <\/p>\n<\/div><div class=\"wp-block-list\">\n<ol start=\"1\" class=\"wp-block-list\">\n<li>none if a fire fighter has smoked, in the fire fighter\u2019s lifetime:&nbsp;<div class=\"wp-block-list\">\n<ol class=\"wp-block-list\">\n<li>moins de 365 cigarettes;  <\/li>\n\n\n\n<li>moins de 365 cigares;  <\/li>\n\n\n\n<li>moins de 365 tuyaux; ou  <\/li>\n\n\n\n<li>moins de 365 cigarettes, cigares et pipes;  <\/li>\n<\/ol>\n<\/div><\/li>\n<\/ol>\n<\/div><div class=\"wp-block-list\">\n<ol start=\"2\" class=\"wp-block-list\">\n<li>aucun si un pompier a fum\u00e9 en moyenne moins de sept cigares ou pipes par semaine;  <\/li>\n<\/ol>\n<\/div><div class=\"wp-block-list\">\n<ol start=\"3\" class=\"wp-block-list\">\n<li>in the case of cigarettes:&nbsp;<div class=\"wp-block-list\">\n<ol class=\"wp-block-list\">\n<li>six ans si le pompier fumait en moyenne moins de sept par semaine;  <\/li>\n\n\n\n<li>six ans si le pompier fumait en moyenne un \u00e0 neuf par jour;  <\/li>\n\n\n\n<li>13 ans si le pompier fumait en moyenne 10 \u00e0 19 par jour;  <\/li>\n\n\n\n<li>18 ans si le pompier fumait en moyenne 20 par jour;  <\/li>\n\n\n\n<li>23 ans si le pompier fumait en moyenne 21 \u00e0 39 par jour; et  <\/li>\n\n\n\n<li>28 ans si le pompier fumait en moyenne 40 ou plus par jour;  <\/li>\n<\/ol>\n<\/div><\/li>\n<\/ol>\n<\/div><div class=\"wp-block-list\">\n<ol start=\"4\" class=\"wp-block-list\">\n<li>dans le cas des cigares ou des pipes, huit ans si le pompier a fum\u00e9 en moyenne un ou plus d\u2019un par jour; et  <\/li>\n<\/ol>\n<\/div><div class=\"wp-block-list\">\n<ol start=\"5\" class=\"wp-block-list\">\n<li>Si un pompier fumait des cigarettes en combinaison avec des cigares ou des pipes, la p\u00e9riode minimale d\u00e9termin\u00e9e conform\u00e9ment \u00e0 l\u2019alin\u00e9a c) avec un cigare ou une pipe comptant comme une cigarette.  <\/li>\n<\/ol>\n<\/div>","protected":false},"excerpt":{"rendered":"<p>PARTIE DU CODE Lois de la Saskatchewan W-17.1 \u2013 Loi de 1979 sur les accidents du travail Site Web de l\u2019Assembl\u00e9e l\u00e9gislative de la Saskatchewan LA DESCRIPTION : Pr\u00e9somption de [&hellip;]<\/p>\n","protected":false},"featured_media":0,"parent":77841,"menu_order":0,"comment_status":"closed","ping_status":"closed","template":"","meta":{"_acf_changed":false,"_searchwp_excluded":"","inline_featured_image":false,"_EventAllDay":false,"_EventTimezone":"","_EventStartDate":"","_EventEndDate":"","_EventStartDateUTC":"","_EventEndDateUTC":"","_EventShowMap":false,"_EventShowMapLink":false,"_EventURL":"","_EventCost":"","_EventCostDescription":"","_EventCurrencySymbol":"","_EventCurrencyCode":"","_EventCurrencyPosition":"","_EventDateTimeSeparator":"","_EventTimeRangeSeparator":"","_EventOrganizerID":[],"_EventVenueID":[],"_OrganizerEmail":"","_OrganizerPhone":"","_OrganizerWebsite":"","_VenueAddress":"","_VenueCity":"","_VenueCountry":"","_VenueProvince":"","_VenueState":"","_VenueZip":"","_VenuePhone":"","_VenueURL":"","_VenueStateProvince":"","_VenueLat":"","_VenueLng":"","_VenueShowMap":false,"_VenueShowMapLink":false,"footnotes":""},"class_list":["post-77724","page","type-page","status-publish","hentry"],"acf":[],"publishpress_future_workflow_manual_trigger":{"enabledWorkflows":[]},"_links":{"self":[{"href":"https:\/\/www.iaff.org\/fr-ca\/wp-json\/wp\/v2\/pages\/77724","targetHints":{"allow":["GET"]}}],"collection":[{"href":"https:\/\/www.iaff.org\/fr-ca\/wp-json\/wp\/v2\/pages"}],"about":[{"href":"https:\/\/www.iaff.org\/fr-ca\/wp-json\/wp\/v2\/types\/page"}],"author":[{"embeddable":true,"href":"https:\/\/www.iaff.org\/fr-ca\/wp-json\/wp\/v2\/users\/1"}],"replies":[{"embeddable":true,"href":"https:\/\/www.iaff.org\/fr-ca\/wp-json\/wp\/v2\/comments?post=77724"}],"version-history":[{"count":0,"href":"https:\/\/www.iaff.org\/fr-ca\/wp-json\/wp\/v2\/pages\/77724\/revisions"}],"up":[{"embeddable":true,"href":"https:\/\/www.iaff.org\/fr-ca\/wp-json\/wp\/v2\/pages\/77841"}],"wp:attachment":[{"href":"https:\/\/www.iaff.org\/fr-ca\/wp-json\/wp\/v2\/media?parent=77724"}],"curies":[{"name":"wp","href":"https:\/\/api.w.org\/{rel}","templated":true}]}}