{"id":77712,"date":"2019-04-12T19:20:19","date_gmt":"2019-04-12T23:20:19","guid":{"rendered":"https:\/\/www.iaff.org\/entraide-aux-communautes-impliquees-dans-les-conflits-de-travail\/"},"modified":"2026-04-08T16:20:31","modified_gmt":"2026-04-08T20:20:31","slug":"entraide-aux-communautes-impliquees-dans-les-conflits-de-travail","status":"publish","type":"page","link":"https:\/\/www.iaff.org\/fr-ca\/entraide-aux-communautes-impliquees-dans-les-conflits-de-travail\/","title":{"rendered":"Entraide mutuelle aux communaut\u00e9s impliqu\u00e9es dans des conflits de travail"},"content":{"rendered":"","protected":false},"excerpt":{"rendered":"<p>Les juridictions concluent des ententes r\u00e9gionales d\u2019aide mutuelle adapt\u00e9es pour r\u00e9pondre \u00e0 des besoins sp\u00e9cifiques, r\u00e9pondre aux menaces potentielles et mettre \u00e0 disposition une gamme compl\u00e8te de ressources existantes pouvant [&hellip;]<\/p>\n","protected":false},"featured_media":0,"parent":0,"menu_order":0,"comment_status":"closed","ping_status":"closed","template":"","meta":{"_acf_changed":false,"_searchwp_excluded":"","inline_featured_image":false,"_EventAllDay":false,"_EventTimezone":"","_EventStartDate":"","_EventEndDate":"","_EventStartDateUTC":"","_EventEndDateUTC":"","_EventShowMap":false,"_EventShowMapLink":false,"_EventURL":"","_EventCost":"","_EventCostDescription":"","_EventCurrencySymbol":"","_EventCurrencyCode":"","_EventCurrencyPosition":"","_EventDateTimeSeparator":"","_EventTimeRangeSeparator":"","_EventOrganizerID":[],"_EventVenueID":[],"_OrganizerEmail":"","_OrganizerPhone":"","_OrganizerWebsite":"","_VenueAddress":"","_VenueCity":"","_VenueCountry":"","_VenueProvince":"","_VenueState":"","_VenueZip":"","_VenuePhone":"","_VenueURL":"","_VenueStateProvince":"","_VenueLat":"","_VenueLng":"","_VenueShowMap":false,"_VenueShowMapLink":false,"footnotes":""},"class_list":["post-77712","page","type-page","status-publish","hentry"],"acf":[],"publishpress_future_workflow_manual_trigger":{"enabledWorkflows":[]},"_links":{"self":[{"href":"https:\/\/www.iaff.org\/fr-ca\/wp-json\/wp\/v2\/pages\/77712","targetHints":{"allow":["GET"]}}],"collection":[{"href":"https:\/\/www.iaff.org\/fr-ca\/wp-json\/wp\/v2\/pages"}],"about":[{"href":"https:\/\/www.iaff.org\/fr-ca\/wp-json\/wp\/v2\/types\/page"}],"author":[{"embeddable":true,"href":"https:\/\/www.iaff.org\/fr-ca\/wp-json\/wp\/v2\/users\/1"}],"replies":[{"embeddable":true,"href":"https:\/\/www.iaff.org\/fr-ca\/wp-json\/wp\/v2\/comments?post=77712"}],"version-history":[{"count":2,"href":"https:\/\/www.iaff.org\/fr-ca\/wp-json\/wp\/v2\/pages\/77712\/revisions"}],"predecessor-version":[{"id":123927,"href":"https:\/\/www.iaff.org\/fr-ca\/wp-json\/wp\/v2\/pages\/77712\/revisions\/123927"}],"wp:attachment":[{"href":"https:\/\/www.iaff.org\/fr-ca\/wp-json\/wp\/v2\/media?parent=77712"}],"curies":[{"name":"wp","href":"https:\/\/api.w.org\/{rel}","templated":true}]}}