{"id":77594,"date":"2020-05-21T15:43:41","date_gmt":"2020-05-21T19:43:41","guid":{"rendered":"https:\/\/www.iaff.org\/resultats-de-lexperience-ems\/"},"modified":"2020-05-21T15:43:41","modified_gmt":"2020-05-21T19:43:41","slug":"resultats-de-lexperience-ems","status":"publish","type":"page","link":"https:\/\/www.iaff.org\/fr-ca\/resultats-de-lexperience-ems\/","title":{"rendered":"R\u00e9sultats de l\u2019exp\u00e9rience EMS"},"content":{"rendered":"<div class=\"iaff_legacy_shortcode\" data-legacy-shortcode=\"vc_row\" data-legacy-shortcode-attrs=\"{&quot;css&quot;:&quot;.vc_custom_1578770564114{margin-top: 50px !important;}&quot;}\"><p><div class=\"iaff_legacy_shortcode\" data-legacy-shortcode=\"vc_column\" data-legacy-shortcode-attrs=\"{&quot;width&quot;:&quot;2\\\/3&quot;}\"><p><div class=\"iaff_legacy_shortcode\" data-legacy-shortcode=\"vc_toggle\" data-legacy-shortcode-attrs=\"{&quot;title&quot;:&quot;Patient Access and Removal&quot;}\"><p><a class=\"dt-pswp-item\" href=\"https:\/\/www.iaff.org\/wp-content\/uploads\/Toolkits\/Fire_Fighter_Safety\/field_experiments\/EMS\/9149_ems_patientRemovalTimeChart_sm.jpg\" data-dt-img-description=\"\" data-large_image_width=\"400\" data-large_image_height=\"235\"><img decoding=\"async\" class=\"alignnone size-full wp-image-49289\" src=\"https:\/\/www.iaff.org\/wp-content\/uploads\/Toolkits\/Fire_Fighter_Safety\/field_experiments\/EMS\/9149_ems_patientRemovalTimeChart_sm.jpg\" alt=\"\" width=\"400\" height=\"235\"><\/a><\/p>\n<p>Les r\u00e9sultats de l\u2019\u00e9vacuation des patients montrent des diff\u00e9rences substantielles associ\u00e9es \u00e0 la taille de l\u2019\u00e9quipage.<br \/>\nLes \u00e9quipes compos\u00e9es de deux premiers intervenants ont \u00e9vacu\u00e9 les patients entre 1,2 et 1,5 minute plus lentement que les \u00e9quipes plus nombreuses, selon la taille de l\u2019\u00e9quipe.<br \/>\nCela est d\u00fb en grande partie \u00e0 la charge de travail li\u00e9e au transport de l\u2019\u00e9quipement, des fournitures et du fait que le patient a moins de membres d\u2019\u00e9quipage.<br \/>\nToutes les \u00e9quipes avec les premiers intervenants ont termin\u00e9 l\u2019enl\u00e8vement beaucoup plus rapidement (de 2,6 \u00e0 4,1 minutes) que l\u2019\u00e9quipe d\u2019ambulance seulement.<br \/>\nEncore une fois, cela est en grande partie d\u00fb \u00e0 la difficult\u00e9 de transporter et de charger le patient, ainsi que l\u2019\u00e9quipement et les fournitures avec une \u00e9quipe de seulement deux personnes, \u00e9tant donn\u00e9 qu\u2019une personne doit rester avec le patient en tout temps.    <\/p>\n<\/div><div class=\"iaff_legacy_shortcode\" data-legacy-shortcode=\"vc_toggle\" data-legacy-shortcode-attrs=\"{&quot;title&quot;:&quot;Multi-System Trauma&quot;}\"><p><a class=\"dt-pswp-item\" href=\"https:\/\/www.iaff.org\/wp-content\/uploads\/Toolkits\/Fire_Fighter_Safety\/field_experiments\/EMS\/9150_EMS_overviewTrauma_sm.jpg\" data-dt-img-description=\"\" data-large_image_width=\"400\" data-large_image_height=\"188\"><img decoding=\"async\" class=\"alignnone size-full wp-image-49288\" src=\"https:\/\/www.iaff.org\/wp-content\/uploads\/Toolkits\/Fire_Fighter_Safety\/field_experiments\/EMS\/9150_EMS_overviewTrauma_sm.jpg\" alt=\"\" width=\"400\" height=\"188\"><\/a><\/p>\n<p>Pour la partie des exp\u00e9riences consacr\u00e9e au sc\u00e9nario de traumatisme, il y avait une hypoth\u00e8se de d\u00e9calage de trois minutes \u00e0 l\u2019arriv\u00e9e entre l\u2019\u00e9quipe de premiers intervenants et l\u2019\u00e9quipe d\u2019ambulance.<br \/>\nLes \u00e9quipes qui sont intervenues avec un seul fournisseur de SLA sur le moteur et sur l\u2019ambulance ont accompli toutes les t\u00e2ches de traumatologie 2,3 minutes (2 minutes et 16 secondes) plus rapidement que les \u00e9quipes avec un moteur BLS et une ambulance SLA avec deux fournisseurs de niveau ALS. <\/p>\n<p>Les \u00e9quipes d\u2019intervention compos\u00e9es de quatre premiers intervenants, quelle que soit la configuration de l\u2019ALS, ont accompli toutes les t\u00e2ches de traumatologie 1,7 minute (1 minute et 50 secondes) plus rapidement que les \u00e9quipes de premiers intervenants de trois personnes, et 3,4 minutes (3 minutes et 25 secondes) plus rapidement que les \u00e9quipes de premiers intervenants de deux personnes.<br \/>\nCela sugg\u00e8re que pour les sc\u00e9narios de traumatisme, plus il y a de mains disponibles, plus il est facile de mettre en \u0153uvre le portefeuille complet de t\u00e2ches \u00e0 accomplir. <\/p>\n<\/div><div class=\"iaff_legacy_shortcode\" data-legacy-shortcode=\"vc_toggle\" data-legacy-shortcode-attrs=\"{&quot;title&quot;:&quot;Chest Pain and Witnessed Cardiac Arrest&quot;}\"><p><a class=\"dt-pswp-item\" href=\"https:\/\/www.iaff.org\/wp-content\/uploads\/Toolkits\/Fire_Fighter_Safety\/field_experiments\/EMS\/9151_ems_cardiac_ATACA-sm.jpg\" data-dt-img-description=\"\" data-large_image_width=\"400\" data-large_image_height=\"188\"><img decoding=\"async\" class=\"alignnone size-full wp-image-49286\" src=\"https:\/\/www.iaff.org\/wp-content\/uploads\/Toolkits\/Fire_Fighter_Safety\/field_experiments\/EMS\/9151_ems_cardiac_ATACA-sm.jpg\" alt=\"\" width=\"400\" height=\"188\"><\/a><\/p>\n<p>Les \u00e9quipes qui sont intervenues avec quatre premiers intervenants, quelle que soit la configuration de l\u2019ALS, ont accompli toutes les t\u00e2ches cardiaques \u00e0 partir du \u00ab moment du patient \u00bb 70 secondes plus rapidement que les \u00e9quipes de premiers intervenants avec trois personnes, et deux minutes et 40 secondes plus vite que les \u00e9quipes de premiers intervenants avec deux personnes.<br \/>\nDe plus, les \u00e9quipes qui sont intervenues avec un seul fournisseur de SLA \u00e0 la fois sur le moteur et sur l\u2019ambulance ont termin\u00e9 toutes les t\u00e2ches sur les lieux \u00e0 partir du \u00ab moment du patient \u00bb 45 secondes plus t\u00f4t que les \u00e9quipes avec deux fournisseurs de SLA sur l\u2019ambulance et un moteur BLS.<br \/>\nLes \u00e9quipes qui sont intervenues avec un moteur ALS et une ambulance BLS ont accompli les t\u00e2ches \u00e0 partir de \u00ab l\u2019heure du patient \u00bb, deux minutes et 36 secondes plus t\u00f4t que les \u00e9quipes \u00e9quip\u00e9es d\u2019un moteur BLS et d\u2019un fournisseur ALS sur l\u2019ambulance.  <\/p>\n<\/div><\/p>\n<\/div><div class=\"iaff_legacy_shortcode\" data-legacy-shortcode=\"vc_column\" data-legacy-shortcode-attrs=\"{&quot;width&quot;:&quot;1\\\/3&quot;}\"><p>[vc_single_image image=\u00a0\u00bb49287&Prime; img_size=\u00a0\u00bbfull\u00a0\u00bb]<\/p>\n<\/div><\/p>\n<\/div>\n","protected":false},"excerpt":{"rendered":"","protected":false},"featured_media":0,"parent":0,"menu_order":0,"comment_status":"closed","ping_status":"closed","template":"","meta":{"_acf_changed":false,"_searchwp_excluded":"","inline_featured_image":false,"_EventAllDay":false,"_EventTimezone":"","_EventStartDate":"","_EventEndDate":"","_EventStartDateUTC":"","_EventEndDateUTC":"","_EventShowMap":false,"_EventShowMapLink":false,"_EventURL":"","_EventCost":"","_EventCostDescription":"","_EventCurrencySymbol":"","_EventCurrencyCode":"","_EventCurrencyPosition":"","_EventDateTimeSeparator":"","_EventTimeRangeSeparator":"","_EventOrganizerID":[],"_EventVenueID":[],"_OrganizerEmail":"","_OrganizerPhone":"","_OrganizerWebsite":"","_VenueAddress":"","_VenueCity":"","_VenueCountry":"","_VenueProvince":"","_VenueState":"","_VenueZip":"","_VenuePhone":"","_VenueURL":"","_VenueStateProvince":"","_VenueLat":"","_VenueLng":"","_VenueShowMap":false,"_VenueShowMapLink":false,"footnotes":""},"class_list":["post-77594","page","type-page","status-publish","hentry"],"acf":[],"publishpress_future_workflow_manual_trigger":{"enabledWorkflows":[]},"_links":{"self":[{"href":"https:\/\/www.iaff.org\/fr-ca\/wp-json\/wp\/v2\/pages\/77594","targetHints":{"allow":["GET"]}}],"collection":[{"href":"https:\/\/www.iaff.org\/fr-ca\/wp-json\/wp\/v2\/pages"}],"about":[{"href":"https:\/\/www.iaff.org\/fr-ca\/wp-json\/wp\/v2\/types\/page"}],"author":[{"embeddable":true,"href":"https:\/\/www.iaff.org\/fr-ca\/wp-json\/wp\/v2\/users\/1"}],"replies":[{"embeddable":true,"href":"https:\/\/www.iaff.org\/fr-ca\/wp-json\/wp\/v2\/comments?post=77594"}],"version-history":[{"count":0,"href":"https:\/\/www.iaff.org\/fr-ca\/wp-json\/wp\/v2\/pages\/77594\/revisions"}],"wp:attachment":[{"href":"https:\/\/www.iaff.org\/fr-ca\/wp-json\/wp\/v2\/media?parent=77594"}],"curies":[{"name":"wp","href":"https:\/\/api.w.org\/{rel}","templated":true}]}}