{"id":77588,"date":"2020-05-21T15:43:33","date_gmt":"2020-05-21T19:43:33","guid":{"rendered":"https:\/\/www.iaff.org\/fiches\/"},"modified":"2020-05-21T15:43:33","modified_gmt":"2020-05-21T19:43:33","slug":"fiches","status":"publish","type":"page","link":"https:\/\/www.iaff.org\/fr-ca\/fiches\/","title":{"rendered":"Fiches"},"content":{"rendered":"<div class=\"iaff_legacy_shortcode\" data-legacy-shortcode=\"vc_row\" data-legacy-shortcode-attrs=\"{&quot;css&quot;:&quot;.vc_custom_1578759536362{margin-top: 50px !important;margin-bottom: 0px !important;}&quot;}\"><div class=\"iaff_legacy_shortcode\" data-legacy-shortcode=\"vc_column\"><p><div class=\"iaff_legacy_shortcode\" data-legacy-shortcode=\"vc_row_inner\"><p><div class=\"iaff_legacy_shortcode\" data-legacy-shortcode=\"vc_column_inner\" data-legacy-shortcode-attrs=\"{&quot;width&quot;:&quot;2\\\/3&quot;}\"><div class=\"iaff_legacy_shortcode\" data-legacy-shortcode=\"vc_column_text\"><\/p>\n<h2>Fiches<\/h2>\n<p>  En cliquant sur le lien correspondant, la fiche d\u2019information sera t\u00e9l\u00e9charg\u00e9e sous forme de fichier <span class=\"nanospell-typo\">PDF<\/span> .  <strong>Exp\u00e9riences dans le domaine des immeubles en hauteur<\/strong><\/p>\n<ul>\n<li><a href=\"https:\/\/www.iaff.org\/wp-content\/uploads\/Toolkits\/Fire_Fighter_Safety\/Fact_sheets\/1051_FactSheet_HR_Time_to_task.pdf\" data-id=\"1051\">T\u00e2ches<\/a><\/li>\n<li><a href=\"https:\/\/www.iaff.org\/wp-content\/uploads\/Toolkits\/Fire_Fighter_Safety\/Fact_sheets\/1052_FactSheet_Getting_The_Fire_Out.pdf\" data-id=\"1052\">\u00c9teindre le feu<\/a><\/li>\n<li><a href=\"https:\/\/www.iaff.org\/wp-content\/uploads\/Toolkits\/Fire_Fighter_Safety\/Fact_sheets\/1053_FactSheet_HighRise_CrewSize.pdf\" data-id=\"1053\">Taille de l\u2019\u00e9quipe<\/a><\/li>\n<li><a href=\"https:\/\/www.iaff.org\/wp-content\/uploads\/Toolkits\/Fire_Fighter_Safety\/Fact_sheets\/1054_HighRise_Search_and_RescueFactSheet.pdf\" data-id=\"1054\">Recherche et sauvetage sur le lieu d\u2019incendie<\/a><\/li>\n<li><a href=\"https:\/\/www.iaff.org\/wp-content\/uploads\/Toolkits\/Fire_Fighter_Safety\/Fact_sheets\/1055_HighRise_Tenability_FactSheet.pdf\" data-id=\"1055\">Soutenabilit\u00e9 du lieu d&rsquo;incendie<\/a><\/li>\n<\/ul>\n<p><strong>Exp\u00e9riences dans le domaine des immeubles r\u00e9sidentiels<\/strong><\/p>\n<ul>\n<li><a href=\"https:\/\/www.iaff.org\/wp-content\/uploads\/Toolkits\/Fire_Fighter_Safety\/Fact_sheets\/1056_Res-Factsheet-Suppression.pdf\" data-id=\"1056\">Taille d&rsquo;incendie auquel sont confront\u00e9es diff\u00e9rentes tailles d\u2019\u00e9quipes au moment de l\u2019extinction<\/a><\/li>\n<li><a href=\"https:\/\/www.iaff.org\/wp-content\/uploads\/Toolkits\/Fire_Fighter_Safety\/Fact_sheets\/1057_FGFE_Fact_Sheet2.pdf\" data-id=\"1057\">Comment la taille de l\u2019\u00e9quipe affecte le temps de positionnement de l\u2019\u00e9chelle et de ventilation dans les interventions d&rsquo;incendie \u00e0 faible risque de structures r\u00e9sidentielles<\/a><\/li>\n<li><a href=\"https:\/\/www.iaff.org\/wp-content\/uploads\/Toolkits\/Fire_Fighter_Safety\/Fact_sheets\/1059_nist_REPORT_residential_Fact_Sheet3.pdf\" data-id=\"1059\">Le rapport <span class=\"nanospell-typo\">du NIST<\/span> sur les incendies de structures r\u00e9sidentielles<\/a><\/li>\n<li><a href=\"https:\/\/www.iaff.org\/wp-content\/uploads\/Toolkits\/Fire_Fighter_Safety\/Fact_sheets\/28509_FGFE-Fact-Sheet-4.pdf\">Lien entre la taille de l\u2019\u00e9quipe de <span class=\"nanospell-typo\">pompiers<\/span> et l\u2019exposition des occupants aux toxines<\/a><\/li>\n<li><a href=\"https:\/\/www.iaff.org\/wp-content\/uploads\/Toolkits\/Fire_Fighter_Safety\/Fact_sheets\/1061_nist_factsheet_crewsize_time.pdf\" data-id=\"1061\">L\u2019effet de la taille de l\u2019\u00e9quipe de <span class=\"nanospell-typo\">pompiers<\/span> sur le temps n\u00e9cessaire pour accomplir les t\u00e2ches essentielles de lutte contre les incendies<\/a><\/li>\n<li><a href=\"https:\/\/www.iaff.org\/wp-content\/uploads\/Toolkits\/Fire_Fighter_Safety\/Fact_sheets\/1063_NIST_factsheet_crewsize_physiology.pdf\" data-id=\"1063\">Effets physiologiques de la taille de l\u2019\u00e9quipe de <span class=\"nanospell-typo\">pompiers<\/span><\/a><\/li>\n<li><a href=\"https:\/\/www.iaff.org\/wp-content\/uploads\/Toolkits\/Fire_Fighter_Safety\/Fact_sheets\/1064_NIST-crewsize-water.pdf\" data-id=\"1064\">Comment la taille de l\u2019\u00e9quipe affecte-t-elle le temps n\u00e9cessaire pour arroser un feu ?<\/a><\/li>\n<\/ul>\n<p>\n<\/div>\n<\/div><div class=\"iaff_legacy_shortcode\" data-legacy-shortcode=\"vc_column_inner\" data-legacy-shortcode-attrs=\"{&quot;width&quot;:&quot;1\\\/3&quot;}\"><p>[vc_single_image image=\u00a0\u00bb49167&Prime; img_size=\u00a0\u00bbfull\u00a0\u00bb]<\/p>\n<\/div><\/p>\n<\/div><div class=\"iaff_legacy_shortcode\" data-legacy-shortcode=\"vc_column_text\"><p><a class=\"dt-pswp-item\" href=\"https:\/\/www.firereporting.org\/\" data-dt-img-description=\"\" data-large_image_width=\"57\" data-large_image_height=\"90\" target=\"_blank\" rel=\"noopener\"><img decoding=\"async\" class=\"alignnone size-full wp-image-49169\" src=\"https:\/\/www.iaff.org\/wp-content\/uploads\/Toolkits\/Fire_Fighter_Safety\/Fact_sheets\/9152_footer_1_FFSD_logo.jpg\" alt=\"\" width=\"57\" height=\"90\"><\/a>            <a class=\"dt-pswp-item\" href=\"https:\/\/www.wpi.edu\/\" data-dt-img-description=\"\" data-large_image_width=\"75\" data-large_image_height=\"27\" target=\"_blank\" rel=\"noopener\"><img decoding=\"async\" class=\"alignnone size-full wp-image-49166\" src=\"https:\/\/www.iaff.org\/wp-content\/uploads\/Toolkits\/Fire_Fighter_Safety\/Fact_sheets\/9153_footer_2_wpi_logo.jpg\" alt=\"\" width=\"75\" height=\"27\"><\/a>            <a class=\"dt-pswp-item\" href=\"https:\/\/www.iafc.org\/\" data-dt-img-description=\"\" data-large_image_width=\"50\" data-large_image_height=\"55\" target=\"_blank\" rel=\"noopener\"><img decoding=\"async\" class=\"alignnone size-full wp-image-49162\" src=\"https:\/\/www.iaff.org\/wp-content\/uploads\/Toolkits\/Fire_Fighter_Safety\/Fact_sheets\/9154_footer_3_iafc_logo.jpg\" alt=\"\" width=\"50\" height=\"55\"><\/a>            <a class=\"dt-pswp-item\" href=\"https:\/\/www.iaff.org\/fr-ca\/\" data-dt-img-description=\"\" data-large_image_width=\"50\" data-large_image_height=\"50\"><img decoding=\"async\" class=\"alignnone size-full wp-image-49168\" src=\"https:\/\/www.iaff.org\/wp-content\/uploads\/Toolkits\/Fire_Fighter_Safety\/Fact_sheets\/9155_footer_4_iaff_logo.jpg\" alt=\"\" width=\"50\" height=\"50\"><\/a>            <a class=\"dt-pswp-item\" href=\"https:\/\/www.nist.gov\/\" data-dt-img-description=\"\" data-large_image_width=\"75\" data-large_image_height=\"20\" target=\"_blank\" rel=\"noopener\"><img decoding=\"async\" class=\"alignnone size-full wp-image-49165\" src=\"https:\/\/www.iaff.org\/wp-content\/uploads\/Toolkits\/Fire_Fighter_Safety\/Fact_sheets\/9156_footer_5_nist_logo.jpg\" alt=\"\" width=\"75\" height=\"20\"><\/a>            <a class=\"dt-pswp-item\" href=\"https:\/\/publicsafetyexcellence.org\/\" data-dt-img-description=\"\" data-large_image_width=\"40\" data-large_image_height=\"50\" target=\"_blank\" rel=\"noopener\"><img decoding=\"async\" class=\"alignnone size-full wp-image-49163\" src=\"https:\/\/www.iaff.org\/wp-content\/uploads\/Toolkits\/Fire_Fighter_Safety\/Fact_sheets\/9157_footer_6_cfai_logo.jpg\" alt=\"\" width=\"40\" height=\"50\"><\/a>            <a class=\"dt-pswp-item\" href=\"https:\/\/www.urban.org\/\" data-dt-img-description=\"\" data-large_image_width=\"115\" data-large_image_height=\"40\" target=\"_blank\" rel=\"noopener\"><img decoding=\"async\" class=\"alignnone size-full wp-image-49164\" src=\"https:\/\/www.iaff.org\/wp-content\/uploads\/Toolkits\/Fire_Fighter_Safety\/Fact_sheets\/9158_footer_7_urban_institute_logo.jpg\" alt=\"\" width=\"115\" height=\"40\"><\/a><\/p>\n<\/div><div class=\"iaff_legacy_shortcode\" data-legacy-shortcode=\"vc_row_inner\" data-legacy-shortcode-attrs=\"{&quot;css&quot;:&quot;.vc_custom_1560472026444{margin-top: 0px !important;}&quot;}\"><p><div class=\"iaff_legacy_shortcode\" data-legacy-shortcode=\"vc_column_inner\" data-legacy-shortcode-attrs=\"{&quot;width&quot;:&quot;1\\\/4&quot;,&quot;css&quot;:&quot;.vc_custom_1560472000875{margin-top: 0px !important;}&quot;}\"><p>[vc_single_image image=\u00a0\u00bb20785&Prime; img_size=\u00a0\u00bbfull\u00a0\u00bb onclick=\u00a0\u00bbcustom_link\u00a0\u00bb link=\u00a0\u00bbhttps:\/\/www.iaff.org\/toolkits\/fire_fighter_safety\/field-experiments\/\u00a0\u00bb]<\/p>\n<\/div><div class=\"iaff_legacy_shortcode\" data-legacy-shortcode=\"vc_column_inner\" data-legacy-shortcode-attrs=\"{&quot;width&quot;:&quot;1\\\/4&quot;,&quot;css&quot;:&quot;.vc_custom_1560472007125{margin-top: 0px !important;}&quot;}\"><p>[vc_single_image image=\u00a0\u00bb20784&Prime; img_size=\u00a0\u00bbfull\u00a0\u00bb onclick=\u00a0\u00bbcustom_link\u00a0\u00bb link=\u00a0\u00bbhttps:\/\/www.iaff.org\/toolkits\/fire_fighter_safety\/fact-sheets\/\u00a0\u00bb]<\/p>\n<\/div><div class=\"iaff_legacy_shortcode\" data-legacy-shortcode=\"vc_column_inner\" data-legacy-shortcode-attrs=\"{&quot;width&quot;:&quot;1\\\/4&quot;,&quot;css&quot;:&quot;.vc_custom_1560472014318{margin-top: 0px !important;}&quot;}\"><p>[vc_single_image image=\u00a0\u00bb20783&Prime; img_size=\u00a0\u00bbfull\u00a0\u00bb onclick=\u00a0\u00bbcustom_link\u00a0\u00bb link=\u00a0\u00bbhttps:\/\/www.iaff.org\/toolkits\/staffing\/resources\/\u00a0\u00bb]<\/p>\n<\/div><div class=\"iaff_legacy_shortcode\" data-legacy-shortcode=\"vc_column_inner\" data-legacy-shortcode-attrs=\"{&quot;width&quot;:&quot;1\\\/4&quot;}\"><p>[vc_single_image image=\u00a0\u00bb20782&Prime; img_size=\u00a0\u00bbfull\u00a0\u00bb onclick=\u00a0\u00bbcustom_link\u00a0\u00bb link=\u00a0\u00bbhttps:\/\/www.iaff.org\/toolkits\/fire_fighter_safety\/advocacy-tools\/\u00a0\u00bb]<\/p>\n<\/div><\/p>\n<\/div><\/p>\n<\/div>\n<\/div>\n","protected":false},"excerpt":{"rendered":"","protected":false},"featured_media":0,"parent":0,"menu_order":0,"comment_status":"closed","ping_status":"closed","template":"","meta":{"_acf_changed":false,"_searchwp_excluded":"","inline_featured_image":false,"_EventAllDay":false,"_EventTimezone":"","_EventStartDate":"","_EventEndDate":"","_EventStartDateUTC":"","_EventEndDateUTC":"","_EventShowMap":false,"_EventShowMapLink":false,"_EventURL":"","_EventCost":"","_EventCostDescription":"","_EventCurrencySymbol":"","_EventCurrencyCode":"","_EventCurrencyPosition":"","_EventDateTimeSeparator":"","_EventTimeRangeSeparator":"","_EventOrganizerID":[],"_EventVenueID":[],"_OrganizerEmail":"","_OrganizerPhone":"","_OrganizerWebsite":"","_VenueAddress":"","_VenueCity":"","_VenueCountry":"","_VenueProvince":"","_VenueState":"","_VenueZip":"","_VenuePhone":"","_VenueURL":"","_VenueStateProvince":"","_VenueLat":"","_VenueLng":"","_VenueShowMap":false,"_VenueShowMapLink":false,"footnotes":""},"class_list":["post-77588","page","type-page","status-publish","hentry"],"acf":[],"publishpress_future_workflow_manual_trigger":{"enabledWorkflows":[]},"_links":{"self":[{"href":"https:\/\/www.iaff.org\/fr-ca\/wp-json\/wp\/v2\/pages\/77588","targetHints":{"allow":["GET"]}}],"collection":[{"href":"https:\/\/www.iaff.org\/fr-ca\/wp-json\/wp\/v2\/pages"}],"about":[{"href":"https:\/\/www.iaff.org\/fr-ca\/wp-json\/wp\/v2\/types\/page"}],"author":[{"embeddable":true,"href":"https:\/\/www.iaff.org\/fr-ca\/wp-json\/wp\/v2\/users\/1"}],"replies":[{"embeddable":true,"href":"https:\/\/www.iaff.org\/fr-ca\/wp-json\/wp\/v2\/comments?post=77588"}],"version-history":[{"count":0,"href":"https:\/\/www.iaff.org\/fr-ca\/wp-json\/wp\/v2\/pages\/77588\/revisions"}],"wp:attachment":[{"href":"https:\/\/www.iaff.org\/fr-ca\/wp-json\/wp\/v2\/media?parent=77588"}],"curies":[{"name":"wp","href":"https:\/\/api.w.org\/{rel}","templated":true}]}}