{"id":77574,"date":"2019-06-14T16:08:39","date_gmt":"2019-06-14T20:08:39","guid":{"rendered":"https:\/\/www.iaff.org\/trousse-doutils-pour-la-securite-des-pompiers-et-le-deploiement-des-ressources\/"},"modified":"2024-09-06T16:04:15","modified_gmt":"2024-09-06T20:04:15","slug":"trousse-doutils-pour-la-securite-des-pompiers-et-le-deploiement-des-ressources","status":"publish","type":"page","link":"https:\/\/www.iaff.org\/fr-ca\/trousse-doutils-pour-la-securite-des-pompiers-et-le-deploiement-des-ressources\/","title":{"rendered":"Trousse d\u2019outils pour la s\u00e9curit\u00e9 des pompiers et le d\u00e9ploiement des ressources"},"content":{"rendered":"<section\n\t class=\"secondary-hero align wp-block-acf-secondary-hero\" id=\"secondary-hero_block_c445b49dd673f053f3c5d48c2325ef56\">\n\t\n<header\n\tclass=\"w-full u-bg-full-width px-[22px] md:ps-bleed md:pe-0 py-[60px] bg-blue text-white u-has-rivets\"\n\tdata-theme=\"navy\"\n>\n\t<div class=\"flex flex-col !px-0 !max-w-[1440px] w-full lg:!ps-indent\">\n\t\t<div class=\"border-t-[6px] w-full my-0 flex flex-col md:flex-row gap-x-[62px] gap-y-[22px] border-gold\">\n\t\t\t\t\t\t\t<div class=\"relative grid md:order-last md:w-1\/2 overflow-hidden place-items-center max-h-[500px]\">\n\t\t\t\t\t<img decoding=\"async\" width=\"168\" height=\"240\" src=\"https:\/\/www.iaff.org\/wp-content\/uploads\/2019\/06\/fire_fighter_safetyLOGO_smaller-168x240.jpg\" class=\"max-w-full\" alt=\"\" srcset=\"https:\/\/www.iaff.org\/wp-content\/uploads\/2019\/06\/fire_fighter_safetyLOGO_smaller-168x240.jpg 168w, https:\/\/www.iaff.org\/wp-content\/uploads\/2019\/06\/fire_fighter_safetyLOGO_smaller.jpg 200w\" sizes=\"(max-width: 168px) 100vw, 168px\" \/>\t\t\t\t<\/div>\n\t\t\t\t\t\t<div class=\"w-full md:w-1\/2 md:py-[45px]\">\n\t\t\t\t<div class=\"max-w-[600px] flex flex-col gap-[22px]\">\n\t\t\t\t\t\t\t\t\t\t\t<h1 class=\"has-[.u-halftone-shadow--dark]:mb-divider has-[.u-halftone-shadow--light]:mb-divider\">\n\t\t\t\t\t\t\t<span class=\"inline-flex text-heading-200 u-halftone-shadow--light\">\n\t\t\t\t\t\t\t\tTrousse d\u2019outils pour la s\u00e9curit\u00e9 des pompiers et le d\u00e9ploiement des ressources\t\t\t\t\t\t\t<\/span>\n\t\t\t\t\t\t<\/h1>\n\t\t\t\t\t\t\t\t\t\t\t\t\t\t\t\t<div class=\"text-body-300 font-sans\">\n\t\t\t\t\t\t\t<p>Utilisez cette bo\u00eete \u00e0 outils pour mettre en \u00e9vidence certaines des principales conclusions de l\u2019\u00e9tude du National Institute of Standards and Technology (NIST) \u00e0 l\u2019intention des d\u00e9cideurs et dotez votre service de l\u2019antidote \u00e0 la politique partisane : les faits concrets.  <\/p>\n\t\t\t\t\t\t<\/div>\n\t\t\t\t\t\t\t\t\t\t\t\t\t\t\t\t\t\t\t\t\t\t\t\t<\/div>\n\t\t\t<\/div>\n\n\t\t<\/div>\n\t\t\t<\/div>\n<\/header>\n<\/section>\n<section\n\t class=\"page-blocks iaff-page-blocks align wp-block-acf-page-blocks\" id=\"page-blocks_block_3b9343694ff6ab7244ceee0fadba0b0f\">\n\t<div class=\"acf-innerblocks-container\">\n<section\n\t class=\"callout-section pt-20 md:pt-[100px] bg-transparent align wp-block-acf-callout-section\" id=\"callout-section_block_cf9813cd512b876a0b372c53612daf5b\">\n\t\t<div class=\"border-b border-black\">\n\t\t\t<\/div>\n\n\t<!-- TODO: Constrain to content width -->\n\t<div class=\"w-full flex flex-col\">\n\t\t<!-- Callouts -->\n\t\t<div class=\"acf-innerblocks-container\">\n<section\n\t class=\"callout align wp-block-acf-callout\" id=\"callout_block_a66b01b1e5d54a49a06293e46461a183\">\n\t<div class=\"grid md:grid-cols-2 gap-0\">\n\t\t<figure\n\t\t\tclass=\"md:col-start-2 md:row-start-1 grid place-items-center\"\n\t\t>\n\t\t\t\t\t\t\t<div class=\"relative\">\n\t\t\t\t\t<img decoding=\"async\" width=\"400\" height=\"284\" src=\"https:\/\/www.iaff.org\/wp-content\/uploads\/2019\/06\/Toolkit_NIST2-e1709172596832.jpg\" class=\"w-full block h-auto object-cover\" alt=\"\" \/>\t\t\t\t\t<div class=\"u-halftone-overlay\"><\/div>\n\t\t\t\t<\/div>\n\t\t\t\t\t<\/figure>\n\t\t<div class=\"flex flex-col gap-2 py-[54px] text-smoke md:p-10 justify-center md:px-15\">\n\t\t\t\t\t\t\t\t\t\t<div class=\"font-serif font-600 text-[34px] leading-[1.1] -tracking-[0.5px]\">\n\t\t\t\t\tRessources\t\t\t\t<\/div>\n\t\t\t\t\t\t\t\t\t\t<div class=\"font-sans font-350 text-[18px] leading-[1.5]\">\n\t\t\t\t\t<p>Profitez des points de discussion et des exemples de communiqu\u00e9s de presse pour communiquer avec vos m\u00e9dias locaux sur l\u2019importance de la dotation en personnel des pompiers.<\/p>\n\t\t\t\t<\/div>\n\t\t\t\t\t\t\t\t\t\t<div class=\"flex flex-wrap gap-[30px] pt-10\">\n\t\t\t\t\t\t\t\t\t\t\t<!-- Renders the same as core\/button with a specific style -->\n\t<div\n\t\tclass=\"wp-block-button track-button-primary is-style-primary-red\"\n\t>\n\t\t<a\n\t\t\tclass=\"wp-block-button__link wp-element-button cursor-pointer md:w-auto min-w-[156px]\"\n\t\t\t\t\t\t\thref=\"https:\/\/www.iaff.org\/staffing\/resources\/\"\n\t\t\t\t\t\t\t\t\t>\n\t\t\tVoir\t\t<\/a>\n\t<\/div>\n\t\t\t\t\t\t\t\t\t<\/div>\n\t\t\t\t\t<\/div>\n\t<\/div>\n<\/section>\n\n<\/div>\n\t\t\t<\/div>\n<\/section>\n\n\n<section\n\t class=\"callout-section pt-20 md:pt-[100px] bg-transparent align wp-block-acf-callout-section\" id=\"callout-section_block_cf9813cd512b876a0b372c53612daf5b\">\n\t\t<div class=\"border-b border-black\">\n\t\t\t<\/div>\n\n\t<!-- TODO: Constrain to content width -->\n\t<div class=\"w-full flex flex-col\">\n\t\t<!-- Callouts -->\n\t\t<div class=\"acf-innerblocks-container\">\n<section\n\t class=\"callout align wp-block-acf-callout\" id=\"callout_block_f505f67f1a4797fa984ad66ab4f3dcdf\">\n\t<div class=\"grid md:grid-cols-2 gap-0\">\n\t\t<figure\n\t\t\tclass=\"grid place-items-center\"\n\t\t>\n\t\t\t\t\t\t\t<div class=\"relative\">\n\t\t\t\t\t<img decoding=\"async\" width=\"400\" height=\"284\" src=\"https:\/\/www.iaff.org\/wp-content\/uploads\/2019\/06\/Toolkit_NIST3-e1709172839114.jpg\" class=\"w-full block h-auto object-cover\" alt=\"\" \/>\t\t\t\t\t<div class=\"u-halftone-overlay\"><\/div>\n\t\t\t\t<\/div>\n\t\t\t\t\t<\/figure>\n\t\t<div class=\"flex flex-col gap-2 py-[54px] text-smoke md:p-10 justify-center md:px-15\">\n\t\t\t\t\t\t\t\t\t\t<div class=\"font-serif font-600 text-[34px] leading-[1.1] -tracking-[0.5px]\">\n\t\t\t\t\tOutils de plaidoirie\t\t\t\t<\/div>\n\t\t\t\t\t\t\t\t\t\t<div class=\"font-sans font-350 text-[18px] leading-[1.5]\">\n\t\t\t\t\t<p>Consultez la section Outils de plaidoyer, con\u00e7ue pour aider les dirigeants d\u2019affili\u00e9s \u00e0 lutter contre les licenciements potentiels, les fermetures de stations ou les baisses de tension.<\/p>\n\t\t\t\t<\/div>\n\t\t\t\t\t\t\t\t\t\t<div class=\"flex flex-wrap gap-[30px] pt-10\">\n\t\t\t\t\t\t\t\t\t\t\t<!-- Renders the same as core\/button with a specific style -->\n\t<div\n\t\tclass=\"wp-block-button track-button-primary is-style-primary-red\"\n\t>\n\t\t<a\n\t\t\tclass=\"wp-block-button__link wp-element-button cursor-pointer md:w-auto min-w-[156px]\"\n\t\t\t\t\t\t\thref=\"https:\/\/www.iaff.org\/staffing\/advocacy-tools\/\"\n\t\t\t\t\t\t\t\t\t>\n\t\t\tVoir\t\t<\/a>\n\t<\/div>\n\t\t\t\t\t\t\t\t\t<\/div>\n\t\t\t\t\t<\/div>\n\t<\/div>\n<\/section>\n\n<\/div>\n\t\t\t<\/div>\n<\/section>\n\n\n<section\n\t class=\"callout-section pt-20 md:pt-[100px] bg-transparent align wp-block-acf-callout-section\" id=\"callout-section_block_cf9813cd512b876a0b372c53612daf5b\">\n\t\t<div class=\"border-b border-black\">\n\t\t\t<\/div>\n\n\t<!-- TODO: Constrain to content width -->\n\t<div class=\"w-full flex flex-col\">\n\t\t<!-- Callouts -->\n\t\t<div class=\"acf-innerblocks-container\">\n<section\n\t class=\"callout align wp-block-acf-callout\" id=\"callout_block_c3136dc0947ddaf137fd1fa15374e50f\">\n\t<div class=\"grid md:grid-cols-2 gap-0\">\n\t\t<figure\n\t\t\tclass=\"md:col-start-2 md:row-start-1 grid place-items-center\"\n\t\t>\n\t\t\t\t\t\t\t<div class=\"relative\">\n\t\t\t\t\t<img decoding=\"async\" width=\"400\" height=\"284\" src=\"https:\/\/www.iaff.org\/wp-content\/uploads\/2019\/06\/Toolkit_NIST4-e1709172970976.jpg\" class=\"w-full block h-auto object-cover\" alt=\"\" \/>\t\t\t\t\t<div class=\"u-halftone-overlay\"><\/div>\n\t\t\t\t<\/div>\n\t\t\t\t\t<\/figure>\n\t\t<div class=\"flex flex-col gap-2 py-[54px] text-smoke md:p-10 justify-center md:px-15\">\n\t\t\t\t\t\t\t\t\t\t<div class=\"font-serif font-600 text-[34px] leading-[1.1] -tracking-[0.5px]\">\n\t\t\t\t\tFiches\t\t\t\t<\/div>\n\t\t\t\t\t\t\t\t\t\t<div class=\"font-sans font-350 text-[18px] leading-[1.5]\">\n\t\t\t\t\t<p>Armez-vous de toutes les informations dont vous avez besoin pour pr\u00e9senter votre cas \u00e0 ceux qui prennent les d\u00e9cisions.<\/p>\n\t\t\t\t<\/div>\n\t\t\t\t\t\t\t\t\t\t<div class=\"flex flex-wrap gap-[30px] pt-10\">\n\t\t\t\t\t\t\t\t\t\t\t<!-- Renders the same as core\/button with a specific style -->\n\t<div\n\t\tclass=\"wp-block-button track-button-primary is-style-primary-red\"\n\t>\n\t\t<a\n\t\t\tclass=\"wp-block-button__link wp-element-button cursor-pointer md:w-auto min-w-[156px]\"\n\t\t\t\t\t\t\thref=\"https:\/\/www.iaff.org\/staffing\/fact-sheets\/\"\n\t\t\t\t\t\t\t\t\t>\n\t\t\tVoir\t\t<\/a>\n\t<\/div>\n\t\t\t\t\t\t\t\t\t<\/div>\n\t\t\t\t\t<\/div>\n\t<\/div>\n<\/section>\n\n<\/div>\n\t\t\t<\/div>\n<\/section>\n\n\n<section\n\t class=\"callout-section pt-20 md:pt-[100px] bg-transparent align wp-block-acf-callout-section\" id=\"callout-section_block_cf9813cd512b876a0b372c53612daf5b\">\n\t\t<div class=\"border-b border-black\">\n\t\t\t<\/div>\n\n\t<!-- TODO: Constrain to content width -->\n\t<div class=\"w-full flex flex-col\">\n\t\t<!-- Callouts -->\n\t\t<div class=\"acf-innerblocks-container\">\n<section\n\t class=\"callout align wp-block-acf-callout\" id=\"callout_block_789e472ef2612bd3a3b3fec458fb857e\">\n\t<div class=\"grid md:grid-cols-2 gap-0\">\n\t\t<figure\n\t\t\tclass=\"grid place-items-center\"\n\t\t>\n\t\t\t\t\t\t\t<div class=\"relative\">\n\t\t\t\t\t<img decoding=\"async\" width=\"400\" height=\"284\" src=\"https:\/\/www.iaff.org\/wp-content\/uploads\/2019\/06\/Toolkit_NIST1-e1709173131640.jpg\" class=\"w-full block h-auto object-cover\" alt=\"\" \/>\t\t\t\t\t<div class=\"u-halftone-overlay\"><\/div>\n\t\t\t\t<\/div>\n\t\t\t\t\t<\/figure>\n\t\t<div class=\"flex flex-col gap-2 py-[54px] text-smoke md:p-10 justify-center md:px-15\">\n\t\t\t\t\t\t\t\t\t\t<div class=\"font-serif font-600 text-[34px] leading-[1.1] -tracking-[0.5px]\">\n\t\t\t\t\tExp\u00e9riences sur le terrain\t\t\t\t<\/div>\n\t\t\t\t\t\t\t\t\t\t<div class=\"font-sans font-350 text-[18px] leading-[1.5]\">\n\t\t\t\t\t<p>L\u2019\u00e9tude du NIST a examin\u00e9 trois sc\u00e9narios diff\u00e9rents \u2013 les incendies de grande hauteur, les incendies r\u00e9sidentiels et les interventions des services m\u00e9dicaux d\u2019urgence \u2013 et elle fournit des preuves empiriques indiscutables qui d\u00e9montrent ce que les pompiers savent d\u00e9j\u00e0 gr\u00e2ce \u00e0 leurs exp\u00e9riences du monde r\u00e9el, d\u2019autant plus que les budgets et m\u00eame des services entiers sont r\u00e9duits : <strong><em>la taille de l\u2019\u00e9quipe est importante<\/em>, \u00e0 la fois pour assurer la s\u00e9curit\u00e9 des citoyens et des biens et pour assurer la s\u00e9curit\u00e9 des premiers intervenants appel\u00e9s sur les lieux.<\/strong><\/p>\n\t\t\t\t<\/div>\n\t\t\t\t\t\t\t\t\t\t<div class=\"flex flex-wrap gap-[30px] pt-10\">\n\t\t\t\t\t\t\t\t\t\t\t<!-- Renders the same as core\/button with a specific style -->\n\t<div\n\t\tclass=\"wp-block-button track-button-primary is-style-primary-red\"\n\t>\n\t\t<a\n\t\t\tclass=\"wp-block-button__link wp-element-button cursor-pointer md:w-auto min-w-[156px]\"\n\t\t\t\t\t\t\thref=\"https:\/\/www.iaff.org\/staffing\/field-experiments\/\"\n\t\t\t\t\t\t\t\t\t>\n\t\t\tVoir\t\t<\/a>\n\t<\/div>\n\t\t\t\t\t\t\t\t\t<\/div>\n\t\t\t\t\t<\/div>\n\t<\/div>\n<\/section>\n\n<\/div>\n\t\t\t<\/div>\n<\/section>\n\n<\/div><\/section>\n","protected":false},"excerpt":{"rendered":"","protected":false},"featured_media":0,"parent":0,"menu_order":0,"comment_status":"closed","ping_status":"closed","template":"","meta":{"_acf_changed":false,"_searchwp_excluded":"","inline_featured_image":false,"_EventAllDay":false,"_EventTimezone":"","_EventStartDate":"","_EventEndDate":"","_EventStartDateUTC":"","_EventEndDateUTC":"","_EventShowMap":false,"_EventShowMapLink":false,"_EventURL":"","_EventCost":"","_EventCostDescription":"","_EventCurrencySymbol":"","_EventCurrencyCode":"","_EventCurrencyPosition":"","_EventDateTimeSeparator":"","_EventTimeRangeSeparator":"","_EventOrganizerID":[],"_EventVenueID":[],"_OrganizerEmail":"","_OrganizerPhone":"","_OrganizerWebsite":"","_VenueAddress":"","_VenueCity":"","_VenueCountry":"","_VenueProvince":"","_VenueState":"","_VenueZip":"","_VenuePhone":"","_VenueURL":"","_VenueStateProvince":"","_VenueLat":"","_VenueLng":"","_VenueShowMap":false,"_VenueShowMapLink":false,"footnotes":""},"class_list":["post-77574","page","type-page","status-publish","hentry"],"acf":[],"publishpress_future_workflow_manual_trigger":{"enabledWorkflows":[]},"_links":{"self":[{"href":"https:\/\/www.iaff.org\/fr-ca\/wp-json\/wp\/v2\/pages\/77574","targetHints":{"allow":["GET"]}}],"collection":[{"href":"https:\/\/www.iaff.org\/fr-ca\/wp-json\/wp\/v2\/pages"}],"about":[{"href":"https:\/\/www.iaff.org\/fr-ca\/wp-json\/wp\/v2\/types\/page"}],"author":[{"embeddable":true,"href":"https:\/\/www.iaff.org\/fr-ca\/wp-json\/wp\/v2\/users\/5"}],"replies":[{"embeddable":true,"href":"https:\/\/www.iaff.org\/fr-ca\/wp-json\/wp\/v2\/comments?post=77574"}],"version-history":[{"count":0,"href":"https:\/\/www.iaff.org\/fr-ca\/wp-json\/wp\/v2\/pages\/77574\/revisions"}],"wp:attachment":[{"href":"https:\/\/www.iaff.org\/fr-ca\/wp-json\/wp\/v2\/media?parent=77574"}],"curies":[{"name":"wp","href":"https:\/\/api.w.org\/{rel}","templated":true}]}}