{"id":77429,"date":"2022-08-11T23:00:00","date_gmt":"2022-08-12T03:00:00","guid":{"rendered":"https:\/\/www.iaff.org\/les-delegues-clarifient-la-question-de-lindemnite-de-depart-du-dvp\/"},"modified":"2022-08-11T23:00:00","modified_gmt":"2022-08-12T03:00:00","slug":"les-delegues-clarifient-la-question-de-lindemnite-de-depart-du-dvp","status":"publish","type":"page","link":"https:\/\/www.iaff.org\/fr-ca\/les-delegues-clarifient-la-question-de-lindemnite-de-depart-du-dvp\/","title":{"rendered":"Les d\u00e9l\u00e9gu\u00e9s clarifient la question de l\u2019indemnit\u00e9 de d\u00e9part du DVP"},"content":{"rendered":"<div class=\"iaff_legacy_shortcode\" data-legacy-shortcode=\"vc_row\"><div class=\"iaff_legacy_shortcode\" data-legacy-shortcode=\"vc_column\"><p><div class=\"iaff_legacy_shortcode\" data-legacy-shortcode=\"vc_btn\" data-legacy-shortcode-attrs=\"{&quot;title&quot;:&quot;En Fran\\u00e7ais&quot;,&quot;style&quot;:&quot;flat&quot;,&quot;color&quot;:&quot;juicy-pink&quot;,&quot;link&quot;:&quot;url:https%3A%2F%2Fwww.iaff.org%2Fcanada-fr%2Fdelegates-clarify-dvp-severance-pay-issue-fr%2F|title:Les%20d%C3%A9l%C3%A9gu%C3%A9s%20clarifient%20la%20question%20de%20l%E2%80%99indemnit%C3%A9%20de%20d%C3%A9part%20des%20vice-pr%C3%A9sidents%20de%20district&quot;,&quot;css&quot;:&quot;.vc_custom_1660572084895{margin-bottom: 20px !important;}&quot;}\"><\/div><div class=\"iaff_legacy_shortcode\" data-legacy-shortcode=\"vc_column_text\"><p>La r\u00e9solution 16, soumise par le Conseil ex\u00e9cutif de l\u2019AIP , a offert aux d\u00e9l\u00e9gu\u00e9s du Congr\u00e8s de l\u2019AIP une autre occasion d\u2019apporter plus de transparence \u00e0 notre syndicat.<br \/>\nApr\u00e8s un d\u00e9bat sain et respectueux, une r\u00e9solution de 1984 permettant l\u2019octroi d\u2019une indemnit\u00e9 de d\u00e9part au titre du DVP uniquement sur d\u00e9cision du Congr\u00e8s a \u00e9t\u00e9 codifi\u00e9e et fera partie des statuts et des r\u00e8glements de l\u2019AIP .<br \/>\nLa r\u00e9solution, \u00ab Structure des prestations des dirigeants principaux et des vice-pr\u00e9sidents de district \u00bb, a \u00e9t\u00e9 initialement examin\u00e9e le troisi\u00e8me jour et a \u00e9t\u00e9 renvoy\u00e9e au Comit\u00e9 des statuts et des r\u00e8glements administratifs pour une \u00e9tude plus approfondie.<br \/>\nLe pr\u00e9sident du comit\u00e9 et vice-pr\u00e9sident<sup>du<\/sup> 4e district, Andrew Pantelis, a pr\u00e9sent\u00e9 la recommandation aux d\u00e9l\u00e9gu\u00e9s et la r\u00e9solution 16, telle qu\u2019amend\u00e9e au cours du d\u00e9bat, a \u00e9t\u00e9 adopt\u00e9e.<br \/>\nL\u2019indemnit\u00e9 de d\u00e9part du DVP n\u2019est pas pr\u00e9vue dans la constitution et tout changement ne peut \u00eatre apport\u00e9 que par une action future du congr\u00e8s.    <\/p>\n<\/div><\/p>\n<\/div>\n<\/div>\n","protected":false},"excerpt":{"rendered":"","protected":false},"featured_media":573,"parent":0,"menu_order":0,"comment_status":"closed","ping_status":"closed","template":"","meta":{"_acf_changed":false,"_searchwp_excluded":"","inline_featured_image":false,"_EventAllDay":false,"_EventTimezone":"","_EventStartDate":"","_EventEndDate":"","_EventStartDateUTC":"","_EventEndDateUTC":"","_EventShowMap":false,"_EventShowMapLink":false,"_EventURL":"","_EventCost":"","_EventCostDescription":"","_EventCurrencySymbol":"","_EventCurrencyCode":"","_EventCurrencyPosition":"","_EventDateTimeSeparator":"","_EventTimeRangeSeparator":"","_EventOrganizerID":[],"_EventVenueID":[],"_OrganizerEmail":"","_OrganizerPhone":"","_OrganizerWebsite":"","_VenueAddress":"","_VenueCity":"","_VenueCountry":"","_VenueProvince":"","_VenueState":"","_VenueZip":"","_VenuePhone":"","_VenueURL":"","_VenueStateProvince":"","_VenueLat":"","_VenueLng":"","_VenueShowMap":false,"_VenueShowMapLink":false,"footnotes":""},"class_list":["post-77429","page","type-page","status-publish","has-post-thumbnail","hentry"],"acf":[],"publishpress_future_workflow_manual_trigger":{"enabledWorkflows":[]},"_links":{"self":[{"href":"https:\/\/www.iaff.org\/fr-ca\/wp-json\/wp\/v2\/pages\/77429","targetHints":{"allow":["GET"]}}],"collection":[{"href":"https:\/\/www.iaff.org\/fr-ca\/wp-json\/wp\/v2\/pages"}],"about":[{"href":"https:\/\/www.iaff.org\/fr-ca\/wp-json\/wp\/v2\/types\/page"}],"author":[{"embeddable":true,"href":"https:\/\/www.iaff.org\/fr-ca\/wp-json\/wp\/v2\/users\/1"}],"replies":[{"embeddable":true,"href":"https:\/\/www.iaff.org\/fr-ca\/wp-json\/wp\/v2\/comments?post=77429"}],"version-history":[{"count":0,"href":"https:\/\/www.iaff.org\/fr-ca\/wp-json\/wp\/v2\/pages\/77429\/revisions"}],"wp:featuredmedia":[{"embeddable":true,"href":"https:\/\/www.iaff.org\/fr-ca\/wp-json\/wp\/v2\/media\/573"}],"wp:attachment":[{"href":"https:\/\/www.iaff.org\/fr-ca\/wp-json\/wp\/v2\/media?parent=77429"}],"curies":[{"name":"wp","href":"https:\/\/api.w.org\/{rel}","templated":true}]}}