{"id":77258,"date":"2024-02-11T16:33:33","date_gmt":"2024-02-11T21:33:33","guid":{"rendered":"https:\/\/www.iaff.org\/code-de-la-construction-immobiliere-et-de-la-securite-incendie\/education\/"},"modified":"2025-06-20T14:35:27","modified_gmt":"2025-06-20T18:35:27","slug":"education","status":"publish","type":"page","link":"https:\/\/www.iaff.org\/fr-ca\/code-de-la-construction-immobiliere-et-de-la-securite-incendie\/education\/","title":{"rendered":"\u00c9ducation"},"content":{"rendered":"<section\n\t class=\"secondary-hero align wp-block-acf-secondary-hero\" id=\"secondary-hero_block_2f43fdedfa97e3827e3d9678c70d8775\">\n\t\n<header\n\tclass=\"w-full u-bg-full-width px-[22px] md:ps-bleed md:pe-0 py-[60px] bg-smoke-5 text-black u-has-rivets u-rivets-dark\"\n\tdata-theme=\"gray\"\n>\n\t<div class=\"flex flex-col !px-0 !max-w-[1440px] w-full lg:!ps-indent\">\n\t\t<div class=\"border-t-[6px] w-full my-0 flex flex-col md:flex-row gap-x-[62px] gap-y-[22px] border-red\">\n\t\t\t\t\t\t\t<div class=\"relative grid md:order-last md:w-1\/2 overflow-hidden place-items-center max-h-[500px]\">\n\t\t\t\t\t<img decoding=\"async\" width=\"400\" height=\"299\" src=\"https:\/\/www.iaff.org\/wp-content\/uploads\/Code_Resource\/fire-research-facility.jpg\" class=\"max-w-full\" alt=\"\" srcset=\"https:\/\/www.iaff.org\/wp-content\/uploads\/Code_Resource\/fire-research-facility.jpg 400w, https:\/\/www.iaff.org\/wp-content\/uploads\/Code_Resource\/fire-research-facility-300x224.jpg 300w, https:\/\/www.iaff.org\/wp-content\/uploads\/Code_Resource\/fire-research-facility-240x179.jpg 240w\" sizes=\"(max-width: 400px) 100vw, 400px\" \/>\t\t\t\t<\/div>\n\t\t\t\t\t\t<div class=\"w-full md:w-1\/2 md:py-[45px]\">\n\t\t\t\t<div class=\"max-w-[600px] flex flex-col gap-[22px]\">\n\t\t\t\t\t\t\t\t\t\t\t<h1 class=\"has-[.u-halftone-shadow--dark]:mb-divider has-[.u-halftone-shadow--light]:mb-divider\">\n\t\t\t\t\t\t\t<span class=\"inline-flex text-heading-200 u-halftone-shadow--dark\">\n\t\t\t\t\t\t\t\t\u00c9ducation\t\t\t\t\t\t\t<\/span>\n\t\t\t\t\t\t<\/h1>\n\t\t\t\t\t\t\t\t\t\t\t\t\t\t\t\t\t\t\t\t\t\t\t\t\t\t\t\t\t<\/div>\n\t\t\t<\/div>\n\n\t\t<\/div>\n\t\t\t\t\t<div class=\"order-first flex justify-start w-full pb-[22px]\">\n\t\t\t\t<div\n\tclass=\"wp-block-button is-style-tertiary text-smoke is-style-tertiary-back\"\n>\n\t\t\t<a\n\t\t\thref=\"https:\/\/www.iaff.org\/fr-ca\/code-de-la-construction-immobiliere-et-de-la-securite-incendie\/\"\n\t\t\tclass=\"wp-block-button__link wp-element-button group\"\n\t\t\t\t\t>\n\t\t\t<span\n\t\t\tclass=\"decoration-transparent underline underline-offset-2 group-hover:decoration-inherit group-focus-visible:decoration-inherit transition duration-hover\"\n\t\t>\n\t\t\tCode de la construction immobili\u00e8re et de la s\u00e9curit\u00e9 incendie\t\t<\/span>\n\n\t\t<span\n\t\t\tclass=\"bg-inherit transition-colors duration-hover group-hover:bg-gold group-focus:bg-gold inline-flex rotate-180 order-first\"\n\t\t>\n\t\t\t<svg xmlns=\"http:\/\/www.w3.org\/2000\/svg\" width=\"21\" height=\"22\" fill=\"none\" viewBox=\"0 0 21 22\"><path stroke=\"currentColor\" stroke-linecap=\"round\" stroke-width=\"2\" d=\"M20 20.75L20 2.25L1.5 2.25L1.5 20.75L20 20.75Z\" clip-rule=\"evenodd\"\/><path stroke=\"currentColor\" stroke-linecap=\"square\" stroke-width=\"2\" d=\"M14.0883 11.5L6.66406 11.5\"\/><path stroke=\"currentColor\" stroke-linecap=\"square\" stroke-width=\"2\" d=\"M11.0723 7.75205L14.8363 11.5L11.0723 15.248\"\/><\/svg>\t\t<\/span>\n\t<\/a><\/div>\n\t\t\t<\/div>\n\t\t\t<\/div>\n<\/header>\n<\/section>\n<section\n\t class=\"page-blocks iaff-page-blocks align wp-block-acf-page-blocks\" id=\"page-blocks_block_4458ff8be22eb766db3889a51451094e\">\n\t<div class=\"acf-innerblocks-container\">\n<div class=\"wp-block-paragraph \">\n<p>La pr\u00e9sente page r\u00e9sume les \u00e9tudes de recherche sur le comportement du feu qui peuvent \u00eatre utilis\u00e9es pour justifier des codes de la construction plus s\u00e9curitaires. D\u00e9couvrez comment ces recherches sont men\u00e9es et comment vos exp\u00e9riences en tant que pompier peuvent ajouter aux connaissances sur le comportement du feu et les tactiques de lutte contre les incendies.<\/p>\n<\/div>\n\n<div class=\"wp-block-paragraph \">\n<p>Cette page fournit \u00e9galement des liens vers les vid\u00e9os didactiques sur le syst\u00e8me de gestion de l\u2019apprentissage (LMS) de l\u2019AIP, qui portent sur diverses questions relatives au code du b\u00e2timent, y compris les initiatives d\u2019\u00e9coconstruction, les le\u00e7ons \u00e0 tirer des trag\u00e9dies du pass\u00e9, le processus d\u2019\u00e9laboration de codes pour le ICC et la NFPA, et la fa\u00e7on de participer aux r\u00e9unions locales des auditions sur les codes.<\/p>\n<\/div>\n\n<section\n\t class=\"section-header mb-10 align wp-block-acf-section-header\" id=\"section-header_block_0f64b1ecbb0ab53f6e412dfacdfc5120\">\n\t<div class=\"\">\n\t<div class=\"flex flex-col md:flex-row justify-between max-w-content gap-x-8 md:items-end flex-wrap\">\n\t\t<h2 class=\"text-heading-200 pb-[2px]\">\n\t\t\tRecherche sur le comportement du feu\t\t<\/h2>\n\n\t\t\t\t\t<div class=\"md:order-last w-full\">\n\t\t\t\t\n\t<hr class=\"h-[6px] text-red border-red bg-red w-full my-0\" role=\"presentation\"\/>\n\n\t<div class=\"h-divider w-full bg-halftone-divider bg-right\"><\/div>\n\t\t\t<\/div>\n\t\t\n\t\t\t<\/div>\n<\/div>\n<\/section>\n\n\n<div class=\"wp-block-paragraph \">\n<p>La r\u00e9daction de nouveaux codes de la construction et de la pr\u00e9vention des incendies n\u00e9cessite des donn\u00e9es documentaires provenant d\u2019organismes de recherche r\u00e9put\u00e9s qui effectuent des br\u00fblages dirig\u00e9s afin de mesurer les effets des mat\u00e9riaux de construction l\u00e9gers, du rembourrage des meubles, des mat\u00e9riaux de construction, de la conception des maisons et des structures de soutien des toits sur le comportement du feu. Pensez toujours \u00e0 v\u00e9rifier la source de la recherche avant d\u2019inclure les r\u00e9sultats dans vos propositions de code. Les organismes de recherche cr\u00e9dibles ne se contentent pas de mettre le feu \u00e0 des mat\u00e9riaux, ils contr\u00f4lent de multiples facteurs environnementaux pour mesurer l\u2019incidence directe d\u2019un mat\u00e9riau de construction ou d\u2019une tactique de lutte contre l\u2019incendie. Les classements de r\u00e9sistance au feu des mat\u00e9riaux de construction et de l\u2019ameublement doivent \u00eatre \u00e9valu\u00e9s selon des normes pr\u00e9cises par des laboratoires accr\u00e9dit\u00e9s seulement.<\/p>\n<\/div>\n\n<div class=\"wp-block-paragraph \">\n<p>Les \u00e9tudes de recherche peuvent \u00e9galement se d\u00e9rouler dans des centres de formation \u00e0 la lutte contre les incendies afin de simuler des situations r\u00e9elles et l\u2019utilisation d\u2019acc\u00e9l\u00e9rateurs, de charges d\u2019occupation, de probl\u00e8mes d\u2019entretien des b\u00e2timents et de techniques de ventilation.<\/p>\n<\/div>\n\n<div class=\"wp-block-paragraph \">\n<p>En tant que membres de l\u2019AIP, vous avez une exp\u00e9rience directe de l\u2019environnement et des tactiques de lutte contre les incendies, qu\u2019aucune \u00e9tude ne peut simuler. Utilisez vos connaissances pour compl\u00e9ter les donn\u00e9es issues des \u00e9tudes sur le comportement du feu afin d\u2019appuyer des codes de la construction et de la lutte contre les incendies qui se traduisent par des b\u00e2timents structurellement sains offrant aux occupants suffisamment de temps pour s\u2019\u00e9chapper et aux pompiers suffisamment de temps pour faire leur travail en toute s\u00e9curit\u00e9.<\/p>\n<\/div>\n\n<section\n\t class=\"section-header mb-10 align wp-block-acf-section-header\" id=\"section-header_block_4c2036b1157a4e406a3c4bd4df133c92\">\n\t<div class=\"\">\n\t<div class=\"flex flex-col md:flex-row justify-between max-w-content gap-x-8 md:items-end flex-wrap\">\n\t\t<h2 class=\"text-heading-200 pb-[2px]\">\n\t\t\t\u00c9tudes sur le comportement du feu\t\t<\/h2>\n\n\t\t\t\t\t<div class=\"md:order-last w-full\">\n\t\t\t\t\n\t<hr class=\"h-[6px] text-red border-red bg-red w-full my-0\" role=\"presentation\"\/>\n\n\t<div class=\"h-divider w-full bg-halftone-divider bg-right\"><\/div>\n\t\t\t<\/div>\n\t\t\n\t\t\t<\/div>\n<\/div>\n<\/section>\n\n\n<div class=\"wp-block-paragraph \">\n<p>Vous trouverez ci-dessous des \u00e9tudes sur les composants des b\u00e2timents, la propagation des flammes, le comportement des fum\u00e9es et les d\u00e9c\u00e8s de pompiers dus \u00e0 l\u2019effondrement des structures. Parcourez les \u00e9tudes ci-dessous et r\u00e9fl\u00e9chissez \u00e0 la mani\u00e8re dont les donn\u00e9es peuvent vous aider \u00e0 plaider pour des codes plus s\u00fbrs dans votre ville\u00a0:<\/p>\n<\/div>\n\n<section\n\t class=\"card-grid pt-5 align wp-block-acf-card-grid\" id=\"card-grid_block_87fab10bef21e767ca8ebaf6af47a3f9\">\n\t\n\t<div class=\"iaff-card-grid md:px-indent\">\n\t\t\t\t<div class=\"acf-innerblocks-container\">\n<article\n\t class=\"link-card flex align wp-block-acf-link-card\" id=\"link-card_block_1b7c8a568105a5713337e4dea8386ff1\">\n\t<a href=\"https:\/\/fsri.org\/research\/structural-stability-engineered-lumber-fire-conditions\" target=\"_blank\" class=\"p-0 flex flex-col w-full h-full group no-underline\" rel=\"noopener\">\t<div class=\"bg-halftone-dark p-3 min-h-divider w-full grid place-items-center\"><\/div>\n\t<div class=\"relative px-10 py-9 bg-smoke\/5 text-body-500 flex flex-col gap-card-gap flex-1 transition duration-hover group-hover:bg-white\">\n\t\t\t\t\t<h4 class=\"text-heading-400-serif\">\n\t\t\t\tStabilit\u00e9 structurelle du bois d\u2019ing\u00e9nierie en cas d\u2019incendie\t\t\t<\/h4>\n\t\t\t\t<div class=\"relative flex flex-col flex-1 gap-card-gap text-body-500 justify-start min-h-[120px]\">\n\t\t\t\t\t\t\t\t\t\t<div class=\"flex-grow-1 text-body-500\">\n\t\t\t\t\tL\u2019entreprise UL Solutions, en collaboration avec le service des incendies de\u00a0Chicago, l\u2019Universit\u00e9 d\u2019\u00c9tat du Michigan et l\u2019Association internationale des chefs de pompiers, a r\u00e9alis\u00e9 une \u00e9tude de recherche sur les incendies pour comprendre les risques pos\u00e9s par l\u2019utilisation de techniques de construction l\u00e9g\u00e8re au moyen de fermes en bois et de bois d\u2019ing\u00e9nierie dans les conceptions de toits et de planchers.\t\t\t\t<\/div>\n\t\t\t\t\t\t\t\t\t\t<div class=\"mt-auto group-hover\">\n\t\t\t\t\t<!-- Renders the same as core\/button with a specific style -->\n\t<div>\n\t\t\t\t\t<div\n\t\t\t\tclass=\"inline-flex gap-[16px] items-center text-inherit text-button-300 decoration-transparent underline underline-offset-2 transition-colors duration-hover group-hover:decoration-current group-focus-visible:decoration-current\"\n\t\t\t>\n\t\t\t\t<span>\n\t\t\t\t\tView\t\t\t\t<\/span>\n\t\t\t\t<svg xmlns=\"http:\/\/www.w3.org\/2000\/svg\" width=\"15\" height=\"15\" fill=\"none\" viewBox=\"0 0 15 15\"><path stroke=\"currentColor\" stroke-linecap=\"square\" stroke-width=\"2\" d=\"M11.6347 7.49976L1 7.49976\"\/><path stroke=\"currentColor\" stroke-linecap=\"square\" stroke-width=\"2\" d=\"M7.31445 2.13138L12.7061 7.50014L7.31445 12.8689\"\/><\/svg>\t\t\t<\/div>\n\t\t\t<\/div>\n\t\t\t\t<\/div>\n\t\t\t\t\t<\/div>\n\t<\/div>\n\t<\/a><\/article>\n\n\n<article\n\t class=\"link-card flex align wp-block-acf-link-card\" id=\"link-card_block_f6c6d2243546c163749ac5bd9574ff5d\">\n\t<a href=\"https:\/\/d1gi3fvbl0xj2a.cloudfront.net\/files\/2021-07\/Positive_Pressure_Ventilation_FD_Summary_Report_Website.pdf\" target=\"_blank\" class=\"p-0 flex flex-col w-full h-full group no-underline\" rel=\"noopener\">\t<div class=\"bg-halftone-dark p-3 min-h-divider w-full grid place-items-center\"><\/div>\n\t<div class=\"relative px-10 py-9 bg-smoke\/5 text-body-500 flex flex-col gap-card-gap flex-1 transition duration-hover group-hover:bg-white\">\n\t\t\t\t\t<h4 class=\"text-heading-400-serif\">\n\t\t\t\tEfficacit\u00e9 de la ventilation sous pression positive des services d\u2019incendie lors de l\u2019attaque d\u2019un feu dans une maison unifamiliale\t\t\t<\/h4>\n\t\t\t\t<div class=\"relative flex flex-col flex-1 gap-card-gap text-body-500 justify-start min-h-[120px]\">\n\t\t\t\t\t\t\t\t\t\t<div class=\"flex-grow-1 text-body-500\">\n\t\t\t\t\tEn partenariat avec le d\u00e9partement de la S\u00e9curit\u00e9 int\u00e9rieure des \u00c9tats-Unis, l\u2019UL a examin\u00e9 les pratiques de ventilation des services d\u2019incendie ainsi que l\u2019incidence des changements en mati\u00e8re de conception des maisons modernes et l\u2019augmentation des charges de combustibles synth\u00e9tiques sur le comportement du feu.\t\t\t\t<\/div>\n\t\t\t\t\t\t\t\t\t\t<div class=\"mt-auto group-hover\">\n\t\t\t\t\t<!-- Renders the same as core\/button with a specific style -->\n\t<div>\n\t\t\t\t\t<div\n\t\t\t\tclass=\"inline-flex gap-[16px] items-center text-inherit text-button-300 decoration-transparent underline underline-offset-2 transition-colors duration-hover group-hover:decoration-current group-focus-visible:decoration-current\"\n\t\t\t>\n\t\t\t\t<span>\n\t\t\t\t\tView\t\t\t\t<\/span>\n\t\t\t\t<svg xmlns=\"http:\/\/www.w3.org\/2000\/svg\" width=\"15\" height=\"15\" fill=\"none\" viewBox=\"0 0 15 15\"><path stroke=\"currentColor\" stroke-linecap=\"square\" stroke-width=\"2\" d=\"M11.6347 7.49976L1 7.49976\"\/><path stroke=\"currentColor\" stroke-linecap=\"square\" stroke-width=\"2\" d=\"M7.31445 2.13138L12.7061 7.50014L7.31445 12.8689\"\/><\/svg>\t\t\t<\/div>\n\t\t\t<\/div>\n\t\t\t\t<\/div>\n\t\t\t\t\t<\/div>\n\t<\/div>\n\t<\/a><\/article>\n\n<\/div>\t<\/div>\n\n\t\n<\/section>\n\n\n<section\n\t class=\"section-header mb-10 align wp-block-acf-section-header\" id=\"section-header_block_712c9bd9f362b446d04bb0bf252fd9c8\">\n\t<div class=\"\">\n\t<div class=\"flex flex-col md:flex-row justify-between max-w-content gap-x-8 md:items-end flex-wrap\">\n\t\t<h2 class=\"text-heading-200 pb-[2px]\">\n\t\t\tOutils didactiques\t\t<\/h2>\n\n\t\t\t\t\t<div class=\"md:order-last w-full\">\n\t\t\t\t\n\t<hr class=\"h-[6px] text-red border-red bg-red w-full my-0\" role=\"presentation\"\/>\n\n\t<div class=\"h-divider w-full bg-halftone-divider bg-right\"><\/div>\n\t\t\t<\/div>\n\t\t\n\t\t\t<\/div>\n<\/div>\n<\/section>\n\n\n<section\n\t class=\"card-grid pt-5 align wp-block-acf-card-grid\" id=\"card-grid_block_87fab10bef21e767ca8ebaf6af47a3f9\">\n\t\n\t<div class=\"iaff-card-grid md:px-indent\">\n\t\t\t\t<div class=\"acf-innerblocks-container\">\n<article\n\t class=\"link-card flex align wp-block-acf-link-card\" id=\"link-card_block_e0ef8518f3780a1c94ecd86bd36859c8\">\n\t<a href=\"https:\/\/www.iaff.org\/wp-content\/uploads\/Frontline_fire_officer_training.pptx\" target=\"_blank\" class=\"p-0 flex flex-col w-full h-full group no-underline\">\t<div class=\"bg-halftone-dark p-3 min-h-divider w-full grid place-items-center\"><\/div>\n\t<div class=\"relative px-10 py-9 bg-smoke\/5 text-body-500 flex flex-col gap-card-gap flex-1 transition duration-hover group-hover:bg-white\">\n\t\t\t\t\t<h4 class=\"text-heading-400-serif\">\n\t\t\t\tFormation des officiers pompiers de premi\u00e8re ligne\u00a0: installation de coupe-feux et chemins de circulation\t\t\t<\/h4>\n\t\t\t\t<div class=\"relative flex flex-col flex-1 gap-card-gap text-body-500 justify-start min-h-[120px]\">\n\t\t\t\t\t\t\t<div class=\"text-label-100\">\n\t\t\t\t\tPowerPoint\t\t\t\t<\/div>\n\t\t\t\t\t\t\t\t\t\t<div class=\"flex-grow-1 text-body-500\">\n\t\t\t\t\tCr\u00e9\u00e9e par l\u2019International Firestop Council, cette pr\u00e9sentation\u00a0PowerPoint peut \u00eatre utilis\u00e9e pour aider les pompiers \u00e0 comprendre les exigences du code en mati\u00e8re de compartimentage du feu et l\u2019importance des mat\u00e9riaux coupe-feu.\t\t\t\t<\/div>\n\t\t\t\t\t\t\t\t\t\t<div class=\"mt-auto group-hover\">\n\t\t\t\t\t<!-- Renders the same as core\/button with a specific style -->\n\t<div>\n\t\t\t\t\t<div\n\t\t\t\tclass=\"inline-flex gap-[16px] items-center text-inherit text-button-300 decoration-transparent underline underline-offset-2 transition-colors duration-hover group-hover:decoration-current group-focus-visible:decoration-current\"\n\t\t\t>\n\t\t\t\t<span>\n\t\t\t\t\tView\t\t\t\t<\/span>\n\t\t\t\t<svg xmlns=\"http:\/\/www.w3.org\/2000\/svg\" width=\"15\" height=\"15\" fill=\"none\" viewBox=\"0 0 15 15\"><path stroke=\"currentColor\" stroke-linecap=\"square\" stroke-width=\"2\" d=\"M11.6347 7.49976L1 7.49976\"\/><path stroke=\"currentColor\" stroke-linecap=\"square\" stroke-width=\"2\" d=\"M7.31445 2.13138L12.7061 7.50014L7.31445 12.8689\"\/><\/svg>\t\t\t<\/div>\n\t\t\t<\/div>\n\t\t\t\t<\/div>\n\t\t\t\t\t<\/div>\n\t<\/div>\n\t<\/a><\/article>\n\n<\/div>\t<\/div>\n\n\t\n<\/section>\n\n<\/div><\/section>\n","protected":false},"excerpt":{"rendered":"","protected":false},"featured_media":0,"parent":76749,"menu_order":0,"comment_status":"closed","ping_status":"closed","template":"","meta":{"_acf_changed":false,"_searchwp_excluded":"","inline_featured_image":false,"_EventAllDay":false,"_EventTimezone":"","_EventStartDate":"","_EventEndDate":"","_EventStartDateUTC":"","_EventEndDateUTC":"","_EventShowMap":false,"_EventShowMapLink":false,"_EventURL":"","_EventCost":"","_EventCostDescription":"","_EventCurrencySymbol":"","_EventCurrencyCode":"","_EventCurrencyPosition":"","_EventDateTimeSeparator":"","_EventTimeRangeSeparator":"","_EventOrganizerID":[],"_EventVenueID":[],"_OrganizerEmail":"","_OrganizerPhone":"","_OrganizerWebsite":"","_VenueAddress":"","_VenueCity":"","_VenueCountry":"","_VenueProvince":"","_VenueState":"","_VenueZip":"","_VenuePhone":"","_VenueURL":"","_VenueStateProvince":"","_VenueLat":"","_VenueLng":"","_VenueShowMap":false,"_VenueShowMapLink":false,"footnotes":""},"class_list":["post-77258","page","type-page","status-publish","hentry"],"acf":[],"publishpress_future_workflow_manual_trigger":{"enabledWorkflows":[]},"_links":{"self":[{"href":"https:\/\/www.iaff.org\/fr-ca\/wp-json\/wp\/v2\/pages\/77258","targetHints":{"allow":["GET"]}}],"collection":[{"href":"https:\/\/www.iaff.org\/fr-ca\/wp-json\/wp\/v2\/pages"}],"about":[{"href":"https:\/\/www.iaff.org\/fr-ca\/wp-json\/wp\/v2\/types\/page"}],"author":[{"embeddable":true,"href":"https:\/\/www.iaff.org\/fr-ca\/wp-json\/wp\/v2\/users\/10"}],"replies":[{"embeddable":true,"href":"https:\/\/www.iaff.org\/fr-ca\/wp-json\/wp\/v2\/comments?post=77258"}],"version-history":[{"count":0,"href":"https:\/\/www.iaff.org\/fr-ca\/wp-json\/wp\/v2\/pages\/77258\/revisions"}],"up":[{"embeddable":true,"href":"https:\/\/www.iaff.org\/fr-ca\/wp-json\/wp\/v2\/pages\/76749"}],"wp:attachment":[{"href":"https:\/\/www.iaff.org\/fr-ca\/wp-json\/wp\/v2\/media?parent=77258"}],"curies":[{"name":"wp","href":"https:\/\/api.w.org\/{rel}","templated":true}]}}