{"id":77236,"date":"2024-06-07T13:42:54","date_gmt":"2024-06-07T17:42:54","guid":{"rendered":"https:\/\/www.iaff.org\/fil-rss-de-laip\/"},"modified":"2024-09-03T11:10:06","modified_gmt":"2024-09-03T15:10:06","slug":"fil-rss-de-laip","status":"publish","type":"page","link":"https:\/\/www.iaff.org\/fr-ca\/fil-rss-de-laip\/","title":{"rendered":"Fil\u00a0RSS de l\u2019AIP"},"content":{"rendered":"<section\n\t class=\"secondary-hero align wp-block-acf-secondary-hero\" id=\"secondary-hero_block_d6e4b68798b2286ca73b1fcc0116c0e7\">\n\t\n<header\n\tclass=\"w-full u-bg-full-width px-[22px] md:ps-bleed md:pe-0 py-[60px] bg-blue text-white u-has-rivets\"\n\tdata-theme=\"navy\"\n>\n\t<div class=\"flex flex-col !px-0 !max-w-[1440px] w-full lg:!ps-indent\">\n\t\t<div class=\"border-t-[6px] w-full my-0 flex flex-col md:flex-row gap-x-[62px] gap-y-[22px] border-gold\">\n\t\t\t\t\t\t<div class=\"w-full md:w-1\/2 md:py-[45px]\">\n\t\t\t\t<div class=\"max-w-[600px] flex flex-col gap-[22px]\">\n\t\t\t\t\t\t\t\t\t\t\t<h1 class=\"has-[.u-halftone-shadow--dark]:mb-divider has-[.u-halftone-shadow--light]:mb-divider pt-[22px] md:pt-0\">\n\t\t\t\t\t\t\t<span class=\"inline-flex text-heading-200 u-halftone-shadow--light\">\n\t\t\t\t\t\t\t\tFil\u00a0RSS de l\u2019AIP\t\t\t\t\t\t\t<\/span>\n\t\t\t\t\t\t<\/h1>\n\t\t\t\t\t\t\t\t\t\t\t\t\t\t\t\t<div class=\"text-body-300 font-sans\">\n\t\t\t\t\t\t\t<p>Abonnez-vous aux fils\u00a0RSS (Really simple syndication) du site\u00a0Web iaff.org pour recevoir des nouvelles directement sur votre ordinateur de bureau!<\/p>\n\t\t\t\t\t\t<\/div>\n\t\t\t\t\t\t\t\t\t\t\t\t\t\t\t\t\t\t\t\t\t\t\t\t<\/div>\n\t\t\t<\/div>\n\n\t\t<\/div>\n\t\t\t<\/div>\n<\/header>\n<\/section>\n\n<h3 class=\"wp-block-heading\">Pour afficher un des fils du site\u00a0Web IAFF.org dans votre agr\u00e9gateur\u00a0RSS\u00a0:<\/h3>\n<div class=\"wp-block-list\">\n<ol class=\"wp-block-list\">\n<li>Copiez l\u2019URL ou le raccourci qui correspond au sujet auquel vous \u00eates int\u00e9ress\u00e9.<\/li>\n\n\n\n<li>Collez l\u2019URL dans votre lecteur.<\/li>\n<\/ol>\n<\/div><div class=\"wp-block-paragraph \">\n<p>Veuillez noter qu\u2019en acc\u00e9dant aux fils\u00a0RSS, vous acceptez les\u00a0<a href=\"#terms\">conditions d\u2019utilisation<\/a>, qui r\u00e9gissent votre utilisation du service\u00a0RSS et qui sont \u00e9nonc\u00e9es ci-dessous.<\/p>\n<\/div><section\n\t class=\"page-blocks iaff-page-blocks align wp-block-acf-page-blocks\" id=\"page-blocks_block_c3ffedb74695ac9a10adac5f706cb3af\">\n\t<div class=\"acf-innerblocks-container\">\n<div class=\"wp-block-paragraph \">\n<p><\/p>\n<\/div>\n<\/div><\/section>\n\n<div class=\"wp-block-group wp-block-paragraph is-layout-constrained wp-block-group-is-layout-constrained\">\n<div class=\"wp-block-group mb-5 is-nowrap is-layout-flex wp-container-core-group-is-layout-ad2f72ca wp-block-group-is-layout-flex\">\n<div class=\"wp-block-columns gap-2 wp-container-content-9cfa9a5a is-layout-flex wp-container-core-columns-is-layout-9d6595d7 wp-block-columns-is-layout-flex\">\n<div class=\"wp-block-column is-vertically-aligned-center is-layout-flow wp-block-column-is-layout-flow\">\n<h4 class=\"wp-block-heading !mb-0\">Nouvelles de l\u2019AIP<\/h4>\n<\/div>\n\n\n\n<div class=\"wp-block-column is-vertically-aligned-center is-layout-flow wp-block-column-is-layout-flow\">\n<div class=\"wp-block-buttons is-layout-flex wp-block-buttons-is-layout-flex\">\n<div class=\"wp-block-button !mt-0\" id=\"rss-news\"><a class=\"wp-block-button__link wp-element-button\" href=\"https:\/\/www.iaff.org\/feed\/\">Cliquez pour copier le lien\u00a0RSS<\/a><\/div>\n<\/div>\n<\/div>\n<\/div>\n<\/div>\n\n\n\n<div class=\"wp-block-group mb-5 is-nowrap is-layout-flex wp-container-core-group-is-layout-ad2f72ca wp-block-group-is-layout-flex\">\n<div class=\"wp-block-columns gap-2 wp-container-content-9cfa9a5a is-layout-flex wp-container-core-columns-is-layout-9d6595d7 wp-block-columns-is-layout-flex\">\n<div class=\"wp-block-column is-vertically-aligned-center is-layout-flow wp-block-column-is-layout-flow\">\n<h4 class=\"wp-block-heading !mb-0\">Pompiers de l\u2019AIP morts dans l\u2019exercice des fonctions<\/h4>\n<\/div>\n\n\n\n<div class=\"wp-block-column is-vertically-aligned-center is-layout-flow wp-block-column-is-layout-flow\">\n<div class=\"wp-block-buttons is-layout-flex wp-block-buttons-is-layout-flex\">\n<div class=\"wp-block-button\" id=\"rss-lodd\"><a class=\"wp-block-button__link wp-element-button\" href=\"https:\/\/www.iaff.org\/feed\/?post_type=iaff-lodd\">Cliquez pour copier le lien\u00a0RSS<\/a><\/div>\n<\/div>\n<\/div>\n<\/div>\n<\/div>\n<\/div>\n\n<div id=\"terms\" class=\"wp-block-group is-layout-constrained wp-block-group-is-layout-constrained\"><section\n\t class=\"page-blocks iaff-page-blocks align wp-block-acf-page-blocks\" id=\"page-blocks_block_c3ffedb74695ac9a10adac5f706cb3af\">\n\t<div class=\"acf-innerblocks-container\">\n<section\n\t class=\"section-header mb-10 align wp-block-acf-section-header\" id=\"section-header_block_1123cb0624ab1cea710e8144e1fc524b\">\n\t<div class=\"\">\n\t<div class=\"flex flex-col md:flex-row justify-between max-w-content gap-x-8 md:items-end flex-wrap\">\n\t\t<h2 class=\"text-heading-200 pb-[2px]\">\n\t\t\tConditions d\u2019utilisation\t\t<\/h2>\n\n\t\t\t\t\t<div class=\"md:order-last w-full\">\n\t\t\t\t\n\t<hr class=\"h-[6px] text-red border-red bg-red w-full my-0\" role=\"presentation\"\/>\n\n\t<div class=\"h-divider w-full bg-halftone-divider bg-right\"><\/div>\n\t\t\t<\/div>\n\t\t\n\t\t\t<\/div>\n<\/div>\n<\/section>\n\n<\/div><\/section>\n\n\n<div class=\"wp-block-paragraph \">\n<p>Le service\u00a0RSS (Really\u00a0simple\u00a0syndication) est un moyen par lequel le site\u00a0Web IAFF.org offre des fils de nouvelles en manchette au format\u00a0XML (\u00ab\u00a0contenu\u00a0RSS\u00a0\u00bb) aux visiteurs du site\u00a0Web IAFF.org (le \u00ab\u00a0site\u00a0de l\u2019AIP\u00a0\u00bb) qui utilisent des agr\u00e9gateurs\u00a0RSS. Les pr\u00e9sentes conditions d\u2019utilisation r\u00e9gissent votre utilisation du service\u00a0RSS. Ces conditions d\u2019utilisation peuvent \u00eatre modifi\u00e9es par l\u2019AIP \u00e0 tout moment et sans pr\u00e9avis.<\/p>\n<\/div>\n\n\n<h4 class=\"wp-block-heading\">Utilisation des fils\u00a0RSS\u00a0:<\/h4>\n\n\n<div class=\"wp-block-paragraph \">\n<p>L\u2019AIP offre le service\u00a0RSS gratuitement aux particuliers pour un usage priv\u00e9 et non commercial. Toute autre utilisation, y compris, sans s\u2019y limiter, l\u2019int\u00e9gration de publicit\u00e9 dans le contenu\u00a0RSS ou l\u2019insertion de publicit\u00e9 associ\u00e9e au contenu\u00a0RSS ou cibl\u00e9e sur celui-ci, est strictement interdite. Vous devez utiliser les fils\u00a0RSS tels qu\u2019ils sont fournis par l\u2019AIP, et vous ne pouvez pas \u00e9diter ou modifier le texte, le contenu ou les liens fournis par l\u2019AIP. Pour les demandes de publication sur le\u00a0Web, de r\u00e9impression, de transcription ou de documents concernant l\u2019octroi de licence, veuillez utiliser <a href=\"https:\/\/www.iaff.org\/fr-ca\/contactez-nous\/\">le formulaire suivant<\/a>.<\/p>\n<\/div>\n\n<div class=\"wp-block-paragraph \">\n<p>Vous ne pouvez pas afficher les fils\u00a0RSS de l\u2019AIP sur un site\u00a0Web ou d\u2019une autre mani\u00e8re qui pourrait raisonnablement nuire \u00e0 la marque ou \u00e0 la r\u00e9putation de l\u2019Association internationale des pompiers. Par exemple, vous ne pouvez pas publier notre fil\u00a0RSS sur ou en lien avec un site\u00a0Web qui enfreint ou viole les droits d\u2019auteur, les marques commerciales ou tout autre droit de propri\u00e9t\u00e9 intellectuelle de toute personne; qui est diffamatoire; qui est obsc\u00e8ne, pornographique ou sexuellement explicite; qui viole le droit \u00e0 la vie priv\u00e9e d\u2019une personne; qui viole toute loi locale, nationale ou internationale; qui contient ou pr\u00e9conise des actes ill\u00e9gaux ou violents; qui d\u00e9grade autrui sur la base du sexe, de la race, de la classe, de l\u2019ethnie, de l\u2019origine nationale, de la religion, de l\u2019orientation sexuelle, du handicap ou d\u2019une autre classification; ou qui est pr\u00e9dateur, haineux ou destin\u00e9 \u00e0 intimider ou \u00e0 harceler.<\/p>\n<\/div>\n\n<div class=\"wp-block-paragraph \">\n<p>Vous devez fournir \u00e0 l\u2019AIP des renseignements d\u2019enregistrement complets et exacts afin d\u2019utiliser nos fils\u00a0RSS.<\/p>\n<\/div>\n\n\n<h4 class=\"wp-block-heading\">Lien vers les pages de contenu\u00a0:<\/h4>\n\n\n<div class=\"wp-block-paragraph \">\n<p>Le service\u00a0RSS ne peut \u00eatre utilis\u00e9 qu\u2019avec les plateformes \u00e0 partir desquelles un lien fonctionnel est disponible qui, lorsqu\u2019il est consult\u00e9, am\u00e8ne l\u2019utilisateur directement \u00e0 l\u2019affichage de l\u2019article complet sur le site\u00a0Web de l\u2019AIP. Vous ne pouvez pas afficher le contenu\u00a0RSS d\u2019une mani\u00e8re qui ne permet pas d\u2019\u00e9tablir un lien vers la page\u00a0Web concern\u00e9e du site de l\u2019AIP, de la rediriger vers elle ou d\u2019y avoir acc\u00e8s. Vous ne pouvez pas ins\u00e9rer de page interm\u00e9diaire, de page de garde ou d\u2019autre contenu entre le lien\u00a0RSS et la page\u00a0Web concern\u00e9e du site de l\u2019AIP.<\/p>\n<\/div>\n\n\n<h4 class=\"wp-block-heading\">Propri\u00e9t\u00e9\/attribution\u00a0:<\/h4>\n\n\n<div class=\"wp-block-paragraph \">\n<p>L\u2019AIP conserve tous les droits de propri\u00e9t\u00e9 et autres droits sur le contenu\u00a0RSS, ainsi que sur tous les logos et marques de l\u2019AIP utilis\u00e9s dans le cadre du service\u00a0RSS. Vous devez attribuer le site\u00a0Web appropri\u00e9 de l\u2019AIP en lien avec votre utilisation des fils\u00a0RSS. Si vous fournissez cette attribution \u00e0 l\u2019aide d\u2019un graphique, vous devez utiliser le logo appropri\u00e9 du site\u00a0Web de l\u2019AIP que nous avons int\u00e9gr\u00e9 au fil\u00a0RSS.<\/p>\n<\/div>\n\n\n<h4 class=\"wp-block-heading\">Droit d\u2019interrompre le fil\u00a0:<\/h4>\n\n\n<div class=\"wp-block-paragraph \">\n<p>L\u2019AIP se r\u00e9serve le droit de cesser de fournir tout ou une partie des fils\u00a0RSS \u00e0 tout moment et de vous demander de cesser d\u2019afficher, de distribuer ou d\u2019utiliser tout ou une partie des fils\u00a0RSS pour quelque raison que ce soit, y compris, mais sans s\u2019y limiter, votre violation de l\u2019une des dispositions des pr\u00e9sentes conditions d\u2019utilisation. L\u2019AIP n\u2019assume aucune responsabilit\u00e9 pour vos activit\u00e9s en rapport avec les fils\u00a0RSS ou pour votre utilisation des fils\u00a0RSS en rapport avec votre site\u00a0Web.<\/p>\n<\/div><\/div>\n\n<script>\n(function( $ ) {\n\t'use strict';\n\n\t$(function() {\n\n        function setText(elId) {\n            let originalText = $('#' + elId + ' a').text();\n            $('#' + elId + ' a').text(\"Copied!\");\n            setTimeout(() => {\n                $('#' + elId + ' a').text(originalText);\n            }, 3000);\n        }\n\n        function copyRSS(elId) {\n\n            \/\/ Get the text field\n            var copyText = $('#' + elId + ' a').attr('href');\n            \/\/console.log(copyText)\n\n            \/\/ Copy the text inside the text field\n            navigator.clipboard.writeText(copyText);\n            \n            setText(elId);\n        }\n\n        \n\n        $('#rss-news a').on('click', function(e) {\n            e.preventDefault();\n            copyRSS('rss-news');\n        });\n\n        $('#rss-lodd a').on('click', function(e) {\n            e.preventDefault();\n            copyRSS('rss-lodd');\n        });\n        \n    });  \n\n})( jQuery );\n<\/script>\n","protected":false},"excerpt":{"rendered":"<p>Pour afficher un des fils du site\u00a0Web IAFF.org dans votre agr\u00e9gateur\u00a0RSS\u00a0: Veuillez noter qu\u2019en acc\u00e9dant aux fils\u00a0RSS, vous acceptez les\u00a0conditions d\u2019utilisation, qui r\u00e9gissent votre utilisation du service\u00a0RSS et qui sont [&hellip;]<\/p>\n","protected":false},"featured_media":0,"parent":0,"menu_order":0,"comment_status":"closed","ping_status":"closed","template":"","meta":{"_acf_changed":false,"_searchwp_excluded":"","inline_featured_image":false,"_EventAllDay":false,"_EventTimezone":"","_EventStartDate":"","_EventEndDate":"","_EventStartDateUTC":"","_EventEndDateUTC":"","_EventShowMap":false,"_EventShowMapLink":false,"_EventURL":"","_EventCost":"","_EventCostDescription":"","_EventCurrencySymbol":"","_EventCurrencyCode":"","_EventCurrencyPosition":"","_EventDateTimeSeparator":"","_EventTimeRangeSeparator":"","_EventOrganizerID":[],"_EventVenueID":[],"_OrganizerEmail":"","_OrganizerPhone":"","_OrganizerWebsite":"","_VenueAddress":"","_VenueCity":"","_VenueCountry":"","_VenueProvince":"","_VenueState":"","_VenueZip":"","_VenuePhone":"","_VenueURL":"","_VenueStateProvince":"","_VenueLat":"","_VenueLng":"","_VenueShowMap":false,"_VenueShowMapLink":false,"footnotes":""},"class_list":["post-77236","page","type-page","status-publish","hentry"],"acf":[],"publishpress_future_workflow_manual_trigger":{"enabledWorkflows":[]},"_links":{"self":[{"href":"https:\/\/www.iaff.org\/fr-ca\/wp-json\/wp\/v2\/pages\/77236","targetHints":{"allow":["GET"]}}],"collection":[{"href":"https:\/\/www.iaff.org\/fr-ca\/wp-json\/wp\/v2\/pages"}],"about":[{"href":"https:\/\/www.iaff.org\/fr-ca\/wp-json\/wp\/v2\/types\/page"}],"author":[{"embeddable":true,"href":"https:\/\/www.iaff.org\/fr-ca\/wp-json\/wp\/v2\/users\/3"}],"replies":[{"embeddable":true,"href":"https:\/\/www.iaff.org\/fr-ca\/wp-json\/wp\/v2\/comments?post=77236"}],"version-history":[{"count":0,"href":"https:\/\/www.iaff.org\/fr-ca\/wp-json\/wp\/v2\/pages\/77236\/revisions"}],"wp:attachment":[{"href":"https:\/\/www.iaff.org\/fr-ca\/wp-json\/wp\/v2\/media?parent=77236"}],"curies":[{"name":"wp","href":"https:\/\/api.w.org\/{rel}","templated":true}]}}