{"id":77190,"date":"2019-09-29T08:35:28","date_gmt":"2019-09-29T12:35:28","guid":{"rendered":"https:\/\/www.iaff.org\/maladies-infectieuses\/"},"modified":"2025-03-10T15:07:36","modified_gmt":"2025-03-10T19:07:36","slug":"maladies-infectieuses","status":"publish","type":"page","link":"https:\/\/www.iaff.org\/fr-ca\/maladies-infectieuses\/","title":{"rendered":"Maladies infectieuses"},"content":{"rendered":"<section\n\t class=\"secondary-hero align wp-block-acf-secondary-hero\" id=\"secondary-hero_block_c7580a7ac3f275afa9ab6ccaaf179758\">\n\t\n<header\n\tclass=\"w-full u-bg-full-width px-[22px] md:ps-bleed md:pe-0 py-[60px] bg-blue text-white u-has-rivets\"\n\tdata-theme=\"navy\"\n>\n\t<div class=\"flex flex-col !px-0 !max-w-[1440px] w-full lg:!ps-indent\">\n\t\t<div class=\"border-t-[6px] w-full my-0 flex flex-col md:flex-row gap-x-[62px] gap-y-[22px] border-gold\">\n\t\t\t\t\t\t\t<div class=\"relative grid md:order-last md:w-1\/2 overflow-hidden place-items-center aspect-[157\/105]\">\n\t\t\t\t\t<img decoding=\"async\" width=\"1200\" height=\"800\" src=\"https:\/\/www.iaff.org\/wp-content\/uploads\/2024\/03\/29058820-1200x800.jpg\" class=\"absolute object-cover min-w-full h-full\" alt=\"\" srcset=\"https:\/\/www.iaff.org\/wp-content\/uploads\/2024\/03\/29058820-1200x800.jpg 1200w, https:\/\/www.iaff.org\/wp-content\/uploads\/2024\/03\/29058820-300x200.jpg 300w, https:\/\/www.iaff.org\/wp-content\/uploads\/2024\/03\/29058820-1024x683.jpg 1024w, https:\/\/www.iaff.org\/wp-content\/uploads\/2024\/03\/29058820-768x512.jpg 768w, https:\/\/www.iaff.org\/wp-content\/uploads\/2024\/03\/29058820-1536x1024.jpg 1536w, https:\/\/www.iaff.org\/wp-content\/uploads\/2024\/03\/29058820-2048x1365.jpg 2048w, https:\/\/www.iaff.org\/wp-content\/uploads\/2024\/03\/29058820-240x160.jpg 240w, https:\/\/www.iaff.org\/wp-content\/uploads\/2024\/03\/29058820-1215x810.jpg 1215w\" sizes=\"(max-width: 1200px) 100vw, 1200px\" \/>\t\t\t\t<\/div>\n\t\t\t\t\t\t<div class=\"w-full md:w-1\/2 md:py-[45px]\">\n\t\t\t\t<div class=\"max-w-[600px] flex flex-col gap-[22px]\">\n\t\t\t\t\t\t\t\t\t\t\t<h1 class=\"has-[.u-halftone-shadow--dark]:mb-divider has-[.u-halftone-shadow--light]:mb-divider\">\n\t\t\t\t\t\t\t<span class=\"inline-flex text-heading-200 u-halftone-shadow--light\">\n\t\t\t\t\t\t\t\tMaladies infectieuses\t\t\t\t\t\t\t<\/span>\n\t\t\t\t\t\t<\/h1>\n\t\t\t\t\t\t\t\t\t\t\t\t\t\t\t\t<div class=\"text-body-300 font-sans\">\n\t\t\t\t\t\t\t<p>Les maladies infectieuses constituent un probl\u00e8me de sant\u00e9 et de s\u00e9curit\u00e9 pour les membres de la communaut\u00e9 des pompiers. Pendant leur travail, les membres de l\u2019AIP peuvent \u00eatre expos\u00e9s \u00e0 plusieurs maladies transmissibles potentiellement mortelles, notamment le SARM, le VIH et la tuberculose. Le rapport sur les blessures produit en 2020 par la NFPA a r\u00e9v\u00e9l\u00e9 plus de 20\u00a0900\u00a0expositions \u00e0 des maladies transmissibles au cours de la p\u00e9riode de r\u00e9f\u00e9rence. Aux \u00c9tats-Unis, plus de 25\u00a0\u00c9tats ont adopt\u00e9 une l\u00e9gislation d\u00e9signant certaines maladies infectieuses comme maladies pr\u00e9sum\u00e9es pour les pompiers et les fournisseurs de services m\u00e9dicaux d\u2019urgence (SMU). <\/p>\n\t\t\t\t\t\t<\/div>\n\t\t\t\t\t\t\t\t\t\t\t\t\t\t\t\t\t\t\t\t\t\t\t\t\t\t\t<div class=\"flex flex-wrap gap-[30px]\">\n\t\t\t\t\t\t\t\t\t\t\t\t\t\t\t<!-- Renders the same as core\/button with a specific style -->\n\t<div\n\t\tclass=\"wp-block-button track-button-primary is-style-primary-red\"\n\t>\n\t\t<a\n\t\t\tclass=\"wp-block-button__link wp-element-button cursor-pointer dlm-no-xhr-download track-hero-secondary-cta md:w-auto min-w-[156px]\"\n\t\t\t\t\t\t\thref=\"mailto:healthandsafety@iaff.org\"\n\t\t\t\t\t\t\t\t\t>\n\t\t\tNous joindre\t\t<\/a>\n\t<\/div>\n\t\t\t\t\t\t\t\t\t\t\t\t\t\t\t<!-- Renders the same as core\/button with a specific style -->\n\t<div\n\t\tclass=\"wp-block-button track-button-primary is-style-secondary-red\"\n\t>\n\t\t<a class=\"wp-block-button__link wp-element-button cursor-pointer dlm-no-xhr-download track-hero-secondary-cta md:w-auto min-w-[156px]\" href=\"https:\/\/www.nfpa.org\/-\/media\/Files\/News-and-Research\/Fire-statistics-and-reports\/Emergency-responders\/osffinjuries.pdf%20\" target=\"_blank\" rel=\"nofollow noopener\">\n\t\t\tVoir\t\t<\/a>\n\t<\/div>\n\t\t\t\t\t\t\t\t\t\t\t\t\t<\/div>\n\t\t\t\t\t\t\t\t\t\t\t\t\t\t<\/div>\n\t\t\t<\/div>\n\n\t\t<\/div>\n\t\t\t\t\t<div class=\"order-first flex justify-start w-full pb-[22px]\">\n\t\t\t\t<div\n\tclass=\"wp-block-button is-style-tertiary text-white is-style-tertiary-back\"\n>\n\t\t\t<a href=\"https:\/\/www.iaff.org\/fr-ca\/disease-illness\/\" class=\"wp-block-button__link wp-element-button group\">\n\t\t\t<span\n\t\t\tclass=\"decoration-transparent underline underline-offset-2 group-hover:decoration-inherit group-focus-visible:decoration-inherit transition duration-hover\"\n\t\t>\n\t\t\tMaladies et troubles\t\t<\/span>\n\n\t\t<span\n\t\t\tclass=\"bg-inherit transition-colors duration-hover group-hover:bg-gold group-focus:bg-gold inline-flex rotate-180 order-first\"\n\t\t>\n\t\t\t<svg xmlns=\"http:\/\/www.w3.org\/2000\/svg\" width=\"21\" height=\"22\" fill=\"none\" viewBox=\"0 0 21 22\"><path stroke=\"currentColor\" stroke-linecap=\"round\" stroke-width=\"2\" d=\"M20 20.75L20 2.25L1.5 2.25L1.5 20.75L20 20.75Z\" clip-rule=\"evenodd\"\/><path stroke=\"currentColor\" stroke-linecap=\"square\" stroke-width=\"2\" d=\"M14.0883 11.5L6.66406 11.5\"\/><path stroke=\"currentColor\" stroke-linecap=\"square\" stroke-width=\"2\" d=\"M11.0723 7.75205L14.8363 11.5L11.0723 15.248\"\/><\/svg>\t\t<\/span>\n\t<\/a><\/div>\n\t\t\t<\/div>\n\t\t\t<\/div>\n<\/header>\n<\/section>\n<section\n\t class=\"page-blocks iaff-page-blocks align wp-block-acf-page-blocks\" id=\"page-blocks_block_4f3486e33edd611efd730178553ce3c5\">\n\t<div class=\"acf-innerblocks-container\">\n<section\n\t class=\"secondary-navigation-manual u-bg-full-width bg-smoke\/5 align wp-block-acf-secondary-navigation-manual\" id=\"secondary-navigation-manual_block_2765477c65b19079470b5db53492d3be\">\n\t<details class=\"iaff-secondary-navigation\" open>\n\t<summary class=\"flex cursor-pointer u-bg-full-width\">\n\t\t\t\t\t<h2 class=\"text-heading-400 bg-main-bg-overlay text-black inline-flex items-center gap-x-[14px] h-full !ps-0 py-[34px] !pe-10\">\n\t\t\t\t<span>Dans cette section<\/span>\n\t\t\t<\/h2>\n\t\t\t<\/summary>\n\t<div class=\"py-10 md:ps-12 md:pe-10 grid grid-cols-1 md:grid-cols-2 lg:grid-cols-3 gap-[30px]\">\n\t\t<!-- Renders the same as core\/button with a specific style -->\n\t<div>\n\t\t\t\t\t<a class=\"inline-flex gap-[16px] items-center text-inherit text-button-300 leading-6 cursor-pointer decoration-transparent underline underline-offset-2 transition-colors duration-hover hocus-visible:decoration-current\" href=\"https:\/\/www.iaff.org\/infectious-disease\/prevention\/\">\n\t\t\t\t<span>\n\t\t\t\t\tPr\u00e9vention\t\t\t\t<\/span>\n\t\t\t\t<svg xmlns=\"http:\/\/www.w3.org\/2000\/svg\" width=\"15\" height=\"15\" fill=\"none\" viewBox=\"0 0 15 15\"><path stroke=\"currentColor\" stroke-linecap=\"square\" stroke-width=\"2\" d=\"M11.6347 7.49976L1 7.49976\"\/><path stroke=\"currentColor\" stroke-linecap=\"square\" stroke-width=\"2\" d=\"M7.31445 2.13138L12.7061 7.50014L7.31445 12.8689\"\/><\/svg>\t\t\t<\/a>\n\t\t\t<\/div>\n<!-- Renders the same as core\/button with a specific style -->\n\t<div>\n\t\t\t\t\t<a class=\"inline-flex gap-[16px] items-center text-inherit text-button-300 leading-6 cursor-pointer decoration-transparent underline underline-offset-2 transition-colors duration-hover hocus-visible:decoration-current\" href=\"https:\/\/www.iaff.org\/infectious-disease\/standards\/\">\n\t\t\t\t<span>\n\t\t\t\t\tNormes\t\t\t\t<\/span>\n\t\t\t\t<svg xmlns=\"http:\/\/www.w3.org\/2000\/svg\" width=\"15\" height=\"15\" fill=\"none\" viewBox=\"0 0 15 15\"><path stroke=\"currentColor\" stroke-linecap=\"square\" stroke-width=\"2\" d=\"M11.6347 7.49976L1 7.49976\"\/><path stroke=\"currentColor\" stroke-linecap=\"square\" stroke-width=\"2\" d=\"M7.31445 2.13138L12.7061 7.50014L7.31445 12.8689\"\/><\/svg>\t\t\t<\/a>\n\t\t\t<\/div>\n<!-- Renders the same as core\/button with a specific style -->\n\t<div>\n\t\t\t\t\t<a class=\"inline-flex gap-[16px] items-center text-inherit text-button-300 leading-6 cursor-pointer decoration-transparent underline underline-offset-2 transition-colors duration-hover hocus-visible:decoration-current\" href=\"https:\/\/www.iaff.org\/infectious-disease\/diseases\/\">\n\t\t\t\t<span>\n\t\t\t\t\tDiseases\t\t\t\t<\/span>\n\t\t\t\t<svg xmlns=\"http:\/\/www.w3.org\/2000\/svg\" width=\"15\" height=\"15\" fill=\"none\" viewBox=\"0 0 15 15\"><path stroke=\"currentColor\" stroke-linecap=\"square\" stroke-width=\"2\" d=\"M11.6347 7.49976L1 7.49976\"\/><path stroke=\"currentColor\" stroke-linecap=\"square\" stroke-width=\"2\" d=\"M7.31445 2.13138L12.7061 7.50014L7.31445 12.8689\"\/><\/svg>\t\t\t<\/a>\n\t\t\t<\/div>\n\t<\/div>\n<\/details>\n<\/section>\n\n\n<div class=\"wp-block-paragraph \">\n<p>Les maladies infectieuses, \u00e9galement appel\u00e9es maladies transmissibles ou contagieuses, sont des maladies caus\u00e9es par des \u00ab\u00a0micro-organismes nuisibles, notamment des bact\u00e9ries, des virus, des champignons et des parasites\u00a0\u00bb. (La\u00a0Dou) Les maladies infectieuses professionnelles sont ces m\u00eames maladies qui r\u00e9sultent de l\u2019exposition d\u2019une personne \u00e0 ces micro-organismes lorsqu\u2019elle est au travail. Les maladies contagieuses contract\u00e9es au travail sont consid\u00e9r\u00e9es comme indemnisables par le syst\u00e8me d\u2019indemnisation des travailleurs, au m\u00eame titre que les autres maladies li\u00e9es \u00e0 l\u2019emploi.<\/p>\n<\/div>\n\n<div class=\"wp-block-paragraph \">\n<p>Dans le cadre de leur travail, les pompiers sont souvent expos\u00e9s \u00e0 diff\u00e9rentes personnes dans des environnements vari\u00e9s et incontr\u00f4l\u00e9s. Ils interviennent souvent dans des situations d\u2019urgence impliquant des victimes bless\u00e9es qui saignent activement. Souvent, ils ne connaissent pas l\u2019\u00e9tat de sant\u00e9 de leurs victimes, notamment les maladies infectieuses dont elles peuvent \u00eatre atteintes. Ces victimes peuvent avoir besoin d\u2019\u00eatre secourues d\u2019un lieu d\u2019accident difficile d\u2019acc\u00e8s, comme un accident de voiture ou un b\u00e2timent peu accessible. Il peut y avoir du verre bris\u00e9 ou d\u2019autres objets tranchants sur la sc\u00e8ne qui ne sont pas visibles, et l\u2019\u00e9clairage de la sc\u00e8ne peut \u00eatre minimal. De plus, si une victime saigne abondamment et doit \u00eatre d\u00e9sincarc\u00e9r\u00e9e rapidement pour sauver sa vie, le secouriste peut agir \u00e0 la h\u00e2te, au m\u00e9pris de sa propre s\u00e9curit\u00e9.<\/p>\n<\/div>\n\n<div class=\"wp-block-paragraph \">\n<p>Les pompiers peuvent \u00e9galement participer \u00e0 des traitements m\u00e9dicaux d\u2019urgence sur les lieux, y compris l\u2019insertion de lignes intraveineuses et des prises de sang, et au cours de ces proc\u00e9dures, ils peuvent accidentellement s\u2019exposer \u00e0 des maladies infectieuses de la part de ceux qu\u2019ils essaient d\u2019aider. L\u2019exposition au sang, aux liquides corporels, aux plaies ouvertes, aux a\u00e9rosols provenant de la toux, des \u00e9ternuements ou de la parole et m\u00eame \u00e0 la peau intacte peut permettre aux micro-organismes de p\u00e9n\u00e9trer dans l\u2019organisme et de provoquer une maladie. Tous ces facteurs se combinent pour exposer le pompier \u00e0 un risque accru de contracter une maladie contagieuse transmise par le sang.<\/p>\n<\/div>\n\n\n<h4 class=\"wp-block-heading\">La cha\u00eene de l\u2019infection<\/h4>\n\n\n<div class=\"wp-block-paragraph \">\n<p><strong>Aper\u00e7u<\/strong><\/p>\n<\/div>\n\n<div class=\"wp-block-paragraph \">\n<p>Pour qu\u2019une infection se produise, une certaine s\u00e9quence d\u2019\u00e9v\u00e9nements doit avoir lieu. Cette s\u00e9quence d\u2019\u00e9v\u00e9nements est souvent appel\u00e9e la cha\u00eene d\u2019infection. Cette cha\u00eene est constitu\u00e9e de sections qui s\u2019encha\u00eenent pour former le processus infectieux. La cha\u00eene doit comprendre\u00a0:<\/p>\n<\/div>\n\n\n<div class=\"wp-block-group wp-block-paragraph is-nowrap is-layout-flex wp-container-core-group-is-layout-ad2f72ca wp-block-group-is-layout-flex\">\n<div class=\"wp-block-columns wp-container-content-9cfa9a5a is-layout-flex wp-container-core-columns-is-layout-9d6595d7 wp-block-columns-is-layout-flex\">\n<div class=\"wp-block-column is-layout-flow wp-block-column-is-layout-flow\"><div class=\"wp-block-list\">\n<ul class=\"wp-block-list\">\n<li>un agent pathog\u00e8ne;<\/li>\n\n\n\n<li>un mode de transmission;<\/li>\n\n\n\n<li>une voie d\u2019exposition;<\/li>\n\n\n\n<li>un h\u00f4te sensible (comme le corps humain).<\/li>\n<\/ul>\n<\/div><\/div>\n\n\n\n<div class=\"wp-block-column is-layout-flow wp-block-column-is-layout-flow\">\n<figure class=\"wp-block-image aligncenter size-full\"><img decoding=\"async\" width=\"270\" height=\"202\" src=\"https:\/\/www.iaff.org\/wp-content\/uploads\/2019\/11\/infectionChain.jpg\" alt=\"\" class=\"wp-image-9246\" srcset=\"https:\/\/www.iaff.org\/wp-content\/uploads\/2019\/11\/infectionChain.jpg 270w, https:\/\/www.iaff.org\/wp-content\/uploads\/2019\/11\/infectionChain-240x180.jpg 240w\" sizes=\"(max-width: 270px) 100vw, 270px\" \/><\/figure>\n<\/div>\n<\/div>\n<\/div>\n\n\n<div class=\"wp-block-paragraph \">\n<p><strong>Qu\u2019est-ce qu\u2019un agent pathog\u00e8ne?<\/strong>Le premier maillon de la cha\u00eene d\u2019infection est l\u2019agent pathog\u00e8ne. Un agent pathog\u00e8ne est tout ce qui provoque une maladie. Les agents pathog\u00e8nes incluent les \u00e9l\u00e9ments suivants\u00a0:<\/p>\n<\/div>\n\n<div class=\"wp-block-list\">\n<ul class=\"wp-block-list\">\n<li><strong>Bact\u00e9rie\u00a0:\u00a0<\/strong>Groupe d\u2019organismes microscopiques capables de se reproduire seuls et provoquant des maladies humaines par invasion directe des tissus corporels. Les bact\u00e9ries produisent souvent des toxines qui empoisonnent les cellules qu\u2019elles ont envahies. De nombreuses bact\u00e9ries vivent \u00e9galement en harmonie avec le corps et sont n\u00e9cessaires \u00e0 l\u2019existence humaine, comme les bact\u00e9ries qui facilitent la digestion dans l\u2019intestin. Les maladies bact\u00e9riennes importantes comprennent l\u2019amygdalite \u00e0 streptocoques, la pneumonie et la m\u00e9ningite (par exemple, la m\u00e9ningite bact\u00e9rienne ou l\u2019angine \u00e0 streptocoques).<\/li>\n\n\n\n<li><strong>Virus\u00a0:\u00a0<\/strong>Groupe de microbes incapables de se reproduire par eux-m\u00eames et qui doivent envahir une cellule h\u00f4te afin d\u2019utiliser sa machinerie g\u00e9n\u00e9tique pour se reproduire. Les virus sont plus petits que les bact\u00e9ries et sont responsables des maladies humaines les plus courantes, comme le rhume et la \u00ab\u00a0grippe\u00a0\u00bb (influenza). Les virus sont \u00e9galement responsables de maladies plus graves, comme le sida, l\u2019h\u00e9patite\u00a0A, l\u2019h\u00e9patite\u00a0B et l\u2019h\u00e9patite\u00a0C.<\/li>\n\n\n\n<li><strong>Champignon\u00a0:\u00a0<\/strong>Organisme unicellulaire ou multicellulaire qui peut \u00eatre un v\u00e9ritable agent pathog\u00e8ne \u00e0 l\u2019origine d\u2019infections chez les personnes en bonne sant\u00e9 ou un agent pathog\u00e8ne opportuniste \u00e0 l\u2019origine d\u2019infections uniquement chez les personnes immunod\u00e9prim\u00e9es (par exemple, le pied d\u2019athl\u00e8te).<\/li>\n<\/ul>\n<\/div>\n\n<div class=\"wp-block-paragraph \">\n<p>Nous sommes en contact avec des agents pathog\u00e8nes tous les jours. La plupart du temps, le syst\u00e8me immunitaire de notre organisme les d\u00e9truit avant qu\u2019ils ne puissent causer des dommages.<\/p>\n<\/div>\n\n<div class=\"wp-block-list\">\n<ul class=\"wp-block-list\">\n<li>Nous sommes consid\u00e9r\u00e9s comme\u00a0<strong>expos\u00e9s<\/strong>\u00a0lorsque nous avons \u00e9t\u00e9 en contact avec un agent pathog\u00e8ne.<\/li>\n\n\n\n<li>Nous sommes consid\u00e9r\u00e9s comme\u00a0<strong>infect\u00e9s<\/strong>\u00a0lorsqu\u2019un agent pathog\u00e8ne a p\u00e9n\u00e9tr\u00e9 dans l\u2019organisme et provoqu\u00e9 une maladie.<\/li>\n<\/ul>\n<\/div>\n\n<div class=\"wp-block-paragraph \">\n<p>Le fait qu\u2019une exposition entra\u00eene une infection d\u00e9pend de trois facteurs\u00a0:<\/p>\n<\/div>\n\n<div class=\"wp-block-list\">\n<ul class=\"wp-block-list\">\n<li><strong>Dose<\/strong>\u00a0: la quantit\u00e9 d\u2019organismes qui p\u00e9n\u00e8trent dans votre corps.<\/li>\n\n\n\n<li><strong>Virulence<\/strong>\u00a0: la force de l\u2019organisme.<\/li>\n\n\n\n<li><strong>R\u00e9sistance de l\u2019h\u00f4te<\/strong>\u00a0: la capacit\u00e9 de votre syst\u00e8me immunitaire \u00e0 combattre l\u2019infection.<\/li>\n<\/ul>\n<\/div>\n\n<div class=\"wp-block-paragraph \">\n<p><strong>Quels sont les modes de transmission?<\/strong><br\/>L\u2019exposition se produit par contact direct ou indirect.<\/p>\n<\/div>\n\n<div class=\"wp-block-list\">\n<ul class=\"wp-block-list\">\n<li>La <strong>transmission directe<\/strong>\u00a0se produit lorsqu\u2019un agent pathog\u00e8ne (un agent qui cause une maladie, en particulier un micro-organisme vivant comme une bact\u00e9rie ou un champignon) est transmis directement d\u2019une personne infect\u00e9e \u00e0 vous. Par exemple, vous pouvez \u00eatre infect\u00e9 par le VHB (virus de l\u2019h\u00e9patite\u00a0B) si vous avez une plaie ouverte expos\u00e9e au sang infect\u00e9 par le VHB d\u2019un patient.<\/li>\n\n\n\n<li>La <strong>transmission indirecte<\/strong>\u00a0se produit lorsqu\u2019un objet inanim\u00e9 sert de r\u00e9servoir temporaire \u00e0 l\u2019agent infectieux. Par exemple, vous pouvez \u00eatre infect\u00e9 par le VHB si vous entrez en contact avec du mat\u00e9riel sur lequel a s\u00e9ch\u00e9 du sang infectieux.<\/li>\n<\/ul>\n<\/div>\n\n<div class=\"wp-block-paragraph \">\n<p>Il est important de noter que de nombreuses maladies ne se manifestent pas imm\u00e9diatement. Il est donc souvent difficile de d\u00e9terminer la source d\u2019une exposition.<\/p>\n<\/div>\n\n<div class=\"wp-block-paragraph \">\n<p>Les sympt\u00f4mes de certaines maladies peuvent ressembler \u00e0 ceux de la grippe. Par cons\u00e9quent, si les sympt\u00f4mes de la grippe ne disparaissent pas dans un d\u00e9lai normal avec les m\u00e9thodes de traitement habituelles, il peut \u00eatre n\u00e9cessaire de proc\u00e9der \u00e0 des analyses de sang pour \u00e9liminer d\u2019autres causes possibles.<\/p>\n<\/div>\n\n<div class=\"wp-block-paragraph \">\n<p><strong>Quelles sont les voies d\u2019exposition?<\/strong><br\/>Les agents pathog\u00e8nes peuvent p\u00e9n\u00e9trer dans l\u2019organisme par quatre voies principales\u00a0:<\/p>\n<\/div>\n\n<div class=\"wp-block-list\">\n<ul class=\"wp-block-list\">\n<li>Inhalation<\/li>\n\n\n\n<li>Contact avec du sang ou d\u2019autres liquides corporels<\/li>\n\n\n\n<li>Ingestion<\/li>\n\n\n\n<li>F\u00e9cale-orale (ingestion d\u2019un produit contamin\u00e9 par les mati\u00e8res f\u00e9cales d\u2019une personne infect\u00e9e)<\/li>\n\n\n\n<li>Un porteur interm\u00e9diaire (vecteur comme une tique ou un autre animal ou de la terre)<\/li>\n<\/ul>\n<\/div>\n\n<div class=\"wp-block-paragraph \">\n<p><strong>Qu\u2019est-ce qu\u2019un h\u00f4te sensible?<\/strong><\/p>\n<\/div>\n\n<div class=\"wp-block-paragraph \">\n<p>Un h\u00f4te sensible est une personne susceptible de contracter une infection. Certains groupes de personnes sont plus vuln\u00e9rables que d\u2019autres. Par exemple, les enfants, les personnes \u00e2g\u00e9es et les patients immunovuln\u00e9rables (dont le syst\u00e8me immunitaire est affaibli) sont plus vuln\u00e9rables aux infections que les personnes dont le syst\u00e8me immunitaire est normal.<\/p>\n<\/div>\n<\/div><\/section>\n","protected":false},"excerpt":{"rendered":"","protected":false},"featured_media":0,"parent":0,"menu_order":0,"comment_status":"closed","ping_status":"closed","template":"","meta":{"_acf_changed":false,"_searchwp_excluded":"","inline_featured_image":false,"_EventAllDay":false,"_EventTimezone":"","_EventStartDate":"","_EventEndDate":"","_EventStartDateUTC":"","_EventEndDateUTC":"","_EventShowMap":false,"_EventShowMapLink":false,"_EventURL":"","_EventCost":"","_EventCostDescription":"","_EventCurrencySymbol":"","_EventCurrencyCode":"","_EventCurrencyPosition":"","_EventDateTimeSeparator":"","_EventTimeRangeSeparator":"","_EventOrganizerID":[],"_EventVenueID":[],"_OrganizerEmail":"","_OrganizerPhone":"","_OrganizerWebsite":"","_VenueAddress":"","_VenueCity":"","_VenueCountry":"","_VenueProvince":"","_VenueState":"","_VenueZip":"","_VenuePhone":"","_VenueURL":"","_VenueStateProvince":"","_VenueLat":"","_VenueLng":"","_VenueShowMap":false,"_VenueShowMapLink":false,"footnotes":""},"class_list":["post-77190","page","type-page","status-publish","hentry"],"acf":[],"publishpress_future_workflow_manual_trigger":{"enabledWorkflows":[]},"_links":{"self":[{"href":"https:\/\/www.iaff.org\/fr-ca\/wp-json\/wp\/v2\/pages\/77190","targetHints":{"allow":["GET"]}}],"collection":[{"href":"https:\/\/www.iaff.org\/fr-ca\/wp-json\/wp\/v2\/pages"}],"about":[{"href":"https:\/\/www.iaff.org\/fr-ca\/wp-json\/wp\/v2\/types\/page"}],"author":[{"embeddable":true,"href":"https:\/\/www.iaff.org\/fr-ca\/wp-json\/wp\/v2\/users\/5"}],"replies":[{"embeddable":true,"href":"https:\/\/www.iaff.org\/fr-ca\/wp-json\/wp\/v2\/comments?post=77190"}],"version-history":[{"count":0,"href":"https:\/\/www.iaff.org\/fr-ca\/wp-json\/wp\/v2\/pages\/77190\/revisions"}],"wp:attachment":[{"href":"https:\/\/www.iaff.org\/fr-ca\/wp-json\/wp\/v2\/media?parent=77190"}],"curies":[{"name":"wp","href":"https:\/\/api.w.org\/{rel}","templated":true}]}}