{"id":77169,"date":"2019-09-04T22:02:37","date_gmt":"2019-09-05T02:02:37","guid":{"rendered":"https:\/\/www.iaff.org\/initiatives-strategiques\/"},"modified":"2025-03-18T11:04:44","modified_gmt":"2025-03-18T15:04:44","slug":"initiatives-strategiques","status":"publish","type":"page","link":"https:\/\/www.iaff.org\/fr-ca\/initiatives-strategiques\/","title":{"rendered":"Initiatives strat\u00e9giques"},"content":{"rendered":"<section\n\t class=\"secondary-hero align wp-block-acf-secondary-hero\" id=\"secondary-hero_block_2dcc8da3d0f262f20874f25d73192d26\">\n\t\n<header\n\tclass=\"w-full u-bg-full-width px-[22px] md:ps-bleed md:pe-0 py-[60px] bg-blue text-white u-has-rivets\"\n\tdata-theme=\"navy\"\n>\n\t<div class=\"flex flex-col !px-0 !max-w-[1440px] w-full lg:!ps-indent\">\n\t\t<div class=\"border-t-[6px] w-full my-0 flex flex-col md:flex-row gap-x-[62px] gap-y-[22px] border-gold\">\n\t\t\t\t\t\t\t<div class=\"relative grid md:order-last md:w-1\/2 overflow-hidden place-items-center aspect-[157\/105]\">\n\t\t\t\t\t<img decoding=\"async\" width=\"1200\" height=\"800\" src=\"https:\/\/www.iaff.org\/wp-content\/uploads\/2024\/02\/4H9A2381-1200x800.jpg\" class=\"absolute object-cover min-w-full h-full\" alt=\"\" srcset=\"https:\/\/www.iaff.org\/wp-content\/uploads\/2024\/02\/4H9A2381-1200x800.jpg 1200w, https:\/\/www.iaff.org\/wp-content\/uploads\/2024\/02\/4H9A2381-300x200.jpg 300w, https:\/\/www.iaff.org\/wp-content\/uploads\/2024\/02\/4H9A2381-1024x683.jpg 1024w, https:\/\/www.iaff.org\/wp-content\/uploads\/2024\/02\/4H9A2381-768x512.jpg 768w, https:\/\/www.iaff.org\/wp-content\/uploads\/2024\/02\/4H9A2381-1536x1024.jpg 1536w, https:\/\/www.iaff.org\/wp-content\/uploads\/2024\/02\/4H9A2381-2048x1365.jpg 2048w, https:\/\/www.iaff.org\/wp-content\/uploads\/2024\/02\/4H9A2381-240x160.jpg 240w, https:\/\/www.iaff.org\/wp-content\/uploads\/2024\/02\/4H9A2381-1215x810.jpg 1215w\" sizes=\"(max-width: 1200px) 100vw, 1200px\" \/>\t\t\t\t<\/div>\n\t\t\t\t\t\t<div class=\"w-full md:w-1\/2 md:py-[45px]\">\n\t\t\t\t<div class=\"max-w-[600px] flex flex-col gap-[22px]\">\n\t\t\t\t\t\t\t\t\t\t\t<h1 class=\"has-[.u-halftone-shadow--dark]:mb-divider has-[.u-halftone-shadow--light]:mb-divider\">\n\t\t\t\t\t\t\t<span class=\"inline-flex text-heading-200 u-halftone-shadow--light\">\n\t\t\t\t\t\t\t\tInitiatives strat\u00e9giques\t\t\t\t\t\t\t<\/span>\n\t\t\t\t\t\t<\/h1>\n\t\t\t\t\t\t\t\t\t\t\t\t\t\t\t\t<div class=\"text-body-300 font-sans\">\n\t\t\t\t\t\t\t<p>Les responsables des campagnes strat\u00e9giques de l\u2019AIP sont l\u00e0 pour soutenir le travail de votre affili\u00e9, notamment en mobilisant les ressources de l\u2019ensemble du syndicat pour vous aider \u00e0 gagner des batailles au niveau local et au niveau de l\u2019\u00c9tat ou de la province. Contactez votre VPD pour demander de l\u2019aide d\u00e8s aujourd\u2019hui.<\/p>\n\t\t\t\t\t\t<\/div>\n\t\t\t\t\t\t\t\t\t\t\t\t\t\t\t\t\t\t\t\t\t\t\t\t\t\t\t<div class=\"flex flex-wrap gap-[30px]\">\n\t\t\t\t\t\t\t\t\t\t\t\t\t\t\t<!-- Renders the same as core\/button with a specific style -->\n\t<div\n\t\tclass=\"wp-block-button track-button-primary is-style-primary-red\"\n\t>\n\t\t<a\n\t\t\tclass=\"wp-block-button__link wp-element-button cursor-pointer dlm-no-xhr-download track-hero-secondary-cta md:w-auto min-w-[156px]\"\n\t\t\t\t\t\t\thref=\"https:\/\/www.iaff.org\/about-us\/leadership\/\"\n\t\t\t\t\t\t\t\t\ttarget=\"_blank\"\n\t\t\t\t\trel=\"nofollow noopener\"\n\t\t\t\t\t\t\t\t\t>\n\t\t\tContact Your DVP\t\t<\/a>\n\t<\/div>\n\t\t\t\t\t\t\t\t\t\t\t\t\t<\/div>\n\t\t\t\t\t\t\t\t\t\t\t\t\t\t<\/div>\n\t\t\t<\/div>\n\n\t\t<\/div>\n\t\t\t\t\t<div class=\"order-first flex justify-start w-full pb-[22px]\">\n\t\t\t\t<div\n\tclass=\"wp-block-button is-style-tertiary text-white is-style-tertiary-back\"\n>\n\t\t\t<a\n\t\t\thref=\"https:\/\/www.iaff.org\/fr-ca\/leader-resources\/\"\n\t\t\tclass=\"wp-block-button__link wp-element-button group\"\n\t\t\t\t\t>\n\t\t\t<span\n\t\t\tclass=\"decoration-transparent underline underline-offset-2 group-hover:decoration-inherit group-focus-visible:decoration-inherit transition duration-hover\"\n\t\t>\n\t\t\tRessources pour les dirigeants\t\t<\/span>\n\n\t\t<span\n\t\t\tclass=\"bg-inherit transition-colors duration-hover group-hover:bg-gold group-focus:bg-gold inline-flex rotate-180 order-first\"\n\t\t>\n\t\t\t<svg xmlns=\"http:\/\/www.w3.org\/2000\/svg\" width=\"21\" height=\"22\" fill=\"none\" viewBox=\"0 0 21 22\"><path stroke=\"currentColor\" stroke-linecap=\"round\" stroke-width=\"2\" d=\"M20 20.75L20 2.25L1.5 2.25L1.5 20.75L20 20.75Z\" clip-rule=\"evenodd\"\/><path stroke=\"currentColor\" stroke-linecap=\"square\" stroke-width=\"2\" d=\"M14.0883 11.5L6.66406 11.5\"\/><path stroke=\"currentColor\" stroke-linecap=\"square\" stroke-width=\"2\" d=\"M11.0723 7.75205L14.8363 11.5L11.0723 15.248\"\/><\/svg>\t\t<\/span>\n\t<\/a><\/div>\n\t\t\t<\/div>\n\t\t\t<\/div>\n<\/header>\n<\/section>\n\n<div class=\"wp-block-group is-layout-constrained wp-block-group-is-layout-constrained\"><section\n\t class=\"page-blocks iaff-page-blocks align wp-block-acf-page-blocks\" id=\"page-blocks_block_0791ea171b395df70ca70949c4cf3e7f\">\n\t<div class=\"acf-innerblocks-container\">\n<section\n\t class=\"section-header mb-10 align wp-block-acf-section-header\" id=\"section-header_block_cb21f0438fa1e316fa59b8e7c80c3c9a\">\n\t<div class=\"\">\n\t<div class=\"flex flex-col md:flex-row justify-between max-w-content gap-x-8 md:items-end flex-wrap\">\n\t\t<h2 class=\"text-heading-200 pb-[2px]\">\n\t\t\tCe que nous faisons\t\t<\/h2>\n\n\t\t\t\t\t<div class=\"md:order-last w-full\">\n\t\t\t\t\n\t<hr class=\"h-[6px] text-red border-red bg-red w-full my-0\" role=\"presentation\"\/>\n\n\t\t\t<\/div>\n\t\t\n\t\t\t<\/div>\n<\/div>\n<\/section>\n\n\n<section\n\t class=\"column-list-section align wp-block-acf-column-list-section\" id=\"column-list-section_block_0a1ca5be5f5842b7315719bff16235d9\">\n\t<div class=\"bg-smoke\/5 px-[19px] pt-[60px] pb-block-spacing md:px-[96px] md:mx-indent iaff-column-list-section\">\n\t\t\t\t<div class=\"acf-innerblocks-container\">\n<section\n\t class=\"column-list iaff-column-list align wp-block-acf-column-list\" id=\"column-list_block_59b9715dcf8f205fb48f5189eef517c5\">\n\t<div class=\"relative flex flex-col gap-[14px] mb-[52px]\">\n\t\t\t\t<div class=\"relative bg-halftone-divider bg-center bg-no-repeat w-full h-divider\"><\/div>\n\t<\/div>\n\n\t\t<div class=\"acf-innerblocks-container\">\n<article\n\t class=\"column-list-card min-h-[187px] border-l-4 border-red pl-4 w-full md:w-auto item-inner flex flex-col gap-1 align wp-block-acf-column-list-card\" id=\"column-list-card_block_49d5542ef30e8f8ef4e624fcf9b397b2\">\n\t\n\t\t\t<div class=\"text-heading-400 font-serif font-600 leading-7 mb-1\">\n\t\t\tCommunications\t\t<\/div>\n\t\t\t\t<div class=\"text-body-400\">\n\t\t\t<p>Nous travaillons avec le d\u00e9partement des communications de l\u2019AIP pour vous aider \u00e0 raconter votre histoire. De la communication de crise aux relations publiques, nous pouvons vous aider \u00e0 \u00e9laborer des messages, \u00e0 g\u00e9rer des campagnes et \u00e0 utiliser les m\u00e9dias sociaux. Nous pouvons \u00e9galement coordonner des services de conception personnalis\u00e9s pour les sections locales, notamment pour les logos, les publipostages, les sites Web et les \u00e9l\u00e9ments graphiques destin\u00e9s aux m\u00e9dias sociaux.<\/p>\n\t\t<\/div>\n\t\t\t<\/article>\n\n\n<article\n\t class=\"column-list-card min-h-[187px] border-l-4 border-red pl-4 w-full md:w-auto item-inner flex flex-col gap-1 align wp-block-acf-column-list-card\" id=\"column-list-card_block_f5ae7aa00a42bae2f318c0437008ca75\">\n\t\n\t\t\t<div class=\"text-heading-400 font-serif font-600 leading-7 mb-1\">\n\t\t\tSyndicalisation\t\t<\/div>\n\t\t\t\t<div class=\"text-body-400\">\n\t\t\t<p>Nous organisons des s\u00e9ances d\u2019orientation pour les nouveaux membres, nous d\u00e9veloppons et renfor\u00e7ons les communications locales, nous vous formons \u00e0 l\u2019organisation de votre section locale, nous vous offrons une aide \u00e0 la recherche sur l\u2019organisation et l\u2019activit\u00e9 syndicale, et nous vous proposons des s\u00e9ances de planification strat\u00e9gique pour vous assurer que vous et les dirigeants de votre section locale \u00eates bien pr\u00e9par\u00e9s. <\/p>\n\t\t<\/div>\n\t\t\t<\/article>\n\n\n<article\n\t class=\"column-list-card min-h-[187px] border-l-4 border-red pl-4 w-full md:w-auto item-inner flex flex-col gap-1 align wp-block-acf-column-list-card\" id=\"column-list-card_block_846de2cb6e38ed06a490cd7892c9b3d8\">\n\t\n\t\t\t<div class=\"text-heading-400 font-serif font-600 leading-7 mb-1\">\n\t\t\tCampagnes\t\t<\/div>\n\t\t\t\t<div class=\"text-body-400\">\n\t\t\t<p>Nous fournissons une aide \u00e0 la planification des campagnes, effectuons des \u00e9valuations du paysage pour d\u00e9terminer la viabilit\u00e9 des campagnes, examinons les objectifs locaux et la meilleure fa\u00e7on de les atteindre et, avec le service politique de l\u2019AIP, nous consultons et utilisons les renseignements de la base de donn\u00e9es des fichiers d\u2019\u00e9lecteurs.<\/p>\n\t\t<\/div>\n\t\t\t<\/article>\n\n<\/div><\/section>\n\n<\/div>\t<\/div>\n<\/section>\n\n<\/div><\/section>\n<\/div>\n\n<div class=\"wp-block-group is-layout-constrained wp-block-group-is-layout-constrained\"><section\n\t class=\"page-blocks iaff-page-blocks align wp-block-acf-page-blocks\" id=\"page-blocks_block_0791ea171b395df70ca70949c4cf3e7f\">\n\t<div class=\"acf-innerblocks-container\">\n<section\n\t class=\"section-header mb-10 align wp-block-acf-section-header\" id=\"section-header_block_5333004724bcb107f4c39272c51d792b\">\n\t<div class=\"\">\n\t<div class=\"flex flex-col md:flex-row justify-between max-w-content gap-x-8 md:items-end flex-wrap\">\n\t\t<h2 class=\"text-heading-200 pb-[2px]\">\n\t\t\tExemples de mat\u00e9riel\t\t<\/h2>\n\n\t\t\t\t\t<div class=\"md:order-last w-full\">\n\t\t\t\t\n\t<hr class=\"h-[6px] text-red border-red bg-red w-full my-0\" role=\"presentation\"\/>\n\n\t\t\t<\/div>\n\t\t\n\t\t\t<\/div>\n<\/div>\n<\/section>\n\n\n\n<figure class=\"wp-block-gallery has-nested-images columns-default is-cropped wp-block-gallery-1 is-layout-flex wp-block-gallery-is-layout-flex\">\n<figure class=\"wp-block-image size-full\"><img decoding=\"async\" width=\"414\" height=\"414\" data-id=\"60122\" src=\"https:\/\/www.iaff.org\/wp-content\/uploads\/2024\/02\/logo1.png\" alt=\"\" class=\"wp-image-60122\" srcset=\"https:\/\/www.iaff.org\/wp-content\/uploads\/2024\/02\/logo1.png 414w, https:\/\/www.iaff.org\/wp-content\/uploads\/2024\/02\/logo1-300x300.png 300w, https:\/\/www.iaff.org\/wp-content\/uploads\/2024\/02\/logo1-150x150.png 150w, https:\/\/www.iaff.org\/wp-content\/uploads\/2024\/02\/logo1-240x240.png 240w\" sizes=\"(max-width: 414px) 100vw, 414px\" \/><\/figure>\n\n\n\n<figure class=\"wp-block-image size-full\"><img decoding=\"async\" width=\"1024\" height=\"1022\" data-id=\"60124\" src=\"https:\/\/www.iaff.org\/wp-content\/uploads\/2024\/02\/logo-2-1024x1022-1.png\" alt=\"\" class=\"wp-image-60124\" srcset=\"https:\/\/www.iaff.org\/wp-content\/uploads\/2024\/02\/logo-2-1024x1022-1.png 1024w, https:\/\/www.iaff.org\/wp-content\/uploads\/2024\/02\/logo-2-1024x1022-1-300x300.png 300w, https:\/\/www.iaff.org\/wp-content\/uploads\/2024\/02\/logo-2-1024x1022-1-150x150.png 150w, https:\/\/www.iaff.org\/wp-content\/uploads\/2024\/02\/logo-2-1024x1022-1-768x767.png 768w, https:\/\/www.iaff.org\/wp-content\/uploads\/2024\/02\/logo-2-1024x1022-1-240x240.png 240w, https:\/\/www.iaff.org\/wp-content\/uploads\/2024\/02\/logo-2-1024x1022-1-802x800.png 802w, https:\/\/www.iaff.org\/wp-content\/uploads\/2024\/02\/logo-2-1024x1022-1-812x810.png 812w\" sizes=\"(max-width: 1024px) 100vw, 1024px\" \/><\/figure>\n\n\n\n<figure class=\"wp-block-image size-full\"><img decoding=\"async\" width=\"1024\" height=\"1024\" data-id=\"60128\" src=\"https:\/\/www.iaff.org\/wp-content\/uploads\/2024\/02\/logo-1024x1024-1.png\" alt=\"\" class=\"wp-image-60128\" srcset=\"https:\/\/www.iaff.org\/wp-content\/uploads\/2024\/02\/logo-1024x1024-1.png 1024w, https:\/\/www.iaff.org\/wp-content\/uploads\/2024\/02\/logo-1024x1024-1-300x300.png 300w, https:\/\/www.iaff.org\/wp-content\/uploads\/2024\/02\/logo-1024x1024-1-150x150.png 150w, https:\/\/www.iaff.org\/wp-content\/uploads\/2024\/02\/logo-1024x1024-1-768x768.png 768w, https:\/\/www.iaff.org\/wp-content\/uploads\/2024\/02\/logo-1024x1024-1-240x240.png 240w, https:\/\/www.iaff.org\/wp-content\/uploads\/2024\/02\/logo-1024x1024-1-800x800.png 800w, https:\/\/www.iaff.org\/wp-content\/uploads\/2024\/02\/logo-1024x1024-1-810x810.png 810w\" sizes=\"(max-width: 1024px) 100vw, 1024px\" \/><\/figure>\n\n\n\n<figure class=\"wp-block-image size-full is-style-default\"><img decoding=\"async\" width=\"827\" height=\"520\" data-id=\"60149\" src=\"https:\/\/www.iaff.org\/wp-content\/uploads\/2024\/02\/newspaper.jpg\" alt=\"\" class=\"wp-image-60149\" srcset=\"https:\/\/www.iaff.org\/wp-content\/uploads\/2024\/02\/newspaper.jpg 827w, https:\/\/www.iaff.org\/wp-content\/uploads\/2024\/02\/newspaper-300x189.jpg 300w, https:\/\/www.iaff.org\/wp-content\/uploads\/2024\/02\/newspaper-768x483.jpg 768w, https:\/\/www.iaff.org\/wp-content\/uploads\/2024\/02\/newspaper-240x151.jpg 240w\" sizes=\"(max-width: 827px) 100vw, 827px\" \/><\/figure>\n\n\n\n<figure class=\"wp-block-image size-full\"><img decoding=\"async\" width=\"1024\" height=\"663\" data-id=\"60139\" src=\"https:\/\/www.iaff.org\/wp-content\/uploads\/2024\/02\/social-media-3-1024x663-2.jpg\" alt=\"\" class=\"wp-image-60139\" srcset=\"https:\/\/www.iaff.org\/wp-content\/uploads\/2024\/02\/social-media-3-1024x663-2.jpg 1024w, https:\/\/www.iaff.org\/wp-content\/uploads\/2024\/02\/social-media-3-1024x663-2-300x194.jpg 300w, https:\/\/www.iaff.org\/wp-content\/uploads\/2024\/02\/social-media-3-1024x663-2-768x497.jpg 768w, https:\/\/www.iaff.org\/wp-content\/uploads\/2024\/02\/social-media-3-1024x663-2-240x155.jpg 240w\" sizes=\"(max-width: 1024px) 100vw, 1024px\" \/><\/figure>\n<\/figure>\n\n<\/div><\/section>\n<\/div>\n<section\n\t class=\"page-blocks iaff-page-blocks align wp-block-acf-page-blocks\" id=\"page-blocks_block_0791ea171b395df70ca70949c4cf3e7f\">\n\t<div class=\"acf-innerblocks-container\">\n<section\n\t class=\"section-header mb-10 align wp-block-acf-section-header\" id=\"section-header_block_9ec7d335b7b9c2de086e816b83762e74\">\n\t<div class=\"\">\n\t<div class=\"flex flex-col md:flex-row justify-between max-w-content gap-x-8 md:items-end flex-wrap\">\n\t\t<h2 class=\"text-heading-200 pb-[2px]\">\n\t\t\tMod\u00e8les\t\t<\/h2>\n\n\t\t\t\t\t<div class=\"md:order-last w-full\">\n\t\t\t\t\n\t<hr class=\"h-[6px] text-red border-red bg-red w-full my-0\" role=\"presentation\"\/>\n\n\t\t\t<\/div>\n\t\t\n\t\t\t<\/div>\n<\/div>\n<\/section>\n\n\n<div class=\"wp-block-paragraph \">\n<p>Nous savons que nos dirigeants d\u2019affili\u00e9s ont beaucoup \u00e0 faire, c\u2019est pourquoi nous avons cr\u00e9\u00e9 des exemples de mod\u00e8les que vous pouvez facilement t\u00e9l\u00e9charger pour commencer \u00e0 y ajouter les renseignements relatifs \u00e0 votre section locale.<\/p>\n<\/div>\n\n<section\n\t class=\"documents-card-grid px-[22px] md:px-[60px] py-[60px] pt-0 !mt-0 align wp-block-acf-documents-card-grid\" id=\"documents-card-grid_block_da3e58a48d47edfe7df5b944f4713a5a\">\n\t\n\t<div class=\"iaff-documents-card-grid pb-10\">\n\t\t\t\t<div class=\"acf-innerblocks-container\">\n<article\n\t class=\"documents-card-media iaff-documents-card iaff-documents-card-download align wp-block-acf-documents-card-media\" id=\"documents-card-media_block_a3e6550ca8e5b256e58777ceae403da7\">\n\t<a\n\tclass=\"group text-body-500 no-underline flex gap-5 h-full bg-transparent hocus-visible:bg-white dlm-no-xhr-download\"\n\t\t\thref=\"https:\/\/www.iaff.org\/wp-content\/uploads\/2024\/03\/Strategic-Planning-Guide-fillable.pdf\"\n\t\trel=\"noopener\"\n\t\ttarget=\"_blank\"\n\t>\n\t<div>\n\t\t<svg xmlns=\"http:\/\/www.w3.org\/2000\/svg\" width=\"40\" height=\"50\" fill=\"none\" viewBox=\"0 0 40 50\"><path stroke=\"#211F21\" stroke-width=\"1.5\" d=\"M2.00173 1.25L1.25 1.24827V2V48V48.75H2H38H38.75V48V8.83235V8.52489L38.5342 8.30591L31.8675 1.5412L31.6479 1.31837L31.3351 1.31765L2.00173 1.25Z\"\/><path fill=\"#211F21\" d=\"M31.3333 8.90662V2.06838L38 8.90662H31.3333Z\"\/><path stroke=\"#E00\" stroke-width=\"1.5\" d=\"M9 14H31\"\/><path stroke=\"#E00\" stroke-width=\"1.5\" d=\"M9 21H31\"\/><path stroke=\"#E00\" stroke-width=\"1.5\" d=\"M9 28H31\"\/><\/svg>\t<\/div>\n\t<div\n\t\tclass=\"underline decoration-transparent transition-colors duration-hover group-hover:decoration-current group-focus:decoration-current break-all\"\n\t>\n\t\tStrategic-Planning-Guide (1)\t<\/div>\n<\/a>\n<\/article>\n\n\n<article\n\t class=\"documents-card-media iaff-documents-card iaff-documents-card-download align wp-block-acf-documents-card-media\" id=\"documents-card-media_block_24f12e811288681e0dd77545595d866b\">\n\t<a\n\tclass=\"group text-body-500 no-underline flex gap-5 h-full bg-transparent hocus-visible:bg-white dlm-no-xhr-download\"\n\t\t\thref=\"https:\/\/www.iaff.org\/wp-content\/uploads\/2024\/03\/Strategic-Campaigns_Letter-to-Elected-Official_Template-2.docx\"\n\t\trel=\"noopener\"\n\t\ttarget=\"_blank\"\n\t>\n\t<div>\n\t\t<svg xmlns=\"http:\/\/www.w3.org\/2000\/svg\" width=\"40\" height=\"50\" fill=\"none\" viewBox=\"0 0 40 50\"><path stroke=\"#211F21\" stroke-width=\"1.5\" d=\"M2.00173 1.25L1.25 1.24827V2V48V48.75H2H38H38.75V48V8.83235V8.52489L38.5342 8.30591L31.8675 1.5412L31.6479 1.31837L31.3351 1.31765L2.00173 1.25Z\"\/><path fill=\"#211F21\" d=\"M31.3333 8.90662V2.06838L38 8.90662H31.3333Z\"\/><path stroke=\"#E00\" stroke-width=\"1.5\" d=\"M9 14H31\"\/><path stroke=\"#E00\" stroke-width=\"1.5\" d=\"M9 21H31\"\/><path stroke=\"#E00\" stroke-width=\"1.5\" d=\"M9 28H31\"\/><\/svg>\t<\/div>\n\t<div\n\t\tclass=\"underline decoration-transparent transition-colors duration-hover group-hover:decoration-current group-focus:decoration-current break-all\"\n\t>\n\t\tStrategic-Campaigns_Letter-to-Elected-Official_Template (2)\t<\/div>\n<\/a>\n<\/article>\n\n\n<article\n\t class=\"documents-card-media iaff-documents-card iaff-documents-card-download align wp-block-acf-documents-card-media\" id=\"documents-card-media_block_5d6f4d8f68e2d462247b810dafa50bc1\">\n\t<a\n\tclass=\"group text-body-500 no-underline flex gap-5 h-full bg-transparent hocus-visible:bg-white dlm-no-xhr-download\"\n\t\t\thref=\"https:\/\/www.iaff.org\/wp-content\/uploads\/2024\/03\/Strategic-Campaigns_Word-Newsletter_Template.docx\"\n\t\trel=\"noopener\"\n\t\ttarget=\"_blank\"\n\t>\n\t<div>\n\t\t<svg xmlns=\"http:\/\/www.w3.org\/2000\/svg\" width=\"40\" height=\"50\" fill=\"none\" viewBox=\"0 0 40 50\"><path stroke=\"#211F21\" stroke-width=\"1.5\" d=\"M2.00173 1.25L1.25 1.24827V2V48V48.75H2H38H38.75V48V8.83235V8.52489L38.5342 8.30591L31.8675 1.5412L31.6479 1.31837L31.3351 1.31765L2.00173 1.25Z\"\/><path fill=\"#211F21\" d=\"M31.3333 8.90662V2.06838L38 8.90662H31.3333Z\"\/><path stroke=\"#E00\" stroke-width=\"1.5\" d=\"M9 14H31\"\/><path stroke=\"#E00\" stroke-width=\"1.5\" d=\"M9 21H31\"\/><path stroke=\"#E00\" stroke-width=\"1.5\" d=\"M9 28H31\"\/><\/svg>\t<\/div>\n\t<div\n\t\tclass=\"underline decoration-transparent transition-colors duration-hover group-hover:decoration-current group-focus:decoration-current break-all\"\n\t>\n\t\tStrategic-Campaigns_Word-Newsletter_Template\t<\/div>\n<\/a>\n<\/article>\n\n\n<article\n\t class=\"documents-card-media iaff-documents-card iaff-documents-card-download align wp-block-acf-documents-card-media\" id=\"documents-card-media_block_91b12d40d9ad1131e56342275acd9357\">\n\t<a\n\tclass=\"group text-body-500 no-underline flex gap-5 h-full bg-transparent hocus-visible:bg-white dlm-no-xhr-download\"\n\t\t\thref=\"https:\/\/www.iaff.org\/wp-content\/uploads\/2024\/03\/Strategic-Campaigns_Campaign-Tracker_Template.xlsx\"\n\t\trel=\"noopener\"\n\t\ttarget=\"_blank\"\n\t>\n\t<div>\n\t\t<svg xmlns=\"http:\/\/www.w3.org\/2000\/svg\" width=\"40\" height=\"50\" fill=\"none\" viewBox=\"0 0 40 50\"><path stroke=\"#211F21\" stroke-width=\"1.5\" d=\"M2.00173 1.25L1.25 1.24827V2V48V48.75H2H38H38.75V48V8.83235V8.52489L38.5342 8.30591L31.8675 1.5412L31.6479 1.31837L31.3351 1.31765L2.00173 1.25Z\"\/><path fill=\"#211F21\" d=\"M31.3333 8.90662V2.06838L38 8.90662H31.3333Z\"\/><path stroke=\"#E00\" stroke-width=\"1.5\" d=\"M9 14H31\"\/><path stroke=\"#E00\" stroke-width=\"1.5\" d=\"M9 21H31\"\/><path stroke=\"#E00\" stroke-width=\"1.5\" d=\"M9 28H31\"\/><\/svg>\t<\/div>\n\t<div\n\t\tclass=\"underline decoration-transparent transition-colors duration-hover group-hover:decoration-current group-focus:decoration-current break-all\"\n\t>\n\t\tStrategic-Campaigns_Campaign-Tracker_Template\t<\/div>\n<\/a>\n<\/article>\n\n\n<article\n\t class=\"documents-card-media iaff-documents-card iaff-documents-card-download align wp-block-acf-documents-card-media\" id=\"documents-card-media_block_b1040a6caf928540c7c8f1012342a626\">\n\t<a\n\tclass=\"group text-body-500 no-underline flex gap-5 h-full bg-transparent hocus-visible:bg-white dlm-no-xhr-download\"\n\t\t\thref=\"https:\/\/www.iaff.org\/wp-content\/uploads\/2024\/03\/Strategic-Campaigns_Video-Release_Template.doc\"\n\t\trel=\"noopener\"\n\t\ttarget=\"_blank\"\n\t>\n\t<div>\n\t\t<svg xmlns=\"http:\/\/www.w3.org\/2000\/svg\" width=\"40\" height=\"50\" fill=\"none\" viewBox=\"0 0 40 50\"><path stroke=\"#211F21\" stroke-width=\"1.5\" d=\"M2.00173 1.25L1.25 1.24827V2V48V48.75H2H38H38.75V48V8.83235V8.52489L38.5342 8.30591L31.8675 1.5412L31.6479 1.31837L31.3351 1.31765L2.00173 1.25Z\"\/><path fill=\"#211F21\" d=\"M31.3333 8.90662V2.06838L38 8.90662H31.3333Z\"\/><path stroke=\"#E00\" stroke-width=\"1.5\" d=\"M9 14H31\"\/><path stroke=\"#E00\" stroke-width=\"1.5\" d=\"M9 21H31\"\/><path stroke=\"#E00\" stroke-width=\"1.5\" d=\"M9 28H31\"\/><\/svg>\t<\/div>\n\t<div\n\t\tclass=\"underline decoration-transparent transition-colors duration-hover group-hover:decoration-current group-focus:decoration-current break-all\"\n\t>\n\t\tStrategic-Campaigns_Video-Release_Template\t<\/div>\n<\/a>\n<\/article>\n\n<\/div>\t<\/div>\n<\/section>\n\n\n<section\n\t class=\"section-header mb-10 align wp-block-acf-section-header\" id=\"section-header_block_968defd267652f046002296a4da62d3e\">\n\t<div class=\"\">\n\t<div class=\"flex flex-col md:flex-row justify-between max-w-content gap-x-8 md:items-end flex-wrap\">\n\t\t<h2 class=\"text-heading-200 pb-[2px]\">\n\t\t\tGuides de campagne\t\t<\/h2>\n\n\t\t\t\t\t<div class=\"md:order-last w-full\">\n\t\t\t\t\n\t<hr class=\"h-[6px] text-red border-red bg-red w-full my-0\" role=\"presentation\"\/>\n\n\t\t\t<\/div>\n\t\t\n\t\t\t<\/div>\n<\/div>\n<\/section>\n\n\n<div class=\"wp-block-paragraph \">\n<p>Si vous souhaitez mener une campagne \u00e9lectorale, nous avons cr\u00e9\u00e9 tous les guides dont vous avez besoin pour commencer, notamment pour apprendre comment ex\u00e9cuter un programme sur le terrain, comment g\u00e9rer un budget et la collecte de fonds, et comment communiquer, avec un exemple de calendrier de campagne.<\/p>\n<\/div>\n\n\n<div class=\"wp-block-buttons is-layout-flex wp-block-buttons-is-layout-flex\">\n<div class=\"wp-block-button\"><a class=\"wp-block-button__link wp-element-button\" href=\"https:\/\/www.iaff.org\/fr-ca\/action-politique\/#campaign-resources\" target=\"_blank\" rel=\"noreferrer noopener\">Guides de campagne<\/a><\/div>\n<\/div>\n\n<\/div><\/section>\n","protected":false},"excerpt":{"rendered":"","protected":false},"featured_media":0,"parent":0,"menu_order":0,"comment_status":"closed","ping_status":"closed","template":"","meta":{"_acf_changed":false,"_searchwp_excluded":"","inline_featured_image":false,"_EventAllDay":false,"_EventTimezone":"","_EventStartDate":"","_EventEndDate":"","_EventStartDateUTC":"","_EventEndDateUTC":"","_EventShowMap":false,"_EventShowMapLink":false,"_EventURL":"","_EventCost":"","_EventCostDescription":"","_EventCurrencySymbol":"","_EventCurrencyCode":"","_EventCurrencyPosition":"","_EventDateTimeSeparator":"","_EventTimeRangeSeparator":"","_EventOrganizerID":[],"_EventVenueID":[],"_OrganizerEmail":"","_OrganizerPhone":"","_OrganizerWebsite":"","_VenueAddress":"","_VenueCity":"","_VenueCountry":"","_VenueProvince":"","_VenueState":"","_VenueZip":"","_VenuePhone":"","_VenueURL":"","_VenueStateProvince":"","_VenueLat":"","_VenueLng":"","_VenueShowMap":false,"_VenueShowMapLink":false,"footnotes":""},"class_list":["post-77169","page","type-page","status-publish","hentry"],"acf":[],"publishpress_future_workflow_manual_trigger":{"enabledWorkflows":[]},"_links":{"self":[{"href":"https:\/\/www.iaff.org\/fr-ca\/wp-json\/wp\/v2\/pages\/77169","targetHints":{"allow":["GET"]}}],"collection":[{"href":"https:\/\/www.iaff.org\/fr-ca\/wp-json\/wp\/v2\/pages"}],"about":[{"href":"https:\/\/www.iaff.org\/fr-ca\/wp-json\/wp\/v2\/types\/page"}],"author":[{"embeddable":true,"href":"https:\/\/www.iaff.org\/fr-ca\/wp-json\/wp\/v2\/users\/12"}],"replies":[{"embeddable":true,"href":"https:\/\/www.iaff.org\/fr-ca\/wp-json\/wp\/v2\/comments?post=77169"}],"version-history":[{"count":0,"href":"https:\/\/www.iaff.org\/fr-ca\/wp-json\/wp\/v2\/pages\/77169\/revisions"}],"wp:attachment":[{"href":"https:\/\/www.iaff.org\/fr-ca\/wp-json\/wp\/v2\/media?parent=77169"}],"curies":[{"name":"wp","href":"https:\/\/api.w.org\/{rel}","templated":true}]}}