{"id":77162,"date":"2021-02-19T16:18:28","date_gmt":"2021-02-19T21:18:28","guid":{"rendered":"https:\/\/www.iaff.org\/appuis\/"},"modified":"2025-06-20T14:31:48","modified_gmt":"2025-06-20T18:31:48","slug":"appuis","status":"publish","type":"page","link":"https:\/\/www.iaff.org\/fr-ca\/action-politique\/appuis\/","title":{"rendered":"Approbations"},"content":{"rendered":"<section\n\t class=\"secondary-hero align wp-block-acf-secondary-hero\" id=\"secondary-hero_block_76206cb1efac59d82eec696b2073a06d\">\n\t\n<header\n\tclass=\"w-full u-bg-full-width px-[22px] md:ps-bleed md:pe-0 py-[60px] bg-smoke-5 text-black u-has-rivets u-rivets-dark\"\n\tdata-theme=\"gray\"\n>\n\t<div class=\"flex flex-col !px-0 !max-w-[1440px] w-full lg:!ps-indent\">\n\t\t<div class=\"border-t-[6px] w-full my-0 flex flex-col md:flex-row gap-x-[62px] gap-y-[22px] border-red\">\n\t\t\t\t\t\t<div class=\"w-full md:w-1\/2 md:py-[45px]\">\n\t\t\t\t<div class=\"max-w-[600px] flex flex-col gap-[22px]\">\n\t\t\t\t\t\t\t\t\t\t\t<h1 class=\"has-[.u-halftone-shadow--dark]:mb-divider has-[.u-halftone-shadow--light]:mb-divider pt-[22px] md:pt-0\">\n\t\t\t\t\t\t\t<span class=\"inline-flex text-heading-200 u-halftone-shadow--dark\">\n\t\t\t\t\t\t\t\tApprobations\t\t\t\t\t\t\t<\/span>\n\t\t\t\t\t\t<\/h1>\n\t\t\t\t\t\t\t\t\t\t\t\t\t\t\t\t<div class=\"text-body-300 font-sans\">\n\t\t\t\t\t\t\t<p>IAFF croit, respecte et c\u00e9l\u00e8bre le droit absolu de chaque membre de voter pour le candidat qu\u2019il estime le mieux repr\u00e9senter et adh\u00e8re \u00e0 ses points de vue et \u00e0 sa philosophie politique. Personne, y compris votre syndicat, n\u2019a le droit de vous dire comment voter. L\u2019appui de IAFF porte sur la position du candidat sur les services d\u2019incendie et les questions de travail.<\/p>\n\t\t\t\t\t\t<\/div>\n\t\t\t\t\t\t\t\t\t\t\t\t\t\t\t\t\t\t\t\t\t\t\t\t\t\t\t<div class=\"flex flex-wrap gap-[30px]\">\n\t\t\t\t\t\t\t\t\t\t\t\t\t\t\t<!-- Renders the same as core\/button with a specific style -->\n\t<div\n\t\tclass=\"wp-block-button track-button-primary is-style-primary-red\"\n\t>\n\t\t<a\n\t\t\tclass=\"wp-block-button__link wp-element-button cursor-pointer dlm-no-xhr-download track-hero-secondary-cta md:w-auto min-w-[156px]\"\n\t\t\t\t\t\t\thref=\"mailto:politics@iaff.org\"\n\t\t\t\t\t\t\t\t\ttarget=\"_blank\"\n\t\t\t\t\trel=\"nofollow noopener\"\n\t\t\t\t\t\t\t\t\t>\n\t\t\tContactez-nous  \t\t<\/a>\n\t<\/div>\n\t\t\t\t\t\t\t\t\t\t\t\t\t<\/div>\n\t\t\t\t\t\t\t\t\t\t\t\t\t\t<\/div>\n\t\t\t<\/div>\n\n\t\t<\/div>\n\t\t\t\t\t<div class=\"order-first flex justify-start w-full pb-[22px]\">\n\t\t\t\t<div\n\tclass=\"wp-block-button is-style-tertiary text-smoke is-style-tertiary-back\"\n>\n\t\t\t<a\n\t\t\thref=\"https:\/\/www.iaff.org\/fr-ca\/action-politique\/\"\n\t\t\tclass=\"wp-block-button__link wp-element-button group\"\n\t\t\t\t\t>\n\t\t\t<span\n\t\t\tclass=\"decoration-transparent underline underline-offset-2 group-hover:decoration-inherit group-focus-visible:decoration-inherit transition duration-hover\"\n\t\t>\n\t\t\tAction politique\t\t<\/span>\n\n\t\t<span\n\t\t\tclass=\"bg-inherit transition-colors duration-hover group-hover:bg-gold group-focus:bg-gold inline-flex rotate-180 order-first\"\n\t\t>\n\t\t\t<svg xmlns=\"http:\/\/www.w3.org\/2000\/svg\" width=\"21\" height=\"22\" fill=\"none\" viewBox=\"0 0 21 22\"><path stroke=\"currentColor\" stroke-linecap=\"round\" stroke-width=\"2\" d=\"M20 20.75L20 2.25L1.5 2.25L1.5 20.75L20 20.75Z\" clip-rule=\"evenodd\"\/><path stroke=\"currentColor\" stroke-linecap=\"square\" stroke-width=\"2\" d=\"M14.0883 11.5L6.66406 11.5\"\/><path stroke=\"currentColor\" stroke-linecap=\"square\" stroke-width=\"2\" d=\"M11.0723 7.75205L14.8363 11.5L11.0723 15.248\"\/><\/svg>\t\t<\/span>\n\t<\/a><\/div>\n\t\t\t<\/div>\n\t\t\t<\/div>\n<\/header>\n<\/section>\n<section\n\t class=\"page-blocks iaff-page-blocks align wp-block-acf-page-blocks\" id=\"page-blocks_block_5cc1a18fdf7c45208add50c6c29bb13e\">\n\t<div class=\"acf-innerblocks-container\">\n<section\n\t class=\"section-header mb-10 align wp-block-acf-section-header\" id=\"section-header_block_5118ec4e6e8edd963d7f9a1accf61221\">\n\t<div class=\"\">\n\t<div class=\"flex flex-col md:flex-row justify-between max-w-content gap-x-8 md:items-end flex-wrap\">\n\t\t<h2 class=\"text-heading-200 pb-[2px]\">\n\t\t\tQuestionnaire des candidats f\u00e9d\u00e9raux\t\t<\/h2>\n\n\t\t\t\t\t<div class=\"md:order-last w-full\">\n\t\t\t\t\n\t<hr class=\"h-[6px] text-red border-red bg-red w-full my-0\" role=\"presentation\"\/>\n\n\t<div class=\"h-divider w-full bg-halftone-divider bg-right\"><\/div>\n\t\t\t<\/div>\n\t\t\n\t\t\t<\/div>\n<\/div>\n<\/section>\n\n\n<div class=\"wp-block-paragraph \">\n<p>IAFF sait qu\u2019il est n\u00e9cessaire d\u2019avoir de solides alli\u00e9s au Congr\u00e8s pour d\u00e9fendre les int\u00e9r\u00eats de nos membres. Nos amis du Congr\u00e8s continuent d\u2019obtenir notre appui en examinant attentivement leur bilan de vote sur les questions de service d\u2019incendie, d\u2019emploi, de s\u00e9curit\u00e9 et de sant\u00e9, ainsi que sur les questions de travail qui affectent directement la vie et les moyens de subsistance de nos membres.  <\/p>\n<\/div>\n\n<div class=\"wp-block-paragraph \">\n<p>Si vous \u00eates nouveau au Congr\u00e8s et que vous souhaitez obtenir notre appui, nous vous demandons de remplir notre questionnaire pour les candidats f\u00e9d\u00e9raux. Nous nous engageons \u00e0 soutenir les candidats qui s\u2019alignent sur notre mission et qui soutiennent les valeurs de notre syndicat. Mettons-nous au travail pour am\u00e9liorer la vie des pompiers et des travailleurs m\u00e9dicaux d\u2019urgence.<\/p>\n<\/div>\n\n\n<div class=\"wp-block-buttons is-layout-flex wp-block-buttons-is-layout-flex\">\n<div class=\"wp-block-button\"><a class=\"wp-block-button__link wp-element-button\" href=\"https:\/\/www.iaff.org\/fr-ca\/questionnaire-de-laip-a-lintention-des-candidats-federaux\/\" target=\"_blank\" rel=\"noreferrer noopener\">Questionnaire des candidats f\u00e9d\u00e9raux<\/a><\/div>\n<\/div>\n\n<\/div><\/section>\n<section\n\t class=\"page-blocks iaff-page-blocks align wp-block-acf-page-blocks\" id=\"page-blocks_block_5cc1a18fdf7c45208add50c6c29bb13e\">\n\t<div class=\"acf-innerblocks-container\">\n<section\n\t class=\"section-header mb-10 align wp-block-acf-section-header\" id=\"section-header_block_a754a6c7f569741f29c59480fa5785ec\">\n\t<div class=\"\">\n\t<div class=\"flex flex-col md:flex-row justify-between max-w-content gap-x-8 md:items-end flex-wrap\">\n\t\t<h2 class=\"text-heading-200 pb-[2px]\">\n\t\t\tRessources d\u2019approbation locale\t\t<\/h2>\n\n\t\t\t\t\t<div class=\"md:order-last w-full\">\n\t\t\t\t\n\t<hr class=\"h-[6px] text-red border-red bg-red w-full my-0\" role=\"presentation\"\/>\n\n\t<div class=\"h-divider w-full bg-halftone-divider bg-right\"><\/div>\n\t\t\t<\/div>\n\t\t\n\t\t\t<\/div>\n<\/div>\n<\/section>\n\n\n<div class=\"wp-block-paragraph \">\n<p>Les questionnaires sont un bon moyen pour votre section locale de se familiariser avec le candidat et ses points de vue. Les questionnaires prennent du temps \u00e0 cr\u00e9er et \u00e0 distribuer, mais peuvent vous donner l\u2019occasion d\u2019\u00e9tablir une relation avec le candidat et son \u00e9quipe. Nous avons pr\u00e9par\u00e9 un exemple de <strong><a href=\"https:\/\/www.iaff.org\/wp-content\/uploads\/PoliticalGuides_Sample_Questionnaire.pdf\" target=\"_blank\" rel=\"noreferrer noopener\">questionnaire<\/a><\/strong> que vous pourrez utiliser comme guide.    <\/p>\n<\/div>\n\n<div class=\"wp-block-paragraph \">\n<p>Voici quelques conseils pour personnaliser votre guide :<\/p>\n<\/div>\n\n<div class=\"wp-block-list\">\n<ul class=\"wp-block-list\">\n<li>Adaptez le questionnaire \u00e0 l\u2019\u00e9lection et au candidat auquel vous l\u2019envoyez.  <\/li>\n\n\n\n<li>Pr\u00e9parez des questionnaires qui traitent des probl\u00e8mes de votre section locale. Soyez pr\u00e9cis et demandez-leur s\u2019ils vous soutiendraient ou non. Mais gardez \u00e9galement les questions ouvertes pour permettre des explications.  <\/li>\n\n\n\n<li>Les questions doivent \u00eatre neutres et ne pas leur dire quoi \u00e9crire.  <\/li>\n\n\n\n<li>Distribuez des questionnaires \u00e0 tous les candidats et pr\u00e9voyez suffisamment de temps pour faire un suivi par courriel ou par t\u00e9l\u00e9phone.  <\/li>\n\n\n\n<li>Si vous voulez publier la r\u00e9ponse du candidat, informez-le \u00e0 la campagne \u00e0 l\u2019avance. \u00catre franc et honn\u00eate dans vos relations avec la campagne peut aider \u00e0 maintenir des relations.  <\/li>\n\n\n\n<li>Les questionnaires sont \u00e9galement l\u2019occasion d\u2019utiliser les r\u00e9ponses et les points de vue des candidats sur un guide de vote.<\/li>\n<\/ul>\n<\/div>\n<\/div><\/section>\n<div class=\"wp-block-paragraph \">\n<p><\/p>\n<\/div><section\n\t class=\"page-blocks iaff-page-blocks align wp-block-acf-page-blocks\" id=\"page-blocks_block_5cc1a18fdf7c45208add50c6c29bb13e\">\n\t<div class=\"acf-innerblocks-container\">\n<section\n\t class=\"section-header mb-10 align wp-block-acf-section-header\" id=\"section-header_block_a3513790e54c800505460deaaf3ac136\">\n\t<div class=\"\">\n\t<div class=\"flex flex-col md:flex-row justify-between max-w-content gap-x-8 md:items-end flex-wrap\">\n\t\t<h2 class=\"text-heading-200 pb-[2px]\">\n\t\t\tLa philosophie de l\u2019approbation de IAFF\t\t<\/h2>\n\n\t\t\t\t\t<div class=\"md:order-last w-full\">\n\t\t\t\t\n\t<hr class=\"h-[6px] text-red border-red bg-red w-full my-0\" role=\"presentation\"\/>\n\n\t\t\t<\/div>\n\t\t\n\t\t\t<\/div>\n<\/div>\n<\/section>\n\n\n<div class=\"wp-block-paragraph \">\n<p>IAFF croit, respecte et c\u00e9l\u00e8bre le droit absolu de chaque membre de IAFF de voter pour le candidat qu\u2019il estime le mieux repr\u00e9senter et embrasse ses points de vue et sa philosophie politique. <strong>Personne, y compris votre syndicat, n\u2019a le droit de vous dire comment voter.  <\/strong><\/p>\n<\/div>\n\n<div class=\"wp-block-paragraph \">\n<p>De m\u00eame, IAFF ne critiquera jamais un membre pour son choix de candidat. Nous reconnaissons que de nombreuses questions au-del\u00e0 des services d\u2019incendie et du travail sont importantes pour tous les membres de IAFF , et IAFF respecte le droit des membres de voter pour les candidats qui n\u2019ont pas obtenu l\u2019appui de IAFF ou de votre filiale locale.  <\/p>\n<\/div>\n\n<div class=\"wp-block-paragraph \">\n<p>Cependant, tout comme les membres de IAFF examinent l\u2019histoire, les postes et la plateforme de chaque candidat et prennent une d\u00e9cision en fonction de ces informations, il en va de m\u00eame pour IAFF.  <\/p>\n<\/div>\n\n<div class=\"wp-block-paragraph \">\n<p>Ce syndicat voit les candidats avec une orientation tr\u00e8s \u00e9troite. <strong>Les d\u00e9cisions sont fond\u00e9es sur la position des candidats sur les questions de pompiers et de travail<\/strong>, telles que les droits de n\u00e9gociation collective, la protection des normes de travail \u00e9quitables et des droits aux heures suppl\u00e9mentaires, l\u2019\u00e9quit\u00e9 salariale pour les pompiers f\u00e9d\u00e9raux, la pr\u00e9somption d\u2019invalidit\u00e9 pour les pompiers f\u00e9d\u00e9raux, le financement des initiatives de premiers r\u00e9pondants, le financement int\u00e9gral de la loi FIRE et des programmes SAFER.  la protection des prestations de retraite et de s\u00e9curit\u00e9 sociale, ainsi que la protection et l\u2019extension des prestations de soins de sant\u00e9 pour les participants actifs et retrait\u00e9s, pour n\u2019en nommer que quelques-uns.  <\/p>\n<\/div>\n\n<div class=\"wp-block-paragraph \">\n<p>Ce sont les types de questions sur lesquelles CAPFEU de IAFF se concentre lorsqu\u2019il prend la d\u00e9cision d\u2019appuyer ou non un candidat.<strong> IAFF CAPFEU ne fonde pas et ne fondera pas ses d\u00e9cisions sur des questions telles que les droits du deuxi\u00e8me amendement, les droits reproductifs, l\u2019environnement ou d\u2019autres questions sociales sur lesquelles bon nombre de nos membres croient fermement. <\/strong><\/p>\n<\/div>\n\n\n<figure class=\"wp-block-pullquote has-text-align-left\"><blockquote><p>IAFF croit, respecte et c\u00e9l\u00e8bre le droit absolu de chaque membre de IAFF de voter pour le candidat qu\u2019il estime le mieux repr\u00e9senter et adh\u00e8re \u00e0 ses points de vue et \u00e0 sa philosophie politique. Personne, y compris votre syndicat, ne peut vous dire comment voter. Cependant, tout comme les membres de IAFF examinent l\u2019histoire, les postes et la plateforme de chaque candidat et prennent une d\u00e9cision en fonction de cette information, IAFF le fait aussi.  <\/p><\/blockquote><\/figure>\n\n\n<div class=\"wp-block-paragraph \">\n<p><strong>IAFF a une mission : am\u00e9liorer la vie et les moyens de subsistance des pompiers professionnels.<\/strong>  Nous savons que l\u2019une des fa\u00e7ons les plus importantes de repr\u00e9senter nos membres est dans les assembl\u00e9es l\u00e9gislatives de tous les ordres de gouvernement, car c\u2019est l\u00e0 que sont prises la plupart des d\u00e9cisions qui ont une incidence sur nos membres et leur travail. C\u2019est pourquoi nous jouons fort en politique \u2013 afin d\u2019aider \u00e0 faire \u00e9lire des gens qui feront avancer notre programme l\u00e9gislatif. <\/p>\n<\/div>\n\n<div class=\"wp-block-paragraph \">\n<p>\u00c0 ce titre, ce syndicat est un groupe de d\u00e9fense similaire \u00e0 la NRA, \u00e0 la Coalition chr\u00e9tienne, au Sierra Club, \u00e0 la Chambre de commerce, \u00e0 la Ligue nationale des villes, etc. Notre \u00e9ventail de questions est tr\u00e8s sp\u00e9cifique. Personne ne devrait s\u2019attendre ou l\u2019accepter si la NRA appuie les droits de n\u00e9gociation des pompiers. De m\u00eame, personne ne s\u2019attend \u00e0 ce que la Christian Coalition base son soutien aux candidats sur le financement de la loi FIRE ou des subventions SAFER. Par cons\u00e9quent, personne ne devrait s\u2019attendre \u00e0 ce que IAFF fonde son appui sur autre chose que son ensemble de questions sp\u00e9cifiques.  <\/p>\n<\/div>\n\n<div class=\"wp-block-paragraph \">\n<p>Bien que vous puissiez personnellement \u00eatre en d\u00e9saccord avec un appui de IAFF et croire qu\u2019un autre candidat repr\u00e9sente mieux votre propre point de vue sur des questions importantes pour vous, veuillez garder \u00e0 l\u2019esprit que l\u2019appui de IAFF porte sur la position du candidat sur les services d\u2019incendie et les questions de travail. Et, tout comme IAFF respecte votre droit de voter pour le candidat de votre choix, nous demandons le m\u00eame respect en ce qui concerne le devoir de IAFF de faire son appui en fonction des services d\u2019incendie, de l\u2019emploi, de la s\u00e9curit\u00e9 et de la sant\u00e9, et des questions de travail qui affectent directement la vie et les moyens de subsistance de nos membres.  <\/p>\n<\/div>\n\n<div class=\"wp-block-paragraph \">\n<p>Dans un syndicat, une association ou m\u00eame un parti politique, lorsqu\u2019une organisation appuie un candidat particulier ou une position sp\u00e9cifique sur une question, tous les membres ne sont pas d\u2019accord. En fait, presque chaque fois qu\u2019un appui est fait, il y a d\u00e9saccord \u2013 mais il est g\u00e9n\u00e9ralement bas\u00e9 sur des penchants politiques personnels ou sur la fa\u00e7on dont on valorise certains enjeux. Les gens ont le droit et respectent leur droit de ne pas \u00eatre d\u2019accord et d\u2019exprimer leurs propres opinions.  <\/p>\n<\/div>\n\n<div class=\"wp-block-paragraph \">\n<p>La politique au sein de IAFF est une question de respect mutuel. IAFF respecte le droit de ses membres de voter pour qui ils choisissent, et nous esp\u00e9rons que vous respecterez le droit de IAFF d\u2019appuyer les candidats, quel que soit leur parti, qui ont manifest\u00e9 leur soutien \u00e0 IAFF et aux pompiers professionnels. IAFF respecte \u00e9galement le droit des \u00c9tats et des affili\u00e9s individuels d\u2019appuyer le candidat qui, selon eux, repr\u00e9sentera le mieux leurs membres au niveau de l\u2019\u00c9tat et au niveau local. <\/p>\n<\/div>\n<\/div><\/section>\n","protected":false},"excerpt":{"rendered":"","protected":false},"featured_media":0,"parent":77900,"menu_order":0,"comment_status":"closed","ping_status":"closed","template":"","meta":{"_acf_changed":false,"_searchwp_excluded":"","inline_featured_image":false,"_EventAllDay":false,"_EventTimezone":"","_EventStartDate":"","_EventEndDate":"","_EventStartDateUTC":"","_EventEndDateUTC":"","_EventShowMap":false,"_EventShowMapLink":false,"_EventURL":"","_EventCost":"","_EventCostDescription":"","_EventCurrencySymbol":"","_EventCurrencyCode":"","_EventCurrencyPosition":"","_EventDateTimeSeparator":"","_EventTimeRangeSeparator":"","_EventOrganizerID":[],"_EventVenueID":[],"_OrganizerEmail":"","_OrganizerPhone":"","_OrganizerWebsite":"","_VenueAddress":"","_VenueCity":"","_VenueCountry":"","_VenueProvince":"","_VenueState":"","_VenueZip":"","_VenuePhone":"","_VenueURL":"","_VenueStateProvince":"","_VenueLat":"","_VenueLng":"","_VenueShowMap":false,"_VenueShowMapLink":false,"footnotes":""},"class_list":["post-77162","page","type-page","status-publish","hentry"],"acf":[],"publishpress_future_workflow_manual_trigger":{"enabledWorkflows":[]},"_links":{"self":[{"href":"https:\/\/www.iaff.org\/fr-ca\/wp-json\/wp\/v2\/pages\/77162","targetHints":{"allow":["GET"]}}],"collection":[{"href":"https:\/\/www.iaff.org\/fr-ca\/wp-json\/wp\/v2\/pages"}],"about":[{"href":"https:\/\/www.iaff.org\/fr-ca\/wp-json\/wp\/v2\/types\/page"}],"author":[{"embeddable":true,"href":"https:\/\/www.iaff.org\/fr-ca\/wp-json\/wp\/v2\/users\/10"}],"replies":[{"embeddable":true,"href":"https:\/\/www.iaff.org\/fr-ca\/wp-json\/wp\/v2\/comments?post=77162"}],"version-history":[{"count":0,"href":"https:\/\/www.iaff.org\/fr-ca\/wp-json\/wp\/v2\/pages\/77162\/revisions"}],"up":[{"embeddable":true,"href":"https:\/\/www.iaff.org\/fr-ca\/wp-json\/wp\/v2\/pages\/77900"}],"wp:attachment":[{"href":"https:\/\/www.iaff.org\/fr-ca\/wp-json\/wp\/v2\/media?parent=77162"}],"curies":[{"name":"wp","href":"https:\/\/api.w.org\/{rel}","templated":true}]}}