{"id":76749,"date":"2019-05-03T13:12:19","date_gmt":"2019-05-03T17:12:19","guid":{"rendered":"https:\/\/www.iaff.org\/code-de-la-construction-immobiliere-et-de-la-securite-incendie\/"},"modified":"2025-06-20T14:35:28","modified_gmt":"2025-06-20T18:35:28","slug":"code-de-la-construction-immobiliere-et-de-la-securite-incendie","status":"publish","type":"page","link":"https:\/\/www.iaff.org\/fr-ca\/code-de-la-construction-immobiliere-et-de-la-securite-incendie\/","title":{"rendered":"Code de construction de b\u00e2timents et de s\u00e9curit\u00e9-incendie"},"content":{"rendered":"<section\n\t class=\"secondary-hero align wp-block-acf-secondary-hero\" id=\"secondary-hero_block_59c6d493329b70ac19fae79fed78fbe1\">\n\t\n<header\n\tclass=\"w-full u-bg-full-width px-[22px] md:ps-bleed md:pe-0 py-[60px] bg-blue text-white u-has-rivets\"\n\tdata-theme=\"navy\"\n>\n\t<div class=\"flex flex-col !px-0 !max-w-[1440px] w-full lg:!ps-indent\">\n\t\t<div class=\"border-t-[6px] w-full my-0 flex flex-col md:flex-row gap-x-[62px] gap-y-[22px] border-gold\">\n\t\t\t\t\t\t\t<div class=\"relative grid md:order-last md:w-1\/2 overflow-hidden place-items-center aspect-[157\/105]\">\n\t\t\t\t\t<img decoding=\"async\" width=\"1200\" height=\"800\" src=\"https:\/\/www.iaff.org\/wp-content\/uploads\/2024\/03\/L112_22452927-1200x800.jpg\" class=\"absolute object-cover min-w-full h-full\" alt=\"\" srcset=\"https:\/\/www.iaff.org\/wp-content\/uploads\/2024\/03\/L112_22452927-1200x800.jpg 1200w, https:\/\/www.iaff.org\/wp-content\/uploads\/2024\/03\/L112_22452927-300x200.jpg 300w, https:\/\/www.iaff.org\/wp-content\/uploads\/2024\/03\/L112_22452927-1024x683.jpg 1024w, https:\/\/www.iaff.org\/wp-content\/uploads\/2024\/03\/L112_22452927-768x512.jpg 768w, https:\/\/www.iaff.org\/wp-content\/uploads\/2024\/03\/L112_22452927-1536x1024.jpg 1536w, https:\/\/www.iaff.org\/wp-content\/uploads\/2024\/03\/L112_22452927-2048x1365.jpg 2048w, https:\/\/www.iaff.org\/wp-content\/uploads\/2024\/03\/L112_22452927-240x160.jpg 240w, https:\/\/www.iaff.org\/wp-content\/uploads\/2024\/03\/L112_22452927-1215x810.jpg 1215w\" sizes=\"(max-width: 1200px) 100vw, 1200px\" \/>\t\t\t\t<\/div>\n\t\t\t\t\t\t<div class=\"w-full md:w-1\/2 md:py-[45px]\">\n\t\t\t\t<div class=\"max-w-[600px] flex flex-col gap-[22px]\">\n\t\t\t\t\t\t\t\t\t\t\t<h1 class=\"has-[.u-halftone-shadow--dark]:mb-divider has-[.u-halftone-shadow--light]:mb-divider\">\n\t\t\t\t\t\t\t<span class=\"inline-flex text-heading-200 u-halftone-shadow--light\">\n\t\t\t\t\t\t\t\tCode de construction de b\u00e2timents et de s\u00e9curit\u00e9-incendie\t\t\t\t\t\t\t<\/span>\n\t\t\t\t\t\t<\/h1>\n\t\t\t\t\t\t\t\t\t\t\t\t\t\t\t\t<div class=\"text-body-300 font-sans\">\n\t\t\t\t\t\t\t<p>En tant qu\u2019utilisateur final de tous les codes du b\u00e2timent, les pompiers comptent sur les codes pour assurer leur s\u00e9curit\u00e9 et celle des occupants des b\u00e2timents en cas d\u2019urgence, et devraient donc avoir leur mot \u00e0 dire dans le processus d\u2019\u00e9laboration du code. Si vous ne vous impliquez pas dans le processus du code du b\u00e2timent et ne d\u00e9fendez pas votre s\u00e9curit\u00e9 et celle de vos coll\u00e8gues pompiers, alors qui le fera ? Ne laissez pas les autres membres de l\u2019industrie de la construction parler en votre nom.  <\/p>\n\t\t\t\t\t\t<\/div>\n\t\t\t\t\t\t\t\t\t\t\t\t\t\t\t\t\t\t\t\t\t\t\t\t\t\t\t<div class=\"flex flex-wrap gap-[30px]\">\n\t\t\t\t\t\t\t\t\t\t\t\t\t\t\t<!-- Renders the same as core\/button with a specific style -->\n\t<div\n\t\tclass=\"wp-block-button track-button-primary is-style-primary-red\"\n\t>\n\t\t<a\n\t\t\tclass=\"wp-block-button__link wp-element-button cursor-pointer dlm-no-xhr-download track-hero-secondary-cta md:w-auto min-w-[156px]\"\n\t\t\t\t\t\t\thref=\"\"\n\t\t\t\t\t\t\t\t\ttarget=\"_blank\"\n\t\t\t\t\trel=\"nofollow noopener\"\n\t\t\t\t\t\t\t\t\t>\n\t\t\tContactez-nous\t\t<\/a>\n\t<\/div>\n\t\t\t\t\t\t\t\t\t\t\t\t\t<\/div>\n\t\t\t\t\t\t\t\t\t\t\t\t\t\t<\/div>\n\t\t\t<\/div>\n\n\t\t<\/div>\n\t\t\t<\/div>\n<\/header>\n<\/section>\n<section\n\t class=\"page-blocks iaff-page-blocks align wp-block-acf-page-blocks\" id=\"page-blocks_block_d947c4a5aea63efd03defcaf6f4de91a\">\n\t<div class=\"acf-innerblocks-container\">\n<section\n\t class=\"secondary-navigation-automatic u-bg-full-width bg-smoke\/5 align wp-block-acf-secondary-navigation-automatic\" id=\"secondary-navigation-automatic_block_500bcad046cd59a924e7957f90eb58a8\">\n\t<\/section>\n\n<\/div><\/section>\n<section\n\t class=\"page-blocks iaff-page-blocks align wp-block-acf-page-blocks\" id=\"page-blocks_block_d947c4a5aea63efd03defcaf6f4de91a\">\n\t<div class=\"acf-innerblocks-container\">\n<div class=\"wp-block-paragraph \">\n<p>Cette ressource donne aux membres de l\u2019AIP les outils et les ressources dont ils ont besoin pour devenir un participant actif dans le processus des codes et des normes en fournissant :<\/p>\n<\/div>\n\n<div class=\"wp-block-list\">\n<ul class=\"wp-block-list\">\n<li>Des exemples concrets qui montrent comment les codes d\u2019incendie et du b\u00e2timent peuvent pr\u00e9venir les d\u00e9c\u00e8s dans l\u2019exercice de leurs fonctions, les effondrements de b\u00e2timents et d\u2019autres trag\u00e9dies<\/li>\n\n\n\n<li>Les derni\u00e8res nouvelles sur les tendances de conception de b\u00e2timents modernes et les mat\u00e9riaux de construction et comment ils influencent le comportement des incendies et les tactiques de lutte contre les incendies<\/li>\n\n\n\n<li>Lignes directrices sur la fa\u00e7on de r\u00e9diger, de soumettre et d\u2019examiner les codes soumis \u00e0 la fois \u00e0 la NFPA et au CIC<\/li>\n\n\n\n<li>R\u00e9sum\u00e9s sur les derni\u00e8res recherches en mati\u00e8re de comportement au feu et d\u2019essais de normes<\/li>\n<\/ul>\n<\/div>\n<\/div><\/section>\n<section\n\t class=\"page-blocks iaff-page-blocks align wp-block-acf-page-blocks\" id=\"page-blocks_block_d947c4a5aea63efd03defcaf6f4de91a\">\n\t<div class=\"acf-innerblocks-container\">\n<section\n\t class=\"callout-section pt-20 md:pt-[100px] bg-transparent align wp-block-acf-callout-section\" id=\"callout-section_block_e09c1298e7ff7caa6ca45c4fa70a8c84\">\n\t\t<div class=\"border-b border-black\">\n\t\t\t<\/div>\n\n\t<!-- TODO: Constrain to content width -->\n\t<div class=\"w-full flex flex-col\">\n\t\t<!-- Callouts -->\n\t\t<div class=\"acf-innerblocks-container\">\n<section\n\t class=\"callout align wp-block-acf-callout\" id=\"callout_block_05ecc1beb22fd8f34d0e45b0220d2ef0\">\n\t<div class=\"grid md:grid-cols-2 gap-0\">\n\t\t<figure\n\t\t\tclass=\"grid place-items-center\"\n\t\t>\n\t\t\t\t\t\t\t<div class=\"relative\">\n\t\t\t\t\t<img decoding=\"async\" width=\"300\" height=\"300\" src=\"https:\/\/www.iaff.org\/wp-content\/uploads\/2024\/02\/iaff-logo-uscanada-300.png\" class=\"w-full block h-auto object-cover\" alt=\"\" srcset=\"https:\/\/www.iaff.org\/wp-content\/uploads\/2024\/02\/iaff-logo-uscanada-300.png 300w, https:\/\/www.iaff.org\/wp-content\/uploads\/2024\/02\/iaff-logo-uscanada-300-150x150.png 150w, https:\/\/www.iaff.org\/wp-content\/uploads\/2024\/02\/iaff-logo-uscanada-300-240x240.png 240w\" sizes=\"(max-width: 300px) 100vw, 300px\" \/>\t\t\t\t\t<div class=\"u-halftone-overlay\"><\/div>\n\t\t\t\t<\/div>\n\t\t\t\t\t<\/figure>\n\t\t<div class=\"flex flex-col gap-2 py-[54px] text-smoke md:p-10 justify-center md:px-15\">\n\t\t\t\t\t\t\t<div class=\"font-heading text-[16px] leading-[1.3] pb-3\">\n\t\t\t\t\tImpliquez-vous\t\t\t\t<\/div>\n\t\t\t\t\t\t\t\t\t\t<div class=\"font-serif font-600 text-[34px] leading-[1.1] -tracking-[0.5px]\">\n\t\t\t\t\tRepr\u00e9sentants des normes de s\u00e9curit\u00e9-incendie\t\t\t\t<\/div>\n\t\t\t\t\t\t\t\t\t\t<div class=\"font-sans font-350 text-[18px] leading-[1.5]\">\n\t\t\t\t\t<p>Les repr\u00e9sentants de l\u2019AIP sont nomm\u00e9s par le pr\u00e9sident g\u00e9n\u00e9ral pour participer \u00e0 l\u2019\u00e9laboration et \u00e0 la mise en \u0153uvre de normes exhaustives de d\u00e9ploiement et de dotation pour les pompiers professionnels, ainsi qu\u2019\u00e0 l\u2019\u00e9laboration de normes pour les v\u00eatements et l\u2019\u00e9quipement de protection, la qualification et la certification, ainsi que la s\u00e9curit\u00e9 et la sant\u00e9 par l\u2019entremise de l\u2019Association nationale de protection contre les incendies, de l\u2019Office des normes du Canada et du Conseil international des codes.<\/p>\n<p>Pour obtenir des renseignements sur les repr\u00e9sentants des normes et des codes de l\u2019AIP, communiquez avec le pr\u00e9sident de votre section locale ou le vice-pr\u00e9sident de votre district.<\/p>\n\t\t\t\t<\/div>\n\t\t\t\t\t\t\t\t<\/div>\n\t<\/div>\n<\/section>\n\n<\/div>\n\t\t\t<\/div>\n<\/section>\n\n<\/div><\/section>\n\n<div class=\"wp-block-group is-content-justification-center is-nowrap is-layout-flex wp-container-core-group-is-layout-94bc23d7 wp-block-group-is-layout-flex\">\n<div class=\"wp-block-columns wp-container-content-9cfa9a5a is-layout-flex wp-container-core-columns-is-layout-9d6595d7 wp-block-columns-is-layout-flex\">\n<div class=\"wp-block-column is-layout-flow wp-block-column-is-layout-flow\"><div class=\"wp-block-video-container u-bg-full-width u-halftone-bg-70\">\n<figure class=\"wp-block-embed is-type-video is-provider-youtube wp-block-embed-youtube wp-embed-aspect-16-9 wp-has-aspect-ratio\"><div class=\"wp-block-embed__wrapper\">\n<iframe title=\"ICC Codes and Standards Process: How to Get Involved\" width=\"500\" height=\"281\" src=\"https:\/\/www.youtube.com\/embed\/UT7mrxXPjk4?feature=oembed\" frameborder=\"0\" allow=\"accelerometer; autoplay; clipboard-write; encrypted-media; gyroscope; picture-in-picture; web-share\" referrerpolicy=\"strict-origin-when-cross-origin\" allowfullscreen><\/iframe>\n<\/div><figcaption class=\"wp-element-caption\">Processus des codes et des normes du CIC : Comment s\u2019impliquer<\/figcaption><\/figure>\n<\/div><\/div>\n\n\n\n<div class=\"wp-block-column is-layout-flow wp-block-column-is-layout-flow\"><div class=\"wp-block-video-container u-bg-full-width u-halftone-bg-70\">\n<figure class=\"wp-block-embed is-type-video is-provider-youtube wp-block-embed-youtube wp-embed-aspect-16-9 wp-has-aspect-ratio\"><div class=\"wp-block-embed__wrapper\">\n<iframe title=\"NFPA Codes and Standards Process: How to Get Involved\" width=\"500\" height=\"281\" src=\"https:\/\/www.youtube.com\/embed\/znShMH70lM8?feature=oembed\" frameborder=\"0\" allow=\"accelerometer; autoplay; clipboard-write; encrypted-media; gyroscope; picture-in-picture; web-share\" referrerpolicy=\"strict-origin-when-cross-origin\" allowfullscreen><\/iframe>\n<\/div><figcaption class=\"wp-element-caption\">Processus des codes et des normes de la NFPA : Comment s\u2019impliquer<\/figcaption><\/figure>\n<\/div><\/div>\n<\/div>\n<\/div>\n\n<style>.wp-block-column > .wp-block-video-container {width: 100%;}\n\n<\/style>\n","protected":false},"excerpt":{"rendered":"","protected":false},"featured_media":0,"parent":0,"menu_order":0,"comment_status":"closed","ping_status":"closed","template":"","meta":{"_acf_changed":false,"_searchwp_excluded":"","inline_featured_image":false,"_EventAllDay":false,"_EventTimezone":"","_EventStartDate":"","_EventEndDate":"","_EventStartDateUTC":"","_EventEndDateUTC":"","_EventShowMap":false,"_EventShowMapLink":false,"_EventURL":"","_EventCost":"","_EventCostDescription":"","_EventCurrencySymbol":"","_EventCurrencyCode":"","_EventCurrencyPosition":"","_EventDateTimeSeparator":"","_EventTimeRangeSeparator":"","_EventOrganizerID":[],"_EventVenueID":[],"_OrganizerEmail":"","_OrganizerPhone":"","_OrganizerWebsite":"","_VenueAddress":"","_VenueCity":"","_VenueCountry":"","_VenueProvince":"","_VenueState":"","_VenueZip":"","_VenuePhone":"","_VenueURL":"","_VenueStateProvince":"","_VenueLat":"","_VenueLng":"","_VenueShowMap":false,"_VenueShowMapLink":false,"footnotes":""},"class_list":["post-76749","page","type-page","status-publish","hentry"],"acf":[],"publishpress_future_workflow_manual_trigger":{"enabledWorkflows":[]},"_links":{"self":[{"href":"https:\/\/www.iaff.org\/fr-ca\/wp-json\/wp\/v2\/pages\/76749","targetHints":{"allow":["GET"]}}],"collection":[{"href":"https:\/\/www.iaff.org\/fr-ca\/wp-json\/wp\/v2\/pages"}],"about":[{"href":"https:\/\/www.iaff.org\/fr-ca\/wp-json\/wp\/v2\/types\/page"}],"author":[{"embeddable":true,"href":"https:\/\/www.iaff.org\/fr-ca\/wp-json\/wp\/v2\/users\/5"}],"replies":[{"embeddable":true,"href":"https:\/\/www.iaff.org\/fr-ca\/wp-json\/wp\/v2\/comments?post=76749"}],"version-history":[{"count":0,"href":"https:\/\/www.iaff.org\/fr-ca\/wp-json\/wp\/v2\/pages\/76749\/revisions"}],"wp:attachment":[{"href":"https:\/\/www.iaff.org\/fr-ca\/wp-json\/wp\/v2\/media?parent=76749"}],"curies":[{"name":"wp","href":"https:\/\/api.w.org\/{rel}","templated":true}]}}