{"id":76748,"date":"2019-06-24T18:16:57","date_gmt":"2019-06-24T22:16:57","guid":{"rendered":"https:\/\/www.iaff.org\/notions-de-base-de-ladhesion\/"},"modified":"2024-08-26T15:46:59","modified_gmt":"2024-08-26T19:46:59","slug":"notions-de-base-de-ladhesion","status":"publish","type":"page","link":"https:\/\/www.iaff.org\/fr-ca\/notions-de-base-de-ladhesion\/","title":{"rendered":"Notions de base de l\u2019adh\u00e9sion"},"content":{"rendered":"<section\n\t class=\"secondary-hero align wp-block-acf-secondary-hero\" id=\"secondary-hero_block_9f00473b37e11113a58681808bc663ad\">\n\t\n<header\n\tclass=\"w-full u-bg-full-width px-[22px] md:ps-bleed md:pe-0 py-[60px] bg-blue text-white u-has-rivets\"\n\tdata-theme=\"navy\"\n>\n\t<div class=\"flex flex-col !px-0 !max-w-[1440px] w-full lg:!ps-indent\">\n\t\t<div class=\"border-t-[6px] w-full my-0 flex flex-col md:flex-row gap-x-[62px] gap-y-[22px] border-gold\">\n\t\t\t\t\t\t\t<div class=\"relative grid md:order-last md:w-1\/2 overflow-hidden place-items-center aspect-[157\/105]\">\n\t\t\t\t\t<img decoding=\"async\" width=\"1200\" height=\"800\" src=\"https:\/\/www.iaff.org\/wp-content\/uploads\/2024\/02\/29057071-copy-1200x800.jpg\" class=\"absolute object-cover min-w-full h-full\" alt=\"\" srcset=\"https:\/\/www.iaff.org\/wp-content\/uploads\/2024\/02\/29057071-copy-1200x800.jpg 1200w, https:\/\/www.iaff.org\/wp-content\/uploads\/2024\/02\/29057071-copy-300x200.jpg 300w, https:\/\/www.iaff.org\/wp-content\/uploads\/2024\/02\/29057071-copy-1024x683.jpg 1024w, https:\/\/www.iaff.org\/wp-content\/uploads\/2024\/02\/29057071-copy-768x512.jpg 768w, https:\/\/www.iaff.org\/wp-content\/uploads\/2024\/02\/29057071-copy-1536x1024.jpg 1536w, https:\/\/www.iaff.org\/wp-content\/uploads\/2024\/02\/29057071-copy-2048x1365.jpg 2048w, https:\/\/www.iaff.org\/wp-content\/uploads\/2024\/02\/29057071-copy-240x160.jpg 240w, https:\/\/www.iaff.org\/wp-content\/uploads\/2024\/02\/29057071-copy-1215x810.jpg 1215w\" sizes=\"(max-width: 1200px) 100vw, 1200px\" \/>\t\t\t\t<\/div>\n\t\t\t\t\t\t<div class=\"w-full md:w-1\/2 md:py-[45px]\">\n\t\t\t\t<div class=\"max-w-[600px] flex flex-col gap-[22px]\">\n\t\t\t\t\t\t\t\t\t\t\t<h1 class=\"has-[.u-halftone-shadow--dark]:mb-divider has-[.u-halftone-shadow--light]:mb-divider\">\n\t\t\t\t\t\t\t<span class=\"inline-flex text-heading-200 u-halftone-shadow--light\">\n\t\t\t\t\t\t\t\tNotions de base de l\u2019adh\u00e9sion\t\t\t\t\t\t\t<\/span>\n\t\t\t\t\t\t<\/h1>\n\t\t\t\t\t\t\t\t\t\t\t\t\t\t\t\t<div class=\"text-body-300 font-sans\">\n\t\t\t\t\t\t\t<p>L\u2019AIP est votre syndicat et nous sommes l\u00e0 pour vous soutenir. D\u00e9couvrez ce que signifie \u00eatre membre d\u2019un syndicat, quelles sont les cat\u00e9gories de membres offertes, et les outils et ressources mis \u00e0 la disposition des membres de l\u2019AIP.<\/p>\n\t\t\t\t\t\t<\/div>\n\t\t\t\t\t\t\t\t\t\t\t\t\t\t\t\t\t\t\t\t\t\t\t\t<\/div>\n\t\t\t<\/div>\n\n\t\t<\/div>\n\t\t\t<\/div>\n<\/header>\n<\/section>\n<section\n\t class=\"page-blocks iaff-page-blocks align wp-block-acf-page-blocks\" id=\"page-blocks_block_358a9b043a0b78719b653cec279ff7b9\">\n\t<div class=\"acf-innerblocks-container\">\n<section\n\t class=\"section-header mb-10 align wp-block-acf-section-header\" id=\"section-header_block_8cf25ac26e88b581fe12479b753150a3\">\n\t<div class=\"\">\n\t<div class=\"flex flex-col md:flex-row justify-between max-w-content gap-x-8 md:items-end flex-wrap\">\n\t\t<h2 class=\"text-heading-200 pb-[2px]\">\n\t\t\tQu\u2019est-ce qu\u2019un syndicat?\t\t<\/h2>\n\n\t\t\t\t\t<div class=\"md:order-last w-full\">\n\t\t\t\t\n\t<hr class=\"h-[6px] text-red border-red bg-red w-full my-0\" role=\"presentation\"\/>\n\n\t<div class=\"h-divider w-full bg-halftone-divider bg-right\"><\/div>\n\t\t\t<\/div>\n\t\t\n\t\t\t<\/div>\n<\/div>\n<\/section>\n\n\n<div class=\"wp-block-paragraph \">\n<p>Les membres d\u2019un syndicat travaillent ensemble pour n\u00e9gocier et faire respecter un contrat avec la direction qui garantit des choses auxquelles vous tenez, comme des salaires \u00e9quitables et de bons avantages sociaux, y compris des soins de sant\u00e9, la s\u00e9curit\u00e9 de l\u2019emploi et de la retraite, ainsi que des lieux de travail s\u00fbrs et respectueux.<\/p>\n<\/div>\n\n<div class=\"wp-block-paragraph \">\n<p>Les syndicats \u00e9lisent d\u00e9mocratiquement leurs dirigeants, qui d\u00e9fendent ensuite leurs int\u00e9r\u00eats lors des n\u00e9gociations avec la direction. Ce processus est facilit\u00e9 par le processus de n\u00e9gociation collective. Les travailleurs syndiqu\u00e9s b\u00e9n\u00e9ficient d\u2019un salaire plus \u00e9lev\u00e9, de meilleurs avantages sociaux, d\u2019une meilleure s\u00e9curit\u00e9 d\u2019emploi et d\u2019une plus grande s\u00e9curit\u00e9 sur le lieu de travail que les travailleurs non syndiqu\u00e9s. <\/p>\n<\/div>\n\n\n<div class=\"wp-block-buttons is-layout-flex wp-block-buttons-is-layout-flex\">\n<div class=\"wp-block-button\"><a class=\"wp-block-button__link wp-element-button\" href=\"https:\/\/aflcio.org\/what-unions-do\" target=\"_blank\" rel=\"noreferrer noopener\">En savoir plus sur les syndicats!<\/a><\/div>\n<\/div>\n\n\n<section\n\t class=\"section-header mb-10 align wp-block-acf-section-header\" id=\"section-header_block_f761a04cbe554b899025a9e10d52bbc1\">\n\t<div class=\"\">\n\t<div class=\"flex flex-col md:flex-row justify-between max-w-content gap-x-8 md:items-end flex-wrap\">\n\t\t<h2 class=\"text-heading-200 pb-[2px]\">\n\t\t\tPourquoi devrais-je adh\u00e9rer \u00e0 l\u2019AIP?\t\t<\/h2>\n\n\t\t\t\t\t<div class=\"md:order-last w-full\">\n\t\t\t\t\n\t<hr class=\"h-[6px] text-red border-red bg-red w-full my-0\" role=\"presentation\"\/>\n\n\t<div class=\"h-divider w-full bg-halftone-divider bg-right\"><\/div>\n\t\t\t<\/div>\n\t\t\n\t\t\t<\/div>\n<\/div>\n<\/section>\n\n\n<div class=\"wp-block-paragraph \">\n<p>L\u2019AIP est le plus grand et le plus puissant syndicat de pompiers et de travailleurs des services m\u00e9dicaux d\u2019urgence en Am\u00e9rique\u00a0du\u00a0Nord. Depuis plus de 100\u00a0ans, l\u2019AIP d\u00e9fend la s\u00e9curit\u00e9 des conditions de travail, la n\u00e9gociation collective, l\u2019am\u00e9lioration des salaires et des avantages sociaux, et la s\u00e9curit\u00e9 des retraites pour ses membres. Avec pr\u00e8s de 350\u00a0000\u00a0membres et un nombre croissant de membres aux\u00a0\u00c9tats-Unis et au\u00a0Canada, nous canalisons le pouvoir que repr\u00e9sentent ces derniers et l\u2019investissons dans nos membres et notre syndicat. Nous proposons des outils, des ressources et des avantages sociaux pour que nos membres et les dirigeants de nos affili\u00e9s puissent d\u00e9fendre leurs int\u00e9r\u00eats, ceux de leurs familles et ceux de leurs confr\u00e8res et cons\u0153urs syndiqu\u00e9s \u00e0 la table des n\u00e9gociations.<\/p>\n<\/div>\n\n\n<div class=\"wp-block-buttons is-layout-flex wp-block-buttons-is-layout-flex\">\n<div class=\"wp-block-button\"><a class=\"wp-block-button__link wp-element-button\" href=\"https:\/\/www.iaff.org\/fr-ca\/ressources-pour-les-membres\/\" target=\"_blank\" rel=\"noreferrer noopener\">Avantages sociaux et outils des membres de l\u2019AIP<\/a><\/div>\n<\/div>\n\n\n<section\n\t class=\"section-header mb-10 align wp-block-acf-section-header\" id=\"section-header_block_0ceab7fb8aaadb613c0d447ad165ff77\">\n\t<div class=\"\">\n\t<div class=\"flex flex-col md:flex-row justify-between max-w-content gap-x-8 md:items-end flex-wrap\">\n\t\t<h2 class=\"text-heading-200 pb-[2px]\">\n\t\t\tAdh\u00e9rer \u00e0 l\u2019AIP\t\t<\/h2>\n\n\t\t\t\t\t<div class=\"md:order-last w-full\">\n\t\t\t\t\n\t<hr class=\"h-[6px] text-red border-red bg-red w-full my-0\" role=\"presentation\"\/>\n\n\t<div class=\"h-divider w-full bg-halftone-divider bg-right\"><\/div>\n\t\t\t<\/div>\n\t\t\n\t\t\t<\/div>\n<\/div>\n<\/section>\n\n\n<div class=\"wp-block-paragraph \">\n<p>Les particuliers ne peuvent pas adh\u00e9rer \u00e0 l\u2019AIP. Pour devenir un membre actif de l\u2019AIP, il faut adh\u00e9rer \u00e0 une section locale \u00e0 charte affili\u00e9e \u00e0 l\u2019AIP.<\/p>\n<\/div>\n\n<div class=\"wp-block-paragraph \">\n<p>Pour obtenir de plus amples renseignements, envoyez un courriel \u00e0 l\u2019adresse <a href=\"mailto:join@iaff.org\">join@iaff.org<\/a>.<\/p>\n<\/div>\n\n\n<h4 class=\"wp-block-heading\"><strong>Types d\u2019affili\u00e9s de l\u2019AIP<\/strong><\/h4>\n\n\n<div class=\"wp-block-list\">\n<ul class=\"wp-block-list\">\n<li>Association \u00e9tatique (A)<\/li>\n\n\n\n<li>Association provinciale (C)<\/li>\n\n\n\n<li>Section locale f\u00e9d\u00e9rale (F)<\/li>\n\n\n\n<li>Section locale industrielle (I)<\/li>\n\n\n\n<li>Section locale municipale (L)<\/li>\n\n\n\n<li>Section locale \u00e9tatique (S)<\/li>\n<\/ul>\n<\/div>\n\n<section\n\t class=\"section-header mb-10 align wp-block-acf-section-header\" id=\"section-header_block_45190014b0eb625422130790ec6c0e3a\">\n\t<div class=\"\">\n\t<div class=\"flex flex-col md:flex-row justify-between max-w-content gap-x-8 md:items-end flex-wrap\">\n\t\t<h2 class=\"text-heading-200 pb-[2px]\">\n\t\t\tCat\u00e9gories de membres\t\t<\/h2>\n\n\t\t\t\t\t<div class=\"md:order-last w-full\">\n\t\t\t\t\n\t<hr class=\"h-[6px] text-red border-red bg-red w-full my-0\" role=\"presentation\"\/>\n\n\t<div class=\"h-divider w-full bg-halftone-divider bg-right\"><\/div>\n\t\t\t<\/div>\n\t\t\n\t\t\t<\/div>\n<\/div>\n<\/section>\n\n\n<div class=\"wp-block-paragraph \">\n<p>La Constitution et r\u00e8glements administratifs de l\u2019AIP (article\u00a0III, section\u00a01\u00a0\u00e0\u00a03) pr\u00e9voit trois cat\u00e9gories de membres de l\u2019AIP\u00a0:<\/p>\n<\/div>\n\n<div class=\"wp-block-list\">\n<ul class=\"wp-block-list\">\n<li>Actifs<\/li>\n\n\n\n<li>Actifs retrait\u00e9s<\/li>\n\n\n\n<li>Honoraires<\/li>\n<\/ul>\n<\/div>\n\n<section\n\t class=\"column-list-section align wp-block-acf-column-list-section\" id=\"column-list-section_block_304eee143b1bcb8e18515ccfd9c1a3f8\">\n\t<div class=\"bg-smoke\/5 px-[19px] pt-[60px] pb-block-spacing md:px-[96px] md:mx-indent iaff-column-list-section\">\n\t\t\t\t<div class=\"acf-innerblocks-container\">\n<section\n\t class=\"column-list iaff-column-list align wp-block-acf-column-list\" id=\"column-list_block_c6a1a3a090025effc97a0dfcb9095b13\">\n\t<div class=\"relative flex flex-col gap-[14px] mb-[52px]\">\n\t\t\t\t<div class=\"relative bg-halftone-divider bg-center bg-no-repeat w-full h-divider\"><\/div>\n\t<\/div>\n\n\t\t<div class=\"acf-innerblocks-container\">\n<article\n\t class=\"column-list-card min-h-[187px] border-l-4 border-red pl-4 w-full md:w-auto item-inner flex flex-col gap-1 align wp-block-acf-column-list-card\" id=\"column-list-card_block_0b34f026dd87397a0c9f2d53a7702bd3\">\n\t\n\t\t\t<div class=\"text-heading-400 font-serif font-600 leading-7 mb-1\">\n\t\t\tMembre actif\t\t<\/div>\n\t\t\t\t<div class=\"text-body-400\">\n\t\t\t<p>Toute personne qui, au moment de la demande, est engag\u00e9e dans un service relevant du territoire de comp\u00e9tence de l\u2019AIP peut devenir membre actif par l\u2019interm\u00e9diaire de sa section locale.<\/p>\n\t\t<\/div>\n\t\t\t<\/article>\n\n\n<article\n\t class=\"column-list-card min-h-[187px] border-l-4 border-red pl-4 w-full md:w-auto item-inner flex flex-col gap-1 align wp-block-acf-column-list-card\" id=\"column-list-card_block_c2622331286f9fd4f024084a40aeca32\">\n\t\n\t\t\t<div class=\"text-heading-400 font-serif font-600 leading-7 mb-1\">\n\t\t\tMembre actif retrait\u00e9\t\t<\/div>\n\t\t\t\t<div class=\"text-body-400\">\n\t\t\t<p>Les membres de l\u2019AIP qui ont pris leur retraite de leur syndicat local respectif ou qui se sont retir\u00e9s de leur syndicat peuvent, en tant que membres en r\u00e8gle, \u00eatre autoris\u00e9s \u00e0 revenir au choix du syndicat local en tant que membre actif retrait\u00e9.<\/p>\n\t\t<\/div>\n\t\t\t<\/article>\n\n<\/div><\/section>\n\n\n<section\n\t class=\"column-list iaff-column-list align wp-block-acf-column-list\" id=\"column-list_block_c6a1a3a090025effc97a0dfcb9095b13\">\n\t<div class=\"relative flex flex-col gap-[14px] mb-[52px]\">\n\t\t\t\t<div class=\"relative bg-halftone-divider bg-center bg-no-repeat w-full h-divider\"><\/div>\n\t<\/div>\n\n\t\t<div class=\"acf-innerblocks-container\">\n<article\n\t class=\"column-list-card min-h-[187px] border-l-4 border-red pl-4 w-full md:w-auto item-inner flex flex-col gap-1 align wp-block-acf-column-list-card\" id=\"column-list-card_block_c687af5584ed294310e939bda7614632\">\n\t\n\t\t\t<div class=\"text-heading-400 font-serif font-600 leading-7 mb-1\">\n\t\t\tMembre honoraire\t\t<\/div>\n\t\t\t\t<div class=\"text-body-400\">\n\t\t\t<p>Les personnes qui ont rendu des services m\u00e9ritoires \u00e0 l\u2019AIP ou qui se sont distingu\u00e9es en mati\u00e8re de service public peuvent \u00eatre \u00e9lues membres honoraires par un vote majoritaire du Conseil ex\u00e9cutif de l\u2019AIP, d\u2019un syndicat subalterne de l\u2019AIP ou des d\u00e9l\u00e9gu\u00e9s \u00e0 un congr\u00e8s.<\/p>\n\t\t<\/div>\n\t\t\t<\/article>\n\n\n<article\n\t class=\"column-list-card min-h-[187px] border-l-4 border-red pl-4 w-full md:w-auto item-inner flex flex-col gap-1 align wp-block-acf-column-list-card\" id=\"column-list-card_block_ca6e0012290710b057476251c8271815\">\n\t\n\t\t\t<div class=\"text-heading-400 font-serif font-600 leading-7 mb-1\">\n\t\t\tAnciens de l\u2019AIP \t\t<\/div>\n\t\t\t\t<div class=\"text-body-400\">\n\t\t\t<p>Bien qu\u2019ils ne soient pas consid\u00e9r\u00e9s comme des membres actifs, les retrait\u00e9s qui n\u2019ont pas acc\u00e8s \u00e0 un programme de membre actif retrait\u00e9 dans leur section locale ou qui n\u2019y participent pas, et les membres anciens ou promus peuvent \u00eatre en mesure de poursuivre leur relation avec l\u2019AIP par l\u2019interm\u00e9diaire du programme des anciens de l\u2019AIP. <\/p>\n\t\t<\/div>\n\t\t\t<\/article>\n\n<\/div><\/section>\n\n<\/div>\t<\/div>\n<\/section>\n\n<\/div><\/section>\n","protected":false},"excerpt":{"rendered":"","protected":false},"featured_media":0,"parent":0,"menu_order":0,"comment_status":"closed","ping_status":"closed","template":"","meta":{"_acf_changed":false,"_searchwp_excluded":"","inline_featured_image":false,"_EventAllDay":false,"_EventTimezone":"","_EventStartDate":"","_EventEndDate":"","_EventStartDateUTC":"","_EventEndDateUTC":"","_EventShowMap":false,"_EventShowMapLink":false,"_EventURL":"","_EventCost":"","_EventCostDescription":"","_EventCurrencySymbol":"","_EventCurrencyCode":"","_EventCurrencyPosition":"","_EventDateTimeSeparator":"","_EventTimeRangeSeparator":"","_EventOrganizerID":[],"_EventVenueID":[],"_OrganizerEmail":"","_OrganizerPhone":"","_OrganizerWebsite":"","_VenueAddress":"","_VenueCity":"","_VenueCountry":"","_VenueProvince":"","_VenueState":"","_VenueZip":"","_VenuePhone":"","_VenueURL":"","_VenueStateProvince":"","_VenueLat":"","_VenueLng":"","_VenueShowMap":false,"_VenueShowMapLink":false,"footnotes":""},"class_list":["post-76748","page","type-page","status-publish","hentry"],"acf":[],"publishpress_future_workflow_manual_trigger":{"enabledWorkflows":[]},"_links":{"self":[{"href":"https:\/\/www.iaff.org\/fr-ca\/wp-json\/wp\/v2\/pages\/76748","targetHints":{"allow":["GET"]}}],"collection":[{"href":"https:\/\/www.iaff.org\/fr-ca\/wp-json\/wp\/v2\/pages"}],"about":[{"href":"https:\/\/www.iaff.org\/fr-ca\/wp-json\/wp\/v2\/types\/page"}],"author":[{"embeddable":true,"href":"https:\/\/www.iaff.org\/fr-ca\/wp-json\/wp\/v2\/users\/12"}],"replies":[{"embeddable":true,"href":"https:\/\/www.iaff.org\/fr-ca\/wp-json\/wp\/v2\/comments?post=76748"}],"version-history":[{"count":0,"href":"https:\/\/www.iaff.org\/fr-ca\/wp-json\/wp\/v2\/pages\/76748\/revisions"}],"wp:attachment":[{"href":"https:\/\/www.iaff.org\/fr-ca\/wp-json\/wp\/v2\/media?parent=76748"}],"curies":[{"name":"wp","href":"https:\/\/api.w.org\/{rel}","templated":true}]}}