{"id":76732,"date":"2019-07-02T18:15:49","date_gmt":"2019-07-02T22:15:49","guid":{"rendered":"https:\/\/www.iaff.org\/purdue-global\/"},"modified":"2024-08-26T12:23:27","modified_gmt":"2024-08-26T16:23:27","slug":"purdue-global","status":"publish","type":"page","link":"https:\/\/www.iaff.org\/fr-ca\/purdue-global\/","title":{"rendered":"Purdue\u00a0Global"},"content":{"rendered":"<section\n\t class=\"secondary-hero align wp-block-acf-secondary-hero\" id=\"secondary-hero_block_103820493f198e33bed5338d520663b6\">\n\t\n<header\n\tclass=\"w-full u-bg-full-width px-[22px] md:ps-bleed md:pe-0 py-[60px] bg-smoke-5 text-black u-has-rivets u-rivets-dark\"\n\tdata-theme=\"gray\"\n>\n\t<div class=\"flex flex-col !px-0 !max-w-[1440px] w-full lg:!ps-indent\">\n\t\t<div class=\"border-t-[6px] w-full my-0 flex flex-col md:flex-row gap-x-[62px] gap-y-[22px] border-red\">\n\t\t\t\t\t\t\t<div class=\"relative grid md:order-last md:w-1\/2 overflow-hidden place-items-center max-h-[500px]\">\n\t\t\t\t\t<img decoding=\"async\" width=\"240\" height=\"215\" src=\"https:\/\/www.iaff.org\/wp-content\/uploads\/2024\/03\/PurdueGlobal_Logo-Stacked-Black-Gold-RGB-240x215.png\" class=\"max-w-full\" alt=\"\" srcset=\"https:\/\/www.iaff.org\/wp-content\/uploads\/2024\/03\/PurdueGlobal_Logo-Stacked-Black-Gold-RGB-240x215.png 240w, https:\/\/www.iaff.org\/wp-content\/uploads\/2024\/03\/PurdueGlobal_Logo-Stacked-Black-Gold-RGB-300x269.png 300w, https:\/\/www.iaff.org\/wp-content\/uploads\/2024\/03\/PurdueGlobal_Logo-Stacked-Black-Gold-RGB-1024x918.png 1024w, https:\/\/www.iaff.org\/wp-content\/uploads\/2024\/03\/PurdueGlobal_Logo-Stacked-Black-Gold-RGB-768x688.png 768w, https:\/\/www.iaff.org\/wp-content\/uploads\/2024\/03\/PurdueGlobal_Logo-Stacked-Black-Gold-RGB-1536x1376.png 1536w, https:\/\/www.iaff.org\/wp-content\/uploads\/2024\/03\/PurdueGlobal_Logo-Stacked-Black-Gold-RGB-2048x1835.png 2048w, https:\/\/www.iaff.org\/wp-content\/uploads\/2024\/03\/PurdueGlobal_Logo-Stacked-Black-Gold-RGB-893x800.png 893w, https:\/\/www.iaff.org\/wp-content\/uploads\/2024\/03\/PurdueGlobal_Logo-Stacked-Black-Gold-RGB-904x810.png 904w\" sizes=\"(max-width: 240px) 100vw, 240px\" \/>\t\t\t\t<\/div>\n\t\t\t\t\t\t<div class=\"w-full md:w-1\/2 md:py-[45px]\">\n\t\t\t\t<div class=\"max-w-[600px] flex flex-col gap-[22px]\">\n\t\t\t\t\t\t\t\t\t\t\t<h1 class=\"has-[.u-halftone-shadow--dark]:mb-divider has-[.u-halftone-shadow--light]:mb-divider\">\n\t\t\t\t\t\t\t<span class=\"inline-flex text-heading-200 u-halftone-shadow--dark\">\n\t\t\t\t\t\t\t\tPurdue\u00a0Global\t\t\t\t\t\t\t<\/span>\n\t\t\t\t\t\t<\/h1>\n\t\t\t\t\t\t\t\t\t\t\t\t\t\t\t\t\t\t\t\t\t\t\t\t\t\t\t\t\t<\/div>\n\t\t\t<\/div>\n\n\t\t<\/div>\n\t\t\t<\/div>\n<\/header>\n<\/section>\n<section\n\t class=\"page-blocks iaff-page-blocks align wp-block-acf-page-blocks\" id=\"page-blocks_block_19f24372918ef6f0108bb7bee940621a\">\n\t<div class=\"acf-innerblocks-container\">\n\n<h3 class=\"wp-block-heading\">Les membres am\u00e9ricains et canadiens de l\u2019AIP, le personnel et leur famille imm\u00e9diate peuvent b\u00e9n\u00e9ficier d\u2019importantes r\u00e9ductions sur les frais de scolarit\u00e9* et d\u2019avantages en mati\u00e8re de gain temps \u00e0 Purdue\u00a0Global\u00a0:<\/h3>\n\n\n<div class=\"wp-block-list\">\n<ul class=\"wp-block-list\">\n<li><strong>NOUVEL AVANTAGE POUR LES MEMBRES\u00a0:<\/strong>\u00a0Exemption des frais d\u2019\u00e9valuation du cours de d\u00e9veloppement de portefeuille\u00a0LRC100 (d\u2019une valeur de 1\u00a0500\u00a0$)<\/li>\n\n\n\n<li><strong>R\u00e9duction des frais de scolarit\u00e9 \u00e0 230\u00a0$ par cr\u00e9dit<\/strong>\u00a0pour les dipl\u00f4mes et certificats de premier cycle en ligne, y compris les dipl\u00f4mes en sciences du feu, pour les membres et le personnel<\/li>\n\n\n\n<li><strong>R\u00e9duction des frais de scolarit\u00e9 \u00e0 249\u00a0$ par cr\u00e9dit<\/strong>\u00a0pour les dipl\u00f4mes et certificats de premier cycle en ligne pour la famille imm\u00e9diate\u2020<\/li>\n\n\n\n<li><strong>Livres inclus<\/strong>\u00a0dans les frais de scolarit\u00e9 du programme de premier cycle\u2021 pour les membres, le personnel et la famille<\/li>\n\n\n\n<li><strong>Une r\u00e9duction de 14\u00a0% des frais de scolarit<\/strong>\u00e9 pour les dipl\u00f4mes et certificats d\u2019\u00e9tudes sup\u00e9rieures<\/li>\n\n\n\n<li><strong>Une r\u00e9duction de 10\u00a0%<\/strong>\u00a0sur les programmes de la Facult\u00e9 de droit de l\u2019Universit\u00e9\u00a0Purdue<\/li>\n\n\n\n<li><strong>Exemption des frais li\u00e9s aux ressources<\/strong>\u00a0pour les membres, le personnel et la famille proche\u00a7<\/li>\n\n\n\n<li><strong>Transfert de cr\u00e9dits<\/strong>\u00a0pour les formations et les certifications accr\u00e9dit\u00e9es<\/li>\n\n\n\n<li>Autres avantages en plus permettant d\u2019\u00e9conomiser du temps et de l\u2019argent<\/li>\n<\/ul>\n<\/div>\n\n<div class=\"wp-block-paragraph \">\n<p>Visitez le site\u00a0Web\u00a0<a href=\"https:\/\/go.purdueglobal.edu\/els\/iaff\/?source=247862&amp;ve=62270&amp;utm_source=IAFF.PurdueGlobal.edu&amp;utm_medium=site&amp;utm_campaign=lg_els-iaff_2020?utm_source=IAFF_website&amp;utm_medium=website&amp;utm_campaign=IAFF_website&amp;utm_content=website\" target=\"_blank\" rel=\"noopener\"><strong>AIP.PurdueGlobal.edu<\/strong><\/a>\u00a0ou appelez le\u00a0<strong>866\u00a0583-6765<\/strong>\u00a0pour en savoir plus.<\/p>\n<\/div>\n\n<div class=\"wp-block-paragraph \">\n<p>Membres canadiens de l\u2019AIP\u00a0:\u00a0<a href=\"https:\/\/go.purdueglobal.edu\/els\/iaff\/canada?source=247862&amp;ve=62270&amp;utm_source=IAFF.PurdueGlobal.edu&amp;utm_medium=site&amp;utm_campaign=lg_els-iaff_2020?utm_source=IAFF_website-CA&amp;utm_medium=website&amp;utm_campaign=IAFF_website-CA&amp;utm_content=website\" target=\"_blank\" rel=\"noreferrer noopener\"><strong>cliquez ici<\/strong><\/a>\u00a0pour acc\u00e9der aux renseignements.<\/p>\n<\/div>\n\n<div class=\"wp-block-paragraph \">\n<p>T\u00e9l\u00e9chargez et remplissez les formulaires ci-dessous pour une demande de cr\u00e9dit universitaire\u00a0:<\/p>\n<\/div>\n\n<div class=\"wp-block-paragraph \">\n<p><a href=\"https:\/\/www.iaff.org\/wp-content\/uploads\/FORM-Articulation_Partner_Record_Request_Form_Fire_Science-2024-PG.pdf\" target=\"_blank\" rel=\"noreferrer noopener\">Formulaire de demande de dossier du partenaire de l\u2019entente d\u2019articulation\u00a0<\/a><br\/><a href=\"https:\/\/www.iaff.org\/wp-content\/uploads\/2019\/07\/Rider-for-Articulation-Form_2024-updates.pdf\" target=\"_blank\" rel=\"noreferrer noopener\">Avenant au formulaire de demande de dossier du partenaire de l\u2019entente d\u2019articulation<\/a><\/p>\n<\/div>\n\n<div class=\"wp-block-paragraph \">\n<p>Purdue\u00a0Global ne peut garantir l\u2019emploi ou le d\u00e9veloppement de carri\u00e8re. Une exp\u00e9rience pr\u00e9alable peut \u00eatre n\u00e9cessaire pour les postes de direction.<\/p>\n<\/div>\n\n\n<div class=\"wp-block-buttons is-content-justification-center is-layout-flex wp-container-core-buttons-is-layout-16018d1d wp-block-buttons-is-layout-flex\">\n<div class=\"wp-block-button is-style-primary-red\"><a class=\"wp-block-button__link has-text-align-center wp-element-button\" href=\"https:\/\/signin.purdueglobal.edu\/Account\/Apply?source=247862&amp;ve=62270&amp;utm_source=IAFF.PurdueGlobal.edu&amp;utm_medium=site&amp;utm_campaign=lg_els-iaff_2020?utm_source=IAFF_website&amp;utm_medium=website&amp;utm_campaign=IAFF_website&amp;utm_content=website&amp;_gl=1*g43cy8*_gcl_au*MTc4NjUzNzg0MC4xNzIxMDY5MTE4\" target=\"_blank\" rel=\"noopener\">PR\u00c9SENTEZ UNE DEMANDE D\u2019ADMISSION D\u00c8S MAINTENANT<\/a><\/div>\n<\/div>\n\n\n<div class=\"wp-block-paragraph \">\n<p>*\u00a0La r\u00e9duction des frais de scolarit\u00e9 ne peut pas \u00eatre combin\u00e9e \u00e0 d\u2019autres r\u00e9ductions des frais de scolarit\u00e9 de Purdue\u00a0Global ou avec la tarification ExcelTrack\u2122. Les programmes de dipl\u00f4me de premier cycle et d\u2019\u00e9tudes sup\u00e9rieures en ligne de Purdue\u00a0Global sont inclus. Les frais de scolarit\u00e9 peuvent changer \u00e0 tout moment \u00e0 la discr\u00e9tion de Purdue\u00a0Global et, par cons\u00e9quent, le prix de la scolarit\u00e9 peut changer. La r\u00e9duction pour les dipl\u00f4mes d\u2019\u00e9tudes sup\u00e9rieures ne peut \u00eatre combin\u00e9e \u00e0 aucun autre programme ou r\u00e9duction offerts par Purdue\u00a0Global.<br\/>\u2020\u00a0La famille proche est d\u00e9finie comme le conjoint, les enfants et les enfants du conjoint du membre. La r\u00e9duction pour la famille imm\u00e9diate ne peut \u00eatre offerte avec aucun autre programme ou r\u00e9duction offerts par Purdue\u00a0Global.<br\/>\u2021\u00a0Uniquement pour les cours du premier cycle. Ce ne sont pas tous les cours qui n\u00e9cessitent des manuels, certains utilisent du mat\u00e9riel p\u00e9dagogique \u00e9lectronique.<br\/>\u00a7\u00a0Tous les autres frais seront factur\u00e9s aux tarifs publi\u00e9s.<br\/>\u00a9\u00a02024, Purdue\u00a0Global, un \u00e9tablissement d\u2019enseignement public \u00e0 but non lucratif.<\/p>\n<\/div>\n<\/div><\/section>\n","protected":false},"excerpt":{"rendered":"","protected":false},"featured_media":0,"parent":0,"menu_order":0,"comment_status":"closed","ping_status":"closed","template":"","meta":{"_acf_changed":false,"_searchwp_excluded":"","inline_featured_image":false,"_EventAllDay":false,"_EventTimezone":"","_EventStartDate":"","_EventEndDate":"","_EventStartDateUTC":"","_EventEndDateUTC":"","_EventShowMap":false,"_EventShowMapLink":false,"_EventURL":"","_EventCost":"","_EventCostDescription":"","_EventCurrencySymbol":"","_EventCurrencyCode":"","_EventCurrencyPosition":"","_EventDateTimeSeparator":"","_EventTimeRangeSeparator":"","_EventOrganizerID":[],"_EventVenueID":[],"_OrganizerEmail":"","_OrganizerPhone":"","_OrganizerWebsite":"","_VenueAddress":"","_VenueCity":"","_VenueCountry":"","_VenueProvince":"","_VenueState":"","_VenueZip":"","_VenuePhone":"","_VenueURL":"","_VenueStateProvince":"","_VenueLat":"","_VenueLng":"","_VenueShowMap":false,"_VenueShowMapLink":false,"footnotes":""},"class_list":["post-76732","page","type-page","status-publish","hentry"],"acf":[],"publishpress_future_workflow_manual_trigger":{"enabledWorkflows":[]},"_links":{"self":[{"href":"https:\/\/www.iaff.org\/fr-ca\/wp-json\/wp\/v2\/pages\/76732","targetHints":{"allow":["GET"]}}],"collection":[{"href":"https:\/\/www.iaff.org\/fr-ca\/wp-json\/wp\/v2\/pages"}],"about":[{"href":"https:\/\/www.iaff.org\/fr-ca\/wp-json\/wp\/v2\/types\/page"}],"author":[{"embeddable":true,"href":"https:\/\/www.iaff.org\/fr-ca\/wp-json\/wp\/v2\/users\/10"}],"replies":[{"embeddable":true,"href":"https:\/\/www.iaff.org\/fr-ca\/wp-json\/wp\/v2\/comments?post=76732"}],"version-history":[{"count":0,"href":"https:\/\/www.iaff.org\/fr-ca\/wp-json\/wp\/v2\/pages\/76732\/revisions"}],"wp:attachment":[{"href":"https:\/\/www.iaff.org\/fr-ca\/wp-json\/wp\/v2\/media?parent=76732"}],"curies":[{"name":"wp","href":"https:\/\/api.w.org\/{rel}","templated":true}]}}