{"id":76509,"date":"2021-04-30T14:19:38","date_gmt":"2021-04-30T18:19:38","guid":{"rendered":"https:\/\/www.iaff.org\/groupe-de-moto\/"},"modified":"2025-10-06T10:42:39","modified_gmt":"2025-10-06T14:42:39","slug":"groupe-de-moto","status":"publish","type":"page","link":"https:\/\/www.iaff.org\/fr-ca\/groupe-de-moto\/","title":{"rendered":"Groupe de motos"},"content":{"rendered":"<section\n\t class=\"secondary-hero align wp-block-acf-secondary-hero\" id=\"secondary-hero_block_cd65731dee2fa0c4f628cea6194c4313\">\n\t\n<header\n\tclass=\"w-full u-bg-full-width px-[22px] md:ps-bleed md:pe-0 py-[60px] bg-blue text-white u-has-rivets\"\n\tdata-theme=\"navy\"\n>\n\t<div class=\"flex flex-col !px-0 !max-w-[1440px] w-full lg:!ps-indent\">\n\t\t<div class=\"border-t-[6px] w-full my-0 flex flex-col md:flex-row gap-x-[62px] gap-y-[22px] border-gold\">\n\t\t\t\t\t\t\t<div class=\"relative grid md:order-last md:w-1\/2 overflow-hidden place-items-center max-h-[500px]\">\n\t\t\t\t\t<img decoding=\"async\" width=\"2786\" height=\"1944\" src=\"https:\/\/www.iaff.org\/wp-content\/uploads\/2024\/03\/IAFF-Motorcycle-Group2.png\" class=\"max-w-full\" alt=\"\" srcset=\"https:\/\/www.iaff.org\/wp-content\/uploads\/2024\/03\/IAFF-Motorcycle-Group2.png 2786w, https:\/\/www.iaff.org\/wp-content\/uploads\/2024\/03\/IAFF-Motorcycle-Group2-300x209.png 300w, https:\/\/www.iaff.org\/wp-content\/uploads\/2024\/03\/IAFF-Motorcycle-Group2-1024x715.png 1024w, https:\/\/www.iaff.org\/wp-content\/uploads\/2024\/03\/IAFF-Motorcycle-Group2-768x536.png 768w, https:\/\/www.iaff.org\/wp-content\/uploads\/2024\/03\/IAFF-Motorcycle-Group2-1536x1072.png 1536w, https:\/\/www.iaff.org\/wp-content\/uploads\/2024\/03\/IAFF-Motorcycle-Group2-2048x1429.png 2048w, https:\/\/www.iaff.org\/wp-content\/uploads\/2024\/03\/IAFF-Motorcycle-Group2-240x167.png 240w, https:\/\/www.iaff.org\/wp-content\/uploads\/2024\/03\/IAFF-Motorcycle-Group2-1147x800.png 1147w, https:\/\/www.iaff.org\/wp-content\/uploads\/2024\/03\/IAFF-Motorcycle-Group2-1161x810.png 1161w\" sizes=\"(max-width: 2786px) 100vw, 2786px\" \/>\t\t\t\t<\/div>\n\t\t\t\t\t\t<div class=\"w-full md:w-1\/2 md:py-[45px]\">\n\t\t\t\t<div class=\"max-w-[600px] flex flex-col gap-[22px]\">\n\t\t\t\t\t\t\t\t\t\t\t<h1 class=\"has-[.u-halftone-shadow--dark]:mb-divider has-[.u-halftone-shadow--light]:mb-divider\">\n\t\t\t\t\t\t\t<span class=\"inline-flex text-heading-200 u-halftone-shadow--light\">\n\t\t\t\t\t\t\t\tGroupe de motos\t\t\t\t\t\t\t<\/span>\n\t\t\t\t\t\t<\/h1>\n\t\t\t\t\t\t\t\t\t\t\t\t\t\t\t\t<div class=\"text-body-300 font-sans\">\n\t\t\t\t\t\t\t<p>Le Groupe motocycliste IAFF (IAFF-MG) a \u00e9t\u00e9 cr\u00e9\u00e9 par une r\u00e9solution lors de la Convention IAFF de 2004. L\u2019IAFF-MG est con\u00e7u pour rassembler des membres actifs, retrait\u00e9s et anciens \u00e9l\u00e8ves ainsi que des membres d\u2019affili\u00e9s reconnus de partout \u00e0 l\u2019international et pour promouvoir le fraternalisme parmi les rangs de l\u2019IAFF. L\u2019IAFF-MG est ouverte aux membres de l\u2019IAFF qui poss\u00e8dent et conduisent des motos.  <\/p>\n\t\t\t\t\t\t<\/div>\n\t\t\t\t\t\t\t\t\t\t\t\t\t\t\t\t\t\t\t\t\t\t\t\t\t\t\t<div class=\"flex flex-wrap gap-[30px]\">\n\t\t\t\t\t\t\t\t\t\t\t\t\t\t\t<!-- Renders the same as core\/button with a specific style -->\n\t<div\n\t\tclass=\"wp-block-button track-button-primary is-style-primary-red\"\n\t>\n\t\t<a\n\t\t\tclass=\"wp-block-button__link wp-element-button cursor-pointer dlm-no-xhr-download track-hero-secondary-cta md:w-auto min-w-[156px]\"\n\t\t\t\t\t\t\thref=\"mailto:mcrouse@iaff.org\"\n\t\t\t\t\t\t\t\t\t>\n\t\t\tContactez-nous\t\t<\/a>\n\t<\/div>\n\t\t\t\t\t\t\t\t\t\t\t\t\t\t\t<!-- Renders the same as core\/button with a specific style -->\n\t<div\n\t\tclass=\"wp-block-button track-button-primary is-style-primary-red\"\n\t>\n\t\t<a class=\"wp-block-button__link wp-element-button cursor-pointer dlm-no-xhr-download track-hero-secondary-cta md:w-auto min-w-[156px]\" href=\"https:\/\/www.facebook.com\/groups\/IAFFMG\" target=\"_blank\" rel=\"nofollow noopener\">\n\t\t\tPage Facebook\t\t<\/a>\n\t<\/div>\n\t\t\t\t\t\t\t\t\t\t\t\t\t<\/div>\n\t\t\t\t\t\t\t\t\t\t\t\t\t\t<\/div>\n\t\t\t<\/div>\n\n\t\t<\/div>\n\t\t\t<\/div>\n<\/header>\n<\/section>\n<section\n\t class=\"page-blocks iaff-page-blocks align wp-block-acf-page-blocks\" id=\"page-blocks_block_c914754105aa222393c1fc9a03245bb9\">\n\t<div class=\"acf-innerblocks-container\">\n<section\n\t class=\"secondary-navigation-manual u-bg-full-width bg-smoke\/5 align wp-block-acf-secondary-navigation-manual\" id=\"secondary-navigation-manual_block_0967f74834e39c082b7287c9e9f2bdce\">\n\t<details class=\"iaff-secondary-navigation\" open>\n\t<summary class=\"flex cursor-pointer u-bg-full-width\">\n\t\t\t\t\t<h2 class=\"text-heading-400 bg-main-bg-overlay text-black inline-flex items-center gap-x-[14px] h-full !ps-0 py-[34px] !pe-10\">\n\t\t\t\t<span>Dans cette section<\/span>\n\t\t\t<\/h2>\n\t\t\t<\/summary>\n\t<div class=\"py-10 md:ps-12 md:pe-10 grid grid-cols-1 md:grid-cols-2 lg:grid-cols-3 gap-[30px]\">\n\t\t<!-- Renders the same as core\/button with a specific style -->\n\t<div>\n\t\t\t\t\t<a class=\"inline-flex gap-[16px] items-center text-inherit text-button-300 leading-6 cursor-pointer decoration-transparent underline underline-offset-2 transition-colors duration-hover hocus-visible:decoration-current\" href=\"https:\/\/www.iaff.org\/fr-ca\/groupe-de-moto\/membres-du-comite-du-groupe-de-moto-de-laip\/\">\n\t\t\t\t<span>\n\t\t\t\t\tLEADERSHIP\t\t\t\t<\/span>\n\t\t\t\t<svg xmlns=\"http:\/\/www.w3.org\/2000\/svg\" width=\"15\" height=\"15\" fill=\"none\" viewBox=\"0 0 15 15\"><path stroke=\"currentColor\" stroke-linecap=\"square\" stroke-width=\"2\" d=\"M11.6347 7.49976L1 7.49976\"\/><path stroke=\"currentColor\" stroke-linecap=\"square\" stroke-width=\"2\" d=\"M7.31445 2.13138L12.7061 7.50014L7.31445 12.8689\"\/><\/svg>\t\t\t<\/a>\n\t\t\t<\/div>\n<!-- Renders the same as core\/button with a specific style -->\n\t<div>\n\t\t\t\t\t<a class=\"inline-flex gap-[16px] items-center text-inherit text-button-300 leading-6 cursor-pointer decoration-transparent underline underline-offset-2 transition-colors duration-hover hocus-visible:decoration-current\" href=\"https:\/\/www.iaff.org\/fr-ca\/groupe-de-moto\/histoire-du-groupe-de-moto-de-laip\/\">\n\t\t\t\t<span>\n\t\t\t\t\tHistoire\t\t\t\t<\/span>\n\t\t\t\t<svg xmlns=\"http:\/\/www.w3.org\/2000\/svg\" width=\"15\" height=\"15\" fill=\"none\" viewBox=\"0 0 15 15\"><path stroke=\"currentColor\" stroke-linecap=\"square\" stroke-width=\"2\" d=\"M11.6347 7.49976L1 7.49976\"\/><path stroke=\"currentColor\" stroke-linecap=\"square\" stroke-width=\"2\" d=\"M7.31445 2.13138L12.7061 7.50014L7.31445 12.8689\"\/><\/svg>\t\t\t<\/a>\n\t\t\t<\/div>\n<!-- Renders the same as core\/button with a specific style -->\n\t<div>\n\t\t\t\t\t<a class=\"inline-flex gap-[16px] items-center text-inherit text-button-300 leading-6 cursor-pointer decoration-transparent underline underline-offset-2 transition-colors duration-hover hocus-visible:decoration-current\" href=\"https:\/\/www.iaff.org\/fr-ca\/events\/category\/motorcycle-group-events\/\">\n\t\t\t\t<span>\n\t\t\t\t\t\u00c9v\u00e9nements\t\t\t\t<\/span>\n\t\t\t\t<svg xmlns=\"http:\/\/www.w3.org\/2000\/svg\" width=\"15\" height=\"15\" fill=\"none\" viewBox=\"0 0 15 15\"><path stroke=\"currentColor\" stroke-linecap=\"square\" stroke-width=\"2\" d=\"M11.6347 7.49976L1 7.49976\"\/><path stroke=\"currentColor\" stroke-linecap=\"square\" stroke-width=\"2\" d=\"M7.31445 2.13138L12.7061 7.50014L7.31445 12.8689\"\/><\/svg>\t\t\t<\/a>\n\t\t\t<\/div>\n<!-- Renders the same as core\/button with a specific style -->\n\t<div>\n\t\t\t\t\t<a class=\"inline-flex gap-[16px] items-center text-inherit text-button-300 leading-6 cursor-pointer decoration-transparent underline underline-offset-2 transition-colors duration-hover hocus-visible:decoration-current\" href=\"https:\/\/www.iaff.org\/fr-ca\/groupe-de-moto\/faq-du-groupe-de-moto-de-laip\/\">\n\t\t\t\t<span>\n\t\t\t\t\tFoire aux questions\t\t\t\t<\/span>\n\t\t\t\t<svg xmlns=\"http:\/\/www.w3.org\/2000\/svg\" width=\"15\" height=\"15\" fill=\"none\" viewBox=\"0 0 15 15\"><path stroke=\"currentColor\" stroke-linecap=\"square\" stroke-width=\"2\" d=\"M11.6347 7.49976L1 7.49976\"\/><path stroke=\"currentColor\" stroke-linecap=\"square\" stroke-width=\"2\" d=\"M7.31445 2.13138L12.7061 7.50014L7.31445 12.8689\"\/><\/svg>\t\t\t<\/a>\n\t\t\t<\/div>\n<!-- Renders the same as core\/button with a specific style -->\n\t<div>\n\t\t\t\t\t<a class=\"inline-flex gap-[16px] items-center text-inherit text-button-300 leading-6 cursor-pointer decoration-transparent underline underline-offset-2 transition-colors duration-hover hocus-visible:decoration-current\" href=\"https:\/\/www.iaff.org\/fr-ca\/groupe-de-moto\/couleurs-ecussons-et-autres-insignes-du-groupe-de-moto-de-laip\/\">\n\t\t\t\t<span>\n\t\t\t\t\tCouleurs, \u00e9cussons et autres insignes\t\t\t\t<\/span>\n\t\t\t\t<svg xmlns=\"http:\/\/www.w3.org\/2000\/svg\" width=\"15\" height=\"15\" fill=\"none\" viewBox=\"0 0 15 15\"><path stroke=\"currentColor\" stroke-linecap=\"square\" stroke-width=\"2\" d=\"M11.6347 7.49976L1 7.49976\"\/><path stroke=\"currentColor\" stroke-linecap=\"square\" stroke-width=\"2\" d=\"M7.31445 2.13138L12.7061 7.50014L7.31445 12.8689\"\/><\/svg>\t\t\t<\/a>\n\t\t\t<\/div>\n<!-- Renders the same as core\/button with a specific style -->\n\t<div>\n\t\t\t\t\t<a class=\"inline-flex gap-[16px] items-center text-inherit text-button-300 leading-6 cursor-pointer decoration-transparent underline underline-offset-2 transition-colors duration-hover hocus-visible:decoration-current\" href=\"https:\/\/my.iaff.org\/Web\/Motorcycle_Group_Member_Directory.aspx\" target=\"_blank\" rel=\"nofollow noopener\">\n\t\t\t\t<span>\n\t\t\t\t\tR\u00e9pertoire des membres\t\t\t\t<\/span>\n\t\t\t\t<svg xmlns=\"http:\/\/www.w3.org\/2000\/svg\" width=\"15\" height=\"15\" fill=\"none\" viewBox=\"0 0 15 15\"><path stroke=\"currentColor\" stroke-linecap=\"square\" stroke-width=\"2\" d=\"M11.6347 7.49976L1 7.49976\"\/><path stroke=\"currentColor\" stroke-linecap=\"square\" stroke-width=\"2\" d=\"M7.31445 2.13138L12.7061 7.50014L7.31445 12.8689\"\/><\/svg>\t\t\t<\/a>\n\t\t\t<\/div>\n<!-- Renders the same as core\/button with a specific style -->\n\t<div>\n\t\t\t\t\t<a class=\"inline-flex gap-[16px] items-center text-inherit text-button-300 leading-6 cursor-pointer decoration-transparent underline underline-offset-2 transition-colors duration-hover hocus-visible:decoration-current\" href=\"https:\/\/www.iaff.org\/fr-ca\/groupe-de-moto\/documents-du-groupe-de-moto-de-laip\/\">\n\t\t\t\t<span>\n\t\t\t\t\tDocuments\t\t\t\t<\/span>\n\t\t\t\t<svg xmlns=\"http:\/\/www.w3.org\/2000\/svg\" width=\"15\" height=\"15\" fill=\"none\" viewBox=\"0 0 15 15\"><path stroke=\"currentColor\" stroke-linecap=\"square\" stroke-width=\"2\" d=\"M11.6347 7.49976L1 7.49976\"\/><path stroke=\"currentColor\" stroke-linecap=\"square\" stroke-width=\"2\" d=\"M7.31445 2.13138L12.7061 7.50014L7.31445 12.8689\"\/><\/svg>\t\t\t<\/a>\n\t\t\t<\/div>\n<!-- Renders the same as core\/button with a specific style -->\n\t<div>\n\t\t\t\t\t<a class=\"inline-flex gap-[16px] items-center text-inherit text-button-300 leading-6 cursor-pointer decoration-transparent underline underline-offset-2 transition-colors duration-hover hocus-visible:decoration-current\" href=\"https:\/\/photos.app.goo.gl\/mmBY385SsSMZoxoj6\" target=\"_blank\" rel=\"nofollow noopener\">\n\t\t\t\t<span>\n\t\t\t\t\tGalerie de photos\t\t\t\t<\/span>\n\t\t\t\t<svg xmlns=\"http:\/\/www.w3.org\/2000\/svg\" width=\"15\" height=\"15\" fill=\"none\" viewBox=\"0 0 15 15\"><path stroke=\"currentColor\" stroke-linecap=\"square\" stroke-width=\"2\" d=\"M11.6347 7.49976L1 7.49976\"\/><path stroke=\"currentColor\" stroke-linecap=\"square\" stroke-width=\"2\" d=\"M7.31445 2.13138L12.7061 7.50014L7.31445 12.8689\"\/><\/svg>\t\t\t<\/a>\n\t\t\t<\/div>\n<!-- Renders the same as core\/button with a specific style -->\n\t<div>\n\t\t\t\t\t<a class=\"inline-flex gap-[16px] items-center text-inherit text-button-300 leading-6 cursor-pointer decoration-transparent underline underline-offset-2 transition-colors duration-hover hocus-visible:decoration-current\" href=\"https:\/\/my.iaff.org\/Web\/Dues_Subscription\/Motorcycle_Group\/Web\/MotorcycleGroupLanding.aspx?hkey=8f4f2801-da8a-4390-ba72-975927b7969f\" target=\"_blank\" rel=\"nofollow noopener\">\n\t\t\t\t<span>\n\t\t\t\t\tPAYER LES COTISATIONS\t\t\t\t<\/span>\n\t\t\t\t<svg xmlns=\"http:\/\/www.w3.org\/2000\/svg\" width=\"15\" height=\"15\" fill=\"none\" viewBox=\"0 0 15 15\"><path stroke=\"currentColor\" stroke-linecap=\"square\" stroke-width=\"2\" d=\"M11.6347 7.49976L1 7.49976\"\/><path stroke=\"currentColor\" stroke-linecap=\"square\" stroke-width=\"2\" d=\"M7.31445 2.13138L12.7061 7.50014L7.31445 12.8689\"\/><\/svg>\t\t\t<\/a>\n\t\t\t<\/div>\n\t<\/div>\n<\/details>\n<\/section>\n\n<\/div><\/section>\n<section\n\t class=\"page-blocks iaff-page-blocks align wp-block-acf-page-blocks\" id=\"page-blocks_block_c914754105aa222393c1fc9a03245bb9\">\n\t<div class=\"acf-innerblocks-container\">\n\n<h3 class=\"wp-block-heading\">Comment s\u2019inscrire<\/h3>\n\n\n<div class=\"wp-block-paragraph \">\n<p>Vous devez \u00eatre un membre actif de l\u2019IAFF, un membre actif retrait\u00e9 de l\u2019IAFF, un membre des <a href=\"https:\/\/www.iaff.org\/fr-ca\/anciens-de-laip\/\" target=\"_blank\" data-type=\"page\" data-id=\"68595\" rel=\"noreferrer noopener\">anciens de l\u2019IAFF<\/a> ou un membre du personnel du si\u00e8ge social de l\u2019IAFF pour rejoindre l\u2019IAFF-MG.<\/p>\n<\/div>\n\n<div class=\"wp-block-paragraph \">\n<p>Pour rejoindre l\u2019IAFF-MG en ligne, vous devez d\u2019abord cr\u00e9er un identifiant (si vous n\u2019en avez pas d\u00e9j\u00e0 un) via le <a href=\"https:\/\/my.iaff.org\/\" target=\"_blank\" rel=\"noreferrer noopener\">site web de l\u2019IAFF<\/a>.<\/p>\n<\/div>\n\n<div class=\"wp-block-paragraph \">\n<p>Pour cr\u00e9er un identifiant de membre IAFF, vous aurez besoin de votre num\u00e9ro local et de votre num\u00e9ro d\u2019identification IAFF \u00e0 sept chiffres. Votre num\u00e9ro d\u2019identification de membre IAFF se trouve sur votre carte d\u2019identification IAFF ou <a href=\"mailto:membership@iaff.org\">sur votre membership@iaff.org<\/a> de contact.  Note : Votre nom d\u2019utilisateur\/mot de passe IAFF pour le site web de l\u2019IAFF sera le m\u00eame que celui que vous utiliserez pour le site de l\u2019IAFF-MG.<\/p>\n<\/div>\n\n<div class=\"wp-block-paragraph \">\n<p>Apr\u00e8s vous \u00eatre connect\u00e9 au site Web de l\u2019AIP, vous trouverez l\u2019onglet <strong>Cotisations \/ Abonnements <\/strong>en haut \u00e0 droite de la page de profil des membres. Cliquez sur l\u2019onglet et suivez les instructions pour payer vos nouvelles cotisations de membre de l\u2019AIP-MG. Les cotisations annuelles de l\u2019AIP-MG sont de 100 $ par ann\u00e9e.   <\/p>\n<\/div>\n\n<div class=\"wp-block-paragraph \">\n<p>Apr\u00e8s avoir pay\u00e9 vos cotisations en ligne, vous recevrez un courriel confirmant votre transaction. Si vous avez des probl\u00e8mes ou des questions sur le paiement de vos cotisations en ligne, veuillez appeler le Service de la comptabilit\u00e9 de l\u2019AIP au <a href=\"tel:+12027378484\">(202) 737-8484<\/a>. <\/p>\n<\/div>\n<\/div><\/section>\n<section\n\t class=\"page-blocks iaff-page-blocks align wp-block-acf-page-blocks\" id=\"page-blocks_block_c914754105aa222393c1fc9a03245bb9\">\n\t<div class=\"acf-innerblocks-container\">\n\n<h3 class=\"wp-block-heading\">Renouvelez vos cotisations annuelles \u00e0 IAFF<\/h3>\n\n\n<div class=\"wp-block-paragraph \">\n<p>Les membres actifs et associ\u00e9s de l\u2019AIP-MG peuvent renouveler leur adh\u00e9sion en ligne avec une carte de cr\u00e9dit en se connectant au <a href=\"https:\/\/my.iaff.org\/\" target=\"_blank\" rel=\"noreferrer noopener\">site Web de l\u2019AIP<\/a> ou en appelant le <a href=\"tel:+12027378484\">(202) 737-8484<\/a> pour renouveler leur adh\u00e9sion par t\u00e9l\u00e9phone. Vous pouvez \u00e9galement envoyer votre paiement par la poste au 1750 New York Ave, NW, Washington, DC 20006. <\/p>\n<\/div>\n\n<div class=\"wp-block-paragraph \">\n<p>Vous pouvez maintenant acc\u00e9der aux renseignements et \u00e0 l\u2019\u00e9tat de votre adh\u00e9sion \u00e0 l\u2019AIPl\u2019AIP et les consulter en ligne sur le <a href=\"https:\/\/my.iaff.org\/\" target=\"_blank\" rel=\"noreferrer noopener\">site Web de l\u2019AIP<\/a>. Lorsque vous vous connectez au site de l\u2019AIP, vous serez redirig\u00e9 directement vers votre profil de membre o\u00f9 vous pourrez modifier votre mot de passe, votre courriel et d\u2019autres coordonn\u00e9es. De plus, vous pourrez voir votre num\u00e9ro de membre de l\u2019AIP au bas de votre dossier d\u2019adh\u00e9sion et v\u00e9rifier l\u2019historique de vos paiements de cotisations.  <\/p>\n<\/div>\n\n\n<h4 class=\"wp-block-heading\">Membres \u00e0 vie de IAFF<\/h4>\n\n\n<div class=\"wp-block-paragraph \">\n<p>Les membres de l\u2019AIP-MG qui ont pay\u00e9 leurs cotisations pendant 10 ann\u00e9es cons\u00e9cutives et compl\u00e9t\u00e9 10 ann\u00e9es cons\u00e9cutives d\u2019adh\u00e9sion, atteindront leur statut de membre \u00e0 vie. \u00c0 ce moment-l\u00e0, vous recevrez une nouvelle carte et un nouvel \u00e9cusson de membre \u00e0 vie de l\u2019AIP-MG. De plus, vos cotisations annuelles de l\u2019AIP-MG seront r\u00e9duites de moiti\u00e9. Si vous devez v\u00e9rifier votre statut de membre \u00e0 vie, envoyez un courriel \u00e0 Michael Crouse, vice-pr\u00e9sident de l\u2019AIP-MG, \u00e0 mcrouse@iaff.org.   <\/p>\n<\/div>\n\n\n<h4 class=\"wp-block-heading\">Membres de la section locale et d\u2019\u00c9tat de IAFF<\/h4>\n\n\n<div class=\"wp-block-paragraph \">\n<p>Les membres de l\u2019AIP-MG affili\u00e9s \u00e0 une section locale \u00e9tablie de l\u2019AIP-MG ou d\u2019un \u00e9tat \/ provincial sont tenus de payer leurs cotisations directement \u00e0 leur section respective. La section locale ou provinciale de l\u2019AIP-MG remettra ensuite les cotisations de ses membres (actifs, associ\u00e9s et\/ou \u00e0 vie) directement \u00e0 l\u2019AIP-MG. <\/p>\n<\/div>\n<\/div><\/section>\n<section\n\t class=\"page-blocks iaff-page-blocks align wp-block-acf-page-blocks\" id=\"page-blocks_block_c914754105aa222393c1fc9a03245bb9\">\n\t<div class=\"acf-innerblocks-container\">\n<section\n\t class=\"section-header mb-10 align wp-block-acf-section-header\" id=\"section-header_block_d5e412c30ac75b7f557ef2be7dc05862\">\n\t<div class=\"\">\n\t<div class=\"flex flex-col md:flex-row justify-between max-w-content gap-x-8 md:items-end flex-wrap\">\n\t\t<h2 class=\"text-heading-200 pb-[2px]\">\n\t\t\tTrousse d\u2019adh\u00e9sion de IAFF\t\t<\/h2>\n\n\t\t\t\t\t<div class=\"md:order-last w-full\">\n\t\t\t\t\n\n\t<div class=\"h-divider w-full bg-halftone-divider bg-right\"><\/div>\n\t\t\t<\/div>\n\t\t\n\t\t\t<\/div>\n<\/div>\n<\/section>\n\n\n<div class=\"wp-block-paragraph \">\n<p><a href=\"https:\/\/www.iaff.org\/wp-content\/uploads\/.\/Motorcycle_Group\/IAFF-MG-Patch-placement-guide-scaled.jpeg\" target=\"_blank\" rel=\"noreferrer noopener\">Cliquez ici<\/a> pour le bon placement de l\u2019\u00e9cusson sur votre gilet IAFF.<\/p>\n<\/div>\n\n<div class=\"wp-block-paragraph \">\n<p><strong>Nouveaux membres (actifs et associ\u00e9s) :<\/strong> Les nouveaux membres de l\u2019AIP-MG recevront leurs forfaits d\u2019adh\u00e9sion 3 \u00e0 5 semaines apr\u00e8s avoir pay\u00e9 leurs cotisations annuelles initiales de l\u2019AIP-MG. La nouvelle trousse des membres comprendra une lettre de bienvenue de l\u2019AIP-MG, une carte de membre de l\u2019AIP-MG et un \u00e9cusson.  <\/p>\n<\/div>\n\n<div class=\"wp-block-paragraph \">\n<p><strong>Renouvellements des membres de l\u2019AIP-MG :<\/strong> \u00c0 compter de 2018, les membres de l\u2019AIP-MG qui renouvellent leurs cotisations annuelles recevront un courriel de confirmation du Comit\u00e9 de l\u2019AIP-MG sur paiement. L\u2019AIP-MG n\u2019enverra plus d&rsquo;\u00e9cussons annuels de l\u2019AIP-MG ; cependant, les membres de l\u2019AIP-MG apr\u00e8s avoir termin\u00e9 leur 5\/10\/15\/20\/25 ans d\u2019adh\u00e9sion \u00e0 l\u2019AIP-MG recevront des \u00e9cussons<br\/>\u00ab Ann\u00e9es de service \u00bb. <\/p>\n<\/div>\n\n<div class=\"wp-block-paragraph \">\n<p><strong>Membres \u00e0 vie de l\u2019AIP-MG :<\/strong> Les membres de l\u2019AIP-MG qui ont termin\u00e9 10 ann\u00e9es cons\u00e9cutives d\u2019adh\u00e9sion \u00e0 l\u2019AIP-MG deviendront membres \u00e0 vie de l\u2019AIP-MG. En tant que membres \u00e0 vie, vous recevrez un forfait de membre \u00e0 vie qui comprendra une lettre de l\u2019AIP-MG, une nouvelle carte de membre \u00e0 vie de l\u2019AIP-MG et un \u00e9cusson de membre \u00e0 vie pour votre gilet. <\/p>\n<\/div>\n\n<div class=\"wp-block-paragraph \">\n<p><strong>Cartes de membre de l\u2019AIP-MG :<\/strong> Les cartes de membre de l\u2019AIP-MG seront remplac\u00e9es au besoin. Pour les membres de l\u2019AIP-MG qui ont perdu ou endommag\u00e9 leur carte de membre actuelle de l\u2019AIP-MG, vous pouvez demander une carte de remplacement au vice-pr\u00e9sident de l\u2019AIP-MG \u00e0 <a href=\"mailto:mcrouse@iaff.org\">mcrouse@iaff.org<\/a>. Les cartes de remplacement seront envoy\u00e9es 3 \u00e0 5 semaines \u00e0 compter de la date de la demande.  <\/p>\n<\/div>\n<\/div><\/section>\n","protected":false},"excerpt":{"rendered":"","protected":false},"featured_media":0,"parent":0,"menu_order":0,"comment_status":"closed","ping_status":"closed","template":"","meta":{"_acf_changed":false,"_searchwp_excluded":"","inline_featured_image":false,"_EventAllDay":false,"_EventTimezone":"","_EventStartDate":"","_EventEndDate":"","_EventStartDateUTC":"","_EventEndDateUTC":"","_EventShowMap":false,"_EventShowMapLink":false,"_EventURL":"","_EventCost":"","_EventCostDescription":"","_EventCurrencySymbol":"","_EventCurrencyCode":"","_EventCurrencyPosition":"","_EventDateTimeSeparator":"","_EventTimeRangeSeparator":"","_EventOrganizerID":[],"_EventVenueID":[],"_OrganizerEmail":"","_OrganizerPhone":"","_OrganizerWebsite":"","_VenueAddress":"","_VenueCity":"","_VenueCountry":"","_VenueProvince":"","_VenueState":"","_VenueZip":"","_VenuePhone":"","_VenueURL":"","_VenueStateProvince":"","_VenueLat":"","_VenueLng":"","_VenueShowMap":false,"_VenueShowMapLink":false,"footnotes":""},"class_list":["post-76509","page","type-page","status-publish","hentry"],"acf":[],"publishpress_future_workflow_manual_trigger":{"enabledWorkflows":[]},"_links":{"self":[{"href":"https:\/\/www.iaff.org\/fr-ca\/wp-json\/wp\/v2\/pages\/76509","targetHints":{"allow":["GET"]}}],"collection":[{"href":"https:\/\/www.iaff.org\/fr-ca\/wp-json\/wp\/v2\/pages"}],"about":[{"href":"https:\/\/www.iaff.org\/fr-ca\/wp-json\/wp\/v2\/types\/page"}],"author":[{"embeddable":true,"href":"https:\/\/www.iaff.org\/fr-ca\/wp-json\/wp\/v2\/users\/3"}],"replies":[{"embeddable":true,"href":"https:\/\/www.iaff.org\/fr-ca\/wp-json\/wp\/v2\/comments?post=76509"}],"version-history":[{"count":0,"href":"https:\/\/www.iaff.org\/fr-ca\/wp-json\/wp\/v2\/pages\/76509\/revisions"}],"wp:attachment":[{"href":"https:\/\/www.iaff.org\/fr-ca\/wp-json\/wp\/v2\/media?parent=76509"}],"curies":[{"name":"wp","href":"https:\/\/api.w.org\/{rel}","templated":true}]}}