{"id":76496,"date":"2024-02-06T12:01:01","date_gmt":"2024-02-06T17:01:01","guid":{"rendered":"https:\/\/www.iaff.org\/formation-sur-les-matieres-dangereuses\/intervention-durgence-en-cas-de-gaz-naturel-liquefie\/"},"modified":"2025-06-20T14:30:00","modified_gmt":"2025-06-20T18:30:00","slug":"intervention-durgence-en-cas-de-gaz-naturel-liquefie","status":"publish","type":"page","link":"https:\/\/www.iaff.org\/fr-ca\/formation-sur-les-matieres-dangereuses\/intervention-durgence-en-cas-de-gaz-naturel-liquefie\/","title":{"rendered":"Intervention d\u2019urgence en cas de gaz naturel liqu\u00e9fi\u00e9"},"content":{"rendered":"<section\n\t class=\"secondary-hero align wp-block-acf-secondary-hero\" id=\"secondary-hero_block_065210a3881fe66a76fe0585d602127f\">\n\t\n<header\n\tclass=\"w-full u-bg-full-width px-[22px] md:ps-bleed md:pe-0 py-[60px] bg-smoke-5 text-black u-has-rivets u-rivets-dark\"\n\tdata-theme=\"gray\"\n>\n\t<div class=\"flex flex-col !px-0 !max-w-[1440px] w-full lg:!ps-indent\">\n\t\t<div class=\"border-t-[6px] w-full my-0 flex flex-col md:flex-row gap-x-[62px] gap-y-[22px] border-red\">\n\t\t\t\t\t\t<div class=\"w-full md:w-1\/2 md:py-[45px]\">\n\t\t\t\t<div class=\"max-w-[600px] flex flex-col gap-[22px]\">\n\t\t\t\t\t\t\t\t\t\t\t<h1 class=\"has-[.u-halftone-shadow--dark]:mb-divider has-[.u-halftone-shadow--light]:mb-divider pt-[22px] md:pt-0\">\n\t\t\t\t\t\t\t<span class=\"inline-flex text-heading-200 u-halftone-shadow--dark\">\n\t\t\t\t\t\t\t\tIntervention d\u2019urgence en cas de gaz naturel liqu\u00e9fi\u00e9\t\t\t\t\t\t\t<\/span>\n\t\t\t\t\t\t<\/h1>\n\t\t\t\t\t\t\t\t\t\t\t\t\t\t\t\t<div class=\"text-body-300 font-sans\">\n\t\t\t\t\t\t\t<p>8\u00a0heures<\/p>\n\t\t\t\t\t\t<\/div>\n\t\t\t\t\t\t\t\t\t\t\t\t\t\t\t\t\t\t\t\t\t\t\t\t<\/div>\n\t\t\t<\/div>\n\n\t\t<\/div>\n\t\t\t\t\t<div class=\"order-first flex justify-start w-full pb-[22px]\">\n\t\t\t\t<div\n\tclass=\"wp-block-button is-style-tertiary text-smoke is-style-tertiary-back\"\n>\n\t\t\t<a\n\t\t\thref=\"https:\/\/www.iaff.org\/fr-ca\/formation-sur-les-matieres-dangereuses\/\"\n\t\t\tclass=\"wp-block-button__link wp-element-button group\"\n\t\t\t\t\t>\n\t\t\t<span\n\t\t\tclass=\"decoration-transparent underline underline-offset-2 group-hover:decoration-inherit group-focus-visible:decoration-inherit transition duration-hover\"\n\t\t>\n\t\t\tFormation sur les mati\u00e8res dangereuses\t\t<\/span>\n\n\t\t<span\n\t\t\tclass=\"bg-inherit transition-colors duration-hover group-hover:bg-gold group-focus:bg-gold inline-flex rotate-180 order-first\"\n\t\t>\n\t\t\t<svg xmlns=\"http:\/\/www.w3.org\/2000\/svg\" width=\"21\" height=\"22\" fill=\"none\" viewBox=\"0 0 21 22\"><path stroke=\"currentColor\" stroke-linecap=\"round\" stroke-width=\"2\" d=\"M20 20.75L20 2.25L1.5 2.25L1.5 20.75L20 20.75Z\" clip-rule=\"evenodd\"\/><path stroke=\"currentColor\" stroke-linecap=\"square\" stroke-width=\"2\" d=\"M14.0883 11.5L6.66406 11.5\"\/><path stroke=\"currentColor\" stroke-linecap=\"square\" stroke-width=\"2\" d=\"M11.0723 7.75205L14.8363 11.5L11.0723 15.248\"\/><\/svg>\t\t<\/span>\n\t<\/a><\/div>\n\t\t\t<\/div>\n\t\t\t<\/div>\n<\/header>\n<\/section>\n<div class=\"wp-block-paragraph \">\n<p>Le gaz naturel liqu\u00e9fi\u00e9 (GNL) est une mati\u00e8re dangereuse qui pr\u00e9sente trois risques majeurs pour les pompiers et autres intervenants d\u2019urgence\u00a0: c\u2019est un gaz inflammable qui a \u00e9t\u00e9 liqu\u00e9fi\u00e9 de mani\u00e8re cryog\u00e9nique et qui se disperse rapidement. Ce cours porte sur les dangers, les caract\u00e9ristiques et les risques du GNL. La formation enseigne aux \u00e9tudiants comment intervenir de mani\u00e8re s\u00e9curitaire en cas d\u2019incendies et de d\u00e9versements de GNL au moyen d\u2019activit\u00e9s en classe et d\u2019activit\u00e9s pratiques. Ce cours est accept\u00e9 en tant que recyclage annuel de la formation sur les mati\u00e8res dangereuses.<\/p>\n<\/div>\n<h3 class=\"wp-block-heading\"><strong>Objectifs du cours<\/strong><\/h3>\n<div class=\"wp-block-paragraph \">\n<p>Au cours de cette formation, les \u00e9tudiants apprendront \u00e0 adopter une approche bas\u00e9e sur les risques lors d\u2019interventions en cas d\u2019incidents impliquant du GNL et d\u2019autres mati\u00e8res dangereuses, dans les transports et les installations fixes. Les \u00e9tudiants observeront le comportement du GNL lorsqu\u2019il est lib\u00e9r\u00e9 de son conteneur et attaqu\u00e9 avec de l\u2019eau et des produits chimiques secs. Ils discuteront de l\u2019\u00e9valuation des dangers et des risques, de la s\u00e9lection appropri\u00e9e de l\u2019\u00c9PI et des techniques de contr\u00f4le de base. Ils travailleront \u00e9galement sur des \u00e9tudes de cas et feront des exercices bas\u00e9s sur des sc\u00e9narios. Ce programme a \u00e9t\u00e9 con\u00e7u par des pompiers, pour des pompiers qui ont d\u00e9j\u00e0 \u00e9t\u00e9 form\u00e9s sur les op\u00e9rations li\u00e9es aux mati\u00e8res dangereuses, conform\u00e9ment aux r\u00e9glementations de l\u2019OSHA. Les participants doivent d\u00e9j\u00e0 \u00eatre form\u00e9s au travail en position d\u00e9fensive pour confiner les mati\u00e8res dangereuses et aux t\u00e2ches sp\u00e9cifiques \u00e0 la mission, comme l\u2019utilisation d\u2019\u00c9PI, le contr\u00f4le des produits et la d\u00e9contamination. Le programme a \u00e9t\u00e9 con\u00e7u pour servir de programme de recyclage de 8\u00a0heures, conforme \u00e0 l\u2019OSHA.<\/p>\n<\/div><div class=\"wp-block-paragraph \">\n<p>L\u2019objectif du cours est d\u2019assurer une intervention s\u00e9curitaire et comp\u00e9tente bas\u00e9e sur les faits, la science et les circonstances pour analyser le probl\u00e8me, planifier l\u2019intervention, mettre en \u0153uvre le plan et \u00e9valuer la progression. Le programme comprend une introduction au GNL et \u00e0 ses dangers, la planification pr\u00e9alable et l\u2019analyse des incidents, l\u2019intervention en cas d\u2019incidents li\u00e9s au GNL, des \u00e9tudes de cas et des exercices bas\u00e9s sur des sc\u00e9narios.<\/p>\n<\/div>\n<h5 class=\"wp-block-heading\"><strong>Introduction<\/strong><\/h5>\n<div class=\"wp-block-list\">\n<ul class=\"wp-block-list\">\n<li>Que savez-vous et que voulez-vous ou devez-vous apprendre?<\/li>\n\n\n\n<li>Qu\u2019est-ce que le GNL et pourquoi s\u2019informer \u00e0 son sujet?<\/li>\n<\/ul>\n<\/div>\n<h5 class=\"wp-block-heading\"><strong>Dangers du GNL<\/strong><\/h5>\n<div class=\"wp-block-list\">\n<ul class=\"wp-block-list\">\n<li>Qu\u2019est-ce qui rend le GNL dangereux?<\/li>\n\n\n\n<li>Comment le GNL et les conteneurs peuvent-ils se comporter en cas d\u2019urgence?<\/li>\n<\/ul>\n<\/div>\n<h5 class=\"wp-block-heading\"><strong>Pr\u00e9planifier et analyser les incidents<\/strong><\/h5>\n<div class=\"wp-block-list\">\n<ul class=\"wp-block-list\">\n<li>O\u00f9 retrouve-t-on du GNL?<\/li>\n\n\n\n<li>Quels types d\u2019incidents peuvent se produire?<\/li>\n<\/ul>\n<\/div>\n<h5 class=\"wp-block-heading\"><strong>Intervenir en cas d\u2019incidents li\u00e9s au GNL<\/strong><\/h5>\n<div class=\"wp-block-list\">\n<ul class=\"wp-block-list\">\n<li>Que pouvez-vous faire pour intervenir en cas d\u2019urgence li\u00e9e au GNL?<\/li>\n\n\n\n<li>Comment pouvez-vous vous prot\u00e9ger et prot\u00e9ger les autres en cas d\u2019urgence li\u00e9e au GNL?<\/li>\n<\/ul>\n<\/div>\n<h5 class=\"wp-block-heading\"><strong>\u00c9tudes de cas et sc\u00e9narios<\/strong><\/h5>\n<div class=\"wp-block-list\">\n<ul class=\"wp-block-list\">\n<li>Quelles le\u00e7ons peut-on tirer du GNL ou d\u2019incidents similaires?<\/li>\n\n\n\n<li>Que feriez-vous si vous deviez intervenir en cas d\u2019incident li\u00e9 au GNL?<\/li>\n<\/ul>\n<\/div>\n<h3 class=\"wp-block-heading\"><strong>Auditoire<\/strong><\/h3>\n<div class=\"wp-block-paragraph \">\n<p>Le cours d\u2019intervention en cas d\u2019urgence li\u00e9e au gaz naturel liqu\u00e9fi\u00e9 est destin\u00e9 au personnel des services d\u2019incendie, de secours et des services m\u00e9dicaux d\u2019urgence ainsi qu\u2019aux autres personnes susceptibles d\u2019intervenir en cas d\u2019incident impliquant du gaz naturel liqu\u00e9fi\u00e9.<\/p>\n<\/div><div class=\"wp-block-paragraph \">\n<p><a href=\"https:\/\/www.iaff.org\/wp-content\/uploads\/Emergency-Response-to-Liquefied-Natural-Gas-2023.pdf\" target=\"_blank\" rel=\"noreferrer noopener\">T\u00e9l\u00e9chargez la description du cours ici.<\/a><\/p>\n<\/div>","protected":false},"excerpt":{"rendered":"<p>Le gaz naturel liqu\u00e9fi\u00e9 (GNL) est une mati\u00e8re dangereuse qui pr\u00e9sente trois risques majeurs pour les pompiers et autres intervenants d\u2019urgence\u00a0: c\u2019est un gaz inflammable qui a \u00e9t\u00e9 liqu\u00e9fi\u00e9 de [&hellip;]<\/p>\n","protected":false},"featured_media":0,"parent":64071,"menu_order":0,"comment_status":"closed","ping_status":"closed","template":"","meta":{"_acf_changed":false,"_searchwp_excluded":"","inline_featured_image":false,"_EventAllDay":false,"_EventTimezone":"","_EventStartDate":"","_EventEndDate":"","_EventStartDateUTC":"","_EventEndDateUTC":"","_EventShowMap":false,"_EventShowMapLink":false,"_EventURL":"","_EventCost":"","_EventCostDescription":"","_EventCurrencySymbol":"","_EventCurrencyCode":"","_EventCurrencyPosition":"","_EventDateTimeSeparator":"","_EventTimeRangeSeparator":"","_EventOrganizerID":[],"_EventVenueID":[],"_OrganizerEmail":"","_OrganizerPhone":"","_OrganizerWebsite":"","_VenueAddress":"","_VenueCity":"","_VenueCountry":"","_VenueProvince":"","_VenueState":"","_VenueZip":"","_VenuePhone":"","_VenueURL":"","_VenueStateProvince":"","_VenueLat":"","_VenueLng":"","_VenueShowMap":false,"_VenueShowMapLink":false,"footnotes":""},"class_list":["post-76496","page","type-page","status-publish","hentry"],"acf":[],"publishpress_future_workflow_manual_trigger":{"enabledWorkflows":[]},"_links":{"self":[{"href":"https:\/\/www.iaff.org\/fr-ca\/wp-json\/wp\/v2\/pages\/76496","targetHints":{"allow":["GET"]}}],"collection":[{"href":"https:\/\/www.iaff.org\/fr-ca\/wp-json\/wp\/v2\/pages"}],"about":[{"href":"https:\/\/www.iaff.org\/fr-ca\/wp-json\/wp\/v2\/types\/page"}],"author":[{"embeddable":true,"href":"https:\/\/www.iaff.org\/fr-ca\/wp-json\/wp\/v2\/users\/1"}],"replies":[{"embeddable":true,"href":"https:\/\/www.iaff.org\/fr-ca\/wp-json\/wp\/v2\/comments?post=76496"}],"version-history":[{"count":0,"href":"https:\/\/www.iaff.org\/fr-ca\/wp-json\/wp\/v2\/pages\/76496\/revisions"}],"up":[{"embeddable":true,"href":"https:\/\/www.iaff.org\/fr-ca\/wp-json\/wp\/v2\/pages\/64071"}],"wp:attachment":[{"href":"https:\/\/www.iaff.org\/fr-ca\/wp-json\/wp\/v2\/media?parent=76496"}],"curies":[{"name":"wp","href":"https:\/\/api.w.org\/{rel}","templated":true}]}}