{"id":76493,"date":"2024-02-06T12:32:02","date_gmt":"2024-02-06T17:32:02","guid":{"rendered":"https:\/\/www.iaff.org\/formation-sur-les-matieres-dangereuses\/technicien-en-matieres-dangereuses\/"},"modified":"2025-06-20T14:30:56","modified_gmt":"2025-06-20T18:30:56","slug":"technicien-en-matieres-dangereuses","status":"publish","type":"page","link":"https:\/\/www.iaff.org\/fr-ca\/formation-sur-les-matieres-dangereuses\/technicien-en-matieres-dangereuses\/","title":{"rendered":"Technicien en mati\u00e8res dangereuses"},"content":{"rendered":"<section\n\t class=\"secondary-hero align wp-block-acf-secondary-hero\" id=\"secondary-hero_block_2b65c288746f7d5037a9b5bd5bbc2195\">\n\t\n<header\n\tclass=\"w-full u-bg-full-width px-[22px] md:ps-bleed md:pe-0 py-[60px] bg-smoke-5 text-black u-has-rivets u-rivets-dark\"\n\tdata-theme=\"gray\"\n>\n\t<div class=\"flex flex-col !px-0 !max-w-[1440px] w-full lg:!ps-indent\">\n\t\t<div class=\"border-t-[6px] w-full my-0 flex flex-col md:flex-row gap-x-[62px] gap-y-[22px] border-red\">\n\t\t\t\t\t\t\t<div class=\"relative grid md:order-last md:w-1\/2 overflow-hidden place-items-center aspect-[157\/105]\">\n\t\t\t\t\t<img decoding=\"async\" width=\"400\" height=\"400\" src=\"https:\/\/www.iaff.org\/wp-content\/uploads\/2019\/07\/28982_Technician.Denver.07.jpg\" class=\"absolute object-cover min-w-full h-full\" alt=\"\" srcset=\"https:\/\/www.iaff.org\/wp-content\/uploads\/2019\/07\/28982_Technician.Denver.07.jpg 400w, https:\/\/www.iaff.org\/wp-content\/uploads\/2019\/07\/28982_Technician.Denver.07-300x300.jpg 300w, https:\/\/www.iaff.org\/wp-content\/uploads\/2019\/07\/28982_Technician.Denver.07-150x150.jpg 150w, https:\/\/www.iaff.org\/wp-content\/uploads\/2019\/07\/28982_Technician.Denver.07-240x240.jpg 240w\" sizes=\"(max-width: 400px) 100vw, 400px\" \/>\t\t\t\t<\/div>\n\t\t\t\t\t\t<div class=\"w-full md:w-1\/2 md:py-[45px]\">\n\t\t\t\t<div class=\"max-w-[600px] flex flex-col gap-[22px]\">\n\t\t\t\t\t\t\t\t\t\t\t<h1 class=\"has-[.u-halftone-shadow--dark]:mb-divider has-[.u-halftone-shadow--light]:mb-divider\">\n\t\t\t\t\t\t\t<span class=\"inline-flex text-heading-200 u-halftone-shadow--dark\">\n\t\t\t\t\t\t\t\tTechnicien en mati\u00e8res dangereuses\t\t\t\t\t\t\t<\/span>\n\t\t\t\t\t\t<\/h1>\n\t\t\t\t\t\t\t\t\t\t\t\t\t\t\t\t<div class=\"text-body-300 font-sans\">\n\t\t\t\t\t\t\t<p>Pro Board\u00ae accr\u00e9dit\u00e9 \/ 80 heures<\/p>\n\t\t\t\t\t\t<\/div>\n\t\t\t\t\t\t\t\t\t\t\t\t\t\t\t\t\t\t\t\t\t\t\t\t<\/div>\n\t\t\t<\/div>\n\n\t\t<\/div>\n\t\t\t\t\t<div class=\"order-first flex justify-start w-full pb-[22px]\">\n\t\t\t\t<div\n\tclass=\"wp-block-button is-style-tertiary text-smoke is-style-tertiary-back\"\n>\n\t\t\t<a\n\t\t\thref=\"https:\/\/www.iaff.org\/fr-ca\/formation-sur-les-matieres-dangereuses\/\"\n\t\t\tclass=\"wp-block-button__link wp-element-button group\"\n\t\t\t\t\t>\n\t\t\t<span\n\t\t\tclass=\"decoration-transparent underline underline-offset-2 group-hover:decoration-inherit group-focus-visible:decoration-inherit transition duration-hover\"\n\t\t>\n\t\t\tFormation en mati\u00e8res dangereuses\t\t<\/span>\n\n\t\t<span\n\t\t\tclass=\"bg-inherit transition-colors duration-hover group-hover:bg-gold group-focus:bg-gold inline-flex rotate-180 order-first\"\n\t\t>\n\t\t\t<svg xmlns=\"http:\/\/www.w3.org\/2000\/svg\" width=\"21\" height=\"22\" fill=\"none\" viewBox=\"0 0 21 22\"><path stroke=\"currentColor\" stroke-linecap=\"round\" stroke-width=\"2\" d=\"M20 20.75L20 2.25L1.5 2.25L1.5 20.75L20 20.75Z\" clip-rule=\"evenodd\"\/><path stroke=\"currentColor\" stroke-linecap=\"square\" stroke-width=\"2\" d=\"M14.0883 11.5L6.66406 11.5\"\/><path stroke=\"currentColor\" stroke-linecap=\"square\" stroke-width=\"2\" d=\"M11.0723 7.75205L14.8363 11.5L11.0723 15.248\"\/><\/svg>\t\t<\/span>\n\t<\/a><\/div>\n\t\t\t<\/div>\n\t\t\t<\/div>\n<\/header>\n<\/section>\n<div class=\"wp-block-paragraph \">\n<p>Le cours de technicien en mati\u00e8res dangereuses est con\u00e7u sp\u00e9cifiquement pour le personnel d\u2019incendie et de sauvetage qui peut intervenir en cas d\u2019incidents impliquant des mati\u00e8res dangereuses et \/ ou des armes de destruction massive (ADM).<\/p>\n<\/div><div class=\"wp-block-paragraph \">\n<p>Ce cours est un programme de formation de 10 jours (80 heures), centr\u00e9 sur le participant et dirig\u00e9 par un instructeur, pour les premiers intervenants.<\/p>\n<\/div><div class=\"wp-block-paragraph \">\n<p>\u00c0 la fin du cours, les participants seront en mesure d\u2019effectuer ce qui suit lors d\u2019incidents li\u00e9s \u00e0 des mati\u00e8res dangereuses et \u00e0 des ADM en utilisant le processus d\u2019intervention ax\u00e9 sur les risques de l\u2019AIP \u2013 APIE :<\/p>\n<\/div><div class=\"wp-block-list\">\n<ul class=\"wp-block-list\">\n<li>Analyser l\u2019incident pour d\u00e9terminer la complexit\u00e9 du probl\u00e8me et les r\u00e9sultats potentiels.<\/li>\n\n\n\n<li>Planifier une intervention, y compris l\u2019\u00e9laboration d\u2019objectifs d\u2019intervention, l&rsquo;identification d&rsquo;options d\u2019intervention potentielles, la s\u00e9lection de l\u2019\u00e9quipement de protection individuelle (\u00c9PI) requis et un processus de d\u00e9contamination technique, et l\u2019\u00e9laboration d\u2019un plan d&rsquo;op\u00e9ration.<\/li>\n\n\n\n<li>Mettre en \u0153uvre l\u2019intervention pr\u00e9vue conform\u00e9ment aux plans d\u2019intervention d\u2019urgence locaux et\/ou aux proc\u00e9dures op\u00e9rationnelles normalis\u00e9es en ex\u00e9cutant des t\u00e2ches de la Direction g\u00e9n\u00e9rale des mati\u00e8res dangereuses ; l\u2019enfilage, le d\u00e9shabillage et le travail dans l\u2019\u00c9PI ; et l\u2019ex\u00e9cution des fonctions de contr\u00f4le et de d\u00e9contamination.<\/li>\n\n\n\n<li>\u00c9valuer les progr\u00e8s r\u00e9alis\u00e9s pour d\u00e9terminer l\u2019efficacit\u00e9 des fonctions de contr\u00f4le et de d\u00e9contamination d\u00e9finies dans le plan d&rsquo;op\u00e9ration.<\/li>\n<\/ul>\n<\/div><div class=\"wp-block-paragraph \">\n<p><a href=\"https:\/\/www.iaff.org\/wp-content\/uploads\/HazMat-Technician-Flyer-2022.pdf\" target=\"_blank\" rel=\"noreferrer noopener\">T\u00e9l\u00e9chargez la description du cours ici.<\/a><\/p>\n<\/div>\n<h3 class=\"wp-block-heading\"><strong>Conditions pr\u00e9alables<\/strong><\/h3>\n<div class=\"wp-block-paragraph \">\n<p>Ce cours de formation est con\u00e7u pour les \u00e9tudiants qui ont d\u00e9j\u00e0 termin\u00e9 la formation sur l\u2019intervention en mati\u00e8res dangereuses, au niveau des op\u00e9rations.<\/p>\n<\/div>\n<h3 class=\"wp-block-heading\"><strong>Codes et r\u00e8glements respect\u00e9s<\/strong><\/h3>\n<div class=\"wp-block-paragraph \">\n<p>L\u2019objectif du cours est d\u2019\u00e9duquer les intervenants d\u2019urgence sur les strat\u00e9gies de protection de la sant\u00e9 et de la s\u00e9curit\u00e9 lorsque leur travail implique des op\u00e9rations offensives sur des mati\u00e8res dangereuses \/ armes de destruction massive (ADM) conform\u00e9ment \u00e0 :<\/p>\n<\/div><div class=\"wp-block-list\">\n<ul class=\"wp-block-list\">\n<li>OSHA 29 CFR 1910.120, Op\u00e9rations de d\u00e9chets dangereux et intervention d\u2019urgence<\/li>\n\n\n\n<li>Norme NFPA 470 : Norme sur les mati\u00e8res dangereuses et les armes de destruction massive (ADM) pour les intervenants, \u00e9dition 2022, chapitre 11<\/li>\n\n\n\n<li>NFPA<sup>\u00ae <\/sup>1991 : Normes sur les ensembles de protection contre la vapeur pour les urgences li\u00e9es aux mati\u00e8res dangereuses<\/li>\n\n\n\n<li>NFPA<sup>\u00ae <\/sup>1992 : Normes sur les ensembles et v\u00eatements de protections contre les \u00e9claboussures liquides pour les urgences li\u00e9es aux mati\u00e8res dangereuses<\/li>\n\n\n\n<li>NFPA<sup>\u00ae<\/sup> 1994 : Normes sur les ensembles de protection pour les premiers intervenants lors d&rsquo;incidents li\u00e9s aux mati\u00e8res dangereuses et au terrorisme CBRN<\/li>\n<\/ul>\n<\/div><section\n\t class=\"page-blocks iaff-page-blocks align wp-block-acf-page-blocks\" id=\"page-blocks_block_5a60e941ef530b0ca5cb3ddbbe7707fe\">\n\t<div class=\"acf-innerblocks-container\">\n<section\n\t class=\"callout-section pt-20 md:pt-[100px] bg-transparent align wp-block-acf-callout-section\" id=\"callout-section_block_500e70ee9e004e6aa723928a17a7457e\">\n\t\t<div class=\"border-b border-black\">\n\t\t\t<\/div>\n\n\t<!-- TODO: Constrain to content width -->\n\t<div class=\"w-full flex flex-col\">\n\t\t<!-- Callouts -->\n\t\t<div class=\"acf-innerblocks-container\">\n<section\n\t class=\"callout align wp-block-acf-callout\" id=\"callout_block_17e5fec6ffff3e676a67ea7e201733c1\">\n\t<div class=\"grid md:grid-cols-2 gap-0\">\n\t\t<figure\n\t\t\tclass=\"md:col-start-2 md:row-start-1 grid place-items-center\"\n\t\t>\n\t\t\t\t\t\t\t<div class=\"relative\">\n\t\t\t\t\t<img decoding=\"async\" width=\"400\" height=\"532\" src=\"https:\/\/www.iaff.org\/wp-content\/uploads\/2019\/07\/28990_HAZMATGreen.png\" class=\"w-full block h-auto object-cover\" alt=\"\" srcset=\"https:\/\/www.iaff.org\/wp-content\/uploads\/2019\/07\/28990_HAZMATGreen.png 400w, https:\/\/www.iaff.org\/wp-content\/uploads\/2019\/07\/28990_HAZMATGreen-226x300.png 226w, https:\/\/www.iaff.org\/wp-content\/uploads\/2019\/07\/28990_HAZMATGreen-180x240.png 180w\" sizes=\"(max-width: 400px) 100vw, 400px\" \/>\t\t\t\t\t<div class=\"u-halftone-overlay\"><\/div>\n\t\t\t\t<\/div>\n\t\t\t\t\t<\/figure>\n\t\t<div class=\"flex flex-col gap-2 py-[54px] text-smoke md:p-10 justify-center md:px-15\">\n\t\t\t\t\t\t\t\t\t\t<div class=\"font-serif font-600 text-[34px] leading-[1.1] -tracking-[0.5px]\">\n\t\t\t\t\tMesures de rendement\t\t\t\t<\/div>\n\t\t\t\t\t\t\t\t\t\t<div class=\"font-sans font-350 text-[18px] leading-[1.5]\">\n\t\t\t\t\t<p>Les participants doivent d\u00e9montrer la ma\u00eetrise des objectifs du cours en compl\u00e9tant le test de certification et un exercice pratique bas\u00e9 sur un sc\u00e9nario s\u00e9lectionn\u00e9 au hasard. Le test de certification comprend 100 questions fond\u00e9es sur les connaissances. Des sc\u00e9narios d\u2019\u00e9valuation ont \u00e9t\u00e9 \u00e9labor\u00e9s pour s\u2019assurer que les participants sont \u00e9valu\u00e9s dans un environnement simul\u00e9 haute fid\u00e9lit\u00e9. Les sc\u00e9narios exigent que les participants appliquent l\u2019APIE et comprennent l\u2019ach\u00e8vement obligatoire de l\u2019analyse, de la d\u00e9tection et de la surveillance, la planification des interventions, la s\u00e9lection et l\u2019utilisation de l\u2019\u00c9PI et de la d\u00e9contamination, ainsi que le contr\u00f4le des produits. Les participants, qui r\u00e9ussissent les \u00e9valuations \u00e9crites (70 %) et les \u00e9valuations des comp\u00e9tences, sont certifi\u00e9s par le National Board on Fire Service Professional Qualifications (le Pro Board<sup>\u00ae<\/sup>) au niveau de technicien en mati\u00e8res dangereuses.  <\/p>\n\t\t\t\t<\/div>\n\t\t\t\t\t\t\t\t<\/div>\n\t<\/div>\n<\/section>\n\n<\/div>\n\t\t\t<\/div>\n<\/section>\n\n<\/div><\/section>\n\n<h3 class=\"wp-block-heading\"><strong>Accr\u00e9ditation<\/strong><\/h3>\n<div class=\"wp-block-paragraph \">\n<p>Une fois qu\u2019un participant a termin\u00e9 le cours, y compris l\u2019\u00e9valuation de la performance (comp\u00e9tences), et obtient des r\u00e9sultats sup\u00e9rieurs \u00e0 70%, il recevra un certificat de l\u2019AIP avec un sceau Pro Board<sup>\u00ae<\/sup> . L\u2019AIP soumettra ensuite le nom du participant au National Board on Fire Service Professional Qualifications (Registre pro Board<sup>\u00ae <\/sup>). La certification Pro Board<sup>\u00ae<\/sup> d\u00e9tient :  <\/p>\n<\/div><div class=\"wp-block-list\">\n<ul class=\"wp-block-list\">\n<li>Reconnaissance de la d\u00e9monstration des comp\u00e9tences<\/li>\n\n\n\n<li>Un bilan des r\u00e9ussites<\/li>\n\n\n\n<li>La transf\u00e9rabilit\u00e9 \/portabilit\u00e9 des qualifications, car la r\u00e9ciprocit\u00e9 signifie que la certification Pro Board<sup>\u00ae<\/sup> sera reconnue par les services d\u2019incendie \u00e0 l\u2019\u00e9chelle nationale.<\/li>\n<\/ul>\n<\/div>\n<h3 class=\"wp-block-heading\"><strong>Accr\u00e9ditation suppl\u00e9mentaire<\/strong><\/h3>\n<div class=\"wp-block-paragraph \">\n<p>Les pompiers et le personnel qui ont obtenu avec succ\u00e8s la certification Pro Board<sup>\u00ae <\/sup>peuvent \u00eatre admissibles \u00e0 transf\u00e9rer des cr\u00e9dits coll\u00e9giaux vers les programmes d\u2019\u00e9tudes suivants de l\u2019Universit\u00e9 Kaplan : Associ\u00e9 des sciences appliqu\u00e9es (AAS) en sciences de la protection contre l&rsquo;incendie, Baccalaur\u00e9at en sciences (BS) de la protection contre l&rsquo;incendie, Baccalaur\u00e9at en sciences de gestion des incendies et des urgences. Compl\u00e9ter le programme de technicien en mati\u00e8res dangereuses permet aux participants de recevoir un total de cinq cr\u00e9dits pour un cours optionnel en gestion des incendies \u00e0 l\u2019Universit\u00e9 Kaplan. <\/p>\n<\/div>\n<h3 class=\"wp-block-heading\"><strong>Recommand\u00e9<\/strong><\/h3>\n<div class=\"wp-block-paragraph \">\n<p>Examen physique de l\u2019OSHA conform\u00e9ment aux 29 CFR \u00a71910.120 et 29 CFR \u00a71910.134.<\/p>\n<\/div>","protected":false},"excerpt":{"rendered":"<p>Le cours de technicien en mati\u00e8res dangereuses est con\u00e7u sp\u00e9cifiquement pour le personnel d\u2019incendie et de sauvetage qui peut intervenir en cas d\u2019incidents impliquant des mati\u00e8res dangereuses et \/ ou [&hellip;]<\/p>\n","protected":false},"featured_media":0,"parent":64071,"menu_order":0,"comment_status":"closed","ping_status":"closed","template":"","meta":{"_acf_changed":false,"_searchwp_excluded":"","inline_featured_image":false,"_EventAllDay":false,"_EventTimezone":"","_EventStartDate":"","_EventEndDate":"","_EventStartDateUTC":"","_EventEndDateUTC":"","_EventShowMap":false,"_EventShowMapLink":false,"_EventURL":"","_EventCost":"","_EventCostDescription":"","_EventCurrencySymbol":"","_EventCurrencyCode":"","_EventCurrencyPosition":"","_EventDateTimeSeparator":"","_EventTimeRangeSeparator":"","_EventOrganizerID":[],"_EventVenueID":[],"_OrganizerEmail":"","_OrganizerPhone":"","_OrganizerWebsite":"","_VenueAddress":"","_VenueCity":"","_VenueCountry":"","_VenueProvince":"","_VenueState":"","_VenueZip":"","_VenuePhone":"","_VenueURL":"","_VenueStateProvince":"","_VenueLat":"","_VenueLng":"","_VenueShowMap":false,"_VenueShowMapLink":false,"footnotes":""},"class_list":["post-76493","page","type-page","status-publish","hentry"],"acf":[],"publishpress_future_workflow_manual_trigger":{"enabledWorkflows":[]},"_links":{"self":[{"href":"https:\/\/www.iaff.org\/fr-ca\/wp-json\/wp\/v2\/pages\/76493","targetHints":{"allow":["GET"]}}],"collection":[{"href":"https:\/\/www.iaff.org\/fr-ca\/wp-json\/wp\/v2\/pages"}],"about":[{"href":"https:\/\/www.iaff.org\/fr-ca\/wp-json\/wp\/v2\/types\/page"}],"author":[{"embeddable":true,"href":"https:\/\/www.iaff.org\/fr-ca\/wp-json\/wp\/v2\/users\/1"}],"replies":[{"embeddable":true,"href":"https:\/\/www.iaff.org\/fr-ca\/wp-json\/wp\/v2\/comments?post=76493"}],"version-history":[{"count":0,"href":"https:\/\/www.iaff.org\/fr-ca\/wp-json\/wp\/v2\/pages\/76493\/revisions"}],"up":[{"embeddable":true,"href":"https:\/\/www.iaff.org\/fr-ca\/wp-json\/wp\/v2\/pages\/64071"}],"wp:attachment":[{"href":"https:\/\/www.iaff.org\/fr-ca\/wp-json\/wp\/v2\/media?parent=76493"}],"curies":[{"name":"wp","href":"https:\/\/api.w.org\/{rel}","templated":true}]}}