{"id":76487,"date":"2024-02-06T12:26:18","date_gmt":"2024-02-06T17:26:18","guid":{"rendered":"https:\/\/www.iaff.org\/formation-sur-les-matieres-dangereuses\/operations-liees-aux-matieres-dangereuses\/"},"modified":"2025-06-20T14:30:11","modified_gmt":"2025-06-20T18:30:11","slug":"operations-liees-aux-matieres-dangereuses","status":"publish","type":"page","link":"https:\/\/www.iaff.org\/fr-ca\/formation-sur-les-matieres-dangereuses\/operations-liees-aux-matieres-dangereuses\/","title":{"rendered":"Op\u00e9rations en mati\u00e8res dangereuses"},"content":{"rendered":"<section\n\t class=\"secondary-hero align wp-block-acf-secondary-hero\" id=\"secondary-hero_block_129bc59663fbffff0181cbcafd2eb5e9\">\n\t\n<header\n\tclass=\"w-full u-bg-full-width px-[22px] md:ps-bleed md:pe-0 py-[60px] bg-smoke-5 text-black u-has-rivets u-rivets-dark\"\n\tdata-theme=\"gray\"\n>\n\t<div class=\"flex flex-col !px-0 !max-w-[1440px] w-full lg:!ps-indent\">\n\t\t<div class=\"border-t-[6px] w-full my-0 flex flex-col md:flex-row gap-x-[62px] gap-y-[22px] border-red\">\n\t\t\t\t\t\t<div class=\"w-full md:w-1\/2 md:py-[45px]\">\n\t\t\t\t<div class=\"max-w-[600px] flex flex-col gap-[22px]\">\n\t\t\t\t\t\t\t\t\t\t\t<h1 class=\"has-[.u-halftone-shadow--dark]:mb-divider has-[.u-halftone-shadow--light]:mb-divider pt-[22px] md:pt-0\">\n\t\t\t\t\t\t\t<span class=\"inline-flex text-heading-200 u-halftone-shadow--dark\">\n\t\t\t\t\t\t\t\tOp\u00e9rations en mati\u00e8res dangereuses\t\t\t\t\t\t\t<\/span>\n\t\t\t\t\t\t<\/h1>\n\t\t\t\t\t\t\t\t\t\t\t\t\t\t\t\t<div class=\"text-body-300 font-sans\">\n\t\t\t\t\t\t\t<p>Pro Board\u00ae accr\u00e9dit\u00e9 \/ 24 heures<\/p>\n\t\t\t\t\t\t<\/div>\n\t\t\t\t\t\t\t\t\t\t\t\t\t\t\t\t\t\t\t\t\t\t\t\t<\/div>\n\t\t\t<\/div>\n\n\t\t<\/div>\n\t\t\t\t\t<div class=\"order-first flex justify-start w-full pb-[22px]\">\n\t\t\t\t<div\n\tclass=\"wp-block-button is-style-tertiary text-smoke is-style-tertiary-back\"\n>\n\t\t\t<a\n\t\t\thref=\"https:\/\/www.iaff.org\/fr-ca\/formation-sur-les-matieres-dangereuses\/\"\n\t\t\tclass=\"wp-block-button__link wp-element-button group\"\n\t\t\t\t\t>\n\t\t\t<span\n\t\t\tclass=\"decoration-transparent underline underline-offset-2 group-hover:decoration-inherit group-focus-visible:decoration-inherit transition duration-hover\"\n\t\t>\n\t\t\tFormation en mati\u00e8res dangereuses\t\t<\/span>\n\n\t\t<span\n\t\t\tclass=\"bg-inherit transition-colors duration-hover group-hover:bg-gold group-focus:bg-gold inline-flex rotate-180 order-first\"\n\t\t>\n\t\t\t<svg xmlns=\"http:\/\/www.w3.org\/2000\/svg\" width=\"21\" height=\"22\" fill=\"none\" viewBox=\"0 0 21 22\"><path stroke=\"currentColor\" stroke-linecap=\"round\" stroke-width=\"2\" d=\"M20 20.75L20 2.25L1.5 2.25L1.5 20.75L20 20.75Z\" clip-rule=\"evenodd\"\/><path stroke=\"currentColor\" stroke-linecap=\"square\" stroke-width=\"2\" d=\"M14.0883 11.5L6.66406 11.5\"\/><path stroke=\"currentColor\" stroke-linecap=\"square\" stroke-width=\"2\" d=\"M11.0723 7.75205L14.8363 11.5L11.0723 15.248\"\/><\/svg>\t\t<\/span>\n\t<\/a><\/div>\n\t\t\t<\/div>\n\t\t\t<\/div>\n<\/header>\n<\/section>\n<div class=\"wp-block-paragraph \">\n<p>Le cours sur les op\u00e9rations en mati\u00e8res dangereuses est un programme de formation de trois jours, centr\u00e9 sur le participant et dirig\u00e9 par un instructeur. Les op\u00e9rations en mati\u00e8res dangereuses ont \u00e9t\u00e9 \u00e9labor\u00e9es pour le personnel des services d\u2019incendie, de sauvetage, des services m\u00e9dicaux d\u2019urgence (SMU) et autres membres du personnel qui peuvent intervenir en cas d\u2019incidents mettant en cause des mati\u00e8res dangereuses (HAZMAT) et\/ou des armes de destruction massive (ADM).<\/p>\n<\/div><div class=\"wp-block-paragraph \">\n<p><a href=\"https:\/\/www.iaff.org\/wp-content\/uploads\/HazMat-Operations-Flyer-2022.pdf\" target=\"_blank\" rel=\"noreferrer noopener\">T\u00e9l\u00e9chargez la description du cours ici (ENG).<\/a><br\/><a href=\"https:\/\/www.iaff.org\/wp-content\/uploads\/HazMat-Operations-Flyer_French-2022.pdf\" target=\"_blank\" rel=\"noreferrer noopener\">T\u00e9l\u00e9chargez la description du cours ici (FR).<\/a><\/p>\n<\/div>\n<h3 class=\"wp-block-heading\"><strong>Objectif du cours<\/strong><\/h3>\n<div class=\"wp-block-paragraph \">\n<p>Dans le cadre de ce cours, l\u2019AIP s\u2019efforce de s\u2019assurer que tous les intervenants d\u2019urgence poss\u00e8dent les connaissances et les comp\u00e9tences n\u00e9cessaires pour stabiliser et\/ou att\u00e9nuer en toute s\u00e9curit\u00e9 les incidents mettant en cause des mati\u00e8res dangereuses et des ADM conform\u00e9ment \u00e0 ce qui suit :<\/p>\n<\/div><div class=\"wp-block-list\">\n<ul class=\"wp-block-list\">\n<li>OSHA 29 CFR 1910.120, Op\u00e9rations de d\u00e9chets dangereux et intervention d\u2019urgence<\/li>\n\n\n\n<li>Norme NFPA 470 : Norme sur les mati\u00e8res dangereuses \/ armes de destruction massive (ADM) pour les intervenants, \u00e9dition 2022<div class=\"wp-block-list\">\n<ul class=\"wp-block-list\">\n<li>Chapitre 5 Qualifications professionnelles pour les mati\u00e8res dangereuses et les ADM &#8211; personnel de niveau sensibilisation (NFPA 1072)<\/li>\n\n\n\n<li><span style=\"font-size: 1rem; color: initial;\">Chapitre 7 Qualifications professionnelles pour les mati\u00e8res dangereuses et les ADM &#8211; intervenants de niveau op\u00e9rationnel (NFPA 1072)<\/span><\/li>\n\n\n\n<li>Chapitre 9 Qualifications professionnelles pour les mati\u00e8res dangereuses et les ADM &#8211; intervenants de niveau op\u00e9rationnel charg\u00e9s de responsabilit\u00e9s propres \u00e0 la mission (NFPA 1072)<div class=\"wp-block-list\">\n<ul class=\"wp-block-list\">\n<li>9.2 \u00c9quipement de protection individuelle<\/li>\n\n\n\n<li>9.6 Contr\u00f4le des produits<\/li>\n<\/ul>\n<\/div><\/li>\n<\/ul>\n<\/div><\/li>\n\n\n\n<li>NFPA\u00ae 1072 : Norme pour le personnel d&rsquo;intervention en cas d&rsquo;urgence li\u00e9 aux mati\u00e8res dangereuses et ADM, qualifications professionnelles<\/li>\n\n\n\n<li>NFPA<sup>\u00ae <\/sup>1971 : Norme sur les ensembles de protection pour la lutte contre les incendies structurels et la lutte contre les incendies de proximit\u00e9<\/li>\n\n\n\n<li>NFPA<sup>\u00ae <\/sup>1851 : Norme sur la s\u00e9lection, l&rsquo;entretien et la maintenance des ensembles de protection pour la lutte contre les incendies structurels et la lutte contre les incendies de proximit\u00e9<\/li>\n\n\n\n<li>NFPA\u00ae 1990 : Norme pour les ensembles de protection pour les op\u00e9rations li\u00e9es aux mati\u00e8res dangereuses et aus CBRN<\/li>\n<\/ul>\n<\/div>\n<h3 class=\"wp-block-heading\"><strong>Objectifs du cours<\/strong><\/h3>\n<div class=\"wp-block-paragraph \">\n<p>Apr\u00e8s avoir termin\u00e9 ce cours, les participants seront en mesure d\u2019effectuer les t\u00e2ches du personnel de sensibilisation et de niveau op\u00e9rationnel lorsqu\u2019ils interviennent en cas d\u2019incidents li\u00e9s aux mati\u00e8res dangereuses et aux ADM :<\/p>\n<\/div><div class=\"wp-block-list\">\n<ul class=\"wp-block-list\">\n<li>Analyser l\u2019incident pour identifier le probl\u00e8me et le comportement des mati\u00e8res dangereuses \/ ADM et des conteneurs pr\u00e9sents.<\/li>\n\n\n\n<li>Planifier une intervention initiale, d\u00e9velopper un plan d\u2019action en cas d\u2019incident et communiquer ce plan conform\u00e9ment aux proc\u00e9dures et aux lignes directrices op\u00e9rationnelles normalis\u00e9es (PON\/SOG) et aux \u00e9quipements et personnel disponibles.<\/li>\n\n\n\n<li>Mettre en \u0153uvre l\u2019intervention pr\u00e9vue tout en observant les op\u00e9rations et les r\u00e9sultats.<div class=\"wp-block-list\">\n<ul class=\"wp-block-list\">\n<li>Utiliser de l\u2019\u00c9PI lors d\u2019incidents li\u00e9s aux mati\u00e8res dangereuses et aux ADM.<\/li>\n\n\n\n<li>Sur le plan d\u00e9fensif, contr\u00f4ler les produits lors d\u2019incidents li\u00e9s aux mati\u00e8res dangereuses et aux ADM.<\/li>\n<\/ul>\n<\/div><\/li>\n\n\n\n<li>\u00c9valuer les progr\u00e8s r\u00e9alis\u00e9s pour \u00e9valuer l\u2019efficacit\u00e9 des mesures prises pour stabiliser l\u2019incident et prot\u00e9ger les personnes, les biens et l\u2019environnement.<\/li>\n<\/ul>\n<\/div>\n<h3 class=\"wp-block-heading\"><strong>Mesures de rendement<\/strong><\/h3>\n<div class=\"wp-block-paragraph \">\n<p>Les participants doivent d\u00e9montrer la ma\u00eetrise des objectifs du cours en compl\u00e9tant l&rsquo;\u00e9valuation finale, la pratique des comp\u00e9tences et les \u00e9valuations de performance. L&rsquo;\u00e9valuation finale comprend 50 questions \u00e0 choix multiples avec des articles n\u00e9cessitant l\u2019utilisation de r\u00e9f\u00e9rences en mati\u00e8res dangereuses &#8211; GMU, NIOSH guide de poche, fiches de donn\u00e9es de s\u00e9curit\u00e9 et autres r\u00e9f\u00e9rences utilis\u00e9es localement. L\u2019\u00e9valuation du rendement comprend l\u2019accomplissement obligatoire des \u00e9volutions de l\u2019\u00c9PI et de la d\u00e9contamination d\u2019urgence, ainsi que trois \u00e9volutions de contr\u00f4le de produits s\u00e9lectionn\u00e9es au hasard.<\/p>\n<\/div>\n<h3 class=\"wp-block-heading\"><strong>La certification<\/strong><\/h3>\n<div class=\"wp-block-paragraph \">\n<p>Une fois qu\u2019un participant a termin\u00e9 le cours, y compris l\u2019\u00e9valuation des performances (comp\u00e9tences), et obtient des r\u00e9sultats sup\u00e9rieurs \u00e0 70% \u00e0 l\u2019examen \u00e9crit, il recevra un certificat de l\u2019AIP avec un sceau Pro Board<sup>\u00ae<\/sup> . L\u2019AIP soumettra ensuite le nom du participant au National Board on Fire Service Professional Qualifications (registre Pro Board<sup>\u00ae<\/sup> ) pour certification aux niveaux de sensibilisation, d\u2019op\u00e9rations de base, d\u2019\u00c9PI sp\u00e9cifique \u00e0 la mission et de contr\u00f4le des produits. La certification Pro Board<sup>\u00ae<\/sup> d\u00e9tient :  <\/p>\n<\/div><div class=\"wp-block-list\">\n<ul class=\"wp-block-list\">\n<li>Reconnaissance de la d\u00e9monstration de comp\u00e9tence<\/li>\n\n\n\n<li>Un bilan permanent de la r\u00e9ussite<\/li>\n\n\n\n<li>Transf\u00e9rabilit\u00e9 \/portabilit\u00e9 des qualifications, car la r\u00e9ciprocit\u00e9 signifie que la certification Pro Board sera reconnue par les services d\u2019incendie \u00e0 l\u2019\u00e9chelle nationale.<\/li>\n<\/ul>\n<\/div>","protected":false},"excerpt":{"rendered":"<p>Le cours sur les op\u00e9rations en mati\u00e8res dangereuses est un programme de formation de trois jours, centr\u00e9 sur le participant et dirig\u00e9 par un instructeur. Les op\u00e9rations en mati\u00e8res dangereuses [&hellip;]<\/p>\n","protected":false},"featured_media":0,"parent":64071,"menu_order":0,"comment_status":"closed","ping_status":"closed","template":"","meta":{"_acf_changed":false,"_searchwp_excluded":"","inline_featured_image":false,"_EventAllDay":false,"_EventTimezone":"","_EventStartDate":"","_EventEndDate":"","_EventStartDateUTC":"","_EventEndDateUTC":"","_EventShowMap":false,"_EventShowMapLink":false,"_EventURL":"","_EventCost":"","_EventCostDescription":"","_EventCurrencySymbol":"","_EventCurrencyCode":"","_EventCurrencyPosition":"","_EventDateTimeSeparator":"","_EventTimeRangeSeparator":"","_EventOrganizerID":[],"_EventVenueID":[],"_OrganizerEmail":"","_OrganizerPhone":"","_OrganizerWebsite":"","_VenueAddress":"","_VenueCity":"","_VenueCountry":"","_VenueProvince":"","_VenueState":"","_VenueZip":"","_VenuePhone":"","_VenueURL":"","_VenueStateProvince":"","_VenueLat":"","_VenueLng":"","_VenueShowMap":false,"_VenueShowMapLink":false,"footnotes":""},"class_list":["post-76487","page","type-page","status-publish","hentry"],"acf":[],"publishpress_future_workflow_manual_trigger":{"enabledWorkflows":[]},"_links":{"self":[{"href":"https:\/\/www.iaff.org\/fr-ca\/wp-json\/wp\/v2\/pages\/76487","targetHints":{"allow":["GET"]}}],"collection":[{"href":"https:\/\/www.iaff.org\/fr-ca\/wp-json\/wp\/v2\/pages"}],"about":[{"href":"https:\/\/www.iaff.org\/fr-ca\/wp-json\/wp\/v2\/types\/page"}],"author":[{"embeddable":true,"href":"https:\/\/www.iaff.org\/fr-ca\/wp-json\/wp\/v2\/users\/3"}],"replies":[{"embeddable":true,"href":"https:\/\/www.iaff.org\/fr-ca\/wp-json\/wp\/v2\/comments?post=76487"}],"version-history":[{"count":0,"href":"https:\/\/www.iaff.org\/fr-ca\/wp-json\/wp\/v2\/pages\/76487\/revisions"}],"up":[{"embeddable":true,"href":"https:\/\/www.iaff.org\/fr-ca\/wp-json\/wp\/v2\/pages\/64071"}],"wp:attachment":[{"href":"https:\/\/www.iaff.org\/fr-ca\/wp-json\/wp\/v2\/media?parent=76487"}],"curies":[{"name":"wp","href":"https:\/\/api.w.org\/{rel}","templated":true}]}}