{"id":76476,"date":"2024-02-06T16:28:31","date_gmt":"2024-02-06T21:28:31","guid":{"rendered":"https:\/\/www.iaff.org\/formation-sur-les-matieres-dangereuses\/intervention-en-cas-dincidents-lies-a-la-drogue\/"},"modified":"2025-06-20T14:31:13","modified_gmt":"2025-06-20T18:31:13","slug":"intervention-en-cas-dincidents-lies-a-la-drogue","status":"publish","type":"page","link":"https:\/\/www.iaff.org\/fr-ca\/formation-sur-les-matieres-dangereuses\/intervention-en-cas-dincidents-lies-a-la-drogue\/","title":{"rendered":"Intervention en cas d\u2019incidents li\u00e9s \u00e0 la drogue"},"content":{"rendered":"<section\n\t class=\"secondary-hero align wp-block-acf-secondary-hero\" id=\"secondary-hero_block_8b8526d5fd4ee61653d306c07a5d405e\">\n\t\n<header\n\tclass=\"w-full u-bg-full-width px-[22px] md:ps-bleed md:pe-0 py-[60px] bg-smoke-5 text-black u-has-rivets u-rivets-dark\"\n\tdata-theme=\"gray\"\n>\n\t<div class=\"flex flex-col !px-0 !max-w-[1440px] w-full lg:!ps-indent\">\n\t\t<div class=\"border-t-[6px] w-full my-0 flex flex-col md:flex-row gap-x-[62px] gap-y-[22px] border-red\">\n\t\t\t\t\t\t<div class=\"w-full md:w-1\/2 md:py-[45px]\">\n\t\t\t\t<div class=\"max-w-[600px] flex flex-col gap-[22px]\">\n\t\t\t\t\t\t\t\t\t\t\t<h1 class=\"has-[.u-halftone-shadow--dark]:mb-divider has-[.u-halftone-shadow--light]:mb-divider pt-[22px] md:pt-0\">\n\t\t\t\t\t\t\t<span class=\"inline-flex text-heading-200 u-halftone-shadow--dark\">\n\t\t\t\t\t\t\t\tIntervention en cas d\u2019incidents li\u00e9s \u00e0 la drogue\t\t\t\t\t\t\t<\/span>\n\t\t\t\t\t\t<\/h1>\n\t\t\t\t\t\t\t\t\t\t\t\t\t\t\t\t<div class=\"text-body-300 font-sans\">\n\t\t\t\t\t\t\t<p>8\u00a0heures<\/p>\n\t\t\t\t\t\t<\/div>\n\t\t\t\t\t\t\t\t\t\t\t\t\t\t\t\t\t\t\t\t\t\t\t\t<\/div>\n\t\t\t<\/div>\n\n\t\t<\/div>\n\t\t\t\t\t<div class=\"order-first flex justify-start w-full pb-[22px]\">\n\t\t\t\t<div\n\tclass=\"wp-block-button is-style-tertiary text-smoke is-style-tertiary-back\"\n>\n\t\t\t<a\n\t\t\thref=\"https:\/\/www.iaff.org\/fr-ca\/formation-sur-les-matieres-dangereuses\/\"\n\t\t\tclass=\"wp-block-button__link wp-element-button group\"\n\t\t\t\t\t>\n\t\t\t<span\n\t\t\tclass=\"decoration-transparent underline underline-offset-2 group-hover:decoration-inherit group-focus-visible:decoration-inherit transition duration-hover\"\n\t\t>\n\t\t\tFormation sur les mati\u00e8res dangereuses\t\t<\/span>\n\n\t\t<span\n\t\t\tclass=\"bg-inherit transition-colors duration-hover group-hover:bg-gold group-focus:bg-gold inline-flex rotate-180 order-first\"\n\t\t>\n\t\t\t<svg xmlns=\"http:\/\/www.w3.org\/2000\/svg\" width=\"21\" height=\"22\" fill=\"none\" viewBox=\"0 0 21 22\"><path stroke=\"currentColor\" stroke-linecap=\"round\" stroke-width=\"2\" d=\"M20 20.75L20 2.25L1.5 2.25L1.5 20.75L20 20.75Z\" clip-rule=\"evenodd\"\/><path stroke=\"currentColor\" stroke-linecap=\"square\" stroke-width=\"2\" d=\"M14.0883 11.5L6.66406 11.5\"\/><path stroke=\"currentColor\" stroke-linecap=\"square\" stroke-width=\"2\" d=\"M11.0723 7.75205L14.8363 11.5L11.0723 15.248\"\/><\/svg>\t\t<\/span>\n\t<\/a><\/div>\n\t\t\t<\/div>\n\t\t\t<\/div>\n<\/header>\n<\/section>\n<div class=\"wp-block-paragraph \">\n<p>Ce cours se concentre sur les dangers auxquels les premiers intervenants sont confront\u00e9s lorsqu\u2019ils doivent intervenir en cas d\u2019incidents li\u00e9s \u00e0 la drogue. Cette formation, personnalisable en fonction du territoire de comp\u00e9tence, enseigne aux participants \u00e0 identifier des laboratoires de fabrication de drogues pr\u00e9cises, \u00e0 reconna\u00eetre les dangers et \u00e0 r\u00e9agir en cas d\u2019incident. La formation abordera les nouvelles tactiques et les lignes directrices en mati\u00e8re d\u2019intervention li\u00e9e la drogue, ainsi que les proc\u00e9dures de s\u00e9curit\u00e9, les dispositifs de d\u00e9tection et l\u2019\u00e9limination des substances, entre autres, afin de garantir une r\u00e9ponse plus s\u00fbre aux incidents li\u00e9s \u00e0 des laboratoires de fabrication de drogues illicites. Des renseignements compl\u00e9mentaires, des feuillets d\u2019information et des ressources sont mis \u00e0 la disposition des participants dans le Centre d\u2019apprentissage en ligne de l\u2019AIP. Ce cours satisfait aux exigences annuelles de recyclage professionnel HAZWOPER.<\/p>\n<\/div><div class=\"wp-block-paragraph \">\n<p><a href=\"https:\/\/www.iaff.org\/wp-content\/uploads\/Responding-to-Drug-Related-Incidents-Flyer-2022.pdf\" target=\"_blank\" rel=\"noreferrer noopener\">T\u00e9l\u00e9chargez la description du cours ici.<\/a><\/p>\n<\/div>\n<h3 class=\"wp-block-heading\"><strong>Objectif du cours<\/strong><\/h3>\n<div class=\"wp-block-paragraph \">\n<p>Gr\u00e2ce \u00e0 ce cours, l\u2019AIP veille \u00e0 ce que les intervenants d\u2019urgence, en particulier les intervenants au niveau op\u00e9rationnel, aient les connaissances et les comp\u00e9tences n\u00e9cessaires pour soutenir les activit\u00e9s lors d\u2019incidents li\u00e9s aux drogues illicites et \u00e0 la fabrication de drogues illicites, conform\u00e9ment \u00e0 la loi sur les drogues illicites\u00a0:<\/p>\n<\/div><div class=\"wp-block-list\">\n<ul class=\"wp-block-list\">\n<li>OSHA\u00a029\u00a0CFR\u00a01910.120, Hazardous Waste Operations and Emergency Response (activit\u00e9s relatives aux d\u00e9chets dangereux et interventions d\u2019urgence)<\/li>\n\n\n\n<li><sup>NFPA\u00ae<\/sup>&nbsp;1072\u00a0: Standards on Competence of Responders to Hazardous Materials\/Weapons of Mass Destruction Incidents (norme r\u00e9gissant la comp\u00e9tence des intervenants aux incidents impliquant des mati\u00e8res dangereuses ou des armes de destruction massive)<div class=\"wp-block-list\">\n<ul class=\"wp-block-list\">\n<li>Chapitre\u00a04\u00a0: Comp\u00e9tences pour le personnel de sensibilisation<\/li>\n\n\n\n<li>Chapitre\u00a05\u00a0: Comp\u00e9tences de base pour les intervenants au niveau op\u00e9rationnel<\/li>\n\n\n\n<li>Chapitre\u00a06\u00a0: Comp\u00e9tences pour les intervenants au niveau op\u00e9rationnel charg\u00e9s de responsabilit\u00e9s particuli\u00e8res \u00e0 une mission, section\u00a06.9\u00a0: R\u00e9ponse aux incidents li\u00e9s aux laboratoires illicites<\/li>\n<\/ul>\n<\/div><\/li>\n\n\n\n<li>NFPA<sup>\u00ae\u00a0<\/sup>1971\u00a0: Standard on Protective Ensembles for Structural Fire Fighting and Proximity Fire Fighting (norme sur les ensembles de protection utilis\u00e9s dans la lutte contre les incendies de b\u00e2timents et les interventions \u00e0 proximit\u00e9 des incendies)<\/li>\n\n\n\n<li>NFPA<sup>\u00ae\u00a0<\/sup>1851\u00a0: Standard on Selection, Care, and Maintenance of Protective Ensembles for Structural Fire Fighting and Proximity Fire Fighting (norme sur la s\u00e9lection, l\u2019entretien et la maintenance des ensembles de protection utilis\u00e9s lors d\u2019interventions contre les incendies structurels et les interventions \u00e0 proximit\u00e9 des incendies)<\/li>\n<\/ul>\n<\/div>\n<h3 class=\"wp-block-heading\"><strong>Objectifs du cours<\/strong><\/h3>\n<div class=\"wp-block-paragraph \">\n<p>\u00c0 l\u2019issue de cette formation, les participants seront en mesure de\u00a0:<\/p>\n<\/div><div class=\"wp-block-list\">\n<ul class=\"wp-block-list\">\n<li>D\u00e9finir les termes suivants\u00a0: laboratoires illicites de drogues et laboratoires illicites d\u2019armes de destruction massive (ADM).<\/li>\n\n\n\n<li>D\u00e9crire deux types et trois cat\u00e9gories g\u00e9n\u00e9rales de laboratoires de fabrication de drogues illicites.<\/li>\n\n\n\n<li>Identifier les drogues produites dans les laboratoires de fabrication de drogues illicites et les trois proc\u00e9d\u00e9s utilis\u00e9s dans leur fabrication.<\/li>\n\n\n\n<li>Citer au moins quatre endroits o\u00f9 l\u2019on trouve couramment des laboratoires de fabrication de drogues illicites.<\/li>\n\n\n\n<li>Identifier et d\u00e9crire les quatre \u00e9tapes du mod\u00e8le APIE\u00a0: un processus d\u2019intervention ax\u00e9 sur les risques.<\/li>\n\n\n\n<li>Citer au moins cinq indices permettant d\u2019identifier les laboratoires de fabrication de drogues illicites.<\/li>\n\n\n\n<li>D\u00e9terminer les risques chimiques lors d\u2019une intervention dans un laboratoire de fabrication de drogues illicites.<\/li>\n\n\n\n<li>D\u00e9crire les risques op\u00e9rationnels, les aspects \u00e0 prendre en consid\u00e9ration et les produits concern\u00e9s dans le processus de fabrication de drogues illicites.<\/li>\n\n\n\n<li>D\u00e9crire les proc\u00e9dures de s\u00e9curit\u00e9 et les directives tactiques.<\/li>\n\n\n\n<li>Identifier l\u2019\u00e9quipement de protection individuelle (\u00c9PI) et les combinaisons protectrices contre les produits chimiques appropri\u00e9s pour les pompiers et les techniciens en mati\u00e8res dangereuses intervenant dans un laboratoire de fabrication de drogues illicites.<\/li>\n\n\n\n<li>Discuter des limites des tenues de protection contre les incendies de b\u00e2timents dans la pr\u00e9vention des expositions aux produits chimiques.<\/li>\n\n\n\n<li>D\u00e9crire les proc\u00e9dures de d\u00e9contamination pour les intervenants et les civils confront\u00e9s \u00e0 un laboratoire de fabrication de drogues illicites.<\/li>\n\n\n\n<li>D\u00e9crire les risques qui doivent \u00eatre surveill\u00e9s et identifier les dispositifs de d\u00e9tection appropri\u00e9s \u00e0 utiliser lors des op\u00e9rations propres \u00e0 la mission.<\/li>\n\n\n\n<li>D\u00e9crire le r\u00f4le de soutien des services d\u2019incendie en cas d\u2019incident li\u00e9 \u00e0 un laboratoire de fabrication de drogues illicites et le r\u00f4le du personnel g\u00e9n\u00e9ralement pr\u00e9sent sur les lieux de l\u2019incident.<\/li>\n\n\n\n<li>Identifier les \u00e9tapes de la phase de d\u00e9sactivation.<\/li>\n\n\n\n<li>Appliquer une r\u00e9ponse bas\u00e9e sur le risque \u00e0 un sc\u00e9nario donn\u00e9 d\u2019incident li\u00e9 \u00e0 un laboratoire de fabrication de drogues illicites.<\/li>\n<\/ul>\n<\/div>\n<h3 class=\"wp-block-heading\"><strong>Mesures de performance<\/strong><\/h3>\n<div class=\"wp-block-paragraph \">\n<p>Les participants doivent d\u00e9montrer qu\u2019ils ma\u00eetrisent les objectifs du cours en effectuant l\u2019examen post-formation. L\u2019examen post-formation comprend 24\u00a0questions \u00e0 choix multiples ou d\u2019appariement. De plus, les participants travaillent en petits groupes pour simuler leur intervention \u00e0 des sc\u00e9narios de laboratoires de drogues illicites au cours du module\u00a05\u00a0\u2013 Concr\u00e9tiser le tout.<\/p>\n<\/div>","protected":false},"excerpt":{"rendered":"<p>Ce cours se concentre sur les dangers auxquels les premiers intervenants sont confront\u00e9s lorsqu\u2019ils doivent intervenir en cas d\u2019incidents li\u00e9s \u00e0 la drogue. Cette formation, personnalisable en fonction du territoire [&hellip;]<\/p>\n","protected":false},"featured_media":0,"parent":64071,"menu_order":0,"comment_status":"closed","ping_status":"closed","template":"","meta":{"_acf_changed":false,"_searchwp_excluded":"","inline_featured_image":false,"_EventAllDay":false,"_EventTimezone":"","_EventStartDate":"","_EventEndDate":"","_EventStartDateUTC":"","_EventEndDateUTC":"","_EventShowMap":false,"_EventShowMapLink":false,"_EventURL":"","_EventCost":"","_EventCostDescription":"","_EventCurrencySymbol":"","_EventCurrencyCode":"","_EventCurrencyPosition":"","_EventDateTimeSeparator":"","_EventTimeRangeSeparator":"","_EventOrganizerID":[],"_EventVenueID":[],"_OrganizerEmail":"","_OrganizerPhone":"","_OrganizerWebsite":"","_VenueAddress":"","_VenueCity":"","_VenueCountry":"","_VenueProvince":"","_VenueState":"","_VenueZip":"","_VenuePhone":"","_VenueURL":"","_VenueStateProvince":"","_VenueLat":"","_VenueLng":"","_VenueShowMap":false,"_VenueShowMapLink":false,"footnotes":""},"class_list":["post-76476","page","type-page","status-publish","hentry"],"acf":[],"publishpress_future_workflow_manual_trigger":{"enabledWorkflows":[]},"_links":{"self":[{"href":"https:\/\/www.iaff.org\/fr-ca\/wp-json\/wp\/v2\/pages\/76476","targetHints":{"allow":["GET"]}}],"collection":[{"href":"https:\/\/www.iaff.org\/fr-ca\/wp-json\/wp\/v2\/pages"}],"about":[{"href":"https:\/\/www.iaff.org\/fr-ca\/wp-json\/wp\/v2\/types\/page"}],"author":[{"embeddable":true,"href":"https:\/\/www.iaff.org\/fr-ca\/wp-json\/wp\/v2\/users\/1"}],"replies":[{"embeddable":true,"href":"https:\/\/www.iaff.org\/fr-ca\/wp-json\/wp\/v2\/comments?post=76476"}],"version-history":[{"count":0,"href":"https:\/\/www.iaff.org\/fr-ca\/wp-json\/wp\/v2\/pages\/76476\/revisions"}],"up":[{"embeddable":true,"href":"https:\/\/www.iaff.org\/fr-ca\/wp-json\/wp\/v2\/pages\/64071"}],"wp:attachment":[{"href":"https:\/\/www.iaff.org\/fr-ca\/wp-json\/wp\/v2\/media?parent=76476"}],"curies":[{"name":"wp","href":"https:\/\/api.w.org\/{rel}","templated":true}]}}