{"id":74533,"date":"2024-02-11T21:05:25","date_gmt":"2024-02-12T02:05:25","guid":{"rendered":"https:\/\/www.iaff.org\/notre-mission\/"},"modified":"2025-06-20T14:36:03","modified_gmt":"2025-06-20T18:36:03","slug":"notre-mission","status":"publish","type":"page","link":"https:\/\/www.iaff.org\/fr-ca\/a-propos-de-nous\/notre-mission\/","title":{"rendered":"Notre mission"},"content":{"rendered":"<section\n\t class=\"secondary-hero align wp-block-acf-secondary-hero\" id=\"secondary-hero_block_f5152d9e72d242524ae1ddb4802a4c7a\">\n\t\n<header\n\tclass=\"w-full u-bg-full-width px-[22px] md:ps-bleed md:pe-0 py-[60px] bg-smoke-5 text-black u-has-rivets u-rivets-dark\"\n\tdata-theme=\"gray\"\n>\n\t<div class=\"flex flex-col !px-0 !max-w-[1440px] w-full lg:!ps-indent\">\n\t\t<div class=\"border-t-[6px] w-full my-0 flex flex-col md:flex-row gap-x-[62px] gap-y-[22px] border-red\">\n\t\t\t\t\t\t<div class=\"w-full md:w-1\/2 md:py-[45px]\">\n\t\t\t\t<div class=\"max-w-[600px] flex flex-col gap-[22px]\">\n\t\t\t\t\t\t\t\t\t\t\t<h1 class=\"has-[.u-halftone-shadow--dark]:mb-divider has-[.u-halftone-shadow--light]:mb-divider pt-[22px] md:pt-0\">\n\t\t\t\t\t\t\t<span class=\"inline-flex text-heading-200 u-halftone-shadow--dark\">\n\t\t\t\t\t\t\t\tNotre mission\t\t\t\t\t\t\t<\/span>\n\t\t\t\t\t\t<\/h1>\n\t\t\t\t\t\t\t\t\t\t\t\t\t\t\t\t<div class=\"text-body-300 font-sans\">\n\t\t\t\t\t\t\t<p>Extrait du pr\u00e9ambule des Statuts et r\u00e8glements de l\u2019AIP<\/p>\n\t\t\t\t\t\t<\/div>\n\t\t\t\t\t\t\t\t\t\t\t\t\t\t\t\t\t\t\t\t\t\t\t\t<\/div>\n\t\t\t<\/div>\n\n\t\t<\/div>\n\t\t\t\t\t<div class=\"order-first flex justify-start w-full pb-[22px]\">\n\t\t\t\t<div\n\tclass=\"wp-block-button is-style-tertiary text-smoke is-style-tertiary-back\"\n>\n\t\t\t<a\n\t\t\thref=\"https:\/\/www.iaff.org\/fr-ca\/a-propos-de-nous\/\"\n\t\t\tclass=\"wp-block-button__link wp-element-button group\"\n\t\t\t\t\t>\n\t\t\t<span\n\t\t\tclass=\"decoration-transparent underline underline-offset-2 group-hover:decoration-inherit group-focus-visible:decoration-inherit transition duration-hover\"\n\t\t>\n\t\t\t\u00c0 propos de nous\t\t<\/span>\n\n\t\t<span\n\t\t\tclass=\"bg-inherit transition-colors duration-hover group-hover:bg-gold group-focus:bg-gold inline-flex rotate-180 order-first\"\n\t\t>\n\t\t\t<svg xmlns=\"http:\/\/www.w3.org\/2000\/svg\" width=\"21\" height=\"22\" fill=\"none\" viewBox=\"0 0 21 22\"><path stroke=\"currentColor\" stroke-linecap=\"round\" stroke-width=\"2\" d=\"M20 20.75L20 2.25L1.5 2.25L1.5 20.75L20 20.75Z\" clip-rule=\"evenodd\"\/><path stroke=\"currentColor\" stroke-linecap=\"square\" stroke-width=\"2\" d=\"M14.0883 11.5L6.66406 11.5\"\/><path stroke=\"currentColor\" stroke-linecap=\"square\" stroke-width=\"2\" d=\"M11.0723 7.75205L14.8363 11.5L11.0723 15.248\"\/><\/svg>\t\t<\/span>\n\t<\/a><\/div>\n\t\t\t<\/div>\n\t\t\t<\/div>\n<\/header>\n<\/section>\n<section\n\t class=\"page-blocks iaff-page-blocks align wp-block-acf-page-blocks\" id=\"page-blocks_block_5ea2525b8e449ab3b9c862e4d20beb14\">\n\t<div class=\"acf-innerblocks-container\">\n<div class=\"wp-block-paragraph \">\n<p class=\"has-drop-cap\">La force par l\u2019action unie, guid\u00e9e par l\u2019intelligence, est la marque de l\u2019organisation syndicale. Croyant qu\u2019une telle unit\u00e9 est essentielle pour la protection mutuelle et la promotion des int\u00e9r\u00eats et du bien-\u00eatre g\u00e9n\u00e9ral des pompiers et des travailleurs m\u00e9dicaux et secouristes d\u2019urgence \u00e0 travers les \u00c9tats-Unis, le Canada et d\u2019autres nations dont les pompiers professionnels et les travailleurs m\u00e9dicaux d\u2019urgence et de sauvetage partagent les objectifs et les id\u00e9aux de notre Internationale, nous avons form\u00e9 cette Association Internationale dont les objectifs seront de : <\/p>\n<\/div>\n\n<div class=\"wp-block-list\">\n<ul class=\"wp-block-list\">\n<li>organiser tous les pompiers et les travailleurs m\u00e9dicaux et secouristes d\u2019urgence ;<\/li>\n\n\n\n<li>obtenir une juste r\u00e9mun\u00e9ration pour leurs services et un r\u00e8glement \u00e9quitable de leurs griefs ;<\/li>\n\n\n\n<li>promouvoir un environnement de travail aussi s\u00fbr et sain que possible pour les pompiers, les travailleurs m\u00e9dicaux d\u2019urgence et les secouristes gr\u00e2ce \u00e0 la technologie moderne ;<\/li>\n\n\n\n<li>promouvoir l\u2019\u00e9tablissement de conditions de travail justes et raisonnables ;<\/li>\n\n\n\n<li>placer les membres de l\u2019Association \u00e0 un niveau sup\u00e9rieur de comp\u00e9tence et d\u2019efficacit\u00e9 ;<\/li>\n\n\n\n<li>promouvoir des relations harmonieuses entre les pompiers et les travailleurs m\u00e9dicaux et secouristes d\u2019urgence et leurs employeurs ;<\/li>\n\n\n\n<li>encourager la formation de syndicats locaux, d\u2019associations d\u2019\u00c9tat et provinciales et de conseils conjoints ;<\/li>\n\n\n\n<li>encourager la constitution de caisses d\u2019indemnit\u00e9s de maladie et de d\u00e9c\u00e8s ; promouvoir la recherche et le traitement des br\u00fblures et d\u2019autres probl\u00e8mes de sant\u00e9 communs aux pompiers et aux travailleurs m\u00e9dicaux et secouristes d\u2019urgence ;<\/li>\n\n\n\n<li>encourager la cr\u00e9ation d\u2019\u00e9coles d\u2019enseignement pour transmettre la connaissance des m\u00e9thodes modernes et am\u00e9lior\u00e9es de lutte et de pr\u00e9vention des incendies et des techniques m\u00e9dicales d\u2019urgence et de sauvetage ; et<\/li>\n\n\n\n<li>cultiver l\u2019amiti\u00e9 et la fraternit\u00e9 entre ses membres.<\/li>\n<\/ul>\n<\/div>\n<\/div><\/section>\n","protected":false},"excerpt":{"rendered":"","protected":false},"featured_media":0,"parent":76787,"menu_order":0,"comment_status":"closed","ping_status":"closed","template":"","meta":{"_acf_changed":false,"_searchwp_excluded":"","inline_featured_image":false,"_EventAllDay":false,"_EventTimezone":"","_EventStartDate":"","_EventEndDate":"","_EventStartDateUTC":"","_EventEndDateUTC":"","_EventShowMap":false,"_EventShowMapLink":false,"_EventURL":"","_EventCost":"","_EventCostDescription":"","_EventCurrencySymbol":"","_EventCurrencyCode":"","_EventCurrencyPosition":"","_EventDateTimeSeparator":"","_EventTimeRangeSeparator":"","_EventOrganizerID":[],"_EventVenueID":[],"_OrganizerEmail":"","_OrganizerPhone":"","_OrganizerWebsite":"","_VenueAddress":"","_VenueCity":"","_VenueCountry":"","_VenueProvince":"","_VenueState":"","_VenueZip":"","_VenuePhone":"","_VenueURL":"","_VenueStateProvince":"","_VenueLat":"","_VenueLng":"","_VenueShowMap":false,"_VenueShowMapLink":false,"footnotes":""},"class_list":["post-74533","page","type-page","status-publish","hentry"],"acf":[],"publishpress_future_workflow_manual_trigger":{"enabledWorkflows":[]},"_links":{"self":[{"href":"https:\/\/www.iaff.org\/fr-ca\/wp-json\/wp\/v2\/pages\/74533","targetHints":{"allow":["GET"]}}],"collection":[{"href":"https:\/\/www.iaff.org\/fr-ca\/wp-json\/wp\/v2\/pages"}],"about":[{"href":"https:\/\/www.iaff.org\/fr-ca\/wp-json\/wp\/v2\/types\/page"}],"author":[{"embeddable":true,"href":"https:\/\/www.iaff.org\/fr-ca\/wp-json\/wp\/v2\/users\/1"}],"replies":[{"embeddable":true,"href":"https:\/\/www.iaff.org\/fr-ca\/wp-json\/wp\/v2\/comments?post=74533"}],"version-history":[{"count":0,"href":"https:\/\/www.iaff.org\/fr-ca\/wp-json\/wp\/v2\/pages\/74533\/revisions"}],"up":[{"embeddable":true,"href":"https:\/\/www.iaff.org\/fr-ca\/wp-json\/wp\/v2\/pages\/76787"}],"wp:attachment":[{"href":"https:\/\/www.iaff.org\/fr-ca\/wp-json\/wp\/v2\/media?parent=74533"}],"curies":[{"name":"wp","href":"https:\/\/api.w.org\/{rel}","templated":true}]}}