{"id":72681,"date":"2024-04-05T15:11:28","date_gmt":"2024-04-05T19:11:28","guid":{"rendered":"https:\/\/www.iaff.org\/securite-hivernale\/"},"modified":"2025-03-18T16:38:54","modified_gmt":"2025-03-18T20:38:54","slug":"securite-hivernale","status":"publish","type":"page","link":"https:\/\/www.iaff.org\/fr-ca\/securite-hivernale\/","title":{"rendered":"S\u00e9curit\u00e9 hivernale"},"content":{"rendered":"<section\n\t class=\"secondary-hero align wp-block-acf-secondary-hero\" id=\"secondary-hero_block_cc560d9d37c4d6ce44ee809e166b830c\">\n\t\n<header\n\tclass=\"w-full u-bg-full-width px-[22px] md:ps-bleed md:pe-0 py-[60px] bg-blue text-white u-has-rivets\"\n\tdata-theme=\"navy\"\n>\n\t<div class=\"flex flex-col !px-0 !max-w-[1440px] w-full lg:!ps-indent\">\n\t\t<div class=\"border-t-[6px] w-full my-0 flex flex-col md:flex-row gap-x-[62px] gap-y-[22px] border-gold\">\n\t\t\t\t\t\t<div class=\"w-full md:w-1\/2 md:py-[45px]\">\n\t\t\t\t<div class=\"max-w-[600px] flex flex-col gap-[22px]\">\n\t\t\t\t\t\t\t\t\t\t\t<h1 class=\"has-[.u-halftone-shadow--dark]:mb-divider has-[.u-halftone-shadow--light]:mb-divider pt-[22px] md:pt-0\">\n\t\t\t\t\t\t\t<span class=\"inline-flex text-heading-200 u-halftone-shadow--light\">\n\t\t\t\t\t\t\t\tS\u00e9curit\u00e9 hivernale\t\t\t\t\t\t\t<\/span>\n\t\t\t\t\t\t<\/h1>\n\t\t\t\t\t\t\t\t\t\t\t\t\t\t\t\t\t\t\t\t\t\t\t\t\t\t\t\t\t<\/div>\n\t\t\t<\/div>\n\n\t\t<\/div>\n\t\t\t\t\t<div class=\"order-first flex justify-start w-full pb-[22px]\">\n\t\t\t\t<div\n\tclass=\"wp-block-button is-style-tertiary text-white is-style-tertiary-back\"\n>\n\t\t\t<a\n\t\t\thref=\"https:\/\/www.iaff.org\/fr-ca\/public-safety-messaging\/\"\n\t\t\tclass=\"wp-block-button__link wp-element-button group\"\n\t\t\t\t\t>\n\t\t\t<span\n\t\t\tclass=\"decoration-transparent underline underline-offset-2 group-hover:decoration-inherit group-focus-visible:decoration-inherit transition duration-hover\"\n\t\t>\n\t\t\tMessages de s\u00e9curit\u00e9 publique\t\t<\/span>\n\n\t\t<span\n\t\t\tclass=\"bg-inherit transition-colors duration-hover group-hover:bg-gold group-focus:bg-gold inline-flex rotate-180 order-first\"\n\t\t>\n\t\t\t<svg xmlns=\"http:\/\/www.w3.org\/2000\/svg\" width=\"21\" height=\"22\" fill=\"none\" viewBox=\"0 0 21 22\"><path stroke=\"currentColor\" stroke-linecap=\"round\" stroke-width=\"2\" d=\"M20 20.75L20 2.25L1.5 2.25L1.5 20.75L20 20.75Z\" clip-rule=\"evenodd\"\/><path stroke=\"currentColor\" stroke-linecap=\"square\" stroke-width=\"2\" d=\"M14.0883 11.5L6.66406 11.5\"\/><path stroke=\"currentColor\" stroke-linecap=\"square\" stroke-width=\"2\" d=\"M11.0723 7.75205L14.8363 11.5L11.0723 15.248\"\/><\/svg>\t\t<\/span>\n\t<\/a><\/div>\n\t\t\t<\/div>\n\t\t\t<\/div>\n<\/header>\n<\/section>\n<section\n\t class=\"page-blocks iaff-page-blocks align wp-block-acf-page-blocks\" id=\"page-blocks_block_a48fa4907cc6ee92f177bf77a2cd1b7a\">\n\t<div class=\"acf-innerblocks-container\">\n<div\n\t class=\"subheadline pt-[40px] flex flex-row items-center align wp-block-acf-subheadline\" id=\"subheadline_block_ec94f01a533b7c2d9e7ace4b1851bc9f\">\n\t<div class=\"text-smoke mb-[28px] w-full items-center flex flex-row\">\n\t<h3 class=\"text-heading-500 leading-6 border-transparent border-e-[2em]\">\n\t\tCarrousel de s\u00e9curit\u00e9 routi\u00e8re (diapositives)\t<\/h3>\n\t<\/div>\n<\/div>\n\n\n\n<figure class=\"wp-block-gallery has-nested-images columns-4 is-cropped wp-block-gallery-1 is-layout-flex wp-block-gallery-is-layout-flex\">\n<figure data-wp-context=\"{&quot;imageId&quot;:&quot;69f44b19dc9a7&quot;}\" data-wp-interactive=\"core\/image\" data-wp-key=\"69f44b19dc9a7\" class=\"wp-block-image size-large wp-lightbox-container\"><img decoding=\"async\" data-wp-class--hide=\"state.isContentHidden\" data-wp-class--show=\"state.isContentVisible\" data-wp-init=\"callbacks.setButtonStyles\" data-wp-on--click=\"actions.showLightbox\" data-wp-on--load=\"callbacks.setButtonStyles\" data-wp-on-window--resize=\"callbacks.setButtonStyles\" data-id=\"70879\" src=\"https:\/\/www.iaff.org\/wp-content\/uploads\/2024\/04\/Winter-Safety-2_01.jpg\" alt=\"\" class=\"wp-image-94198\"\/><button\n\t\t\tclass=\"lightbox-trigger\"\n\t\t\ttype=\"button\"\n\t\t\taria-haspopup=\"dialog\"\n\t\t\taria-label=\"Enlarge\"\n\t\t\tdata-wp-init=\"callbacks.initTriggerButton\"\n\t\t\tdata-wp-on--click=\"actions.showLightbox\"\n\t\t\tdata-wp-style--right=\"state.imageButtonRight\"\n\t\t\tdata-wp-style--top=\"state.imageButtonTop\"\n\t\t>\n\t\t\t<svg xmlns=\"http:\/\/www.w3.org\/2000\/svg\" width=\"12\" height=\"12\" fill=\"none\" viewBox=\"0 0 12 12\">\n\t\t\t\t<path fill=\"#fff\" d=\"M2 0a2 2 0 0 0-2 2v2h1.5V2a.5.5 0 0 1 .5-.5h2V0H2Zm2 10.5H2a.5.5 0 0 1-.5-.5V8H0v2a2 2 0 0 0 2 2h2v-1.5ZM8 12v-1.5h2a.5.5 0 0 0 .5-.5V8H12v2a2 2 0 0 1-2 2H8Zm2-12a2 2 0 0 1 2 2v2h-1.5V2a.5.5 0 0 0-.5-.5H8V0h2Z\" \/>\n\t\t\t<\/svg>\n\t\t<\/button><\/figure>\n\n\n\n<figure data-wp-context=\"{&quot;imageId&quot;:&quot;69f44b19dd183&quot;}\" data-wp-interactive=\"core\/image\" data-wp-key=\"69f44b19dd183\" class=\"wp-block-image size-large wp-lightbox-container\"><img decoding=\"async\" width=\"1024\" height=\"1024\" data-wp-class--hide=\"state.isContentHidden\" data-wp-class--show=\"state.isContentVisible\" data-wp-init=\"callbacks.setButtonStyles\" data-wp-on--click=\"actions.showLightbox\" data-wp-on--load=\"callbacks.setButtonStyles\" data-wp-on-window--resize=\"callbacks.setButtonStyles\" data-id=\"70882\" src=\"https:\/\/www.iaff.org\/wp-content\/uploads\/2024\/04\/Winter-Safety-2_02-1024x1024.jpg\" alt=\"\" class=\"wp-image-70882\" srcset=\"https:\/\/www.iaff.org\/wp-content\/uploads\/2024\/04\/Winter-Safety-2_02-1024x1024.jpg 1024w, https:\/\/www.iaff.org\/wp-content\/uploads\/2024\/04\/Winter-Safety-2_02-300x300.jpg 300w, https:\/\/www.iaff.org\/wp-content\/uploads\/2024\/04\/Winter-Safety-2_02-150x150.jpg 150w, https:\/\/www.iaff.org\/wp-content\/uploads\/2024\/04\/Winter-Safety-2_02-768x768.jpg 768w, https:\/\/www.iaff.org\/wp-content\/uploads\/2024\/04\/Winter-Safety-2_02-240x240.jpg 240w, https:\/\/www.iaff.org\/wp-content\/uploads\/2024\/04\/Winter-Safety-2_02-800x800.jpg 800w, https:\/\/www.iaff.org\/wp-content\/uploads\/2024\/04\/Winter-Safety-2_02-810x810.jpg 810w, https:\/\/www.iaff.org\/wp-content\/uploads\/2024\/04\/Winter-Safety-2_02.jpg 1200w\" sizes=\"(max-width: 1024px) 100vw, 1024px\" \/><button\n\t\t\tclass=\"lightbox-trigger\"\n\t\t\ttype=\"button\"\n\t\t\taria-haspopup=\"dialog\"\n\t\t\taria-label=\"Enlarge\"\n\t\t\tdata-wp-init=\"callbacks.initTriggerButton\"\n\t\t\tdata-wp-on--click=\"actions.showLightbox\"\n\t\t\tdata-wp-style--right=\"state.imageButtonRight\"\n\t\t\tdata-wp-style--top=\"state.imageButtonTop\"\n\t\t>\n\t\t\t<svg xmlns=\"http:\/\/www.w3.org\/2000\/svg\" width=\"12\" height=\"12\" fill=\"none\" viewBox=\"0 0 12 12\">\n\t\t\t\t<path fill=\"#fff\" d=\"M2 0a2 2 0 0 0-2 2v2h1.5V2a.5.5 0 0 1 .5-.5h2V0H2Zm2 10.5H2a.5.5 0 0 1-.5-.5V8H0v2a2 2 0 0 0 2 2h2v-1.5ZM8 12v-1.5h2a.5.5 0 0 0 .5-.5V8H12v2a2 2 0 0 1-2 2H8Zm2-12a2 2 0 0 1 2 2v2h-1.5V2a.5.5 0 0 0-.5-.5H8V0h2Z\" \/>\n\t\t\t<\/svg>\n\t\t<\/button><\/figure>\n\n\n\n<figure data-wp-context=\"{&quot;imageId&quot;:&quot;69f44b19dd980&quot;}\" data-wp-interactive=\"core\/image\" data-wp-key=\"69f44b19dd980\" class=\"wp-block-image size-large wp-lightbox-container\"><img decoding=\"async\" width=\"1024\" height=\"1024\" data-wp-class--hide=\"state.isContentHidden\" data-wp-class--show=\"state.isContentVisible\" data-wp-init=\"callbacks.setButtonStyles\" data-wp-on--click=\"actions.showLightbox\" data-wp-on--load=\"callbacks.setButtonStyles\" data-wp-on-window--resize=\"callbacks.setButtonStyles\" data-id=\"70884\" src=\"https:\/\/www.iaff.org\/wp-content\/uploads\/2024\/04\/Winter-Safety-2_03-1024x1024.jpg\" alt=\"\" class=\"wp-image-70884\" srcset=\"https:\/\/www.iaff.org\/wp-content\/uploads\/2024\/04\/Winter-Safety-2_03-1024x1024.jpg 1024w, https:\/\/www.iaff.org\/wp-content\/uploads\/2024\/04\/Winter-Safety-2_03-300x300.jpg 300w, https:\/\/www.iaff.org\/wp-content\/uploads\/2024\/04\/Winter-Safety-2_03-150x150.jpg 150w, https:\/\/www.iaff.org\/wp-content\/uploads\/2024\/04\/Winter-Safety-2_03-768x768.jpg 768w, https:\/\/www.iaff.org\/wp-content\/uploads\/2024\/04\/Winter-Safety-2_03-240x240.jpg 240w, https:\/\/www.iaff.org\/wp-content\/uploads\/2024\/04\/Winter-Safety-2_03-800x800.jpg 800w, https:\/\/www.iaff.org\/wp-content\/uploads\/2024\/04\/Winter-Safety-2_03-810x810.jpg 810w, https:\/\/www.iaff.org\/wp-content\/uploads\/2024\/04\/Winter-Safety-2_03.jpg 1200w\" sizes=\"(max-width: 1024px) 100vw, 1024px\" \/><button\n\t\t\tclass=\"lightbox-trigger\"\n\t\t\ttype=\"button\"\n\t\t\taria-haspopup=\"dialog\"\n\t\t\taria-label=\"Enlarge\"\n\t\t\tdata-wp-init=\"callbacks.initTriggerButton\"\n\t\t\tdata-wp-on--click=\"actions.showLightbox\"\n\t\t\tdata-wp-style--right=\"state.imageButtonRight\"\n\t\t\tdata-wp-style--top=\"state.imageButtonTop\"\n\t\t>\n\t\t\t<svg xmlns=\"http:\/\/www.w3.org\/2000\/svg\" width=\"12\" height=\"12\" fill=\"none\" viewBox=\"0 0 12 12\">\n\t\t\t\t<path fill=\"#fff\" d=\"M2 0a2 2 0 0 0-2 2v2h1.5V2a.5.5 0 0 1 .5-.5h2V0H2Zm2 10.5H2a.5.5 0 0 1-.5-.5V8H0v2a2 2 0 0 0 2 2h2v-1.5ZM8 12v-1.5h2a.5.5 0 0 0 .5-.5V8H12v2a2 2 0 0 1-2 2H8Zm2-12a2 2 0 0 1 2 2v2h-1.5V2a.5.5 0 0 0-.5-.5H8V0h2Z\" \/>\n\t\t\t<\/svg>\n\t\t<\/button><\/figure>\n\n\n\n<figure data-wp-context=\"{&quot;imageId&quot;:&quot;69f44b19de0db&quot;}\" data-wp-interactive=\"core\/image\" data-wp-key=\"69f44b19de0db\" class=\"wp-block-image size-large wp-lightbox-container\"><img decoding=\"async\" width=\"1024\" height=\"1024\" data-wp-class--hide=\"state.isContentHidden\" data-wp-class--show=\"state.isContentVisible\" data-wp-init=\"callbacks.setButtonStyles\" data-wp-on--click=\"actions.showLightbox\" data-wp-on--load=\"callbacks.setButtonStyles\" data-wp-on-window--resize=\"callbacks.setButtonStyles\" data-id=\"70886\" src=\"https:\/\/www.iaff.org\/wp-content\/uploads\/2024\/04\/Winter-Safety-2_04-1024x1024.jpg\" alt=\"\" class=\"wp-image-70886\" srcset=\"https:\/\/www.iaff.org\/wp-content\/uploads\/2024\/04\/Winter-Safety-2_04-1024x1024.jpg 1024w, https:\/\/www.iaff.org\/wp-content\/uploads\/2024\/04\/Winter-Safety-2_04-300x300.jpg 300w, https:\/\/www.iaff.org\/wp-content\/uploads\/2024\/04\/Winter-Safety-2_04-150x150.jpg 150w, https:\/\/www.iaff.org\/wp-content\/uploads\/2024\/04\/Winter-Safety-2_04-768x768.jpg 768w, https:\/\/www.iaff.org\/wp-content\/uploads\/2024\/04\/Winter-Safety-2_04-240x240.jpg 240w, https:\/\/www.iaff.org\/wp-content\/uploads\/2024\/04\/Winter-Safety-2_04-800x800.jpg 800w, https:\/\/www.iaff.org\/wp-content\/uploads\/2024\/04\/Winter-Safety-2_04-810x810.jpg 810w, https:\/\/www.iaff.org\/wp-content\/uploads\/2024\/04\/Winter-Safety-2_04.jpg 1200w\" sizes=\"(max-width: 1024px) 100vw, 1024px\" \/><button\n\t\t\tclass=\"lightbox-trigger\"\n\t\t\ttype=\"button\"\n\t\t\taria-haspopup=\"dialog\"\n\t\t\taria-label=\"Enlarge\"\n\t\t\tdata-wp-init=\"callbacks.initTriggerButton\"\n\t\t\tdata-wp-on--click=\"actions.showLightbox\"\n\t\t\tdata-wp-style--right=\"state.imageButtonRight\"\n\t\t\tdata-wp-style--top=\"state.imageButtonTop\"\n\t\t>\n\t\t\t<svg xmlns=\"http:\/\/www.w3.org\/2000\/svg\" width=\"12\" height=\"12\" fill=\"none\" viewBox=\"0 0 12 12\">\n\t\t\t\t<path fill=\"#fff\" d=\"M2 0a2 2 0 0 0-2 2v2h1.5V2a.5.5 0 0 1 .5-.5h2V0H2Zm2 10.5H2a.5.5 0 0 1-.5-.5V8H0v2a2 2 0 0 0 2 2h2v-1.5ZM8 12v-1.5h2a.5.5 0 0 0 .5-.5V8H12v2a2 2 0 0 1-2 2H8Zm2-12a2 2 0 0 1 2 2v2h-1.5V2a.5.5 0 0 0-.5-.5H8V0h2Z\" \/>\n\t\t\t<\/svg>\n\t\t<\/button><\/figure>\n<\/figure>\n\n\n<div\n\t class=\"subheadline pt-[40px] flex flex-row items-center align wp-block-acf-subheadline\" id=\"subheadline_block_4eb072fb08b2283d3ee422f941c17937\">\n\t<div class=\"text-smoke mb-[28px] w-full items-center grid grid-cols-[fit-content(100ch)_1fr]\">\n\t<h3 class=\"text-heading-500 leading-6 border-transparent border-e-[2em]\">\n\t\tS\u00e9curit\u00e9 des chauffages d&#039;appoint\t<\/h3>\n\t\t\t<div class=\"h-[3px] text-current border bg-current\" role=\"presentation\"><\/div>\n\t<\/div>\n<\/div>\n\n\n\n<figure class=\"wp-block-gallery has-nested-images columns-4 is-cropped wp-block-gallery-2 is-layout-flex wp-block-gallery-is-layout-flex\">\n<figure data-wp-context=\"{&quot;imageId&quot;:&quot;69f44b19df947&quot;}\" data-wp-interactive=\"core\/image\" data-wp-key=\"69f44b19df947\" class=\"wp-block-image size-large wp-lightbox-container\"><img decoding=\"async\" data-wp-class--hide=\"state.isContentHidden\" data-wp-class--show=\"state.isContentVisible\" data-wp-init=\"callbacks.setButtonStyles\" data-wp-on--click=\"actions.showLightbox\" data-wp-on--load=\"callbacks.setButtonStyles\" data-wp-on-window--resize=\"callbacks.setButtonStyles\" data-id=\"70888\" src=\"https:\/\/www.iaff.org\/wp-content\/uploads\/2024\/04\/Winter-Safety-1_01.jpg\" alt=\"\" class=\"wp-image-94202\"\/><button\n\t\t\tclass=\"lightbox-trigger\"\n\t\t\ttype=\"button\"\n\t\t\taria-haspopup=\"dialog\"\n\t\t\taria-label=\"Enlarge\"\n\t\t\tdata-wp-init=\"callbacks.initTriggerButton\"\n\t\t\tdata-wp-on--click=\"actions.showLightbox\"\n\t\t\tdata-wp-style--right=\"state.imageButtonRight\"\n\t\t\tdata-wp-style--top=\"state.imageButtonTop\"\n\t\t>\n\t\t\t<svg xmlns=\"http:\/\/www.w3.org\/2000\/svg\" width=\"12\" height=\"12\" fill=\"none\" viewBox=\"0 0 12 12\">\n\t\t\t\t<path fill=\"#fff\" d=\"M2 0a2 2 0 0 0-2 2v2h1.5V2a.5.5 0 0 1 .5-.5h2V0H2Zm2 10.5H2a.5.5 0 0 1-.5-.5V8H0v2a2 2 0 0 0 2 2h2v-1.5ZM8 12v-1.5h2a.5.5 0 0 0 .5-.5V8H12v2a2 2 0 0 1-2 2H8Zm2-12a2 2 0 0 1 2 2v2h-1.5V2a.5.5 0 0 0-.5-.5H8V0h2Z\" \/>\n\t\t\t<\/svg>\n\t\t<\/button><\/figure>\n\n\n\n<figure data-wp-context=\"{&quot;imageId&quot;:&quot;69f44b19e0029&quot;}\" data-wp-interactive=\"core\/image\" data-wp-key=\"69f44b19e0029\" class=\"wp-block-image size-large wp-lightbox-container\"><img decoding=\"async\" width=\"1024\" height=\"1024\" data-wp-class--hide=\"state.isContentHidden\" data-wp-class--show=\"state.isContentVisible\" data-wp-init=\"callbacks.setButtonStyles\" data-wp-on--click=\"actions.showLightbox\" data-wp-on--load=\"callbacks.setButtonStyles\" data-wp-on-window--resize=\"callbacks.setButtonStyles\" data-id=\"70890\" src=\"https:\/\/www.iaff.org\/wp-content\/uploads\/2024\/04\/Winter-Safety-1_02-1024x1024.jpg\" alt=\"\" class=\"wp-image-70890\" srcset=\"https:\/\/www.iaff.org\/wp-content\/uploads\/2024\/04\/Winter-Safety-1_02-1024x1024.jpg 1024w, https:\/\/www.iaff.org\/wp-content\/uploads\/2024\/04\/Winter-Safety-1_02-300x300.jpg 300w, https:\/\/www.iaff.org\/wp-content\/uploads\/2024\/04\/Winter-Safety-1_02-150x150.jpg 150w, https:\/\/www.iaff.org\/wp-content\/uploads\/2024\/04\/Winter-Safety-1_02-768x768.jpg 768w, https:\/\/www.iaff.org\/wp-content\/uploads\/2024\/04\/Winter-Safety-1_02-240x240.jpg 240w, https:\/\/www.iaff.org\/wp-content\/uploads\/2024\/04\/Winter-Safety-1_02-800x800.jpg 800w, https:\/\/www.iaff.org\/wp-content\/uploads\/2024\/04\/Winter-Safety-1_02-810x810.jpg 810w, https:\/\/www.iaff.org\/wp-content\/uploads\/2024\/04\/Winter-Safety-1_02.jpg 1200w\" sizes=\"(max-width: 1024px) 100vw, 1024px\" \/><button\n\t\t\tclass=\"lightbox-trigger\"\n\t\t\ttype=\"button\"\n\t\t\taria-haspopup=\"dialog\"\n\t\t\taria-label=\"Enlarge\"\n\t\t\tdata-wp-init=\"callbacks.initTriggerButton\"\n\t\t\tdata-wp-on--click=\"actions.showLightbox\"\n\t\t\tdata-wp-style--right=\"state.imageButtonRight\"\n\t\t\tdata-wp-style--top=\"state.imageButtonTop\"\n\t\t>\n\t\t\t<svg xmlns=\"http:\/\/www.w3.org\/2000\/svg\" width=\"12\" height=\"12\" fill=\"none\" viewBox=\"0 0 12 12\">\n\t\t\t\t<path fill=\"#fff\" d=\"M2 0a2 2 0 0 0-2 2v2h1.5V2a.5.5 0 0 1 .5-.5h2V0H2Zm2 10.5H2a.5.5 0 0 1-.5-.5V8H0v2a2 2 0 0 0 2 2h2v-1.5ZM8 12v-1.5h2a.5.5 0 0 0 .5-.5V8H12v2a2 2 0 0 1-2 2H8Zm2-12a2 2 0 0 1 2 2v2h-1.5V2a.5.5 0 0 0-.5-.5H8V0h2Z\" \/>\n\t\t\t<\/svg>\n\t\t<\/button><\/figure>\n\n\n\n<figure data-wp-context=\"{&quot;imageId&quot;:&quot;69f44b19e081c&quot;}\" data-wp-interactive=\"core\/image\" data-wp-key=\"69f44b19e081c\" class=\"wp-block-image size-large wp-lightbox-container\"><img decoding=\"async\" data-wp-class--hide=\"state.isContentHidden\" data-wp-class--show=\"state.isContentVisible\" data-wp-init=\"callbacks.setButtonStyles\" data-wp-on--click=\"actions.showLightbox\" data-wp-on--load=\"callbacks.setButtonStyles\" data-wp-on-window--resize=\"callbacks.setButtonStyles\" data-id=\"70892\" src=\"https:\/\/www.iaff.org\/wp-content\/uploads\/2024\/04\/Winter-Safety-1_03.jpg\" alt=\"\" class=\"wp-image-94204\"\/><button\n\t\t\tclass=\"lightbox-trigger\"\n\t\t\ttype=\"button\"\n\t\t\taria-haspopup=\"dialog\"\n\t\t\taria-label=\"Enlarge\"\n\t\t\tdata-wp-init=\"callbacks.initTriggerButton\"\n\t\t\tdata-wp-on--click=\"actions.showLightbox\"\n\t\t\tdata-wp-style--right=\"state.imageButtonRight\"\n\t\t\tdata-wp-style--top=\"state.imageButtonTop\"\n\t\t>\n\t\t\t<svg xmlns=\"http:\/\/www.w3.org\/2000\/svg\" width=\"12\" height=\"12\" fill=\"none\" viewBox=\"0 0 12 12\">\n\t\t\t\t<path fill=\"#fff\" d=\"M2 0a2 2 0 0 0-2 2v2h1.5V2a.5.5 0 0 1 .5-.5h2V0H2Zm2 10.5H2a.5.5 0 0 1-.5-.5V8H0v2a2 2 0 0 0 2 2h2v-1.5ZM8 12v-1.5h2a.5.5 0 0 0 .5-.5V8H12v2a2 2 0 0 1-2 2H8Zm2-12a2 2 0 0 1 2 2v2h-1.5V2a.5.5 0 0 0-.5-.5H8V0h2Z\" \/>\n\t\t\t<\/svg>\n\t\t<\/button><\/figure>\n\n\n\n<figure data-wp-context=\"{&quot;imageId&quot;:&quot;69f44b19e0edb&quot;}\" data-wp-interactive=\"core\/image\" data-wp-key=\"69f44b19e0edb\" class=\"wp-block-image size-large wp-lightbox-container\"><img decoding=\"async\" width=\"1024\" height=\"1024\" data-wp-class--hide=\"state.isContentHidden\" data-wp-class--show=\"state.isContentVisible\" data-wp-init=\"callbacks.setButtonStyles\" data-wp-on--click=\"actions.showLightbox\" data-wp-on--load=\"callbacks.setButtonStyles\" data-wp-on-window--resize=\"callbacks.setButtonStyles\" data-id=\"70894\" src=\"https:\/\/www.iaff.org\/wp-content\/uploads\/2024\/04\/Winter-Safety-1_04-1024x1024.jpg\" alt=\"\" class=\"wp-image-70894\" srcset=\"https:\/\/www.iaff.org\/wp-content\/uploads\/2024\/04\/Winter-Safety-1_04-1024x1024.jpg 1024w, https:\/\/www.iaff.org\/wp-content\/uploads\/2024\/04\/Winter-Safety-1_04-300x300.jpg 300w, https:\/\/www.iaff.org\/wp-content\/uploads\/2024\/04\/Winter-Safety-1_04-150x150.jpg 150w, https:\/\/www.iaff.org\/wp-content\/uploads\/2024\/04\/Winter-Safety-1_04-768x768.jpg 768w, https:\/\/www.iaff.org\/wp-content\/uploads\/2024\/04\/Winter-Safety-1_04-240x240.jpg 240w, https:\/\/www.iaff.org\/wp-content\/uploads\/2024\/04\/Winter-Safety-1_04-800x800.jpg 800w, https:\/\/www.iaff.org\/wp-content\/uploads\/2024\/04\/Winter-Safety-1_04-810x810.jpg 810w, https:\/\/www.iaff.org\/wp-content\/uploads\/2024\/04\/Winter-Safety-1_04.jpg 1200w\" sizes=\"(max-width: 1024px) 100vw, 1024px\" \/><button\n\t\t\tclass=\"lightbox-trigger\"\n\t\t\ttype=\"button\"\n\t\t\taria-haspopup=\"dialog\"\n\t\t\taria-label=\"Enlarge\"\n\t\t\tdata-wp-init=\"callbacks.initTriggerButton\"\n\t\t\tdata-wp-on--click=\"actions.showLightbox\"\n\t\t\tdata-wp-style--right=\"state.imageButtonRight\"\n\t\t\tdata-wp-style--top=\"state.imageButtonTop\"\n\t\t>\n\t\t\t<svg xmlns=\"http:\/\/www.w3.org\/2000\/svg\" width=\"12\" height=\"12\" fill=\"none\" viewBox=\"0 0 12 12\">\n\t\t\t\t<path fill=\"#fff\" d=\"M2 0a2 2 0 0 0-2 2v2h1.5V2a.5.5 0 0 1 .5-.5h2V0H2Zm2 10.5H2a.5.5 0 0 1-.5-.5V8H0v2a2 2 0 0 0 2 2h2v-1.5ZM8 12v-1.5h2a.5.5 0 0 0 .5-.5V8H12v2a2 2 0 0 1-2 2H8Zm2-12a2 2 0 0 1 2 2v2h-1.5V2a.5.5 0 0 0-.5-.5H8V0h2Z\" \/>\n\t\t\t<\/svg>\n\t\t<\/button><\/figure>\n<\/figure>\n\n<\/div><\/section>\n","protected":false},"excerpt":{"rendered":"","protected":false},"featured_media":0,"parent":0,"menu_order":0,"comment_status":"closed","ping_status":"closed","template":"","meta":{"_acf_changed":false,"_searchwp_excluded":"","inline_featured_image":false,"_EventAllDay":false,"_EventTimezone":"","_EventStartDate":"","_EventEndDate":"","_EventStartDateUTC":"","_EventEndDateUTC":"","_EventShowMap":false,"_EventShowMapLink":false,"_EventURL":"","_EventCost":"","_EventCostDescription":"","_EventCurrencySymbol":"","_EventCurrencyCode":"","_EventCurrencyPosition":"","_EventDateTimeSeparator":"","_EventTimeRangeSeparator":"","_EventOrganizerID":[],"_EventVenueID":[],"_OrganizerEmail":"","_OrganizerPhone":"","_OrganizerWebsite":"","_VenueAddress":"","_VenueCity":"","_VenueCountry":"","_VenueProvince":"","_VenueState":"","_VenueZip":"","_VenuePhone":"","_VenueURL":"","_VenueStateProvince":"","_VenueLat":"","_VenueLng":"","_VenueShowMap":false,"_VenueShowMapLink":false,"footnotes":""},"class_list":["post-72681","page","type-page","status-publish","hentry"],"acf":[],"publishpress_future_workflow_manual_trigger":{"enabledWorkflows":[]},"_links":{"self":[{"href":"https:\/\/www.iaff.org\/fr-ca\/wp-json\/wp\/v2\/pages\/72681","targetHints":{"allow":["GET"]}}],"collection":[{"href":"https:\/\/www.iaff.org\/fr-ca\/wp-json\/wp\/v2\/pages"}],"about":[{"href":"https:\/\/www.iaff.org\/fr-ca\/wp-json\/wp\/v2\/types\/page"}],"author":[{"embeddable":true,"href":"https:\/\/www.iaff.org\/fr-ca\/wp-json\/wp\/v2\/users\/18"}],"replies":[{"embeddable":true,"href":"https:\/\/www.iaff.org\/fr-ca\/wp-json\/wp\/v2\/comments?post=72681"}],"version-history":[{"count":0,"href":"https:\/\/www.iaff.org\/fr-ca\/wp-json\/wp\/v2\/pages\/72681\/revisions"}],"wp:attachment":[{"href":"https:\/\/www.iaff.org\/fr-ca\/wp-json\/wp\/v2\/media?parent=72681"}],"curies":[{"name":"wp","href":"https:\/\/api.w.org\/{rel}","templated":true}]}}