{"id":72649,"date":"2024-04-05T11:33:49","date_gmt":"2024-04-05T15:33:49","guid":{"rendered":"https:\/\/www.iaff.org\/sensibilisation-aux-brulures\/"},"modified":"2025-03-18T16:39:04","modified_gmt":"2025-03-18T20:39:04","slug":"sensibilisation-aux-brulures","status":"publish","type":"page","link":"https:\/\/www.iaff.org\/fr-ca\/sensibilisation-aux-brulures\/","title":{"rendered":"Sensibilisation aux br\u00fblures"},"content":{"rendered":"<section\n\t class=\"secondary-hero align wp-block-acf-secondary-hero\" id=\"secondary-hero_block_3e1e5f2640cb72e760a657031ecf0530\">\n\t\n<header\n\tclass=\"w-full u-bg-full-width px-[22px] md:ps-bleed md:pe-0 py-[60px] bg-smoke-5 text-black u-has-rivets u-rivets-dark\"\n\tdata-theme=\"gray\"\n>\n\t<div class=\"flex flex-col !px-0 !max-w-[1440px] w-full lg:!ps-indent\">\n\t\t<div class=\"border-t-[6px] w-full my-0 flex flex-col md:flex-row gap-x-[62px] gap-y-[22px] border-red\">\n\t\t\t\t\t\t<div class=\"w-full md:w-1\/2 md:py-[45px]\">\n\t\t\t\t<div class=\"max-w-[600px] flex flex-col gap-[22px]\">\n\t\t\t\t\t\t\t\t\t\t\t<h1 class=\"has-[.u-halftone-shadow--dark]:mb-divider has-[.u-halftone-shadow--light]:mb-divider pt-[22px] md:pt-0\">\n\t\t\t\t\t\t\t<span class=\"inline-flex text-heading-200 u-halftone-shadow--dark\">\n\t\t\t\t\t\t\t\tSemaine de sensibilisation aux br\u00fblures\t\t\t\t\t\t\t<\/span>\n\t\t\t\t\t\t<\/h1>\n\t\t\t\t\t\t\t\t\t\t\t\t\t\t\t\t<div class=\"text-body-300 font-sans\">\n\t\t\t\t\t\t\t<p>Les br\u00fblures continuent d\u2019\u00eatre l\u2019une des principales causes de blessures aux \u00c9tats-Unis et au Canada, en particulier chez les enfants. Partagez ces infographies et la vid\u00e9o du message d\u2019int\u00e9r\u00eat public sur les m\u00e9dias sociaux pendant la Semaine de sensibilisation aux br\u00fblures \u2013 la premi\u00e8re semaine compl\u00e8te de f\u00e9vrier de chaque ann\u00e9e \u2013 pour accro\u00eetre votre visibilit\u00e9 et faire de votre section locale la voix de la s\u00e9curit\u00e9 dans votre communaut\u00e9.<\/p>\n\t\t\t\t\t\t<\/div>\n\t\t\t\t\t\t\t\t\t\t\t\t\t\t\t\t\t\t\t\t\t\t\t\t<\/div>\n\t\t\t<\/div>\n\n\t\t<\/div>\n\t\t\t\t\t<div class=\"order-first flex justify-start w-full pb-[22px]\">\n\t\t\t\t<div\n\tclass=\"wp-block-button is-style-tertiary text-smoke is-style-tertiary-back\"\n>\n\t\t\t<a\n\t\t\thref=\"https:\/\/www.iaff.org\/fr-ca\/public-safety-messaging\/\"\n\t\t\tclass=\"wp-block-button__link wp-element-button group\"\n\t\t\t\t\t>\n\t\t\t<span\n\t\t\tclass=\"decoration-transparent underline underline-offset-2 group-hover:decoration-inherit group-focus-visible:decoration-inherit transition duration-hover\"\n\t\t>\n\t\t\tMessages de s\u00e9curit\u00e9 publique\t\t<\/span>\n\n\t\t<span\n\t\t\tclass=\"bg-inherit transition-colors duration-hover group-hover:bg-gold group-focus:bg-gold inline-flex rotate-180 order-first\"\n\t\t>\n\t\t\t<svg xmlns=\"http:\/\/www.w3.org\/2000\/svg\" width=\"21\" height=\"22\" fill=\"none\" viewBox=\"0 0 21 22\"><path stroke=\"currentColor\" stroke-linecap=\"round\" stroke-width=\"2\" d=\"M20 20.75L20 2.25L1.5 2.25L1.5 20.75L20 20.75Z\" clip-rule=\"evenodd\"\/><path stroke=\"currentColor\" stroke-linecap=\"square\" stroke-width=\"2\" d=\"M14.0883 11.5L6.66406 11.5\"\/><path stroke=\"currentColor\" stroke-linecap=\"square\" stroke-width=\"2\" d=\"M11.0723 7.75205L14.8363 11.5L11.0723 15.248\"\/><\/svg>\t\t<\/span>\n\t<\/a><\/div>\n\t\t\t<\/div>\n\t\t\t<\/div>\n<\/header>\n<\/section>\n<section\n\t class=\"page-blocks iaff-page-blocks align wp-block-acf-page-blocks\" id=\"page-blocks_block_8c2c900d99c860c30bc5d0e2d55bf36b\">\n\t<div class=\"acf-innerblocks-container\">\n<div\n\t class=\"subheadline pt-[40px] flex flex-row items-center align wp-block-acf-subheadline\" id=\"subheadline_block_61fe43248264353aca04611c56df08d8\">\n\t<div class=\"text-smoke mb-[28px] w-full items-center grid grid-cols-[fit-content(100ch)_1fr]\">\n\t<h3 class=\"text-heading-500 leading-6 border-transparent border-e-[2em]\">\n\t\tGraphiques Instagram et Facebook\t<\/h3>\n\t\t\t<div class=\"h-[3px] text-current border bg-current\" role=\"presentation\"><\/div>\n\t<\/div>\n<\/div>\n\n<\/div><\/section>\n\n<figure class=\"wp-block-gallery has-nested-images columns-default is-cropped wp-block-gallery-1 is-layout-flex wp-block-gallery-is-layout-flex\">\n<figure data-wp-context=\"{&quot;imageId&quot;:&quot;69f6217db47da&quot;}\" data-wp-interactive=\"core\/image\" data-wp-key=\"69f6217db47da\" class=\"wp-block-image size-large wp-lightbox-container\"><img decoding=\"async\" width=\"1024\" height=\"1024\" data-wp-class--hide=\"state.isContentHidden\" data-wp-class--show=\"state.isContentVisible\" data-wp-init=\"callbacks.setButtonStyles\" data-wp-on--click=\"actions.showLightbox\" data-wp-on--load=\"callbacks.setButtonStyles\" data-wp-on-window--resize=\"callbacks.setButtonStyles\" data-id=\"70693\" src=\"https:\/\/www.iaff.org\/wp-content\/uploads\/2024\/04\/BurnAwarenessWeek-Feb4-1024x1024.jpg\" alt=\"\" class=\"wp-image-70693\" srcset=\"https:\/\/www.iaff.org\/wp-content\/uploads\/2024\/04\/BurnAwarenessWeek-Feb4-1024x1024.jpg 1024w, https:\/\/www.iaff.org\/wp-content\/uploads\/2024\/04\/BurnAwarenessWeek-Feb4-300x300.jpg 300w, https:\/\/www.iaff.org\/wp-content\/uploads\/2024\/04\/BurnAwarenessWeek-Feb4-150x150.jpg 150w, https:\/\/www.iaff.org\/wp-content\/uploads\/2024\/04\/BurnAwarenessWeek-Feb4-768x768.jpg 768w, https:\/\/www.iaff.org\/wp-content\/uploads\/2024\/04\/BurnAwarenessWeek-Feb4-240x240.jpg 240w, https:\/\/www.iaff.org\/wp-content\/uploads\/2024\/04\/BurnAwarenessWeek-Feb4-800x800.jpg 800w, https:\/\/www.iaff.org\/wp-content\/uploads\/2024\/04\/BurnAwarenessWeek-Feb4-810x810.jpg 810w, https:\/\/www.iaff.org\/wp-content\/uploads\/2024\/04\/BurnAwarenessWeek-Feb4.jpg 1200w\" sizes=\"(max-width: 1024px) 100vw, 1024px\" \/><button\n\t\t\tclass=\"lightbox-trigger\"\n\t\t\ttype=\"button\"\n\t\t\taria-haspopup=\"dialog\"\n\t\t\taria-label=\"Enlarge\"\n\t\t\tdata-wp-init=\"callbacks.initTriggerButton\"\n\t\t\tdata-wp-on--click=\"actions.showLightbox\"\n\t\t\tdata-wp-style--right=\"state.imageButtonRight\"\n\t\t\tdata-wp-style--top=\"state.imageButtonTop\"\n\t\t>\n\t\t\t<svg xmlns=\"http:\/\/www.w3.org\/2000\/svg\" width=\"12\" height=\"12\" fill=\"none\" viewBox=\"0 0 12 12\">\n\t\t\t\t<path fill=\"#fff\" d=\"M2 0a2 2 0 0 0-2 2v2h1.5V2a.5.5 0 0 1 .5-.5h2V0H2Zm2 10.5H2a.5.5 0 0 1-.5-.5V8H0v2a2 2 0 0 0 2 2h2v-1.5ZM8 12v-1.5h2a.5.5 0 0 0 .5-.5V8H12v2a2 2 0 0 1-2 2H8Zm2-12a2 2 0 0 1 2 2v2h-1.5V2a.5.5 0 0 0-.5-.5H8V0h2Z\" \/>\n\t\t\t<\/svg>\n\t\t<\/button><\/figure>\n\n\n\n<figure data-wp-context=\"{&quot;imageId&quot;:&quot;69f6217db517f&quot;}\" data-wp-interactive=\"core\/image\" data-wp-key=\"69f6217db517f\" class=\"wp-block-image size-large wp-lightbox-container\"><img decoding=\"async\" width=\"1024\" height=\"1024\" data-wp-class--hide=\"state.isContentHidden\" data-wp-class--show=\"state.isContentVisible\" data-wp-init=\"callbacks.setButtonStyles\" data-wp-on--click=\"actions.showLightbox\" data-wp-on--load=\"callbacks.setButtonStyles\" data-wp-on-window--resize=\"callbacks.setButtonStyles\" data-id=\"70695\" src=\"https:\/\/www.iaff.org\/wp-content\/uploads\/2024\/04\/BurnAwarenessWeek-Feb5-1024x1024.jpg\" alt=\"\" class=\"wp-image-70695\" srcset=\"https:\/\/www.iaff.org\/wp-content\/uploads\/2024\/04\/BurnAwarenessWeek-Feb5-1024x1024.jpg 1024w, https:\/\/www.iaff.org\/wp-content\/uploads\/2024\/04\/BurnAwarenessWeek-Feb5-300x300.jpg 300w, https:\/\/www.iaff.org\/wp-content\/uploads\/2024\/04\/BurnAwarenessWeek-Feb5-150x150.jpg 150w, https:\/\/www.iaff.org\/wp-content\/uploads\/2024\/04\/BurnAwarenessWeek-Feb5-768x768.jpg 768w, https:\/\/www.iaff.org\/wp-content\/uploads\/2024\/04\/BurnAwarenessWeek-Feb5-240x240.jpg 240w, https:\/\/www.iaff.org\/wp-content\/uploads\/2024\/04\/BurnAwarenessWeek-Feb5-800x800.jpg 800w, https:\/\/www.iaff.org\/wp-content\/uploads\/2024\/04\/BurnAwarenessWeek-Feb5-810x810.jpg 810w, https:\/\/www.iaff.org\/wp-content\/uploads\/2024\/04\/BurnAwarenessWeek-Feb5.jpg 1200w\" sizes=\"(max-width: 1024px) 100vw, 1024px\" \/><button\n\t\t\tclass=\"lightbox-trigger\"\n\t\t\ttype=\"button\"\n\t\t\taria-haspopup=\"dialog\"\n\t\t\taria-label=\"Enlarge\"\n\t\t\tdata-wp-init=\"callbacks.initTriggerButton\"\n\t\t\tdata-wp-on--click=\"actions.showLightbox\"\n\t\t\tdata-wp-style--right=\"state.imageButtonRight\"\n\t\t\tdata-wp-style--top=\"state.imageButtonTop\"\n\t\t>\n\t\t\t<svg xmlns=\"http:\/\/www.w3.org\/2000\/svg\" width=\"12\" height=\"12\" fill=\"none\" viewBox=\"0 0 12 12\">\n\t\t\t\t<path fill=\"#fff\" d=\"M2 0a2 2 0 0 0-2 2v2h1.5V2a.5.5 0 0 1 .5-.5h2V0H2Zm2 10.5H2a.5.5 0 0 1-.5-.5V8H0v2a2 2 0 0 0 2 2h2v-1.5ZM8 12v-1.5h2a.5.5 0 0 0 .5-.5V8H12v2a2 2 0 0 1-2 2H8Zm2-12a2 2 0 0 1 2 2v2h-1.5V2a.5.5 0 0 0-.5-.5H8V0h2Z\" \/>\n\t\t\t<\/svg>\n\t\t<\/button><\/figure>\n\n\n\n<figure data-wp-context=\"{&quot;imageId&quot;:&quot;69f6217db5b22&quot;}\" data-wp-interactive=\"core\/image\" data-wp-key=\"69f6217db5b22\" class=\"wp-block-image size-large wp-lightbox-container\"><img decoding=\"async\" width=\"1024\" height=\"1024\" data-wp-class--hide=\"state.isContentHidden\" data-wp-class--show=\"state.isContentVisible\" data-wp-init=\"callbacks.setButtonStyles\" data-wp-on--click=\"actions.showLightbox\" data-wp-on--load=\"callbacks.setButtonStyles\" data-wp-on-window--resize=\"callbacks.setButtonStyles\" data-id=\"70697\" src=\"https:\/\/www.iaff.org\/wp-content\/uploads\/2024\/04\/BurnAwarenessWeek-Feb6-1024x1024.jpg\" alt=\"\" class=\"wp-image-70697\" srcset=\"https:\/\/www.iaff.org\/wp-content\/uploads\/2024\/04\/BurnAwarenessWeek-Feb6-1024x1024.jpg 1024w, https:\/\/www.iaff.org\/wp-content\/uploads\/2024\/04\/BurnAwarenessWeek-Feb6-300x300.jpg 300w, https:\/\/www.iaff.org\/wp-content\/uploads\/2024\/04\/BurnAwarenessWeek-Feb6-150x150.jpg 150w, https:\/\/www.iaff.org\/wp-content\/uploads\/2024\/04\/BurnAwarenessWeek-Feb6-768x768.jpg 768w, https:\/\/www.iaff.org\/wp-content\/uploads\/2024\/04\/BurnAwarenessWeek-Feb6-240x240.jpg 240w, https:\/\/www.iaff.org\/wp-content\/uploads\/2024\/04\/BurnAwarenessWeek-Feb6-800x800.jpg 800w, https:\/\/www.iaff.org\/wp-content\/uploads\/2024\/04\/BurnAwarenessWeek-Feb6-810x810.jpg 810w, https:\/\/www.iaff.org\/wp-content\/uploads\/2024\/04\/BurnAwarenessWeek-Feb6.jpg 1200w\" sizes=\"(max-width: 1024px) 100vw, 1024px\" \/><button\n\t\t\tclass=\"lightbox-trigger\"\n\t\t\ttype=\"button\"\n\t\t\taria-haspopup=\"dialog\"\n\t\t\taria-label=\"Enlarge\"\n\t\t\tdata-wp-init=\"callbacks.initTriggerButton\"\n\t\t\tdata-wp-on--click=\"actions.showLightbox\"\n\t\t\tdata-wp-style--right=\"state.imageButtonRight\"\n\t\t\tdata-wp-style--top=\"state.imageButtonTop\"\n\t\t>\n\t\t\t<svg xmlns=\"http:\/\/www.w3.org\/2000\/svg\" width=\"12\" height=\"12\" fill=\"none\" viewBox=\"0 0 12 12\">\n\t\t\t\t<path fill=\"#fff\" d=\"M2 0a2 2 0 0 0-2 2v2h1.5V2a.5.5 0 0 1 .5-.5h2V0H2Zm2 10.5H2a.5.5 0 0 1-.5-.5V8H0v2a2 2 0 0 0 2 2h2v-1.5ZM8 12v-1.5h2a.5.5 0 0 0 .5-.5V8H12v2a2 2 0 0 1-2 2H8Zm2-12a2 2 0 0 1 2 2v2h-1.5V2a.5.5 0 0 0-.5-.5H8V0h2Z\" \/>\n\t\t\t<\/svg>\n\t\t<\/button><\/figure>\n\n\n\n<figure data-wp-context=\"{&quot;imageId&quot;:&quot;69f6217db64aa&quot;}\" data-wp-interactive=\"core\/image\" data-wp-key=\"69f6217db64aa\" class=\"wp-block-image size-large wp-lightbox-container\"><img decoding=\"async\" width=\"1024\" height=\"1024\" data-wp-class--hide=\"state.isContentHidden\" data-wp-class--show=\"state.isContentVisible\" data-wp-init=\"callbacks.setButtonStyles\" data-wp-on--click=\"actions.showLightbox\" data-wp-on--load=\"callbacks.setButtonStyles\" data-wp-on-window--resize=\"callbacks.setButtonStyles\" data-id=\"70699\" src=\"https:\/\/www.iaff.org\/wp-content\/uploads\/2024\/04\/BurnAwarenessWeek-Feb7-1024x1024.jpg\" alt=\"\" class=\"wp-image-70699\" srcset=\"https:\/\/www.iaff.org\/wp-content\/uploads\/2024\/04\/BurnAwarenessWeek-Feb7-1024x1024.jpg 1024w, https:\/\/www.iaff.org\/wp-content\/uploads\/2024\/04\/BurnAwarenessWeek-Feb7-300x300.jpg 300w, https:\/\/www.iaff.org\/wp-content\/uploads\/2024\/04\/BurnAwarenessWeek-Feb7-150x150.jpg 150w, https:\/\/www.iaff.org\/wp-content\/uploads\/2024\/04\/BurnAwarenessWeek-Feb7-768x768.jpg 768w, https:\/\/www.iaff.org\/wp-content\/uploads\/2024\/04\/BurnAwarenessWeek-Feb7-240x240.jpg 240w, https:\/\/www.iaff.org\/wp-content\/uploads\/2024\/04\/BurnAwarenessWeek-Feb7-800x800.jpg 800w, https:\/\/www.iaff.org\/wp-content\/uploads\/2024\/04\/BurnAwarenessWeek-Feb7-810x810.jpg 810w, https:\/\/www.iaff.org\/wp-content\/uploads\/2024\/04\/BurnAwarenessWeek-Feb7.jpg 1200w\" sizes=\"(max-width: 1024px) 100vw, 1024px\" \/><button\n\t\t\tclass=\"lightbox-trigger\"\n\t\t\ttype=\"button\"\n\t\t\taria-haspopup=\"dialog\"\n\t\t\taria-label=\"Enlarge\"\n\t\t\tdata-wp-init=\"callbacks.initTriggerButton\"\n\t\t\tdata-wp-on--click=\"actions.showLightbox\"\n\t\t\tdata-wp-style--right=\"state.imageButtonRight\"\n\t\t\tdata-wp-style--top=\"state.imageButtonTop\"\n\t\t>\n\t\t\t<svg xmlns=\"http:\/\/www.w3.org\/2000\/svg\" width=\"12\" height=\"12\" fill=\"none\" viewBox=\"0 0 12 12\">\n\t\t\t\t<path fill=\"#fff\" d=\"M2 0a2 2 0 0 0-2 2v2h1.5V2a.5.5 0 0 1 .5-.5h2V0H2Zm2 10.5H2a.5.5 0 0 1-.5-.5V8H0v2a2 2 0 0 0 2 2h2v-1.5ZM8 12v-1.5h2a.5.5 0 0 0 .5-.5V8H12v2a2 2 0 0 1-2 2H8Zm2-12a2 2 0 0 1 2 2v2h-1.5V2a.5.5 0 0 0-.5-.5H8V0h2Z\" \/>\n\t\t\t<\/svg>\n\t\t<\/button><\/figure>\n\n\n\n<figure data-wp-context=\"{&quot;imageId&quot;:&quot;69f6217db6d4f&quot;}\" data-wp-interactive=\"core\/image\" data-wp-key=\"69f6217db6d4f\" class=\"wp-block-image size-large wp-lightbox-container\"><img decoding=\"async\" width=\"1024\" height=\"1024\" data-wp-class--hide=\"state.isContentHidden\" data-wp-class--show=\"state.isContentVisible\" data-wp-init=\"callbacks.setButtonStyles\" data-wp-on--click=\"actions.showLightbox\" data-wp-on--load=\"callbacks.setButtonStyles\" data-wp-on-window--resize=\"callbacks.setButtonStyles\" data-id=\"70701\" src=\"https:\/\/www.iaff.org\/wp-content\/uploads\/2024\/04\/BurnAwarenessWeek-Feb8-1024x1024.jpg\" alt=\"\" class=\"wp-image-70701\" srcset=\"https:\/\/www.iaff.org\/wp-content\/uploads\/2024\/04\/BurnAwarenessWeek-Feb8-1024x1024.jpg 1024w, https:\/\/www.iaff.org\/wp-content\/uploads\/2024\/04\/BurnAwarenessWeek-Feb8-300x300.jpg 300w, https:\/\/www.iaff.org\/wp-content\/uploads\/2024\/04\/BurnAwarenessWeek-Feb8-150x150.jpg 150w, https:\/\/www.iaff.org\/wp-content\/uploads\/2024\/04\/BurnAwarenessWeek-Feb8-768x768.jpg 768w, https:\/\/www.iaff.org\/wp-content\/uploads\/2024\/04\/BurnAwarenessWeek-Feb8-240x240.jpg 240w, https:\/\/www.iaff.org\/wp-content\/uploads\/2024\/04\/BurnAwarenessWeek-Feb8-800x800.jpg 800w, https:\/\/www.iaff.org\/wp-content\/uploads\/2024\/04\/BurnAwarenessWeek-Feb8-810x810.jpg 810w, https:\/\/www.iaff.org\/wp-content\/uploads\/2024\/04\/BurnAwarenessWeek-Feb8.jpg 1200w\" sizes=\"(max-width: 1024px) 100vw, 1024px\" \/><button\n\t\t\tclass=\"lightbox-trigger\"\n\t\t\ttype=\"button\"\n\t\t\taria-haspopup=\"dialog\"\n\t\t\taria-label=\"Enlarge\"\n\t\t\tdata-wp-init=\"callbacks.initTriggerButton\"\n\t\t\tdata-wp-on--click=\"actions.showLightbox\"\n\t\t\tdata-wp-style--right=\"state.imageButtonRight\"\n\t\t\tdata-wp-style--top=\"state.imageButtonTop\"\n\t\t>\n\t\t\t<svg xmlns=\"http:\/\/www.w3.org\/2000\/svg\" width=\"12\" height=\"12\" fill=\"none\" viewBox=\"0 0 12 12\">\n\t\t\t\t<path fill=\"#fff\" d=\"M2 0a2 2 0 0 0-2 2v2h1.5V2a.5.5 0 0 1 .5-.5h2V0H2Zm2 10.5H2a.5.5 0 0 1-.5-.5V8H0v2a2 2 0 0 0 2 2h2v-1.5ZM8 12v-1.5h2a.5.5 0 0 0 .5-.5V8H12v2a2 2 0 0 1-2 2H8Zm2-12a2 2 0 0 1 2 2v2h-1.5V2a.5.5 0 0 0-.5-.5H8V0h2Z\" \/>\n\t\t\t<\/svg>\n\t\t<\/button><\/figure>\n\n\n\n<figure data-wp-context=\"{&quot;imageId&quot;:&quot;69f6217db75a0&quot;}\" data-wp-interactive=\"core\/image\" data-wp-key=\"69f6217db75a0\" class=\"wp-block-image size-large wp-lightbox-container\"><img decoding=\"async\" width=\"1024\" height=\"1024\" data-wp-class--hide=\"state.isContentHidden\" data-wp-class--show=\"state.isContentVisible\" data-wp-init=\"callbacks.setButtonStyles\" data-wp-on--click=\"actions.showLightbox\" data-wp-on--load=\"callbacks.setButtonStyles\" data-wp-on-window--resize=\"callbacks.setButtonStyles\" data-id=\"70703\" src=\"https:\/\/www.iaff.org\/wp-content\/uploads\/2024\/04\/BurnAwarenessWeek-Feb9-1024x1024.jpg\" alt=\"\" class=\"wp-image-70703\" srcset=\"https:\/\/www.iaff.org\/wp-content\/uploads\/2024\/04\/BurnAwarenessWeek-Feb9-1024x1024.jpg 1024w, https:\/\/www.iaff.org\/wp-content\/uploads\/2024\/04\/BurnAwarenessWeek-Feb9-300x300.jpg 300w, https:\/\/www.iaff.org\/wp-content\/uploads\/2024\/04\/BurnAwarenessWeek-Feb9-150x150.jpg 150w, https:\/\/www.iaff.org\/wp-content\/uploads\/2024\/04\/BurnAwarenessWeek-Feb9-768x768.jpg 768w, https:\/\/www.iaff.org\/wp-content\/uploads\/2024\/04\/BurnAwarenessWeek-Feb9-240x240.jpg 240w, https:\/\/www.iaff.org\/wp-content\/uploads\/2024\/04\/BurnAwarenessWeek-Feb9-800x800.jpg 800w, https:\/\/www.iaff.org\/wp-content\/uploads\/2024\/04\/BurnAwarenessWeek-Feb9-810x810.jpg 810w, https:\/\/www.iaff.org\/wp-content\/uploads\/2024\/04\/BurnAwarenessWeek-Feb9.jpg 1200w\" sizes=\"(max-width: 1024px) 100vw, 1024px\" \/><button\n\t\t\tclass=\"lightbox-trigger\"\n\t\t\ttype=\"button\"\n\t\t\taria-haspopup=\"dialog\"\n\t\t\taria-label=\"Enlarge\"\n\t\t\tdata-wp-init=\"callbacks.initTriggerButton\"\n\t\t\tdata-wp-on--click=\"actions.showLightbox\"\n\t\t\tdata-wp-style--right=\"state.imageButtonRight\"\n\t\t\tdata-wp-style--top=\"state.imageButtonTop\"\n\t\t>\n\t\t\t<svg xmlns=\"http:\/\/www.w3.org\/2000\/svg\" width=\"12\" height=\"12\" fill=\"none\" viewBox=\"0 0 12 12\">\n\t\t\t\t<path fill=\"#fff\" d=\"M2 0a2 2 0 0 0-2 2v2h1.5V2a.5.5 0 0 1 .5-.5h2V0H2Zm2 10.5H2a.5.5 0 0 1-.5-.5V8H0v2a2 2 0 0 0 2 2h2v-1.5ZM8 12v-1.5h2a.5.5 0 0 0 .5-.5V8H12v2a2 2 0 0 1-2 2H8Zm2-12a2 2 0 0 1 2 2v2h-1.5V2a.5.5 0 0 0-.5-.5H8V0h2Z\" \/>\n\t\t\t<\/svg>\n\t\t<\/button><\/figure>\n<\/figure>\n<section\n\t class=\"page-blocks iaff-page-blocks align wp-block-acf-page-blocks\" id=\"page-blocks_block_8c2c900d99c860c30bc5d0e2d55bf36b\">\n\t<div class=\"acf-innerblocks-container\">\n<div\n\t class=\"subheadline pt-[40px] flex flex-row items-center align wp-block-acf-subheadline\" id=\"subheadline_block_dba275319963d8604b9ebdc02aa24473\">\n\t<div class=\"text-smoke mb-[28px] w-full items-center grid grid-cols-[fit-content(100ch)_1fr]\">\n\t<h3 class=\"text-heading-500 leading-6 border-transparent border-e-[2em]\">\n\t\tMessage d\u2019int\u00e9r\u00eat public vid\u00e9o\t<\/h3>\n\t\t\t<div class=\"h-[3px] text-current border bg-current\" role=\"presentation\"><\/div>\n\t<\/div>\n<\/div>\n\n\n<div class=\"wp-block-video-container u-bg-full-width u-halftone-bg-70\">\n<figure class=\"wp-block-embed is-type-video is-provider-youtube wp-block-embed-youtube wp-embed-aspect-16-9 wp-has-aspect-ratio\"><div class=\"wp-block-embed__wrapper\"> \n<iframe title=\"Burn Awareness Week PSA\" width=\"500\" height=\"281\" src=\"https:\/\/www.youtube.com\/embed\/lM2NvVaulI0?feature=oembed\" frameborder=\"0\" allow=\"accelerometer; autoplay; clipboard-write; encrypted-media; gyroscope; picture-in-picture; web-share\" referrerpolicy=\"strict-origin-when-cross-origin\" allowfullscreen><\/iframe>\n <\/div><figcaption class=\"wp-element-caption\">Message d\u2019int\u00e9r\u00eat public de la Semaine de sensibilisation aux br\u00fblures<\/figcaption><\/figure>\n<\/div>\n\n<div\n\t class=\"subheadline pt-[40px] flex flex-row items-center align wp-block-acf-subheadline\" id=\"subheadline_block_04baff3f7d6f6df4d5c5cf4f5c0eace0\">\n\t<div class=\"text-smoke mb-[28px] w-full items-center grid grid-cols-[fit-content(100ch)_1fr]\">\n\t<h3 class=\"text-heading-500 leading-6 border-transparent border-e-[2em]\">\n\t\tMessagerie\t<\/h3>\n\t\t\t<div class=\"h-[3px] text-current border bg-current\" role=\"presentation\"><\/div>\n\t<\/div>\n<\/div>\n\n<\/div><\/section>\n<div class=\"wp-block-list\">\n<ul class=\"wp-block-list\">\n<li>Une \u00e9chaudure peut survenir \u00e0 tout \u00e2ge. Les enfants, les personnes \u00e2g\u00e9es et les personnes handicap\u00e9es sont particuli\u00e8rement expos\u00e9s.<\/li>\n\n\n\n<li>Apprenez aux enfants que les choses chaudes peuvent br\u00fbler. Installez des dispositifs anti-br\u00fblure sur les robinets de baignoire et les pommes de douche. <\/li>\n\n\n\n<li>Ayez une \u00ab zone sans enfants \u00bb d\u2019au moins 3 pieds autour de la cuisini\u00e8re et des zones o\u00f9 des aliments chauds sont pr\u00e9par\u00e9s ou transport\u00e9s. <\/li>\n\n\n\n<li>Avant de placer un enfant dans le bain ou de vous y mettre vous-m\u00eame, testez l\u2019eau en d\u00e9pla\u00e7ant votre main, votre poignet et votre avant-bras dans l\u2019eau. L\u2019eau doit \u00eatre chaude, pas br\u00fblante. <\/li>\n\n\n\n<li>Traitez une br\u00fblure imm\u00e9diatement. Refroidissez la br\u00fblure avec de l\u2019eau froide pendant 3 \u00e0 5 minutes. Couvrir d\u2019un chiffon propre et sec. Obtenez de l\u2019aide m\u00e9dicale si n\u00e9cessaire. <\/li>\n\n\n\n<li>Les liquides chauds de l\u2019eau du bain, du caf\u00e9 chaud et m\u00eame de la soupe au micro-ondes peuvent causer des blessures d\u00e9vastatrices. Les br\u00fblures d\u2019\u00e9chaudure sont la deuxi\u00e8me cause de br\u00fblures. <\/li>\n\n\n\n<li>Placez les liquides et les aliments chauds au centre d\u2019une table ou vers l\u2019arri\u00e8re d\u2019un comptoir. <\/li>\n<\/ul>\n<\/div>","protected":false},"excerpt":{"rendered":"","protected":false},"featured_media":0,"parent":0,"menu_order":0,"comment_status":"closed","ping_status":"closed","template":"","meta":{"_acf_changed":false,"_searchwp_excluded":"","inline_featured_image":false,"_EventAllDay":false,"_EventTimezone":"","_EventStartDate":"","_EventEndDate":"","_EventStartDateUTC":"","_EventEndDateUTC":"","_EventShowMap":false,"_EventShowMapLink":false,"_EventURL":"","_EventCost":"","_EventCostDescription":"","_EventCurrencySymbol":"","_EventCurrencyCode":"","_EventCurrencyPosition":"","_EventDateTimeSeparator":"","_EventTimeRangeSeparator":"","_EventOrganizerID":[],"_EventVenueID":[],"_OrganizerEmail":"","_OrganizerPhone":"","_OrganizerWebsite":"","_VenueAddress":"","_VenueCity":"","_VenueCountry":"","_VenueProvince":"","_VenueState":"","_VenueZip":"","_VenuePhone":"","_VenueURL":"","_VenueStateProvince":"","_VenueLat":"","_VenueLng":"","_VenueShowMap":false,"_VenueShowMapLink":false,"footnotes":""},"class_list":["post-72649","page","type-page","status-publish","hentry"],"acf":[],"publishpress_future_workflow_manual_trigger":{"enabledWorkflows":[]},"_links":{"self":[{"href":"https:\/\/www.iaff.org\/fr-ca\/wp-json\/wp\/v2\/pages\/72649","targetHints":{"allow":["GET"]}}],"collection":[{"href":"https:\/\/www.iaff.org\/fr-ca\/wp-json\/wp\/v2\/pages"}],"about":[{"href":"https:\/\/www.iaff.org\/fr-ca\/wp-json\/wp\/v2\/types\/page"}],"author":[{"embeddable":true,"href":"https:\/\/www.iaff.org\/fr-ca\/wp-json\/wp\/v2\/users\/18"}],"replies":[{"embeddable":true,"href":"https:\/\/www.iaff.org\/fr-ca\/wp-json\/wp\/v2\/comments?post=72649"}],"version-history":[{"count":0,"href":"https:\/\/www.iaff.org\/fr-ca\/wp-json\/wp\/v2\/pages\/72649\/revisions"}],"wp:attachment":[{"href":"https:\/\/www.iaff.org\/fr-ca\/wp-json\/wp\/v2\/media?parent=72649"}],"curies":[{"name":"wp","href":"https:\/\/api.w.org\/{rel}","templated":true}]}}