{"id":72453,"date":"2024-02-20T14:15:51","date_gmt":"2024-02-20T19:15:51","guid":{"rendered":"https:\/\/www.iaff.org\/f2t-qui-sommes-nous\/"},"modified":"2025-07-09T09:55:59","modified_gmt":"2025-07-09T13:55:59","slug":"f2t-qui-sommes-nous","status":"publish","type":"page","link":"https:\/\/www.iaff.org\/fr-ca\/fit-to-thrive-f2t\/f2t-qui-sommes-nous\/","title":{"rendered":"F2T &#8211; \u00c0 propos de nous"},"content":{"rendered":"<section\n\t class=\"secondary-hero align wp-block-acf-secondary-hero\" id=\"secondary-hero_block_20744859c8fc5960d8f5d17df69dfc78\">\n\t\n<header\n\tclass=\"w-full u-bg-full-width px-[22px] md:ps-bleed md:pe-0 py-[60px] bg-smoke-5 text-black u-has-rivets u-rivets-dark\"\n\tdata-theme=\"gray\"\n>\n\t<div class=\"flex flex-col !px-0 !max-w-[1440px] w-full lg:!ps-indent\">\n\t\t<div class=\"border-t-[6px] w-full my-0 flex flex-col md:flex-row gap-x-[62px] gap-y-[22px] border-red\">\n\t\t\t\t\t\t\t<div class=\"relative grid md:order-last md:w-1\/2 overflow-hidden place-items-center aspect-[157\/105]\">\n\t\t\t\t\t<img decoding=\"async\" width=\"1200\" height=\"800\" src=\"https:\/\/www.iaff.org\/wp-content\/uploads\/2024\/02\/About-hero-1200x800.jpg\" class=\"absolute object-cover min-w-full h-full\" alt=\"Image of fire fighters fighting fire\" srcset=\"https:\/\/www.iaff.org\/wp-content\/uploads\/2024\/02\/About-hero-1200x800.jpg 1200w, https:\/\/www.iaff.org\/wp-content\/uploads\/2024\/02\/About-hero-300x200.jpg 300w, https:\/\/www.iaff.org\/wp-content\/uploads\/2024\/02\/About-hero-1024x683.jpg 1024w, https:\/\/www.iaff.org\/wp-content\/uploads\/2024\/02\/About-hero-768x512.jpg 768w, https:\/\/www.iaff.org\/wp-content\/uploads\/2024\/02\/About-hero-1536x1024.jpg 1536w, https:\/\/www.iaff.org\/wp-content\/uploads\/2024\/02\/About-hero-2048x1365.jpg 2048w, https:\/\/www.iaff.org\/wp-content\/uploads\/2024\/02\/About-hero-240x160.jpg 240w, https:\/\/www.iaff.org\/wp-content\/uploads\/2024\/02\/About-hero-1215x810.jpg 1215w\" sizes=\"(max-width: 1200px) 100vw, 1200px\" \/>\t\t\t\t<\/div>\n\t\t\t\t\t\t<div class=\"w-full md:w-1\/2 md:py-[45px]\">\n\t\t\t\t<div class=\"max-w-[600px] flex flex-col gap-[22px]\">\n\t\t\t\t\t\t\t\t\t\t\t<h1 class=\"has-[.u-halftone-shadow--dark]:mb-divider has-[.u-halftone-shadow--light]:mb-divider\">\n\t\t\t\t\t\t\t<span class=\"inline-flex text-heading-200 u-halftone-shadow--dark\">\n\t\t\t\t\t\t\t\tL\u2019innovation par la collaboration &#8211; \u00c0 propos de nous\t\t\t\t\t\t\t<\/span>\n\t\t\t\t\t\t<\/h1>\n\t\t\t\t\t\t\t\t\t\t\t\t\t\t\t\t<div class=\"text-body-300 font-sans\">\n\t\t\t\t\t\t\t<p>l\u2019AIP continue d\u2019investir dans des partenariats strat\u00e9giques qui stimuleront l\u2019innovation \u00e0 l\u2019appui du bien-\u00eatre physique, psychologique et social de chaque pompier.<\/p>\n\t\t\t\t\t\t<\/div>\n\t\t\t\t\t\t\t\t\t\t\t\t\t\t\t\t\t\t\t\t\t\t\t\t\t\t\t<div class=\"flex flex-wrap gap-[30px]\">\n\t\t\t\t\t\t\t\t\t\t\t\t\t\t\t<!-- Renders the same as core\/button with a specific style -->\n\t\t\t\t\t\t\t\t\t\t\t\t\t<\/div>\n\t\t\t\t\t\t\t\t\t\t\t\t\t\t<\/div>\n\t\t\t<\/div>\n\n\t\t<\/div>\n\t\t\t\t\t<div class=\"order-first flex justify-start w-full pb-[22px]\">\n\t\t\t\t<div\n\tclass=\"wp-block-button is-style-tertiary text-smoke is-style-tertiary-back\"\n>\n\t\t\t<a\n\t\t\thref=\"https:\/\/www.iaff.org\/fr-ca\/fit-to-thrive-f2t\/\"\n\t\t\tclass=\"wp-block-button__link wp-element-button group\"\n\t\t\t\t\t>\n\t\t\t<span\n\t\t\tclass=\"decoration-transparent underline underline-offset-2 group-hover:decoration-inherit group-focus-visible:decoration-inherit transition duration-hover\"\n\t\t>\n\t\t\tAPTE \u00c0 PROSP\u00c9RER (F2T)  \t\t<\/span>\n\n\t\t<span\n\t\t\tclass=\"bg-inherit transition-colors duration-hover group-hover:bg-gold group-focus:bg-gold inline-flex rotate-180 order-first\"\n\t\t>\n\t\t\t<svg xmlns=\"http:\/\/www.w3.org\/2000\/svg\" width=\"21\" height=\"22\" fill=\"none\" viewBox=\"0 0 21 22\"><path stroke=\"currentColor\" stroke-linecap=\"round\" stroke-width=\"2\" d=\"M20 20.75L20 2.25L1.5 2.25L1.5 20.75L20 20.75Z\" clip-rule=\"evenodd\"\/><path stroke=\"currentColor\" stroke-linecap=\"square\" stroke-width=\"2\" d=\"M14.0883 11.5L6.66406 11.5\"\/><path stroke=\"currentColor\" stroke-linecap=\"square\" stroke-width=\"2\" d=\"M11.0723 7.75205L14.8363 11.5L11.0723 15.248\"\/><\/svg>\t\t<\/span>\n\t<\/a><\/div>\n\t\t\t<\/div>\n\t\t\t<\/div>\n<\/header>\n<\/section>\n<section\n\t class=\"page-blocks iaff-page-blocks align wp-block-acf-page-blocks\" id=\"page-blocks_block_aa7a65ad5112e0eb99e033b75c73c3ef\">\n\t<div class=\"acf-innerblocks-container\">\n\n<div class=\"wp-block-group is-layout-constrained wp-block-group-is-layout-constrained\"><section\n\t class=\"callout-section pt-20 md:pt-[100px] bg-smoke\/5 u-bg-full-width align wp-block-acf-callout-section\" id=\"callout-section_block_ce635a5f1f5fb7aea83a738a40a1254f\">\n\t\t<div class=\"border-b border-black\">\n\t\t\t<\/div>\n\n\t<!-- TODO: Constrain to content width -->\n\t<div class=\"w-full flex flex-col\">\n\t\t<!-- Callouts -->\n\t\t<div class=\"acf-innerblocks-container\">\n<section\n\t class=\"callout align wp-block-acf-callout\" id=\"callout_block_b4e0b3fd90d0002c787b6065c8f24fb1\">\n\t<div class=\"grid md:grid-cols-2 gap-0\">\n\t\t<figure\n\t\t\tclass=\"grid place-items-center\"\n\t\t>\n\t\t\t\t\t\t\t<div class=\"relative\">\n\t\t\t\t\t<img decoding=\"async\" width=\"489\" height=\"491\" src=\"https:\/\/www.iaff.org\/wp-content\/uploads\/2024\/02\/about-feature-1.jpg\" class=\"max-w-full\" alt=\"\" srcset=\"https:\/\/www.iaff.org\/wp-content\/uploads\/2024\/02\/about-feature-1.jpg 489w, https:\/\/www.iaff.org\/wp-content\/uploads\/2024\/02\/about-feature-1-300x300.jpg 300w, https:\/\/www.iaff.org\/wp-content\/uploads\/2024\/02\/about-feature-1-150x150.jpg 150w, https:\/\/www.iaff.org\/wp-content\/uploads\/2024\/02\/about-feature-1-240x240.jpg 240w\" sizes=\"(max-width: 489px) 100vw, 489px\" \/>\t\t\t\t\t<div class=\"u-halftone-overlay\"><\/div>\n\t\t\t\t<\/div>\n\t\t\t\t\t<\/figure>\n\t\t<div class=\"flex flex-col gap-2 py-[54px] text-smoke md:p-10 justify-center md:px-15\">\n\t\t\t\t\t\t\t\t\t\t<div class=\"font-serif font-600 text-[34px] leading-[1.1] -tracking-[0.5px]\">\n\t\t\t\t\tMONTRER LA VOIE\t\t\t\t<\/div>\n\t\t\t\t\t\t\t\t\t\t<div class=\"font-sans font-350 text-[18px] leading-[1.5]\">\n\t\t\t\t\t<p>Au cours des 25 derni\u00e8res ann\u00e9es, l\u2019AIP est devenue la principale autorit\u00e9 mondiale en mati\u00e8re de sant\u00e9, de bien-\u00eatre et de condition physique des pompiers. Gr\u00e2ce \u00e0 des efforts inlassables et \u00e0 une vision unique pour am\u00e9liorer la vie des pompiers et de leurs familles, IAFF a \u00e9labor\u00e9, mis en \u0153uvre, soutenu et d\u00e9fendu de nombreuses initiatives qui ciblent directement les questions les plus importantes touchant la sant\u00e9 et le bien-\u00eatre des membres du service d\u2019incendie. Dans cet esprit, IAFF a \u00e9largi ses programmes et initiatives existants qui traitent des comportements d\u2019activit\u00e9 physique et d\u2019exercice des pompiers afin de s\u2019aligner sur les recherches scientifiques les plus r\u00e9centes et les pratiques exemplaires des domaines multidisciplinaires qui \u00e9clairent cette composante tr\u00e8s importante du bien-\u00eatre g\u00e9n\u00e9ral.<\/p>\n\t\t\t\t<\/div>\n\t\t\t\t\t\t\t\t<\/div>\n\t<\/div>\n<\/section>\n\n<\/div>\n\t\t\t<\/div>\n<\/section>\n\n\n<section\n\t class=\"callout-section pt-20 md:pt-[100px] bg-smoke\/5 u-bg-full-width align wp-block-acf-callout-section\" id=\"callout-section_block_ce635a5f1f5fb7aea83a738a40a1254f\">\n\t\t<div class=\"border-b border-black\">\n\t\t\t<\/div>\n\n\t<!-- TODO: Constrain to content width -->\n\t<div class=\"w-full flex flex-col\">\n\t\t<!-- Callouts -->\n\t\t<div class=\"acf-innerblocks-container\">\n<section\n\t class=\"callout align wp-block-acf-callout\" id=\"callout_block_235f32b7ef3e55e64b0e79299a4a58fc\">\n\t<div class=\"grid md:grid-cols-2 gap-0\">\n\t\t<figure\n\t\t\tclass=\"md:col-start-2 md:row-start-1 grid place-items-center\"\n\t\t>\n\t\t\t\t\t\t\t<div class=\"relative\">\n\t\t\t\t\t<img decoding=\"async\" width=\"489\" height=\"491\" src=\"https:\/\/www.iaff.org\/wp-content\/uploads\/2024\/02\/about-feature-2.jpg\" class=\"max-w-full\" alt=\"\" srcset=\"https:\/\/www.iaff.org\/wp-content\/uploads\/2024\/02\/about-feature-2.jpg 489w, https:\/\/www.iaff.org\/wp-content\/uploads\/2024\/02\/about-feature-2-300x300.jpg 300w, https:\/\/www.iaff.org\/wp-content\/uploads\/2024\/02\/about-feature-2-150x150.jpg 150w, https:\/\/www.iaff.org\/wp-content\/uploads\/2024\/02\/about-feature-2-240x240.jpg 240w\" sizes=\"(max-width: 489px) 100vw, 489px\" \/>\t\t\t\t\t<div class=\"u-halftone-overlay\"><\/div>\n\t\t\t\t<\/div>\n\t\t\t\t\t<\/figure>\n\t\t<div class=\"flex flex-col gap-2 py-[54px] text-smoke md:p-10 justify-center md:px-15\">\n\t\t\t\t\t\t\t\t\t\t<div class=\"font-serif font-600 text-[34px] leading-[1.1] -tracking-[0.5px]\">\n\t\t\t\t\tDES PARTENAIRES SUR LA M\u00caME MISSION\t\t\t\t<\/div>\n\t\t\t\t\t\t\t\t\t\t<div class=\"font-sans font-350 text-[18px] leading-[1.5]\">\n\t\t\t\t\t<p>Performance Redefined (PR) est une entreprise qui con\u00e7oit et met en \u0153uvre des solutions d\u2019\u00e9ducation, d\u2019encadrement et d\u2019exercices \u00e0 court et \u00e0 long terme pour r\u00e9pondre aux besoins des individus et des organisations en mati\u00e8re de sant\u00e9, de bien-\u00eatre, de performance et de pr\u00e9vention des blessures. Au c\u0153ur de la philosophie de l\u2019entreprise se trouve la conviction que l\u2019activit\u00e9 physique et l\u2019exercice peuvent \u00eatre utilis\u00e9s pour faciliter des changements positifs dans la sant\u00e9 et le bien-\u00eatre de chacun lorsque l\u2019accent est mis sur la compr\u00e9hension des facteurs qui influencent leurs comportements existants. En tant que conseiller technique de IAFF depuis plus de 15 ans, PR a accumul\u00e9 une vaste exp\u00e9rience de travail direct avec les pompiers et s\u2019est engag\u00e9 dans la mission d\u2019am\u00e9liorer l\u2019\u00e9tat du bien-\u00eatre dans le service d\u2019incendie. PR est honor\u00e9 d\u2019appuyer IAFF dans l\u2019\u00e9laboration et la mise en \u0153uvre continues du programme F2T.   <\/p>\n\t\t\t\t<\/div>\n\t\t\t\t\t\t\t\t<\/div>\n\t<\/div>\n<\/section>\n\n<\/div>\n\t\t\t<\/div>\n<\/section>\n<\/div>\n\n\n\n<div class=\"wp-block-group is-layout-constrained wp-block-group-is-layout-constrained\"><section\n\t class=\"section-header mb-10 align wp-block-acf-section-header\" id=\"section-header_block_342c5401d54832a138ca7ad464ea402e\">\n\t<div class=\"\">\n\t<div class=\"flex flex-col md:flex-row justify-between max-w-content gap-x-8 md:items-end flex-wrap\">\n\t\t<h2 class=\"text-heading-200 pb-[2px]\">\n\t\t\tS\u2019appuyer sur une histoire solide\t\t<\/h2>\n\n\t\t\t\t\t<div class=\"md:order-last w-full\">\n\t\t\t\t\n\n\t<div class=\"h-divider w-full bg-halftone-divider bg-right\"><\/div>\n\t\t\t<\/div>\n\t\t\n\t\t\t<\/div>\n<\/div>\n<\/section>\n\n\n<section\n\t class=\"column-list-section align wp-block-acf-column-list-section\" id=\"column-list-section_block_228143f8ac91c6ec7740f2d541bb9a87\">\n\t<div class=\"bg-smoke\/5 px-[19px] pt-[60px] pb-block-spacing md:px-[96px] md:mx-indent iaff-column-list-section\">\n\t\t\t\t<div class=\"acf-innerblocks-container\">\n<section\n\t class=\"column-list iaff-column-list align wp-block-acf-column-list\" id=\"column-list_block_669a11dcb39234ba096d42ac026f3517\">\n\t<div class=\"relative flex flex-col gap-[14px] mb-[52px]\">\n\t\t\t\t\t<h3 class=\"text-heading-500\">\n\t\t\t\tHistorique du programme\t\t\t<\/h3>\n\t\t\t\t<div class=\"relative bg-halftone-divider bg-center bg-no-repeat w-full h-divider\"><\/div>\n\t<\/div>\n\n\t\t<div class=\"acf-innerblocks-container\">\n<article\n\t class=\"column-list-card min-h-[187px] border-l-4 border-red pl-4 w-full md:w-auto item-inner flex flex-col gap-1 align wp-block-acf-column-list-card\" id=\"column-list-card_block_bf4c0d24032860e4d0ceb1f51b1cde43\">\n\t\n\t\t\t<div class=\"text-heading-400 font-serif font-600 leading-7 mb-1\">\n\t\t\tLancement de l\u2019Initiative mieux-\u00eatre et conditionnement physique (IFE)\t\t<\/div>\n\t\t\t\t<div class=\"text-body-400\">\n\t\t\t<p>En 1997, IAFF et l\u2019IAFC ont lanc\u00e9 l\u2019Initiative pour le mieux-\u00eatre et la condition physique (IFE) et ont marqu\u00e9 le d\u00e9but d\u2019un engagement \u00e0 mener la charge pour am\u00e9liorer la sant\u00e9 et le bien-\u00eatre de tout le personnel des services d\u2019incendie en uniforme. Plus de deux d\u00e9cennies plus tard, l\u2019IFDF continue d\u2019\u00eatre la principale ressource pour soutenir le bien-\u00eatre et la forme physique des pompiers. Fond\u00e9e sur un cadre, appuy\u00e9e par des donn\u00e9es probantes et continuellement mise \u00e0 jour par les plus grands experts mondiaux en la mati\u00e8re, l\u2019IFE offre des lignes directrices sur les pratiques exemplaires pour \u00e9clairer la mise en \u0153uvre de programmes de bien-\u00eatre et de conditionnement physique par n\u2019importe quel minist\u00e8re. Le programme F2T a \u00e9t\u00e9 con\u00e7u \u00e0 l\u2019appui de ces principes et de ces lignes directrices sur les pratiques exemplaires et servira \u00e0 renforcer les objectifs g\u00e9n\u00e9raux de l\u2019IFE et son approche globale visant \u00e0 am\u00e9liorer le bien-\u00eatre et la condition physique des pompiers.   <\/p>\n\t\t<\/div>\n\t\t\t<\/article>\n\n\n<article\n\t class=\"column-list-card min-h-[187px] border-l-4 border-red pl-4 w-full md:w-auto item-inner flex flex-col gap-1 align wp-block-acf-column-list-card\" id=\"column-list-card_block_545cdc538287ff45297265c3d5bed858\">\n\t\n\t\t\t<div class=\"text-heading-400 font-serif font-600 leading-7 mb-1\">\n\t\t\tEntra\u00eeneur de conditionnement physique par les pairs (PFT)  \t\t<\/div>\n\t\t\t\t<div class=\"text-body-400\">\n\t\t\t<p>En 2003, IAFF l\u2019IAFC et l\u2019American Council on Exercise (ACE) ont lanc\u00e9 le programme de certificat Peer Fitness Trainer (PFT) afin de doter les leaders de premi\u00e8re ligne (PFT) des connaissances et des comp\u00e9tences n\u00e9cessaires pour am\u00e9liorer le bien-\u00eatre et la forme physique de leurs pairs. Depuis la cr\u00e9ation du programme, l \u00ab \u00e9quipe de ma\u00eetres instructeurs de IAFF a donn\u00e9 200+ cours et certifi\u00e9 des milliers de membres aux \u00c9tats-Unis et au Canada, tout en apprenant des le\u00e7ons inestimables sur les obstacles et les facilitateurs \u00e0 la mise en \u0153uvre du programme. En r\u00e9ponse aux le\u00e7ons apprises et aux commentaires re\u00e7us, ainsi qu \u00bb \u00e0 l\u2019engagement ind\u00e9fectible de IAFF \u00e0 am\u00e9liorer le bien-\u00eatre physique, psychologique et social des pompiers, une mission \u00e9largie et un nouveau nom ont \u00e9t\u00e9 propos\u00e9s et accept\u00e9s pour le programme PFT : Fit To Thrive.  <\/p>\n\t\t<\/div>\n\t\t\t<\/article>\n\n<\/div><\/section>\n\n<\/div>\t<\/div>\n<\/section>\n<\/div>\n\n\n\n<div class=\"wp-block-group is-layout-constrained wp-block-group-is-layout-constrained\"><section\n\t class=\"callout-section pt-20 md:pt-[100px] bg-transparent align wp-block-acf-callout-section\" id=\"callout-section_block_9697dc64da5de4499956378d84129438\">\n\t\t<div class=\"\">\n\t\t\t\t\t<header class=\"flex justify-between items-center max-w-content\">\n\t\t\t\t\t\t\t\t\t<!-- Render Headline-->\n\t\t\t\t\t<h2 class=\"text-heading-200\">\n\t\t\t\t\t\t<!-- Headline: font-heading, 500, 38px, smoke -->\n\t\t\t\t\t\tNotre \u00e9quipe\t\t\t\t\t<\/h2>\n\t\t\t\t\n\t\t\t\t\t\t\t<\/header>\n\n\t\t\t<!-- Border -->\n\t\t\t\t\t\t\t\t\t\t<div class=\"u-bleed-left\">\n\t\t\t\t\t\n\t\t\t\t\t\t\t\t\t\t\t<div class=\"h-divider bg-right w-full bg-halftone-divider\" role=\"presentation\"><\/div>\n\t\t\t\t\t\t\t\t\t<\/div>\n\t\t\t\t\t\t<\/div>\n\n\t<!-- TODO: Constrain to content width -->\n\t<div class=\"w-full flex flex-col\">\n\t\t<!-- Callouts -->\n\t\t<div class=\"acf-innerblocks-container\">\n<section\n\t class=\"callout align wp-block-acf-callout\" id=\"callout_block_af0884ba5c421784030eefd07b4f80a5\">\n\t<div class=\"grid md:grid-cols-2 gap-0\">\n\t\t<figure\n\t\t\tclass=\"grid place-items-center\"\n\t\t>\n\t\t\t\t\t\t\t<div class=\"relative\">\n\t\t\t\t\t<img decoding=\"async\" width=\"1256\" height=\"558\" src=\"https:\/\/www.iaff.org\/wp-content\/uploads\/2024\/02\/home-f2t-2x-1256x558.png\" class=\"w-full block h-auto object-cover\" alt=\"Image of text F2T\" srcset=\"https:\/\/www.iaff.org\/wp-content\/uploads\/2024\/02\/home-f2t-2x-1256x558.png 1256w, https:\/\/www.iaff.org\/wp-content\/uploads\/2024\/02\/home-f2t-2x-300x133.png 300w, https:\/\/www.iaff.org\/wp-content\/uploads\/2024\/02\/home-f2t-2x-1024x455.png 1024w, https:\/\/www.iaff.org\/wp-content\/uploads\/2024\/02\/home-f2t-2x-768x341.png 768w, https:\/\/www.iaff.org\/wp-content\/uploads\/2024\/02\/home-f2t-2x-1536x682.png 1536w, https:\/\/www.iaff.org\/wp-content\/uploads\/2024\/02\/home-f2t-2x-240x107.png 240w, https:\/\/www.iaff.org\/wp-content\/uploads\/2024\/02\/home-f2t-2x-1440x639.png 1440w, https:\/\/www.iaff.org\/wp-content\/uploads\/2024\/02\/home-f2t-2x.png 1802w\" sizes=\"(max-width: 1256px) 100vw, 1256px\" \/>\t\t\t\t\t<div class=\"u-halftone-overlay\"><\/div>\n\t\t\t\t<\/div>\n\t\t\t\t\t<\/figure>\n\t\t<div class=\"flex flex-col gap-2 py-[54px] text-smoke md:p-10 justify-center md:px-15\">\n\t\t\t\t\t\t\t<div class=\"font-heading text-[16px] leading-[1.3] pb-3\">\n\t\t\t\t\tSoutenir les op\u00e9rations F2T\t\t\t\t<\/div>\n\t\t\t\t\t\t\t\t\t\t<div class=\"font-serif font-600 text-[34px] leading-[1.1] -tracking-[0.5px]\">\n\t\t\t\t\tRencontrez notre \u00e9quipe\t\t\t\t<\/div>\n\t\t\t\t\t\t\t\t\t\t<div class=\"font-sans font-350 text-[18px] leading-[1.5]\">\n\t\t\t\t\t<p>Rencontrez les personnes passionn\u00e9es et comp\u00e9tentes qui soutiennent les op\u00e9rations F2T et servent la mission d\u2019aider plus de pompiers \u00e0 \u00eatre plus actifs plus souvent.<\/p>\n\t\t\t\t<\/div>\n\t\t\t\t\t\t\t\t\t\t<div class=\"flex flex-wrap gap-[30px] pt-10\">\n\t\t\t\t\t\t\t\t\t\t\t<!-- Renders the same as core\/button with a specific style -->\n\t<div\n\t\tclass=\"wp-block-button track-button-primary is-style-primary-red\"\n\t>\n\t\t<a\n\t\t\tclass=\"wp-block-button__link wp-element-button cursor-pointer md:w-auto min-w-[156px]\"\n\t\t\t\t\t\t\thref=\"\/fit-to-thrive\/f2t-team\"\n\t\t\t\t\t\t\t\t\ttarget=\"_blank\"\n\t\t\t\t\trel=\"nofollow noopener\"\n\t\t\t\t\t\t\t\t\t>\n\t\t\tVoir tous les membres de l\u2019\u00e9quipe\t\t<\/a>\n\t<\/div>\n\t\t\t\t\t\t\t\t\t<\/div>\n\t\t\t\t\t<\/div>\n\t<\/div>\n<\/section>\n\n<\/div>\n\t\t\t<\/div>\n<\/section>\n\n\n\n<figure class=\"wp-block-gallery has-nested-images columns-default is-cropped wp-block-gallery-1 is-layout-flex wp-block-gallery-is-layout-flex\">\n<figure class=\"wp-block-image size-large\"><a href=\"https:\/\/fittothrive.ca\/our-team\/tyson-beach\/\" target=\"_blank\" rel=\"noreferrer noopener\"><img decoding=\"async\" width=\"285\" height=\"335\" data-id=\"61052\" src=\"https:\/\/www.iaff.org\/wp-content\/uploads\/2024\/02\/Tyson-Beach-tile-2.jpg\" alt=\"\" class=\"wp-image-61052\" srcset=\"https:\/\/www.iaff.org\/wp-content\/uploads\/2024\/02\/Tyson-Beach-tile-2.jpg 285w, https:\/\/www.iaff.org\/wp-content\/uploads\/2024\/02\/Tyson-Beach-tile-2-255x300.jpg 255w, https:\/\/www.iaff.org\/wp-content\/uploads\/2024\/02\/Tyson-Beach-tile-2-204x240.jpg 204w\" sizes=\"(max-width: 285px) 100vw, 285px\" \/><\/a><figcaption class=\"wp-element-caption\"><strong><a href=\"https:\/\/fittothrive.ca\/our-team\/mike-meadors\/\" target=\"_blank\" rel=\"noreferrer noopener\">Banc Tyson<\/a><\/strong><a href=\"https:\/\/fittothrive.ca\/our-team\/tyson-beach\/\" target=\"_blank\" rel=\"noopener\"><br> Responsable de la recherche et du d\u00e9veloppement, relations publiques<\/a><\/figcaption><\/figure>\n\n\n\n<figure class=\"wp-block-image size-large\"><a href=\"https:\/\/fittothrive.ca\/our-team\/mike-meadors\/\" target=\"_blank\" rel=\"noreferrer noopener\"><img decoding=\"async\" width=\"285\" height=\"335\" data-id=\"61046\" src=\"https:\/\/www.iaff.org\/wp-content\/uploads\/2024\/02\/Mike-Meadors-tile-2.jpg\" alt=\"\" class=\"wp-image-61046\" srcset=\"https:\/\/www.iaff.org\/wp-content\/uploads\/2024\/02\/Mike-Meadors-tile-2.jpg 285w, https:\/\/www.iaff.org\/wp-content\/uploads\/2024\/02\/Mike-Meadors-tile-2-255x300.jpg 255w, https:\/\/www.iaff.org\/wp-content\/uploads\/2024\/02\/Mike-Meadors-tile-2-204x240.jpg 204w\" sizes=\"(max-width: 285px) 100vw, 285px\" \/><\/a><figcaption class=\"wp-element-caption\"><a href=\"https:\/\/fittothrive.ca\/our-team\/mike-meadors\/\" target=\"_blank\" rel=\"noopener\"><strong>Mike Meodors<\/strong><br>Instructeur<\/a><\/figcaption><\/figure>\n\n\n\n<figure class=\"wp-block-image size-large\"><a href=\"https:\/\/fittothrive.ca\/our-team\/mike-cacciola\/\" target=\"_blank\" rel=\"noreferrer noopener\"><img decoding=\"async\" width=\"285\" height=\"335\" data-id=\"61044\" src=\"https:\/\/www.iaff.org\/wp-content\/uploads\/2024\/02\/Mike-Cacciola-tile-2.jpg\" alt=\"\" class=\"wp-image-61044\" srcset=\"https:\/\/www.iaff.org\/wp-content\/uploads\/2024\/02\/Mike-Cacciola-tile-2.jpg 285w, https:\/\/www.iaff.org\/wp-content\/uploads\/2024\/02\/Mike-Cacciola-tile-2-255x300.jpg 255w, https:\/\/www.iaff.org\/wp-content\/uploads\/2024\/02\/Mike-Cacciola-tile-2-204x240.jpg 204w\" sizes=\"(max-width: 285px) 100vw, 285px\" \/><\/a><figcaption class=\"wp-element-caption\"><strong>Mike Cacciola<\/strong><br>Instructeur<\/figcaption><\/figure>\n<\/figure>\n<\/div>\n\n<\/div><\/section>\n","protected":false},"excerpt":{"rendered":"","protected":false},"featured_media":0,"parent":77914,"menu_order":0,"comment_status":"closed","ping_status":"closed","template":"","meta":{"_acf_changed":false,"_searchwp_excluded":"","inline_featured_image":false,"_EventAllDay":false,"_EventTimezone":"","_EventStartDate":"","_EventEndDate":"","_EventStartDateUTC":"","_EventEndDateUTC":"","_EventShowMap":false,"_EventShowMapLink":false,"_EventURL":"","_EventCost":"","_EventCostDescription":"","_EventCurrencySymbol":"","_EventCurrencyCode":"","_EventCurrencyPosition":"","_EventDateTimeSeparator":"","_EventTimeRangeSeparator":"","_EventOrganizerID":[],"_EventVenueID":[],"_OrganizerEmail":"","_OrganizerPhone":"","_OrganizerWebsite":"","_VenueAddress":"","_VenueCity":"","_VenueCountry":"","_VenueProvince":"","_VenueState":"","_VenueZip":"","_VenuePhone":"","_VenueURL":"","_VenueStateProvince":"","_VenueLat":"","_VenueLng":"","_VenueShowMap":false,"_VenueShowMapLink":false,"footnotes":""},"class_list":["post-72453","page","type-page","status-publish","hentry"],"acf":[],"publishpress_future_workflow_manual_trigger":{"enabledWorkflows":[]},"_links":{"self":[{"href":"https:\/\/www.iaff.org\/fr-ca\/wp-json\/wp\/v2\/pages\/72453","targetHints":{"allow":["GET"]}}],"collection":[{"href":"https:\/\/www.iaff.org\/fr-ca\/wp-json\/wp\/v2\/pages"}],"about":[{"href":"https:\/\/www.iaff.org\/fr-ca\/wp-json\/wp\/v2\/types\/page"}],"author":[{"embeddable":true,"href":"https:\/\/www.iaff.org\/fr-ca\/wp-json\/wp\/v2\/users\/5"}],"replies":[{"embeddable":true,"href":"https:\/\/www.iaff.org\/fr-ca\/wp-json\/wp\/v2\/comments?post=72453"}],"version-history":[{"count":0,"href":"https:\/\/www.iaff.org\/fr-ca\/wp-json\/wp\/v2\/pages\/72453\/revisions"}],"up":[{"embeddable":true,"href":"https:\/\/www.iaff.org\/fr-ca\/wp-json\/wp\/v2\/pages\/77914"}],"wp:attachment":[{"href":"https:\/\/www.iaff.org\/fr-ca\/wp-json\/wp\/v2\/media?parent=72453"}],"curies":[{"name":"wp","href":"https:\/\/api.w.org\/{rel}","templated":true}]}}