{"id":72451,"date":"2024-02-20T13:18:28","date_gmt":"2024-02-20T18:18:28","guid":{"rendered":"https:\/\/www.iaff.org\/ressources-du-secretaire-tresorier\/assurance-cautionnement-des-affilies\/"},"modified":"2026-04-20T17:42:20","modified_gmt":"2026-04-20T21:42:20","slug":"assurance-cautionnement-des-affilies","status":"publish","type":"page","link":"https:\/\/www.iaff.org\/fr-ca\/ressources-du-secretaire-tresorier\/assurance-cautionnement-des-affilies\/","title":{"rendered":"Assurance cautionnement d\u2019affiliation"},"content":{"rendered":"<section\n\t class=\"secondary-hero align wp-block-acf-secondary-hero\" id=\"secondary-hero_block_6df4a350e5b36ca6af1227758057bc4c\">\n\t\n<header\n\tclass=\"w-full u-bg-full-width px-[22px] md:ps-bleed md:pe-0 py-[60px] bg-smoke-5 text-black u-has-rivets u-rivets-dark\"\n\tdata-theme=\"gray\"\n>\n\t<div class=\"flex flex-col !px-0 !max-w-[1440px] w-full lg:!ps-indent\">\n\t\t<div class=\"border-t-[6px] w-full my-0 flex flex-col md:flex-row gap-x-[62px] gap-y-[22px] border-red\">\n\t\t\t\t\t\t<div class=\"w-full md:w-1\/2 md:py-[45px]\">\n\t\t\t\t<div class=\"max-w-[600px] flex flex-col gap-[22px]\">\n\t\t\t\t\t\t\t\t\t\t\t<h1 class=\"has-[.u-halftone-shadow--dark]:mb-divider has-[.u-halftone-shadow--light]:mb-divider pt-[22px] md:pt-0\">\n\t\t\t\t\t\t\t<span class=\"inline-flex text-heading-200 u-halftone-shadow--dark\">\n\t\t\t\t\t\t\t\tAssurance cautionnement d\u2019affiliation\t\t\t\t\t\t\t<\/span>\n\t\t\t\t\t\t<\/h1>\n\t\t\t\t\t\t\t\t\t\t\t\t\t\t\t\t\t\t\t\t\t\t\t\t\t\t\t\t\t<\/div>\n\t\t\t<\/div>\n\n\t\t<\/div>\n\t\t\t\t\t<div class=\"order-first flex justify-start w-full pb-[22px]\">\n\t\t\t\t<div\n\tclass=\"wp-block-button is-style-tertiary text-smoke is-style-tertiary-back\"\n>\n\t\t\t<a\n\t\t\thref=\"https:\/\/www.iaff.org\/fr-ca\/ressources-du-secretaire-tresorier\/\"\n\t\t\tclass=\"wp-block-button__link wp-element-button group\"\n\t\t\t\t\t>\n\t\t\t<span\n\t\t\tclass=\"decoration-transparent underline underline-offset-2 group-hover:decoration-inherit group-focus-visible:decoration-inherit transition duration-hover\"\n\t\t>\n\t\t\tRessources du secr\u00e9taire-tr\u00e9sorier\t\t<\/span>\n\n\t\t<span\n\t\t\tclass=\"bg-inherit transition-colors duration-hover group-hover:bg-gold group-focus:bg-gold inline-flex rotate-180 order-first\"\n\t\t>\n\t\t\t<svg xmlns=\"http:\/\/www.w3.org\/2000\/svg\" width=\"21\" height=\"22\" fill=\"none\" viewBox=\"0 0 21 22\"><path stroke=\"currentColor\" stroke-linecap=\"round\" stroke-width=\"2\" d=\"M20 20.75L20 2.25L1.5 2.25L1.5 20.75L20 20.75Z\" clip-rule=\"evenodd\"\/><path stroke=\"currentColor\" stroke-linecap=\"square\" stroke-width=\"2\" d=\"M14.0883 11.5L6.66406 11.5\"\/><path stroke=\"currentColor\" stroke-linecap=\"square\" stroke-width=\"2\" d=\"M11.0723 7.75205L14.8363 11.5L11.0723 15.248\"\/><\/svg>\t\t<\/span>\n\t<\/a><\/div>\n\t\t\t<\/div>\n\t\t\t<\/div>\n<\/header>\n<\/section>\n<section\n\t class=\"page-blocks iaff-page-blocks align wp-block-acf-page-blocks\" id=\"page-blocks_block_a1f98ec4456076935db5fb02df4199e4\">\n\t<div class=\"acf-innerblocks-container\">\n<div class=\"wp-block-video-container u-bg-full-width u-halftone-bg-70\">\n<figure class=\"wp-block-embed is-type-video is-provider-youtube wp-block-embed-youtube wp-embed-aspect-16-9 wp-has-aspect-ratio\"><div class=\"wp-block-embed__wrapper\">\n<iframe title=\"Affiliate Bonding Insurance\" width=\"500\" height=\"281\" src=\"https:\/\/www.youtube.com\/embed\/4mjRBqokxwk?feature=oembed\" frameborder=\"0\" allow=\"accelerometer; autoplay; clipboard-write; encrypted-media; gyroscope; picture-in-picture; web-share\" referrerpolicy=\"strict-origin-when-cross-origin\" allowfullscreen><\/iframe>\n<\/div><\/figure>\n<\/div>\n\n<div class=\"wp-block-paragraph \">\n<p>Selon la Constitution et le r\u00e8glement int\u00e9rieur de l\u2019Association internationale des pompiers, l\u2019IAFF assume le co\u00fbt de 5 000 $ de couverture Labor Organization Bond (LOB) pour chaque affili\u00e9. Une couverture est pr\u00e9vue pour la perte de fonds ou d\u2019autres biens caus\u00e9e par le manquement d\u2019employ\u00e9s ou de dirigeants, agissant seuls ou en collusion avec d\u2019autres, \u00e0 remplir leurs fonctions de gestion des fonds ou autres biens de la section locale ou affili\u00e9e, conform\u00e9ment \u00e0 la loi, \u00e0 la Constitution et aux r\u00e8glements, ou \u00e0 l\u2019organe dirigeant de l\u2019IAFF. <\/p>\n<\/div>\n\n<div class=\"wp-block-paragraph \">\n<p>Une loi f\u00e9d\u00e9rale connue sous le nom de Labor Management-Reporting and Disclosure Act (LMRDA) exige que les syndicats maintiennent une obligation LOB d\u2019au moins 10% des FONDS TRAIT\u00c9S, compos\u00e9e d\u2019actifs liquides et du total des recettes de l\u2019exercice pr\u00e9c\u00e9dent. La LMRDA s\u2019applique aux sections locales qui repr\u00e9sentent des employ\u00e9s travaillant pour des employeurs priv\u00e9s <em>(par exemple<\/em>, une entreprise priv\u00e9e d\u2019ambulance) et ces sections locales sont g\u00e9n\u00e9ralement \u2013 mais pas toujours \u2013 d\u00e9sign\u00e9es par l\u2019IAFF comme sections locales industrielles. <strong>Si votre affili\u00e9 est soumis \u00e0 la LMRDA, vous devez alors acheter une couverture suppl\u00e9mentaire pour respecter l\u2019exigence de la LMRDA. <\/strong>  <\/p>\n<\/div>\n\n<div class=\"wp-block-paragraph \">\n<p>Veuillez noter que toute association d\u2019\u00c9tat de l\u2019IAFF qui compte des sections locales repr\u00e9sentant des membres travaillant pour des employeurs priv\u00e9s doit se conformer aux exigences de cautionnement de la LMRDA.<\/p>\n<\/div>\n\n<div class=\"wp-block-paragraph \">\n<p>Les affili\u00e9s de l\u2019IAFF repr\u00e9sentant uniquement des employ\u00e9s municipaux, de comt\u00e9 et\/ou d\u2019\u00c9tat ne sont pas tenus par la loi f\u00e9d\u00e9rale de maintenir le niveau de cautionnement de la LMRDA.<\/p>\n<\/div>\n\n<div class=\"wp-block-paragraph \">\n<p>Bien que tous les affili\u00e9s de l\u2019IAFF ne soient pas couverts par la LMRDA, l\u2019IAFF encourage fortement tous les affili\u00e9s \u00e0 maintenir, au minimum, le niveau de cautionnement de la LMRDA, comme une bonne pratique pour assurer la s\u00e9curit\u00e9 financi\u00e8re de l\u2019association. Une loi similaire s\u2019applique aux sections locales f\u00e9d\u00e9rales. <\/p>\n<\/div>\n\n<div class=\"wp-block-paragraph \">\n<p>Le co\u00fbt de tout montant suppl\u00e9mentaire d\u2019une caution sup\u00e9rieure \u00e0 5 000 $ doit \u00eatre pay\u00e9 par le syndicat local, l\u2019association provinciale ou provinciale qui exige ou demande que le montant de la caution soit augment\u00e9 pour r\u00e9pondre aux crit\u00e8res \u00e9nonc\u00e9s. La prime suppl\u00e9mentaire est nettement inf\u00e9rieure au co\u00fbt d\u2019une couverture identique achet\u00e9e individuellement dans votre r\u00e9gion. <\/p>\n<\/div>\n\n<div class=\"wp-block-paragraph \">\n<p>Veuillez consulter l\u2019explication de cette couverture :<\/p>\n<\/div>\n<\/div><\/section>\n\n<hr class=\"wp-block-separator has-alpha-channel-opacity is-style-wide\"\/>\n<div class=\"wp-block-paragraph \">\n<p><\/p>\n<\/div><div class=\"wp-block-paragraph \">\n<p><strong><u>Formule de liaison d\u2019\u00e9chantillons<\/u><\/strong><\/p>\n<\/div><div class=\"wp-block-paragraph \">\n<p>Actifs liquides : 30 000 $<\/p>\n<\/div><div class=\"wp-block-paragraph \">\n<p>Cotisations, revenus locatifs, etc. : 70 000 $<\/p>\n<\/div><div class=\"wp-block-paragraph \">\n<p>Fonds trait\u00e9s : 100 000 $<\/p>\n<\/div><div class=\"wp-block-paragraph \">\n<p>Caution minimale requise<br\/>(ou recommand\u00e9) : 10 000 $ (10%)<\/p>\n<\/div>\n<hr class=\"wp-block-separator has-alpha-channel-opacity is-style-wide\"\/>\n<div class=\"wp-block-paragraph \">\n<p><\/p>\n<\/div><div class=\"wp-block-paragraph \">\n<p>Bien que 10% soit la limite minimale recommand\u00e9e, il est prudent pour les sections locales et les affili\u00e9s de consid\u00e9rer une limite d\u2019obligation \u00e9gale au montant total des fonds trait\u00e9s. Des plafonds jusqu\u2019\u00e0 500 000 $ sont disponibles et peuvent \u00eatre achet\u00e9s par chaque participant \u00e0 l\u2019obligation. Les primes sur trois ans pour l\u2019augmentation des limites d\u2019obligation sont indiqu\u00e9es sur la page du bar\u00e8me des taux.  <\/p>\n<\/div><div class=\"wp-block-paragraph \">\n<p>Il est important de noter que cette obligation n\u2019est pas destin\u00e9e \u00e0 couvrir les fonds du comit\u00e9 d\u2019action politique (PAC), les r\u00e9gimes de pension ou d\u2019aide sociale financ\u00e9s par les syndicats, ni d\u2019autres r\u00e9gimes distincts de prestations annexes comme les fonds de vacances, les fonds d\u2019apprentissage et de formation ou les prestations de ch\u00f4mage suppl\u00e9mentaires. Des r\u00e9gimes comme ceux-ci peuvent \u00eatre soumis \u00e0 la loi f\u00e9d\u00e9rale ERISA et n\u00e9cessiter une caution distincte pour la conformit\u00e9. Des obligations ERISA sont disponibles et peuvent \u00eatre plac\u00e9es individuellement pour les locaux ou les affili\u00e9s afin de r\u00e9pondre \u00e0 leurs besoins.  <\/p>\n<\/div><div class=\"wp-block-paragraph \">\n<p>Les affili\u00e9s peuvent acheter une couverture d\u2019obligations suppl\u00e9mentaire en contactant Jamie Mooney de Willis Towers Watson \u00e0 <a href=\"mailto:Jamie.Mooney@wtwco.com\">Jamie.Mooney@wtwco.com<\/a>. Les tarifs pour une couverture suppl\u00e9mentaire pour la dur\u00e9e d\u2019un an de l\u2019obligation sont <a href=\"https:\/\/www.iaff.org\/wp-content\/uploads\/2026\/04\/IAFF-Limits-Premiums-2026.pdf\" target=\"_blank\" rel=\"noreferrer noopener\">disponibles ici<\/a>. <\/p>\n<\/div><div class=\"wp-block-paragraph \">\n<p><\/p>\n<\/div>","protected":false},"excerpt":{"rendered":"<p>Formule de liaison d\u2019\u00e9chantillons Actifs liquides : 30 000 $ Cotisations, revenus locatifs, etc. : 70 000 $ Fonds trait\u00e9s : 100 000 $ Caution minimale requise(ou recommand\u00e9) : 10 [&hellip;]<\/p>\n","protected":false},"featured_media":0,"parent":69488,"menu_order":0,"comment_status":"closed","ping_status":"closed","template":"","meta":{"_acf_changed":false,"_searchwp_excluded":"","inline_featured_image":false,"_EventAllDay":false,"_EventTimezone":"","_EventStartDate":"","_EventEndDate":"","_EventStartDateUTC":"","_EventEndDateUTC":"","_EventShowMap":false,"_EventShowMapLink":false,"_EventURL":"","_EventCost":"","_EventCostDescription":"","_EventCurrencySymbol":"","_EventCurrencyCode":"","_EventCurrencyPosition":"","_EventDateTimeSeparator":"","_EventTimeRangeSeparator":"","_EventOrganizerID":[],"_EventVenueID":[],"_OrganizerEmail":"","_OrganizerPhone":"","_OrganizerWebsite":"","_VenueAddress":"","_VenueCity":"","_VenueCountry":"","_VenueProvince":"","_VenueState":"","_VenueZip":"","_VenuePhone":"","_VenueURL":"","_VenueStateProvince":"","_VenueLat":"","_VenueLng":"","_VenueShowMap":false,"_VenueShowMapLink":false,"footnotes":""},"class_list":["post-72451","page","type-page","status-publish","hentry"],"acf":[],"publishpress_future_workflow_manual_trigger":{"enabledWorkflows":[]},"_links":{"self":[{"href":"https:\/\/www.iaff.org\/fr-ca\/wp-json\/wp\/v2\/pages\/72451","targetHints":{"allow":["GET"]}}],"collection":[{"href":"https:\/\/www.iaff.org\/fr-ca\/wp-json\/wp\/v2\/pages"}],"about":[{"href":"https:\/\/www.iaff.org\/fr-ca\/wp-json\/wp\/v2\/types\/page"}],"author":[{"embeddable":true,"href":"https:\/\/www.iaff.org\/fr-ca\/wp-json\/wp\/v2\/users\/3"}],"replies":[{"embeddable":true,"href":"https:\/\/www.iaff.org\/fr-ca\/wp-json\/wp\/v2\/comments?post=72451"}],"version-history":[{"count":12,"href":"https:\/\/www.iaff.org\/fr-ca\/wp-json\/wp\/v2\/pages\/72451\/revisions"}],"predecessor-version":[{"id":124698,"href":"https:\/\/www.iaff.org\/fr-ca\/wp-json\/wp\/v2\/pages\/72451\/revisions\/124698"}],"up":[{"embeddable":true,"href":"https:\/\/www.iaff.org\/fr-ca\/wp-json\/wp\/v2\/pages\/69488"}],"wp:attachment":[{"href":"https:\/\/www.iaff.org\/fr-ca\/wp-json\/wp\/v2\/media?parent=72451"}],"curies":[{"name":"wp","href":"https:\/\/api.w.org\/{rel}","templated":true}]}}