{"id":72412,"date":"2024-02-16T13:07:45","date_gmt":"2024-02-16T18:07:45","guid":{"rendered":"https:\/\/www.iaff.org\/dossier-de-presse\/"},"modified":"2026-03-20T15:17:30","modified_gmt":"2026-03-20T19:17:30","slug":"dossier-de-presse","status":"publish","type":"page","link":"https:\/\/www.iaff.org\/fr-ca\/dossier-de-presse\/","title":{"rendered":"Dossier de presse"},"content":{"rendered":"<section\n\t class=\"secondary-hero align wp-block-acf-secondary-hero\" id=\"secondary-hero_block_ed7994037d8b498eb2c92cb428472ea1\">\n\t\n<header\n\tclass=\"w-full u-bg-full-width px-[22px] md:ps-bleed md:pe-0 py-[60px] bg-blue text-white u-has-rivets\"\n\tdata-theme=\"navy\"\n>\n\t<div class=\"flex flex-col !px-0 !max-w-[1440px] w-full lg:!ps-indent\">\n\t\t<div class=\"border-t-[6px] w-full my-0 flex flex-col md:flex-row gap-x-[62px] gap-y-[22px] border-gold\">\n\t\t\t\t\t\t\t<div class=\"relative grid md:order-last md:w-1\/2 overflow-hidden place-items-center aspect-[157\/105]\">\n\t\t\t\t\t<img decoding=\"async\" width=\"1198\" height=\"800\" src=\"https:\/\/www.iaff.org\/wp-content\/uploads\/2024\/02\/ALTS23_Monday_0385-1198x800.jpg\" class=\"absolute object-cover min-w-full h-full\" alt=\"Edward Kelly speaking to the media\" srcset=\"https:\/\/www.iaff.org\/wp-content\/uploads\/2024\/02\/ALTS23_Monday_0385-1198x800.jpg 1198w, https:\/\/www.iaff.org\/wp-content\/uploads\/2024\/02\/ALTS23_Monday_0385-300x200.jpg 300w, https:\/\/www.iaff.org\/wp-content\/uploads\/2024\/02\/ALTS23_Monday_0385-1024x684.jpg 1024w, https:\/\/www.iaff.org\/wp-content\/uploads\/2024\/02\/ALTS23_Monday_0385-768x513.jpg 768w, https:\/\/www.iaff.org\/wp-content\/uploads\/2024\/02\/ALTS23_Monday_0385-1536x1026.jpg 1536w, https:\/\/www.iaff.org\/wp-content\/uploads\/2024\/02\/ALTS23_Monday_0385-2048x1368.jpg 2048w, https:\/\/www.iaff.org\/wp-content\/uploads\/2024\/02\/ALTS23_Monday_0385-240x160.jpg 240w, https:\/\/www.iaff.org\/wp-content\/uploads\/2024\/02\/ALTS23_Monday_0385-1213x810.jpg 1213w\" sizes=\"(max-width: 1198px) 100vw, 1198px\" \/>\t\t\t\t<\/div>\n\t\t\t\t\t\t<div class=\"w-full md:w-1\/2 md:py-[45px]\">\n\t\t\t\t<div class=\"max-w-[600px] flex flex-col gap-[22px]\">\n\t\t\t\t\t\t\t\t\t\t\t<h1 class=\"has-[.u-halftone-shadow--dark]:mb-divider has-[.u-halftone-shadow--light]:mb-divider\">\n\t\t\t\t\t\t\t<span class=\"inline-flex text-heading-200 u-halftone-shadow--light\">\n\t\t\t\t\t\t\t\tDossier de presse\t\t\t\t\t\t\t<\/span>\n\t\t\t\t\t\t<\/h1>\n\t\t\t\t\t\t\t\t\t\t\t\t\t\t\t\t<div class=\"text-body-300 font-sans\">\n\t\t\t\t\t\t\t<p>Ressources pour les journalistes et les m\u00e9dias.<\/p>\n\t\t\t\t\t\t<\/div>\n\t\t\t\t\t\t\t\t\t\t\t\t\t\t\t\t\t\t\t\t\t\t\t\t<\/div>\n\t\t\t<\/div>\n\n\t\t<\/div>\n\t\t\t<\/div>\n<\/header>\n<\/section>\n<section\n\t class=\"page-blocks iaff-page-blocks align wp-block-acf-page-blocks\" id=\"page-blocks_block_a506a4848c3754745fd78ec3df951c0d\">\n\t<div class=\"acf-innerblocks-container\">\n<div class=\"wp-block-paragraph \">\n<p>En tant que plus grande organisation repr\u00e9sentant les pompiers professionnels et les travailleurs m\u00e9dicaux d\u2019urgence aux \u00c9tats-Unis et au Canada, l\u2019AIP (IAFF) s\u2019engage \u00e0 fournir des informations exactes et en temps opportun aux journalistes et aux membres des m\u00e9dias.<\/p>\n<\/div>\n\n<div class=\"wp-block-paragraph \">\n<p>Nos membres sont des intervenants tous risques et des experts en s\u00e9curit\u00e9 publique. Notre \u00e9quipe des communications peut travailler avec vous pour r\u00e9diger des histoires, identifier des sources locales et nationales et parler des tendances dans l\u2019ensemble du service d\u2019incendie. <\/p>\n<\/div>\n\n<section\n\t class=\"section-header mb-10 align wp-block-acf-section-header\" id=\"section-header_block_b7bb815b3847c3e34381c18c6c264ee1\">\n\t<div class=\"\">\n\t<div class=\"flex flex-col md:flex-row justify-between max-w-content gap-x-8 md:items-end flex-wrap\">\n\t\t<h2 class=\"text-heading-200 pb-[2px]\">\n\t\t\t\u00c0 propos de l\u2019AIP (IAFF)\t\t<\/h2>\n\n\t\t\t\t\t<div class=\"md:order-last w-full\">\n\t\t\t\t\n\n\t<div class=\"h-divider w-full bg-halftone-divider bg-right\"><\/div>\n\t\t\t<\/div>\n\t\t\n\t\t\t<\/div>\n<\/div>\n<\/section>\n\n\n<section\n\t class=\"card-grid pt-5 align wp-block-acf-card-grid\" id=\"card-grid_block_ef00ddf43e5144a2204b9941c8c576dd\">\n\t\n\t<div class=\"iaff-card-grid md:px-indent\">\n\t\t\t\t<div class=\"acf-innerblocks-container\">\n<article\n\t class=\"link-card flex align wp-block-acf-link-card\" id=\"link-card_block_17bef69a8ed58c959d5f3c7e5db06544\">\n\t<a href=\"https:\/\/www.iaff.org\/fr-ca\/a-propos-de-nous\/direction\/\" target=\"_blank\" class=\"p-0 flex flex-col w-full h-full group no-underline\">\t<div class=\"bg-halftone-dark p-3 min-h-divider w-full grid place-items-center\"><\/div>\n\t<div class=\"relative px-10 py-9 bg-smoke\/5 text-body-500 flex flex-col gap-card-gap flex-1 transition duration-hover group-hover:bg-white\">\n\t\t\t\t\t<h4 class=\"text-heading-400-serif\">\n\t\t\t\tDirection\t\t\t<\/h4>\n\t\t\t\t<div class=\"relative flex flex-col flex-1 gap-card-gap text-body-500 justify-start min-h-[120px]\">\n\t\t\t\t\t\t\t\t\t\t<div class=\"flex-grow-1 text-body-500\">\n\t\t\t\t\tEn savoir plus sur notre conseil ex\u00e9cutif, incluant le pr\u00e9sident g\u00e9n\u00e9ral de l\u2019AIP (IAFF), Edward Kelly, et le secr\u00e9taire-tr\u00e9sorier g\u00e9n\u00e9ral Frank L\u00edma.\t\t\t\t<\/div>\n\t\t\t\t\t\t\t\t\t\t<div class=\"mt-auto group-hover\">\n\t\t\t\t\t<!-- Renders the same as core\/button with a specific style -->\n\t<div>\n\t\t\t\t\t<div\n\t\t\t\tclass=\"inline-flex gap-[16px] items-center text-inherit text-button-300 decoration-transparent underline underline-offset-2 transition-colors duration-hover group-hover:decoration-current group-focus-visible:decoration-current\"\n\t\t\t>\n\t\t\t\t<span>\n\t\t\t\t\tVoir\t\t\t\t<\/span>\n\t\t\t\t<svg xmlns=\"http:\/\/www.w3.org\/2000\/svg\" width=\"15\" height=\"15\" fill=\"none\" viewBox=\"0 0 15 15\"><path stroke=\"currentColor\" stroke-linecap=\"square\" stroke-width=\"2\" d=\"M11.6347 7.49976L1 7.49976\"\/><path stroke=\"currentColor\" stroke-linecap=\"square\" stroke-width=\"2\" d=\"M7.31445 2.13138L12.7061 7.50014L7.31445 12.8689\"\/><\/svg>\t\t\t<\/div>\n\t\t\t<\/div>\n\t\t\t\t<\/div>\n\t\t\t\t\t<\/div>\n\t<\/div>\n\t<\/a><\/article>\n\n\n<article\n\t class=\"link-card flex align wp-block-acf-link-card\" id=\"link-card_block_a712cfc13f566a742640bcb719ebbef6\">\n\t<a href=\"https:\/\/www.iaff.org\/fr-ca\/communiques-de-presse\/\" target=\"_blank\" class=\"p-0 flex flex-col w-full h-full group no-underline\">\t<div class=\"bg-halftone-dark p-3 min-h-divider w-full grid place-items-center\"><\/div>\n\t<div class=\"relative px-10 py-9 bg-smoke\/5 text-body-500 flex flex-col gap-card-gap flex-1 transition duration-hover group-hover:bg-white\">\n\t\t\t\t\t<h4 class=\"text-heading-400-serif\">\n\t\t\t\tCommuniqu\u00e9 de presse\t\t\t<\/h4>\n\t\t\t\t<div class=\"relative flex flex-col flex-1 gap-card-gap text-body-500 justify-start min-h-[120px]\">\n\t\t\t\t\t\t\t\t\t\t<div class=\"flex-grow-1 text-body-500\">\n\t\t\t\t\tMises \u00e0 jour m\u00e9diatiques de l\u2019AIP (IAFF), le syndicat qui prot\u00e8ge les pompiers et les travailleurs m\u00e9dicaux d\u2019urgence.\t\t\t\t<\/div>\n\t\t\t\t\t\t\t\t\t\t<div class=\"mt-auto group-hover\">\n\t\t\t\t\t<!-- Renders the same as core\/button with a specific style -->\n\t<div>\n\t\t\t\t\t<div\n\t\t\t\tclass=\"inline-flex gap-[16px] items-center text-inherit text-button-300 decoration-transparent underline underline-offset-2 transition-colors duration-hover group-hover:decoration-current group-focus-visible:decoration-current\"\n\t\t\t>\n\t\t\t\t<span>\n\t\t\t\t\tVoir\t\t\t\t<\/span>\n\t\t\t\t<svg xmlns=\"http:\/\/www.w3.org\/2000\/svg\" width=\"15\" height=\"15\" fill=\"none\" viewBox=\"0 0 15 15\"><path stroke=\"currentColor\" stroke-linecap=\"square\" stroke-width=\"2\" d=\"M11.6347 7.49976L1 7.49976\"\/><path stroke=\"currentColor\" stroke-linecap=\"square\" stroke-width=\"2\" d=\"M7.31445 2.13138L12.7061 7.50014L7.31445 12.8689\"\/><\/svg>\t\t\t<\/div>\n\t\t\t<\/div>\n\t\t\t\t<\/div>\n\t\t\t\t\t<\/div>\n\t<\/div>\n\t<\/a><\/article>\n\n\n<article\n\t class=\"link-card flex align wp-block-acf-link-card\" id=\"link-card_block_3aae0ff8d126894e9d12ad5c171932a6\">\n\t<a href=\"https:\/\/www.iaff.org\/fr-ca\/directives-relatives-au-logo\/\" target=\"_blank\" class=\"p-0 flex flex-col w-full h-full group no-underline\">\t<div class=\"bg-halftone-dark p-3 min-h-divider w-full grid place-items-center\"><\/div>\n\t<div class=\"relative px-10 py-9 bg-smoke\/5 text-body-500 flex flex-col gap-card-gap flex-1 transition duration-hover group-hover:bg-white\">\n\t\t\t\t\t<h4 class=\"text-heading-400-serif\">\n\t\t\t\tLogo de l\u2019AIP (IAFF)\t\t\t<\/h4>\n\t\t\t\t<div class=\"relative flex flex-col flex-1 gap-card-gap text-body-500 justify-start min-h-[120px]\">\n\t\t\t\t\t\t\t\t\t\t<div class=\"flex-grow-1 text-body-500\">\n\t\t\t\t\tL\u2019approbation de l\u2019AIP (IAFF) est requise pour toutes les personnes, fournisseurs, entreprises, affili\u00e9s de l\u2019AIP (IAFF) et autres entit\u00e9s souhaitant obtenir l\u2019approbation pour l\u2019utilisation du logo.\t\t\t\t<\/div>\n\t\t\t\t\t\t\t\t\t\t<div class=\"mt-auto group-hover\">\n\t\t\t\t\t<!-- Renders the same as core\/button with a specific style -->\n\t<div>\n\t\t\t\t\t<div\n\t\t\t\tclass=\"inline-flex gap-[16px] items-center text-inherit text-button-300 decoration-transparent underline underline-offset-2 transition-colors duration-hover group-hover:decoration-current group-focus-visible:decoration-current\"\n\t\t\t>\n\t\t\t\t<span>\n\t\t\t\t\tVoir\t\t\t\t<\/span>\n\t\t\t\t<svg xmlns=\"http:\/\/www.w3.org\/2000\/svg\" width=\"15\" height=\"15\" fill=\"none\" viewBox=\"0 0 15 15\"><path stroke=\"currentColor\" stroke-linecap=\"square\" stroke-width=\"2\" d=\"M11.6347 7.49976L1 7.49976\"\/><path stroke=\"currentColor\" stroke-linecap=\"square\" stroke-width=\"2\" d=\"M7.31445 2.13138L12.7061 7.50014L7.31445 12.8689\"\/><\/svg>\t\t\t<\/div>\n\t\t\t<\/div>\n\t\t\t\t<\/div>\n\t\t\t\t\t<\/div>\n\t<\/div>\n\t<\/a><\/article>\n\n<\/div>\t<\/div>\n\n\t\n<\/section>\n\n\n<section\n\t class=\"section-header mb-10 align wp-block-acf-section-header\" id=\"section-header_block_b656b2a7cd4967134bcdc4a709f45eaa\">\n\t<div class=\"\">\n\t<div class=\"flex flex-col md:flex-row justify-between max-w-content gap-x-8 md:items-end flex-wrap\">\n\t\t<h2 class=\"text-heading-200 pb-[2px]\">\n\t\t\tGros titres r\u00e9cents\t\t<\/h2>\n\n\t\t\t\t\t<div class=\"md:order-last w-full\">\n\t\t\t\t\n\t<hr class=\"h-[6px] text-red border-red bg-red w-full my-0\" role=\"presentation\"\/>\n\n\t<div class=\"h-divider w-full bg-halftone-divider bg-right\"><\/div>\n\t\t\t<\/div>\n\t\t\n\t\t\t<\/div>\n<\/div>\n<\/section>\n\n\n\n<h5 class=\"wp-block-heading\">Couverture m\u00e9diatique s\u00e9lectionn\u00e9e mettant en lumi\u00e8re l\u2019AIP (IAFF) et nos enjeux<\/h5>\n\n\n<div class=\"wp-block-paragraph \">\n<p><a rel=\"noreferrer noopener\" target=\"_blank\" href=\"https:\/\/www.iaff.org\/fr-ca\/news\/une-nouvelle-priorite-legislative-emerge-a-lapproche-de-la-33e-conference-legislative-canadienne\/\">Une nouvelle priorit\u00e9 l\u00e9gislative \u00e9merge \u00e0 l\u2019approche de la 33e Conf\u00e9rence l\u00e9gislative canadienne<\/a><br\/><a rel=\"noreferrer noopener\" target=\"_blank\" href=\"https:\/\/www.iaff.org\/fr-ca\/news\/une-nouvelle-priorite-legislative-emerge-a-lapproche-de-la-33e-conference-legislative-canadienne\/\">(12 mars 2026)<\/a><\/p>\n<\/div>\n\n<div class=\"wp-block-paragraph \">\n<p><a rel=\"noreferrer noopener\" target=\"_blank\" href=\"https:\/\/www.iaff.org\/fr-ca\/news\/les-pompiers-font-pression-sur-le-congres-sur-le-personnel-et-la-securite-lors-de-la-conference-legislative-de-liaff\/\">Les pompiers font pression sur le Congr\u00e8s sur le personnel et la s\u00e9curit\u00e9 lors de la conf\u00e9rence l\u00e9gislative de l\u2019AIP (IAFF) <\/a><br\/><a rel=\"noreferrer noopener\" target=\"_blank\" href=\"https:\/\/www.iaff.org\/fr-ca\/news\/les-pompiers-font-pression-sur-le-congres-sur-le-personnel-et-la-securite-lors-de-la-conference-legislative-de-liaff\/\">(12 mars 2026)<\/a><\/p>\n<\/div>\n\n<div class=\"wp-block-paragraph \">\n<p><a rel=\"noreferrer noopener\" target=\"_blank\" href=\"https:\/\/www.iaff.org\/fr-ca\/news\/le-vice-president-vance-sengage-a-continuer-de-soutenir-les-priorites-des-pompiers\/\">Le vice-pr\u00e9sident Vance s\u2019engage \u00e0 continuer de soutenir les priorit\u00e9s des pompiers<\/a><br\/><a rel=\"noreferrer noopener\" target=\"_blank\" href=\"https:\/\/www.iaff.org\/fr-ca\/news\/le-vice-president-vance-sengage-a-continuer-de-soutenir-les-priorites-des-pompiers\/\">(9 mars 2026)<\/a><\/p>\n<\/div>\n\n<div class=\"wp-block-paragraph \">\n<p><a rel=\"noreferrer noopener\" target=\"_blank\" href=\"https:\/\/www.iaff.org\/fr-ca\/news\/la-colombie-britannique-ajoute-huit-cancers-a-la-loi-sur-la-couverture-presumee-des-pompiers\/\">La Colombie-Britannique ajoute huit cancers \u00e0 la loi sur la couverture pr\u00e9sum\u00e9e des pompiers <\/a><br\/><a rel=\"noreferrer noopener\" target=\"_blank\" href=\"https:\/\/www.iaff.org\/fr-ca\/news\/la-colombie-britannique-ajoute-huit-cancers-a-la-loi-sur-la-couverture-presumee-des-pompiers\/\">(4 mars 2026)<\/a><\/p>\n<\/div>\n\n<div class=\"wp-block-paragraph \">\n<p><a rel=\"noreferrer noopener\" target=\"_blank\" href=\"https:\/\/www.iaff.org\/fr-ca\/news\/la-crise-des-vehicules-dincendie-declenche-des-enquetes-des-poursuites-judiciaires-pour-la-flambee-des-prix-et-des-retards\/\">La crise des v\u00e9hicules d\u2019incendie d\u00e9clenche des enqu\u00eates, des poursuites judiciaires pour la flamb\u00e9e des prix et des retards<\/a><br\/><a rel=\"noreferrer noopener\" target=\"_blank\" href=\"https:\/\/www.iaff.org\/fr-ca\/news\/la-crise-des-vehicules-dincendie-declenche-des-enquetes-des-poursuites-judiciaires-pour-la-flambee-des-prix-et-des-retards\/\">(26 f\u00e9vrier 2026)<\/a><\/p>\n<\/div>\n\n<div class=\"wp-block-paragraph \">\n<p><a rel=\"noreferrer noopener\" target=\"_blank\" href=\"https:\/\/www.iaff.org\/fr-ca\/news\/le-registre-du-cancer-des-pompiers-depasse-les-40-000-participants\/\">Le registre du cancer des pompiers d\u00e9passe les 40 000 participants <\/a><br\/><a rel=\"noreferrer noopener\" target=\"_blank\" href=\"https:\/\/www.iaff.org\/fr-ca\/news\/le-registre-du-cancer-des-pompiers-depasse-les-40-000-participants\/\">(20 f\u00e9vrier 2026)<\/a><\/p>\n<\/div>\n\n<div class=\"wp-block-paragraph \">\n<p><a rel=\"noreferrer noopener\" target=\"_blank\" href=\"https:\/\/www.iaff.org\/fr-ca\/news\/les-reformes-de-la-securite-ferroviaire-reprennent-de-lampleur-dans-un-contexte-de-deraillements-en-cours\/\">Les r\u00e9formes de la s\u00e9curit\u00e9 ferroviaire reprennent de l\u2019ampleur dans un contexte de d\u00e9raillements en cours<\/a><strong><u><br\/><\/u><\/strong><strong><u><a rel=\"noreferrer noopener\" target=\"_blank\" href=\"https:\/\/www.iaff.org\/fr-ca\/news\/les-reformes-de-la-securite-ferroviaire-reprennent-de-lampleur-dans-un-contexte-de-deraillements-en-cours\/\"><\/a><\/u><\/strong><a rel=\"noreferrer noopener\" target=\"_blank\" href=\"https:\/\/www.iaff.org\/fr-ca\/news\/les-reformes-de-la-securite-ferroviaire-reprennent-de-lampleur-dans-un-contexte-de-deraillements-en-cours\/\">(6 f\u00e9vrier 2026)<\/a><\/p>\n<\/div>\n\n<div class=\"wp-block-paragraph \">\n<p><a rel=\"noreferrer noopener\" target=\"_blank\" href=\"https:\/\/www.iaff.org\/fr-ca\/news\/les-familles-de-survivants-applaudissent-ladoption-de-la-loi-bipartite-sur-lhonneur\/\">Les familles de survivants applaudissent l\u2019adoption de la loi bipartite sur l\u2019honneur<\/a><br\/><a rel=\"noreferrer noopener\" target=\"_blank\" href=\"https:\/\/www.iaff.org\/fr-ca\/news\/les-familles-de-survivants-applaudissent-ladoption-de-la-loi-bipartite-sur-lhonneur\/\">(16 janvier 2026)<\/a><\/p>\n<\/div>\n\n<div class=\"wp-block-paragraph \">\n<p><a rel=\"noreferrer noopener\" target=\"_blank\" href=\"https:\/\/www.iaff.org\/fr-ca\/news\/resume-2025-liaff-continue-doffrir-de-veritables-victoires-pour-la-sante-la-securite-et-la-retraite-des-pompiers\/\">R\u00c9SUM\u00c9 2025 : L\u2019AIP (IAFF) continue d\u2019offrir de v\u00e9ritables victoires pour la sant\u00e9, la s\u00e9curit\u00e9 et la retraite des pompiers <\/a><br\/><a rel=\"noreferrer noopener\" target=\"_blank\" href=\"https:\/\/www.iaff.org\/fr-ca\/news\/resume-2025-liaff-continue-doffrir-de-veritables-victoires-pour-la-sante-la-securite-et-la-retraite-des-pompiers\/\">(19 d\u00e9cembre 2025)<\/a><\/p>\n<\/div>\n\n<div class=\"wp-block-paragraph \">\n<p><a href=\"https:\/\/www.iaff.org\/fr-ca\/news\/le-senat-adopte-la-loi-sur-lhonneur-reconnaissant-le-cancer-des-pompiers-comme-un-deces-en-service\/\" target=\"_blank\" rel=\"noreferrer noopener\">Trump signe la Loi sur l\u2019honneur, reconnaissant le cancer des pompiers comme un d\u00e9c\u00e8s en service<\/a><br\/><a href=\"https:\/\/www.iaff.org\/fr-ca\/news\/le-senat-adopte-la-loi-sur-lhonneur-reconnaissant-le-cancer-des-pompiers-comme-un-deces-en-service\/\" target=\"_blank\" rel=\"noreferrer noopener\">(17 d\u00e9cembre 2025)<\/a><\/p>\n<\/div>\n\n<div class=\"wp-block-paragraph \">\n<p><a rel=\"noreferrer noopener\" target=\"_blank\" href=\"https:\/\/www.iaff.org\/fr-ca\/news\/les-retards-dans-les-camions-de-pompiers-et-la-hausse-des-couts-mettent-a-rude-epreuve-le-service-dincendie-canadien\/\">Les retards dans les camions de pompiers et la hausse des co\u00fbts mettent \u00e0 rude \u00e9preuve le service d\u2019incendie canadien <\/a><br\/><a rel=\"noreferrer noopener\" target=\"_blank\" href=\"https:\/\/www.iaff.org\/fr-ca\/news\/les-retards-dans-les-camions-de-pompiers-et-la-hausse-des-couts-mettent-a-rude-epreuve-le-service-dincendie-canadien\/\">(5 d\u00e9c. 2025)<\/a><\/p>\n<\/div>\n\n<div class=\"wp-block-paragraph \">\n<p><a href=\"https:\/\/www.iaff.org\/fr-ca\/news\/pompiers-canadiens-recherches-pour-le-sondage-national-ptsi-avant-la-date-limite\/\" target=\"_blank\" rel=\"noreferrer noopener\">Pompiers canadiens recherch\u00e9s pour le sondage national PTSI avant la date limite<\/a><br\/><a href=\"https:\/\/www.iaff.org\/fr-ca\/news\/pompiers-canadiens-recherches-pour-le-sondage-national-ptsi-avant-la-date-limite\/\" target=\"_blank\" rel=\"noreferrer noopener\">(21 novembre 2025)<\/a><\/p>\n<\/div>\n\n<div class=\"wp-block-paragraph \">\n<p><a href=\"https:\/\/www.iaff.org\/fr-ca\/news\/les-pompiers-canadiens-exhortent-le-nouveau-parlement-a-renforcer-les-protections-et-reglements\/\" target=\"_blank\" rel=\"noreferrer noopener\">Les pompiers canadiens exhortent le nouveau parlement \u00e0 renforcer les protections et r\u00e8glements<\/a><br\/><a href=\"https:\/\/www.iaff.org\/fr-ca\/news\/les-pompiers-canadiens-exhortent-le-nouveau-parlement-a-renforcer-les-protections-et-reglements\/\" target=\"_blank\" rel=\"noreferrer noopener\">(7 novembre 2025)<\/a><\/p>\n<\/div>\n\n<div class=\"wp-block-paragraph \">\n<p><a href=\"https:\/\/www.iaff.org\/fr-ca\/news\/les-pompiers-avertissent-que-les-conceptions-de-logements-a-sortie-unique-exposent-les-residents-a-un-risque-accru\/\" target=\"_blank\" rel=\"noreferrer noopener\">Les pompiers avertissent que les conceptions de logements \u00e0 sortie unique exposent les r\u00e9sidents \u00e0 un plus grand risque <\/a><br\/><a href=\"https:\/\/www.iaff.org\/fr-ca\/news\/les-pompiers-avertissent-que-les-conceptions-de-logements-a-sortie-unique-exposent-les-residents-a-un-risque-accru\/\" target=\"_blank\" rel=\"noreferrer noopener\">(17 octobre 2025)<\/a><\/p>\n<\/div>\n\n<div class=\"wp-block-paragraph \">\n<p><a href=\"https:\/\/iaffhq-my.sharepoint.com\/:w:\/g\/personal\/tburn_iaff_org\/IQCJanj3DtOjRJrjbrxPyp_0ATWDKU_qcudXbXrAnlUIMKg\" target=\"_blank\" rel=\"noreferrer noopener\">L\u2019AIP (IAFF) exhorte le Parlement \u00e0 prot\u00e9ger les pompiers et les ambulanciers contre la mont\u00e9e de la violence<\/a><br\/><a href=\"https:\/\/iaffhq-my.sharepoint.com\/:w:\/g\/personal\/tburn_iaff_org\/IQCJanj3DtOjRJrjbrxPyp_0ATWDKU_qcudXbXrAnlUIMKg\" target=\"_blank\" rel=\"noreferrer noopener\">(16 octobre 2025)<\/a><\/p>\n<\/div>\n\n<div class=\"wp-block-paragraph \">\n<p><a href=\"https:\/\/www.iaff.org\/fr-ca\/news\/plateformes-obsoletes-et-retards-de-plusieurs-annees-comment-la-crise-des-appareils-affecte-les-membres-de-liaff-sur-le-terrain\/\" target=\"_blank\" rel=\"noreferrer noopener\">Plateformes obsol\u00e8tes et retards de plusieurs ann\u00e9es : comment la crise des appareils touche les membres de l\u2019AIP (IAFF) sur le terrain<\/a><br\/><a href=\"https:\/\/www.iaff.org\/fr-ca\/news\/plateformes-obsoletes-et-retards-de-plusieurs-annees-comment-la-crise-des-appareils-affecte-les-membres-de-liaff-sur-le-terrain\/\" target=\"_blank\" rel=\"noreferrer noopener\">(3 octobre 2025)<\/a><\/p>\n<\/div>\n<\/div><\/section>\n","protected":false},"excerpt":{"rendered":"","protected":false},"featured_media":0,"parent":0,"menu_order":0,"comment_status":"closed","ping_status":"closed","template":"","meta":{"_acf_changed":false,"_searchwp_excluded":"","inline_featured_image":false,"_EventAllDay":false,"_EventTimezone":"","_EventStartDate":"","_EventEndDate":"","_EventStartDateUTC":"","_EventEndDateUTC":"","_EventShowMap":false,"_EventShowMapLink":false,"_EventURL":"","_EventCost":"","_EventCostDescription":"","_EventCurrencySymbol":"","_EventCurrencyCode":"","_EventCurrencyPosition":"","_EventDateTimeSeparator":"","_EventTimeRangeSeparator":"","_EventOrganizerID":[],"_EventVenueID":[],"_OrganizerEmail":"","_OrganizerPhone":"","_OrganizerWebsite":"","_VenueAddress":"","_VenueCity":"","_VenueCountry":"","_VenueProvince":"","_VenueState":"","_VenueZip":"","_VenuePhone":"","_VenueURL":"","_VenueStateProvince":"","_VenueLat":"","_VenueLng":"","_VenueShowMap":false,"_VenueShowMapLink":false,"footnotes":""},"class_list":["post-72412","page","type-page","status-publish","hentry"],"acf":[],"publishpress_future_workflow_manual_trigger":{"enabledWorkflows":[]},"_links":{"self":[{"href":"https:\/\/www.iaff.org\/fr-ca\/wp-json\/wp\/v2\/pages\/72412","targetHints":{"allow":["GET"]}}],"collection":[{"href":"https:\/\/www.iaff.org\/fr-ca\/wp-json\/wp\/v2\/pages"}],"about":[{"href":"https:\/\/www.iaff.org\/fr-ca\/wp-json\/wp\/v2\/types\/page"}],"author":[{"embeddable":true,"href":"https:\/\/www.iaff.org\/fr-ca\/wp-json\/wp\/v2\/users\/5"}],"replies":[{"embeddable":true,"href":"https:\/\/www.iaff.org\/fr-ca\/wp-json\/wp\/v2\/comments?post=72412"}],"version-history":[{"count":3,"href":"https:\/\/www.iaff.org\/fr-ca\/wp-json\/wp\/v2\/pages\/72412\/revisions"}],"predecessor-version":[{"id":122577,"href":"https:\/\/www.iaff.org\/fr-ca\/wp-json\/wp\/v2\/pages\/72412\/revisions\/122577"}],"wp:attachment":[{"href":"https:\/\/www.iaff.org\/fr-ca\/wp-json\/wp\/v2\/media?parent=72412"}],"curies":[{"name":"wp","href":"https:\/\/api.w.org\/{rel}","templated":true}]}}