{"id":72406,"date":"2024-02-15T12:12:24","date_gmt":"2024-02-15T17:12:24","guid":{"rendered":"https:\/\/www.iaff.org\/formation-sur-la-survie-au-sol-en-cas-dincendie-fgs\/certification-dinstructeur\/"},"modified":"2024-05-06T13:48:56","modified_gmt":"2024-05-06T17:48:56","slug":"certification-dinstructeur","status":"publish","type":"page","link":"https:\/\/www.iaff.org\/fr-ca\/formation-sur-la-survie-au-sol-en-cas-dincendie-fgs\/certification-dinstructeur\/","title":{"rendered":"Certification d\u2019instructeur"},"content":{"rendered":"<section\n\t class=\"secondary-hero align wp-block-acf-secondary-hero\" id=\"secondary-hero_block_a6a9b5b8fbc8d1bd4f1165446ef6bdc1\">\n\t\n<header\n\tclass=\"w-full u-bg-full-width px-[22px] md:ps-bleed md:pe-0 py-[60px] bg-smoke-5 text-black u-has-rivets u-rivets-dark\"\n\tdata-theme=\"gray\"\n>\n\t<div class=\"flex flex-col !px-0 !max-w-[1440px] w-full lg:!ps-indent\">\n\t\t<div class=\"border-t-[6px] w-full my-0 flex flex-col md:flex-row gap-x-[62px] gap-y-[22px] border-red\">\n\t\t\t\t\t\t<div class=\"w-full md:w-1\/2 md:py-[45px]\">\n\t\t\t\t<div class=\"max-w-[600px] flex flex-col gap-[22px]\">\n\t\t\t\t\t\t\t\t\t\t\t<h1 class=\"has-[.u-halftone-shadow--dark]:mb-divider has-[.u-halftone-shadow--light]:mb-divider pt-[22px] md:pt-0\">\n\t\t\t\t\t\t\t<span class=\"inline-flex text-heading-200 u-halftone-shadow--dark\">\n\t\t\t\t\t\t\t\tCertification d\u2019instructeur\t\t\t\t\t\t\t<\/span>\n\t\t\t\t\t\t<\/h1>\n\t\t\t\t\t\t\t\t\t\t\t\t\t\t\t\t<div class=\"text-body-300 font-sans\">\n\t\t\t\t\t\t\t<p>L\u2019AIP compte actuellement 25 principaux instructeurs en survie sur les lieux d&rsquo;un incendie certifi\u00e9s par l\u2019AIP. <\/p>\n\t\t\t\t\t\t<\/div>\n\t\t\t\t\t\t\t\t\t\t\t\t\t\t\t\t\t\t\t\t\t\t\t\t\t\t\t<div class=\"flex flex-wrap gap-[30px]\">\n\t\t\t\t\t\t\t\t\t\t\t\t\t\t\t<!-- Renders the same as core\/button with a specific style -->\n\t<div\n\t\tclass=\"wp-block-button track-button-primary is-style-primary-red\"\n\t>\n\t\t<a\n\t\t\tclass=\"wp-block-button__link wp-element-button cursor-pointer dlm-no-xhr-download track-hero-secondary-cta md:w-auto min-w-[156px]\"\n\t\t\t\t\t\t\thref=\"\"\n\t\t\t\t\t\t\t\t\t>\n\t\t\tContactez-nous\t\t<\/a>\n\t<\/div>\n\t\t\t\t\t\t\t\t\t\t\t\t\t<\/div>\n\t\t\t\t\t\t\t\t\t\t\t\t\t\t<\/div>\n\t\t\t<\/div>\n\n\t\t<\/div>\n\t\t\t\t\t<div class=\"order-first flex justify-start w-full pb-[22px]\">\n\t\t\t\t<div\n\tclass=\"wp-block-button is-style-tertiary text-smoke is-style-tertiary-back\"\n>\n\t\t\t<a\n\t\t\thref=\"https:\/\/www.iaff.org\/fire-ground-survival\/\"\n\t\t\tclass=\"wp-block-button__link wp-element-button group\"\n\t\t\t\t\t>\n\t\t\t<span\n\t\t\tclass=\"decoration-transparent underline underline-offset-2 group-hover:decoration-inherit group-focus-visible:decoration-inherit transition duration-hover\"\n\t\t>\n\t\t\tFormation de survie sur les lieux d&#039;un incendie\t\t<\/span>\n\n\t\t<span\n\t\t\tclass=\"bg-inherit transition-colors duration-hover group-hover:bg-gold group-focus:bg-gold inline-flex rotate-180 order-first\"\n\t\t>\n\t\t\t<svg xmlns=\"http:\/\/www.w3.org\/2000\/svg\" width=\"21\" height=\"22\" fill=\"none\" viewBox=\"0 0 21 22\"><path stroke=\"currentColor\" stroke-linecap=\"round\" stroke-width=\"2\" d=\"M20 20.75L20 2.25L1.5 2.25L1.5 20.75L20 20.75Z\" clip-rule=\"evenodd\"\/><path stroke=\"currentColor\" stroke-linecap=\"square\" stroke-width=\"2\" d=\"M14.0883 11.5L6.66406 11.5\"\/><path stroke=\"currentColor\" stroke-linecap=\"square\" stroke-width=\"2\" d=\"M11.0723 7.75205L14.8363 11.5L11.0723 15.248\"\/><\/svg>\t\t<\/span>\n\t<\/a><\/div>\n\t\t\t<\/div>\n\t\t\t<\/div>\n<\/header>\n<\/section>\n<section\n\t class=\"page-blocks iaff-page-blocks align wp-block-acf-page-blocks\" id=\"page-blocks_block_96a68dff845452a4df63ae0f93845ec8\">\n\t<div class=\"acf-innerblocks-container\">\n<div class=\"wp-block-paragraph \">\n<p>Les futurs ma\u00eetres instructeurs pour le cours <a href=\"https:\/\/www.iaff.org\/fr-ca\/formation-sur-la-survie-au-sol-en-cas-dincendie-fgs\/cours-de-formation-des-formateurs-en-survie-sur-les-lieux-dintervention\/\" data-type=\"page\" data-id=\"61425\">de formation des formateurs FGS<\/a> de quatre jours doivent r\u00e9pondre aux qualifications suivantes. Si vous n\u2019\u00eates pas certain de r\u00e9pondre aux crit\u00e8res suivants, veuillez d\u00e9crire toutes les exp\u00e9riences de service d\u2019incendie, de formation en survie et d\u2019instructeur dans deux ou trois paragraphes d\u00e9taill\u00e9s.<\/p>\n<\/div>\n\n<div class=\"wp-block-list\">\n<ul class=\"wp-block-list\">\n<li>Employ\u00e9 par un service d\u2019incendie.<\/li>\n\n\n\n<li>S\u2019il y a un affili\u00e9 de l\u2019AIP associ\u00e9 au service d\u2019incendie, l\u2019autorisation du pr\u00e9sident de la section locale de l\u2019AIP.<\/li>\n\n\n\n<li>Au moins trois ans d\u2019exp\u00e9rience dans l\u2019enseignement et la formation en service d\u2019incendie (de pr\u00e9f\u00e9rence dans le domaine de la survie sur les lieux d&rsquo;un incendie).<\/li>\n\n\n\n<li>Avoir suivi avec succ\u00e8s le <a href=\"https:\/\/www.iaff.org\/fr-ca\/formation-sur-la-survie-au-sol-en-cas-dincendie-fgs\/cours-de-sensibilisation-a-la-survie-sur-les-lieux-dun-incendie\/\" data-type=\"page\" data-id=\"61383\">cours de sensibilisation sur la FGS de l&rsquo;AIP en ligne<\/a> et le cours de <a href=\"https:\/\/www.iaff.org\/fr-ca\/formation-sur-la-survie-au-sol-en-cas-dincendie-fgs\/cours-de-formation-des-formateurs-en-survie-sur-les-lieux-dintervention\/\" data-type=\"page\" data-id=\"61425\">formation des formateurs de l\u2019AIP.<\/a><\/li>\n\n\n\n<li>Les exigences de l\u2019instructeur NFPA niveau I ou l\u2019\u00e9quivalent.<\/li>\n<\/ul>\n<\/div>\n\n<div class=\"wp-block-paragraph \">\n<p>Les personnes int\u00e9ress\u00e9es qui r\u00e9pondent aux crit\u00e8res ci-dessus doivent fournir \u00e0 l\u2019AIP les documents suivants :<\/p>\n<\/div>\n\n<div class=\"wp-block-list\">\n<ul class=\"wp-block-list\">\n<li>Une demande \u00e9crite comprenant leur nom, leur adresse personnelle, leur courriel et leurs num\u00e9ros de t\u00e9l\u00e9phone \u00e0 la maison et au travail.<\/li>\n\n\n\n<li>Un bref curriculum vitae (1 page) ou une autre description de leurs ant\u00e9c\u00e9dents et de leurs qualifications.<\/li>\n\n\n\n<li>Une vid\u00e9o de l\u2019enseignement r\u00e9el d\u2019un cours magistral d\u2019au moins 15 minutes.<\/li>\n\n\n\n<li>Une lettre de recommandation du pr\u00e9sident de leur section locale et du repr\u00e9sentant du service d\u2019incendie. La lettre doit refl\u00e9ter le potentiel de la personne en tant qu\u2019instructeur.<\/li>\n<\/ul>\n<\/div>\n\n<div class=\"wp-block-paragraph \">\n<p>Tous les ma\u00eetres instructeurs sont nomm\u00e9s par le pr\u00e9sident g\u00e9n\u00e9ral de l\u2019AIP et travaillent en tant qu\u2019entrepreneurs ind\u00e9pendants pour l\u2019AIP. Le pr\u00e9sident g\u00e9n\u00e9ral l\u2019AIP se r\u00e9serve le droit d\u2019annuler cette nomination \u00e0 tout moment et pour quelque raison que ce soit. Toutes les nominations de ma\u00eetre instructeur sont r\u00e9vis\u00e9es annuellement et sont renouvelables conform\u00e9ment aux priorit\u00e9s et aux exigences budg\u00e9taires de l\u2019AIP.<\/p>\n<\/div>\n<\/div><\/section>\n","protected":false},"excerpt":{"rendered":"","protected":false},"featured_media":0,"parent":61956,"menu_order":0,"comment_status":"closed","ping_status":"closed","template":"","meta":{"_acf_changed":false,"_searchwp_excluded":"","inline_featured_image":false,"_EventAllDay":false,"_EventTimezone":"","_EventStartDate":"","_EventEndDate":"","_EventStartDateUTC":"","_EventEndDateUTC":"","_EventShowMap":false,"_EventShowMapLink":false,"_EventURL":"","_EventCost":"","_EventCostDescription":"","_EventCurrencySymbol":"","_EventCurrencyCode":"","_EventCurrencyPosition":"","_EventDateTimeSeparator":"","_EventTimeRangeSeparator":"","_EventOrganizerID":[],"_EventVenueID":[],"_OrganizerEmail":"","_OrganizerPhone":"","_OrganizerWebsite":"","_VenueAddress":"","_VenueCity":"","_VenueCountry":"","_VenueProvince":"","_VenueState":"","_VenueZip":"","_VenuePhone":"","_VenueURL":"","_VenueStateProvince":"","_VenueLat":"","_VenueLng":"","_VenueShowMap":false,"_VenueShowMapLink":false,"footnotes":""},"class_list":["post-72406","page","type-page","status-publish","hentry"],"acf":[],"publishpress_future_workflow_manual_trigger":{"enabledWorkflows":[]},"_links":{"self":[{"href":"https:\/\/www.iaff.org\/fr-ca\/wp-json\/wp\/v2\/pages\/72406","targetHints":{"allow":["GET"]}}],"collection":[{"href":"https:\/\/www.iaff.org\/fr-ca\/wp-json\/wp\/v2\/pages"}],"about":[{"href":"https:\/\/www.iaff.org\/fr-ca\/wp-json\/wp\/v2\/types\/page"}],"author":[{"embeddable":true,"href":"https:\/\/www.iaff.org\/fr-ca\/wp-json\/wp\/v2\/users\/5"}],"replies":[{"embeddable":true,"href":"https:\/\/www.iaff.org\/fr-ca\/wp-json\/wp\/v2\/comments?post=72406"}],"version-history":[{"count":0,"href":"https:\/\/www.iaff.org\/fr-ca\/wp-json\/wp\/v2\/pages\/72406\/revisions"}],"up":[{"embeddable":true,"href":"https:\/\/www.iaff.org\/fr-ca\/wp-json\/wp\/v2\/pages\/61956"}],"wp:attachment":[{"href":"https:\/\/www.iaff.org\/fr-ca\/wp-json\/wp\/v2\/media?parent=72406"}],"curies":[{"name":"wp","href":"https:\/\/api.w.org\/{rel}","templated":true}]}}