{"id":72396,"date":"2024-02-15T10:13:54","date_gmt":"2024-02-15T15:13:54","guid":{"rendered":"https:\/\/www.iaff.org\/formation-sur-la-survie-au-sol-en-cas-dincendie-fgs\/cours-de-sensibilisation-a-la-survie-sur-les-lieux-dun-incendie\/"},"modified":"2025-07-09T09:55:11","modified_gmt":"2025-07-09T13:55:11","slug":"cours-de-sensibilisation-a-la-survie-sur-les-lieux-dun-incendie","status":"publish","type":"page","link":"https:\/\/www.iaff.org\/fr-ca\/formation-sur-la-survie-au-sol-en-cas-dincendie-fgs\/cours-de-sensibilisation-a-la-survie-sur-les-lieux-dun-incendie\/","title":{"rendered":"Cours de sensibilisation \u00e0 la survie au sol d\u2019incendie"},"content":{"rendered":"<section\n\t class=\"secondary-hero align wp-block-acf-secondary-hero\" id=\"secondary-hero_block_9df8c5f2be4cfe05ab5c24d2bc56fdff\">\n\t\n<header\n\tclass=\"w-full u-bg-full-width px-[22px] md:ps-bleed md:pe-0 py-[60px] bg-smoke-5 text-black u-has-rivets u-rivets-dark\"\n\tdata-theme=\"gray\"\n>\n\t<div class=\"flex flex-col !px-0 !max-w-[1440px] w-full lg:!ps-indent\">\n\t\t<div class=\"border-t-[6px] w-full my-0 flex flex-col md:flex-row gap-x-[62px] gap-y-[22px] border-red\">\n\t\t\t\t\t\t<div class=\"w-full md:w-1\/2 md:py-[45px]\">\n\t\t\t\t<div class=\"max-w-[600px] flex flex-col gap-[22px]\">\n\t\t\t\t\t\t\t\t\t\t\t<h1 class=\"has-[.u-halftone-shadow--dark]:mb-divider has-[.u-halftone-shadow--light]:mb-divider pt-[22px] md:pt-0\">\n\t\t\t\t\t\t\t<span class=\"inline-flex text-heading-200 u-halftone-shadow--dark\">\n\t\t\t\t\t\t\t\tCours de sensibilisation \u00e0 la survie au sol d\u2019incendie\t\t\t\t\t\t\t<\/span>\n\t\t\t\t\t\t<\/h1>\n\t\t\t\t\t\t\t\t\t\t\t\t\t\t\t\t<div class=\"text-body-300 font-sans\">\n\t\t\t\t\t\t\t<p>Ce programme convient \u00e0 tous les grades et \u00e0 tous les niveaux d\u2019exp\u00e9rience. Le cours de survie au sol d\u2019incendie (FGS) est un programme complet \u00e9labor\u00e9 \u00e0 l\u2019aide d\u2019accidents \u00e9vit\u00e9s de justesse, d\u2019appels \u00e9vit\u00e9s de justesse et de d\u00e9c\u00e8s de pompiers pour aborder les \u00e9l\u00e9ments essentiels de la survie au sol d\u2019un incendie.<\/p>\n\t\t\t\t\t\t<\/div>\n\t\t\t\t\t\t\t\t\t\t\t\t\t\t\t\t\t\t\t\t\t\t\t\t\t\t\t<div class=\"flex flex-wrap gap-[30px]\">\n\t\t\t\t\t\t\t\t\t\t\t\t\t\t\t<!-- Renders the same as core\/button with a specific style -->\n\t<div\n\t\tclass=\"wp-block-button track-button-primary is-style-primary-red\"\n\t>\n\t\t<a class=\"wp-block-button__link wp-element-button cursor-pointer dlm-no-xhr-download track-hero-secondary-cta md:w-auto min-w-[156px]\" href=\"https:\/\/my.iaff.org\/Web\/Events\/Event_Display.aspx?EventKey=LMS_134\" target=\"_blank\" rel=\"nofollow noopener\">\n\t\t\tS\u2019inscrire (membre de l\u2019AIP)\t\t<\/a>\n\t<\/div>\n\t\t\t\t\t\t\t\t\t\t\t\t\t\t\t<!-- Renders the same as core\/button with a specific style -->\n\t<div\n\t\tclass=\"wp-block-button track-button-primary is-style-secondary-red\"\n\t>\n\t\t<a class=\"wp-block-button__link wp-element-button cursor-pointer dlm-no-xhr-download track-hero-secondary-cta md:w-auto min-w-[156px]\" href=\"https:\/\/my.iaff.org\/Web\/Contacts\/SignIn_withCreateNewAccount.aspx?LoginRedirect=true&#038;returnurl=\/Web\/Events\/Event_Display.aspx?EventKey=LMS_134\" target=\"_blank\" rel=\"nofollow noopener\">\n\t\t\tS\u2019inscrire (non-membre)\t\t<\/a>\n\t<\/div>\n\t\t\t\t\t\t\t\t\t\t\t\t\t<\/div>\n\t\t\t\t\t\t\t\t\t\t\t\t\t\t<\/div>\n\t\t\t<\/div>\n\n\t\t<\/div>\n\t\t\t\t\t<div class=\"order-first flex justify-start w-full pb-[22px]\">\n\t\t\t\t<div\n\tclass=\"wp-block-button is-style-tertiary text-smoke is-style-tertiary-back\"\n>\n\t\t\t<a href=\"https:\/\/www.iaff.org\/fr-ca\/formation-sur-la-survie-au-sol-en-cas-dincendie-fgs\/\" class=\"wp-block-button__link wp-element-button group\">\n\t\t\t<span\n\t\t\tclass=\"decoration-transparent underline underline-offset-2 group-hover:decoration-inherit group-focus-visible:decoration-inherit transition duration-hover\"\n\t\t>\n\t\t\tFormation sur la survie au sol lors d&#039;incendie\t\t<\/span>\n\n\t\t<span\n\t\t\tclass=\"bg-inherit transition-colors duration-hover group-hover:bg-gold group-focus:bg-gold inline-flex rotate-180 order-first\"\n\t\t>\n\t\t\t<svg xmlns=\"http:\/\/www.w3.org\/2000\/svg\" width=\"21\" height=\"22\" fill=\"none\" viewBox=\"0 0 21 22\"><path stroke=\"currentColor\" stroke-linecap=\"round\" stroke-width=\"2\" d=\"M20 20.75L20 2.25L1.5 2.25L1.5 20.75L20 20.75Z\" clip-rule=\"evenodd\"\/><path stroke=\"currentColor\" stroke-linecap=\"square\" stroke-width=\"2\" d=\"M14.0883 11.5L6.66406 11.5\"\/><path stroke=\"currentColor\" stroke-linecap=\"square\" stroke-width=\"2\" d=\"M11.0723 7.75205L14.8363 11.5L11.0723 15.248\"\/><\/svg>\t\t<\/span>\n\t<\/a><\/div>\n\t\t\t<\/div>\n\t\t\t<\/div>\n<\/header>\n<\/section>\n<section\n\t class=\"page-blocks iaff-page-blocks align wp-block-acf-page-blocks\" id=\"page-blocks_block_26ef9de7caa536912be17497a5ba2793\">\n\t<div class=\"acf-innerblocks-container\">\n<div class=\"wp-block-paragraph \">\n<p>L\u2019information de l\u2019AIP, de l\u2019IAFC, du National Institute of Standards and Technology (NIST), du NIOSH, des Underwriters Laboratories (UL), de l\u2019Administration des incendies des \u00c9tats-Unis (USFA), de la National Fire Protection Association (NFPA) et de l\u2019arm\u00e9e a \u00e9t\u00e9 utilis\u00e9e pour \u00e9laborer le programme en cinq parties comprenant :<\/p>\n<\/div>\n\n<div class=\"wp-block-list\">\n<ol class=\"wp-block-list\">\n<li>Pr\u00e9vention du Mayday<\/li>\n\n\n\n<li>\u00catre pr\u00eat pour le Mayday<\/li>\n\n\n\n<li>Proc\u00e9dures d\u2019autosurvie<\/li>\n\n\n\n<li>Comp\u00e9tences de survie personnelle<\/li>\n\n\n\n<li>G\u00e9rer un Mayday<\/li>\n<\/ol>\n<\/div>\n\n<div class=\"wp-block-paragraph \">\n<p>Pour r\u00e9ussir ce cours, il faut \u00e9tudier les quasi-accidents et les d\u00e9c\u00e8s r\u00e9els afin de renforcer l\u2019apprentissage de chacune des cinq parties. Les \u00e9l\u00e8ves \u00e9couteront des pr\u00e9sentations, Voir des vid\u00e9os d\u2019incidents simul\u00e9s et liront de la documentation sur la meilleure fa\u00e7on de pr\u00e9venir un Mayday, ainsi que la meilleure fa\u00e7on de se pr\u00e9parer et de g\u00e9rer un Mayday r\u00e9el. Les \u00e9l\u00e8ves apprendront les actions sp\u00e9cifiques qu\u2019un pompier doit effectuer pour assurer le plus haut degr\u00e9 de survie lorsque les choses tournent mal sur le terrain d\u2019incendie.<\/p>\n<\/div>\n\n<div class=\"wp-block-paragraph \">\n<p>Les \u00e9l\u00e8ves apprendront \u00e9galement les mesures pr\u00e9cises que le commandant de l\u2019incident, les r\u00e9partiteurs et les autres personnes sur le terrain de l\u2019incendie doivent prendre pour aider au sauvetage du pompier. La ma\u00eetrise des concepts sera \u00e9valu\u00e9e \u00e0 l\u2019aide d\u2019un post-test pour chaque section.<\/p>\n<\/div>\n\n<div class=\"wp-block-paragraph \">\n<p>Ce cours de sensibilisation \u00e0 la FGS est un pr\u00e9requis pour participer au cours de formation des instructeurs de la FGS (formation des formateurs\/TtT).<\/p>\n<\/div>\n<\/div><\/section>\n","protected":false},"excerpt":{"rendered":"","protected":false},"featured_media":0,"parent":61956,"menu_order":0,"comment_status":"closed","ping_status":"closed","template":"","meta":{"_acf_changed":false,"_searchwp_excluded":"","inline_featured_image":false,"_EventAllDay":false,"_EventTimezone":"","_EventStartDate":"","_EventEndDate":"","_EventStartDateUTC":"","_EventEndDateUTC":"","_EventShowMap":false,"_EventShowMapLink":false,"_EventURL":"","_EventCost":"","_EventCostDescription":"","_EventCurrencySymbol":"","_EventCurrencyCode":"","_EventCurrencyPosition":"","_EventDateTimeSeparator":"","_EventTimeRangeSeparator":"","_EventOrganizerID":[],"_EventVenueID":[],"_OrganizerEmail":"","_OrganizerPhone":"","_OrganizerWebsite":"","_VenueAddress":"","_VenueCity":"","_VenueCountry":"","_VenueProvince":"","_VenueState":"","_VenueZip":"","_VenuePhone":"","_VenueURL":"","_VenueStateProvince":"","_VenueLat":"","_VenueLng":"","_VenueShowMap":false,"_VenueShowMapLink":false,"footnotes":""},"class_list":["post-72396","page","type-page","status-publish","hentry"],"acf":[],"publishpress_future_workflow_manual_trigger":{"enabledWorkflows":[]},"_links":{"self":[{"href":"https:\/\/www.iaff.org\/fr-ca\/wp-json\/wp\/v2\/pages\/72396","targetHints":{"allow":["GET"]}}],"collection":[{"href":"https:\/\/www.iaff.org\/fr-ca\/wp-json\/wp\/v2\/pages"}],"about":[{"href":"https:\/\/www.iaff.org\/fr-ca\/wp-json\/wp\/v2\/types\/page"}],"author":[{"embeddable":true,"href":"https:\/\/www.iaff.org\/fr-ca\/wp-json\/wp\/v2\/users\/3"}],"replies":[{"embeddable":true,"href":"https:\/\/www.iaff.org\/fr-ca\/wp-json\/wp\/v2\/comments?post=72396"}],"version-history":[{"count":0,"href":"https:\/\/www.iaff.org\/fr-ca\/wp-json\/wp\/v2\/pages\/72396\/revisions"}],"up":[{"embeddable":true,"href":"https:\/\/www.iaff.org\/fr-ca\/wp-json\/wp\/v2\/pages\/61956"}],"wp:attachment":[{"href":"https:\/\/www.iaff.org\/fr-ca\/wp-json\/wp\/v2\/media?parent=72396"}],"curies":[{"name":"wp","href":"https:\/\/api.w.org\/{rel}","templated":true}]}}