{"id":72288,"date":"2024-02-13T22:28:22","date_gmt":"2024-02-14T03:28:22","guid":{"rendered":"https:\/\/www.iaff.org\/gerer-la-fatigue-de-compassion\/"},"modified":"2024-09-06T16:00:54","modified_gmt":"2024-09-06T20:00:54","slug":"gerer-la-fatigue-de-compassion","status":"publish","type":"page","link":"https:\/\/www.iaff.org\/fr-ca\/reponse-a-lepidemie-dopioides\/gerer-la-fatigue-de-compassion\/","title":{"rendered":"G\u00e9rer la fatigue de compassion"},"content":{"rendered":"<section\n\t class=\"secondary-hero align wp-block-acf-secondary-hero\" id=\"secondary-hero_block_b86e378d670d644a859a37a67420cc36\">\n\t\n<header\n\tclass=\"w-full u-bg-full-width px-[22px] md:ps-bleed md:pe-0 py-[60px] bg-smoke-5 text-black u-has-rivets u-rivets-dark\"\n\tdata-theme=\"gray\"\n>\n\t<div class=\"flex flex-col !px-0 !max-w-[1440px] w-full lg:!ps-indent\">\n\t\t<div class=\"border-t-[6px] w-full my-0 flex flex-col md:flex-row gap-x-[62px] gap-y-[22px] border-red\">\n\t\t\t\t\t\t<div class=\"w-full md:w-1\/2 md:py-[45px]\">\n\t\t\t\t<div class=\"max-w-[600px] flex flex-col gap-[22px]\">\n\t\t\t\t\t\t\t\t\t\t\t<h1 class=\"has-[.u-halftone-shadow--dark]:mb-divider has-[.u-halftone-shadow--light]:mb-divider pt-[22px] md:pt-0\">\n\t\t\t\t\t\t\t<span class=\"inline-flex text-heading-200 u-halftone-shadow--dark\">\n\t\t\t\t\t\t\t\tG\u00e9rer la fatigue de compassion\t\t\t\t\t\t\t<\/span>\n\t\t\t\t\t\t<\/h1>\n\t\t\t\t\t\t\t\t\t\t\t\t\t\t\t\t\t\t\t\t\t\t\t\t\t\t\t\t\t<\/div>\n\t\t\t<\/div>\n\n\t\t<\/div>\n\t\t\t\t\t<div class=\"order-first flex justify-start w-full pb-[22px]\">\n\t\t\t\t<div\n\tclass=\"wp-block-button is-style-tertiary text-smoke is-style-tertiary-back\"\n>\n\t\t\t<a\n\t\t\thref=\"https:\/\/www.iaff.org\/opioid-epidemic\/\"\n\t\t\tclass=\"wp-block-button__link wp-element-button group\"\n\t\t\t\t\t>\n\t\t\t<span\n\t\t\tclass=\"decoration-transparent underline underline-offset-2 group-hover:decoration-inherit group-focus-visible:decoration-inherit transition duration-hover\"\n\t\t>\n\t\t\tR\u00e9pondre \u00e0 l\u2019\u00e9pid\u00e9mie d\u2019opio\u00efdes\t\t<\/span>\n\n\t\t<span\n\t\t\tclass=\"bg-inherit transition-colors duration-hover group-hover:bg-gold group-focus:bg-gold inline-flex rotate-180 order-first\"\n\t\t>\n\t\t\t<svg xmlns=\"http:\/\/www.w3.org\/2000\/svg\" width=\"21\" height=\"22\" fill=\"none\" viewBox=\"0 0 21 22\"><path stroke=\"currentColor\" stroke-linecap=\"round\" stroke-width=\"2\" d=\"M20 20.75L20 2.25L1.5 2.25L1.5 20.75L20 20.75Z\" clip-rule=\"evenodd\"\/><path stroke=\"currentColor\" stroke-linecap=\"square\" stroke-width=\"2\" d=\"M14.0883 11.5L6.66406 11.5\"\/><path stroke=\"currentColor\" stroke-linecap=\"square\" stroke-width=\"2\" d=\"M11.0723 7.75205L14.8363 11.5L11.0723 15.248\"\/><\/svg>\t\t<\/span>\n\t<\/a><\/div>\n\t\t\t<\/div>\n\t\t\t<\/div>\n<\/header>\n<\/section>\n<section\n\t class=\"page-blocks iaff-page-blocks align wp-block-acf-page-blocks\" id=\"page-blocks_block_3a86c32e882cea8c5c33667894bad732\">\n\t<div class=\"acf-innerblocks-container\">\n<div class=\"wp-block-paragraph \">\n<p>Ce segment partage les points de vue de plusieurs partenaires de l\u2019AIP en mati\u00e8re de sant\u00e9 comportementale pour explorer l\u2019usure de compassion, l\u2019\u00e9puisement professionnel et les soins personnels chez le personnel des services d\u2019incendie en premi\u00e8re ligne de l\u2019\u00e9pid\u00e9mie d\u2019opio\u00efdes.<\/p>\n<\/div>\n\n<div class=\"wp-block-paragraph \">\n<p>Parmi les conf\u00e9renciers invit\u00e9s, mentionnons Suzy Gulliver, Ph. D., du Warriors Research Institute ; Bill Crews, pr\u00e9sident de la section locale 1293 de Garland, TX ; le lieutenant Drew Kane, membre de la section locale 854 de l\u2019Association des pompiers en uniforme de New York ; et le chef de bataillon de la section locale 416 d\u2019Indianapolis, en Indiana, Doug Abernathy.<\/p>\n<\/div>\n\n<div class=\"wp-block-video-container u-bg-full-width u-halftone-bg-70\">\n<figure class=\"wp-block-embed is-type-video is-provider-youtube wp-block-embed-youtube wp-embed-aspect-16-9 wp-has-aspect-ratio\"><div class=\"wp-block-embed__wrapper\"> \n<iframe title=\"Managing Compassion Fatigue\" width=\"500\" height=\"281\" src=\"https:\/\/www.youtube.com\/embed\/DTFDbdsvxrw?feature=oembed\" frameborder=\"0\" allow=\"accelerometer; autoplay; clipboard-write; encrypted-media; gyroscope; picture-in-picture; web-share\" referrerpolicy=\"strict-origin-when-cross-origin\" allowfullscreen><\/iframe>\n <\/div><figcaption class=\"wp-element-caption\">R\u00e9pondre \u00e0 l\u2019\u00e9pid\u00e9mie d\u2019opio\u00efdes : \u00c9pisode 10<\/figcaption><\/figure>\n<\/div>\n\n\n<h4 class=\"wp-block-heading\">Connectez-vous pour en savoir plus :<\/h4>\n\n\n<div class=\"wp-block-paragraph \">\n<p><iframe style=\"border: none; min-width: min(100%, 430px);\" title=\"Gestion de l&#x2019;usure de compassion lors d&#x2019;une intervention en cas d'incidents li&#xE9;s aux opio&#xEF;des\" src=\"https:\/\/www.podbean.com\/player-v2\/?i=cyzmb-1393803-pb&amp;from=pb6admin&amp;share=1&amp;download=1&amp;rtl=0&amp;fonts=Arial&amp;skin=1&amp;font-color=&amp;logo_link=episode_page&amp;btn-skin=7\" width=\"100%\" height=\"150\" scrolling=\"no\" data-name=\"pb-iframe-player\"><\/iframe><\/p>\n<\/div>\n\n<div class=\"wp-block-paragraph \">\n<p><iframe style=\"border: none; min-width: min(100%, 430px);\" title=\"Gestion de l&#x2019;usure de compassion lors d&#x2019;une intervention en cas d'incidents li&#xE9;s aux opio&#xEF;des : Doug Abernathy\" src=\"https:\/\/www.podbean.com\/player-v2\/?i=kjues-1393811-pb&amp;from=pb6admin&amp;share=1&amp;download=1&amp;rtl=0&amp;fonts=Arial&amp;skin=1&amp;font-color=&amp;logo_link=episode_page&amp;btn-skin=7\" width=\"100%\" height=\"150\" scrolling=\"no\" data-name=\"pb-iframe-player\"><\/iframe><\/p>\n<\/div>\n\n<div class=\"wp-block-paragraph \">\n<p><iframe style=\"border: none; min-width: min(100%, 430px);\" title=\"Gestion de l&#x2019;usure de compassion lors d&#x2019;une intervention en cas d'incidents li&#xE9;s aux opio&#xEF;des : Drew Kane\" src=\"https:\/\/www.podbean.com\/player-v2\/?i=54pf5-1393820-pb&amp;from=pb6admin&amp;share=1&amp;download=1&amp;rtl=0&amp;fonts=Arial&amp;skin=1&amp;font-color=&amp;logo_link=episode_page&amp;btn-skin=7\" width=\"100%\" height=\"150\" scrolling=\"no\" data-name=\"pb-iframe-player\"><\/iframe><\/p>\n<\/div>\n\n<div class=\"wp-block-paragraph \">\n<p><iframe style=\"border: none; min-width: min(100%, 430px);\" title=\"G&#xE9;rer l&#x2019;usure de compassion lors d&#x2019;une intervention en cas d'incidents li&#xE9;s aux opio&#xEF;des : Suzy Gulliver\" src=\"https:\/\/www.podbean.com\/player-v2\/?i=z949s-1393835-pb&amp;from=pb6admin&amp;share=1&amp;download=1&amp;rtl=0&amp;fonts=Arial&amp;skin=1&amp;font-color=&amp;logo_link=episode_page&amp;btn-skin=7\" width=\"100%\" height=\"150\" scrolling=\"no\" data-name=\"pb-iframe-player\"><\/iframe><\/p>\n<\/div>\n<\/div><\/section>\n","protected":false},"excerpt":{"rendered":"","protected":false},"featured_media":0,"parent":77171,"menu_order":0,"comment_status":"closed","ping_status":"closed","template":"","meta":{"_acf_changed":false,"_searchwp_excluded":"","inline_featured_image":false,"_EventAllDay":false,"_EventTimezone":"","_EventStartDate":"","_EventEndDate":"","_EventStartDateUTC":"","_EventEndDateUTC":"","_EventShowMap":false,"_EventShowMapLink":false,"_EventURL":"","_EventCost":"","_EventCostDescription":"","_EventCurrencySymbol":"","_EventCurrencyCode":"","_EventCurrencyPosition":"","_EventDateTimeSeparator":"","_EventTimeRangeSeparator":"","_EventOrganizerID":[],"_EventVenueID":[],"_OrganizerEmail":"","_OrganizerPhone":"","_OrganizerWebsite":"","_VenueAddress":"","_VenueCity":"","_VenueCountry":"","_VenueProvince":"","_VenueState":"","_VenueZip":"","_VenuePhone":"","_VenueURL":"","_VenueStateProvince":"","_VenueLat":"","_VenueLng":"","_VenueShowMap":false,"_VenueShowMapLink":false,"footnotes":""},"class_list":["post-72288","page","type-page","status-publish","hentry"],"acf":[],"publishpress_future_workflow_manual_trigger":{"enabledWorkflows":[]},"_links":{"self":[{"href":"https:\/\/www.iaff.org\/fr-ca\/wp-json\/wp\/v2\/pages\/72288","targetHints":{"allow":["GET"]}}],"collection":[{"href":"https:\/\/www.iaff.org\/fr-ca\/wp-json\/wp\/v2\/pages"}],"about":[{"href":"https:\/\/www.iaff.org\/fr-ca\/wp-json\/wp\/v2\/types\/page"}],"author":[{"embeddable":true,"href":"https:\/\/www.iaff.org\/fr-ca\/wp-json\/wp\/v2\/users\/10"}],"replies":[{"embeddable":true,"href":"https:\/\/www.iaff.org\/fr-ca\/wp-json\/wp\/v2\/comments?post=72288"}],"version-history":[{"count":0,"href":"https:\/\/www.iaff.org\/fr-ca\/wp-json\/wp\/v2\/pages\/72288\/revisions"}],"up":[{"embeddable":true,"href":"https:\/\/www.iaff.org\/fr-ca\/wp-json\/wp\/v2\/pages\/77171"}],"wp:attachment":[{"href":"https:\/\/www.iaff.org\/fr-ca\/wp-json\/wp\/v2\/media?parent=72288"}],"curies":[{"name":"wp","href":"https:\/\/api.w.org\/{rel}","templated":true}]}}