{"id":72234,"date":"2024-03-15T12:48:05","date_gmt":"2024-03-15T16:48:05","guid":{"rendered":"https:\/\/www.iaff.org\/conference-du-5e-district\/"},"modified":"2026-03-19T10:35:37","modified_gmt":"2026-03-19T14:35:37","slug":"conference-du-5e-district","status":"publish","type":"page","link":"https:\/\/www.iaff.org\/fr-ca\/conference-du-5e-district\/","title":{"rendered":"Conf\u00e9rence du 5e district"},"content":{"rendered":"<section\n\t class=\"secondary-hero align wp-block-acf-secondary-hero\" id=\"secondary-hero_block_5477dd81fa3cafcb1572f7be8e5f7b68\">\n\t\n<header\n\tclass=\"w-full u-bg-full-width px-[22px] md:ps-bleed md:pe-0 py-[60px] bg-blue text-white u-has-rivets\"\n\tdata-theme=\"navy\"\n>\n\t<div class=\"flex flex-col !px-0 !max-w-[1440px] w-full lg:!ps-indent\">\n\t\t<div class=\"border-t-[6px] w-full my-0 flex flex-col md:flex-row gap-x-[62px] gap-y-[22px] border-gold\">\n\t\t\t\t\t\t\t<div class=\"relative grid md:order-last md:w-1\/2 overflow-hidden place-items-center aspect-[157\/105]\">\n\t\t\t\t\t<img decoding=\"async\" width=\"1152\" height=\"768\" src=\"https:\/\/www.iaff.org\/wp-content\/uploads\/2026\/01\/5thDist2026_HiltonHotel.jpg\" class=\"absolute object-cover min-w-full h-full\" alt=\"Hilton Minneapolis in Minnesota\" srcset=\"https:\/\/www.iaff.org\/wp-content\/uploads\/2026\/01\/5thDist2026_HiltonHotel.jpg 1152w, https:\/\/www.iaff.org\/wp-content\/uploads\/2026\/01\/5thDist2026_HiltonHotel-300x200.jpg 300w, https:\/\/www.iaff.org\/wp-content\/uploads\/2026\/01\/5thDist2026_HiltonHotel-1024x683.jpg 1024w, https:\/\/www.iaff.org\/wp-content\/uploads\/2026\/01\/5thDist2026_HiltonHotel-768x512.jpg 768w, https:\/\/www.iaff.org\/wp-content\/uploads\/2026\/01\/5thDist2026_HiltonHotel-240x160.jpg 240w\" sizes=\"(max-width: 1152px) 100vw, 1152px\" \/>\t\t\t\t<\/div>\n\t\t\t\t\t\t<div class=\"w-full md:w-1\/2 md:py-[45px]\">\n\t\t\t\t<div class=\"max-w-[600px] flex flex-col gap-[22px]\">\n\t\t\t\t\t\t\t\t\t\t\t<h1 class=\"has-[.u-halftone-shadow--dark]:mb-divider has-[.u-halftone-shadow--light]:mb-divider\">\n\t\t\t\t\t\t\t<span class=\"inline-flex text-heading-200 u-halftone-shadow--light\">\n\t\t\t\t\t\t\t\tConf\u00e9rence du 5e district\t\t\t\t\t\t\t<\/span>\n\t\t\t\t\t\t<\/h1>\n\t\t\t\t\t\t\t\t\t\t\t\t\t\t\t\t<div class=\"text-body-300 font-sans\">\n\t\t\t\t\t\t\t<p>Cette conf\u00e9rence de district r\u00e9unira les dirigeants de l\u2019IAFF du Minnesota, du Dakota du Nord, du Dakota du Sud et du Wisconsin. Connectez-vous avec des affili\u00e9s de toute la r\u00e9gion et acqu\u00e9rez de nouvelles comp\u00e9tences et ressources pour aider \u00e0 relever les d\u00e9fis auxquels votre Local fait face.   <\/p>\n\t\t\t\t\t\t<\/div>\n\t\t\t\t\t\t\t\t\t\t\t\t\t\t\t\t\t\t\t\t\t\t\t\t\t\t\t\t\t\t\t<div  class=\"text-label-100 inline-flex gap-3 items-center track-hero-meta\">\t<svg xmlns=\"http:\/\/www.w3.org\/2000\/svg\" width=\"19\" height=\"22\" fill=\"none\" viewBox=\"0 0 19 22\"><path stroke=\"currentColor\" stroke-linecap=\"square\" stroke-width=\"2\" d=\"M1.08496 8.59898H17.5722\"\/><path stroke=\"currentColor\" stroke-linecap=\"square\" stroke-width=\"2\" d=\"M13.433 12.2115H13.4415\"\/><path stroke=\"currentColor\" stroke-linecap=\"square\" stroke-width=\"2\" d=\"M9.32847 12.2115H9.33704\"\/><path stroke=\"currentColor\" stroke-linecap=\"square\" stroke-width=\"2\" d=\"M5.21519 12.2115H5.22376\"\/><path stroke=\"currentColor\" stroke-linecap=\"square\" stroke-width=\"2\" d=\"M13.433 15.8065H13.4415\"\/><path stroke=\"currentColor\" stroke-linecap=\"square\" stroke-width=\"2\" d=\"M9.32847 15.8065H9.33704\"\/><path stroke=\"currentColor\" stroke-linecap=\"square\" stroke-width=\"2\" d=\"M5.21519 15.8065H5.22376\"\/><path stroke=\"currentColor\" stroke-linecap=\"square\" stroke-width=\"2\" d=\"M13.0652 1.75V4.79399\"\/><path stroke=\"currentColor\" stroke-linecap=\"square\" stroke-width=\"2\" d=\"M5.59252 1.75V4.79399\"\/><path stroke=\"currentColor\" stroke-linecap=\"square\" stroke-width=\"2\" d=\"M17.65 3.21069H1V20.25H17.65V3.21069Z\" clip-rule=\"evenodd\"\/><\/svg>\t18-19 mai 2026<\/div>\t\t\t\t\t\t\t\t\t\t\t\t\t\t\t\t\t\t\t\t\t\t\t\t\t\t\t\t<div  class=\"text-label-100 inline-flex gap-3 items-center track-hero-meta\">\t<svg xmlns=\"http:\/\/www.w3.org\/2000\/svg\" width=\"17\" height=\"21\" fill=\"none\" viewBox=\"0 0 17 21\"><path stroke=\"currentColor\" stroke-linecap=\"round\" stroke-linejoin=\"round\" stroke-width=\"2\" d=\"M10.9731 9.05639C10.9731 7.68255 9.85989 6.56934 8.48706 6.56934C7.11322 6.56934 6 7.68255 6 9.05639C6 10.4292 7.11322 11.5424 8.48706 11.5424C9.85989 11.5424 10.9731 10.4292 10.9731 9.05639Z\" clip-rule=\"evenodd\"\/><path stroke=\"currentColor\" stroke-linecap=\"round\" stroke-width=\"2\" d=\"M8.46265 19.5C8.46265 19.5 1.18681 14.7608 1.00347 8.84729C0.874745 4.6951 4.34252 1.00008 8.46265 1.00008C12.5828 1.00008 16.0497 4.69504 15.9228 8.84729C15.7384 14.882 8.46265 19.5 8.46265 19.5Z\" clip-rule=\"evenodd\"\/><\/svg>\t  Minneapolis, MN  <\/div>\t\t\t\t\t\t\t\t\t\t\t\t\t\t\t\t\t\t\t\t\t\t\t\t\t\t\t\t\t\t\t\t\t\t\t<div class=\"flex flex-wrap gap-[30px]\">\n\t\t\t\t\t\t\t\t\t\t\t\t\t\t\t<!-- Renders the same as core\/button with a specific style -->\n\t<div\n\t\tclass=\"wp-block-button track-button-primary is-style-primary-red\"\n\t>\n\t\t<a class=\"wp-block-button__link wp-element-button cursor-pointer dlm-no-xhr-download track-hero-secondary-cta md:w-auto min-w-[156px]\" href=\"https:\/\/my.iaff.org\/web\/events\/Event_display.aspx?EventKey=PEP2026_05\" target=\"_blank\" rel=\"nofollow noopener\">\n\t\t\tInscrivez-vous d\u00e8s aujourd\u2019hui\t\t<\/a>\n\t<\/div>\n\t\t\t\t\t\t\t\t\t\t\t\t\t\t\t<!-- Renders the same as core\/button with a specific style -->\n\t<div\n\t\tclass=\"wp-block-button track-button-primary is-style-secondary-red\"\n\t>\n\t\t<a class=\"wp-block-button__link wp-element-button cursor-pointer dlm-no-xhr-download track-hero-secondary-cta md:w-auto min-w-[156px]\" href=\"https:\/\/book.passkey.com\/gt\/220847202?gtid=f606e6fd861525206190c0fe35a24d5a\" target=\"_blank\" rel=\"nofollow noopener\">\n\t\t\tR\u00c9SERVEZ VOTRE CHAMBRE D\u2019H\u00d4TEL\t\t<\/a>\n\t<\/div>\n\t\t\t\t\t\t\t\t\t\t\t\t\t\t\t<!-- Renders the same as core\/button with a specific style -->\n\t<div\n\t\tclass=\"wp-block-button track-button-primary is-style-secondary-red\"\n\t>\n\t\t<a\n\t\t\tclass=\"wp-block-button__link wp-element-button cursor-pointer dlm-no-xhr-download track-hero-secondary-cta md:w-auto min-w-[156px]\"\n\t\t\t\t\t\t\thref=\"mailto:events@iaff.org\"\n\t\t\t\t\t\t\t\t\ttarget=\"_blank\"\n\t\t\t\t\trel=\"nofollow noopener\"\n\t\t\t\t\t\t\t\t\t>\n\t\t\tContactez-nous\t\t<\/a>\n\t<\/div>\n\t\t\t\t\t\t\t\t\t\t\t\t\t<\/div>\n\t\t\t\t\t\t\t\t\t\t\t\t\t\t<\/div>\n\t\t\t<\/div>\n\n\t\t<\/div>\n\t\t\t<\/div>\n<\/header>\n<\/section>\n<section\n\t class=\"page-blocks iaff-page-blocks align wp-block-acf-page-blocks\" id=\"page-blocks_block_9d6b829777837a0fb690c2f29c4529fd\">\n\t<div class=\"acf-innerblocks-container\">\n<section\n\t class=\"secondary-navigation-manual u-bg-full-width bg-smoke\/5 align wp-block-acf-secondary-navigation-manual\" id=\"secondary-navigation-manual_block_adc2e90ec4b116d02dd193f6ec1b65e3\">\n\t<details class=\"iaff-secondary-navigation\" open>\n\t<summary class=\"flex cursor-pointer u-bg-full-width\">\n\t\t\t\t\t<h2 class=\"text-heading-400 bg-main-bg-overlay text-black inline-flex items-center gap-x-[14px] h-full !ps-0 py-[34px] !pe-10\">\n\t\t\t\t<span>Dans la pr\u00e9sente section<\/span>\n\t\t\t<\/h2>\n\t\t\t<\/summary>\n\t<div class=\"py-10 md:ps-12 md:pe-10 grid grid-cols-1 md:grid-cols-2 lg:grid-cols-3 gap-[30px]\">\n\t\t<!-- Renders the same as core\/button with a specific style -->\n<!-- Renders the same as core\/button with a specific style -->\n\t<div>\n\t\t\t\t\t<a class=\"inline-flex gap-[16px] items-center text-inherit text-button-300 leading-6 cursor-pointer decoration-transparent underline underline-offset-2 transition-colors duration-hover hocus-visible:decoration-current\" href=\"https:\/\/my.iaff.org\/web\/events\/Event_display.aspx?EventKey=PEP2026_05\" target=\"_blank\" rel=\"noopener\">\n\t\t\t\t<span>\n\t\t\t\t\tInscription\t\t\t\t<\/span>\n\t\t\t\t<svg xmlns=\"http:\/\/www.w3.org\/2000\/svg\" width=\"15\" height=\"15\" fill=\"none\" viewBox=\"0 0 15 15\"><path stroke=\"currentColor\" stroke-linecap=\"square\" stroke-width=\"2\" d=\"M11.6347 7.49976L1 7.49976\"\/><path stroke=\"currentColor\" stroke-linecap=\"square\" stroke-width=\"2\" d=\"M7.31445 2.13138L12.7061 7.50014L7.31445 12.8689\"\/><\/svg>\t\t\t<\/a>\n\t\t\t<\/div>\n<!-- Renders the same as core\/button with a specific style -->\n\t<div>\n\t\t\t\t\t<a class=\"inline-flex gap-[16px] items-center text-inherit text-button-300 leading-6 cursor-pointer decoration-transparent underline underline-offset-2 transition-colors duration-hover hocus-visible:decoration-current\" href=\"https:\/\/www.iaff.org\/fr-ca\/conference-du-5e-district\/conference-du-11e-district-ordre-du-jour\/\">\n\t\t\t\t<span>\n\t\t\t\t\tOrdre du jour\t\t\t\t<\/span>\n\t\t\t\t<svg xmlns=\"http:\/\/www.w3.org\/2000\/svg\" width=\"15\" height=\"15\" fill=\"none\" viewBox=\"0 0 15 15\"><path stroke=\"currentColor\" stroke-linecap=\"square\" stroke-width=\"2\" d=\"M11.6347 7.49976L1 7.49976\"\/><path stroke=\"currentColor\" stroke-linecap=\"square\" stroke-width=\"2\" d=\"M7.31445 2.13138L12.7061 7.50014L7.31445 12.8689\"\/><\/svg>\t\t\t<\/a>\n\t\t\t<\/div>\n<!-- Renders the same as core\/button with a specific style -->\n\t<div>\n\t\t\t\t\t<a\n\t\t\t\tclass=\"inline-flex gap-[16px] items-center text-inherit text-button-300 leading-6 cursor-pointer decoration-transparent underline underline-offset-2 transition-colors duration-hover hocus-visible:decoration-current\"\n\t\t\t\t\t\t\t\t\thref=\"#workshops\"\n\t\t\t\t\t\t\t\t\t\t\t\t>\n\t\t\t\t<span>\n\t\t\t\t\tAteliers\t\t\t\t<\/span>\n\t\t\t\t<svg xmlns=\"http:\/\/www.w3.org\/2000\/svg\" width=\"15\" height=\"15\" fill=\"none\" viewBox=\"0 0 15 15\"><path stroke=\"currentColor\" stroke-linecap=\"square\" stroke-width=\"2\" d=\"M11.6347 7.49976L1 7.49976\"\/><path stroke=\"currentColor\" stroke-linecap=\"square\" stroke-width=\"2\" d=\"M7.31445 2.13138L12.7061 7.50014L7.31445 12.8689\"\/><\/svg>\t\t\t<\/a>\n\t\t\t<\/div>\n<!-- Renders the same as core\/button with a specific style -->\n\t<div>\n\t\t\t\t\t<a\n\t\t\t\tclass=\"inline-flex gap-[16px] items-center text-inherit text-button-300 leading-6 cursor-pointer decoration-transparent underline underline-offset-2 transition-colors duration-hover hocus-visible:decoration-current\"\n\t\t\t\t\t\t\t\t\thref=\"#hotel\"\n\t\t\t\t\t\t\t\t\t\t\t\t>\n\t\t\t\t<span>\n\t\t\t\t\tVoyages et h\u00e9bergement\t\t\t\t<\/span>\n\t\t\t\t<svg xmlns=\"http:\/\/www.w3.org\/2000\/svg\" width=\"15\" height=\"15\" fill=\"none\" viewBox=\"0 0 15 15\"><path stroke=\"currentColor\" stroke-linecap=\"square\" stroke-width=\"2\" d=\"M11.6347 7.49976L1 7.49976\"\/><path stroke=\"currentColor\" stroke-linecap=\"square\" stroke-width=\"2\" d=\"M7.31445 2.13138L12.7061 7.50014L7.31445 12.8689\"\/><\/svg>\t\t\t<\/a>\n\t\t\t<\/div>\n<!-- Renders the same as core\/button with a specific style -->\n\t<div>\n\t\t\t\t\t<a class=\"inline-flex gap-[16px] items-center text-inherit text-button-300 leading-6 cursor-pointer decoration-transparent underline underline-offset-2 transition-colors duration-hover hocus-visible:decoration-current\" href=\"https:\/\/iaff.mosaic-mobile.net\/share-app.aspx\" target=\"_blank\" rel=\"nofollow noopener\">\n\t\t\t\t<span>\n\t\t\t\t\tT\u00c9L\u00c9CHARGEZ L\u2019APPLICATION\t\t\t\t<\/span>\n\t\t\t\t<svg xmlns=\"http:\/\/www.w3.org\/2000\/svg\" width=\"15\" height=\"15\" fill=\"none\" viewBox=\"0 0 15 15\"><path stroke=\"currentColor\" stroke-linecap=\"square\" stroke-width=\"2\" d=\"M11.6347 7.49976L1 7.49976\"\/><path stroke=\"currentColor\" stroke-linecap=\"square\" stroke-width=\"2\" d=\"M7.31445 2.13138L12.7061 7.50014L7.31445 12.8689\"\/><\/svg>\t\t\t<\/a>\n\t\t\t<\/div>\n<!-- Renders the same as core\/button with a specific style -->\n\t<\/div>\n<\/details>\n<\/section>\n\n\n<section\n\t class=\"callout-section pt-20 md:pt-[100px] bg-smoke\/5 u-bg-full-width align wp-block-acf-callout-section\" id=\"callout-section_block_6a873f9afbcc4656f08b551b9e51d662\">\n\t\t<div class=\"\">\n\t\t\t\t\t<header class=\"flex justify-between items-center max-w-content\">\n\t\t\t\t\t\t\t\t\t<!-- Render Headline-->\n\t\t\t\t\t<h2 class=\"text-heading-200\">\n\t\t\t\t\t\t<!-- Headline: font-heading, 500, 38px, smoke -->\n\t\t\t\t\t\t \t\t\t\t\t<\/h2>\n\t\t\t\t\n\t\t\t\t\t\t\t<\/header>\n\n\t\t\t<!-- Border -->\n\t\t\t\t\t\t\t\t\t\t<div class=\"u-bleed-left\">\n\t\t\t\t\t\n\t\t\t\t\t\t\t\t\t\t\t<div class=\"h-divider bg-right w-full bg-halftone-divider\" role=\"presentation\"><\/div>\n\t\t\t\t\t\t\t\t\t<\/div>\n\t\t\t\t\t\t<\/div>\n\n\t<!-- TODO: Constrain to content width -->\n\t<div class=\"w-full flex flex-col\">\n\t\t<!-- Callouts -->\n\t\t<div class=\"acf-innerblocks-container\">\n<section\n\t class=\"callout align wp-block-acf-callout\" id=\"callout_block_bd05527c62b379b1011ec40969ae77da\">\n\t<div class=\"grid md:grid-cols-2 gap-0\">\n\t\t<figure\n\t\t\tclass=\"md:col-start-2 md:row-start-1 grid place-items-center\"\n\t\t>\n\t\t\t\t\t\t\t<div class=\"relative\">\n\t\t\t\t\t<img decoding=\"async\" width=\"118\" height=\"240\" src=\"https:\/\/www.iaff.org\/wp-content\/uploads\/2024\/02\/IAFF-App-middle-2024-118x240.png\" class=\"max-w-full\" alt=\"\" srcset=\"https:\/\/www.iaff.org\/wp-content\/uploads\/2024\/02\/IAFF-App-middle-2024-118x240.png 118w, https:\/\/www.iaff.org\/wp-content\/uploads\/2024\/02\/IAFF-App-middle-2024-148x300.png 148w, https:\/\/www.iaff.org\/wp-content\/uploads\/2024\/02\/IAFF-App-middle-2024-394x800.png 394w, https:\/\/www.iaff.org\/wp-content\/uploads\/2024\/02\/IAFF-App-middle-2024-399x810.png 399w, https:\/\/www.iaff.org\/wp-content\/uploads\/2024\/02\/IAFF-App-middle-2024.png 493w\" sizes=\"(max-width: 118px) 100vw, 118px\" \/>\t\t\t\t\t<div class=\"u-halftone-overlay\"><\/div>\n\t\t\t\t<\/div>\n\t\t\t\t\t<\/figure>\n\t\t<div class=\"flex flex-col gap-2 py-[54px] text-smoke md:p-10 justify-center md:px-15\">\n\t\t\t\t\t\t\t\t\t\t<div class=\"font-serif font-600 text-[34px] leading-[1.1] -tracking-[0.5px]\">\n\t\t\t\t\tApplication officielle de l\u2019AIP\t\t\t\t<\/div>\n\t\t\t\t\t\t\t\t\t\t<div class=\"font-sans font-350 text-[18px] leading-[1.5]\">\n\t\t\t\t\t<p>Restez inform\u00e9 des informations sur l\u2019\u00e9v\u00e9nement gr\u00e2ce \u00e0 l\u2019application mobile de l\u2019AIP.<\/p>\n\t\t\t\t<\/div>\n\t\t\t\t\t\t\t\t\t\t<div class=\"flex flex-wrap gap-[30px] pt-10\">\n\t\t\t\t\t\t\t\t\t\t\t<!-- Renders the same as core\/button with a specific style -->\n\t<div\n\t\tclass=\"wp-block-button track-button-primary is-style-primary-red\"\n\t>\n\t\t<a class=\"wp-block-button__link wp-element-button cursor-pointer md:w-auto min-w-[156px]\" href=\"https:\/\/iaff.mosaic-mobile.net\/share-app.aspx\" target=\"_blank\" rel=\"nofollow noopener\">\n\t\t\tT\u00c9L\u00c9CHARGEZ L\u2019APPLICATION\t\t<\/a>\n\t<\/div>\n\t\t\t\t\t\t\t\t\t<\/div>\n\t\t\t\t\t<\/div>\n\t<\/div>\n<\/section>\n\n<\/div>\n\t\t\t<\/div>\n<\/section>\n\n\n\n<div id=\"workshops\" class=\"wp-block-group is-layout-constrained wp-block-group-is-layout-constrained\">\n<h2 class=\"wp-block-heading\"><\/h2>\n\n\n<section\n\t class=\"section-header mb-10 align wp-block-acf-section-header\" id=\"section-header_block_10656f82b39d080186b2b79a08a7387d\">\n\t<div class=\"\">\n\t<div class=\"flex flex-col md:flex-row justify-between max-w-content gap-x-8 md:items-end flex-wrap\">\n\t\t<h2 class=\"text-heading-200 pb-[2px]\">\n\t\t\tAteliers\t\t<\/h2>\n\n\t\t\t\t\t<div class=\"md:order-last w-full\">\n\t\t\t\t\n\t<hr class=\"h-[6px] text-red border-red bg-red w-full my-0\" role=\"presentation\"\/>\n\n\t<div class=\"h-divider w-full bg-halftone-divider bg-right\"><\/div>\n\t\t\t<\/div>\n\t\t\n\t\t\t<\/div>\n<\/div>\n<\/section>\n\n\n\n<details class=\"wp-block-details is-layout-flow wp-block-details-is-layout-flow\"><summary>FILI\u00c8RE ADMINISTRATION SYNDICALE ET ENGAGEMENT DES MEMBRES<\/summary><div class=\"wp-block-paragraph \">\n<p><strong>Administration locale des syndicats<\/strong><br\/>Con\u00e7u pour aider les dirigeants affili\u00e9s \u00e0 atteindre leurs objectifs pour leurs sections locales, ce cours enseigne les comp\u00e9tences n\u00e9cessaires pour \u00eatre efficace dans n\u2019importe quel r\u00f4le de dirigeant syndical. Des informations sont fournies sur les fonctions de chaque dirigeant syndical local, ainsi que sur les responsabilit\u00e9s du conseil ex\u00e9cutif et des autres comit\u00e9s au sein de la section locale. Il fera \u00e9galement conna\u00eetre aux participants les diff\u00e9rents services et l\u2019assistance disponibles par l\u2019IAFF.  <\/p>\n<\/div>\n\n<div class=\"wp-block-paragraph \">\n<p><strong>\u00c9tablissement d\u2019un budget pour les sections locales<\/strong><br\/>L\u2019\u00e9tablissement d\u2019un budget est une fonction essentielle pour ceux qui prot\u00e8gent les actifs des sections locales. Dans cet atelier, vous apprendrez l\u2019art de planifier les revenus et les d\u00e9penses de votre section locale. Les sujets abord\u00e9s comprendront la pr\u00e9paration, l\u2019adoption et la modification de votre budget, ainsi que les cat\u00e9gories communes de revenus et de d\u00e9penses qui devraient faire partie de votre plan.  <\/p>\n<\/div>\n\n<div class=\"wp-block-paragraph \">\n<p><strong>Notions de base sur les repr\u00e9sentants syndicaux de premi\u00e8re ligne<\/strong><br\/>Cet atelier aborde les connaissances et les comp\u00e9tences n\u00e9cessaires \u00e0 l\u2019application efficace des dispositions contractuelles et \u00e0 la repr\u00e9sentation des droits des travailleurs aupr\u00e8s de la direction et de la juridiction de votre service d\u2019incendie. Il pr\u00e9sentera et explorera les enjeux et les pratiques exemplaires li\u00e9s au traitement des griefs, \u00e0 l\u2019application du libell\u00e9 des contrats et au traitement des questions disciplinaires. De plus, cet atelier examine les fa\u00e7ons dont le personnel syndical cl\u00e9 peut informer les membres des avantages de l\u2019adh\u00e9sion syndicale et de la participation active.  <\/p>\n<\/div>\n\n<div class=\"wp-block-paragraph \">\n<p><strong>Rapports des consultants gestionnaires<\/strong><br\/>Il est important que les dirigeants affili\u00e9s sachent comment prot\u00e9ger les salaires, les avantages et les conditions de travail de leurs membres. Alors que les attaques contre les syndicats du secteur public continuent d\u2019augmenter, les juridictions s\u2019appuient souvent sur les rapports de consultants pour orienter o\u00f9 les coupes peuvent \u00eatre effectu\u00e9es. Cet atelier aborde la mani\u00e8re dont les responsables affili\u00e9s peuvent prendre des mesures pr\u00e9ventives pour att\u00e9nuer les rapports de consultants et comment traiter les impacts n\u00e9gatifs, notamment en ce qui concerne la consolidation, la cr\u00e9ation de districts d\u2019incendie, les OSP et la fermeture de casernes  <\/p>\n<\/div><\/details>\n\n\n\n<details class=\"wp-block-details is-layout-flow wp-block-details-is-layout-flow\"><summary>PARCOURS DE N\u00c9GOCIATIONS<\/summary><div class=\"wp-block-paragraph \">\n<p><strong>Analyse financi\u00e8re municipale<\/strong><br\/>Cet atelier vise \u00e0 former les leaders affili\u00e9s sur l\u2019analyse financi\u00e8re municipale (FMA). Afin d\u2019assurer un personnel ad\u00e9quat et des augmentations raisonnables des salaires et des avantages, une section locale doit conna\u00eetre la situation financi\u00e8re de base de son gouvernement, ainsi que les fonds disponibles pour financer ses besoins. L\u2019analyse financi\u00e8re municipale est un service offert par l\u2019IAFF qui examine les registres financiers d\u2019une juridiction et d\u00e9termine sa situation financi\u00e8re. La valeur de l\u2019analyse d\u00e9pend du fait que les dirigeants affili\u00e9s comprennent efficacement les indicateurs cl\u00e9s de la situation financi\u00e8re d\u2019un gouvernement et sachent comment utiliser l\u2019information de mani\u00e8re appropri\u00e9e.   <\/p>\n<\/div>\n\n<div class=\"wp-block-paragraph \">\n<p><strong>Comp\u00e9tences avanc\u00e9es pour les n\u00e9gociateurs<\/strong><br\/>Pour obtenir des r\u00e9sultats \u00e0 la table de n\u00e9gociation, un n\u00e9gociateur doit \u00eatre capable d\u2019\u00e9laborer une strat\u00e9gie de n\u00e9gociation et de ma\u00eetriser les comp\u00e9tences cl\u00e9s en n\u00e9gociation. Dans cet atelier de six heures, vous apprendrez comment renforcer votre position de n\u00e9gociation, d\u00e9terminer une fourchette de r\u00e8glement acceptable, r\u00e9pondre aux tactiques et objections de gestion courantes, faire des concessions et pr\u00e9senter vos propositions. Vous aurez l\u2019occasion de pratiquer ces comp\u00e9tences et de participer \u00e0 des simulations de n\u00e9gociation. Cet atelier est con\u00e7u pour les n\u00e9gociateurs exp\u00e9riment\u00e9s qui souhaitent am\u00e9liorer leurs comp\u00e9tences \u00e0 la table de n\u00e9gociation.   <\/p>\n<\/div><\/details>\n<\/div>\n\n\n\n<div id=\"hotel\" class=\"wp-block-group is-layout-constrained wp-block-group-is-layout-constrained\"><section\n\t class=\"section-header mb-10 align wp-block-acf-section-header\" id=\"section-header_block_07979961fb43bbfc9a3a7fefef8f4f51\">\n\t<div class=\"\">\n\t<div class=\"flex flex-col md:flex-row justify-between max-w-content gap-x-8 md:items-end flex-wrap\">\n\t\t<h2 class=\"text-heading-200 pb-[2px]\">\n\t\t\tVoyages et h\u00e9bergement\t\t<\/h2>\n\n\t\t\t\t\t<div class=\"md:order-last w-full\">\n\t\t\t\t\n\t<hr class=\"h-[6px] text-red border-red bg-red w-full my-0\" role=\"presentation\"\/>\n\n\t<div class=\"h-divider w-full bg-halftone-divider bg-right\"><\/div>\n\t\t\t<\/div>\n\t\t\n\t\t\t<\/div>\n<\/div>\n<\/section>\n\n\n<section\n\t class=\"column-list-section align wp-block-acf-column-list-section\" id=\"column-list-section_block_8eea5be5e660aa9e9ad79ae3596e7f39\">\n\t<div class=\"bg-smoke\/5 px-[19px] pt-[60px] pb-block-spacing md:px-[96px] md:mx-indent iaff-column-list-section\">\n\t\t\t\t<div class=\"acf-innerblocks-container\">\n<section\n\t class=\"column-list iaff-column-list align wp-block-acf-column-list\" id=\"column-list_block_0c50eb0a1f43494741cd19f2fbb1fa29\">\n\t<div class=\"relative flex flex-col gap-[14px] mb-[52px]\">\n\t\t\t\t\t<h3 class=\"text-heading-500\">\n\t\t\t\tInformations sur l\u2019h\u00f4tel\t\t\t<\/h3>\n\t\t\t\t<div class=\"relative bg-halftone-divider bg-center bg-no-repeat w-full h-divider\"><\/div>\n\t<\/div>\n\n\t\t<div class=\"acf-innerblocks-container\">\n<article\n\t class=\"column-list-card min-h-[187px] border-l-4 border-red pl-4 w-full md:w-auto item-inner flex flex-col gap-1 align wp-block-acf-column-list-card\" id=\"column-list-card_block_c80b574fa2c47d74860073586cbf9f6c\">\n\t\n\t\t\t<div class=\"text-heading-400 font-serif font-600 leading-7 mb-1\">\n\t\t\tHilton Minneapolis\t\t<\/div>\n\t\t\t\t<div class=\"text-body-400\">\n\t\t\t<p>Hilton Minneapolis<br \/>\n1001 S. Marquette Avenue<br \/>\nMinneapolis, MN 55403<\/p>\n<p>Tarif de la chambre : 249 $\/nuit + taxes<\/p>\n\t\t<\/div>\n\t\t\t\t<div class=\"font-heading font-500 my-3\">\n\t\t\tDATE LIMITE DU BLOC H\u00d4TELIER : 17 avril\t\t<\/div>\n\t\t\t\t<div class=\"mt-auto\">\t\t\t<!-- Renders the same as core\/button with a specific style -->\n\t<div>\n\t\t\t\t\t<a class=\"inline-flex gap-[16px] items-center text-inherit text-button-300 leading-6 cursor-pointer decoration-transparent underline underline-offset-2 transition-colors duration-hover hocus-visible:decoration-current\" href=\"https:\/\/book.passkey.com\/go\/IAFF2026\" target=\"_blank\" rel=\"nofollow noopener\">\n\t\t\t\t<span>\n\t\t\t\t\tR\u00c9SERVEZ MAINTENANT\t\t\t\t<\/span>\n\t\t\t\t<svg xmlns=\"http:\/\/www.w3.org\/2000\/svg\" width=\"15\" height=\"15\" fill=\"none\" viewBox=\"0 0 15 15\"><path stroke=\"currentColor\" stroke-linecap=\"square\" stroke-width=\"2\" d=\"M11.6347 7.49976L1 7.49976\"\/><path stroke=\"currentColor\" stroke-linecap=\"square\" stroke-width=\"2\" d=\"M7.31445 2.13138L12.7061 7.50014L7.31445 12.8689\"\/><\/svg>\t\t\t<\/a>\n\t\t\t<\/div>\n\t\t<\/div>\n\t<\/article>\n\n<\/div><\/section>\n\n<\/div>\t<\/div>\n<\/section>\n<\/div>\n\n<\/div><\/section>\n","protected":false},"excerpt":{"rendered":"","protected":false},"featured_media":0,"parent":0,"menu_order":0,"comment_status":"closed","ping_status":"closed","template":"","meta":{"_acf_changed":false,"_searchwp_excluded":"","inline_featured_image":false,"_EventAllDay":false,"_EventTimezone":"","_EventStartDate":"","_EventEndDate":"","_EventStartDateUTC":"","_EventEndDateUTC":"","_EventShowMap":false,"_EventShowMapLink":false,"_EventURL":"","_EventCost":"","_EventCostDescription":"","_EventCurrencySymbol":"","_EventCurrencyCode":"","_EventCurrencyPosition":"","_EventDateTimeSeparator":"","_EventTimeRangeSeparator":"","_EventOrganizerID":[],"_EventVenueID":[],"_OrganizerEmail":"","_OrganizerPhone":"","_OrganizerWebsite":"","_VenueAddress":"","_VenueCity":"","_VenueCountry":"","_VenueProvince":"","_VenueState":"","_VenueZip":"","_VenuePhone":"","_VenueURL":"","_VenueStateProvince":"","_VenueLat":"","_VenueLng":"","_VenueShowMap":false,"_VenueShowMapLink":false,"footnotes":""},"class_list":["post-72234","page","type-page","status-publish","hentry"],"acf":[],"publishpress_future_workflow_manual_trigger":{"enabledWorkflows":[]},"_links":{"self":[{"href":"https:\/\/www.iaff.org\/fr-ca\/wp-json\/wp\/v2\/pages\/72234","targetHints":{"allow":["GET"]}}],"collection":[{"href":"https:\/\/www.iaff.org\/fr-ca\/wp-json\/wp\/v2\/pages"}],"about":[{"href":"https:\/\/www.iaff.org\/fr-ca\/wp-json\/wp\/v2\/types\/page"}],"author":[{"embeddable":true,"href":"https:\/\/www.iaff.org\/fr-ca\/wp-json\/wp\/v2\/users\/5"}],"replies":[{"embeddable":true,"href":"https:\/\/www.iaff.org\/fr-ca\/wp-json\/wp\/v2\/comments?post=72234"}],"version-history":[{"count":20,"href":"https:\/\/www.iaff.org\/fr-ca\/wp-json\/wp\/v2\/pages\/72234\/revisions"}],"predecessor-version":[{"id":122407,"href":"https:\/\/www.iaff.org\/fr-ca\/wp-json\/wp\/v2\/pages\/72234\/revisions\/122407"}],"wp:attachment":[{"href":"https:\/\/www.iaff.org\/fr-ca\/wp-json\/wp\/v2\/media?parent=72234"}],"curies":[{"name":"wp","href":"https:\/\/api.w.org\/{rel}","templated":true}]}}