{"id":72220,"date":"2024-02-28T16:18:12","date_gmt":"2024-02-28T21:18:12","guid":{"rendered":"https:\/\/www.iaff.org\/maladies\/virus-de-lhepatite-a\/"},"modified":"2024-04-28T21:54:48","modified_gmt":"2024-04-29T01:54:48","slug":"virus-de-lhepatite-a","status":"publish","type":"page","link":"https:\/\/www.iaff.org\/fr-ca\/maladies-infectieuses\/maladies\/virus-de-lhepatite-a\/","title":{"rendered":"Virus de l\u2019h\u00e9patite A"},"content":{"rendered":"<section\n\t class=\"secondary-hero align wp-block-acf-secondary-hero\" id=\"secondary-hero_block_9605fdda2b9c462d25c45a4a1e342522\">\n\t\n<header\n\tclass=\"w-full u-bg-full-width px-[22px] md:ps-bleed md:pe-0 py-[60px] bg-smoke-5 text-black u-has-rivets u-rivets-dark\"\n\tdata-theme=\"gray\"\n>\n\t<div class=\"flex flex-col !px-0 !max-w-[1440px] w-full lg:!ps-indent\">\n\t\t<div class=\"border-t-[6px] w-full my-0 flex flex-col md:flex-row gap-x-[62px] gap-y-[22px] border-red\">\n\t\t\t\t\t\t<div class=\"w-full md:w-1\/2 md:py-[45px]\">\n\t\t\t\t<div class=\"max-w-[600px] flex flex-col gap-[22px]\">\n\t\t\t\t\t\t\t\t\t\t\t<h1 class=\"has-[.u-halftone-shadow--dark]:mb-divider has-[.u-halftone-shadow--light]:mb-divider pt-[22px] md:pt-0\">\n\t\t\t\t\t\t\t<span class=\"inline-flex text-heading-200 u-halftone-shadow--dark\">\n\t\t\t\t\t\t\t\tVirus de l\u2019h\u00e9patite A\t\t\t\t\t\t\t<\/span>\n\t\t\t\t\t\t<\/h1>\n\t\t\t\t\t\t\t\t\t\t\t\t\t\t\t\t\t\t\t\t\t\t\t\t\t\t\t\t\t<\/div>\n\t\t\t<\/div>\n\n\t\t<\/div>\n\t\t\t\t\t<div class=\"order-first flex justify-start w-full pb-[22px]\">\n\t\t\t\t<div\n\tclass=\"wp-block-button is-style-tertiary text-smoke is-style-tertiary-back\"\n>\n\t\t\t<a\n\t\t\thref=\"https:\/\/www.iaff.org\/infectious-disease\/diseases\/\"\n\t\t\tclass=\"wp-block-button__link wp-element-button group\"\n\t\t\t\t\t>\n\t\t\t<span\n\t\t\tclass=\"decoration-transparent underline underline-offset-2 group-hover:decoration-inherit group-focus-visible:decoration-inherit transition duration-hover\"\n\t\t>\n\t\t\tMaladies infectieuses\t\t<\/span>\n\n\t\t<span\n\t\t\tclass=\"bg-inherit transition-colors duration-hover group-hover:bg-gold group-focus:bg-gold inline-flex rotate-180 order-first\"\n\t\t>\n\t\t\t<svg xmlns=\"http:\/\/www.w3.org\/2000\/svg\" width=\"21\" height=\"22\" fill=\"none\" viewBox=\"0 0 21 22\"><path stroke=\"currentColor\" stroke-linecap=\"round\" stroke-width=\"2\" d=\"M20 20.75L20 2.25L1.5 2.25L1.5 20.75L20 20.75Z\" clip-rule=\"evenodd\"\/><path stroke=\"currentColor\" stroke-linecap=\"square\" stroke-width=\"2\" d=\"M14.0883 11.5L6.66406 11.5\"\/><path stroke=\"currentColor\" stroke-linecap=\"square\" stroke-width=\"2\" d=\"M11.0723 7.75205L14.8363 11.5L11.0723 15.248\"\/><\/svg>\t\t<\/span>\n\t<\/a><\/div>\n\t\t\t<\/div>\n\t\t\t<\/div>\n<\/header>\n<\/section>\n<section\n\t class=\"page-blocks iaff-page-blocks align wp-block-acf-page-blocks\" id=\"page-blocks_block_80b16259aa2afc7fdc2efaf6d771df69\">\n\t<div class=\"acf-innerblocks-container\">\n<div class=\"wp-block-paragraph \">\n<p>L\u2019h\u00e9patite A (\u00e9galement connue sous le nom d\u2019h\u00e9patite infectieuse) est une maladie qui affecte le foie. L\u2019h\u00e9patite d\u00e9crit un groupe de maladies qui provoquent une inflammation du foie. L\u2019inflammation se produit lorsque les tissus du corps sont bless\u00e9s ou infect\u00e9s, ce qui peut causer des probl\u00e8mes de fonctionnement des organes.<\/p>\n<\/div>\n\n<div class=\"wp-block-paragraph \">\n<p>L\u2019h\u00e9patite A est le type d\u2019h\u00e9patite virale le plus courant, g\u00e9n\u00e9ralement observ\u00e9 chez les enfants ou les jeunes adultes. Cela peut \u00eatre un probl\u00e8me pour les pompiers, surtout si leurs repas sont pr\u00e9par\u00e9s par une personne infect\u00e9e ou s\u2019ils sont infect\u00e9s par des mat\u00e9riaux contamin\u00e9s lors d\u2019un incendie, d\u2019un incident impliquant des mati\u00e8res dangereuses, d\u2019une RSMU ou d\u2019un SCUBA.<\/p>\n<\/div>\n\n<div class=\"wp-block-paragraph \">\n<p>L\u2019h\u00e9patite A est caus\u00e9e par le virus de l\u2019h\u00e9patite A (VHA), un membre d\u2019un groupe de virus qui causent ce type de maladie. Le virus de l\u2019h\u00e9patite B (VHB) et le virus de l\u2019h\u00e9patite C (VHC) sont d\u2019autres membres importants de cette famille de virus.<\/p>\n<\/div>\n<\/div><\/section>\n<section\n\t class=\"page-blocks iaff-page-blocks align wp-block-acf-page-blocks\" id=\"page-blocks_block_80b16259aa2afc7fdc2efaf6d771df69\">\n\t<div class=\"acf-innerblocks-container\">\n\n<h3 class=\"wp-block-heading\">Comment pouvez-vous le contracter ?<\/h3>\n\n\n<div class=\"wp-block-paragraph \">\n<p>L\u2019h\u00e9patite A se transmet d\u2019une personne \u00e0 l\u2019autre par voie f\u00e9cale-orale (par contact avec de petites quantit\u00e9s de selles d\u2019une personne infect\u00e9e, g\u00e9n\u00e9ralement en raison d\u2019un lavage inad\u00e9quat des mains).<\/p>\n<\/div>\n\n<div class=\"wp-block-paragraph \">\n<p>Vous pouvez obtenir le VHA en :<\/p>\n<\/div>\n\n<div class=\"wp-block-list\">\n<ul class=\"wp-block-list\">\n<li>Mangeant des aliments contamin\u00e9s (pr\u00e9par\u00e9s par une personne infect\u00e9e par le VHA qui ne s\u2019est pas lav\u00e9 les mains apr\u00e8s \u00eatre all\u00e9e aux toilettes)<\/li>\n\n\n\n<li>Buvant de l\u2019eau insalubre ou laver des aliments dans de l\u2019eau non trait\u00e9e<\/li>\n\n\n\n<li>En entrant en contact avec des objets et des surfaces contamin\u00e9s par le VHA<\/li>\n\n\n\n<li>Par des ouvertures dans la peau telles que des coupures ou des \u00e9corchures. Ces ouvertures peuvent \u00eatre visibles ou si petites qu\u2019elles ne sont pas visibles \u00e0 l\u2019\u0153il nu.<\/li>\n\n\n\n<li>Par le biais de contacts personnels \u00e9troits (comme le fait de vivre dans une maison avec une personne atteinte de cette maladie) ou de contacts sexuels, en particulier chez les hommes ayant des relations sexuelles avec d\u2019autres hommes<\/li>\n\n\n\n<li>La transmission sanguine de l\u2019h\u00e9patite A est rare<\/li>\n\n\n\n<li>La transmission par la salive n\u2019a pas \u00e9t\u00e9 d\u00e9montr\u00e9e<\/li>\n<\/ul>\n<\/div>\n\n<div class=\"wp-block-paragraph \">\n<p>Les pompiers risquent d\u2019\u00eatre expos\u00e9s au VHA. Certains emplois sp\u00e9cifiques (p. ex., Mati\u00e8res dangereuses, USAR, SCUBA) exposent les pompiers \u00e0 un risque accru d\u2019entrer en contact avec de l\u2019eau contamin\u00e9e. Les t\u00e2ches des premiers r\u00e9pondants, en particulier les interventions en cas de catastrophe, augmentent \u00e9galement le risque qu\u2019un pompier entre en contact avec de l\u2019eau contamin\u00e9e.<\/p>\n<\/div>\n<\/div><\/section>\n<section\n\t class=\"page-blocks iaff-page-blocks align wp-block-acf-page-blocks\" id=\"page-blocks_block_80b16259aa2afc7fdc2efaf6d771df69\">\n\t<div class=\"acf-innerblocks-container\">\n<section\n\t class=\"section-header mb-10 align wp-block-acf-section-header\" id=\"section-header_block_a032245aa8434c3002876dbaf4fcbb82\">\n\t<div class=\"\">\n\t<div class=\"flex flex-col md:flex-row justify-between max-w-content gap-x-8 md:items-end flex-wrap\">\n\t\t<h2 class=\"text-heading-200 pb-[2px]\">\n\t\t\tSympt\u00f4mes\t\t<\/h2>\n\n\t\t\t\t\t<div class=\"md:order-last w-full\">\n\t\t\t\t\n\t<hr class=\"h-[6px] text-red border-red bg-red w-full my-0\" role=\"presentation\"\/>\n\n\t<div class=\"h-divider w-full bg-halftone-divider bg-right\"><\/div>\n\t\t\t<\/div>\n\t\t\n\t\t\t<\/div>\n<\/div>\n<\/section>\n\n\n<div class=\"wp-block-paragraph \">\n<p>Bien que les adultes soient moins souvent infect\u00e9s par le VHA que les enfants, les adultes sont beaucoup plus susceptibles de souffrir de probl\u00e8mes de sant\u00e9 li\u00e9s au VHA. Les enfants de moins de 6 ans ne pr\u00e9sentent souvent aucun sympt\u00f4me et peuvent \u00eatre une source silencieuse de propagation de l\u2019infection. Plus de 80 % des adultes pr\u00e9senteront des sympt\u00f4mes d\u2019infection par le VHA. Les signes et sympt\u00f4mes de l\u2019h\u00e9patite A peuvent inclure :<\/p>\n<\/div>\n\n<div class=\"wp-block-list\">\n<ul class=\"wp-block-list\">\n<li>jaunisse<\/li>\n\n\n\n<li>fatigue<\/li>\n\n\n\n<li>douleurs abdominales, perte d\u2019app\u00e9tit, naus\u00e9es, vomissements, diarrh\u00e9e<\/li>\n\n\n\n<li>urine jaune fonc\u00e9<\/li>\n\n\n\n<li>Fi\u00e8vre<\/li>\n<\/ul>\n<\/div>\n\n<div class=\"wp-block-paragraph \">\n<p>Il faut environ 15 \u00e0 50 jours pour d\u00e9velopper des sympt\u00f4mes de l\u2019h\u00e9patite A apr\u00e8s l\u2019exposition. Les sympt\u00f4mes durent g\u00e9n\u00e9ralement deux semaines ou plus. La plupart des patients se r\u00e9tablissent d\u2019eux-m\u00eames, mais le temps moyen perdu au travail est de cinq semaines. Certaines des personnes infect\u00e9es peuvent pr\u00e9senter des sympt\u00f4mes r\u00e9currents sur une p\u00e9riode de six \u00e0 neuf mois. Un adulte infect\u00e9 sur cinq tombe suffisamment malade pour \u00eatre hospitalis\u00e9. Contrairement \u00e0 l\u2019h\u00e9patite B (VHB) ou \u00e0 l\u2019h\u00e9patite C (VHC), le VHA ne cause g\u00e9n\u00e9ralement pas de probl\u00e8mes de sant\u00e9 \u00e0 long terme tels qu\u2019une infection chronique ou une maladie chronique du foie.<\/p>\n<\/div>\n<\/div><\/section>\n<section\n\t class=\"page-blocks iaff-page-blocks align wp-block-acf-page-blocks\" id=\"page-blocks_block_80b16259aa2afc7fdc2efaf6d771df69\">\n\t<div class=\"acf-innerblocks-container\">\n<section\n\t class=\"section-header mb-10 align wp-block-acf-section-header\" id=\"section-header_block_4999342fc92b0ec89dcd8aa959b57e7c\">\n\t<div class=\"\">\n\t<div class=\"flex flex-col md:flex-row justify-between max-w-content gap-x-8 md:items-end flex-wrap\">\n\t\t<h2 class=\"text-heading-200 pb-[2px]\">\n\t\t\tPr\u00e9vention\t\t<\/h2>\n\n\t\t\t\t\t<div class=\"md:order-last w-full\">\n\t\t\t\t\n\t<hr class=\"h-[6px] text-red border-red bg-red w-full my-0\" role=\"presentation\"\/>\n\n\t<div class=\"h-divider w-full bg-halftone-divider bg-right\"><\/div>\n\t\t\t<\/div>\n\t\t\n\t\t\t<\/div>\n<\/div>\n<\/section>\n\n\n<div class=\"wp-block-paragraph \">\n<p>L\u2019h\u00e9patite A est une maladie \u00e9vitable par la vaccination. Le vaccin contre le VHA est disponible depuis 1995 et est recommand\u00e9 pour certains emplois \u00e0 haut risque dans la norme NFPA 1581, Fire Department Infection Control Programs. Le vaccin contre le VHA peut pr\u00e9venir la maladie de deux fa\u00e7ons, soit avant l\u2019exposition, soit dans les 2 semaines suivant l\u2019exposition connue. Le vaccin contre l\u2019h\u00e9patite A est administr\u00e9 en 2 injections, \u00e0 six mois d\u2019intervalle. Un vaccin combin\u00e9 contre l\u2019h\u00e9patite A et l\u2019h\u00e9patite B est \u00e9galement disponible et n\u00e9cessite une s\u00e9rie de trois injections, administr\u00e9es \u00e0 des intervalles de 0, 1 et 6 mois.<\/p>\n<\/div>\n\n<div class=\"wp-block-paragraph \">\n<p>Toute personne expos\u00e9e \u00e0 l\u2019h\u00e9patite A qui n\u2019a pas encore \u00e9t\u00e9 vaccin\u00e9e peut recevoir une injection d\u2019immunoglobulines (IG) pour pr\u00e9venir l\u2019infection. L\u2019IG post-exposition offre une protection de moins de deux mois. Pour les adultes de moins de 40 ans, la vaccination post-exposition contre le VHA est g\u00e9n\u00e9ralement une meilleure option, car elle peut offrir une protection \u00e0 long terme chez les personnes qui n\u2019ont pas encore \u00e9t\u00e9 vaccin\u00e9es. Apr\u00e8s l\u2019\u00e2ge de 40 ans, le CDC recommande un traitement par immunoglobulines pour le VHA.<\/p>\n<\/div>\n\n<div class=\"wp-block-paragraph \">\n<p>Vous pouvez aider \u00e0 pr\u00e9venir la propagation du VHA en :<\/p>\n<\/div>\n\n<div class=\"wp-block-list\">\n<ul class=\"wp-block-list\">\n<li>Se faire vacciner si vous occupez un emploi \u00e0 haut risque (p. ex., Mati\u00e8res dangereuses, USAR, SCUBA)<\/li>\n\n\n\n<li>Utilisation de pr\u00e9cautions universelles<div class=\"wp-block-list\">\n<ul class=\"wp-block-list\">\n<li>Hygi\u00e8ne des mains (laver \u00e0 l\u2019eau et au savon ou \u00e0 l\u2019aide d\u2019un d\u00e9sinfectant pour les mains \u00e0 base d\u2019alcool)<\/li>\n\n\n\n<li>\u00c9quipement de protection individuelle (EPI) (gants, blouses, masques et lunettes de protection de la bouche, du nez et des yeux)<\/li>\n\n\n\n<li>Manipulation et \u00e9limination appropri\u00e9es des instruments, des appareils et des v\u00eatements contamin\u00e9s par du sang ou des liquides corporels<\/li>\n<\/ul>\n<\/div><\/li>\n\n\n\n<li>Assurez-vous que tous vos enfants sont vaccin\u00e9s contre le VHA (\u00e2g\u00e9s de 12 mois et plus).<\/li>\n<\/ul>\n<\/div>\n<\/div><\/section>\n<section\n\t class=\"page-blocks iaff-page-blocks align wp-block-acf-page-blocks\" id=\"page-blocks_block_80b16259aa2afc7fdc2efaf6d771df69\">\n\t<div class=\"acf-innerblocks-container\">\n<section\n\t class=\"section-header mb-10 align wp-block-acf-section-header\" id=\"section-header_block_87321b3907bf447d87cc434b9cdc3277\">\n\t<div class=\"\">\n\t<div class=\"flex flex-col md:flex-row justify-between max-w-content gap-x-8 md:items-end flex-wrap\">\n\t\t<h2 class=\"text-heading-200 pb-[2px]\">\n\t\t\tQue devez-vous faire si vous \u00eates expos\u00e9 \u00e0 la maladie ou si vous contractez la maladie ?\t\t<\/h2>\n\n\t\t\t\t\t<div class=\"md:order-last w-full\">\n\t\t\t\t\n\t<hr class=\"h-[6px] text-red border-red bg-red w-full my-0\" role=\"presentation\"\/>\n\n\t<div class=\"h-divider w-full bg-halftone-divider bg-right\"><\/div>\n\t\t\t<\/div>\n\t\t\n\t\t\t<\/div>\n<\/div>\n<\/section>\n\n\n<div class=\"wp-block-paragraph \">\n<p>Vous devriez consulter imm\u00e9diatement un m\u00e9decin ou un professionnel de la sant\u00e9 si vous pensez avoir \u00e9t\u00e9 expos\u00e9 au virus de l\u2019h\u00e9patite A. Le fournisseur de soins de sant\u00e9 peut vous proposer un vaccin contre l\u2019h\u00e9patite A ou un traitement par immunoglobulines.<\/p>\n<\/div>\n<\/div><\/section>\n","protected":false},"excerpt":{"rendered":"","protected":false},"featured_media":0,"parent":71457,"menu_order":0,"comment_status":"closed","ping_status":"closed","template":"","meta":{"_acf_changed":false,"_searchwp_excluded":"","inline_featured_image":false,"_EventAllDay":false,"_EventTimezone":"","_EventStartDate":"","_EventEndDate":"","_EventStartDateUTC":"","_EventEndDateUTC":"","_EventShowMap":false,"_EventShowMapLink":false,"_EventURL":"","_EventCost":"","_EventCostDescription":"","_EventCurrencySymbol":"","_EventCurrencyCode":"","_EventCurrencyPosition":"","_EventDateTimeSeparator":"","_EventTimeRangeSeparator":"","_EventOrganizerID":[],"_EventVenueID":[],"_OrganizerEmail":"","_OrganizerPhone":"","_OrganizerWebsite":"","_VenueAddress":"","_VenueCity":"","_VenueCountry":"","_VenueProvince":"","_VenueState":"","_VenueZip":"","_VenuePhone":"","_VenueURL":"","_VenueStateProvince":"","_VenueLat":"","_VenueLng":"","_VenueShowMap":false,"_VenueShowMapLink":false,"footnotes":""},"class_list":["post-72220","page","type-page","status-publish","hentry"],"acf":[],"publishpress_future_workflow_manual_trigger":{"enabledWorkflows":[]},"_links":{"self":[{"href":"https:\/\/www.iaff.org\/fr-ca\/wp-json\/wp\/v2\/pages\/72220","targetHints":{"allow":["GET"]}}],"collection":[{"href":"https:\/\/www.iaff.org\/fr-ca\/wp-json\/wp\/v2\/pages"}],"about":[{"href":"https:\/\/www.iaff.org\/fr-ca\/wp-json\/wp\/v2\/types\/page"}],"author":[{"embeddable":true,"href":"https:\/\/www.iaff.org\/fr-ca\/wp-json\/wp\/v2\/users\/3"}],"replies":[{"embeddable":true,"href":"https:\/\/www.iaff.org\/fr-ca\/wp-json\/wp\/v2\/comments?post=72220"}],"version-history":[{"count":0,"href":"https:\/\/www.iaff.org\/fr-ca\/wp-json\/wp\/v2\/pages\/72220\/revisions"}],"up":[{"embeddable":true,"href":"https:\/\/www.iaff.org\/fr-ca\/wp-json\/wp\/v2\/pages\/71457"}],"wp:attachment":[{"href":"https:\/\/www.iaff.org\/fr-ca\/wp-json\/wp\/v2\/media?parent=72220"}],"curies":[{"name":"wp","href":"https:\/\/api.w.org\/{rel}","templated":true}]}}