{"id":72209,"date":"2024-03-11T14:50:29","date_gmt":"2024-03-11T18:50:29","guid":{"rendered":"https:\/\/www.iaff.org\/maladies\/rougeole\/"},"modified":"2024-04-28T21:05:15","modified_gmt":"2024-04-29T01:05:15","slug":"rougeole","status":"publish","type":"page","link":"https:\/\/www.iaff.org\/fr-ca\/maladies-infectieuses\/maladies\/rougeole\/","title":{"rendered":"Rougeole"},"content":{"rendered":"<section\n\t class=\"secondary-hero align wp-block-acf-secondary-hero\" id=\"secondary-hero_block_f85949fb7720c6a48cd069010bf9efde\">\n\t\n<header\n\tclass=\"w-full u-bg-full-width px-[22px] md:ps-bleed md:pe-0 py-[60px] bg-smoke-5 text-black u-has-rivets u-rivets-dark\"\n\tdata-theme=\"gray\"\n>\n\t<div class=\"flex flex-col !px-0 !max-w-[1440px] w-full lg:!ps-indent\">\n\t\t<div class=\"border-t-[6px] w-full my-0 flex flex-col md:flex-row gap-x-[62px] gap-y-[22px] border-red\">\n\t\t\t\t\t\t<div class=\"w-full md:w-1\/2 md:py-[45px]\">\n\t\t\t\t<div class=\"max-w-[600px] flex flex-col gap-[22px]\">\n\t\t\t\t\t\t\t\t\t\t\t<h1 class=\"has-[.u-halftone-shadow--dark]:mb-divider has-[.u-halftone-shadow--light]:mb-divider pt-[22px] md:pt-0\">\n\t\t\t\t\t\t\t<span class=\"inline-flex text-heading-200 u-halftone-shadow--dark\">\n\t\t\t\t\t\t\t\tRougeole\t\t\t\t\t\t\t<\/span>\n\t\t\t\t\t\t<\/h1>\n\t\t\t\t\t\t\t\t\t\t\t\t\t\t\t\t\t\t\t\t\t\t\t\t\t\t\t\t\t<\/div>\n\t\t\t<\/div>\n\n\t\t<\/div>\n\t\t\t\t\t<div class=\"order-first flex justify-start w-full pb-[22px]\">\n\t\t\t\t<div\n\tclass=\"wp-block-button is-style-tertiary text-smoke is-style-tertiary-back\"\n>\n\t\t\t<a\n\t\t\thref=\"https:\/\/www.iaff.org\/infectious-disease\/diseases\/\"\n\t\t\tclass=\"wp-block-button__link wp-element-button group\"\n\t\t\t\t\t>\n\t\t\t<span\n\t\t\tclass=\"decoration-transparent underline underline-offset-2 group-hover:decoration-inherit group-focus-visible:decoration-inherit transition duration-hover\"\n\t\t>\n\t\t\tMaladies infectieuses\t\t<\/span>\n\n\t\t<span\n\t\t\tclass=\"bg-inherit transition-colors duration-hover group-hover:bg-gold group-focus:bg-gold inline-flex rotate-180 order-first\"\n\t\t>\n\t\t\t<svg xmlns=\"http:\/\/www.w3.org\/2000\/svg\" width=\"21\" height=\"22\" fill=\"none\" viewBox=\"0 0 21 22\"><path stroke=\"currentColor\" stroke-linecap=\"round\" stroke-width=\"2\" d=\"M20 20.75L20 2.25L1.5 2.25L1.5 20.75L20 20.75Z\" clip-rule=\"evenodd\"\/><path stroke=\"currentColor\" stroke-linecap=\"square\" stroke-width=\"2\" d=\"M14.0883 11.5L6.66406 11.5\"\/><path stroke=\"currentColor\" stroke-linecap=\"square\" stroke-width=\"2\" d=\"M11.0723 7.75205L14.8363 11.5L11.0723 15.248\"\/><\/svg>\t\t<\/span>\n\t<\/a><\/div>\n\t\t\t<\/div>\n\t\t\t<\/div>\n<\/header>\n<\/section>\n<section\n\t class=\"page-blocks iaff-page-blocks align wp-block-acf-page-blocks\" id=\"page-blocks_block_27b1f7915ee561a5c7173ea5c53e292e\">\n\t<div class=\"acf-innerblocks-container\">\n<div class=\"wp-block-paragraph \">\n<p>La rougeole, \u00e9galement appel\u00e9e rub\u00e9ole, est une maladie tr\u00e8s contagieuse caus\u00e9e par un virus.<\/p>\n<\/div>\n\n\n<h3 class=\"wp-block-heading\">Comment pouvez-vous la contracter ?<\/h3>\n\n\n<div class=\"wp-block-paragraph \">\n<p>La rougeole se propage par \u00ab transmission a\u00e9rienne \u00bb de gouttelettes ou de petites particules qui restent infectieuses au fil du temps et de la distance. Ainsi, l\u2019exposition peut se produire lors d\u2019un contact \u00e9troit avec une personne infect\u00e9e qui tousse ou \u00e9ternue, mais le virus peut \u00e9galement voyager sur de longues distances par les courants d\u2019air et \u00eatre inhal\u00e9 par des personnes qui n\u2019ont pas eu de contact direct avec la personne infectieuse (ou m\u00eame qui n\u2019ont pas \u00e9t\u00e9 dans la m\u00eame pi\u00e8ce que celle-ci). Les patients atteints de rougeole sont contagieux pendant 4 jours avant et 4 jours apr\u00e8s l\u2019apparition de l\u2019\u00e9ruption cutan\u00e9e. 90 % des personnes proches d\u2019un patient contagieux seront \u00e9galement infect\u00e9es si elles ne sont pas d\u00e9j\u00e0 immunis\u00e9es. Le virus peut vivre sur des surfaces infect\u00e9es jusqu\u2019\u00e0 2 heures et toucher une surface contamin\u00e9e par des particules virales, puis se toucher le nez ou la bouche peut \u00e9galement entra\u00eener une infection.<\/p>\n<\/div>\n\n<section\n\t class=\"section-header mb-10 align wp-block-acf-section-header\" id=\"section-header_block_8d91d138baaf82bf56a62c44395837b6\">\n\t<div class=\"\">\n\t<div class=\"flex flex-col md:flex-row justify-between max-w-content gap-x-8 md:items-end flex-wrap\">\n\t\t<h2 class=\"text-heading-200 pb-[2px]\">\n\t\t\tSympt\u00f4mes\t\t<\/h2>\n\n\t\t\t\t\t<div class=\"md:order-last w-full\">\n\t\t\t\t\n\t<hr class=\"h-[6px] text-red border-red bg-red w-full my-0\" role=\"presentation\"\/>\n\n\t<div class=\"h-divider w-full bg-halftone-divider bg-right\"><\/div>\n\t\t\t<\/div>\n\t\t\n\t\t\t<\/div>\n<\/div>\n<\/section>\n\n\n<div class=\"wp-block-paragraph \">\n<p>Les sympt\u00f4mes de la rougeole commencent environ 7 \u00e0 14 jours apr\u00e8s l\u2019exposition au virus et comprennent :<\/p>\n<\/div>\n\n<div class=\"wp-block-list\">\n<ul class=\"wp-block-list\">\n<li>Fi\u00e8vre<\/li>\n\n\n\n<li>Toux<\/li>\n\n\n\n<li>Nez qui coule<\/li>\n\n\n\n<li>Maux de gorge<\/li>\n\n\n\n<li>Conjonctivite (yeux rouges)<\/li>\n\n\n\n<li>3 \u00e0 5 jours apr\u00e8s ces sympt\u00f4mes, une \u00e9ruption cutan\u00e9e rouge commence sur le visage et se propage dans le dos et le tronc, ainsi que dans les bras, les mains, les jambes et les pieds.<\/li>\n<\/ul>\n<\/div>\n\n<div class=\"wp-block-paragraph \">\n<p>Les <strong>complications<\/strong> de la rougeole peuvent inclure : une infection de l\u2019oreille, de la diarrh\u00e9e, une pneumonie et\/ou une inflammation du cerveau (enc\u00e9phalite). Un ou deux enfants sur 1000 qui contractent la rougeole en mourront.<\/p>\n<\/div>\n\n<section\n\t class=\"section-header mb-10 align wp-block-acf-section-header\" id=\"section-header_block_2fe7b5d490f7752d08a0a34ee9c7fd76\">\n\t<div class=\"\">\n\t<div class=\"flex flex-col md:flex-row justify-between max-w-content gap-x-8 md:items-end flex-wrap\">\n\t\t<h2 class=\"text-heading-200 pb-[2px]\">\n\t\t\tPr\u00e9vention\t\t<\/h2>\n\n\t\t\t\t\t<div class=\"md:order-last w-full\">\n\t\t\t\t\n\t<hr class=\"h-[6px] text-red border-red bg-red w-full my-0\" role=\"presentation\"\/>\n\n\t<div class=\"h-divider w-full bg-halftone-divider bg-right\"><\/div>\n\t\t\t<\/div>\n\t\t\n\t\t\t<\/div>\n<\/div>\n<\/section>\n\n\n<div class=\"wp-block-paragraph \">\n<p>La rougeole est maintenant rare aux \u00c9tats-Unis ; En 2009, seuls 71 cas de rougeole ont \u00e9t\u00e9 signal\u00e9s. Cela est d\u00fb au succ\u00e8s des programmes de vaccination. Le vaccin contre la rougeole (ROR) vaccine \u00e9galement contre les oreillons et la rub\u00e9ole et est un vaccin de routine pour les enfants. Le vaccin (ROR) <strong>ne cause pas l\u2019autisme<\/strong>. \u00c0 l\u2019heure actuelle, deux doses sont recommand\u00e9es \u00e0 l\u2019enfance.<\/p>\n<\/div>\n\n<div class=\"wp-block-paragraph \">\n<p>Selon le PDF des recommandations de vaccination du personnel de sant\u00e9 \u00e0 <a href=\"https:\/\/www.cdc.gov\/vaccines\/vpd-vac\/measles\/vacc-in-short.htm\" target=\"_blank\" rel=\"noopener\">https:\/\/www.cdc.gov\/vaccines\/vpd-vac\/measles\/vacc-in-short.htm<\/a>, le personnel de sant\u00e9 n\u00e9 en 1957 ou apr\u00e8s qui n\u2019a pas de preuve de vaccination ant\u00e9rieure doit subir un test d\u2019immunit\u00e9. Si vous n\u2019\u00eates pas immunis\u00e9, il est recommand\u00e9 de se faire vacciner avec 2 doses de ROR \u00e0 4 semaines d\u2019intervalle. Ce document fournit des informations suppl\u00e9mentaires pour le personnel de sant\u00e9 n\u00e9 avant 1957.<\/p>\n<\/div>\n\n<div class=\"wp-block-paragraph \">\n<p>En plus de la vaccination, vous pouvez aider \u00e0 pr\u00e9venir la propagation de la rougeole en prenant les mesures suivantes :<\/p>\n<\/div>\n\n<div class=\"wp-block-list\">\n<ul class=\"wp-block-list\">\n<li>Ventilation puisque le virus de la rougeole se propage par voie a\u00e9rienne<\/li>\n\n\n\n<li>Pr\u00e9vention de la contamination et d\u00e9contamination des surfaces<\/li>\n\n\n\n<li>Utilisation de pr\u00e9cautions universelles<div class=\"wp-block-list\">\n<ul class=\"wp-block-list\">\n<li>Supposer que les patients pr\u00e9sentant des sympt\u00f4mes respiratoires sont contagieux et fournir des masques aux patients symptomatiques<\/li>\n\n\n\n<li>Limiter le nombre de membres de l\u2019\u00e9quipe ayant un contact direct avec les patients<\/li>\n\n\n\n<li>Hygi\u00e8ne des mains (laver \u00e0 l\u2019eau et au savon ou \u00e0 l\u2019aide d\u2019un d\u00e9sinfectant pour les mains \u00e0 base d\u2019alcool)<\/li>\n\n\n\n<li>\u00c9quipement de protection individuelle (EPI) (gants, blouses, respirateurs N95 ou plus certifi\u00e9s NIOSH et lunettes de protection de la bouche, du nez et des yeux). <strong>L\u2019AIP recommande l\u2019utilisation de respirateurs P100<\/strong> pour tous les patients pr\u00e9sentant des sympt\u00f4mes respiratoires tels que la toux<\/li>\n<\/ul>\n<\/div><\/li>\n<\/ul>\n<\/div>\n\n<section\n\t class=\"section-header mb-10 align wp-block-acf-section-header\" id=\"section-header_block_61b394f270017f0f8acc5d6925bdfa74\">\n\t<div class=\"\">\n\t<div class=\"flex flex-col md:flex-row justify-between max-w-content gap-x-8 md:items-end flex-wrap\">\n\t\t<h2 class=\"text-heading-200 pb-[2px]\">\n\t\t\tQue devez-vous faire si vous \u00eates expos\u00e9 \u00e0 la maladie ou si vous contractez la maladie ?\t\t<\/h2>\n\n\t\t\t\t\t<div class=\"md:order-last w-full\">\n\t\t\t\t\n\t<hr class=\"h-[6px] text-red border-red bg-red w-full my-0\" role=\"presentation\"\/>\n\n\t<div class=\"h-divider w-full bg-halftone-divider bg-right\"><\/div>\n\t\t\t<\/div>\n\t\t\n\t\t\t<\/div>\n<\/div>\n<\/section>\n\n\n<div class=\"wp-block-paragraph \">\n<p>Si vous \u00eates immunis\u00e9, communiquez avec votre agent de pr\u00e9vention des infections pour documenter une exposition li\u00e9e au travail. Si vous n\u2019\u00eates pas immunis\u00e9, communiquez avec l\u2019agent de pr\u00e9vention des infections et le fournisseur de soins de sant\u00e9 pour discuter d\u2019un d\u00e9pistage et d\u2019un traitement possibles. S\u2019il est administr\u00e9 dans les 72 heures suivant l\u2019exposition \u00e0 la rougeole, le vaccin contre la rougeole peut offrir une certaine protection. Dans la plupart des contextes, la vaccination post-exposition est pr\u00e9f\u00e9rable \u00e0 l\u2019utilisation d\u2019immunoglobulines. Les immunoglobulines peuvent \u00eatre administr\u00e9es dans les 6 jours suivant l\u2019exposition et sont indiqu\u00e9es pour les m\u00e9nages sensibles ou d\u2019autres contacts \u00e9troits de patients atteints de rougeole, en particulier les contacts de moins de 1 an, les femmes enceintes et les personnes immunod\u00e9prim\u00e9es, pour lesquelles le risque de complications est le plus \u00e9lev\u00e9.<\/p>\n<\/div>\n\n<div class=\"wp-block-paragraph \">\n<p>Le CDC a des directives sp\u00e9cifiques pour les \u00e9pid\u00e9mies dans les milieux m\u00e9dicaux : tous les membres du personnel n\u00e9s pendant ou apr\u00e8s 1957 devraient recevoir deux doses du vaccin ROR, \u00e0 moins qu\u2019ils n\u2019aient des documents d\u2019immunit\u00e9 contre la rougeole. Les personnes n\u00e9es avant 1957 sans preuve d\u2019immunit\u00e9 contre la rougeole devraient recevoir une dose de ROR. Le d\u00e9pistage s\u00e9rologique des travailleurs de la sant\u00e9 pendant une \u00e9pid\u00e9mie pour d\u00e9terminer l\u2019immunit\u00e9 contre la rougeole n\u2019est g\u00e9n\u00e9ralement pas recommand\u00e9, car l\u2019arr\u00eat de la transmission de la rougeole n\u00e9cessite la vaccination rapide des travailleurs de la sant\u00e9 sensibles.<\/p>\n<\/div>\n\n<div class=\"wp-block-paragraph \">\n<p>Les membres du personnel sensibles qui ont \u00e9t\u00e9 expos\u00e9s \u00e0 la rougeole doivent \u00eatre lib\u00e9r\u00e9s de tout contact avec le patient et exclus de l\u2019\u00e9tablissement entre le 5e et le 21e jour apr\u00e8s l\u2019exposition, qu\u2019ils aient re\u00e7u ou non un vaccin ou des immunoglobulines apr\u00e8s l\u2019exposition. Le personnel qui tombe malade doit \u00eatre soulag\u00e9 de tout contact avec les patients et exclu de l\u2019\u00e9tablissement pendant 4 jours apr\u00e8s l\u2019apparition d\u2019une \u00e9ruption cutan\u00e9e.<\/p>\n<\/div>\n<\/div><\/section>\n","protected":false},"excerpt":{"rendered":"","protected":false},"featured_media":0,"parent":71457,"menu_order":0,"comment_status":"closed","ping_status":"closed","template":"","meta":{"_acf_changed":false,"_searchwp_excluded":"","inline_featured_image":false,"_EventAllDay":false,"_EventTimezone":"","_EventStartDate":"","_EventEndDate":"","_EventStartDateUTC":"","_EventEndDateUTC":"","_EventShowMap":false,"_EventShowMapLink":false,"_EventURL":"","_EventCost":"","_EventCostDescription":"","_EventCurrencySymbol":"","_EventCurrencyCode":"","_EventCurrencyPosition":"","_EventDateTimeSeparator":"","_EventTimeRangeSeparator":"","_EventOrganizerID":[],"_EventVenueID":[],"_OrganizerEmail":"","_OrganizerPhone":"","_OrganizerWebsite":"","_VenueAddress":"","_VenueCity":"","_VenueCountry":"","_VenueProvince":"","_VenueState":"","_VenueZip":"","_VenuePhone":"","_VenueURL":"","_VenueStateProvince":"","_VenueLat":"","_VenueLng":"","_VenueShowMap":false,"_VenueShowMapLink":false,"footnotes":""},"class_list":["post-72209","page","type-page","status-publish","hentry"],"acf":[],"publishpress_future_workflow_manual_trigger":{"enabledWorkflows":[]},"_links":{"self":[{"href":"https:\/\/www.iaff.org\/fr-ca\/wp-json\/wp\/v2\/pages\/72209","targetHints":{"allow":["GET"]}}],"collection":[{"href":"https:\/\/www.iaff.org\/fr-ca\/wp-json\/wp\/v2\/pages"}],"about":[{"href":"https:\/\/www.iaff.org\/fr-ca\/wp-json\/wp\/v2\/types\/page"}],"author":[{"embeddable":true,"href":"https:\/\/www.iaff.org\/fr-ca\/wp-json\/wp\/v2\/users\/3"}],"replies":[{"embeddable":true,"href":"https:\/\/www.iaff.org\/fr-ca\/wp-json\/wp\/v2\/comments?post=72209"}],"version-history":[{"count":0,"href":"https:\/\/www.iaff.org\/fr-ca\/wp-json\/wp\/v2\/pages\/72209\/revisions"}],"up":[{"embeddable":true,"href":"https:\/\/www.iaff.org\/fr-ca\/wp-json\/wp\/v2\/pages\/71457"}],"wp:attachment":[{"href":"https:\/\/www.iaff.org\/fr-ca\/wp-json\/wp\/v2\/media?parent=72209"}],"curies":[{"name":"wp","href":"https:\/\/api.w.org\/{rel}","templated":true}]}}