{"id":72204,"date":"2024-03-11T11:03:21","date_gmt":"2024-03-11T15:03:21","guid":{"rendered":"https:\/\/www.iaff.org\/maladies\/poux\/"},"modified":"2024-04-28T21:05:15","modified_gmt":"2024-04-29T01:05:15","slug":"poux","status":"publish","type":"page","link":"https:\/\/www.iaff.org\/fr-ca\/maladies-infectieuses\/maladies\/poux\/","title":{"rendered":"Poux"},"content":{"rendered":"<section\n\t class=\"secondary-hero align wp-block-acf-secondary-hero\" id=\"secondary-hero_block_27504e54e55a8b34b668df06f7612b9d\">\n\t\n<header\n\tclass=\"w-full u-bg-full-width px-[22px] md:ps-bleed md:pe-0 py-[60px] bg-smoke-5 text-black u-has-rivets u-rivets-dark\"\n\tdata-theme=\"gray\"\n>\n\t<div class=\"flex flex-col !px-0 !max-w-[1440px] w-full lg:!ps-indent\">\n\t\t<div class=\"border-t-[6px] w-full my-0 flex flex-col md:flex-row gap-x-[62px] gap-y-[22px] border-red\">\n\t\t\t\t\t\t<div class=\"w-full md:w-1\/2 md:py-[45px]\">\n\t\t\t\t<div class=\"max-w-[600px] flex flex-col gap-[22px]\">\n\t\t\t\t\t\t\t\t\t\t\t<h1 class=\"has-[.u-halftone-shadow--dark]:mb-divider has-[.u-halftone-shadow--light]:mb-divider pt-[22px] md:pt-0\">\n\t\t\t\t\t\t\t<span class=\"inline-flex text-heading-200 u-halftone-shadow--dark\">\n\t\t\t\t\t\t\t\tPoux\t\t\t\t\t\t\t<\/span>\n\t\t\t\t\t\t<\/h1>\n\t\t\t\t\t\t\t\t\t\t\t\t\t\t\t\t\t\t\t\t\t\t\t\t\t\t\t\t\t<\/div>\n\t\t\t<\/div>\n\n\t\t<\/div>\n\t\t\t\t\t<div class=\"order-first flex justify-start w-full pb-[22px]\">\n\t\t\t\t<div\n\tclass=\"wp-block-button is-style-tertiary text-smoke is-style-tertiary-back\"\n>\n\t\t\t<a\n\t\t\thref=\"https:\/\/www.iaff.org\/infectious-disease\/diseases\/\"\n\t\t\tclass=\"wp-block-button__link wp-element-button group\"\n\t\t\t\t\t>\n\t\t\t<span\n\t\t\tclass=\"decoration-transparent underline underline-offset-2 group-hover:decoration-inherit group-focus-visible:decoration-inherit transition duration-hover\"\n\t\t>\n\t\t\tMaladies infectieuses\t\t<\/span>\n\n\t\t<span\n\t\t\tclass=\"bg-inherit transition-colors duration-hover group-hover:bg-gold group-focus:bg-gold inline-flex rotate-180 order-first\"\n\t\t>\n\t\t\t<svg xmlns=\"http:\/\/www.w3.org\/2000\/svg\" width=\"21\" height=\"22\" fill=\"none\" viewBox=\"0 0 21 22\"><path stroke=\"currentColor\" stroke-linecap=\"round\" stroke-width=\"2\" d=\"M20 20.75L20 2.25L1.5 2.25L1.5 20.75L20 20.75Z\" clip-rule=\"evenodd\"\/><path stroke=\"currentColor\" stroke-linecap=\"square\" stroke-width=\"2\" d=\"M14.0883 11.5L6.66406 11.5\"\/><path stroke=\"currentColor\" stroke-linecap=\"square\" stroke-width=\"2\" d=\"M11.0723 7.75205L14.8363 11.5L11.0723 15.248\"\/><\/svg>\t\t<\/span>\n\t<\/a><\/div>\n\t\t\t<\/div>\n\t\t\t<\/div>\n<\/header>\n<\/section>\n<section\n\t class=\"page-blocks iaff-page-blocks align wp-block-acf-page-blocks\" id=\"page-blocks_block_1ab4ce5dea67b83a7d96bf3793e5657c\">\n\t<div class=\"acf-innerblocks-container\">\n<div class=\"wp-block-paragraph \">\n<p>Les poux sont de petits parasites qui vivent enti\u00e8rement sur les humains. La p\u00e9diculose est le terme d\u00e9signant une infestation de poux. Les poux femelles s\u2019accrochent \u00e0 la peau ou aux poils et pondent leurs \u0153ufs, appel\u00e9s lentes. Les poux adultes ont la taille d\u2019une graine de s\u00e9same, ont six pattes et sont beige \u00e0 blanc gris\u00e2tre.<\/p>\n<\/div>\n\n<div class=\"wp-block-paragraph \">\n<p>Les adultes et les larves immatures se nourrissent de sang humain. Les petites piq\u00fbres de poux sont intens\u00e9ment irritantes, ce qui entra\u00eene des \u00e9gratignures et un risque d\u2019infections cutan\u00e9es secondaires dues \u00e0 des bact\u00e9ries sur la peau.<\/p>\n<\/div>\n\n\n<figure class=\"wp-block-table\"><table><tbody><tr><td colspan=\"3\">Il existe trois types de poux :<\/td><\/tr><tr><td>Poux de corps<\/td><td><em>(Pediculus humanus corporis)<\/em><\/td><td>Plus gros que les poux de t\u00eate ou les poux du pubis et vivent dans les coutures des v\u00eatements<\/td><\/tr><tr><td>Poux<\/td><td><em>(Pediculus humanus capitis)<\/em><\/td><td>Vivre sur le cuir chevelu, les sourcils, les cils ; Plus fr\u00e9quent chez les enfants<\/td><\/tr><tr><td>Poux du pubis<\/td><td><em>(Phthirus pubis ; \u00ab crabes \u00bb)<\/em><\/td><td>Vivre dans la r\u00e9gion pubienne, parfois sur d\u2019autres poils grossiers tels que les aisselles ou la barbe<\/td><\/tr><\/tbody><\/table><\/figure>\n\n\n<div class=\"wp-block-paragraph \">\n<p>La gale est une maladie de la peau caus\u00e9e par des acariens, un type de parasite, qui p\u00e9n\u00e8trent dans la peau pour creuser des terriers. L\u2019acarien pond ses \u0153ufs sous la peau dans ces terriers, provoquant des d\u00e9mangeaisons intenses. Les d\u00e9mangeaisons peuvent entra\u00eener d\u2019autres d\u00e9chirures de la peau qui peuvent s\u2019infecter. Un type de gale, la gale en cro\u00fbte, est une forme grave qui peut survenir chez les personnes immunod\u00e9prim\u00e9es (dont le syst\u00e8me immunitaire est faible), les personnes \u00e2g\u00e9es, handicap\u00e9es ou affaiblies. On l\u2019appelle aussi gale norv\u00e9gienne. Les personnes atteintes de gale en cro\u00fbte ont des cro\u00fbtes de peau \u00e9paisses qui contiennent un grand nombre d\u2019acariens et d\u2019\u0153ufs de gale. Les personnes atteintes de gale cro\u00fbteuse sont tr\u00e8s contagieuses pour d\u2019autres personnes et peuvent facilement propager l\u2019infestation \u00e0 la fois par contact direct peau \u00e0 peau et par contamination d\u2019articles tels que leurs v\u00eatements, leur literie et leurs meubles.<\/p>\n<\/div>\n\n\n<h3 class=\"wp-block-heading\">Comment pouvez-vous les contracter ?<\/h3>\n\n\n<div class=\"wp-block-paragraph \">\n<p>Les poux se transmettent par contact \u00e9troit et direct avec une personne atteinte de poux ou avec des v\u00eatements, des serviettes ou de la literie infect\u00e9s. Les poux rampent et ne peuvent pas voler. Vous pouvez attraper des poux en :<\/p>\n<\/div>\n\n<div class=\"wp-block-list\">\n<ul class=\"wp-block-list\">\n<li>Contact direct avec quelqu\u2019un qui a des poux de t\u00eate<\/li>\n\n\n\n<li>R\u00e9utiliser la literie et les serviettes infect\u00e9es par les poux<\/li>\n\n\n\n<li>Partager des objets personnels tels que des chapeaux, des serviettes, des brosses ou des peignes d\u2019une personne qui a des poux<\/li>\n<\/ul>\n<\/div>\n\n<div class=\"wp-block-paragraph \">\n<p>L\u2019acarien qui cause la gale se propage g\u00e9n\u00e9ralement par contact prolong\u00e9 et direct de peau \u00e0 peau. La gale est fr\u00e9quente dans les zones surpeupl\u00e9es o\u00f9 l\u2019assainissement est m\u00e9diocre. Des \u00e9closions se sont produites dans des prisons, des maisons de soins infirmiers et des garderies. La gale professionnelle est principalement un risque li\u00e9 \u00e0 l\u2019exposition des patients atteints de gale en cro\u00fbte, o\u00f9 la transmission peut se produire m\u00eame apr\u00e8s un bref contact peau \u00e0 peau, comme une poign\u00e9e de main.<\/p>\n<\/div>\n\n<section\n\t class=\"section-header mb-10 align wp-block-acf-section-header\" id=\"section-header_block_5e3774fddacf0f5704f0c39d7120616f\">\n\t<div class=\"\">\n\t<div class=\"flex flex-col md:flex-row justify-between max-w-content gap-x-8 md:items-end flex-wrap\">\n\t\t<h2 class=\"text-heading-200 pb-[2px]\">\n\t\t\tSympt\u00f4mes\t\t<\/h2>\n\n\t\t\t\t\t<div class=\"md:order-last w-full\">\n\t\t\t\t\n\t<hr class=\"h-[6px] text-red border-red bg-red w-full my-0\" role=\"presentation\"\/>\n\n\t<div class=\"h-divider w-full bg-halftone-divider bg-right\"><\/div>\n\t\t\t<\/div>\n\t\t\n\t\t\t<\/div>\n<\/div>\n<\/section>\n\n\n<div class=\"wp-block-paragraph \">\n<p>Des d\u00e9mangeaisons intenses sont le principal sympt\u00f4me. Les poux et les sympt\u00f4mes se trouvent g\u00e9n\u00e9ralement : le long du cuir chevelu, \u00e0 la ceinture, sous les aisselles, au niveau de la bretelle du soutien-gorge ou partout o\u00f9 les v\u00eatements sont plus serr\u00e9s et plus proches du corps.<\/p>\n<\/div>\n\n<div class=\"wp-block-paragraph \">\n<p>Les signes et sympt\u00f4mes des poux peuvent inclure :<\/p>\n<\/div>\n\n<div class=\"wp-block-list\">\n<ul class=\"wp-block-list\">\n<li>D\u00e9mangeaisons intenses<\/li>\n\n\n\n<li>Bosses rouges sur la peau<\/li>\n\n\n\n<li>Zones o\u00f9 la peau a \u00e9t\u00e9 excessivement gratt\u00e9e<\/li>\n\n\n\n<li>Minuscules taches blanches (\u0153ufs ou lentes) sur le bas des tiges capillaires qui sont difficiles \u00e0 enlever<\/li>\n\n\n\n<li>Les d\u00e9mangeaisons peuvent persister pendant 2 \u00e0 4 semaines apr\u00e8s l\u2019\u00e9limination des poux<\/li>\n<\/ul>\n<\/div>\n\n<div class=\"wp-block-paragraph \">\n<p>Une complication de la p\u00e9diculose r\u00e9sulte des d\u00e9mangeaisons intenses qui entra\u00eenent un grattage de la peau. Une fois la peau gratt\u00e9e, de petites coupures se forment et peuvent \u00eatre infect\u00e9es par des bact\u00e9ries. Ces parasites sont \u00e9galement tr\u00e8s contagieux et d\u2019autres membres de la famille doivent \u00e9galement \u00eatre \u00e9valu\u00e9s et trait\u00e9s.<\/p>\n<\/div>\n\n<div class=\"wp-block-paragraph \">\n<p>Les poux de corps sont connus pour propager le typhus \u00e9pid\u00e9mique, la fi\u00e8vre des tranch\u00e9es et la fi\u00e8vre r\u00e9currente transmise par les poux dans des conditions de troubles o\u00f9 une bonne hygi\u00e8ne n\u2019est pas possible, comme la guerre. Les poux de t\u00eate et les poux du pubis ne propagent pas de maladies.<\/p>\n<\/div>\n\n<div class=\"wp-block-paragraph \">\n<p>Les d\u00e9mangeaisons et les \u00e9ruptions cutan\u00e9es dues \u00e0 la r\u00e9ponse du syst\u00e8me immunitaire \u00e0 l\u2019acarien sont les sympt\u00f4mes les plus courants. Si une personne n\u2019a jamais eu la gale auparavant, les sympt\u00f4mes peuvent prendre jusqu\u2019\u00e0 4 \u00e0 6 semaines pour commencer. Il est important de se rappeler qu\u2019une personne infest\u00e9e peut propager la gale pendant cette p\u00e9riode, m\u00eame si elle ne pr\u00e9sente pas encore de sympt\u00f4mes. Chez une personne qui a d\u00e9j\u00e0 eu la gale, les sympt\u00f4mes apparaissent g\u00e9n\u00e9ralement beaucoup plus t\u00f4t (1 \u00e0 4 jours) apr\u00e8s l\u2019exposition.<\/p>\n<\/div>\n\n<section\n\t class=\"section-header mb-10 align wp-block-acf-section-header\" id=\"section-header_block_7b567ad0371309ea9d73652a3ed8005e\">\n\t<div class=\"\">\n\t<div class=\"flex flex-col md:flex-row justify-between max-w-content gap-x-8 md:items-end flex-wrap\">\n\t\t<h2 class=\"text-heading-200 pb-[2px]\">\n\t\t\tPr\u00e9vention\t\t<\/h2>\n\n\t\t\t\t\t<div class=\"md:order-last w-full\">\n\t\t\t\t\n\t<hr class=\"h-[6px] text-red border-red bg-red w-full my-0\" role=\"presentation\"\/>\n\n\t<div class=\"h-divider w-full bg-halftone-divider bg-right\"><\/div>\n\t\t\t<\/div>\n\t\t\n\t\t\t<\/div>\n<\/div>\n<\/section>\n\n\n<div class=\"wp-block-paragraph \">\n<p>La gale peut \u00eatre pr\u00e9venue par un \u00e9quipement de protection individuelle pour \u00e9viter le contact direct peau \u00e0 peau. Les personnes qui ont eu un contact peau \u00e0 peau avec une personne infest\u00e9e doivent en aviser leur agent de contr\u00f4le des infections et consulter un m\u00e9decin. Un traitement prophylactique peut \u00eatre indiqu\u00e9, en particulier pour la gale cro\u00fbteuse. D\u2019autres personnes au sein de la caserne devraient \u00eatre \u00e9valu\u00e9es pour les cas non reconnus. La gale peut parfois aussi se propager par contact avec des articles tels que des v\u00eatements, de la literie ou des serviettes qui ont \u00e9t\u00e9 utilis\u00e9s par une personne atteinte de gale, mais une telle propagation est tr\u00e8s rare, \u00e0 l\u2019exception de la gale en cro\u00fbte. Cependant, comme indiqu\u00e9 ci-dessous, une bonne hygi\u00e8ne exige que le linge de lit et les v\u00eatements soient lav\u00e9s apr\u00e8s chaque utilisation.<\/p>\n<\/div>\n\n<div class=\"wp-block-paragraph \">\n<p>Il est peu probable que l\u2019infestation par les poux de corps dure chez les personnes qui se baignent r\u00e9guli\u00e8rement et qui ont acc\u00e8s au moins une fois par semaine \u00e0 des v\u00eatements et \u00e0 de la literie fra\u00eechement lav\u00e9s. Les poux de t\u00eate sont moins faciles \u00e0 enlever et ne sont PAS une indication d\u2019une mauvaise hygi\u00e8ne, car de simples shampooings n\u2019\u00e9limineront pas les adultes ou les lentes.<\/p>\n<\/div>\n\n<div class=\"wp-block-paragraph \">\n<p>Pr\u00e9vention:<\/p>\n<\/div>\n\n<div class=\"wp-block-list\">\n<ul class=\"wp-block-list\">\n<li>Ne partagez pas d\u2019objets personnels tels que la literie, les serviettes ou les peignes<\/li>\n\n\n\n<li>Lavez le linge de maison tous les jours avec de l\u2019eau chaude<\/li>\n\n\n\n<li>Utilisation de pr\u00e9cautions universelles<div class=\"wp-block-list\">\n<ul class=\"wp-block-list\">\n<li>Hygi\u00e8ne des mains (laver \u00e0 l\u2019eau et au savon ou \u00e0 l\u2019aide d\u2019un d\u00e9sinfectant pour les mains \u00e0 base d\u2019alcool)<\/li>\n\n\n\n<li>Manipulation et \u00e9limination appropri\u00e9es des instruments\/dispositifs et des v\u00eatements contamin\u00e9s<\/li>\n<\/ul>\n<\/div><\/li>\n<\/ul>\n<\/div>\n\n<section\n\t class=\"section-header mb-10 align wp-block-acf-section-header\" id=\"section-header_block_6a92adf9c4548a9a360e88542482a064\">\n\t<div class=\"\">\n\t<div class=\"flex flex-col md:flex-row justify-between max-w-content gap-x-8 md:items-end flex-wrap\">\n\t\t<h2 class=\"text-heading-200 pb-[2px]\">\n\t\t\tQue devez-vous faire si vous \u00eates expos\u00e9 \u00e0 la maladie ou si vous contractez la maladie ?\t\t<\/h2>\n\n\t\t\t\t\t<div class=\"md:order-last w-full\">\n\t\t\t\t\n\t<hr class=\"h-[6px] text-red border-red bg-red w-full my-0\" role=\"presentation\"\/>\n\n\t<div class=\"h-divider w-full bg-halftone-divider bg-right\"><\/div>\n\t\t\t<\/div>\n\t\t\n\t\t\t<\/div>\n<\/div>\n<\/section>\n\n\n<div class=\"wp-block-paragraph \">\n<p>Un m\u00e9decin peut diagnostiquer la pr\u00e9sence de poux par un examen des cheveux, de la peau et des v\u00eatements.<\/p>\n<\/div>\n\n<div class=\"wp-block-paragraph \">\n<p>L\u2019am\u00e9lioration de l\u2019hygi\u00e8ne et l\u2019acc\u00e8s \u00e0 des changements r\u00e9guliers de v\u00eatements propres sont les seuls traitements n\u00e9cessaires pour les infestations de poux de corps.<\/p>\n<\/div>\n\n<div class=\"wp-block-paragraph \">\n<p>Les poux de t\u00eate peuvent \u00eatre diagnostiqu\u00e9s \u00e0 la maison en trouvant les lentes ou les adultes le long du cuir chevelu. Le traitement est recommand\u00e9 m\u00eame si un seul \u0153uf est trouv\u00e9.<\/p>\n<\/div>\n\n<div class=\"wp-block-paragraph \">\n<p>Pour la t\u00eate ou les poux :<\/p>\n<\/div>\n\n<div class=\"wp-block-list\">\n<ul class=\"wp-block-list\">\n<li>Utilisez des shampooings en vente libre contenant 1 % de perm\u00e9thrine ; Un nouveau traitement dans 9 jours pour tuer les \u0153ufs nouvellement \u00e9clos peut \u00eatre n\u00e9cessaire<\/li>\n\n\n\n<li>Les shampooings sur ordonnance contenant du malathion \u00e0 0,5 % ou de l\u2019alcool benzylique sont recommand\u00e9s si le traitement avec des shampooings en vente libre n\u2019est pas efficace<\/li>\n\n\n\n<li>Retirer les lentes (\u0153ufs)<div class=\"wp-block-list\">\n<ul class=\"wp-block-list\">\n<li>Le d\u00e9tergent \u00e0 vaisselle peut aider \u00e0 dissoudre la \u00ab colle \u00bb qui aide les lentes \u00e0 coller<\/li>\n\n\n\n<li>Les rayons de lentes sont sp\u00e9cialement con\u00e7us pour retirer les \u0153ufs<\/li>\n\n\n\n<li>Peignez \u00e0 nouveau les lentes dans 7 \u00e0 10 jours<\/li>\n<\/ul>\n<\/div><\/li>\n\n\n\n<li>Consultez un m\u00e9decin en cas d\u2019\u00e9chec des m\u00e9dicaments ou de signes d\u2019infection cutan\u00e9e<\/li>\n<\/ul>\n<\/div>\n\n<div class=\"wp-block-paragraph \">\n<p>Les poux du pubis sont \u00e9galement trait\u00e9s avec les shampooings ci-dessus<\/p>\n<\/div>\n\n<div class=\"wp-block-paragraph \">\n<p>Pour toute infestation de poux :<\/p>\n<\/div>\n\n<div class=\"wp-block-list\">\n<ul class=\"wp-block-list\">\n<li>D\u00e9truisez ou lavez soigneusement les v\u00eatements, la literie et les serviettes infect\u00e9s \u00e0 l\u2019eau chaude (au moins 130 \u00b0F), puis s\u00e9chez-les \u00e0 la machine \u00e0 l\u2019aide d\u2019un cycle chaud.<\/li>\n\n\n\n<li>Les articles qui ne peuvent pas \u00eatre lav\u00e9s \u00e0 l\u2019eau chaude doivent \u00eatre d\u00e9truits ou scell\u00e9s (\u00e9touff\u00e9s) dans des sacs en plastique et ne pas \u00eatre utilis\u00e9s pendant 10 \u00e0 14 jours.<\/li>\n\n\n\n<li>Traitez toutes les sources potentiellement infect\u00e9es pour \u00e9liminer la r\u00e9infection.<div class=\"wp-block-list\">\n<ul class=\"wp-block-list\">\n<li>Les poux peuvent vivre pendant des p\u00e9riodes variables \u00e0 l\u2019\u00e9cart de l\u2019h\u00f4te humain :<div class=\"wp-block-list\">\n<ul class=\"wp-block-list\">\n<li>Poux de corps : 5 \u00e0 10 jours<\/li>\n\n\n\n<li>Poux de t\u00eate : 2 jours<\/li>\n\n\n\n<li>Poux du pubis : 1 jour<\/li>\n<\/ul>\n<\/div><\/li>\n<\/ul>\n<\/div><\/li>\n<\/ul>\n<\/div>\n\n<div class=\"wp-block-paragraph \">\n<p>Les acariens de la gale ne survivent pas plus de 2 \u00e0 3 jours loin de la peau humaine. Il n\u2019est pas n\u00e9cessaire de pulv\u00e9riser ou de fumiger les bureaux ou les espaces de vie. La transmission peut se produire m\u00eame apr\u00e8s un bref contact peau \u00e0 peau, comme une poign\u00e9e de main, avec une personne atteinte de gale (norv\u00e9gienne) cro\u00fbteuse. En g\u00e9n\u00e9ral, une personne qui a un contact peau \u00e0 peau avec une personne qui a la gale en cro\u00fbte serait consid\u00e9r\u00e9e comme un bon candidat pour le traitement.<\/p>\n<\/div>\n<\/div><\/section>\n","protected":false},"excerpt":{"rendered":"","protected":false},"featured_media":0,"parent":71457,"menu_order":0,"comment_status":"closed","ping_status":"closed","template":"","meta":{"_acf_changed":false,"_searchwp_excluded":"","inline_featured_image":false,"_EventAllDay":false,"_EventTimezone":"","_EventStartDate":"","_EventEndDate":"","_EventStartDateUTC":"","_EventEndDateUTC":"","_EventShowMap":false,"_EventShowMapLink":false,"_EventURL":"","_EventCost":"","_EventCostDescription":"","_EventCurrencySymbol":"","_EventCurrencyCode":"","_EventCurrencyPosition":"","_EventDateTimeSeparator":"","_EventTimeRangeSeparator":"","_EventOrganizerID":[],"_EventVenueID":[],"_OrganizerEmail":"","_OrganizerPhone":"","_OrganizerWebsite":"","_VenueAddress":"","_VenueCity":"","_VenueCountry":"","_VenueProvince":"","_VenueState":"","_VenueZip":"","_VenuePhone":"","_VenueURL":"","_VenueStateProvince":"","_VenueLat":"","_VenueLng":"","_VenueShowMap":false,"_VenueShowMapLink":false,"footnotes":""},"class_list":["post-72204","page","type-page","status-publish","hentry"],"acf":[],"publishpress_future_workflow_manual_trigger":{"enabledWorkflows":[]},"_links":{"self":[{"href":"https:\/\/www.iaff.org\/fr-ca\/wp-json\/wp\/v2\/pages\/72204","targetHints":{"allow":["GET"]}}],"collection":[{"href":"https:\/\/www.iaff.org\/fr-ca\/wp-json\/wp\/v2\/pages"}],"about":[{"href":"https:\/\/www.iaff.org\/fr-ca\/wp-json\/wp\/v2\/types\/page"}],"author":[{"embeddable":true,"href":"https:\/\/www.iaff.org\/fr-ca\/wp-json\/wp\/v2\/users\/3"}],"replies":[{"embeddable":true,"href":"https:\/\/www.iaff.org\/fr-ca\/wp-json\/wp\/v2\/comments?post=72204"}],"version-history":[{"count":0,"href":"https:\/\/www.iaff.org\/fr-ca\/wp-json\/wp\/v2\/pages\/72204\/revisions"}],"up":[{"embeddable":true,"href":"https:\/\/www.iaff.org\/fr-ca\/wp-json\/wp\/v2\/pages\/71457"}],"wp:attachment":[{"href":"https:\/\/www.iaff.org\/fr-ca\/wp-json\/wp\/v2\/media?parent=72204"}],"curies":[{"name":"wp","href":"https:\/\/api.w.org\/{rel}","templated":true}]}}