{"id":71929,"date":"2024-03-10T13:33:07","date_gmt":"2024-03-10T17:33:07","guid":{"rendered":"https:\/\/www.iaff.org\/anciens-de-laip\/faq-pour-les-anciens-de-laip\/"},"modified":"2024-08-10T10:33:06","modified_gmt":"2024-08-10T14:33:06","slug":"faq-pour-les-anciens-de-laip","status":"publish","type":"page","link":"https:\/\/www.iaff.org\/fr-ca\/anciens-de-laip\/faq-pour-les-anciens-de-laip\/","title":{"rendered":"FAQ des anciens de l&rsquo;AIP"},"content":{"rendered":"<section\n\t class=\"secondary-hero align wp-block-acf-secondary-hero\" id=\"secondary-hero_block_7791d2af5f7814399ff56dad44824ed3\">\n\t\n<header\n\tclass=\"w-full u-bg-full-width px-[22px] md:ps-bleed md:pe-0 py-[60px] bg-smoke-5 text-black u-has-rivets u-rivets-dark\"\n\tdata-theme=\"gray\"\n>\n\t<div class=\"flex flex-col !px-0 !max-w-[1440px] w-full lg:!ps-indent\">\n\t\t<div class=\"border-t-[6px] w-full my-0 flex flex-col md:flex-row gap-x-[62px] gap-y-[22px] border-red\">\n\t\t\t\t\t\t<div class=\"w-full md:w-1\/2 md:py-[45px]\">\n\t\t\t\t<div class=\"max-w-[600px] flex flex-col gap-[22px]\">\n\t\t\t\t\t\t\t\t\t\t\t<h1 class=\"has-[.u-halftone-shadow--dark]:mb-divider has-[.u-halftone-shadow--light]:mb-divider pt-[22px] md:pt-0\">\n\t\t\t\t\t\t\t<span class=\"inline-flex text-heading-200 u-halftone-shadow--dark\">\n\t\t\t\t\t\t\t\tFoire aux questions\t\t\t\t\t\t\t<\/span>\n\t\t\t\t\t\t<\/h1>\n\t\t\t\t\t\t\t\t\t\t\t\t\t\t\t\t<div class=\"text-body-300 font-sans\">\n\t\t\t\t\t\t\t<p>Les questions les plus fr\u00e9quemment pos\u00e9es sur le programme des anciens de l\u2019AIP.<\/p>\n\t\t\t\t\t\t<\/div>\n\t\t\t\t\t\t\t\t\t\t\t\t\t\t\t\t\t\t\t\t\t\t\t\t\t\t\t<div class=\"flex flex-wrap gap-[30px]\">\n\t\t\t\t\t\t\t\t\t\t\t\t\t\t\t<!-- Renders the same as core\/button with a specific style -->\n\t\t\t\t\t\t\t\t\t\t\t\t\t<\/div>\n\t\t\t\t\t\t\t\t\t\t\t\t\t\t<\/div>\n\t\t\t<\/div>\n\n\t\t<\/div>\n\t\t\t\t\t<div class=\"order-first flex justify-start w-full pb-[22px]\">\n\t\t\t\t<div\n\tclass=\"wp-block-button is-style-tertiary text-smoke is-style-tertiary-back\"\n>\n\t\t\t<a\n\t\t\thref=\"https:\/\/www.iaff.org\/iaff-alumni\/\"\n\t\t\tclass=\"wp-block-button__link wp-element-button group\"\n\t\t\t\t\t>\n\t\t\t<span\n\t\t\tclass=\"decoration-transparent underline underline-offset-2 group-hover:decoration-inherit group-focus-visible:decoration-inherit transition duration-hover\"\n\t\t>\n\t\t\tLes anciens de l&#039;AIP\t\t<\/span>\n\n\t\t<span\n\t\t\tclass=\"bg-inherit transition-colors duration-hover group-hover:bg-gold group-focus:bg-gold inline-flex rotate-180 order-first\"\n\t\t>\n\t\t\t<svg xmlns=\"http:\/\/www.w3.org\/2000\/svg\" width=\"21\" height=\"22\" fill=\"none\" viewBox=\"0 0 21 22\"><path stroke=\"currentColor\" stroke-linecap=\"round\" stroke-width=\"2\" d=\"M20 20.75L20 2.25L1.5 2.25L1.5 20.75L20 20.75Z\" clip-rule=\"evenodd\"\/><path stroke=\"currentColor\" stroke-linecap=\"square\" stroke-width=\"2\" d=\"M14.0883 11.5L6.66406 11.5\"\/><path stroke=\"currentColor\" stroke-linecap=\"square\" stroke-width=\"2\" d=\"M11.0723 7.75205L14.8363 11.5L11.0723 15.248\"\/><\/svg>\t\t<\/span>\n\t<\/a><\/div>\n\t\t\t<\/div>\n\t\t\t<\/div>\n<\/header>\n<\/section>\n\n<details class=\"wp-block-details is-layout-flow wp-block-details-is-layout-flow\"><summary>Qu\u2019est-ce que les anciens de l\u2019AIP?<\/summary><div class=\"wp-block-paragraph \">\n<p>Le programme des anciens membres de l\u2019AIP aide les membres retrait\u00e9s et anciens membres \u00e0 maintenir leur relation et leur lien avec l\u2019AIP.<\/p>\n<\/div><\/details>\n\n<details class=\"wp-block-details is-layout-flow wp-block-details-is-layout-flow\"><summary>Quels sont les avantages de l\u2019adh\u00e9sion ?<\/summary><div class=\"wp-block-paragraph \">\n<p>En tant que membre des anciens, vous conservez un statut de membre au sein de l\u2019AIP et vous \u00eates admissible \u00e0 continuer de recevoir le magazine (\u00e0 un tarif r\u00e9duit), ainsi que les avantages offerts aux membres par l\u2019interm\u00e9diaire des programmes Soci\u00e9t\u00e9 financi\u00e8re de l\u2019AIP et d\u2019Union Plus. De plus, vous continuerez de recevoir des communications r\u00e9guli\u00e8res de l\u2019AIP sur ce qui se passe au sein des services d\u2019incendie, de notre syndicat et parmi nos membres aux \u00c9tats-Unis et au Canada.<\/p>\n<\/div><\/details>\n\n<details class=\"wp-block-details is-layout-flow wp-block-details-is-layout-flow\"><summary>Qui peut s\u2019inscrire ?<\/summary><div class=\"wp-block-paragraph \">\n<p>Tous les membres actifs et retrait\u00e9s sont automatiquement inscrits au programme des anciens. Les participants inactifs \u00e0 la retraite ont la possibilit\u00e9 de participer \u00e0 ce programme s\u2019ils ont pris leur retraite en r\u00e8gle au cours de la derni\u00e8re ann\u00e9e. Ceux qui ont pris leur retraite il y a plus d\u2019un an peuvent s\u2019y joindre avec l\u2019approbation de leur pr\u00e9sident local. Veuillez communiquer directement avec votre section locale. Ils enverront ensuite leur demande d\u2019approbation \u00e0 <a href=\"mailto:alumni@iaff.org\">alumni@iaff.org<\/a>.<\/p>\n<\/div>\n\n<div class=\"wp-block-paragraph \">\n<p>L\u2019adh\u00e9sion des anciens membres qui se sont retir\u00e9s de la section locale pour des raisons telles qu\u2019une promotion hors de l\u2019unit\u00e9 de n\u00e9gociation est laiss\u00e9e \u00e0 la discr\u00e9tion du pr\u00e9sident de la section locale. Veuillez les contacter directement.<\/p>\n<\/div><\/details>\n\n<details class=\"wp-block-details is-layout-flow wp-block-details-is-layout-flow\"><summary>Quand recevrai-je des informations pour m\u2019inscrire ?<\/summary><div class=\"wp-block-paragraph \">\n<p>Si nous avons votre adresse actuelle dans nos dossiers, les renseignements d\u2019inscription seront envoy\u00e9s par la poste dans les 1 \u00e0 2 mois suivant votre avis de retraite. Si vous avez d\u00e9m\u00e9nag\u00e9 ou d\u00e9m\u00e9nagerez peu de temps apr\u00e8s votre retraite, veuillez <a href=\"mailto:alumni@iaff.org\">communiquer avec alumni@iaff.org<\/a> pour soumettre votre nouvelle adresse.<\/p>\n<\/div><\/details>\n\n<details class=\"wp-block-details is-layout-flow wp-block-details-is-layout-flow\"><summary>Quel est le co\u00fbt de l\u2019adh\u00e9sion des anciens ?<\/summary><div class=\"wp-block-paragraph \">\n<p>L\u2019adh\u00e9sion des anciens est gratuite. Cependant, si vous souhaitez vous abonner au magazine <em>Fire Fighter International<\/em>, vous pouvez le faire au co\u00fbt de 9 $. Les abonnements peuvent \u00eatre achet\u00e9s lorsque vous compl\u00e9tez votre inscription aux anciens ou via votre profil en ligne \u00e0 <a href=\"https:\/\/www.iaff.org\/fr-ca\/\" target=\"_blank\" rel=\"noreferrer noopener\">www.iaff.org<\/a>. Les anciens retrait\u00e9s actifs re\u00e7oivent le magazine dans le cadre de leur adh\u00e9sion de retrait\u00e9s actifs.<\/p>\n<\/div><\/details>\n\n<details class=\"wp-block-details is-layout-flow wp-block-details-is-layout-flow\"><summary>Quelle est la diff\u00e9rence entre actif-retrait\u00e9 et inactif-retrait\u00e9 ?<\/summary><div class=\"wp-block-paragraph \">\n<p>Il existe deux types de statut de retrait\u00e9. Si vous \u00eates un retrait\u00e9 actif, votre section locale paie la moiti\u00e9 de votre cotisation \u00e0 l\u2019AIP pour vous (et pour tous les retrait\u00e9s actifs). Ces membres sont automatiquement consid\u00e9r\u00e9s comme des anciens sans avoir \u00e0 compl\u00e9ter le processus d\u2019inscription. De plus, les retrait\u00e9s actifs jouissent g\u00e9n\u00e9ralement de droits au niveau local que les retrait\u00e9s inactifs n\u2019ont pas. De plus amples renseignements sur les membres retrait\u00e9s actifs varient d\u2019une section locale \u00e0 l\u2019autre et doivent \u00eatre adress\u00e9s \u00e0 un dirigeant local.<\/p>\n<\/div>\n\n<div class=\"wp-block-paragraph \">\n<p>Le statut suppl\u00e9ant est retrait\u00e9 inactif (anciens participants). Si vous \u00eates retrait\u00e9 inactif, la seule fa\u00e7on de continuer en tant que membre titulaire d\u2019une carte de l\u2019AIP est de rejoindre les anciens. Les retrait\u00e9s inactifs n\u2019ont g\u00e9n\u00e9ralement pas les m\u00eames privil\u00e8ges au niveau local, de sorte que le maintien d\u2019un lien avec l\u2019AIP peut se faire par l\u2019interm\u00e9diaire des anciens.<\/p>\n<\/div>\n\n<div class=\"wp-block-paragraph \">\n<p>Veuillez noter que les changements de statut d\u2019adh\u00e9sion ne peuvent \u00eatre effectu\u00e9s que par un dirigeant local, soit en ligne, soit par l\u2019interm\u00e9diaire du service des adh\u00e9sions au <a href=\"mailto:membership@iaff.org\">membership@iaff.org<\/a>.<\/p>\n<\/div><\/details>\n\n<details class=\"wp-block-details is-layout-flow wp-block-details-is-layout-flow\"><summary>Comment puis-je demander une carte de remplacement d&rsquo;ancien?<\/summary><div class=\"wp-block-paragraph \">\n<p>Une carte de remplacement peut \u00eatre demand\u00e9e <a href=\"https:\/\/www.iaff.org\/fr-ca\/demander-le-remplacement-dune-carte-de-membre\/\" target=\"_blank\" data-type=\"link\" data-id=\"https:\/\/www.iaff.org\/request-a-card\/\" rel=\"noreferrer noopener\">ici<\/a>. Veuillez pr\u00e9voir un d\u00e9lai d\u2019au moins 4 \u00e0 6 semaines pour recevoir votre nouvelle carte.<\/p>\n<\/div><\/details>\n\n<details class=\"wp-block-details is-layout-flow wp-block-details-is-layout-flow\"><summary>Que se passe-t-il si je ne re\u00e7ois pas l\u2019information ?<\/summary><div class=\"wp-block-paragraph \">\n<p>Parfois, le courrier des anciens n\u2019est pas re\u00e7u. Si cela se produit, contactez <a href=\"mailto:alumni@iaff.org\">alumni@iaff.org<\/a> par courriel.<\/p>\n<\/div><\/details>\n\n<details class=\"wp-block-details is-layout-flow wp-block-details-is-layout-flow\"><summary>Puis-je obtenir une carte temporaire ?<\/summary><div class=\"wp-block-paragraph \">\n<p>Une carte num\u00e9rique temporaire peut \u00eatre envoy\u00e9e par courriel si n\u00e9cessaire pour les prestations avant de recevoir la copie papier. Envoyez votre demande \u00e0 <a href=\"mailto:alumni@iaff.org\">alumni@iaff.org<\/a>.<\/p>\n<\/div><\/details>\n\n<details class=\"wp-block-details is-layout-flow wp-block-details-is-layout-flow\"><summary>Comment puis-je obtenir plus d&rsquo;autocollants d&rsquo;ancien ?<\/summary><div class=\"wp-block-paragraph \">\n<p>Quelques semaines apr\u00e8s avoir compl\u00e9t\u00e9 votre inscription, vous recevrez une trousse de membre qui comprendra deux autocollants et votre carte de membre d&rsquo;ancien. D\u2019autres autocollants peuvent \u00eatre achet\u00e9es sur la <a href=\"https:\/\/shopiaff.com\/\" target=\"_blank\" data-type=\"link\" data-id=\"https:\/\/shopiaff.com\/\" rel=\"noreferrer noopener\">boutique en ligne de l\u2019AIP<\/a>.<\/p>\n<\/div><\/details>\n","protected":false},"excerpt":{"rendered":"","protected":false},"featured_media":0,"parent":71923,"menu_order":0,"comment_status":"closed","ping_status":"closed","template":"","meta":{"_acf_changed":false,"_searchwp_excluded":"","inline_featured_image":false,"_EventAllDay":false,"_EventTimezone":"","_EventStartDate":"","_EventEndDate":"","_EventStartDateUTC":"","_EventEndDateUTC":"","_EventShowMap":false,"_EventShowMapLink":false,"_EventURL":"","_EventCost":"","_EventCostDescription":"","_EventCurrencySymbol":"","_EventCurrencyCode":"","_EventCurrencyPosition":"","_EventDateTimeSeparator":"","_EventTimeRangeSeparator":"","_EventOrganizerID":[],"_EventVenueID":[],"_OrganizerEmail":"","_OrganizerPhone":"","_OrganizerWebsite":"","_VenueAddress":"","_VenueCity":"","_VenueCountry":"","_VenueProvince":"","_VenueState":"","_VenueZip":"","_VenuePhone":"","_VenueURL":"","_VenueStateProvince":"","_VenueLat":"","_VenueLng":"","_VenueShowMap":false,"_VenueShowMapLink":false,"footnotes":""},"class_list":["post-71929","page","type-page","status-publish","hentry"],"acf":[],"publishpress_future_workflow_manual_trigger":{"enabledWorkflows":[]},"_links":{"self":[{"href":"https:\/\/www.iaff.org\/fr-ca\/wp-json\/wp\/v2\/pages\/71929","targetHints":{"allow":["GET"]}}],"collection":[{"href":"https:\/\/www.iaff.org\/fr-ca\/wp-json\/wp\/v2\/pages"}],"about":[{"href":"https:\/\/www.iaff.org\/fr-ca\/wp-json\/wp\/v2\/types\/page"}],"author":[{"embeddable":true,"href":"https:\/\/www.iaff.org\/fr-ca\/wp-json\/wp\/v2\/users\/5"}],"replies":[{"embeddable":true,"href":"https:\/\/www.iaff.org\/fr-ca\/wp-json\/wp\/v2\/comments?post=71929"}],"version-history":[{"count":0,"href":"https:\/\/www.iaff.org\/fr-ca\/wp-json\/wp\/v2\/pages\/71929\/revisions"}],"up":[{"embeddable":true,"href":"https:\/\/www.iaff.org\/fr-ca\/wp-json\/wp\/v2\/pages\/71923"}],"wp:attachment":[{"href":"https:\/\/www.iaff.org\/fr-ca\/wp-json\/wp\/v2\/media?parent=71929"}],"curies":[{"name":"wp","href":"https:\/\/api.w.org\/{rel}","templated":true}]}}