{"id":71928,"date":"2024-03-06T11:45:41","date_gmt":"2024-03-06T16:45:41","guid":{"rendered":"https:\/\/www.iaff.org\/maladies\/virus-de-lhepatite-b\/"},"modified":"2025-06-23T12:02:02","modified_gmt":"2025-06-23T16:02:02","slug":"virus-de-lhepatite-b","status":"publish","type":"page","link":"https:\/\/www.iaff.org\/fr-ca\/maladies-infectieuses\/maladies\/virus-de-lhepatite-b\/","title":{"rendered":"Virus de l\u2019h\u00e9patite B"},"content":{"rendered":"<section\n\t class=\"secondary-hero align wp-block-acf-secondary-hero\" id=\"secondary-hero_block_4bd6e818b9e34d2e221147f318be5ab4\">\n\t\n<header\n\tclass=\"w-full u-bg-full-width px-[22px] md:ps-bleed md:pe-0 py-[60px] bg-smoke-5 text-black u-has-rivets u-rivets-dark\"\n\tdata-theme=\"gray\"\n>\n\t<div class=\"flex flex-col !px-0 !max-w-[1440px] w-full lg:!ps-indent\">\n\t\t<div class=\"border-t-[6px] w-full my-0 flex flex-col md:flex-row gap-x-[62px] gap-y-[22px] border-red\">\n\t\t\t\t\t\t<div class=\"w-full md:w-1\/2 md:py-[45px]\">\n\t\t\t\t<div class=\"max-w-[600px] flex flex-col gap-[22px]\">\n\t\t\t\t\t\t\t\t\t\t\t<h1 class=\"has-[.u-halftone-shadow--dark]:mb-divider has-[.u-halftone-shadow--light]:mb-divider pt-[22px] md:pt-0\">\n\t\t\t\t\t\t\t<span class=\"inline-flex text-heading-200 u-halftone-shadow--dark\">\n\t\t\t\t\t\t\t\tVirus de l\u2019h\u00e9patite B\t\t\t\t\t\t\t<\/span>\n\t\t\t\t\t\t<\/h1>\n\t\t\t\t\t\t\t\t\t\t\t\t\t\t\t\t\t\t\t\t\t\t\t\t\t\t\t\t\t<\/div>\n\t\t\t<\/div>\n\n\t\t<\/div>\n\t\t\t\t\t<div class=\"order-first flex justify-start w-full pb-[22px]\">\n\t\t\t\t<div\n\tclass=\"wp-block-button is-style-tertiary text-smoke is-style-tertiary-back\"\n>\n\t\t\t<a\n\t\t\thref=\"https:\/\/www.iaff.org\/fr-ca\/maladies-infectieuses\/maladies\/\"\n\t\t\tclass=\"wp-block-button__link wp-element-button group\"\n\t\t\t\t\t>\n\t\t\t<span\n\t\t\tclass=\"decoration-transparent underline underline-offset-2 group-hover:decoration-inherit group-focus-visible:decoration-inherit transition duration-hover\"\n\t\t>\n\t\t\tMaladies infectieuses\t\t<\/span>\n\n\t\t<span\n\t\t\tclass=\"bg-inherit transition-colors duration-hover group-hover:bg-gold group-focus:bg-gold inline-flex rotate-180 order-first\"\n\t\t>\n\t\t\t<svg xmlns=\"http:\/\/www.w3.org\/2000\/svg\" width=\"21\" height=\"22\" fill=\"none\" viewBox=\"0 0 21 22\"><path stroke=\"currentColor\" stroke-linecap=\"round\" stroke-width=\"2\" d=\"M20 20.75L20 2.25L1.5 2.25L1.5 20.75L20 20.75Z\" clip-rule=\"evenodd\"\/><path stroke=\"currentColor\" stroke-linecap=\"square\" stroke-width=\"2\" d=\"M14.0883 11.5L6.66406 11.5\"\/><path stroke=\"currentColor\" stroke-linecap=\"square\" stroke-width=\"2\" d=\"M11.0723 7.75205L14.8363 11.5L11.0723 15.248\"\/><\/svg>\t\t<\/span>\n\t<\/a><\/div>\n\t\t\t<\/div>\n\t\t\t<\/div>\n<\/header>\n<\/section>\n<section\n\t class=\"page-blocks iaff-page-blocks align wp-block-acf-page-blocks\" id=\"page-blocks_block_02c965e1c52ecdc3be2c5185b5890278\">\n\t<div class=\"acf-innerblocks-container\">\n<div class=\"wp-block-paragraph \">\n<p>L\u2019h\u00e9patite B est une maladie infectieuse qui est responsable d\u2019environ 4 000 \u00e0 5 000 d\u00e9c\u00e8s chaque ann\u00e9e aux \u00c9tats-Unis en raison d\u2019une maladie chronique du foie, d\u2019une cirrhose et d\u2019un cancer du foie.<\/p>\n<\/div>\n\n<div class=\"wp-block-paragraph \">\n<p>L\u2019h\u00e9patite B est caus\u00e9e par le virus de l\u2019h\u00e9patite B (VHB), un membre d\u2019un groupe de virus qui causent ce type de maladie. Le virus de l\u2019h\u00e9patite A (VHA) et le virus de l\u2019h\u00e9patite C (VHC) sont d\u2019autres membres importants de cette famille de virus. <\/p>\n<\/div>\n\n<div class=\"wp-block-paragraph \">\n<p>L\u2019h\u00e9patite B est une menace s\u00e9rieuse pour tous les fournisseurs de soins de sant\u00e9. Le sang infect\u00e9 par le VHB est beaucoup plus infectieux que le sang infect\u00e9 par le VIH. De plus, le VHB est plus fr\u00e9quent aux \u00c9tats-Unis que le VIH, avec une plus grande proportion de la population infect\u00e9e par l\u2019h\u00e9patite B que par le VIH.  <\/p>\n<\/div>\n\n\n<h3 class=\"wp-block-heading\">Comment pouvez-vous l\u2019obtenir?<\/h3>\n\n\n<div class=\"wp-block-paragraph \">\n<p>L\u2019h\u00e9patite B se transmet par contact avec le sang ou les liquides corporels d\u2019une personne infect\u00e9e par le VHB.<br\/>Vous pouvez contracter le VHB en :<\/p>\n<\/div>\n\n<div class=\"wp-block-list\">\n<ul class=\"wp-block-list\">\n<li>Exposition au sang par une piq\u00fbre d\u2019aiguille ou une coupure d\u2019un instrument tranchant<\/li>\n\n\n\n<li>Contact direct avec le sang ou les plaies ouvertes d\u2019un patient infect\u00e9<\/li>\n\n\n\n<li>Partager des articles de soins personnels avec une personne infect\u00e9e (p. ex., rasoirs, brosses \u00e0 dents)<\/li>\n\n\n\n<li>Utilisation de drogues injectables, activit\u00e9 sexuelle, de la m\u00e8re \u00e0 l\u2019enfant<\/li>\n<\/ul>\n<\/div>\n\n<div class=\"wp-block-paragraph \">\n<p>Plusieurs groupes pr\u00e9sentent un risque \u00e9lev\u00e9 d\u2019h\u00e9patite B, notamment les toxicomanes par voie parent\u00e9rale, les h\u00e9t\u00e9rosexuels ayant plusieurs partenaires, les hommes homosexuels, les clients et le personnel des \u00e9tablissements pour personnes ayant une d\u00e9ficience intellectuelle, les prisonniers et les patients des centres d\u2019h\u00e9modialyse.<\/p>\n<\/div>\n\n<section\n\t class=\"section-header mb-10 align wp-block-acf-section-header\" id=\"section-header_block_0f2cebbd87fbe6e5bbd952c32aaaa4a4\">\n\t<div class=\"\">\n\t<div class=\"flex flex-col md:flex-row justify-between max-w-content gap-x-8 md:items-end flex-wrap\">\n\t\t<h2 class=\"text-heading-200 pb-[2px]\">\n\t\t\tSympt\u00f4mes\t\t<\/h2>\n\n\t\t\t\t\t<div class=\"md:order-last w-full\">\n\t\t\t\t\n\t<hr class=\"h-[6px] text-red border-red bg-red w-full my-0\" role=\"presentation\"\/>\n\n\t<div class=\"h-divider w-full bg-halftone-divider bg-right\"><\/div>\n\t\t\t<\/div>\n\t\t\n\t\t\t<\/div>\n<\/div>\n<\/section>\n\n\n<div class=\"wp-block-paragraph \">\n<p>La majorit\u00e9 (&gt;70%) des adultes atteints du VHB aigu pr\u00e9senteront des sympt\u00f4mes. Les jeunes enfants de moins de 5 ans peuvent ne pr\u00e9senter aucun sympt\u00f4me. Les signes et sympt\u00f4mes du VHB aigu peuvent inclure :  <\/p>\n<\/div>\n\n<div class=\"wp-block-list\">\n<ul class=\"wp-block-list\">\n<li>jaunisse, urine fonc\u00e9e, selles de couleur claire<\/li>\n\n\n\n<li>fatigue<\/li>\n\n\n\n<li>douleurs abdominales, perte d\u2019app\u00e9tit, naus\u00e9es, vomissements<\/li>\n\n\n\n<li>douleurs articulaires<\/li>\n\n\n\n<li>fi\u00e8vre<\/li>\n<\/ul>\n<\/div>\n\n<div class=\"wp-block-paragraph \">\n<p>Les sympt\u00f4mes de l\u2019h\u00e9patite B aigu\u00eb apparaissent habituellement dans les 90 jours suivant l\u2019exposition. Les sympt\u00f4mes durent g\u00e9n\u00e9ralement quelques semaines, mais peuvent durer jusqu\u2019\u00e0 6 mois. L\u2019h\u00e9patite B (VHB) peut causer des probl\u00e8mes de sant\u00e9 \u00e0 long terme tels qu\u2019une infection chronique ou une maladie chronique du foie.  <\/p>\n<\/div>\n\n<div class=\"wp-block-paragraph \">\n<p>Les personnes infect\u00e9es par le virus de l\u2019h\u00e9patite B courent le risque de d\u00e9velopper de graves complications de sant\u00e9, notamment la cirrhose, le cancer du foie, l\u2019insuffisance h\u00e9patique et la mort. Ils peuvent \u00e9galement devenir porteurs de l\u2019h\u00e9patite B et transmettre l\u2019infection \u00e0 leur partenaire et \u00e0 leurs enfants. <\/p>\n<\/div>\n\n<section\n\t class=\"section-header mb-10 align wp-block-acf-section-header\" id=\"section-header_block_7ecfa58d132bdf49da1e4b68bd8b5347\">\n\t<div class=\"\">\n\t<div class=\"flex flex-col md:flex-row justify-between max-w-content gap-x-8 md:items-end flex-wrap\">\n\t\t<h2 class=\"text-heading-200 pb-[2px]\">\n\t\t\tPr\u00e9vention\t\t<\/h2>\n\n\t\t\t\t\t<div class=\"md:order-last w-full\">\n\t\t\t\t\n\t<hr class=\"h-[6px] text-red border-red bg-red w-full my-0\" role=\"presentation\"\/>\n\n\t<div class=\"h-divider w-full bg-halftone-divider bg-right\"><\/div>\n\t\t\t<\/div>\n\t\t\n\t\t\t<\/div>\n<\/div>\n<\/section>\n\n\n<div class=\"wp-block-paragraph \">\n<p>L\u2019h\u00e9patite B est une maladie \u00e9vitable par la vaccination. Pour une personne non vaccin\u00e9e, le risque de contracter l\u2019h\u00e9patite B \u00e0 la suite d\u2019une seule exposition varie de 6 \u00e0 30%. Les personnes qui ont re\u00e7u le vaccin contre l\u2019h\u00e9patite B et qui ont d\u00e9velopp\u00e9 une immunit\u00e9 contre le virus ne courent pratiquement aucun risque d\u2019infection. Le vaccin contre l\u2019h\u00e9patite B offre une protection de plus de 90% aux nourrissons, aux enfants et aux adultes qui re\u00e7oivent une s\u00e9rie compl\u00e8te de 3 doses.   <\/p>\n<\/div>\n\n<div class=\"wp-block-paragraph \">\n<p>Le vaccin contre le VHB est recommand\u00e9 pour tous les pompiers de la norme NFPA 1581, Fire Department Infection Control Programs. La norme de 1991 de l\u2019OSHA sur les agents pathog\u00e8nes transmissibles par le sang exige que les employeurs mettent gratuitement le vaccin contre l\u2019h\u00e9patite B \u00e0 la disposition de tous les travailleurs \u00e0 risque. <\/p>\n<\/div>\n\n<div class=\"wp-block-paragraph \">\n<p>Le vaccin contre l\u2019h\u00e9patite B est habituellement administr\u00e9 sous forme de 3 \u00e0 4 doses sur une p\u00e9riode de six mois. Un vaccin combin\u00e9 contre l\u2019h\u00e9patite A et l\u2019h\u00e9patite B est \u00e9galement disponible et n\u00e9cessite une s\u00e9rie de trois injections, administr\u00e9es \u00e0 des intervalles de 0, 1 et 6 mois.<br\/>Vous pouvez aider \u00e0 pr\u00e9venir la propagation du VHB en : <\/p>\n<\/div>\n\n<div class=\"wp-block-list\">\n<ul class=\"wp-block-list\">\n<li>Se faire vacciner<\/li>\n\n\n\n<li>S\u00e9curit\u00e9 des objets tranchants<div class=\"wp-block-list\">\n<ul class=\"wp-block-list\">\n<li>Formation et utilisation constante de techniques et d\u2019appareils d\u2019aiguilles plus s\u00e9curitaires<\/li>\n\n\n\n<li>\u00c9limination appropri\u00e9e<\/li>\n<\/ul>\n<\/div><\/li>\n\n\n\n<li>Utiliser les pr\u00e9cautions universelles<div class=\"wp-block-list\">\n<ul class=\"wp-block-list\">\n<li>Hygi\u00e8ne des mains (laver \u00e0 l\u2019eau et au savon ou \u00e0 l\u2019aide d\u2019un d\u00e9sinfectant pour les mains \u00e0 base d\u2019alcool)<\/li>\n\n\n\n<li>\u00c9quipement de protection individuelle (EPI) (gants, blouses, masques et lunettes de protection de la bouche, du nez et des yeux)<\/li>\n\n\n\n<li>Manipulation et \u00e9limination appropri\u00e9es des instruments, des dispositifs et des v\u00eatements contamin\u00e9s par du sang ou des liquides corporels<\/li>\n<\/ul>\n<\/div><\/li>\n<\/ul>\n<\/div>\n\n<section\n\t class=\"section-header mb-10 align wp-block-acf-section-header\" id=\"section-header_block_f467dd2f9b0dcac144b34a71154a123c\">\n\t<div class=\"\">\n\t<div class=\"flex flex-col md:flex-row justify-between max-w-content gap-x-8 md:items-end flex-wrap\">\n\t\t<h2 class=\"text-heading-200 pb-[2px]\">\n\t\t\tQue devez-vous faire si vous \u00eates expos\u00e9 \u00e0 la maladie ou si vous contractez la maladie?\t\t<\/h2>\n\n\t\t\t\t\t<div class=\"md:order-last w-full\">\n\t\t\t\t\n\t<hr class=\"h-[6px] text-red border-red bg-red w-full my-0\" role=\"presentation\"\/>\n\n\t<div class=\"h-divider w-full bg-halftone-divider bg-right\"><\/div>\n\t\t\t<\/div>\n\t\t\n\t\t\t<\/div>\n<\/div>\n<\/section>\n\n\n<div class=\"wp-block-paragraph \">\n<p><strong>Imm\u00e9diatement apr\u00e8s une exposition :<\/strong><\/p>\n<\/div>\n\n<div class=\"wp-block-list\">\n<ul class=\"wp-block-list\">\n<li>Laver les piq\u00fbres d\u2019aiguilles et les coupures avec de l\u2019eau et du savon<\/li>\n\n\n\n<li>Rincer les \u00e9claboussures sur le nez, la bouche ou la peau avec de l\u2019eau<\/li>\n\n\n\n<li>Irriguez les yeux avec de l\u2019eau propre, du s\u00e9rum physiologique ou des irrigants st\u00e9riles<\/li>\n<\/ul>\n<\/div>\n\n<div class=\"wp-block-paragraph \">\n<p><strong>D\u00e8s que possible, signalez l\u2019exposition et consultez un m\u00e9decin<\/strong><\/p>\n<\/div>\n\n<div class=\"wp-block-list\">\n<ul class=\"wp-block-list\">\n<li>Si vous \u00eates expos\u00e9 \u00e0 l\u2019h\u00e9patite B, il est obligatoire de faire un pr\u00e9l\u00e8vement sanguin d\u00e8s que possible pour d\u00e9terminer votre <strong>statut s\u00e9rologique de base<\/strong>. Ce test d\u00e9termine si vous avez des anticorps protecteurs. <\/li>\n\n\n\n<li>Si vous n\u2019avez pas d\u2019anticorps protecteurs, votre fournisseur de soins de sant\u00e9 peut d\u00e9cider de vous administrer le vaccin et\/ou l\u2019immunoglobuline contre l\u2019h\u00e9patite B pour une protection imm\u00e9diate.<\/li>\n<\/ul>\n<\/div>\n\n<div class=\"wp-block-paragraph \">\n<p>Bien qu\u2019il n\u2019y ait pas de rem\u00e8de contre l\u2019h\u00e9patite B, il existe un certain nombre de m\u00e9dicaments qui peuvent \u00eatre utilis\u00e9s pour traiter les sympt\u00f4mes. Les personnes infect\u00e9es par l\u2019h\u00e9patite B devraient prot\u00e9ger leur foie contre d\u2019autres dommages, en se faisant vacciner contre l\u2019h\u00e9patite A, en \u00e9vitant l\u2019alcool et en recevant des soins m\u00e9dicaux continus. <\/p>\n<\/div>\n<\/div><\/section>\n","protected":false},"excerpt":{"rendered":"","protected":false},"featured_media":0,"parent":71457,"menu_order":0,"comment_status":"closed","ping_status":"closed","template":"","meta":{"_acf_changed":false,"_searchwp_excluded":"","inline_featured_image":false,"_EventAllDay":false,"_EventTimezone":"","_EventStartDate":"","_EventEndDate":"","_EventStartDateUTC":"","_EventEndDateUTC":"","_EventShowMap":false,"_EventShowMapLink":false,"_EventURL":"","_EventCost":"","_EventCostDescription":"","_EventCurrencySymbol":"","_EventCurrencyCode":"","_EventCurrencyPosition":"","_EventDateTimeSeparator":"","_EventTimeRangeSeparator":"","_EventOrganizerID":[],"_EventVenueID":[],"_OrganizerEmail":"","_OrganizerPhone":"","_OrganizerWebsite":"","_VenueAddress":"","_VenueCity":"","_VenueCountry":"","_VenueProvince":"","_VenueState":"","_VenueZip":"","_VenuePhone":"","_VenueURL":"","_VenueStateProvince":"","_VenueLat":"","_VenueLng":"","_VenueShowMap":false,"_VenueShowMapLink":false,"footnotes":""},"class_list":["post-71928","page","type-page","status-publish","hentry"],"acf":[],"publishpress_future_workflow_manual_trigger":{"enabledWorkflows":[]},"_links":{"self":[{"href":"https:\/\/www.iaff.org\/fr-ca\/wp-json\/wp\/v2\/pages\/71928","targetHints":{"allow":["GET"]}}],"collection":[{"href":"https:\/\/www.iaff.org\/fr-ca\/wp-json\/wp\/v2\/pages"}],"about":[{"href":"https:\/\/www.iaff.org\/fr-ca\/wp-json\/wp\/v2\/types\/page"}],"author":[{"embeddable":true,"href":"https:\/\/www.iaff.org\/fr-ca\/wp-json\/wp\/v2\/users\/3"}],"replies":[{"embeddable":true,"href":"https:\/\/www.iaff.org\/fr-ca\/wp-json\/wp\/v2\/comments?post=71928"}],"version-history":[{"count":0,"href":"https:\/\/www.iaff.org\/fr-ca\/wp-json\/wp\/v2\/pages\/71928\/revisions"}],"up":[{"embeddable":true,"href":"https:\/\/www.iaff.org\/fr-ca\/wp-json\/wp\/v2\/pages\/71457"}],"wp:attachment":[{"href":"https:\/\/www.iaff.org\/fr-ca\/wp-json\/wp\/v2\/media?parent=71928"}],"curies":[{"name":"wp","href":"https:\/\/api.w.org\/{rel}","templated":true}]}}