{"id":71571,"date":"2024-02-28T22:18:00","date_gmt":"2024-02-29T03:18:00","guid":{"rendered":"https:\/\/www.iaff.org\/fiches\/"},"modified":"2024-09-06T16:04:10","modified_gmt":"2024-09-06T20:04:10","slug":"fiches","status":"publish","type":"page","link":"https:\/\/www.iaff.org\/fr-ca\/trousse-doutils-pour-la-securite-des-pompiers-et-le-deploiement-des-ressources\/fiches\/","title":{"rendered":"Fiches"},"content":{"rendered":"<section\n\t class=\"secondary-hero align wp-block-acf-secondary-hero\" id=\"secondary-hero_block_17ee0cf397f3864084c4af0eda116530\">\n\t\n<header\n\tclass=\"w-full u-bg-full-width px-[22px] md:ps-bleed md:pe-0 py-[60px] bg-smoke-5 text-black u-has-rivets u-rivets-dark\"\n\tdata-theme=\"gray\"\n>\n\t<div class=\"flex flex-col !px-0 !max-w-[1440px] w-full lg:!ps-indent\">\n\t\t<div class=\"border-t-[6px] w-full my-0 flex flex-col md:flex-row gap-x-[62px] gap-y-[22px] border-red\">\n\t\t\t\t\t\t\t<div class=\"relative grid md:order-last md:w-1\/2 overflow-hidden place-items-center max-h-[500px]\">\n\t\t\t\t\t<img decoding=\"async\" width=\"181\" height=\"240\" src=\"https:\/\/www.iaff.org\/wp-content\/uploads\/Toolkits\/Fire_Fighter_Safety\/Fact_sheets\/3587_NIST-Residential-181x240.jpg\" class=\"max-w-full\" alt=\"\" srcset=\"https:\/\/www.iaff.org\/wp-content\/uploads\/Toolkits\/Fire_Fighter_Safety\/Fact_sheets\/3587_NIST-Residential-181x240.jpg 181w, https:\/\/www.iaff.org\/wp-content\/uploads\/Toolkits\/Fire_Fighter_Safety\/Fact_sheets\/3587_NIST-Residential.jpg 226w\" sizes=\"(max-width: 181px) 100vw, 181px\" \/>\t\t\t\t<\/div>\n\t\t\t\t\t\t<div class=\"w-full md:w-1\/2 md:py-[45px]\">\n\t\t\t\t<div class=\"max-w-[600px] flex flex-col gap-[22px]\">\n\t\t\t\t\t\t\t\t\t\t\t<h1 class=\"has-[.u-halftone-shadow--dark]:mb-divider has-[.u-halftone-shadow--light]:mb-divider\">\n\t\t\t\t\t\t\t<span class=\"inline-flex text-heading-200 u-halftone-shadow--dark\">\n\t\t\t\t\t\t\t\tFiches\t\t\t\t\t\t\t<\/span>\n\t\t\t\t\t\t<\/h1>\n\t\t\t\t\t\t\t\t\t\t\t\t\t\t\t\t\t\t\t\t\t\t\t\t\t\t\t\t\t<\/div>\n\t\t\t<\/div>\n\n\t\t<\/div>\n\t\t\t\t\t<div class=\"order-first flex justify-start w-full pb-[22px]\">\n\t\t\t\t<div\n\tclass=\"wp-block-button is-style-tertiary text-smoke is-style-tertiary-back\"\n>\n\t\t\t<a\n\t\t\thref=\"https:\/\/www.iaff.org\/staffing\/\"\n\t\t\tclass=\"wp-block-button__link wp-element-button group\"\n\t\t\t\t\t>\n\t\t\t<span\n\t\t\tclass=\"decoration-transparent underline underline-offset-2 group-hover:decoration-inherit group-focus-visible:decoration-inherit transition duration-hover\"\n\t\t>\n\t\t\tTrousse d\u2019outils pour la s\u00e9curit\u00e9 des pompiers et le d\u00e9ploiement des ressources\t\t<\/span>\n\n\t\t<span\n\t\t\tclass=\"bg-inherit transition-colors duration-hover group-hover:bg-gold group-focus:bg-gold inline-flex rotate-180 order-first\"\n\t\t>\n\t\t\t<svg xmlns=\"http:\/\/www.w3.org\/2000\/svg\" width=\"21\" height=\"22\" fill=\"none\" viewBox=\"0 0 21 22\"><path stroke=\"currentColor\" stroke-linecap=\"round\" stroke-width=\"2\" d=\"M20 20.75L20 2.25L1.5 2.25L1.5 20.75L20 20.75Z\" clip-rule=\"evenodd\"\/><path stroke=\"currentColor\" stroke-linecap=\"square\" stroke-width=\"2\" d=\"M14.0883 11.5L6.66406 11.5\"\/><path stroke=\"currentColor\" stroke-linecap=\"square\" stroke-width=\"2\" d=\"M11.0723 7.75205L14.8363 11.5L11.0723 15.248\"\/><\/svg>\t\t<\/span>\n\t<\/a><\/div>\n\t\t\t<\/div>\n\t\t\t<\/div>\n<\/header>\n<\/section>\n\n<div class=\"wp-block-group is-layout-constrained wp-block-group-is-layout-constrained\"><section\n\t class=\"page-blocks iaff-page-blocks align wp-block-acf-page-blocks\" id=\"page-blocks_block_5e3f9e308abc3a8e53e02b9e8671e02c\">\n\t<div class=\"acf-innerblocks-container\">\n<section\n\t class=\"documents-card-grid px-[22px] md:px-[60px] py-[60px] pt-0 !mt-0 align wp-block-acf-documents-card-grid\" id=\"documents-card-grid_block_69514cda18fa83882f607abe8637bb35\">\n\t\t\t<h3 class=\"text-heading-500 pb-[14px] w-full border-b border-black mb-10\">\n\t\t\tExp\u00e9riences dans le domaine des immeubles en hauteur\t\t<\/h3>\n\t\n\t<div class=\"iaff-documents-card-grid pb-10\">\n\t\t\t\t<div class=\"acf-innerblocks-container\">\n<article\n\t class=\"documents-card-media iaff-documents-card iaff-documents-card-download align wp-block-acf-documents-card-media\" id=\"documents-card-media_block_a13b2536188b5bf116a5b25c56b17bf9\">\n\t<a\n\tclass=\"group text-body-500 no-underline flex gap-5 h-full bg-transparent hocus-visible:bg-white dlm-no-xhr-download\"\n\t\t\thref=\"https:\/\/www.iaff.org\/wp-content\/uploads\/Toolkits\/Fire_Fighter_Safety\/Fact_sheets\/1051_FactSheet_HR_Time_to_task.pdf\"\n\t\trel=\"noopener\"\n\t\ttarget=\"_blank\"\n\t>\n\t<div>\n\t\t<svg xmlns=\"http:\/\/www.w3.org\/2000\/svg\" width=\"40\" height=\"50\" fill=\"none\" viewBox=\"0 0 40 50\"><path stroke=\"#211F21\" stroke-width=\"1.5\" d=\"M2.00173 1.25L1.25 1.24827V2V48V48.75H2H38H38.75V48V8.83235V8.52489L38.5342 8.30591L31.8675 1.5412L31.6479 1.31837L31.3351 1.31765L2.00173 1.25Z\"\/><path fill=\"#211F21\" d=\"M31.3333 8.90662V2.06838L38 8.90662H31.3333Z\"\/><path stroke=\"#E00\" stroke-width=\"1.5\" d=\"M9 14H31\"\/><path stroke=\"#E00\" stroke-width=\"1.5\" d=\"M9 21H31\"\/><path stroke=\"#E00\" stroke-width=\"1.5\" d=\"M9 28H31\"\/><\/svg>\t<\/div>\n\t<div\n\t\tclass=\"underline decoration-transparent transition-colors duration-hover group-hover:decoration-current group-focus:decoration-current break-all\"\n\t>\n\t\tT\u00e2ches\t<\/div>\n<\/a>\n<\/article>\n\n\n<article\n\t class=\"documents-card-media iaff-documents-card iaff-documents-card-download align wp-block-acf-documents-card-media\" id=\"documents-card-media_block_0a6dcaa27442a13f3d6f794eae88fcd5\">\n\t<a\n\tclass=\"group text-body-500 no-underline flex gap-5 h-full bg-transparent hocus-visible:bg-white dlm-no-xhr-download\"\n\t\t\thref=\"https:\/\/www.iaff.org\/wp-content\/uploads\/Toolkits\/Fire_Fighter_Safety\/Fact_sheets\/1052_FactSheet_Getting_The_Fire_Out.pdf\"\n\t\trel=\"noopener\"\n\t\ttarget=\"_blank\"\n\t>\n\t<div>\n\t\t<svg xmlns=\"http:\/\/www.w3.org\/2000\/svg\" width=\"40\" height=\"50\" fill=\"none\" viewBox=\"0 0 40 50\"><path stroke=\"#211F21\" stroke-width=\"1.5\" d=\"M2.00173 1.25L1.25 1.24827V2V48V48.75H2H38H38.75V48V8.83235V8.52489L38.5342 8.30591L31.8675 1.5412L31.6479 1.31837L31.3351 1.31765L2.00173 1.25Z\"\/><path fill=\"#211F21\" d=\"M31.3333 8.90662V2.06838L38 8.90662H31.3333Z\"\/><path stroke=\"#E00\" stroke-width=\"1.5\" d=\"M9 14H31\"\/><path stroke=\"#E00\" stroke-width=\"1.5\" d=\"M9 21H31\"\/><path stroke=\"#E00\" stroke-width=\"1.5\" d=\"M9 28H31\"\/><\/svg>\t<\/div>\n\t<div\n\t\tclass=\"underline decoration-transparent transition-colors duration-hover group-hover:decoration-current group-focus:decoration-current break-all\"\n\t>\n\t\t\u00c9teindre le feu\t<\/div>\n<\/a>\n<\/article>\n\n\n<article\n\t class=\"documents-card-media iaff-documents-card iaff-documents-card-download align wp-block-acf-documents-card-media\" id=\"documents-card-media_block_77fcf190dcc6379d258dbbd04872231e\">\n\t<a\n\tclass=\"group text-body-500 no-underline flex gap-5 h-full bg-transparent hocus-visible:bg-white dlm-no-xhr-download\"\n\t\t\thref=\"https:\/\/www.iaff.org\/wp-content\/uploads\/Toolkits\/Fire_Fighter_Safety\/Fact_sheets\/1053_FactSheet_HighRise_CrewSize.pdf\"\n\t\trel=\"noopener\"\n\t\ttarget=\"_blank\"\n\t>\n\t<div>\n\t\t<svg xmlns=\"http:\/\/www.w3.org\/2000\/svg\" width=\"40\" height=\"50\" fill=\"none\" viewBox=\"0 0 40 50\"><path stroke=\"#211F21\" stroke-width=\"1.5\" d=\"M2.00173 1.25L1.25 1.24827V2V48V48.75H2H38H38.75V48V8.83235V8.52489L38.5342 8.30591L31.8675 1.5412L31.6479 1.31837L31.3351 1.31765L2.00173 1.25Z\"\/><path fill=\"#211F21\" d=\"M31.3333 8.90662V2.06838L38 8.90662H31.3333Z\"\/><path stroke=\"#E00\" stroke-width=\"1.5\" d=\"M9 14H31\"\/><path stroke=\"#E00\" stroke-width=\"1.5\" d=\"M9 21H31\"\/><path stroke=\"#E00\" stroke-width=\"1.5\" d=\"M9 28H31\"\/><\/svg>\t<\/div>\n\t<div\n\t\tclass=\"underline decoration-transparent transition-colors duration-hover group-hover:decoration-current group-focus:decoration-current break-all\"\n\t>\n\t\tTaille de l\u2019\u00e9quipe\t<\/div>\n<\/a>\n<\/article>\n\n\n<article\n\t class=\"documents-card-media iaff-documents-card iaff-documents-card-download align wp-block-acf-documents-card-media\" id=\"documents-card-media_block_95714d66e2c35556823efef7733d18f1\">\n\t<a\n\tclass=\"group text-body-500 no-underline flex gap-5 h-full bg-transparent hocus-visible:bg-white dlm-no-xhr-download\"\n\t\t\thref=\"https:\/\/www.iaff.org\/wp-content\/uploads\/Toolkits\/Fire_Fighter_Safety\/Fact_sheets\/1054_HighRise_Search_and_RescueFactSheet.pdf\"\n\t\trel=\"noopener\"\n\t\ttarget=\"_blank\"\n\t>\n\t<div>\n\t\t<svg xmlns=\"http:\/\/www.w3.org\/2000\/svg\" width=\"40\" height=\"50\" fill=\"none\" viewBox=\"0 0 40 50\"><path stroke=\"#211F21\" stroke-width=\"1.5\" d=\"M2.00173 1.25L1.25 1.24827V2V48V48.75H2H38H38.75V48V8.83235V8.52489L38.5342 8.30591L31.8675 1.5412L31.6479 1.31837L31.3351 1.31765L2.00173 1.25Z\"\/><path fill=\"#211F21\" d=\"M31.3333 8.90662V2.06838L38 8.90662H31.3333Z\"\/><path stroke=\"#E00\" stroke-width=\"1.5\" d=\"M9 14H31\"\/><path stroke=\"#E00\" stroke-width=\"1.5\" d=\"M9 21H31\"\/><path stroke=\"#E00\" stroke-width=\"1.5\" d=\"M9 28H31\"\/><\/svg>\t<\/div>\n\t<div\n\t\tclass=\"underline decoration-transparent transition-colors duration-hover group-hover:decoration-current group-focus:decoration-current break-all\"\n\t>\n\t\tRecherche et sauvetage sur le lieu d\u2019incendie\t<\/div>\n<\/a>\n<\/article>\n\n\n<article\n\t class=\"documents-card-media iaff-documents-card iaff-documents-card-download align wp-block-acf-documents-card-media\" id=\"documents-card-media_block_c88fa65d91035ab6e2325d2a95991f15\">\n\t<a\n\tclass=\"group text-body-500 no-underline flex gap-5 h-full bg-transparent hocus-visible:bg-white dlm-no-xhr-download\"\n\t\t\thref=\"https:\/\/www.iaff.org\/wp-content\/uploads\/Toolkits\/Fire_Fighter_Safety\/Fact_sheets\/1055_HighRise_Tenability_FactSheet.pdf\"\n\t\trel=\"noopener\"\n\t\ttarget=\"_blank\"\n\t>\n\t<div>\n\t\t<svg xmlns=\"http:\/\/www.w3.org\/2000\/svg\" width=\"40\" height=\"50\" fill=\"none\" viewBox=\"0 0 40 50\"><path stroke=\"#211F21\" stroke-width=\"1.5\" d=\"M2.00173 1.25L1.25 1.24827V2V48V48.75H2H38H38.75V48V8.83235V8.52489L38.5342 8.30591L31.8675 1.5412L31.6479 1.31837L31.3351 1.31765L2.00173 1.25Z\"\/><path fill=\"#211F21\" d=\"M31.3333 8.90662V2.06838L38 8.90662H31.3333Z\"\/><path stroke=\"#E00\" stroke-width=\"1.5\" d=\"M9 14H31\"\/><path stroke=\"#E00\" stroke-width=\"1.5\" d=\"M9 21H31\"\/><path stroke=\"#E00\" stroke-width=\"1.5\" d=\"M9 28H31\"\/><\/svg>\t<\/div>\n\t<div\n\t\tclass=\"underline decoration-transparent transition-colors duration-hover group-hover:decoration-current group-focus:decoration-current break-all\"\n\t>\n\t\tSoutenabilit\u00e9 du lieu d&#039;incendie\t<\/div>\n<\/a>\n<\/article>\n\n<\/div>\t<\/div>\n<\/section>\n\n\n<section\n\t class=\"documents-card-grid px-[22px] md:px-[60px] py-[60px] pt-0 !mt-0 align wp-block-acf-documents-card-grid\" id=\"documents-card-grid_block_ccc5956bc42c78b4d66304cef244fb4e\">\n\t\t\t<h3 class=\"text-heading-500 pb-[14px] w-full border-b border-black mb-10\">\n\t\t\tExp\u00e9riences dans le domaine des immeubles r\u00e9sidentiels\t\t<\/h3>\n\t\n\t<div class=\"iaff-documents-card-grid pb-10\">\n\t\t\t\t<div class=\"acf-innerblocks-container\">\n<article\n\t class=\"documents-card-media iaff-documents-card iaff-documents-card-download align wp-block-acf-documents-card-media\" id=\"documents-card-media_block_b0557d47c361406eaae4f41d4d7d834d\">\n\t<a\n\tclass=\"group text-body-500 no-underline flex gap-5 h-full bg-transparent hocus-visible:bg-white dlm-no-xhr-download\"\n\t\t\thref=\"https:\/\/www.iaff.org\/wp-content\/uploads\/Toolkits\/Fire_Fighter_Safety\/Fact_sheets\/1056_Res-Factsheet-Suppression.pdf\"\n\t\trel=\"noopener\"\n\t\ttarget=\"_blank\"\n\t>\n\t<div>\n\t\t<svg xmlns=\"http:\/\/www.w3.org\/2000\/svg\" width=\"40\" height=\"50\" fill=\"none\" viewBox=\"0 0 40 50\"><path stroke=\"#211F21\" stroke-width=\"1.5\" d=\"M2.00173 1.25L1.25 1.24827V2V48V48.75H2H38H38.75V48V8.83235V8.52489L38.5342 8.30591L31.8675 1.5412L31.6479 1.31837L31.3351 1.31765L2.00173 1.25Z\"\/><path fill=\"#211F21\" d=\"M31.3333 8.90662V2.06838L38 8.90662H31.3333Z\"\/><path stroke=\"#E00\" stroke-width=\"1.5\" d=\"M9 14H31\"\/><path stroke=\"#E00\" stroke-width=\"1.5\" d=\"M9 21H31\"\/><path stroke=\"#E00\" stroke-width=\"1.5\" d=\"M9 28H31\"\/><\/svg>\t<\/div>\n\t<div\n\t\tclass=\"underline decoration-transparent transition-colors duration-hover group-hover:decoration-current group-focus:decoration-current break-all\"\n\t>\n\t\tTaille d&#039;incendie auquel sont confront\u00e9es diff\u00e9rentes tailles d\u2019\u00e9quipes au moment de l\u2019extinction\t<\/div>\n<\/a>\n<\/article>\n\n\n<article\n\t class=\"documents-card-media iaff-documents-card iaff-documents-card-download align wp-block-acf-documents-card-media\" id=\"documents-card-media_block_8986525b0b9caf073f4697006524adc4\">\n\t<a\n\tclass=\"group text-body-500 no-underline flex gap-5 h-full bg-transparent hocus-visible:bg-white dlm-no-xhr-download\"\n\t\t\thref=\"https:\/\/www.iaff.org\/wp-content\/uploads\/Toolkits\/Fire_Fighter_Safety\/Fact_sheets\/1057_FGFE_Fact_Sheet2.pdf\"\n\t\trel=\"noopener\"\n\t\ttarget=\"_blank\"\n\t>\n\t<div>\n\t\t<svg xmlns=\"http:\/\/www.w3.org\/2000\/svg\" width=\"40\" height=\"50\" fill=\"none\" viewBox=\"0 0 40 50\"><path stroke=\"#211F21\" stroke-width=\"1.5\" d=\"M2.00173 1.25L1.25 1.24827V2V48V48.75H2H38H38.75V48V8.83235V8.52489L38.5342 8.30591L31.8675 1.5412L31.6479 1.31837L31.3351 1.31765L2.00173 1.25Z\"\/><path fill=\"#211F21\" d=\"M31.3333 8.90662V2.06838L38 8.90662H31.3333Z\"\/><path stroke=\"#E00\" stroke-width=\"1.5\" d=\"M9 14H31\"\/><path stroke=\"#E00\" stroke-width=\"1.5\" d=\"M9 21H31\"\/><path stroke=\"#E00\" stroke-width=\"1.5\" d=\"M9 28H31\"\/><\/svg>\t<\/div>\n\t<div\n\t\tclass=\"underline decoration-transparent transition-colors duration-hover group-hover:decoration-current group-focus:decoration-current break-all\"\n\t>\n\t\tComment la taille de l\u2019\u00e9quipe affecte le temps de positionnement de l\u2019\u00e9chelle et de ventilation dans les interventions d&#039;incendie \u00e0 faible risque de structures r\u00e9sidentielles\t<\/div>\n<\/a>\n<\/article>\n\n\n<article\n\t class=\"documents-card-media iaff-documents-card iaff-documents-card-download align wp-block-acf-documents-card-media\" id=\"documents-card-media_block_34a762b816e020c78d143ee9657d874c\">\n\t<a\n\tclass=\"group text-body-500 no-underline flex gap-5 h-full bg-transparent hocus-visible:bg-white dlm-no-xhr-download\"\n\t\t\thref=\"https:\/\/www.iaff.org\/wp-content\/uploads\/Toolkits\/Fire_Fighter_Safety\/Fact_sheets\/1059_nist_REPORT_residential_Fact_Sheet3.pdf\"\n\t\trel=\"noopener\"\n\t\ttarget=\"_blank\"\n\t>\n\t<div>\n\t\t<svg xmlns=\"http:\/\/www.w3.org\/2000\/svg\" width=\"40\" height=\"50\" fill=\"none\" viewBox=\"0 0 40 50\"><path stroke=\"#211F21\" stroke-width=\"1.5\" d=\"M2.00173 1.25L1.25 1.24827V2V48V48.75H2H38H38.75V48V8.83235V8.52489L38.5342 8.30591L31.8675 1.5412L31.6479 1.31837L31.3351 1.31765L2.00173 1.25Z\"\/><path fill=\"#211F21\" d=\"M31.3333 8.90662V2.06838L38 8.90662H31.3333Z\"\/><path stroke=\"#E00\" stroke-width=\"1.5\" d=\"M9 14H31\"\/><path stroke=\"#E00\" stroke-width=\"1.5\" d=\"M9 21H31\"\/><path stroke=\"#E00\" stroke-width=\"1.5\" d=\"M9 28H31\"\/><\/svg>\t<\/div>\n\t<div\n\t\tclass=\"underline decoration-transparent transition-colors duration-hover group-hover:decoration-current group-focus:decoration-current break-all\"\n\t>\n\t\tLe rapport du NIST sur les incendies d&#039;immeubles r\u00e9sidentiels\t<\/div>\n<\/a>\n<\/article>\n\n\n<article\n\t class=\"documents-card-media iaff-documents-card iaff-documents-card-download align wp-block-acf-documents-card-media\" id=\"documents-card-media_block_e1bf2b02b14edfd71619e37ade8efee3\">\n\t<a\n\tclass=\"group text-body-500 no-underline flex gap-5 h-full bg-transparent hocus-visible:bg-white dlm-no-xhr-download\"\n\t\t\thref=\"https:\/\/www.iaff.org\/wp-content\/uploads\/Toolkits\/Fire_Fighter_Safety\/Fact_sheets\/28509_FGFE-Fact-Sheet-4.pdf\"\n\t\trel=\"noopener\"\n\t\ttarget=\"_blank\"\n\t>\n\t<div>\n\t\t<svg xmlns=\"http:\/\/www.w3.org\/2000\/svg\" width=\"40\" height=\"50\" fill=\"none\" viewBox=\"0 0 40 50\"><path stroke=\"#211F21\" stroke-width=\"1.5\" d=\"M2.00173 1.25L1.25 1.24827V2V48V48.75H2H38H38.75V48V8.83235V8.52489L38.5342 8.30591L31.8675 1.5412L31.6479 1.31837L31.3351 1.31765L2.00173 1.25Z\"\/><path fill=\"#211F21\" d=\"M31.3333 8.90662V2.06838L38 8.90662H31.3333Z\"\/><path stroke=\"#E00\" stroke-width=\"1.5\" d=\"M9 14H31\"\/><path stroke=\"#E00\" stroke-width=\"1.5\" d=\"M9 21H31\"\/><path stroke=\"#E00\" stroke-width=\"1.5\" d=\"M9 28H31\"\/><\/svg>\t<\/div>\n\t<div\n\t\tclass=\"underline decoration-transparent transition-colors duration-hover group-hover:decoration-current group-focus:decoration-current break-all\"\n\t>\n\t\tQuelle est la relation entre la taille de l\u2019\u00e9quipe de pompiers et l\u2019exposition des occupants aux toxines\t<\/div>\n<\/a>\n<\/article>\n\n\n<article\n\t class=\"documents-card-media iaff-documents-card iaff-documents-card-download align wp-block-acf-documents-card-media\" id=\"documents-card-media_block_f7ba644beb71ec0077127c9d1a390655\">\n\t<a\n\tclass=\"group text-body-500 no-underline flex gap-5 h-full bg-transparent hocus-visible:bg-white dlm-no-xhr-download\"\n\t\t\thref=\"https:\/\/www.iaff.org\/wp-content\/uploads\/Toolkits\/Fire_Fighter_Safety\/Fact_sheets\/1061_nist_factsheet_crewsize_time.pdf\"\n\t\trel=\"noopener\"\n\t\ttarget=\"_blank\"\n\t>\n\t<div>\n\t\t<svg xmlns=\"http:\/\/www.w3.org\/2000\/svg\" width=\"40\" height=\"50\" fill=\"none\" viewBox=\"0 0 40 50\"><path stroke=\"#211F21\" stroke-width=\"1.5\" d=\"M2.00173 1.25L1.25 1.24827V2V48V48.75H2H38H38.75V48V8.83235V8.52489L38.5342 8.30591L31.8675 1.5412L31.6479 1.31837L31.3351 1.31765L2.00173 1.25Z\"\/><path fill=\"#211F21\" d=\"M31.3333 8.90662V2.06838L38 8.90662H31.3333Z\"\/><path stroke=\"#E00\" stroke-width=\"1.5\" d=\"M9 14H31\"\/><path stroke=\"#E00\" stroke-width=\"1.5\" d=\"M9 21H31\"\/><path stroke=\"#E00\" stroke-width=\"1.5\" d=\"M9 28H31\"\/><\/svg>\t<\/div>\n\t<div\n\t\tclass=\"underline decoration-transparent transition-colors duration-hover group-hover:decoration-current group-focus:decoration-current break-all\"\n\t>\n\t\tL\u2019effet de la taille de l\u2019\u00e9quipe de pompiers sur le temps n\u00e9cessaire \u00e0 l\u2019ex\u00e9cution des t\u00e2ches essentielles de lutte contre l\u2019incendie\t<\/div>\n<\/a>\n<\/article>\n\n\n<article\n\t class=\"documents-card-media iaff-documents-card iaff-documents-card-download align wp-block-acf-documents-card-media\" id=\"documents-card-media_block_91fe8398cc8a2ed5b33428aff450605f\">\n\t<a\n\tclass=\"group text-body-500 no-underline flex gap-5 h-full bg-transparent hocus-visible:bg-white dlm-no-xhr-download\"\n\t\t\thref=\"https:\/\/www.iaff.org\/wp-content\/uploads\/Toolkits\/Fire_Fighter_Safety\/Fact_sheets\/1063_NIST_factsheet_crewsize_physiology.pdf\"\n\t\trel=\"noopener\"\n\t\ttarget=\"_blank\"\n\t>\n\t<div>\n\t\t<svg xmlns=\"http:\/\/www.w3.org\/2000\/svg\" width=\"40\" height=\"50\" fill=\"none\" viewBox=\"0 0 40 50\"><path stroke=\"#211F21\" stroke-width=\"1.5\" d=\"M2.00173 1.25L1.25 1.24827V2V48V48.75H2H38H38.75V48V8.83235V8.52489L38.5342 8.30591L31.8675 1.5412L31.6479 1.31837L31.3351 1.31765L2.00173 1.25Z\"\/><path fill=\"#211F21\" d=\"M31.3333 8.90662V2.06838L38 8.90662H31.3333Z\"\/><path stroke=\"#E00\" stroke-width=\"1.5\" d=\"M9 14H31\"\/><path stroke=\"#E00\" stroke-width=\"1.5\" d=\"M9 21H31\"\/><path stroke=\"#E00\" stroke-width=\"1.5\" d=\"M9 28H31\"\/><\/svg>\t<\/div>\n\t<div\n\t\tclass=\"underline decoration-transparent transition-colors duration-hover group-hover:decoration-current group-focus:decoration-current break-all\"\n\t>\n\t\tEffets physiologiques de la taille de l\u2019\u00e9quipe\t<\/div>\n<\/a>\n<\/article>\n\n\n<article\n\t class=\"documents-card-media iaff-documents-card iaff-documents-card-download align wp-block-acf-documents-card-media\" id=\"documents-card-media_block_3899a9136d2d078bc81684acb4ed0b54\">\n\t<a\n\tclass=\"group text-body-500 no-underline flex gap-5 h-full bg-transparent hocus-visible:bg-white dlm-no-xhr-download\"\n\t\t\thref=\"https:\/\/www.iaff.org\/wp-content\/uploads\/Toolkits\/Fire_Fighter_Safety\/Fact_sheets\/1064_NIST-crewsize-water.pdf\"\n\t\trel=\"noopener\"\n\t\ttarget=\"_blank\"\n\t>\n\t<div>\n\t\t<svg xmlns=\"http:\/\/www.w3.org\/2000\/svg\" width=\"40\" height=\"50\" fill=\"none\" viewBox=\"0 0 40 50\"><path stroke=\"#211F21\" stroke-width=\"1.5\" d=\"M2.00173 1.25L1.25 1.24827V2V48V48.75H2H38H38.75V48V8.83235V8.52489L38.5342 8.30591L31.8675 1.5412L31.6479 1.31837L31.3351 1.31765L2.00173 1.25Z\"\/><path fill=\"#211F21\" d=\"M31.3333 8.90662V2.06838L38 8.90662H31.3333Z\"\/><path stroke=\"#E00\" stroke-width=\"1.5\" d=\"M9 14H31\"\/><path stroke=\"#E00\" stroke-width=\"1.5\" d=\"M9 21H31\"\/><path stroke=\"#E00\" stroke-width=\"1.5\" d=\"M9 28H31\"\/><\/svg>\t<\/div>\n\t<div\n\t\tclass=\"underline decoration-transparent transition-colors duration-hover group-hover:decoration-current group-focus:decoration-current break-all\"\n\t>\n\t\tComment la taille de l\u2019\u00e9quipe affecte-t-elle le temps n\u00e9cessaire pour arroser un feu ?\t<\/div>\n<\/a>\n<\/article>\n\n<\/div>\t<\/div>\n<\/section>\n\n<\/div><\/section>\n<\/div>\n\n<figure class=\"wp-block-gallery has-nested-images columns-7 wp-block-gallery-1 is-layout-flex wp-block-gallery-is-layout-flex\">\n<figure class=\"wp-block-image aligncenter size-large\"><a href=\"https:\/\/www.firereporting.org\/\" target=\"_blank\" rel=\"noreferrer noopener\"><img decoding=\"async\" width=\"57\" height=\"90\" data-id=\"27356\" src=\"https:\/\/www.iaff.org\/wp-content\/uploads\/Toolkits\/Fire_Fighter_Safety\/Fact_sheets\/9152_footer_1_FFSD_logo.jpg\" alt=\"\" class=\"wp-image-27356\"\/><\/a><\/figure>\n\n\n\n<figure class=\"wp-block-image size-large\"><a href=\"https:\/\/www.wpi.edu\/\" target=\"_blank\" rel=\"noreferrer noopener\"><img decoding=\"async\" width=\"75\" height=\"27\" data-id=\"27358\" src=\"https:\/\/www.iaff.org\/wp-content\/uploads\/Toolkits\/Fire_Fighter_Safety\/Fact_sheets\/9153_footer_2_wpi_logo.jpg\" alt=\"\" class=\"wp-image-27358\"\/><\/a><\/figure>\n\n\n\n<figure class=\"wp-block-image size-large\"><a href=\"https:\/\/www.iafc.org\/\" target=\"_blank\" rel=\"noreferrer noopener\"><img decoding=\"async\" width=\"50\" height=\"55\" data-id=\"27360\" src=\"https:\/\/www.iaff.org\/wp-content\/uploads\/Toolkits\/Fire_Fighter_Safety\/Fact_sheets\/9154_footer_3_iafc_logo.jpg\" alt=\"\" class=\"wp-image-27360\"\/><\/a><\/figure>\n\n\n\n<figure class=\"wp-block-image size-thumbnail iaff-sm\"><a href=\"https:\/\/www.iaff.org\/fr-ca\/\" target=\"_blank\" rel=\"noreferrer noopener\"><img decoding=\"async\" width=\"150\" height=\"150\" data-id=\"62037\" src=\"https:\/\/www.iaff.org\/wp-content\/uploads\/2024\/02\/iaff-logo-fullcolor-Print-2-150x150.png\" alt=\"\" class=\"wp-image-62037\" srcset=\"https:\/\/www.iaff.org\/wp-content\/uploads\/2024\/02\/iaff-logo-fullcolor-Print-2-150x150.png 150w, https:\/\/www.iaff.org\/wp-content\/uploads\/2024\/02\/iaff-logo-fullcolor-Print-2-300x300.png 300w, https:\/\/www.iaff.org\/wp-content\/uploads\/2024\/02\/iaff-logo-fullcolor-Print-2-1024x1024.png 1024w, https:\/\/www.iaff.org\/wp-content\/uploads\/2024\/02\/iaff-logo-fullcolor-Print-2-768x768.png 768w, https:\/\/www.iaff.org\/wp-content\/uploads\/2024\/02\/iaff-logo-fullcolor-Print-2-1536x1536.png 1536w, https:\/\/www.iaff.org\/wp-content\/uploads\/2024\/02\/iaff-logo-fullcolor-Print-2-240x240.png 240w, https:\/\/www.iaff.org\/wp-content\/uploads\/2024\/02\/iaff-logo-fullcolor-Print-2-800x800.png 800w, https:\/\/www.iaff.org\/wp-content\/uploads\/2024\/02\/iaff-logo-fullcolor-Print-2-810x810.png 810w, https:\/\/www.iaff.org\/wp-content\/uploads\/2024\/02\/iaff-logo-fullcolor-Print-2.png 1678w\" sizes=\"(max-width: 150px) 100vw, 150px\" \/><\/a><\/figure>\n\n\n\n<figure class=\"wp-block-image size-large\"><a href=\"https:\/\/www.nist.gov\/\" target=\"_blank\" rel=\"noreferrer noopener\"><img decoding=\"async\" width=\"75\" height=\"20\" data-id=\"27364\" src=\"https:\/\/www.iaff.org\/wp-content\/uploads\/Toolkits\/Fire_Fighter_Safety\/Fact_sheets\/9156_footer_5_nist_logo.jpg\" alt=\"\" class=\"wp-image-27364\"\/><\/a><\/figure>\n\n\n\n<figure class=\"wp-block-image size-large\"><a href=\"https:\/\/publicsafetyexcellence.org\/\" target=\"_blank\" rel=\"noreferrer noopener\"><img decoding=\"async\" width=\"40\" height=\"50\" data-id=\"27366\" src=\"https:\/\/www.iaff.org\/wp-content\/uploads\/Toolkits\/Fire_Fighter_Safety\/Fact_sheets\/9157_footer_6_cfai_logo.jpg\" alt=\"\" class=\"wp-image-27366\"\/><\/a><\/figure>\n\n\n\n<figure class=\"wp-block-image size-large\"><a href=\"https:\/\/www.urban.org\/\" target=\"_blank\" rel=\"noreferrer noopener\"><img decoding=\"async\" width=\"115\" height=\"40\" data-id=\"27368\" src=\"https:\/\/www.iaff.org\/wp-content\/uploads\/Toolkits\/Fire_Fighter_Safety\/Fact_sheets\/9158_footer_7_urban_institute_logo.jpg\" alt=\"\" class=\"wp-image-27368\"\/><\/a><\/figure>\n<\/figure>\n\n<style>figure.wp-block-image {\n    align-items: center;\n    margin-bottom: 0 !important;\n}\nfigure.wp-block-gallery {\n    align-items: center!important;\n}\nfigure.wp-block-gallery a {cursor: pointer;}\n.iaff-sm img {\nwidth: 60px!important;\nheight: auto;\n}\n<\/style>\n","protected":false},"excerpt":{"rendered":"","protected":false},"featured_media":0,"parent":77574,"menu_order":0,"comment_status":"closed","ping_status":"closed","template":"","meta":{"_acf_changed":false,"_searchwp_excluded":"","inline_featured_image":false,"_EventAllDay":false,"_EventTimezone":"","_EventStartDate":"","_EventEndDate":"","_EventStartDateUTC":"","_EventEndDateUTC":"","_EventShowMap":false,"_EventShowMapLink":false,"_EventURL":"","_EventCost":"","_EventCostDescription":"","_EventCurrencySymbol":"","_EventCurrencyCode":"","_EventCurrencyPosition":"","_EventDateTimeSeparator":"","_EventTimeRangeSeparator":"","_EventOrganizerID":[],"_EventVenueID":[],"_OrganizerEmail":"","_OrganizerPhone":"","_OrganizerWebsite":"","_VenueAddress":"","_VenueCity":"","_VenueCountry":"","_VenueProvince":"","_VenueState":"","_VenueZip":"","_VenuePhone":"","_VenueURL":"","_VenueStateProvince":"","_VenueLat":"","_VenueLng":"","_VenueShowMap":false,"_VenueShowMapLink":false,"footnotes":""},"class_list":["post-71571","page","type-page","status-publish","hentry"],"acf":[],"publishpress_future_workflow_manual_trigger":{"enabledWorkflows":[]},"_links":{"self":[{"href":"https:\/\/www.iaff.org\/fr-ca\/wp-json\/wp\/v2\/pages\/71571","targetHints":{"allow":["GET"]}}],"collection":[{"href":"https:\/\/www.iaff.org\/fr-ca\/wp-json\/wp\/v2\/pages"}],"about":[{"href":"https:\/\/www.iaff.org\/fr-ca\/wp-json\/wp\/v2\/types\/page"}],"author":[{"embeddable":true,"href":"https:\/\/www.iaff.org\/fr-ca\/wp-json\/wp\/v2\/users\/3"}],"replies":[{"embeddable":true,"href":"https:\/\/www.iaff.org\/fr-ca\/wp-json\/wp\/v2\/comments?post=71571"}],"version-history":[{"count":0,"href":"https:\/\/www.iaff.org\/fr-ca\/wp-json\/wp\/v2\/pages\/71571\/revisions"}],"up":[{"embeddable":true,"href":"https:\/\/www.iaff.org\/fr-ca\/wp-json\/wp\/v2\/pages\/77574"}],"wp:attachment":[{"href":"https:\/\/www.iaff.org\/fr-ca\/wp-json\/wp\/v2\/media?parent=71571"}],"curies":[{"name":"wp","href":"https:\/\/api.w.org\/{rel}","templated":true}]}}